{"id":2320,"date":"2023-08-22T13:37:17","date_gmt":"2023-08-22T05:37:17","guid":{"rendered":"https:\/\/mlkjlasers.com\/?page_id=2320"},"modified":"2023-08-22T13:41:17","modified_gmt":"2023-08-22T05:41:17","slug":"privacy-policy","status":"publish","type":"page","link":"https:\/\/www.mlkjlasers.com\/de\/privacy-policy\/","title":{"rendered":"Datenschutzerkl\u00e4rung"},"content":{"rendered":"<div data-elementor-type=\"wp-page\" data-elementor-id=\"2320\" class=\"elementor elementor-2320\" data-elementor-post-type=\"page\">\n\t\t\t\t\t\t<section class=\"elementor-section elementor-top-section elementor-element elementor-element-777b5a7 elementor-section-boxed elementor-section-height-default elementor-section-height-default\" data-id=\"777b5a7\" data-element_type=\"section\">\n\t\t\t\t\t\t<div class=\"elementor-container elementor-column-gap-default\">\n\t\t\t\t\t<div class=\"elementor-column elementor-col-100 elementor-top-column elementor-element elementor-element-e53dd6c\" data-id=\"e53dd6c\" data-element_type=\"column\">\n\t\t\t<div class=\"elementor-widget-wrap elementor-element-populated\">\n\t\t\t\t\t\t<div class=\"elementor-element elementor-element-6f21634 elementor-widget elementor-widget-text-editor\" data-id=\"6f21634\" data-element_type=\"widget\" data-widget_type=\"text-editor.default\">\n\t\t\t\t<div class=\"elementor-widget-container\">\n\t\t\t\t\t\t\t\t\t<p><span style=\"font-size: 14pt\"><strong>1. Welche Informationen sammeln wir?<\/strong><\/span><br \/><span style=\"font-size: 14pt\">Sammeln Sie den Kunden&#8217; Name, Kontaktdaten, Arbeitsinhalt, Waren, die Sie in naher Zukunft kaufen m\u00f6chten, usw.<\/span><\/p><p><span style=\"font-size: 14pt\"><strong>2. Wie verwenden wir diese Informationen?<\/strong><\/span><br \/><span style=\"font-size: 14pt\">\u00a0Wir halten uns strikt an Gesetze und Vorschriften und Vereinbarungen mit Nutzern und verwenden die gesammelten Informationen f\u00fcr die folgenden Zwecke. Wenn wir Ihre Informationen f\u00fcr mehr als die folgenden Zwecke verwenden, erkl\u00e4ren wir Ihnen diese erneut und erhalten Ihre Einwilligung.<\/span><br \/><span style=\"font-size: 14pt\">Bereitstellen Sie Dienstleistungen, die Ihren pers\u00f6nlichen Bed\u00fcrfnissen entsprechen, wie z. B. Spracheinstellungen, Standorteinstellungen und personalisierte Hilfsdienste. Die Sicherheitsabteilung empfiehlt Werbung, Informationen usw. Sie k\u00f6nnten daran interessiert sein, die Wirksamkeit unserer Werbung und anderer Werbeaktivit\u00e4ten zu bewerten und zu verbessern. Bitte nehmen Sie an der Umfrage zu unseren Dienstleistungen teil.<\/span><\/p><p><span style=\"font-size: 14pt\"><strong>Werden wir diese Informationen mit Franchisenehmern oder Dritten teilen?<\/strong><\/span><br \/><span style=\"font-size: 14pt\">Wir respektieren Ihre Privatsph\u00e4re und den Zweck, f\u00fcr den Besucher unserer Website uns Informationen zur Verf\u00fcgung stellen. Wir werden keine gesammelten Informationen an Dritte weitergeben, verkaufen oder vermieten, und wir werden dies in Zukunft nicht tun.<\/span><br \/><span style=\"font-size: 14pt\">Wenn Sie uns Informationen anfordern oder \u00fcbermitteln, indem Sie eine E-Mail senden oder das Kontaktformular \u00fcber &#8220; Senden Sie an:&#8221; Funktion, k\u00f6nnen wir Ihre E-Mail-Adresse und alle anderen Informationen speichern, die Sie zur Verf\u00fcgung stellen k\u00f6nnen. Diese Informationen k\u00f6nnen in Zukunft verwendet werden, um Sie per E-Mail, E-Mail oder Telefon zu kontaktieren, um Informationen \u00fcber L\u00f6sungen oder Dienstleistungen zu \u00fcbermitteln, von denen wir glauben, dass sie f\u00fcr Sie von Vorteil sein k\u00f6nnten. Die E-Mail und andere Informationen, die Sie zur Verf\u00fcgung stellen, werden nicht an Dritte verkauft.<\/span><\/p><p><span style=\"font-size: 14pt\"><strong>4. K\u00f6nnen Kunden die Informationen sehen oder l\u00f6schen, die wir sammeln?<\/strong><\/span><br \/><span style=\"font-size: 14pt\">Wir bieten Ihnen bequeme Informationsverwaltungsm\u00f6glichkeiten, damit Sie geeignete Entscheidungen treffen und Ihre pers\u00f6nlichen Daten verwalten k\u00f6nnen. Wir halten uns strikt an Gesetze und Vorschriften, um Ihre Kommunikationsgeheimnisse zu sch\u00fctzen und Ihnen sichere Kommunikationsdienste zu bieten.<\/span><\/p><p><span style=\"font-size: 14pt\"><strong>5. Beantwortung rechtlicher Anfragen<\/strong><\/span><br \/><span style=\"font-size: 14pt\">(1) Aus Sicherheitsgr\u00fcnden m\u00fcssen Sie m\u00f6glicherweise einen Nachweis Ihrer Identit\u00e4t stellen. Wir k\u00f6nnen Sie bitten, Ihre Identit\u00e4t zu \u00fcberpr\u00fcfen, bevor wir Ihre Anfrage bearbeiten.<\/span><br \/><span style=\"font-size: 14pt\">(2) Wir antworten innerhalb von 30 Tagen. Wenn Sie nicht zufrieden sind, k\u00f6nnen Sie auch eine Beschwerde \u00fcber die Kundenservice-Kontaktdaten dieser Datenschutzrichtlinie einleiten.<\/span><br \/><span style=\"font-size: 14pt\">(3) Wir werden in folgenden F\u00e4llen nicht in der Lage sein, auf Ihre Anfrage gem\u00e4\u00df Gesetzen und Vorschriften zu antworten:<\/span><br \/><span style=\"font-size: 14pt\">* im Zusammenhang mit der nationalen Sicherheit und der nationalen Verteidigungssicherheit;<\/span><br \/><span style=\"font-size: 14pt\">* im Zusammenhang mit \u00f6ffentlicher Sicherheit, \u00f6ffentlicher Gesundheit und wichtigen \u00f6ffentlichen Interessen;<\/span><br \/><span style=\"font-size: 14pt\">* im Zusammenhang mit strafrechtlichen Ermittlungen, Strafverfolgung, Prozess und Vollstreckung von Urteilen;<\/span><br \/><span style=\"font-size: 14pt\">* Es gibt ausreichende Beweise daf\u00fcr, dass das Subjekt der personenbezogenen Daten eine subjektive Bosheit oder einen Missbrauch von Rechten hat;<\/span><br \/><span style=\"font-size: 14pt\">Die Beantwortung Ihrer Anfrage wird ernsthafte Sch\u00e4den an den berechtigten Rechten und Interessen von Ihnen oder anderen Personen und Organisationen verursachen;<\/span><br \/><span style=\"font-size: 14pt\">* Handelsgeheimnisse.<\/span><\/p><p><span style=\"font-size: 14pt\"><strong>Wie benachrichtigen wir Sie, wenn wir unsere Datenschutzpraktiken \u00e4ndern?<\/strong><\/span><br \/><span style=\"font-size: 14pt\">Wenn solche \u00c4nderungen zu einer wesentlichen Abweichung Ihrer Rechte gem\u00e4\u00df dieser Richtlinie f\u00fchren, werden wir Sie \u00fcber die \u00c4nderungen durch eine prominente Mitteilung auf der Seite, per E-Mail oder auf anderen Mitteln benachrichtigen, bevor die \u00c4nderungen in Kraft treten. Unter solchen Umst\u00e4nden stimmen Sie durch die weitere Nutzung unserer Dienste zu, an die \u00fcberarbeitete Richtlinie gebunden zu sein.<\/span><\/p><p><span style=\"font-size: 14pt\"><strong>7. Wie k\u00f6nnen Sie uns kontaktieren?<\/strong><\/span><br \/><span style=\"font-size: 14pt\">Wenn Sie Fragen, Kommentare oder Anregungen zu dieser Datenschutzrichtlinie haben, k\u00f6nnen Sie uns unter\u00a0<\/span><br \/><span style=\"font-size: 14pt\">Email: sale@mingliangkj.com\u00a0<\/span><br \/><span style=\"font-size: 14pt\">Nummer: 8615965364558 (WhatsApp gleiche Nummer), etc.<\/span><\/p><p><span style=\"font-size: 14pt\"><strong>8.Wann tritt die Datenschutzrichtlinie in Kraft?<\/strong><\/span><br \/><span style=\"font-size: 14pt\">Die angepassten oder ge\u00e4nderten Inhalte treten 1 Tag nach Bekanntmachung oder Ver\u00f6ffentlichung in Kraft. Wenn Sie nach der Anpassung oder \u00c4nderung der Datenschutzrichtlinie weiterhin einen unserer Dienste nutzen oder unsere relevanten Websites besuchen, sind wir der Ansicht, dass dies bedeutet, dass Sie die \u00fcberarbeitete Datenschutzrichtlinie vollst\u00e4ndig gelesen, verstanden und akzeptiert haben und an sie gebunden sind.<\/span><\/p>\t\t\t\t\t\t\t\t<\/div>\n\t\t\t\t<\/div>\n\t\t\t\t\t<\/div>\n\t\t<\/div>\n\t\t\t\t\t<\/div>\n\t\t<\/section>\n\t\t\t\t<\/div>","protected":false},"excerpt":{"rendered":"<p>1. Welche Informationen sammeln wir? Sammeln Sie den Kunden&#8217; Name, Kontaktdaten, Arbeitsinhalt, Waren, die Sie in naher Zukunft kaufen m\u00f6chten, usw. 2. Wie verwenden wir diese Informationen? Wir halten uns strikt an Gesetze und Vorschriften und Vereinbarungen mit Nutzern und verwenden die gesammelten Informationen f\u00fcr die folgenden Zwecke. Wenn wir Ihre Informationen f\u00fcr mehr als [&hellip;]<\/p>","protected":false},"author":167,"featured_media":0,"parent":0,"menu_order":11,"comment_status":"closed","ping_status":"closed","template":"elementor_header_footer","meta":{"footnotes":""},"class_list":["post-2320","page","type-page","status-publish","hentry"],"_links":{"self":[{"href":"https:\/\/www.mlkjlasers.com\/de\/wp-json\/wp\/v2\/pages\/2320","targetHints":{"allow":["GET"]}}],"collection":[{"href":"https:\/\/www.mlkjlasers.com\/de\/wp-json\/wp\/v2\/pages"}],"about":[{"href":"https:\/\/www.mlkjlasers.com\/de\/wp-json\/wp\/v2\/types\/page"}],"author":[{"embeddable":true,"href":"https:\/\/www.mlkjlasers.com\/de\/wp-json\/wp\/v2\/users\/167"}],"replies":[{"embeddable":true,"href":"https:\/\/www.mlkjlasers.com\/de\/wp-json\/wp\/v2\/comments?post=2320"}],"version-history":[{"count":7,"href":"https:\/\/www.mlkjlasers.com\/de\/wp-json\/wp\/v2\/pages\/2320\/revisions"}],"predecessor-version":[{"id":2328,"href":"https:\/\/www.mlkjlasers.com\/de\/wp-json\/wp\/v2\/pages\/2320\/revisions\/2328"}],"wp:attachment":[{"href":"https:\/\/www.mlkjlasers.com\/de\/wp-json\/wp\/v2\/media?parent=2320"}],"curies":[{"name":"wp","href":"https:\/\/api.w.org\/{rel}","templated":true}]}}