{"id":1866,"date":"2023-07-22T11:59:32","date_gmt":"2023-07-22T03:59:32","guid":{"rendered":"https:\/\/mlkjlasers.com\/?post_type=product&#038;p=1866"},"modified":"2026-01-27T09:57:11","modified_gmt":"2026-01-27T01:57:11","slug":"nd-yag-laser-tattoo-removal-2","status":"publish","type":"product","link":"https:\/\/www.mlkjlasers.com\/de\/product\/nd-yag-laser-tattoo-removal-2\/","title":{"rendered":"Medizinische klinische 1064 532 755nm Q-geschaltete nd yag Laser picosecond tragbare Laser-Tattoo-Entfernungsmaschine"},"content":{"rendered":"<div class=\"se4_tit\" style=\"text-align: left;\">\n<div class=\"l right\">\n<p><img fetchpriority=\"high\" decoding=\"async\" class=\"aligncenter size-full wp-image-3641\" src=\"https:\/\/www.mlkjlasers.com\/wp-content\/uploads\/2026\/01\/\u5c0f\u76ae\u79d2\u8be6\u60c5\u9875\u5207\u56fe-4.jpg\" alt=\"\" width=\"1920\" height=\"1080\" srcset=\"https:\/\/www.mlkjlasers.com\/wp-content\/uploads\/2026\/01\/\u5c0f\u76ae\u79d2\u8be6\u60c5\u9875\u5207\u56fe-4.jpg 1920w, https:\/\/www.mlkjlasers.com\/wp-content\/uploads\/2026\/01\/\u5c0f\u76ae\u79d2\u8be6\u60c5\u9875\u5207\u56fe-4-300x169.jpg 300w, https:\/\/www.mlkjlasers.com\/wp-content\/uploads\/2026\/01\/\u5c0f\u76ae\u79d2\u8be6\u60c5\u9875\u5207\u56fe-4-1024x576.jpg 1024w, https:\/\/www.mlkjlasers.com\/wp-content\/uploads\/2026\/01\/\u5c0f\u76ae\u79d2\u8be6\u60c5\u9875\u5207\u56fe-4-768x432.jpg 768w, https:\/\/www.mlkjlasers.com\/wp-content\/uploads\/2026\/01\/\u5c0f\u76ae\u79d2\u8be6\u60c5\u9875\u5207\u56fe-4-1536x864.jpg 1536w, https:\/\/www.mlkjlasers.com\/wp-content\/uploads\/2026\/01\/\u5c0f\u76ae\u79d2\u8be6\u60c5\u9875\u5207\u56fe-4-600x338.jpg 600w\" sizes=\"(max-width: 1920px) 100vw, 1920px\" \/><\/p>\n<\/div>\n<\/div>\n<div class=\"des2\" style=\"text-align: left;\">\n<div class=\"des_box1\">\n<p><strong><span style=\"font-family: helvetica, arial, sans-serif; font-size: 14pt;\">Pikosekundenlaserausr\u00fcstung mit 6 Behandlungsk\u00f6pfen: fest 1064&amp; 532nm, 1320nm, 755nm und verstellbare 1064&amp; 532 nm<\/span><\/strong><br \/>\n<span style=\"font-family: helvetica, arial, sans-serif; font-size: 14pt;\">* 1064nm f\u00fcr Entfernen schwarze, blaue, cyan Farbe Tattoo auf Augenbrauen, Lippenlinie, Arm und anderen K\u00f6rperteil.<\/span><br \/>\n<span style=\"font-family: helvetica, arial, sans-serif; font-size: 14pt;\">* 532nm f\u00fcr Entfernen rote, Kaffee, braune Farbe Tattoo auf Augenbrauen, Lippenlinie, Arm und anderen K\u00f6rperteil.<\/span><br \/>\n<span style=\"font-family: helvetica, arial, sans-serif; font-size: 14pt;\">* Verstellbar 1064 &amp; amp; 532nm f\u00fcr gro\u00dfe Acra Tattoo Entfernung.<\/span><br \/>\n<span style=\"font-family: helvetica, arial, sans-serif; font-size: 14pt;\">* 755nm f\u00fcr gelbe Hautentfernung.<\/span><br \/>\n<span style=\"font-family: helvetica, arial, sans-serif; font-size: 14pt;\">* 1320nm f\u00fcr schwarze Puppe, Hautverj\u00fcngung und Aufwei\u00dfung.<\/span><\/p>\n<\/div>\n<p><span style=\"font-size: 14pt;\"><img decoding=\"async\" class=\"aligncenter size-full wp-image-3638\" src=\"https:\/\/www.mlkjlasers.com\/wp-content\/uploads\/2026\/01\/\u5c0f\u76ae\u79d2\u8be6\u60c5\u9875\u5207\u56fe-1.jpg\" alt=\"\" width=\"1920\" height=\"1080\" srcset=\"https:\/\/www.mlkjlasers.com\/wp-content\/uploads\/2026\/01\/\u5c0f\u76ae\u79d2\u8be6\u60c5\u9875\u5207\u56fe-1.jpg 1920w, https:\/\/www.mlkjlasers.com\/wp-content\/uploads\/2026\/01\/\u5c0f\u76ae\u79d2\u8be6\u60c5\u9875\u5207\u56fe-1-300x169.jpg 300w, https:\/\/www.mlkjlasers.com\/wp-content\/uploads\/2026\/01\/\u5c0f\u76ae\u79d2\u8be6\u60c5\u9875\u5207\u56fe-1-1024x576.jpg 1024w, https:\/\/www.mlkjlasers.com\/wp-content\/uploads\/2026\/01\/\u5c0f\u76ae\u79d2\u8be6\u60c5\u9875\u5207\u56fe-1-768x432.jpg 768w, https:\/\/www.mlkjlasers.com\/wp-content\/uploads\/2026\/01\/\u5c0f\u76ae\u79d2\u8be6\u60c5\u9875\u5207\u56fe-1-1536x864.jpg 1536w, https:\/\/www.mlkjlasers.com\/wp-content\/uploads\/2026\/01\/\u5c0f\u76ae\u79d2\u8be6\u60c5\u9875\u5207\u56fe-1-600x338.jpg 600w\" sizes=\"(max-width: 1920px) 100vw, 1920px\" \/><\/span><\/p>\n<\/div>\n<div class=\"des2\" style=\"text-align: left;\">\n<p><span style=\"font-family: helvetica, arial, sans-serif; font-size: 14pt;\"><strong>Technische Merkmale Picosencond Laser:<\/strong><\/span><\/p>\n<p><span style=\"font-family: helvetica, arial, sans-serif; font-size: 14pt;\">1) Keine Verletzung der Haut und des Haarfollikels; Keine Gefahr von Narben.<\/span><br \/>\n<span style=\"font-family: helvetica, arial, sans-serif; font-size: 14pt;\">2) Sofortiges Strahlen hoher Lasertechnologie, internationaler Standard der Produktion, technischer Test streng.<\/span><br \/>\n<span style=\"font-family: helvetica, arial, sans-serif; font-size: 14pt;\">3) Schmerzlose Behandlung, wenige Nebenwirkung.<\/span><br \/>\n<span style=\"font-family: helvetica, arial, sans-serif; font-size: 14pt;\">4) Picosecond Laser verwenden kristallbindende Laserstange, mit langer Lebensdauer mehr als 1 Million.<\/span><br \/>\n<span style=\"font-family: helvetica, arial, sans-serif; font-size: 14pt;\">5) 500W DZ-Leistung, 2 Kondensatoren, maximale Energie kann 2000mj erreichen.<\/span><br \/>\n<span style=\"font-family: helvetica, arial, sans-serif; font-size: 14pt;\">6) 2 Jahre Garantie f\u00fcr Maschine, 1 Jahr f\u00fcr Griff.<\/span><\/p>\n<p><span style=\"font-size: 14pt;\"><img decoding=\"async\" class=\"aligncenter size-full wp-image-3645\" src=\"https:\/\/www.mlkjlasers.com\/wp-content\/uploads\/2026\/01\/\u5c0f\u76ae\u79d2\u8be6\u60c5\u9875\u5207\u56fe-9.jpg\" alt=\"\" width=\"1920\" height=\"1080\" srcset=\"https:\/\/www.mlkjlasers.com\/wp-content\/uploads\/2026\/01\/\u5c0f\u76ae\u79d2\u8be6\u60c5\u9875\u5207\u56fe-9.jpg 1920w, https:\/\/www.mlkjlasers.com\/wp-content\/uploads\/2026\/01\/\u5c0f\u76ae\u79d2\u8be6\u60c5\u9875\u5207\u56fe-9-300x169.jpg 300w, https:\/\/www.mlkjlasers.com\/wp-content\/uploads\/2026\/01\/\u5c0f\u76ae\u79d2\u8be6\u60c5\u9875\u5207\u56fe-9-1024x576.jpg 1024w, https:\/\/www.mlkjlasers.com\/wp-content\/uploads\/2026\/01\/\u5c0f\u76ae\u79d2\u8be6\u60c5\u9875\u5207\u56fe-9-768x432.jpg 768w, https:\/\/www.mlkjlasers.com\/wp-content\/uploads\/2026\/01\/\u5c0f\u76ae\u79d2\u8be6\u60c5\u9875\u5207\u56fe-9-1536x864.jpg 1536w, https:\/\/www.mlkjlasers.com\/wp-content\/uploads\/2026\/01\/\u5c0f\u76ae\u79d2\u8be6\u60c5\u9875\u5207\u56fe-9-600x338.jpg 600w\" sizes=\"(max-width: 1920px) 100vw, 1920px\" \/><\/span><\/p>\n<p><span style=\"font-size: 14pt; font-family: helvetica, arial, sans-serif;\"><strong>Anwendung des Pikosekundenlasers:<\/strong><\/span><\/p>\n<p><span style=\"font-family: helvetica, arial, sans-serif; font-size: 14pt;\">Neueste tragbare Pikosekundenlaser, neben normalen Laserk\u00f6pfen, f\u00fcgt es auch 755nm Pikosekundenlaserk\u00f6pfe hinzu, die mehr Tiefenschicht der Haut bekommen k\u00f6nnen und sehr gute Wirkung f\u00fcr alle Arten von Fregnen haben: wie Chloasma, Alterspigment usw.<\/span><\/p>\n<p><span style=\"font-family: helvetica, arial, sans-serif; font-size: 14pt;\">* 1064nm, 532nm Kopf kann Tattoo Entfernung, Eyeline Entfernung, etc. tun.<\/span><br \/>\n<span style=\"font-family: helvetica, arial, sans-serif; font-size: 14pt;\">* 1320nm kann schwarze Puppenhaut aufwei\u00dfen.<\/span><\/p>\n<div class=\"des_box1\">\n<p><span style=\"font-size: 14pt;\"><img loading=\"lazy\" decoding=\"async\" class=\"aligncenter wp-image-3642\" src=\"https:\/\/www.mlkjlasers.com\/wp-content\/uploads\/2026\/01\/\u5c0f\u76ae\u79d2\u8be6\u60c5\u9875\u5207\u56fe-5.jpg\" alt=\"\" width=\"1920\" height=\"1728\" srcset=\"https:\/\/www.mlkjlasers.com\/wp-content\/uploads\/2026\/01\/\u5c0f\u76ae\u79d2\u8be6\u60c5\u9875\u5207\u56fe-5.jpg 1200w, https:\/\/www.mlkjlasers.com\/wp-content\/uploads\/2026\/01\/\u5c0f\u76ae\u79d2\u8be6\u60c5\u9875\u5207\u56fe-5-300x270.jpg 300w, https:\/\/www.mlkjlasers.com\/wp-content\/uploads\/2026\/01\/\u5c0f\u76ae\u79d2\u8be6\u60c5\u9875\u5207\u56fe-5-1024x922.jpg 1024w, https:\/\/www.mlkjlasers.com\/wp-content\/uploads\/2026\/01\/\u5c0f\u76ae\u79d2\u8be6\u60c5\u9875\u5207\u56fe-5-768x691.jpg 768w, https:\/\/www.mlkjlasers.com\/wp-content\/uploads\/2026\/01\/\u5c0f\u76ae\u79d2\u8be6\u60c5\u9875\u5207\u56fe-5-600x540.jpg 600w\" sizes=\"(max-width: 1920px) 100vw, 1920px\" \/><\/span><\/p>\n<\/div>\n<\/div>\n<div class=\"des2\">\n<div class=\"des_box1\">\n<div class=\"des\">\n<h3 class=\"contents\" style=\"text-align: left;\"><span style=\"font-family: helvetica, arial, sans-serif; font-size: 14pt;\">Vor und nach<\/span><\/h3>\n<div style=\"text-align: left;\"><span style=\"font-family: helvetica, arial, sans-serif; font-size: 14pt;\"> <img loading=\"lazy\" decoding=\"async\" class=\"aligncenter size-full wp-image-3643\" src=\"https:\/\/www.mlkjlasers.com\/wp-content\/uploads\/2026\/01\/\u5c0f\u76ae\u79d2\u8be6\u60c5\u9875\u5207\u56fe-6.jpg\" alt=\"\" width=\"1700\" height=\"1000\" srcset=\"https:\/\/www.mlkjlasers.com\/wp-content\/uploads\/2026\/01\/\u5c0f\u76ae\u79d2\u8be6\u60c5\u9875\u5207\u56fe-6.jpg 1700w, https:\/\/www.mlkjlasers.com\/wp-content\/uploads\/2026\/01\/\u5c0f\u76ae\u79d2\u8be6\u60c5\u9875\u5207\u56fe-6-300x176.jpg 300w, https:\/\/www.mlkjlasers.com\/wp-content\/uploads\/2026\/01\/\u5c0f\u76ae\u79d2\u8be6\u60c5\u9875\u5207\u56fe-6-1024x602.jpg 1024w, https:\/\/www.mlkjlasers.com\/wp-content\/uploads\/2026\/01\/\u5c0f\u76ae\u79d2\u8be6\u60c5\u9875\u5207\u56fe-6-768x452.jpg 768w, https:\/\/www.mlkjlasers.com\/wp-content\/uploads\/2026\/01\/\u5c0f\u76ae\u79d2\u8be6\u60c5\u9875\u5207\u56fe-6-1536x904.jpg 1536w, https:\/\/www.mlkjlasers.com\/wp-content\/uploads\/2026\/01\/\u5c0f\u76ae\u79d2\u8be6\u60c5\u9875\u5207\u56fe-6-600x353.jpg 600w\" sizes=\"(max-width: 1700px) 100vw, 1700px\" \/><\/span><\/div>\n<div>\n<div style=\"text-align: left;\"><span style=\"font-family: helvetica, arial, sans-serif; font-size: 14pt;\"> <img loading=\"lazy\" decoding=\"async\" class=\"aligncenter size-full wp-image-3640\" src=\"https:\/\/www.mlkjlasers.com\/wp-content\/uploads\/2026\/01\/\u5c0f\u76ae\u79d2\u8be6\u60c5\u9875\u5207\u56fe-3.jpg\" alt=\"\" width=\"1920\" height=\"1516\" srcset=\"https:\/\/www.mlkjlasers.com\/wp-content\/uploads\/2026\/01\/\u5c0f\u76ae\u79d2\u8be6\u60c5\u9875\u5207\u56fe-3.jpg 1920w, https:\/\/www.mlkjlasers.com\/wp-content\/uploads\/2026\/01\/\u5c0f\u76ae\u79d2\u8be6\u60c5\u9875\u5207\u56fe-3-300x237.jpg 300w, https:\/\/www.mlkjlasers.com\/wp-content\/uploads\/2026\/01\/\u5c0f\u76ae\u79d2\u8be6\u60c5\u9875\u5207\u56fe-3-1024x809.jpg 1024w, https:\/\/www.mlkjlasers.com\/wp-content\/uploads\/2026\/01\/\u5c0f\u76ae\u79d2\u8be6\u60c5\u9875\u5207\u56fe-3-768x606.jpg 768w, https:\/\/www.mlkjlasers.com\/wp-content\/uploads\/2026\/01\/\u5c0f\u76ae\u79d2\u8be6\u60c5\u9875\u5207\u56fe-3-1536x1213.jpg 1536w, https:\/\/www.mlkjlasers.com\/wp-content\/uploads\/2026\/01\/\u5c0f\u76ae\u79d2\u8be6\u60c5\u9875\u5207\u56fe-3-600x474.jpg 600w\" sizes=\"(max-width: 1920px) 100vw, 1920px\" \/><\/span><\/div>\n<p style=\"text-align: left;\"><span style=\"font-family: helvetica, arial, sans-serif; font-size: 14pt;\"><strong>* Behandlen Sie Hautflecken wie Frecken, Kaffeeflecken, Photoaging-Flecken, Aknemarken und Falten sowie rote und gelbe T\u00e4towierungen<\/strong><\/span><br \/>\n<span style=\"font-family: helvetica, arial, sans-serif; font-size: 14pt;\"><strong>* Behandlen Sie Hautflecken wie braun<\/strong><\/span><br \/>\n<span style=\"font-family: helvetica, arial, sans-serif; font-size: 14pt;\"><strong>* Cyan Nevus, Ota Nevus, Chloasma, Pigmentation, sowie Bleichen und Aufhellen, um Gelb zu entfernen, kann schwarze und blaue T\u00e4towierungen waschen<\/strong><\/span><br \/>\n<span style=\"font-family: helvetica, arial, sans-serif; font-size: 14pt;\"><strong>* Behandlen Sie Akne Gruben, schrumpfen Sie die Poren, straffen Sie die Haut und erreichen Sie die Wirkung der Hautverj\u00fcngung.<\/strong><\/span><\/p>\n<div class=\"des\" style=\"text-align: left;\">\n<div class=\"des_item\">\n<table style=\"border-collapse: collapse; width: 100%; height: 120px;\">\n<tbody>\n<tr style=\"height: 24px;\">\n<td style=\"width: 50%; height: 24px;\"><span style=\"font-family: helvetica, arial, sans-serif; font-size: 14pt;\">Vorteil<\/span><\/td>\n<td style=\"width: 50%; height: 24px;\"><span style=\"font-family: helvetica, arial, sans-serif; font-size: 14pt;\">Sicherheit<\/span><\/td>\n<\/tr>\n<tr style=\"height: 24px;\">\n<td style=\"width: 50%; height: 24px;\"><span style=\"font-family: helvetica, arial, sans-serif; font-size: 14pt;\">Schnell, schmerzlos<\/span><\/td>\n<td style=\"width: 50%; height: 24px;\"><span style=\"font-family: helvetica, arial, sans-serif; font-size: 14pt;\">Niedriger Systemger\u00e4usch<\/span><\/td>\n<\/tr>\n<tr style=\"height: 24px;\">\n<td style=\"width: 50%; height: 24px;\"><span style=\"font-family: helvetica, arial, sans-serif; font-size: 14pt;\">Keine Notwendigkeit f\u00fcr lokale An\u00e4sthesie<\/span><\/td>\n<td style=\"width: 50%; height: 24px;\"><span style=\"font-family: helvetica, arial, sans-serif; font-size: 14pt;\">Reduzierung der Vorbereitungszeit<\/span><\/td>\n<\/tr>\n<tr style=\"height: 24px;\">\n<td style=\"width: 50%; height: 24px;\"><span style=\"font-family: helvetica, arial, sans-serif; font-size: 14pt;\">Erweitern Sie Ihre Patientenbasis<\/span><\/td>\n<td style=\"width: 50%; height: 24px;\"><span style=\"font-family: helvetica, arial, sans-serif; font-size: 14pt;\">Erh\u00f6hen Sie Ihren Gewinn<\/span><\/td>\n<\/tr>\n<tr style=\"height: 24px;\">\n<td style=\"width: 50%; height: 24px;\"><span style=\"font-family: helvetica, arial, sans-serif; font-size: 14pt;\">Geeignet f\u00fcr die Behandlung aller K\u00f6rperteile<\/span><\/td>\n<td style=\"width: 50%; height: 24px;\"><\/td>\n<\/tr>\n<\/tbody>\n<\/table>\n<p><span style=\"font-size: 14pt;\"><img loading=\"lazy\" decoding=\"async\" class=\"aligncenter wp-image-3639\" src=\"https:\/\/www.mlkjlasers.com\/wp-content\/uploads\/2026\/01\/\u5c0f\u76ae\u79d2\u8be6\u60c5\u9875\u5207\u56fe-2.jpg\" alt=\"\" width=\"1920\" height=\"909\" srcset=\"https:\/\/www.mlkjlasers.com\/wp-content\/uploads\/2026\/01\/\u5c0f\u76ae\u79d2\u8be6\u60c5\u9875\u5207\u56fe-2.jpg 1200w, https:\/\/www.mlkjlasers.com\/wp-content\/uploads\/2026\/01\/\u5c0f\u76ae\u79d2\u8be6\u60c5\u9875\u5207\u56fe-2-300x142.jpg 300w, https:\/\/www.mlkjlasers.com\/wp-content\/uploads\/2026\/01\/\u5c0f\u76ae\u79d2\u8be6\u60c5\u9875\u5207\u56fe-2-1024x485.jpg 1024w, https:\/\/www.mlkjlasers.com\/wp-content\/uploads\/2026\/01\/\u5c0f\u76ae\u79d2\u8be6\u60c5\u9875\u5207\u56fe-2-768x364.jpg 768w, https:\/\/www.mlkjlasers.com\/wp-content\/uploads\/2026\/01\/\u5c0f\u76ae\u79d2\u8be6\u60c5\u9875\u5207\u56fe-2-600x284.jpg 600w\" sizes=\"(max-width: 1920px) 100vw, 1920px\" \/><\/span><\/p>\n<\/div>\n<\/div>\n<div class=\"des_detail\">\n<h3 style=\"text-align: left;\"><span style=\"font-family: helvetica, arial, sans-serif; font-size: 14pt;\">LED Touchscreen Smart Control System<\/span><\/h3>\n<h4 style=\"text-align: left;\"><span style=\"font-family: helvetica, arial, sans-serif; font-size: 14pt;\">\u00bb\u00bbProfessioneller Bildschirm, einfach zu bedienen<\/span><\/h4>\n<h4 style=\"text-align: left;\"><span style=\"font-family: helvetica, arial, sans-serif; font-size: 14pt;\">\u00bbEnglisch und jede Sprache<\/span><\/h4>\n<h4 style=\"text-align: left;\"><span style=\"font-family: helvetica, arial, sans-serif; font-size: 14pt;\">\u00bbOEM ist avialalbe<\/span><\/h4>\n<h4 style=\"text-align: left;\"><span style=\"font-family: helvetica, arial, sans-serif; font-size: 14pt;\">\u00bb\u00bbKostenloses Logo anpassbar<\/span><\/h4>\n<table class=\"alignleft\" style=\"border-collapse: collapse; width: 100%; height: 120px;\">\n<tbody>\n<tr style=\"height: 24px;\">\n<td style=\"width: 50%; height: 24px;\"><span style=\"font-family: helvetica, arial, sans-serif; font-size: 14pt;\"><b>Picosecond Laser Tattoo Entfernung<\/b><\/span><\/td>\n<td style=\"width: 50%; height: 24px;\"><span style=\"font-family: helvetica, arial, sans-serif; font-size: 14pt;\">Modellnummer: Tragbares Picosecond<\/span><\/td>\n<\/tr>\n<tr style=\"height: 24px;\">\n<td style=\"width: 50%; height: 24px;\"><span style=\"font-family: helvetica, arial, sans-serif; font-size: 14pt;\">Wellenl\u00e4nge (Licht): 1064nm 532nm (Spot verstellbar); 1064nm 532nm 1320nm 755nm (Spot nicht einstellbar)\u00a0<\/span><\/td>\n<td style=\"width: 50%; height: 24px;\"><span style=\"font-family: helvetica, arial, sans-serif; font-size: 14pt;\">Sch\u00fcsse: 1.500.000<\/span><\/td>\n<\/tr>\n<tr style=\"height: 24px;\">\n<td style=\"width: 50%; height: 24px;\"><span style=\"font-family: helvetica, arial, sans-serif; font-size: 14pt;\">Funktion: Tattoo-Entfernung, Hautaufwei\u00dfung, Hautverj\u00fcngung<\/span><\/td>\n<td style=\"width: 50%; height: 24px;\"><span style=\"font-family: helvetica, arial, sans-serif; font-size: 14pt;\">Bildschirmgr\u00f6\u00dfe: 8,4 LCD Touchscreen<\/span><\/td>\n<\/tr>\n<tr style=\"height: 24px;\">\n<td style=\"width: 50%; height: 24px;\"><span style=\"font-family: helvetica, arial, sans-serif; font-size: 14pt;\">Lichtfleck: 1-7mm verstellbar<\/span><\/td>\n<td style=\"width: 50%; height: 24px;\"><span style=\"font-family: helvetica, arial, sans-serif; font-size: 14pt;\">Frequenz: 1-20Hz<\/span><\/td>\n<\/tr>\n<tr style=\"height: 24px;\">\n<td style=\"width: 50%; height: 24px;\"><span style=\"font-family: helvetica, arial, sans-serif; font-size: 14pt;\">Verpackung: Aluminiumbox<\/span><\/td>\n<td style=\"width: 50%; height: 24px;\"><span style=\"font-family: helvetica, arial, sans-serif; font-size: 14pt;\">Garantie: 2 Jahre<\/span><\/td>\n<\/tr>\n<\/tbody>\n<\/table>\n<div class=\"se4_tit\" style=\"text-align: left;\">\n<div class=\"l right\">\n<p>&nbsp;<\/p>\n<\/div>\n<\/div>\n<p style=\"text-align: left;\">\n<\/div>\n<\/div>\n<\/div>\n<\/div>\n<\/div>","protected":false},"excerpt":{"rendered":"<p><span class=\"src\" data-group=\"0-0\">* Behandlen Sie Hautflecken wie Frecken, Kaffeeflecken, Photoaging-Flecken, Aknemarken und Falten sowie rote und gelbe T\u00e4towierungen <\/span><\/p>\n<p><span class=\"src\" data-group=\"1-0\">* Behandlen Sie Hautflecken wie braun <\/span><\/p>\n<p><span class=\"src\" data-group=\"2-0\">* Cyan Nevus, Ota Nevus, Chloasma, Pigmentation, sowie Bleichen und Aufhellen, um Gelb zu entfernen, kann schwarze und blaue T\u00e4towierungen waschen <\/span><\/p>\n<p><span class=\"src\" data-group=\"3-0\">* Behandlen Sie Akne Gruben, schrumpfen Sie die Poren, straffen Sie die Haut und erreichen Sie die Wirkung der Hautverj\u00fcngung.<\/span><\/p>","protected":false},"featured_media":3652,"comment_status":"open","ping_status":"closed","template":"","meta":[],"product_cat":[23],"product_tag":[],"class_list":["post-1866","product","type-product","status-publish","has-post-thumbnail","hentry","product_cat-picosecond-laser"],"_links":{"self":[{"href":"https:\/\/www.mlkjlasers.com\/de\/wp-json\/wp\/v2\/product\/1866","targetHints":{"allow":["GET"]}}],"collection":[{"href":"https:\/\/www.mlkjlasers.com\/de\/wp-json\/wp\/v2\/product"}],"about":[{"href":"https:\/\/www.mlkjlasers.com\/de\/wp-json\/wp\/v2\/types\/product"}],"replies":[{"embeddable":true,"href":"https:\/\/www.mlkjlasers.com\/de\/wp-json\/wp\/v2\/comments?post=1866"}],"wp:featuredmedia":[{"embeddable":true,"href":"https:\/\/www.mlkjlasers.com\/de\/wp-json\/wp\/v2\/media\/3652"}],"wp:attachment":[{"href":"https:\/\/www.mlkjlasers.com\/de\/wp-json\/wp\/v2\/media?parent=1866"}],"wp:term":[{"taxonomy":"product_cat","embeddable":true,"href":"https:\/\/www.mlkjlasers.com\/de\/wp-json\/wp\/v2\/product_cat?post=1866"},{"taxonomy":"product_tag","embeddable":true,"href":"https:\/\/www.mlkjlasers.com\/de\/wp-json\/wp\/v2\/product_tag?post=1866"}],"curies":[{"name":"wp","href":"https:\/\/api.w.org\/{rel}","templated":true}]}}