{"id":1916,"date":"2023-07-24T13:50:08","date_gmt":"2023-07-24T05:50:08","guid":{"rendered":"https:\/\/mlkjlasers.com\/?post_type=product&#038;p=1916"},"modified":"2026-01-30T09:14:23","modified_gmt":"2026-01-30T01:14:23","slug":"mlkj-medical-diode-laser-titanium-double-handle-hair-removal-machine-2-2-3","status":"publish","type":"product","link":"https:\/\/www.mlkjlasers.com\/de\/product\/mlkj-medical-diode-laser-titanium-double-handle-hair-removal-machine-2-2-3\/","title":{"rendered":"Tragbare Lasermaschine 755 808nm 1064nm Diode Laser Haarentfernungsmaschine"},"content":{"rendered":"<div>\n<table style=\"border-collapse: collapse; width: 100%; height: 167px;\">\n<tbody>\n<tr style=\"height: 23px;\">\n<td style=\"width: 50%; height: 23px;\"><span style=\"font-family: helvetica, arial, sans-serif; color: #000000; font-size: 12pt;\"><b>Protable Diode Laser Haarentfernung<\/b><\/span><\/td>\n<td style=\"width: 50%; height: 23px;\"><span style=\"font-family: helvetica, arial, sans-serif; color: #000000; font-size: 12pt;\">Modellnummer: Diode Laser D10<\/span><\/td>\n<\/tr>\n<tr style=\"height: 24px;\">\n<td style=\"width: 50%; height: 24px;\"><span style=\"font-family: helvetica, arial, sans-serif; color: #000000; font-size: 12pt;\">Wellenl\u00e4nge: 808nm oder 755 808 1064nm<\/span><\/td>\n<td style=\"width: 50%; height: 24px;\"><span style=\"font-family: helvetica, arial, sans-serif; color: #000000; font-size: 12pt;\">Bildschirmgr\u00f6\u00dfe: 14 Zoll 4K Stil Touchscreen<\/span><\/td>\n<\/tr>\n<tr style=\"height: 24px;\">\n<td style=\"width: 50%; height: 24px;\"><span style=\"font-family: helvetica, arial, sans-serif; color: #000000; font-size: 12pt;\">Lebensdauer: 40 Millionen Sch\u00fcsse<\/span><\/td>\n<td style=\"width: 50%; height: 24px;\"><span style=\"font-family: helvetica, arial, sans-serif; color: #000000; font-size: 12pt;\">Pulsdauer: 10-300ms<\/span><\/td>\n<\/tr>\n<tr style=\"height: 24px;\">\n<td style=\"width: 50%; height: 24px;\"><span style=\"font-family: helvetica, arial, sans-serif; color: #000000; font-size: 12pt;\">Laserstreifen: 1200w f\u00fcr jedes, Amerika koh\u00e4renter Laserbar<\/span><\/td>\n<td style=\"width: 50%; height: 24px;\"><span style=\"font-family: helvetica, arial, sans-serif; color: #000000; font-size: 12pt;\">Frequenz: 1-10Hz<\/span><\/td>\n<\/tr>\n<tr style=\"height: 24px;\">\n<td style=\"width: 50%; height: 24px;\"><span style=\"font-family: helvetica, arial, sans-serif; color: #000000; font-size: 12pt;\">Energie: 1-150J<\/span><\/td>\n<td style=\"width: 50%; height: 24px;\"><span style=\"font-family: helvetica, arial, sans-serif; color: #000000; font-size: 12pt;\">K\u00fchlsystem: Kompressorwasserkreislauf<\/span><\/td>\n<\/tr>\n<tr style=\"height: 24px;\">\n<td style=\"width: 50%; height: 24px;\"><span style=\"font-family: helvetica, arial, sans-serif; color: #000000; font-size: 12pt;\">Leistung der Maschine: 3500W<\/span><\/td>\n<td style=\"width: 50%; height: 24px;\"><span style=\"font-family: helvetica, arial, sans-serif; color: #000000; font-size: 12pt;\">Spannung: AC110V 60HZ \/ AC220V 50HZ<\/span><\/td>\n<\/tr>\n<tr style=\"height: 24px;\">\n<td style=\"width: 50%; height: 24px;\"><span style=\"font-family: helvetica, arial, sans-serif; color: #000000; font-size: 12pt;\">Verpackung: Aluminiumbox<\/span><\/td>\n<td style=\"width: 50%; height: 24px;\"><span style=\"font-family: helvetica, arial, sans-serif; color: #000000; font-size: 12pt;\">Haftbefehl: lebenslange Garantie<\/span><\/td>\n<\/tr>\n<\/tbody>\n<\/table>\n<\/div>\n<p><img fetchpriority=\"high\" decoding=\"async\" class=\"aligncenter size-full wp-image-3903\" src=\"https:\/\/www.mlkjlasers.com\/wp-content\/uploads\/2026\/01\/D10-\u8be6\u60c5\u9875\u53ef\u7f16\u8f91_01.jpg\" alt=\"\" width=\"2342\" height=\"1545\" srcset=\"https:\/\/www.mlkjlasers.com\/wp-content\/uploads\/2026\/01\/D10-\u8be6\u60c5\u9875\u53ef\u7f16\u8f91_01.jpg 2342w, https:\/\/www.mlkjlasers.com\/wp-content\/uploads\/2026\/01\/D10-\u8be6\u60c5\u9875\u53ef\u7f16\u8f91_01-300x198.jpg 300w, https:\/\/www.mlkjlasers.com\/wp-content\/uploads\/2026\/01\/D10-\u8be6\u60c5\u9875\u53ef\u7f16\u8f91_01-1024x676.jpg 1024w, https:\/\/www.mlkjlasers.com\/wp-content\/uploads\/2026\/01\/D10-\u8be6\u60c5\u9875\u53ef\u7f16\u8f91_01-768x507.jpg 768w, https:\/\/www.mlkjlasers.com\/wp-content\/uploads\/2026\/01\/D10-\u8be6\u60c5\u9875\u53ef\u7f16\u8f91_01-1536x1013.jpg 1536w, https:\/\/www.mlkjlasers.com\/wp-content\/uploads\/2026\/01\/D10-\u8be6\u60c5\u9875\u53ef\u7f16\u8f91_01-2048x1351.jpg 2048w, https:\/\/www.mlkjlasers.com\/wp-content\/uploads\/2026\/01\/D10-\u8be6\u60c5\u9875\u53ef\u7f16\u8f91_01-18x12.jpg 18w, https:\/\/www.mlkjlasers.com\/wp-content\/uploads\/2026\/01\/D10-\u8be6\u60c5\u9875\u53ef\u7f16\u8f91_01-600x396.jpg 600w\" sizes=\"(max-width: 2342px) 100vw, 2342px\" \/><\/p>\n<p style=\"text-align: left;\"><span style=\"font-family: helvetica, arial, sans-serif; color: #000000; font-size: 12pt;\"><span style=\"font-size: 14pt;\"><strong>MLKJ Laser<\/strong><\/span>\u00a0ist die Welt&#8217; s fortschrittlichste und schmerzlose permanente Haarentfernungstechnologie. F\u00fcr verschiedene Hauttypen Haarfarbenentfernung, Haare unterschiedlicher Dicke, Haare unterschiedlicher Farbt\u00f6ne usw.; Griff nimmt einzigartiges Laserdesign an, Laserkopf ist gr\u00f6\u00dfer, so dass es mehr Oberfl\u00e4che abdecken kann, 40% schnellere Haarentfernung als andere.<\/span><\/p>\n<p style=\"text-align: left;\"><span style=\"font-family: helvetica, arial, sans-serif; color: #000000; font-size: 12pt;\">4 Wellen 755 808 940 1064nm, die eine breite Anwendungsbereich f\u00fcr verschiedene Arten von Haarentfernung hat, haben wir Zertifikate FDA, CE, ISO13485, und wir sind immer auf der Suche nach neuer innovativer Inspiration, um zuverl\u00e4ssigere Produkte zu unseren Partnern und Kunden zu bringen.<span style=\"color: #0000ff; font-size: 14pt;\"><strong><a style=\"color: #0000ff;\" href=\"https:\/\/www.mlkjlasers.com\/de\/contact-us\/\" target=\"_blank\" rel=\"noopener\">Kontaktieren Sie uns jetzt!<\/a><\/strong><\/span><\/span><\/p>\n<p>&nbsp;<\/p>\n<p><span style=\"font-family: helvetica, arial, sans-serif; color: #000000; font-size: 12pt;\">Mit der Einf\u00fchrung von <strong>755nm, 808nm, 1064nm<\/strong> Haarentfernungstechnologie, hat die Laser-Haarentfernungsindustrie revolution\u00e4re Ver\u00e4nderungen durchlaufen<\/span><\/p>\n<p><span style=\"font-family: helvetica, arial, sans-serif; color: #000000; font-size: 12pt;\">Diese fortschrittlichen Systeme bringen eine neue \u00c4ra der Geschwindigkeit, Effizienz und Komfort und definieren die Erfahrung der Haarentfernung f\u00fcr Kunden und Praktiker gleicherma\u00dfen neu.<\/span><\/p>\n<div class=\"J_module\">\n<div class=\"flex-layout-h magic-1\"><span style=\"font-family: helvetica, arial, sans-serif; color: #000000; font-size: 12pt;\"><img decoding=\"async\" class=\"aligncenter wp-image-3910\" src=\"https:\/\/www.mlkjlasers.com\/wp-content\/uploads\/2026\/01\/D10-\u8be6\u60c5\u9875\u53ef\u7f16\u8f91_08.png\" alt=\"\" width=\"1920\" height=\"1124\" srcset=\"https:\/\/www.mlkjlasers.com\/wp-content\/uploads\/2026\/01\/D10-\u8be6\u60c5\u9875\u53ef\u7f16\u8f91_08.png 1170w, https:\/\/www.mlkjlasers.com\/wp-content\/uploads\/2026\/01\/D10-\u8be6\u60c5\u9875\u53ef\u7f16\u8f91_08-300x176.png 300w, https:\/\/www.mlkjlasers.com\/wp-content\/uploads\/2026\/01\/D10-\u8be6\u60c5\u9875\u53ef\u7f16\u8f91_08-1024x600.png 1024w, https:\/\/www.mlkjlasers.com\/wp-content\/uploads\/2026\/01\/D10-\u8be6\u60c5\u9875\u53ef\u7f16\u8f91_08-768x450.png 768w, https:\/\/www.mlkjlasers.com\/wp-content\/uploads\/2026\/01\/D10-\u8be6\u60c5\u9875\u53ef\u7f16\u8f91_08-18x12.png 18w, https:\/\/www.mlkjlasers.com\/wp-content\/uploads\/2026\/01\/D10-\u8be6\u60c5\u9875\u53ef\u7f16\u8f91_08-600x351.png 600w\" sizes=\"(max-width: 1920px) 100vw, 1920px\" \/><\/span><\/div>\n<div><\/div>\n<\/div>\n<div>\n<p><span style=\"font-family: helvetica, arial, sans-serif; color: #000000; font-size: 14pt;\"><strong>Volle Haarentfernung<\/strong><\/span><\/p>\n<p><span style=\"font-family: helvetica, arial, sans-serif; color: #000000; font-size: 12pt;\">Die Vielseitigkeit dieser Lasersysteme ist wirklich au\u00dfergew\u00f6hnlich. Die Stellengr\u00f6\u00dfe ist 12 * 20mm 12 * 35mm, perfekt f\u00fcr die Haarentfernung an allen Teilen des K\u00f6rpers<\/span><\/p>\n<p><span style=\"font-family: helvetica, arial, sans-serif; color: #000000; font-size: 12pt;\">Ob es sich um einen gro\u00dfen Bereich oder einen zerbrechlichen Bereich handelt, Kunden k\u00f6nnen nun mit einem Behandlungsplan von 3-5 Sitzungen einen lebenslangen Haarentfernungseffekt erhalten, was den Prozess im Wesentlichen dauerhaft macht<\/span><\/p>\n<\/div>\n<p><img decoding=\"async\" class=\"aligncenter wp-image-3905\" src=\"https:\/\/www.mlkjlasers.com\/wp-content\/uploads\/2026\/01\/D10-\u8be6\u60c5\u9875\u53ef\u7f16\u8f91_03.jpg\" alt=\"\" width=\"1920\" height=\"1701\" srcset=\"https:\/\/www.mlkjlasers.com\/wp-content\/uploads\/2026\/01\/D10-\u8be6\u60c5\u9875\u53ef\u7f16\u8f91_03.jpg 2342w, https:\/\/www.mlkjlasers.com\/wp-content\/uploads\/2026\/01\/D10-\u8be6\u60c5\u9875\u53ef\u7f16\u8f91_03-300x266.jpg 300w, https:\/\/www.mlkjlasers.com\/wp-content\/uploads\/2026\/01\/D10-\u8be6\u60c5\u9875\u53ef\u7f16\u8f91_03-1024x907.jpg 1024w, https:\/\/www.mlkjlasers.com\/wp-content\/uploads\/2026\/01\/D10-\u8be6\u60c5\u9875\u53ef\u7f16\u8f91_03-768x680.jpg 768w, https:\/\/www.mlkjlasers.com\/wp-content\/uploads\/2026\/01\/D10-\u8be6\u60c5\u9875\u53ef\u7f16\u8f91_03-1536x1361.jpg 1536w, https:\/\/www.mlkjlasers.com\/wp-content\/uploads\/2026\/01\/D10-\u8be6\u60c5\u9875\u53ef\u7f16\u8f91_03-2048x1815.jpg 2048w, https:\/\/www.mlkjlasers.com\/wp-content\/uploads\/2026\/01\/D10-\u8be6\u60c5\u9875\u53ef\u7f16\u8f91_03-14x12.jpg 14w, https:\/\/www.mlkjlasers.com\/wp-content\/uploads\/2026\/01\/D10-\u8be6\u60c5\u9875\u53ef\u7f16\u8f91_03-600x532.jpg 600w\" sizes=\"(max-width: 1920px) 100vw, 1920px\" \/><\/p>\n<p>&nbsp;<\/p>\n<p style=\"text-align: left;\"><span style=\"font-family: helvetica, arial, sans-serif; font-size: 14pt; color: #000000;\"><strong>Sicherheit und Wirksamkeit<\/strong><\/span><\/p>\n<p style=\"text-align: left;\"><span style=\"font-family: helvetica, arial, sans-serif; color: #000000; font-size: 12pt;\">* FDA CE TUV MDL medizinisches Zertifikat genehmigt<\/span><br \/>\n<span style=\"font-family: helvetica, arial, sans-serif; color: #000000; font-size: 12pt;\">* Vier Wellenl\u00e4nge 755nm 808nm 940nm 1064nm Diode Laser Haarentfernung Technologien in einem Griff, geeignet f\u00fcr alle Haut- und Haarfarben.<\/span><\/p>\n<p><span style=\"font-family: helvetica, arial, sans-serif; color: #000000; font-size: 12pt;\"><img loading=\"lazy\" decoding=\"async\" class=\"aligncenter size-full wp-image-3906\" src=\"https:\/\/www.mlkjlasers.com\/wp-content\/uploads\/2026\/01\/D10-\u8be6\u60c5\u9875\u53ef\u7f16\u8f91_04.jpg\" alt=\"\" width=\"2342\" height=\"1657\" srcset=\"https:\/\/www.mlkjlasers.com\/wp-content\/uploads\/2026\/01\/D10-\u8be6\u60c5\u9875\u53ef\u7f16\u8f91_04.jpg 2342w, https:\/\/www.mlkjlasers.com\/wp-content\/uploads\/2026\/01\/D10-\u8be6\u60c5\u9875\u53ef\u7f16\u8f91_04-300x212.jpg 300w, https:\/\/www.mlkjlasers.com\/wp-content\/uploads\/2026\/01\/D10-\u8be6\u60c5\u9875\u53ef\u7f16\u8f91_04-1024x724.jpg 1024w, https:\/\/www.mlkjlasers.com\/wp-content\/uploads\/2026\/01\/D10-\u8be6\u60c5\u9875\u53ef\u7f16\u8f91_04-768x543.jpg 768w, https:\/\/www.mlkjlasers.com\/wp-content\/uploads\/2026\/01\/D10-\u8be6\u60c5\u9875\u53ef\u7f16\u8f91_04-1536x1087.jpg 1536w, https:\/\/www.mlkjlasers.com\/wp-content\/uploads\/2026\/01\/D10-\u8be6\u60c5\u9875\u53ef\u7f16\u8f91_04-2048x1449.jpg 2048w, https:\/\/www.mlkjlasers.com\/wp-content\/uploads\/2026\/01\/D10-\u8be6\u60c5\u9875\u53ef\u7f16\u8f91_04-18x12.jpg 18w, https:\/\/www.mlkjlasers.com\/wp-content\/uploads\/2026\/01\/D10-\u8be6\u60c5\u9875\u53ef\u7f16\u8f91_04-600x425.jpg 600w\" sizes=\"(max-width: 2342px) 100vw, 2342px\" \/><\/span><\/p>\n<p><span style=\"font-family: helvetica, arial, sans-serif; color: #000000; font-size: 14pt;\"><strong>Eisk\u00fchlung verringert Schmerzen<\/strong><\/span><\/p>\n<p><span style=\"font-family: helvetica, arial, sans-serif; color: #000000; font-size: 12pt;\">Nun sorgt die Technologie mit hoher Leistung und kurzem Puls daf\u00fcr, dass: bevor der K\u00f6rper Schmerzen sp\u00fcrt, der Lichtschuss beendet war. Der gesamte Prozess ist sehr komfortabel, f\u00fchlen keine Schmerzen. In der Regel k\u00f6nnen 3-5 Sitzungen eine dauerhafte Haarentfernung erreichen. Durch kontinuierliche Abk\u00fchlung der Haut werden Schmerzen und Beschwerden deutlich reduziert.<\/span><\/p>\n<p><img loading=\"lazy\" decoding=\"async\" class=\"aligncenter size-full wp-image-3908\" src=\"https:\/\/www.mlkjlasers.com\/wp-content\/uploads\/2026\/01\/D10-\u8be6\u60c5\u9875\u53ef\u7f16\u8f91_06.jpg\" alt=\"\" width=\"2342\" height=\"1923\" srcset=\"https:\/\/www.mlkjlasers.com\/wp-content\/uploads\/2026\/01\/D10-\u8be6\u60c5\u9875\u53ef\u7f16\u8f91_06.jpg 2342w, https:\/\/www.mlkjlasers.com\/wp-content\/uploads\/2026\/01\/D10-\u8be6\u60c5\u9875\u53ef\u7f16\u8f91_06-300x246.jpg 300w, https:\/\/www.mlkjlasers.com\/wp-content\/uploads\/2026\/01\/D10-\u8be6\u60c5\u9875\u53ef\u7f16\u8f91_06-1024x841.jpg 1024w, https:\/\/www.mlkjlasers.com\/wp-content\/uploads\/2026\/01\/D10-\u8be6\u60c5\u9875\u53ef\u7f16\u8f91_06-768x631.jpg 768w, https:\/\/www.mlkjlasers.com\/wp-content\/uploads\/2026\/01\/D10-\u8be6\u60c5\u9875\u53ef\u7f16\u8f91_06-1536x1261.jpg 1536w, https:\/\/www.mlkjlasers.com\/wp-content\/uploads\/2026\/01\/D10-\u8be6\u60c5\u9875\u53ef\u7f16\u8f91_06-2048x1682.jpg 2048w, https:\/\/www.mlkjlasers.com\/wp-content\/uploads\/2026\/01\/D10-\u8be6\u60c5\u9875\u53ef\u7f16\u8f91_06-15x12.jpg 15w, https:\/\/www.mlkjlasers.com\/wp-content\/uploads\/2026\/01\/D10-\u8be6\u60c5\u9875\u53ef\u7f16\u8f91_06-600x493.jpg 600w\" sizes=\"(max-width: 2342px) 100vw, 2342px\" \/><\/p>\n<p class=\"contents\" style=\"text-align: left;\"><span style=\"font-size: 18pt;\"><strong><span style=\"font-family: helvetica, arial, sans-serif; color: #000000;\">Vor und nach<\/span><\/strong><\/span><\/p>\n<p><span style=\"font-family: helvetica, arial, sans-serif; color: #000000; font-size: 12pt;\"> <img loading=\"lazy\" decoding=\"async\" class=\"aligncenter size-full wp-image-3909\" src=\"https:\/\/www.mlkjlasers.com\/wp-content\/uploads\/2026\/01\/D10-\u8be6\u60c5\u9875\u53ef\u7f16\u8f91_07.jpg\" alt=\"\" width=\"2342\" height=\"1322\" srcset=\"https:\/\/www.mlkjlasers.com\/wp-content\/uploads\/2026\/01\/D10-\u8be6\u60c5\u9875\u53ef\u7f16\u8f91_07.jpg 2342w, https:\/\/www.mlkjlasers.com\/wp-content\/uploads\/2026\/01\/D10-\u8be6\u60c5\u9875\u53ef\u7f16\u8f91_07-300x169.jpg 300w, https:\/\/www.mlkjlasers.com\/wp-content\/uploads\/2026\/01\/D10-\u8be6\u60c5\u9875\u53ef\u7f16\u8f91_07-1024x578.jpg 1024w, https:\/\/www.mlkjlasers.com\/wp-content\/uploads\/2026\/01\/D10-\u8be6\u60c5\u9875\u53ef\u7f16\u8f91_07-768x434.jpg 768w, https:\/\/www.mlkjlasers.com\/wp-content\/uploads\/2026\/01\/D10-\u8be6\u60c5\u9875\u53ef\u7f16\u8f91_07-1536x867.jpg 1536w, https:\/\/www.mlkjlasers.com\/wp-content\/uploads\/2026\/01\/D10-\u8be6\u60c5\u9875\u53ef\u7f16\u8f91_07-2048x1156.jpg 2048w, https:\/\/www.mlkjlasers.com\/wp-content\/uploads\/2026\/01\/D10-\u8be6\u60c5\u9875\u53ef\u7f16\u8f91_07-18x10.jpg 18w, https:\/\/www.mlkjlasers.com\/wp-content\/uploads\/2026\/01\/D10-\u8be6\u60c5\u9875\u53ef\u7f16\u8f91_07-600x339.jpg 600w\" sizes=\"(max-width: 2342px) 100vw, 2342px\" \/><\/span><\/p>\n<p><span style=\"font-family: helvetica, arial, sans-serif; font-size: 14pt; color: #000000;\"><strong>Intelligente Bedienung und Anpassung<\/strong><\/span><\/p>\n<p style=\"text-align: left;\"><span style=\"font-family: helvetica, arial, sans-serif; color: #000000; font-size: 12pt;\">12-Zoll-4K-Bildschirm, intelligentes Touch-Erlebnis<\/span><br \/>\n<span style=\"font-family: helvetica, arial, sans-serif; color: #000000; font-size: 12pt;\">* Anpassbare Behandlungsvoreinstellungen<\/span><br \/>\n<span style=\"font-family: helvetica, arial, sans-serif; color: #000000; font-size: 12pt;\">* Mit m\u00e4nnlichen und weiblichen, 6 Hautstile zur Auswahl<\/span><br \/>\n<span style=\"font-family: helvetica, arial, sans-serif; color: #000000; font-size: 12pt;\">* Einfach zu bedienen, bietet Betriebsf\u00e4higkeiten \/ Lehrdienste<\/span><br \/>\n<span style=\"font-family: helvetica, arial, sans-serif; color: #000000; font-size: 12pt;\">* Kostenloses Logo und Sprache k\u00f6nnen auf dem Bildschirm angepasst werden<\/span><\/p>\n<p><span style=\"font-family: helvetica, arial, sans-serif; color: #000000; font-size: 12pt;\"> <img loading=\"lazy\" decoding=\"async\" class=\"aligncenter wp-image-3907\" src=\"https:\/\/www.mlkjlasers.com\/wp-content\/uploads\/2026\/01\/D10-\u8be6\u60c5\u9875\u53ef\u7f16\u8f91_05.png\" alt=\"\" width=\"1920\" height=\"1808\" srcset=\"https:\/\/www.mlkjlasers.com\/wp-content\/uploads\/2026\/01\/D10-\u8be6\u60c5\u9875\u53ef\u7f16\u8f91_05.png 1170w, https:\/\/www.mlkjlasers.com\/wp-content\/uploads\/2026\/01\/D10-\u8be6\u60c5\u9875\u53ef\u7f16\u8f91_05-300x283.png 300w, https:\/\/www.mlkjlasers.com\/wp-content\/uploads\/2026\/01\/D10-\u8be6\u60c5\u9875\u53ef\u7f16\u8f91_05-1024x964.png 1024w, https:\/\/www.mlkjlasers.com\/wp-content\/uploads\/2026\/01\/D10-\u8be6\u60c5\u9875\u53ef\u7f16\u8f91_05-768x723.png 768w, https:\/\/www.mlkjlasers.com\/wp-content\/uploads\/2026\/01\/D10-\u8be6\u60c5\u9875\u53ef\u7f16\u8f91_05-13x12.png 13w, https:\/\/www.mlkjlasers.com\/wp-content\/uploads\/2026\/01\/D10-\u8be6\u60c5\u9875\u53ef\u7f16\u8f91_05-600x565.png 600w\" sizes=\"(max-width: 1920px) 100vw, 1920px\" \/><\/span><\/p>\n<p><img loading=\"lazy\" decoding=\"async\" class=\"aligncenter size-full wp-image-3904\" src=\"https:\/\/www.mlkjlasers.com\/wp-content\/uploads\/2026\/01\/D10-\u8be6\u60c5\u9875\u53ef\u7f16\u8f91_02.jpg\" alt=\"\" width=\"2342\" height=\"1392\" srcset=\"https:\/\/www.mlkjlasers.com\/wp-content\/uploads\/2026\/01\/D10-\u8be6\u60c5\u9875\u53ef\u7f16\u8f91_02.jpg 2342w, https:\/\/www.mlkjlasers.com\/wp-content\/uploads\/2026\/01\/D10-\u8be6\u60c5\u9875\u53ef\u7f16\u8f91_02-300x178.jpg 300w, https:\/\/www.mlkjlasers.com\/wp-content\/uploads\/2026\/01\/D10-\u8be6\u60c5\u9875\u53ef\u7f16\u8f91_02-1024x609.jpg 1024w, https:\/\/www.mlkjlasers.com\/wp-content\/uploads\/2026\/01\/D10-\u8be6\u60c5\u9875\u53ef\u7f16\u8f91_02-768x456.jpg 768w, https:\/\/www.mlkjlasers.com\/wp-content\/uploads\/2026\/01\/D10-\u8be6\u60c5\u9875\u53ef\u7f16\u8f91_02-1536x913.jpg 1536w, https:\/\/www.mlkjlasers.com\/wp-content\/uploads\/2026\/01\/D10-\u8be6\u60c5\u9875\u53ef\u7f16\u8f91_02-2048x1217.jpg 2048w, https:\/\/www.mlkjlasers.com\/wp-content\/uploads\/2026\/01\/D10-\u8be6\u60c5\u9875\u53ef\u7f16\u8f91_02-18x12.jpg 18w, https:\/\/www.mlkjlasers.com\/wp-content\/uploads\/2026\/01\/D10-\u8be6\u60c5\u9875\u53ef\u7f16\u8f91_02-600x357.jpg 600w\" sizes=\"(max-width: 2342px) 100vw, 2342px\" \/><\/p>\n<p><img loading=\"lazy\" decoding=\"async\" class=\"aligncenter size-full wp-image-3911\" src=\"https:\/\/www.mlkjlasers.com\/wp-content\/uploads\/2026\/01\/D10-\u8be6\u60c5\u9875\u53ef\u7f16\u8f91_09-scaled.jpg\" alt=\"\" width=\"2069\" height=\"2560\" srcset=\"https:\/\/www.mlkjlasers.com\/wp-content\/uploads\/2026\/01\/D10-\u8be6\u60c5\u9875\u53ef\u7f16\u8f91_09-scaled.jpg 2069w, https:\/\/www.mlkjlasers.com\/wp-content\/uploads\/2026\/01\/D10-\u8be6\u60c5\u9875\u53ef\u7f16\u8f91_09-242x300.jpg 242w, https:\/\/www.mlkjlasers.com\/wp-content\/uploads\/2026\/01\/D10-\u8be6\u60c5\u9875\u53ef\u7f16\u8f91_09-828x1024.jpg 828w, https:\/\/www.mlkjlasers.com\/wp-content\/uploads\/2026\/01\/D10-\u8be6\u60c5\u9875\u53ef\u7f16\u8f91_09-768x950.jpg 768w, https:\/\/www.mlkjlasers.com\/wp-content\/uploads\/2026\/01\/D10-\u8be6\u60c5\u9875\u53ef\u7f16\u8f91_09-1241x1536.jpg 1241w, https:\/\/www.mlkjlasers.com\/wp-content\/uploads\/2026\/01\/D10-\u8be6\u60c5\u9875\u53ef\u7f16\u8f91_09-1655x2048.jpg 1655w, https:\/\/www.mlkjlasers.com\/wp-content\/uploads\/2026\/01\/D10-\u8be6\u60c5\u9875\u53ef\u7f16\u8f91_09-10x12.jpg 10w, https:\/\/www.mlkjlasers.com\/wp-content\/uploads\/2026\/01\/D10-\u8be6\u60c5\u9875\u53ef\u7f16\u8f91_09-600x742.jpg 600w\" sizes=\"(max-width: 2069px) 100vw, 2069px\" \/><\/p>\n<div class=\"des_detail\">\n<p><span style=\"font-family: helvetica, arial, sans-serif; font-size: 12pt; color: #000000;\">Wir haben <strong>der FDA<\/strong> und <strong>CE<\/strong> professionelle Zertifizierungen, verfolgen Innovation und stabile Markendienste und stellen sicher, dass Partner und Kunden zuverl\u00e4ssige und modernste Produkte erhalten.<\/span><br \/>\n<span style=\"font-family: helvetica, arial, sans-serif; font-size: 12pt; color: #000000;\">Kontaktieren Sie uns jetzt, um diese modernste Technologie zu erleben und in die Zukunft der Haarentfernung zu treten!<\/span><\/p>\n<p><strong><span style=\"font-size: 14pt; font-family: helvetica, arial, sans-serif; color: #0000ff;\"><a style=\"color: #0000ff;\" href=\"https:\/\/www.mlkjlasers.com\/de\/contact-us\/\" target=\"_blank\" rel=\"noopener\">Kontaktieren Sie uns jetzt!<\/a><\/span><\/strong><\/p>\n<p>&nbsp;<\/p>\n<\/div>","protected":false},"excerpt":{"rendered":"<p><span style=\"font-family: helvetica, arial, sans-serif;\">15 Jahre Laser Beauty Instrument Hersteller<\/span><\/p>\n<p><span style=\"font-family: helvetica, arial, sans-serif;\">OEM\/ODM Anpassungs- und Behandlungsl\u00f6sungen<\/span><\/p>\n<p><span style=\"font-family: helvetica, arial, sans-serif;\">3-5 Sitzungen k\u00f6nnen dauerhafte Haarentfernung erreichen<\/span><\/p>\n<p>FDA CE TUV MDL medizinisches Zertifikat genehmigt<\/p>\n<p><a href=\"https:\/\/www.mlkjlasers.com\/de\/contact-us\/\">Fragen Sie jetzt nach Preisen!<\/a><\/p>","protected":false},"featured_media":3857,"comment_status":"open","ping_status":"closed","template":"","meta":[],"product_cat":[15],"product_tag":[],"class_list":["post-1916","product","type-product","status-publish","has-post-thumbnail","hentry","product_cat-diode-laser-hair-removal-machine"],"_links":{"self":[{"href":"https:\/\/www.mlkjlasers.com\/de\/wp-json\/wp\/v2\/product\/1916","targetHints":{"allow":["GET"]}}],"collection":[{"href":"https:\/\/www.mlkjlasers.com\/de\/wp-json\/wp\/v2\/product"}],"about":[{"href":"https:\/\/www.mlkjlasers.com\/de\/wp-json\/wp\/v2\/types\/product"}],"replies":[{"embeddable":true,"href":"https:\/\/www.mlkjlasers.com\/de\/wp-json\/wp\/v2\/comments?post=1916"}],"wp:featuredmedia":[{"embeddable":true,"href":"https:\/\/www.mlkjlasers.com\/de\/wp-json\/wp\/v2\/media\/3857"}],"wp:attachment":[{"href":"https:\/\/www.mlkjlasers.com\/de\/wp-json\/wp\/v2\/media?parent=1916"}],"wp:term":[{"taxonomy":"product_cat","embeddable":true,"href":"https:\/\/www.mlkjlasers.com\/de\/wp-json\/wp\/v2\/product_cat?post=1916"},{"taxonomy":"product_tag","embeddable":true,"href":"https:\/\/www.mlkjlasers.com\/de\/wp-json\/wp\/v2\/product_tag?post=1916"}],"curies":[{"name":"wp","href":"https:\/\/api.w.org\/{rel}","templated":true}]}}