{"id":2035,"date":"2023-07-25T14:29:49","date_gmt":"2023-07-25T06:29:49","guid":{"rendered":"https:\/\/mlkjlasers.com\/?post_type=product&#038;p=2035"},"modified":"2026-01-27T14:41:11","modified_gmt":"2026-01-27T06:41:11","slug":"4-handles-in-1-ems-body-sculpt-slimming-machine-2","status":"publish","type":"product","link":"https:\/\/www.mlkjlasers.com\/de\/product\/4-handles-in-1-ems-body-sculpt-slimming-machine-2\/","title":{"rendered":"Body Sculpting Machine 4 Griffe Elektromagnetische Geb\u00e4ude Muskel Gewichtsverlust Abnehmen Maschine"},"content":{"rendered":"<p><span style=\"font-size: 14pt;\"><img fetchpriority=\"high\" decoding=\"async\" class=\"aligncenter size-full wp-image-3796\" src=\"https:\/\/www.mlkjlasers.com\/wp-content\/uploads\/2026\/01\/X.jpg\" alt=\"\" width=\"1920\" height=\"1080\" srcset=\"https:\/\/www.mlkjlasers.com\/wp-content\/uploads\/2026\/01\/X.jpg 1920w, https:\/\/www.mlkjlasers.com\/wp-content\/uploads\/2026\/01\/X-300x169.jpg 300w, https:\/\/www.mlkjlasers.com\/wp-content\/uploads\/2026\/01\/X-1024x576.jpg 1024w, https:\/\/www.mlkjlasers.com\/wp-content\/uploads\/2026\/01\/X-768x432.jpg 768w, https:\/\/www.mlkjlasers.com\/wp-content\/uploads\/2026\/01\/X-1536x864.jpg 1536w, https:\/\/www.mlkjlasers.com\/wp-content\/uploads\/2026\/01\/X-18x10.jpg 18w, https:\/\/www.mlkjlasers.com\/wp-content\/uploads\/2026\/01\/X-600x338.jpg 600w\" sizes=\"(max-width: 1920px) 100vw, 1920px\" \/><\/span><\/p>\n<p><span style=\"font-size: 14pt;\"><b>Muskel aufbauen<\/b><\/span><br \/>\n<span style=\"font-size: 14pt;\">Die Muskeln schrumpfen sich 30.000 Mal mit hoher Frequenz und Intensit\u00e4t, was das Training und die Erh\u00f6hung der Muskeldichte und -volumen erm\u00f6glicht.<\/span><br \/>\n<span style=\"font-size: 14pt;\"><b>Fett reduzieren<\/b><\/span><br \/>\n<span style=\"font-size: 14pt;\">Die endg\u00fcltige Kontraktion der Muskeln erfordert eine gro\u00dfe Menge an Energie, so dass die Fettzellen neben den Muskeln auch verbraucht werden, was zu einer nat\u00fcrlichen Apoptose und einer effektiven Fettverminderung f\u00fchrt.<\/span><br \/>\n<span style=\"font-size: 14pt;\"><b>Muskelskulptur<\/b><\/span><br \/>\n<span style=\"font-size: 14pt;\">\u00dcbung der Bauch- und Glutalmuskeln, Training der schr\u00e4gen Muskeln des Bauches und Form der Meerjungfraulinie.<\/span><\/p>\n<p><span style=\"font-size: 14pt;\"><img decoding=\"async\" class=\"aligncenter size-full wp-image-3767\" src=\"https:\/\/www.mlkjlasers.com\/wp-content\/uploads\/2026\/01\/pro-14.jpg\" alt=\"\" width=\"1920\" height=\"1080\" srcset=\"https:\/\/www.mlkjlasers.com\/wp-content\/uploads\/2026\/01\/pro-14.jpg 1920w, https:\/\/www.mlkjlasers.com\/wp-content\/uploads\/2026\/01\/pro-14-300x169.jpg 300w, https:\/\/www.mlkjlasers.com\/wp-content\/uploads\/2026\/01\/pro-14-1024x576.jpg 1024w, https:\/\/www.mlkjlasers.com\/wp-content\/uploads\/2026\/01\/pro-14-768x432.jpg 768w, https:\/\/www.mlkjlasers.com\/wp-content\/uploads\/2026\/01\/pro-14-1536x864.jpg 1536w, https:\/\/www.mlkjlasers.com\/wp-content\/uploads\/2026\/01\/pro-14-18x10.jpg 18w, https:\/\/www.mlkjlasers.com\/wp-content\/uploads\/2026\/01\/pro-14-600x338.jpg 600w\" sizes=\"(max-width: 1920px) 100vw, 1920px\" \/><\/span><\/p>\n<p><span style=\"font-size: 14pt;\">Multi-Mode-Funktionalit\u00e4t &#8211; Verschiedene Intensit\u00e4tsstufen f\u00fcr individuelle Behandlung.<\/span><br \/>\n<span style=\"font-size: 14pt;\">Schnell &amp; amp; Sichtbare Ergebnisse &#8211; F\u00fchlen Sie den Unterschied in nur wenigen Sessions.<\/span><br \/>\n<span style=\"font-size: 14pt;\">Sicher &amp; Nicht-invasiv &#8211; Keine Operation, keine Ausfallzeiten, keine Schmerzen.<\/span><br \/>\n<span style=\"font-size: 14pt;\">Ganzk\u00f6rpernutzung &#8211; Arbeitet auf den Bauchmuskeln, Armen, Oberschenkeln, Hintern und mehr.<\/span><br \/>\n<span style=\"font-size: 14pt;\">Einfach zu bedienen &#8211; Perfekt f\u00fcr Salons, Kliniken Gebrauch.<\/span><\/p>\n<p><span style=\"font-size: 14pt;\"><img decoding=\"async\" class=\"aligncenter size-full wp-image-3772\" src=\"https:\/\/www.mlkjlasers.com\/wp-content\/uploads\/2026\/01\/pro-20.jpg\" alt=\"\" width=\"1920\" height=\"1080\" srcset=\"https:\/\/www.mlkjlasers.com\/wp-content\/uploads\/2026\/01\/pro-20.jpg 1920w, https:\/\/www.mlkjlasers.com\/wp-content\/uploads\/2026\/01\/pro-20-300x169.jpg 300w, https:\/\/www.mlkjlasers.com\/wp-content\/uploads\/2026\/01\/pro-20-1024x576.jpg 1024w, https:\/\/www.mlkjlasers.com\/wp-content\/uploads\/2026\/01\/pro-20-768x432.jpg 768w, https:\/\/www.mlkjlasers.com\/wp-content\/uploads\/2026\/01\/pro-20-1536x864.jpg 1536w, https:\/\/www.mlkjlasers.com\/wp-content\/uploads\/2026\/01\/pro-20-18x10.jpg 18w, https:\/\/www.mlkjlasers.com\/wp-content\/uploads\/2026\/01\/pro-20-600x338.jpg 600w\" sizes=\"(max-width: 1920px) 100vw, 1920px\" \/><\/span><\/p>\n<p><span style=\"font-size: 14pt;\">Griff-Anzeige<\/span><\/p>\n<p><span style=\"font-size: 14pt;\"><img loading=\"lazy\" decoding=\"async\" class=\"aligncenter size-full wp-image-3791\" src=\"https:\/\/www.mlkjlasers.com\/wp-content\/uploads\/2026\/01\/m-16.jpg\" alt=\"\" width=\"1920\" height=\"1080\" srcset=\"https:\/\/www.mlkjlasers.com\/wp-content\/uploads\/2026\/01\/m-16.jpg 1920w, https:\/\/www.mlkjlasers.com\/wp-content\/uploads\/2026\/01\/m-16-300x169.jpg 300w, https:\/\/www.mlkjlasers.com\/wp-content\/uploads\/2026\/01\/m-16-1024x576.jpg 1024w, https:\/\/www.mlkjlasers.com\/wp-content\/uploads\/2026\/01\/m-16-768x432.jpg 768w, https:\/\/www.mlkjlasers.com\/wp-content\/uploads\/2026\/01\/m-16-1536x864.jpg 1536w, https:\/\/www.mlkjlasers.com\/wp-content\/uploads\/2026\/01\/m-16-18x10.jpg 18w, https:\/\/www.mlkjlasers.com\/wp-content\/uploads\/2026\/01\/m-16-600x338.jpg 600w\" sizes=\"(max-width: 1920px) 100vw, 1920px\" \/><\/span><\/p>\n<p><span style=\"font-size: 14pt;\">Bei der t\u00e4glichen Arbeit, wenn der Griff auf verschiedene Teile verschiedener Kunden wirkt, sind verschiedene Parameter erforderlich. Jeder Griff kann die Parameter unabh\u00e4ngig einstellen und den unterschiedlichen Energiebedarf verschiedener Teile perfekt erf\u00fcllen, wenn Griffe gleichzeitig arbeiten.<\/span><\/p>\n<p><span style=\"font-size: 14pt;\"><img loading=\"lazy\" decoding=\"async\" class=\"aligncenter size-full wp-image-3793\" src=\"https:\/\/www.mlkjlasers.com\/wp-content\/uploads\/2026\/01\/m-18.jpg\" alt=\"\" width=\"1920\" height=\"1080\" srcset=\"https:\/\/www.mlkjlasers.com\/wp-content\/uploads\/2026\/01\/m-18.jpg 1920w, https:\/\/www.mlkjlasers.com\/wp-content\/uploads\/2026\/01\/m-18-300x169.jpg 300w, https:\/\/www.mlkjlasers.com\/wp-content\/uploads\/2026\/01\/m-18-1024x576.jpg 1024w, https:\/\/www.mlkjlasers.com\/wp-content\/uploads\/2026\/01\/m-18-768x432.jpg 768w, https:\/\/www.mlkjlasers.com\/wp-content\/uploads\/2026\/01\/m-18-1536x864.jpg 1536w, https:\/\/www.mlkjlasers.com\/wp-content\/uploads\/2026\/01\/m-18-18x10.jpg 18w, https:\/\/www.mlkjlasers.com\/wp-content\/uploads\/2026\/01\/m-18-600x338.jpg 600w\" sizes=\"(max-width: 1920px) 100vw, 1920px\" \/><\/span><\/p>\n<p><span style=\"color: #000000; font-family: helvetica, arial, sans-serif; font-size: 14pt;\"><strong>EMS Fat Removal \/ Der Muskelaufbau<\/strong><\/span><\/p>\n<p><span style=\"color: #000000; font-family: helvetica, arial, sans-serif; font-size: 14pt;\">verbessern Sie die Epinephrinfreisetzung, die eine offensichtliche Wirkung verursacht, die zu einer supramaximalen Lipolyse in Fettzellen f\u00fchrt.<\/span><br \/>\n<span style=\"color: #000000; font-family: helvetica, arial, sans-serif; font-size: 14pt;\">Zirkulation der lymphatischen Verbesserung<\/span><br \/>\n<span style=\"color: #000000; font-family: helvetica, arial, sans-serif; font-size: 14pt;\">Die elektromagnetischen Wellen stimulieren das H\u00e4moglobin, erh\u00f6hen den Blutfluss, die lymphatische Zirkulation.<\/span><br \/>\n<span style=\"color: #000000; font-family: helvetica, arial, sans-serif; font-size: 14pt;\">Das Verfahren erh\u00f6ht, dass tote Fettzellen auf nat\u00fcrliche Weise beseitigt werden.<\/span><\/p>\n<p><span style=\"font-size: 14pt;\"><img loading=\"lazy\" decoding=\"async\" class=\"aligncenter size-full wp-image-3790\" src=\"https:\/\/www.mlkjlasers.com\/wp-content\/uploads\/2026\/01\/m-14.jpg\" alt=\"\" width=\"1920\" height=\"1080\" srcset=\"https:\/\/www.mlkjlasers.com\/wp-content\/uploads\/2026\/01\/m-14.jpg 1920w, https:\/\/www.mlkjlasers.com\/wp-content\/uploads\/2026\/01\/m-14-300x169.jpg 300w, https:\/\/www.mlkjlasers.com\/wp-content\/uploads\/2026\/01\/m-14-1024x576.jpg 1024w, https:\/\/www.mlkjlasers.com\/wp-content\/uploads\/2026\/01\/m-14-768x432.jpg 768w, https:\/\/www.mlkjlasers.com\/wp-content\/uploads\/2026\/01\/m-14-1536x864.jpg 1536w, https:\/\/www.mlkjlasers.com\/wp-content\/uploads\/2026\/01\/m-14-18x10.jpg 18w, https:\/\/www.mlkjlasers.com\/wp-content\/uploads\/2026\/01\/m-14-600x338.jpg 600w\" sizes=\"(max-width: 1920px) 100vw, 1920px\" \/><span style=\"color: #000000; font-family: helvetica, arial, sans-serif;\"><strong>Vorteile der Magnetwellenskulptur Ems Sculpt<\/strong><\/span><\/span><\/p>\n<p><span style=\"color: #000000; font-family: helvetica, arial, sans-serif; font-size: 14pt;\">1, der gesamte Verlauf der Behandlungsw\u00e4rme, keine Strahlung, nicht-invasiv, keine Wiederherstellungszeit.<\/span><br \/>\n<span style=\"color: #000000; font-family: helvetica, arial, sans-serif; font-size: 14pt;\">2, stimulieren Sie das Muskelwachstum, w\u00e4hrend Sie den Fettabbau f\u00f6rdern.<\/span><br \/>\n<span style=\"color: #000000; font-family: helvetica, arial, sans-serif; font-size: 14pt;\">3. Die gesamte Behandlung braucht keine Kleidung ausziehen, braucht kein Gel aufzutragen, liegt einfach auf dem Bett, legt den Muskelschrittmacher auf die Behandlungsstelle und beendet eine Behandlung in 30 Minuten<\/span><br \/>\n<span style=\"color: #000000; font-family: helvetica, arial, sans-serif; font-size: 14pt;\">4. Griffe und ein H\u00fcftpad, Suite f\u00fcr den ganzen K\u00f6rper<\/span><\/p>\n<p><span style=\"font-size: 14pt;\"><img loading=\"lazy\" decoding=\"async\" class=\"aligncenter size-full wp-image-3789\" src=\"https:\/\/www.mlkjlasers.com\/wp-content\/uploads\/2026\/01\/m-13.jpg\" alt=\"\" width=\"1920\" height=\"1080\" srcset=\"https:\/\/www.mlkjlasers.com\/wp-content\/uploads\/2026\/01\/m-13.jpg 1920w, https:\/\/www.mlkjlasers.com\/wp-content\/uploads\/2026\/01\/m-13-300x169.jpg 300w, https:\/\/www.mlkjlasers.com\/wp-content\/uploads\/2026\/01\/m-13-1024x576.jpg 1024w, https:\/\/www.mlkjlasers.com\/wp-content\/uploads\/2026\/01\/m-13-768x432.jpg 768w, https:\/\/www.mlkjlasers.com\/wp-content\/uploads\/2026\/01\/m-13-1536x864.jpg 1536w, https:\/\/www.mlkjlasers.com\/wp-content\/uploads\/2026\/01\/m-13-18x10.jpg 18w, https:\/\/www.mlkjlasers.com\/wp-content\/uploads\/2026\/01\/m-13-600x338.jpg 600w\" sizes=\"(max-width: 1920px) 100vw, 1920px\" \/><\/span><\/p>\n<p><span style=\"color: #000000; font-family: helvetica, arial, sans-serif; font-size: 14pt;\">Ems verwendet hochintensive fokussierte elektromagnetische Wellentechnologie, um Muskeln zu stimulieren, um die Muskelfaserproliferation zu erreichen, und zur gleichen Zeit die Lipolyse zu stimulieren, um eine nicht-invasive, schmerzlose und sichere K\u00f6rpergestaltung zu erreichen.<\/span><\/p>\n<p><span style=\"color: #000000; font-family: helvetica, arial, sans-serif; font-size: 14pt;\">Indem der Selbstmuskel sich kontinuierlich erweitert und zusammenzieht, erm\u00f6glicht das extreme Training eine tiefe Umformung des Muskels, d.h. das Wachstum von Myofibrilen (Muskelvergr\u00f6\u00dferung) und die Produktion neuer Kollagen- und Muskelfasern (Muskelhyperplasie), wodurch die Muskeldichte und das Volumen trainiert und erh\u00f6ht werden. 100% Grenze Muskelkontraktion kann eine gro\u00dfe Menge an Lipolyse verursachen, Fetts\u00e4uren aus dem Abbau von Triglyceriden, die sich in Fettzellen ansammeln. Die Konzentration von Fetts\u00e4uren ist zu hoch, so dass die Fettzellen Apoptose, in ein paar Wochen durch den K\u00f6rper&#8217; Normaler Stoffwechsel wird aus dem K\u00f6rper ausgeschieden. Daher kann Ems Skulpturenbehandlung die Wirkung der Fettverminderung erreichen und gleichzeitig die Muskeln st\u00e4rken und erh\u00f6hen.<\/span><\/p>\n<p><span style=\"font-size: 14pt;\"><img loading=\"lazy\" decoding=\"async\" class=\"aligncenter size-full wp-image-3785\" src=\"https:\/\/www.mlkjlasers.com\/wp-content\/uploads\/2026\/01\/m-7.jpg\" alt=\"\" width=\"1920\" height=\"1080\" srcset=\"https:\/\/www.mlkjlasers.com\/wp-content\/uploads\/2026\/01\/m-7.jpg 1920w, https:\/\/www.mlkjlasers.com\/wp-content\/uploads\/2026\/01\/m-7-300x169.jpg 300w, https:\/\/www.mlkjlasers.com\/wp-content\/uploads\/2026\/01\/m-7-1024x576.jpg 1024w, https:\/\/www.mlkjlasers.com\/wp-content\/uploads\/2026\/01\/m-7-768x432.jpg 768w, https:\/\/www.mlkjlasers.com\/wp-content\/uploads\/2026\/01\/m-7-1536x864.jpg 1536w, https:\/\/www.mlkjlasers.com\/wp-content\/uploads\/2026\/01\/m-7-18x10.jpg 18w, https:\/\/www.mlkjlasers.com\/wp-content\/uploads\/2026\/01\/m-7-600x338.jpg 600w\" sizes=\"(max-width: 1920px) 100vw, 1920px\" \/><\/span><\/p>\n<p><span style=\"color: #000000; font-family: helvetica, arial, sans-serif; font-size: 14pt;\">Ein-Knopf-Power on Design<\/span><br \/>\n<span style=\"color: #000000; font-family: helvetica, arial, sans-serif; font-size: 14pt;\">14-Zoll-HD-Touchscreen<\/span><br \/>\n<span style=\"color: #000000; font-family: helvetica, arial, sans-serif; font-size: 14pt;\">Verschiedene Behandlungsparameter vorlegen<\/span><br \/>\n<span style=\"color: #000000; font-family: helvetica, arial, sans-serif; font-size: 14pt;\">Kundenspezifische Dienstleistungen: Sprache, System, Aussehen, Logo&#8230; Kostenlose Systemupgrades f\u00fcr das Leben<\/span><\/p>\n<p><span style=\"font-size: 14pt;\"><img loading=\"lazy\" decoding=\"async\" class=\"aligncenter size-full wp-image-3784\" src=\"https:\/\/www.mlkjlasers.com\/wp-content\/uploads\/2026\/01\/m-6.jpg\" alt=\"\" width=\"1920\" height=\"1080\" srcset=\"https:\/\/www.mlkjlasers.com\/wp-content\/uploads\/2026\/01\/m-6.jpg 1920w, https:\/\/www.mlkjlasers.com\/wp-content\/uploads\/2026\/01\/m-6-300x169.jpg 300w, https:\/\/www.mlkjlasers.com\/wp-content\/uploads\/2026\/01\/m-6-1024x576.jpg 1024w, https:\/\/www.mlkjlasers.com\/wp-content\/uploads\/2026\/01\/m-6-768x432.jpg 768w, https:\/\/www.mlkjlasers.com\/wp-content\/uploads\/2026\/01\/m-6-1536x864.jpg 1536w, https:\/\/www.mlkjlasers.com\/wp-content\/uploads\/2026\/01\/m-6-18x10.jpg 18w, https:\/\/www.mlkjlasers.com\/wp-content\/uploads\/2026\/01\/m-6-600x338.jpg 600w\" sizes=\"(max-width: 1920px) 100vw, 1920px\" \/><\/span><\/p>\n<div><span style=\"font-size: 14pt;\">\u221a Die Schnittstelle ist klarer<\/span><br \/>\n<span style=\"font-size: 14pt;\">\u221a Der Betrieb ist glatter<\/span><br \/>\n<span style=\"font-size: 14pt;\">\u221a Die Ber\u00fchrung ist komfortabler<\/span><\/div>\n<div><\/div>\n<p><span style=\"font-size: 14pt;\"><img loading=\"lazy\" decoding=\"async\" class=\"aligncenter size-full wp-image-3735\" src=\"https:\/\/www.mlkjlasers.com\/wp-content\/uploads\/2026\/01\/\u4fbf\u643a\u53cc-7.jpg\" alt=\"\" width=\"1920\" height=\"1080\" srcset=\"https:\/\/www.mlkjlasers.com\/wp-content\/uploads\/2026\/01\/\u4fbf\u643a\u53cc-7.jpg 1920w, https:\/\/www.mlkjlasers.com\/wp-content\/uploads\/2026\/01\/\u4fbf\u643a\u53cc-7-300x169.jpg 300w, https:\/\/www.mlkjlasers.com\/wp-content\/uploads\/2026\/01\/\u4fbf\u643a\u53cc-7-1024x576.jpg 1024w, https:\/\/www.mlkjlasers.com\/wp-content\/uploads\/2026\/01\/\u4fbf\u643a\u53cc-7-768x432.jpg 768w, https:\/\/www.mlkjlasers.com\/wp-content\/uploads\/2026\/01\/\u4fbf\u643a\u53cc-7-1536x864.jpg 1536w, https:\/\/www.mlkjlasers.com\/wp-content\/uploads\/2026\/01\/\u4fbf\u643a\u53cc-7-18x10.jpg 18w, https:\/\/www.mlkjlasers.com\/wp-content\/uploads\/2026\/01\/\u4fbf\u643a\u53cc-7-600x338.jpg 600w\" sizes=\"(max-width: 1920px) 100vw, 1920px\" \/><\/span><\/p>\n<table style=\"border-collapse: collapse; width: 100%;\">\n<tbody>\n<tr>\n<td style=\"width: 50%;\"><span style=\"color: #000000; font-family: helvetica, arial, sans-serif; font-size: 14pt;\"><b>4 Griffe ems K\u00f6rper Skulpturen Maschine Muskel stimulieren<\/b><\/span><\/td>\n<td style=\"width: 50%;\"><span style=\"color: #000000; font-family: helvetica, arial, sans-serif; font-size: 14pt;\">Technologie:(Hochintensive pulsierte elektromagnetische)Finden Sie X<\/span><\/td>\n<\/tr>\n<tr>\n<td style=\"width: 50%;\"><span style=\"color: #000000; font-family: helvetica, arial, sans-serif; font-size: 14pt;\">Zielbereich: Beine\/Arme, F\u00fc\u00dfe, andere, H\u00e4nde, Brust, K\u00f6rper<\/span><\/td>\n<td style=\"width: 50%;\"><span style=\"color: #000000; font-family: helvetica, arial, sans-serif; font-size: 14pt;\">Stecker Typ: AU, Andere, UK, EU, US, CN, JP, Za, Es<\/span><\/td>\n<\/tr>\n<tr>\n<td style=\"width: 50%;\"><span style=\"color: #000000; font-family: helvetica, arial, sans-serif; font-size: 14pt;\">Funktion: Gewichtsverlust, Muskel stimulieren<\/span><\/td>\n<td style=\"width: 50%;\"><span style=\"color: #000000; font-family: helvetica, arial, sans-serif; font-size: 14pt;\">Spannung: 110V \/ 220V 50-60Hz<\/span><\/td>\n<\/tr>\n<tr>\n<td style=\"width: 50%;\"><span style=\"color: #000000; font-family: helvetica, arial, sans-serif; font-size: 14pt;\">Pulsdauer: 300PS<\/span><\/td>\n<td style=\"width: 50%;\"><span style=\"color: #000000; font-family: helvetica, arial, sans-serif; font-size: 14pt;\">Anwendung: F\u00fcr kommerzielle Zwecke<\/span><\/td>\n<\/tr>\n<tr>\n<td style=\"width: 50%;\"><span style=\"color: #000000; font-family: helvetica, arial, sans-serif; font-size: 14pt;\">Gr\u00f6\u00dfe: 71X61X112 cm<\/span><\/td>\n<td style=\"width: 50%;\"><span style=\"color: #000000; font-family: helvetica, arial, sans-serif; font-size: 14pt;\">Gewicht: 65kg<\/span><\/td>\n<\/tr>\n<\/tbody>\n<\/table>\n<p><span style=\"color: #000000; font-family: helvetica, arial, sans-serif; font-size: 14pt;\">MLKJ ist ein 18-j\u00e4hriges Unternehmen, das Design, Entwicklung, Produktion und Vertrieb von Sch\u00f6nheitsinstrumenten integriert.<\/span><br \/>\n<span style=\"color: #000000; font-family: helvetica, arial, sans-serif; font-size: 14pt;\">Echte Fabrik, wirklicher Produktionsprozess, wirkliche Bewertung!<\/span><br \/>\n<span style=\"color: #000000; font-family: helvetica, arial, sans-serif; font-size: 14pt;\">Willkommen bei unserem Unternehmen oder Videobesuch!<\/span><br \/>\n<span style=\"color: #000000; font-family: helvetica, arial, sans-serif; font-size: 14pt;\">Nur wenn Sie einen echten Partner w\u00e4hlen, kann die Produktqualit\u00e4t garantiert werden!<\/span><\/p>\n<p><span style=\"font-size: 14pt;\"><strong><a href=\"https:\/\/www.mlkjlasers.com\/de\/contact-us\/\"><span style=\"color: #000000; font-family: helvetica, arial, sans-serif;\">Fragen Sie jetzt nach Preisen!<\/span><\/a><\/strong><\/span><\/p>\n<p>&nbsp;<\/p>","protected":false},"excerpt":{"rendered":"<p>Muskeln aufbauen Muskeln kontraktieren sich 30000 Mal bei hoher Frequenz und Intensit\u00e4t, was das Training und die Erh\u00f6hung der Muskeldichte und -volumen erm\u00f6glicht. Die letzte Kontraktion der Muskeln erfordert eine gro\u00dfe Menge an Energie, so dass die Fettzellen neben den Muskeln auch verbraucht werden, was zu einer nat\u00fcrlichen Apoptose und einer effektiven Fettverminderung f\u00fchrt. Muskelskulptur [&hellip;]<\/p>","protected":false},"featured_media":3783,"comment_status":"open","ping_status":"closed","template":"","meta":[],"product_cat":[28],"product_tag":[],"class_list":["post-2035","product","type-product","status-publish","has-post-thumbnail","hentry","product_cat-slimming-machine"],"_links":{"self":[{"href":"https:\/\/www.mlkjlasers.com\/de\/wp-json\/wp\/v2\/product\/2035","targetHints":{"allow":["GET"]}}],"collection":[{"href":"https:\/\/www.mlkjlasers.com\/de\/wp-json\/wp\/v2\/product"}],"about":[{"href":"https:\/\/www.mlkjlasers.com\/de\/wp-json\/wp\/v2\/types\/product"}],"replies":[{"embeddable":true,"href":"https:\/\/www.mlkjlasers.com\/de\/wp-json\/wp\/v2\/comments?post=2035"}],"wp:featuredmedia":[{"embeddable":true,"href":"https:\/\/www.mlkjlasers.com\/de\/wp-json\/wp\/v2\/media\/3783"}],"wp:attachment":[{"href":"https:\/\/www.mlkjlasers.com\/de\/wp-json\/wp\/v2\/media?parent=2035"}],"wp:term":[{"taxonomy":"product_cat","embeddable":true,"href":"https:\/\/www.mlkjlasers.com\/de\/wp-json\/wp\/v2\/product_cat?post=2035"},{"taxonomy":"product_tag","embeddable":true,"href":"https:\/\/www.mlkjlasers.com\/de\/wp-json\/wp\/v2\/product_tag?post=2035"}],"curies":[{"name":"wp","href":"https:\/\/api.w.org\/{rel}","templated":true}]}}