{"id":2055,"date":"2023-07-26T15:34:32","date_gmt":"2023-07-26T07:34:32","guid":{"rendered":"https:\/\/mlkjlasers.com\/?post_type=product&#038;p=2055"},"modified":"2026-01-27T17:28:52","modified_gmt":"2026-01-27T09:28:52","slug":"4-handles-in-1-ems-body-sculpt-slimming-machine-2-3","status":"publish","type":"product","link":"https:\/\/www.mlkjlasers.com\/de\/product\/4-handles-in-1-ems-body-sculpt-slimming-machine-2-3\/","title":{"rendered":"5 in 1 Ultraschall Rf Vakuum Kavitation Gewichtsverlust Maschine"},"content":{"rendered":"<p><span style=\"font-family: helvetica, arial, sans-serif;\"><img fetchpriority=\"high\" decoding=\"async\" class=\"aligncenter wp-image-2066\" src=\"https:\/\/mlkjlasers.com\/wp-content\/uploads\/2023\/07\/\u6d77\u62a5.jpg\" alt=\"\" width=\"1920\" height=\"870\" srcset=\"https:\/\/www.mlkjlasers.com\/wp-content\/uploads\/2023\/07\/\u6d77\u62a5.jpg 1655w, https:\/\/www.mlkjlasers.com\/wp-content\/uploads\/2023\/07\/\u6d77\u62a5-300x136.jpg 300w, https:\/\/www.mlkjlasers.com\/wp-content\/uploads\/2023\/07\/\u6d77\u62a5-1024x464.jpg 1024w, https:\/\/www.mlkjlasers.com\/wp-content\/uploads\/2023\/07\/\u6d77\u62a5-768x348.jpg 768w, https:\/\/www.mlkjlasers.com\/wp-content\/uploads\/2023\/07\/\u6d77\u62a5-1536x696.jpg 1536w, https:\/\/www.mlkjlasers.com\/wp-content\/uploads\/2023\/07\/\u6d77\u62a5-600x272.jpg 600w\" sizes=\"(max-width: 1920px) 100vw, 1920px\" \/> <img decoding=\"async\" class=\"aligncenter wp-image-2061\" src=\"https:\/\/mlkjlasers.com\/wp-content\/uploads\/2023\/07\/\u51cf\u80a5B1_05.jpg\" alt=\"\" width=\"1920\" height=\"1222\" srcset=\"https:\/\/www.mlkjlasers.com\/wp-content\/uploads\/2023\/07\/\u51cf\u80a5B1_05.jpg 803w, https:\/\/www.mlkjlasers.com\/wp-content\/uploads\/2023\/07\/\u51cf\u80a5B1_05-300x191.jpg 300w, https:\/\/www.mlkjlasers.com\/wp-content\/uploads\/2023\/07\/\u51cf\u80a5B1_05-768x489.jpg 768w, https:\/\/www.mlkjlasers.com\/wp-content\/uploads\/2023\/07\/\u51cf\u80a5B1_05-600x382.jpg 600w\" sizes=\"(max-width: 1920px) 100vw, 1920px\" \/><\/span><\/p>\n<p><span style=\"font-family: helvetica, arial, sans-serif;\"><img decoding=\"async\" class=\"aligncenter wp-image-2069\" src=\"https:\/\/mlkjlasers.com\/wp-content\/uploads\/2023\/07\/\u51cf\u80a5B1\u624b\u67c4.jpg\" alt=\"\" width=\"1920\" height=\"1920\" srcset=\"https:\/\/www.mlkjlasers.com\/wp-content\/uploads\/2023\/07\/\u51cf\u80a5B1\u624b\u67c4.jpg 1044w, https:\/\/www.mlkjlasers.com\/wp-content\/uploads\/2023\/07\/\u51cf\u80a5B1\u624b\u67c4-300x300.jpg 300w, https:\/\/www.mlkjlasers.com\/wp-content\/uploads\/2023\/07\/\u51cf\u80a5B1\u624b\u67c4-1024x1024.jpg 1024w, https:\/\/www.mlkjlasers.com\/wp-content\/uploads\/2023\/07\/\u51cf\u80a5B1\u624b\u67c4-150x150.jpg 150w, https:\/\/www.mlkjlasers.com\/wp-content\/uploads\/2023\/07\/\u51cf\u80a5B1\u624b\u67c4-768x768.jpg 768w, https:\/\/www.mlkjlasers.com\/wp-content\/uploads\/2023\/07\/\u51cf\u80a5B1\u624b\u67c4-600x600.jpg 600w, https:\/\/www.mlkjlasers.com\/wp-content\/uploads\/2023\/07\/\u51cf\u80a5B1\u624b\u67c4-100x100.jpg 100w\" sizes=\"(max-width: 1920px) 100vw, 1920px\" \/><\/span><\/p>\n<p><span style=\"font-family: helvetica, arial, sans-serif;\"><strong>5 in 1 Ultraschall Rf Vakuum Kavitation Gewichtsverlust Maschine<\/strong><\/span><\/p>\n<p><span style=\"font-family: helvetica, arial, sans-serif;\">Kavitation rf Vakuumsystem K\u00f6rper Abnehmen Maschine ist eine multifunktionale Sch\u00f6nheit Maschine, haben perfekte Wirkung in der Hautverj\u00fcngung, K\u00f6rper Abnehmen und Form:<\/span><br \/>\n<span style=\"font-family: helvetica, arial, sans-serif;\">1) Kavitationskopf f\u00fcr die Verbrennung von Fettzelle, eplode fa Zelle.<\/span><br \/>\n<span style=\"font-family: helvetica, arial, sans-serif;\">2) Monopolarer RF-Kopf f\u00fcr die Gestaltung des K\u00f6rpers, entfernen Sie die Falte des K\u00f6rpers.<\/span><br \/>\n<span style=\"font-family: helvetica, arial, sans-serif;\">3) Kleiner dreifarbiger RF-Kopf f\u00fcr Hautstraffung, Hautheben, Faltenentfernung auf dem Gesicht.<\/span><br \/>\n<span style=\"font-family: helvetica, arial, sans-serif;\">4) Gro\u00dfer tripolarer RF-Kopf f\u00fcr Hautstraffung, Hautheben, Faltenentfernung auf K\u00f6rper.<\/span><br \/>\n<span style=\"font-family: helvetica, arial, sans-serif;\">5) Vakuum Liposuktion Kopf f\u00fcr Abnehmen, entfernen Sie \u00fcbersch\u00fcssige Fettzelle.<\/span><\/p>\n<p><span style=\"font-family: helvetica, arial, sans-serif;\"><img loading=\"lazy\" decoding=\"async\" class=\"aligncenter wp-image-2063\" src=\"https:\/\/mlkjlasers.com\/wp-content\/uploads\/2023\/07\/\u51cf\u80a5B1_03.jpg\" alt=\"\" width=\"1920\" height=\"1896\" srcset=\"https:\/\/www.mlkjlasers.com\/wp-content\/uploads\/2023\/07\/\u51cf\u80a5B1_03.jpg 803w, https:\/\/www.mlkjlasers.com\/wp-content\/uploads\/2023\/07\/\u51cf\u80a5B1_03-300x296.jpg 300w, https:\/\/www.mlkjlasers.com\/wp-content\/uploads\/2023\/07\/\u51cf\u80a5B1_03-768x758.jpg 768w, https:\/\/www.mlkjlasers.com\/wp-content\/uploads\/2023\/07\/\u51cf\u80a5B1_03-600x593.jpg 600w, https:\/\/www.mlkjlasers.com\/wp-content\/uploads\/2023\/07\/\u51cf\u80a5B1_03-100x100.jpg 100w\" sizes=\"(max-width: 1920px) 100vw, 1920px\" \/><\/span><\/p>\n<p><span style=\"font-family: helvetica, arial, sans-serif;\"><strong>Anwendung und Behandlungswirkung:<\/strong><\/span><br \/>\n<span style=\"font-family: helvetica, arial, sans-serif;\">&gt; Geeignet f\u00fcr 6 verschiedene Hautfarben, einschlie\u00dflich der dunklen Haut.<\/span><br \/>\n<span style=\"font-family: helvetica, arial, sans-serif;\">&gt; Die Saphirtemperatur k\u00fchlt 0 ~ 3 \u00b0 C ab, Kunden f\u00fchlen sich komfortabel und schmerzlos in der gesamten Behandlung.<\/span><br \/>\n<span style=\"font-family: helvetica, arial, sans-serif;\">&gt; Lange kontinuierliche Arbeitszeit, sicherstellen Sie die Arbeiten in Klinik \/ Salon Gebrauch.<\/span><\/p>\n<p><span style=\"font-family: helvetica, arial, sans-serif;\"><img loading=\"lazy\" decoding=\"async\" class=\"aligncenter wp-image-2059\" src=\"https:\/\/mlkjlasers.com\/wp-content\/uploads\/2023\/07\/\u51cf\u80a5B1_09.jpg\" alt=\"\" width=\"1920\" height=\"1975\" srcset=\"https:\/\/www.mlkjlasers.com\/wp-content\/uploads\/2023\/07\/\u51cf\u80a5B1_09.jpg 803w, https:\/\/www.mlkjlasers.com\/wp-content\/uploads\/2023\/07\/\u51cf\u80a5B1_09-292x300.jpg 292w, https:\/\/www.mlkjlasers.com\/wp-content\/uploads\/2023\/07\/\u51cf\u80a5B1_09-768x790.jpg 768w, https:\/\/www.mlkjlasers.com\/wp-content\/uploads\/2023\/07\/\u51cf\u80a5B1_09-600x617.jpg 600w\" sizes=\"(max-width: 1920px) 100vw, 1920px\" \/><\/span><\/p>\n<p><span style=\"font-family: helvetica, arial, sans-serif;\"> <img loading=\"lazy\" decoding=\"async\" class=\"aligncenter wp-image-2058\" src=\"https:\/\/mlkjlasers.com\/wp-content\/uploads\/2023\/07\/\u51cf\u80a5B1_11.jpg\" alt=\"\" width=\"1920\" height=\"1282\" srcset=\"https:\/\/www.mlkjlasers.com\/wp-content\/uploads\/2023\/07\/\u51cf\u80a5B1_11.jpg 803w, https:\/\/www.mlkjlasers.com\/wp-content\/uploads\/2023\/07\/\u51cf\u80a5B1_11-300x200.jpg 300w, https:\/\/www.mlkjlasers.com\/wp-content\/uploads\/2023\/07\/\u51cf\u80a5B1_11-768x513.jpg 768w, https:\/\/www.mlkjlasers.com\/wp-content\/uploads\/2023\/07\/\u51cf\u80a5B1_11-600x400.jpg 600w\" sizes=\"(max-width: 1920px) 100vw, 1920px\" \/><\/span><\/p>\n<p><span style=\"font-family: helvetica, arial, sans-serif;\"><img loading=\"lazy\" decoding=\"async\" class=\"aligncenter wp-image-2060\" src=\"https:\/\/mlkjlasers.com\/wp-content\/uploads\/2023\/07\/\u51cf\u80a5B1_07.jpg\" alt=\"\" width=\"1920\" height=\"1184\" srcset=\"https:\/\/www.mlkjlasers.com\/wp-content\/uploads\/2023\/07\/\u51cf\u80a5B1_07.jpg 803w, https:\/\/www.mlkjlasers.com\/wp-content\/uploads\/2023\/07\/\u51cf\u80a5B1_07-300x185.jpg 300w, https:\/\/www.mlkjlasers.com\/wp-content\/uploads\/2023\/07\/\u51cf\u80a5B1_07-768x473.jpg 768w, https:\/\/www.mlkjlasers.com\/wp-content\/uploads\/2023\/07\/\u51cf\u80a5B1_07-600x370.jpg 600w\" sizes=\"(max-width: 1920px) 100vw, 1920px\" \/> 1) 8 Zoll wahre Farbe gro\u00dfer Touchscreen<br \/>\n2) Super coole Ber\u00fchrungserfahrung<br \/>\n3) 6 Sprache f\u00fcr Ihre Wahl, spezielle Sprache kann hinzugef\u00fcgt werden<\/span><\/p>\n<p><span style=\"font-family: helvetica, arial, sans-serif;\"><img loading=\"lazy\" decoding=\"async\" class=\"aligncenter wp-image-2057\" src=\"https:\/\/mlkjlasers.com\/wp-content\/uploads\/2023\/07\/\u51cf\u80a5B1_13.jpg\" alt=\"\" width=\"1920\" height=\"1765\" srcset=\"https:\/\/www.mlkjlasers.com\/wp-content\/uploads\/2023\/07\/\u51cf\u80a5B1_13.jpg 803w, https:\/\/www.mlkjlasers.com\/wp-content\/uploads\/2023\/07\/\u51cf\u80a5B1_13-300x276.jpg 300w, https:\/\/www.mlkjlasers.com\/wp-content\/uploads\/2023\/07\/\u51cf\u80a5B1_13-768x706.jpg 768w, https:\/\/www.mlkjlasers.com\/wp-content\/uploads\/2023\/07\/\u51cf\u80a5B1_13-600x551.jpg 600w\" sizes=\"(max-width: 1920px) 100vw, 1920px\" \/><\/span><span style=\"color: #000000; font-family: helvetica, arial, sans-serif;\">MLKJ ist ein 15-j\u00e4hriges Unternehmen, das Design, Entwicklung, Produktion und Vertrieb von Sch\u00f6nheitsinstrumenten integriert.<\/span><br \/>\n<span style=\"color: #000000; font-family: helvetica, arial, sans-serif;\">Echte Fabrik, wirklicher Produktionsprozess, wirkliche Bewertung!<\/span><br \/>\n<span style=\"color: #000000; font-family: helvetica, arial, sans-serif;\">Willkommen bei unserem Unternehmen oder Videobesuch!<\/span><br \/>\n<span style=\"color: #000000; font-family: helvetica, arial, sans-serif;\">Nur wenn Sie einen echten Partner w\u00e4hlen, kann die Produktqualit\u00e4t garantiert werden!<\/span><\/p>\n<table style=\"height: 278px; width: 98.0194%; border-collapse: collapse;\">\n<tbody>\n<tr style=\"height: 24px;\">\n<td style=\"width: 49.0421%; height: 43px;\"><span style=\"font-family: helvetica, arial, sans-serif;\">5 in 1 Ultraschall Rf Vakuum Kavitation Gewichtsverlust Maschine<\/span><\/td>\n<td style=\"width: 48.9783%; height: 43px;\"><span style=\"color: #000000; font-family: helvetica, arial, sans-serif;\">Technologie: Gewichtsverlust Maschine B1<\/span><\/td>\n<\/tr>\n<tr style=\"height: 24px;\">\n<td style=\"width: 49.0421%; height: 88px;\" rowspan=\"5\" data-spm-anchor-id=\"a2700.wholesale.0.i35.6cea66caH0Iylk\">\n<div class=\"magic-10\" data-spm-anchor-id=\"a2700.wholesale.0.i36.6cea66caH0Iylk\"><span style=\"font-family: helvetica, arial, sans-serif;\">Handst\u00fccke<\/span><\/div>\n<\/td>\n<td style=\"width: 48.9783%; height: 24px;\">\n<div class=\"magic-11\">\n<p><span style=\"font-family: helvetica, arial, sans-serif;\">Gro\u00dfer unipolarer RF-Kopf<\/span><\/p>\n<\/div>\n<\/td>\n<\/tr>\n<tr style=\"height: 24px;\">\n<td style=\"width: 48.9783%; height: 10px;\"><span style=\"font-family: helvetica, arial, sans-serif;\">Kleiner unipolarer RF-Kopf<\/span><\/td>\n<\/tr>\n<tr style=\"height: 24px;\">\n<td style=\"width: 48.9783%; height: 10px;\"><span style=\"font-family: helvetica, arial, sans-serif;\">Bipolarer Radiokopf<\/span><\/td>\n<\/tr>\n<tr style=\"height: 24px;\">\n<td style=\"width: 48.9783%; height: 10px;\"><span style=\"font-family: helvetica, arial, sans-serif;\">Gro\u00dfer dreipoler RF-Magnetkopf<\/span><\/td>\n<\/tr>\n<tr style=\"height: 12px;\">\n<td style=\"width: 48.9783%; height: 34px;\"><span style=\"font-family: helvetica, arial, sans-serif;\">Kleiner 3-poliger RF-Kopf<\/span><\/td>\n<\/tr>\n<tr style=\"height: 51px;\">\n<td style=\"width: 49.0421%; height: 10px;\" width=\"136\"><span style=\"font-family: helvetica, arial, sans-serif;\">Technologie<\/span><\/td>\n<td style=\"width: 48.9783%; height: 10px;\" width=\"282\"><span style=\"font-family: helvetica, arial, sans-serif;\">Gro\u00dfe\/kleine unipolare RF bipolare RF gro\u00dfe\/kleine tripolare RF)<\/span><\/td>\n<\/tr>\n<tr style=\"height: 51px;\">\n<td style=\"width: 49.0421%; height: 33px;\" width=\"136\"><span style=\"font-family: helvetica, arial, sans-serif;\">Ausgangsfrequenz<\/span><\/td>\n<td style=\"width: 48.9783%; height: 33px;\" width=\"282\"><span style=\"font-family: helvetica, arial, sans-serif;\">5 MHz<\/span><\/td>\n<\/tr>\n<tr style=\"height: 51px;\">\n<td style=\"width: 49.0421%; height: 10px;\" width=\"136\"><span style=\"font-family: helvetica, arial, sans-serif;\">Maximale Ausgangsleistung<\/span><\/td>\n<td style=\"width: 48.9783%; height: 10px;\" width=\"282\"><span style=\"font-family: helvetica, arial, sans-serif;\">150W<\/span><\/td>\n<\/tr>\n<tr style=\"height: 24px;\">\n<td style=\"width: 49.0421%; height: 35px;\">\n<div class=\"magic-10\"><span style=\"font-family: helvetica, arial, sans-serif;\">Monopilare RF<\/span><\/div>\n<\/td>\n<td style=\"width: 48.9783%; height: 35px;\">\n<div class=\"magic-11\" data-spm-anchor-id=\"a2700.wholesale.0.i37.6cea66caH0Iylk\"><span style=\"font-family: helvetica, arial, sans-serif;\">1-10 MHZ (Ausgangsfrequenz) 150 Watt (Maximale Ausgangsleistung)<\/span><\/div>\n<\/td>\n<\/tr>\n<tr style=\"height: 24px;\">\n<td style=\"width: 49.0421%; height: 21px;\">\n<div class=\"magic-10\"><span style=\"font-family: helvetica, arial, sans-serif;\">Vakuumdruck<\/span><\/div>\n<\/td>\n<td style=\"width: 48.9783%; height: 21px;\">\n<div class=\"magic-11\"><span style=\"font-family: helvetica, arial, sans-serif;\">100 KPA<\/span><\/div>\n<\/td>\n<\/tr>\n<tr style=\"height: 24px;\">\n<td style=\"width: 49.0421%; height: 38px;\">\n<div class=\"magic-10\"><span style=\"font-family: helvetica, arial, sans-serif;\">Gr\u00f6\u00dfe<\/span><\/div>\n<\/td>\n<td style=\"width: 48.9783%; height: 38px;\"><\/td>\n<\/tr>\n<\/tbody>\n<\/table>\n<p>&nbsp;<\/p>\n<p><span style=\"font-family: helvetica, arial, sans-serif;\"><strong><a href=\"https:\/\/www.mlkjlasers.com\/de\/contact-us\/\"><span style=\"color: #000000; font-size: 14pt;\">Fragen Sie jetzt nach Preisen!<\/span><\/a><\/strong><\/span><\/p>\n<p>&nbsp;<\/p>","protected":false},"excerpt":{"rendered":"<p><span style=\"font-family: helvetica, arial, sans-serif;\">Kavitation rf Vakuumsystem K\u00f6rper Abnehmen Maschine ist eine multifunktionale Sch\u00f6nheit Maschine, haben perfekte Wirkung in der Hautverj\u00fcngung, K\u00f6rper Abnehmen und Form:<\/span><br \/>\n<span style=\"font-family: helvetica, arial, sans-serif;\">1) Kavitationskopf f\u00fcr die Verbrennung von Fettzelle, eplode fa Zelle.<\/span><br \/>\n<span style=\"font-family: helvetica, arial, sans-serif;\">2) Monopolarer RF-Kopf f\u00fcr die Gestaltung des K\u00f6rpers, entfernen Sie die Falte des K\u00f6rpers.<\/span><br \/>\n<span style=\"font-family: helvetica, arial, sans-serif;\">3) Kleiner dreifarbiger RF-Kopf f\u00fcr Hautstraffung, Hautheben, Faltenentfernung auf dem Gesicht.<\/span><br \/>\n<span style=\"font-family: helvetica, arial, sans-serif;\">4) Gro\u00dfer tripolarer RF-Kopf f\u00fcr Hautstraffung, Hautheben, Faltenentfernung auf K\u00f6rper.<\/span><br \/>\n<span style=\"font-family: helvetica, arial, sans-serif;\">5) Vakuum Liposuktion Kopf f\u00fcr Abnehmen, entfernen Sie \u00fcbersch\u00fcssige Fettzelle.<\/span><\/p>","protected":false},"featured_media":2084,"comment_status":"open","ping_status":"closed","template":"","meta":[],"product_cat":[28],"product_tag":[],"class_list":["post-2055","product","type-product","status-publish","has-post-thumbnail","hentry","product_cat-slimming-machine"],"_links":{"self":[{"href":"https:\/\/www.mlkjlasers.com\/de\/wp-json\/wp\/v2\/product\/2055","targetHints":{"allow":["GET"]}}],"collection":[{"href":"https:\/\/www.mlkjlasers.com\/de\/wp-json\/wp\/v2\/product"}],"about":[{"href":"https:\/\/www.mlkjlasers.com\/de\/wp-json\/wp\/v2\/types\/product"}],"replies":[{"embeddable":true,"href":"https:\/\/www.mlkjlasers.com\/de\/wp-json\/wp\/v2\/comments?post=2055"}],"wp:featuredmedia":[{"embeddable":true,"href":"https:\/\/www.mlkjlasers.com\/de\/wp-json\/wp\/v2\/media\/2084"}],"wp:attachment":[{"href":"https:\/\/www.mlkjlasers.com\/de\/wp-json\/wp\/v2\/media?parent=2055"}],"wp:term":[{"taxonomy":"product_cat","embeddable":true,"href":"https:\/\/www.mlkjlasers.com\/de\/wp-json\/wp\/v2\/product_cat?post=2055"},{"taxonomy":"product_tag","embeddable":true,"href":"https:\/\/www.mlkjlasers.com\/de\/wp-json\/wp\/v2\/product_tag?post=2055"}],"curies":[{"name":"wp","href":"https:\/\/api.w.org\/{rel}","templated":true}]}}