{"id":2085,"date":"2023-07-26T16:29:13","date_gmt":"2023-07-26T08:29:13","guid":{"rendered":"https:\/\/mlkjlasers.com\/?post_type=product&#038;p=2085"},"modified":"2026-01-27T16:47:45","modified_gmt":"2026-01-27T08:47:45","slug":"vertical-co2-fractional-laser","status":"publish","type":"product","link":"https:\/\/www.mlkjlasers.com\/de\/product\/vertical-co2-fractional-laser\/","title":{"rendered":"Vertikale Fraktionelle CO2 Lasermaschine Hautverj\u00fcngung CO2 Fraktionelle Lasermaschine f\u00fcr Akne Narben Entfernung Haut Resurfacing"},"content":{"rendered":"<div class=\"J_module\">\n<div class=\"icbu-pc-images magic-0\">\n<div>\n<div class=\"flex-layout-v\">\n<div class=\"flex-layout-h magic-0\">\n<div class=\"magic-1\"><span style=\"font-size: 14pt; font-family: helvetica, arial, sans-serif; color: #000000;\"><img fetchpriority=\"high\" decoding=\"async\" class=\"magic-2 alignleft\" src=\"https:\/\/sc04.alicdn.com\/kf\/Hc7c1540801cd44d890aeaa993a9a731a3\/252086154\/Hc7c1540801cd44d890aeaa993a9a731a3.jpg\" width=\"1356\" height=\"904\" data-src=\"\/\/sc04.alicdn.com\/kf\/Hc7c1540801cd44d890aeaa993a9a731a3\/252086154\/Hc7c1540801cd44d890aeaa993a9a731a3.jpg\" \/><\/span><\/div>\n<\/div>\n<\/div>\n<\/div>\n<\/div>\n<\/div>\n<div class=\"J_module\" style=\"text-align: left;\">\n<div id=\"ali-anchor-AliMagic-ifa1jx\" class=\"magic-3\" data-section=\"AliMagic-ifa1jx\" data-section-title=\"Products Description\"><\/div>\n<\/div>\n<div class=\"J_module\" style=\"text-align: left;\">\n<div class=\"detail-decorate-json-renderer-container\">\n<div class=\"magic-4\">\n<div class=\"magic-5\">\n<div class=\"magic-6\">\n<div class=\"magic-7\"><span style=\"font-size: 14pt; font-family: helvetica, arial, sans-serif; color: #000000;\"><b><span class=\"magic-8\"><span class=\"magic-9\">CO2 Fraktionelles Lasersystem.<\/span><span class=\"magic-10\"><span class=\"magic-9\">Geben Sie Ihre sch\u00f6ne Haut zur\u00fcck!<\/span><\/span><\/span><\/b><\/span><\/div>\n<div><\/div>\n<\/div>\n<\/div>\n<\/div>\n<\/div>\n<\/div>\n<div class=\"J_module\" style=\"text-align: left;\">\n<div class=\"icbu-pc-images magic-0\">\n<div>\n<div class=\"flex-layout-v\">\n<div class=\"flex-layout-h magic-0\">\n<div class=\"magic-11\"><span style=\"font-size: 14pt; font-family: helvetica, arial, sans-serif; color: #000000;\"><img decoding=\"async\" class=\"magic-12 alignnone\" src=\"https:\/\/sc04.alicdn.com\/kf\/Hcd5f21fec2b444d5a69cfac84e6e440aj\/252086154\/Hcd5f21fec2b444d5a69cfac84e6e440aj.jpg\" width=\"1355\" height=\"1550\" data-src=\"\/\/sc04.alicdn.com\/kf\/Hcd5f21fec2b444d5a69cfac84e6e440aj\/252086154\/Hcd5f21fec2b444d5a69cfac84e6e440aj.jpg\" \/><\/span><\/div>\n<\/div>\n<\/div>\n<div><\/div>\n<\/div>\n<\/div>\n<\/div>\n<div class=\"J_module\" style=\"text-align: left;\">\n<div class=\"detail-decorate-json-renderer-container\">\n<div class=\"magic-4\">\n<div class=\"magic-5\">\n<div class=\"magic-6\">\n<div class=\"magic-7\"><span class=\"magic-13\" style=\"font-size: 14pt; font-family: helvetica, arial, sans-serif; color: #000000;\"><b>Mehrere Betriebsarten<\/b><\/span><\/div>\n<div class=\"magic-7\"><span class=\"magic-13\" style=\"font-size: 14pt; font-family: helvetica, arial, sans-serif; color: #000000;\">Kontinuierlicher, Super-Impuls, fraktionell verschiedene Betriebsmodi<\/span><\/div>\n<div><\/div>\n<div class=\"magic-7\"><span class=\"magic-13\" style=\"font-size: 14pt; font-family: helvetica, arial, sans-serif; color: #000000;\"><b>Verstellbar<\/b><\/span><\/div>\n<div class=\"magic-7\"><span class=\"magic-13\" style=\"font-size: 14pt; font-family: helvetica, arial, sans-serif; color: #000000;\">Durchmesser und Abstand der Brennpunkte sind einstellbar<\/span><\/div>\n<div><\/div>\n<div class=\"magic-7\"><span class=\"magic-13\" style=\"font-size: 14pt; font-family: helvetica, arial, sans-serif; color: #000000;\"><b>Einfuhren aus den USA<\/b><\/span><\/div>\n<div class=\"magic-7\"><span class=\"magic-13\" style=\"font-size: 14pt; font-family: helvetica, arial, sans-serif; color: #000000;\">Das beste USA RF Laserrohr, importiert von CONHERENT, stabile Leistung, hohe effektive <\/span><\/div>\n<div class=\"magic-7\"><span class=\"magic-13\" style=\"font-size: 14pt; font-family: helvetica, arial, sans-serif; color: #000000;\"><b>Einfach<\/b> Einfach das Handst\u00fcck zu demontieren und in der Maschine zu h\u00e4ngen<\/span><\/div>\n<div><\/div>\n<\/div>\n<\/div>\n<\/div>\n<\/div>\n<\/div>\n<div class=\"J_module\" style=\"text-align: left;\">\n<div class=\"icbu-pc-images magic-0\">\n<div>\n<div class=\"flex-layout-v\">\n<div class=\"flex-layout-h magic-0\">\n<div class=\"magic-14\"><span style=\"font-size: 14pt; font-family: helvetica, arial, sans-serif; color: #000000;\"><img decoding=\"async\" class=\"magic-15 alignnone\" src=\"https:\/\/sc04.alicdn.com\/kf\/H13d8e5021a814b2799acda22438132f5B\/252086154\/H13d8e5021a814b2799acda22438132f5B.jpg\" width=\"1351\" height=\"1746\" data-src=\"\/\/sc04.alicdn.com\/kf\/H13d8e5021a814b2799acda22438132f5B\/252086154\/H13d8e5021a814b2799acda22438132f5B.jpg\" \/><\/span><\/div>\n<\/div>\n<\/div>\n<\/div>\n<\/div>\n<\/div>\n<div class=\"J_module\" style=\"text-align: left;\">\n<div class=\"icbu-pc-images magic-0\">\n<div>\n<div class=\"flex-layout-v\">\n<div class=\"flex-layout-h magic-0\">\n<div class=\"magic-16\"><span style=\"font-size: 14pt; font-family: helvetica, arial, sans-serif; color: #000000;\"><img loading=\"lazy\" decoding=\"async\" class=\"magic-17 alignnone\" src=\"https:\/\/sc04.alicdn.com\/kf\/H511979c8a40e45558f97ca54f2d09878n\/252086154\/H511979c8a40e45558f97ca54f2d09878n.jpg\" width=\"1351\" height=\"1851\" data-src=\"\/\/sc04.alicdn.com\/kf\/H511979c8a40e45558f97ca54f2d09878n\/252086154\/H511979c8a40e45558f97ca54f2d09878n.jpg\" \/><\/span><\/div>\n<\/div>\n<\/div>\n<div><\/div>\n<\/div>\n<\/div>\n<\/div>\n<div class=\"J_module\" style=\"text-align: left;\">\n<div class=\"detail-decorate-json-renderer-container\">\n<div class=\"magic-4\">\n<div class=\"magic-5\">\n<div class=\"magic-6\">\n<div class=\"magic-7\"><span class=\"magic-13\" style=\"font-size: 14pt; font-family: helvetica, arial, sans-serif; color: #000000;\"><b>Mild<\/b><\/span><\/div>\n<div class=\"magic-7\"><span class=\"magic-13\" style=\"font-size: 14pt; font-family: helvetica, arial, sans-serif; color: #000000;\">Keine Pigmentierung und Entpigmentierung der Haut, brauchen keine zus\u00e4tzlichen Verbrauchsmaterialien<\/span><\/div>\n<div><\/div>\n<div class=\"magic-7\"><span class=\"magic-13\" style=\"font-size: 14pt; font-family: helvetica, arial, sans-serif; color: #000000;\"><b>Sicherheitsschutz<\/b><\/span><\/div>\n<div class=\"magic-7\"><span class=\"magic-13\" style=\"font-size: 14pt; font-family: helvetica, arial, sans-serif; color: #000000;\">Sicherheitsschutz mit automatischem Alam <\/span><\/div>\n<div><\/div>\n<div class=\"magic-7\"><span class=\"magic-13\" style=\"font-size: 14pt; font-family: helvetica, arial, sans-serif; color: #000000;\"><b>Verkn\u00fcpfung<\/b><\/span><\/div>\n<div class=\"magic-7\"><span class=\"magic-13\" style=\"font-size: 14pt; font-family: helvetica, arial, sans-serif; color: #000000;\">Einfache und schnelle Behandlung, keine Ausfallzeit<\/span><\/div>\n<div><\/div>\n<div class=\"magic-7\"><span class=\"magic-13\" style=\"font-size: 14pt; font-family: helvetica, arial, sans-serif; color: #000000;\"><b>Einfach zu bedienen<\/b><\/span><\/div>\n<div class=\"magic-7\"><span class=\"magic-13\" style=\"font-size: 14pt; font-family: helvetica, arial, sans-serif; color: #000000;\">Gelenkte Arm Lichtleitung <\/span><\/div>\n<div><\/div>\n<div class=\"magic-7\"><span class=\"magic-13\" style=\"font-size: 14pt; font-family: helvetica, arial, sans-serif; color: #000000;\"><b>Breites Anwendungsspektrum<\/b><\/span><\/div>\n<div class=\"magic-7\"><span class=\"magic-13\" style=\"font-size: 14pt; font-family: helvetica, arial, sans-serif; color: #000000;\">Verschiedene Spotvolumen sind f\u00fcr verschiedene Bereiche des K\u00f6rpers geeignet<\/span><\/div>\n<\/div>\n<\/div>\n<\/div>\n<\/div>\n<\/div>\n<div class=\"J_module\" style=\"text-align: left;\">\n<div class=\"icbu-pc-images magic-0\">\n<div>\n<div class=\"flex-layout-v\">\n<div class=\"flex-layout-h magic-0\">\n<div class=\"magic-18\"><span style=\"font-size: 14pt; font-family: helvetica, arial, sans-serif; color: #000000;\"><img loading=\"lazy\" decoding=\"async\" class=\"magic-19 alignnone\" src=\"https:\/\/sc04.alicdn.com\/kf\/H3e3e18d7e43c4e6994adb599ace4a359I\/252086154\/H3e3e18d7e43c4e6994adb599ace4a359I.jpg\" width=\"1358\" height=\"1194\" data-src=\"\/\/sc04.alicdn.com\/kf\/H3e3e18d7e43c4e6994adb599ace4a359I\/252086154\/H3e3e18d7e43c4e6994adb599ace4a359I.jpg\" \/><\/span><\/div>\n<\/div>\n<\/div>\n<\/div>\n<\/div>\n<\/div>\n<div class=\"J_module\" style=\"text-align: left;\">\n<div class=\"icbu-pc-images magic-0\">\n<div>\n<div class=\"flex-layout-v\">\n<div class=\"flex-layout-h magic-0\">\n<div class=\"magic-20\"><span style=\"font-size: 14pt; font-family: helvetica, arial, sans-serif; color: #000000;\"><img loading=\"lazy\" decoding=\"async\" class=\"magic-21 alignnone\" src=\"https:\/\/sc04.alicdn.com\/kf\/H99fe27be7ace4abc8e39ca13613532575\/252086154\/H99fe27be7ace4abc8e39ca13613532575.jpg\" width=\"1346\" height=\"1958\" data-src=\"\/\/sc04.alicdn.com\/kf\/H99fe27be7ace4abc8e39ca13613532575\/252086154\/H99fe27be7ace4abc8e39ca13613532575.jpg\" \/><\/span><\/div>\n<div><span style=\"font-size: 14pt;\"><b class=\"magic-9\" style=\"color: #000000; font-family: helvetica, arial, sans-serif;\">Importierte Scank\u00f6pfe verwenden in der Regel f\u00fcr 3 &#8211; 5 Jahre, mit niedriger Ausfallrate, genauerer Abtastung und langer Lebensdauer.<\/b><\/span><\/div>\n<\/div>\n<\/div>\n<\/div>\n<\/div>\n<\/div>\n<div class=\"J_module\" style=\"text-align: left;\">\n<div class=\"detail-decorate-json-renderer-container\">\n<div class=\"magic-4\">\n<div class=\"magic-5\">\n<div class=\"magic-6\">\n<div class=\"magic-7\">\n<div><span class=\"magic-13\" style=\"color: #000000; font-size: 14pt; font-family: helvetica, arial, sans-serif;\">40W Laser hat hohe Leistung und ausreichende Energie und kann f\u00fcr eine lange Zeit kontinuierlich arbeiten.<br \/>\n<\/span><\/div>\n<div><span class=\"magic-13\" style=\"color: #000000; font-size: 14pt; font-family: helvetica, arial, sans-serif;\"><b class=\"magic-9\">Starke Energie, gleichm\u00e4\u00dfige Lichtemission, genaueres Scannen, niedrigere Ausfallrate und lange Lebensdauer.<\/b><\/span><\/div>\n<\/div>\n<\/div>\n<\/div>\n<\/div>\n<\/div>\n<\/div>\n<div class=\"J_module\" style=\"text-align: left;\">\n<div class=\"icbu-pc-images magic-0\">\n<div>\n<div class=\"flex-layout-v\">\n<div class=\"flex-layout-h magic-0\">\n<div><\/div>\n<\/div>\n<\/div>\n<\/div>\n<\/div>\n<\/div>\n<div class=\"J_module\" style=\"text-align: left;\">\n<div id=\"ali-anchor-AliMagic-hliqyf\" class=\"magic-3\" data-section=\"AliMagic-hliqyf\" data-section-title=\"Effect comparison\"><span style=\"font-size: 14pt; font-family: helvetica, arial, sans-serif; color: #000000;\"><strong>Effektvergleich<\/strong><\/span><\/div>\n<\/div>\n<div class=\"J_module\" style=\"text-align: left;\">\n<div class=\"icbu-pc-images magic-0\">\n<div>\n<div class=\"flex-layout-v\">\n<div class=\"flex-layout-h magic-0\">\n<div class=\"magic-24\"><span style=\"font-size: 14pt; font-family: helvetica, arial, sans-serif; color: #000000;\"><img loading=\"lazy\" decoding=\"async\" class=\"magic-25 alignnone\" src=\"https:\/\/sc04.alicdn.com\/kf\/H6014c423c1754706ab8679382b0299a8p\/252086154\/H6014c423c1754706ab8679382b0299a8p.jpg\" width=\"1349\" height=\"842\" data-src=\"\/\/sc04.alicdn.com\/kf\/H6014c423c1754706ab8679382b0299a8p\/252086154\/H6014c423c1754706ab8679382b0299a8p.jpg\" \/><\/span><\/div>\n<\/div>\n<\/div>\n<\/div>\n<\/div>\n<\/div>\n<div class=\"J_module\" style=\"text-align: left;\">\n<div class=\"icbu-pc-images magic-0\">\n<div>\n<div class=\"flex-layout-v\">\n<div class=\"flex-layout-h magic-0\">\n<div class=\"magic-26\"><span style=\"font-size: 14pt; font-family: helvetica, arial, sans-serif; color: #000000;\"><img loading=\"lazy\" decoding=\"async\" class=\"magic-27 alignnone\" src=\"https:\/\/sc04.alicdn.com\/kf\/H5976fe649456464898017a9262a460e3j\/252086154\/H5976fe649456464898017a9262a460e3j.jpg\" width=\"1360\" height=\"990\" data-src=\"\/\/sc04.alicdn.com\/kf\/H5976fe649456464898017a9262a460e3j\/252086154\/H5976fe649456464898017a9262a460e3j.jpg\" \/><\/span><\/div>\n<\/div>\n<\/div>\n<\/div>\n<\/div>\n<\/div>\n<div class=\"J_module\" style=\"text-align: left;\">\n<div class=\"detail-decorate-json-renderer-container\">\n<div class=\"magic-4\">\n<div class=\"magic-5\">\n<div class=\"magic-6\">\n<div class=\"magic-7\">\n<p><span class=\"magic-13\" style=\"font-size: 14pt; font-family: helvetica, arial, sans-serif; color: #000000;\">14 Zoll wahre Farbe gro\u00dfer Touchscreen<\/span><\/p>\n<div><span class=\"magic-13\" style=\"font-size: 14pt; font-family: helvetica, arial, sans-serif; color: #000000;\">Super cool Touch Erlebnis<\/span><\/div>\n<div><span class=\"magic-13\" style=\"font-size: 14pt; font-family: helvetica, arial, sans-serif; color: #000000;\">12 Sprache f\u00fcr Ihre Wahl, spezielle Sprache kann hinzugef\u00fcgt werden<br \/>\n<\/span><\/div>\n<div><span class=\"magic-13\" style=\"font-size: 14pt; font-family: helvetica, arial, sans-serif; color: #000000;\">OEM-Service werden akzeptiert, wie Parameter einstellen, umfassen Energie \/ Fre \/ Zeitbereich<br \/>\n<\/span><\/div>\n<div data-spm-anchor-id=\"a2700.wholesale.0.i36.304df5d1W3QwJB\"><span class=\"magic-13\" style=\"font-size: 14pt; font-family: helvetica, arial, sans-serif; color: #000000;\">12 Typen Ausgabemuster.<\/span><\/div>\n<\/div>\n<\/div>\n<\/div>\n<\/div>\n<\/div>\n<\/div>\n<div style=\"text-align: left;\" data-spm-anchor-id=\"a2700.wholesale.0.i36.304df5d1W3QwJB\"><\/div>\n<div class=\"J_module\">\n<div class=\"detail-decorate-json-renderer-container\">\n<div class=\"magic-4\">\n<div style=\"text-align: left;\" data-spm-anchor-id=\"a2700.wholesale.0.i36.304df5d1W3QwJB\"><\/div>\n<\/div>\n<\/div>\n<\/div>","protected":false},"excerpt":{"rendered":"<p>Fraktionelle ablative CO2 resurfacing liefert 10600nm Laser auf fraktionelle Weise in die Haut, w\u00e4hrend die unbehandelten Umgebungsbereiche intakt gelassen werden.<\/p>\n<p>Laser erzeugt mikroskopische thermische Punkte auf der Oberfl\u00e4che und f\u00fchrt innerhalb der Gewebe, verbessert die Hautstraffung, Altersflecken, feine Linien, Aknenarben, Dehnungsstreifen Entfernung und Vulvaverj\u00fcngung. Das unbehandelte Gewebe hilft, den Heilungsprozess zu beschleunigen und die Haut zu verj\u00fcngen, indem es die Mikrozirkulation und die neue Zellgenese f\u00f6rdert.<\/p>\n<p>Straffung der Haut;<br \/>\nAkne und Aknenarbe Entfernung;<br \/>\nGlatte verbrannte Narben und Chirurgie Narben, Dermabrasion etc-;<br \/>\nEntfernen Sie unheilbare Chlosmas und Pigmentation;<br \/>\nErholung von Sonnensch\u00e4den<\/p>","protected":false},"featured_media":2091,"comment_status":"open","ping_status":"closed","template":"","meta":[],"product_cat":[22],"product_tag":[],"class_list":["post-2085","product","type-product","status-publish","has-post-thumbnail","hentry","product_cat-co2-laser"],"_links":{"self":[{"href":"https:\/\/www.mlkjlasers.com\/de\/wp-json\/wp\/v2\/product\/2085","targetHints":{"allow":["GET"]}}],"collection":[{"href":"https:\/\/www.mlkjlasers.com\/de\/wp-json\/wp\/v2\/product"}],"about":[{"href":"https:\/\/www.mlkjlasers.com\/de\/wp-json\/wp\/v2\/types\/product"}],"replies":[{"embeddable":true,"href":"https:\/\/www.mlkjlasers.com\/de\/wp-json\/wp\/v2\/comments?post=2085"}],"wp:featuredmedia":[{"embeddable":true,"href":"https:\/\/www.mlkjlasers.com\/de\/wp-json\/wp\/v2\/media\/2091"}],"wp:attachment":[{"href":"https:\/\/www.mlkjlasers.com\/de\/wp-json\/wp\/v2\/media?parent=2085"}],"wp:term":[{"taxonomy":"product_cat","embeddable":true,"href":"https:\/\/www.mlkjlasers.com\/de\/wp-json\/wp\/v2\/product_cat?post=2085"},{"taxonomy":"product_tag","embeddable":true,"href":"https:\/\/www.mlkjlasers.com\/de\/wp-json\/wp\/v2\/product_tag?post=2085"}],"curies":[{"name":"wp","href":"https:\/\/api.w.org\/{rel}","templated":true}]}}