{"id":2107,"date":"2023-07-27T15:21:47","date_gmt":"2023-07-27T07:21:47","guid":{"rendered":"https:\/\/mlkjlasers.com\/?post_type=product&#038;p=2107"},"modified":"2026-01-27T10:39:05","modified_gmt":"2026-01-27T02:39:05","slug":"vertical-co2-fractional-laser-2","status":"publish","type":"product","link":"https:\/\/www.mlkjlasers.com\/de\/product\/vertical-co2-fractional-laser-2\/","title":{"rendered":"Tragbare 40W CO2 Fraktionelle Lasernarbenentfernung Vaginale Straffen Fraktionelle CO2 Lasermaschine"},"content":{"rendered":"<div class=\"J_module\">\n<div class=\"icbu-pc-images magic-0\">\n<div class=\"flex-layout-v\"><span style=\"font-size: 14pt;\"><img fetchpriority=\"high\" decoding=\"async\" class=\"aligncenter wp-image-3659\" src=\"https:\/\/www.mlkjlasers.com\/wp-content\/uploads\/2026\/01\/co2-4.jpg\" alt=\"\" width=\"1920\" height=\"3086\" srcset=\"https:\/\/www.mlkjlasers.com\/wp-content\/uploads\/2026\/01\/co2-4.jpg 1200w, https:\/\/www.mlkjlasers.com\/wp-content\/uploads\/2026\/01\/co2-4-187x300.jpg 187w, https:\/\/www.mlkjlasers.com\/wp-content\/uploads\/2026\/01\/co2-4-637x1024.jpg 637w, https:\/\/www.mlkjlasers.com\/wp-content\/uploads\/2026\/01\/co2-4-768x1235.jpg 768w, https:\/\/www.mlkjlasers.com\/wp-content\/uploads\/2026\/01\/co2-4-956x1536.jpg 956w, https:\/\/www.mlkjlasers.com\/wp-content\/uploads\/2026\/01\/co2-4-600x965.jpg 600w\" sizes=\"(max-width: 1920px) 100vw, 1920px\" \/><\/span><\/div>\n<\/div>\n<\/div>\n<div class=\"J_module\">\n<div class=\"detail-decorate-json-renderer-container\">\n<div data-spm-anchor-id=\"a2700.wholesale.0.i36.304df5d1W3QwJB\"><span style=\"font-size: 14pt;\"><b> Safet, bequem, kein Ausfallzeitsch\u00f6nheitslaser<\/b> <\/span><\/div>\n<div data-spm-anchor-id=\"a2700.wholesale.0.i36.304df5d1W3QwJB\"><span style=\"font-size: 14pt;\">1. MLKJ CO2 fraktionelle Laser Sch\u00f6nheit Maschine verwenden USA importieren koh\u00e4renten Laser, Unterst\u00fctzung Maschine <span style=\"color: #c4433c;\"><b>Langlebige Arbeit<\/b><\/span>, konstante Ausgangsleistung. <\/span><\/div>\n<div data-spm-anchor-id=\"a2700.wholesale.0.i36.304df5d1W3QwJB\"><span style=\"font-size: 14pt;\">2. Korea Import Gelenklicht F\u00fchrungsarm, fast kein Energieverlust, hohe Energie\u00fcbertragungsrate, <span style=\"color: #c4433c;\"><b>nach langfristiger Verwendung, jeder Winkel 7 Gelenke, bequeme und flexible Bedienung<\/b>.<\/span><\/span><\/div>\n<div data-spm-anchor-id=\"a2700.wholesale.0.i36.304df5d1W3QwJB\"><span style=\"font-size: 14pt;\"> 3. Arbeitsmodus: fraktionell, Schneiden, Gyn\u00e4kologie<b> <span style=\"color: #c4433c;\">3 in 1 System<\/span><\/b>, erlaubt mehrere Funktionen wie Hautverj\u00fcngung, Akne, Faltenentfernung, Narben Reparatur, Epidermis Schneiden, vaginale Pflege, vaginale Kontraktion, etc. <\/span><\/div>\n<div data-spm-anchor-id=\"a2700.wholesale.0.i36.304df5d1W3QwJB\"><span style=\"font-size: 14pt;\">4. 70W professionelle <span style=\"color: #c4433c;\"><b>medizinischer Laserkern<\/b>.<\/span> Um zuf\u00e4llige Sch\u00e4den durch Laser zu verhindern, ist das Innere mit Schutzvorrichtungen ausgestattet, die die Langlebigkeitsarbeit des Lasers unterst\u00fctzen.<\/span><\/div>\n<div data-spm-anchor-id=\"a2700.wholesale.0.i36.304df5d1W3QwJB\"><span style=\"font-size: 14pt;\"><img decoding=\"async\" class=\"aligncenter wp-image-3667\" src=\"https:\/\/www.mlkjlasers.com\/wp-content\/uploads\/2026\/01\/co2-12.jpg\" alt=\"\" width=\"1920\" height=\"1920\" srcset=\"https:\/\/www.mlkjlasers.com\/wp-content\/uploads\/2026\/01\/co2-12.jpg 1080w, https:\/\/www.mlkjlasers.com\/wp-content\/uploads\/2026\/01\/co2-12-300x300.jpg 300w, https:\/\/www.mlkjlasers.com\/wp-content\/uploads\/2026\/01\/co2-12-1024x1024.jpg 1024w, https:\/\/www.mlkjlasers.com\/wp-content\/uploads\/2026\/01\/co2-12-150x150.jpg 150w, https:\/\/www.mlkjlasers.com\/wp-content\/uploads\/2026\/01\/co2-12-768x768.jpg 768w, https:\/\/www.mlkjlasers.com\/wp-content\/uploads\/2026\/01\/co2-12-600x600.jpg 600w, https:\/\/www.mlkjlasers.com\/wp-content\/uploads\/2026\/01\/co2-12-100x100.jpg 100w\" sizes=\"(max-width: 1920px) 100vw, 1920px\" \/><\/span><\/div>\n<div data-spm-anchor-id=\"a2700.wholesale.0.i36.304df5d1W3QwJB\"><span style=\"font-size: 14pt;\"><b>Akne Narben Entfernung<\/b><\/span><br \/>\n<span style=\"font-size: 14pt;\">Effektiv reduziert Aknenarben durch die F\u00f6rderung der Kollagenproduktion und der Hautregeneration.<\/span><br \/>\n<span style=\"font-size: 14pt;\">Faltenreduzierung und Anti-Aging<\/span><br \/>\n<span style=\"font-size: 14pt;\">Minimiert feine Linien und Falten, indem sie die Haut straffen und das neue Kollagenwachstum stimulieren.<\/span><br \/>\n<span style=\"font-size: 14pt;\"><b>Pigmentierungsbehandlung<\/b><\/span><br \/>\n<span style=\"font-size: 14pt;\">Ziele und bricht pigmentierte L\u00e4sionen wie Altersflecken, Sonnenflecken und Melasma ab.<\/span><br \/>\n<span style=\"font-size: 14pt;\"><b>Stretch Mark Entfernung<\/b><\/span><br \/>\n<span style=\"font-size: 14pt;\">Verbessert die Elastizit\u00e4t und Textur der Haut, indem sie die tiefe Gewebereparatur stimuliert und Dehnungsstreifen effektiv reduziert.<\/span><br \/>\n<span style=\"font-size: 14pt;\"><b>Haut straffen und resurfacing<\/b><\/span><br \/>\n<span style=\"font-size: 14pt;\">Verbessert die Festigkeit und Glattigkeit der Haut, indem besch\u00e4digte Hautschichten entfernt und die Zellenerneuerung f\u00f6rdert.<\/span><br \/>\n<span style=\"font-size: 14pt;\"><b>Narben und chirurgische Mark Behandlung<\/b><\/span><br \/>\n<span style=\"font-size: 14pt;\">Reduziert die Sichtbarkeit von chirurgischen Narben, Verletzungen und Keloiden durch pr\u00e4zise Laserablation und Heilung.<\/span><\/div>\n<div data-spm-anchor-id=\"a2700.wholesale.0.i36.304df5d1W3QwJB\"><span style=\"font-size: 14pt;\"><img decoding=\"async\" class=\"aligncenter wp-image-3669\" src=\"https:\/\/www.mlkjlasers.com\/wp-content\/uploads\/2026\/01\/co2-14.jpg\" alt=\"\" width=\"1920\" height=\"1451\" srcset=\"https:\/\/www.mlkjlasers.com\/wp-content\/uploads\/2026\/01\/co2-14.jpg 1200w, https:\/\/www.mlkjlasers.com\/wp-content\/uploads\/2026\/01\/co2-14-300x227.jpg 300w, https:\/\/www.mlkjlasers.com\/wp-content\/uploads\/2026\/01\/co2-14-1024x774.jpg 1024w, https:\/\/www.mlkjlasers.com\/wp-content\/uploads\/2026\/01\/co2-14-768x580.jpg 768w, https:\/\/www.mlkjlasers.com\/wp-content\/uploads\/2026\/01\/co2-14-600x454.jpg 600w\" sizes=\"(max-width: 1920px) 100vw, 1920px\" \/><\/span><\/div>\n<div data-spm-anchor-id=\"a2700.wholesale.0.i36.304df5d1W3QwJB\"><span style=\"font-size: 14pt;\"><b>Sechs K\u00f6pfe<\/b> Wir bieten 6 Behandlungsk\u00f6pfe, <b><span style=\"color: #085275;\">Ein deutsch importierter Scannkopf<\/span><\/b> <span style=\"color: #06515d;\"><b>Zwei Schneidk\u00f6pfe Drei private Behandlungsk\u00f6pfe<\/b><\/span><br \/>\nScannkopf wird f\u00fcr zarte Haut verwendet, schrumpfende Poren, Entfernung von Striae gravidarum und Chloasma<br \/>\nSchneidkopf wird zur Entfernung von Sarkom \/ Nevus verwendet<br \/>\nPrivater Kopf wird f\u00fcr Vagina straffen, zarte Vulva, zarte Vulva verwendet<\/span><\/div>\n<div data-spm-anchor-id=\"a2700.wholesale.0.i36.304df5d1W3QwJB\"><span style=\"font-size: 14pt;\"><img loading=\"lazy\" decoding=\"async\" class=\"aligncenter wp-image-3671\" src=\"https:\/\/www.mlkjlasers.com\/wp-content\/uploads\/2026\/01\/co2-16.jpg\" alt=\"\" width=\"1920\" height=\"1963\" srcset=\"https:\/\/www.mlkjlasers.com\/wp-content\/uploads\/2026\/01\/co2-16.jpg 1200w, https:\/\/www.mlkjlasers.com\/wp-content\/uploads\/2026\/01\/co2-16-293x300.jpg 293w, https:\/\/www.mlkjlasers.com\/wp-content\/uploads\/2026\/01\/co2-16-1001x1024.jpg 1001w, https:\/\/www.mlkjlasers.com\/wp-content\/uploads\/2026\/01\/co2-16-768x785.jpg 768w, https:\/\/www.mlkjlasers.com\/wp-content\/uploads\/2026\/01\/co2-16-600x614.jpg 600w\" sizes=\"(max-width: 1920px) 100vw, 1920px\" \/><\/span><\/div>\n<div data-spm-anchor-id=\"a2700.wholesale.0.i36.304df5d1W3QwJB\">\n<p><span style=\"font-size: 14pt;\"> MLKJ fraktioneller Laser verwenden importierte Kernkomponenten und mehr \u00fcber eine einzelne Technologie, die Grafiken sind standardisierter, die Punkte sind kleiner und die Anordnung ist einheitlicher, bessere klinische Ergebnisse, jede winzige fraktionelle S\u00e4ule epithelialisiert sich typischerweise innerhalb eines Tages. <\/span><\/p>\n<div><span style=\"font-size: 14pt;\"><b><span style=\"color: #c4433c;\">Dies minimiert das Risiko von Narben, Infektionen oder langfristigen Pigmentierungs\u00e4nderungen.<\/span><\/b><\/span><\/div>\n<div><span style=\"font-size: 14pt;\"><img loading=\"lazy\" decoding=\"async\" class=\"aligncenter wp-image-3673\" src=\"https:\/\/www.mlkjlasers.com\/wp-content\/uploads\/2026\/01\/co2-18.jpg\" alt=\"\" width=\"1920\" height=\"2203\" srcset=\"https:\/\/www.mlkjlasers.com\/wp-content\/uploads\/2026\/01\/co2-18.jpg 1200w, https:\/\/www.mlkjlasers.com\/wp-content\/uploads\/2026\/01\/co2-18-261x300.jpg 261w, https:\/\/www.mlkjlasers.com\/wp-content\/uploads\/2026\/01\/co2-18-892x1024.jpg 892w, https:\/\/www.mlkjlasers.com\/wp-content\/uploads\/2026\/01\/co2-18-768x881.jpg 768w, https:\/\/www.mlkjlasers.com\/wp-content\/uploads\/2026\/01\/co2-18-600x689.jpg 600w\" sizes=\"(max-width: 1920px) 100vw, 1920px\" \/><\/span><\/div>\n<div><span style=\"font-size: 14pt;\"><b>Hohe Pr\u00e4zision Haut Resurfacing <\/b><\/span><br \/>\n<span style=\"font-size: 14pt;\">Liefert pr\u00e4zise Laserstrahlen auf besch\u00e4digte Haut und f\u00f6rdert nat\u00fcrliche Heilung und Kollagen<\/span><br \/>\n<span style=\"font-size: 14pt;\">Regeneration.<\/span><br \/>\n<span style=\"font-size: 14pt;\"><b>Multifunktionale Behandlungsmodi<\/b><\/span><br \/>\n<span style=\"font-size: 14pt;\">Einstellbare Energieniveaus und Scan-Muster f\u00fcr individuelle Behandlungen, einschlie\u00dflich Narben,<\/span><br \/>\n<span style=\"font-size: 14pt;\">Falten, Pigmentierung, stimuliert die Kollagenproduktion f\u00fcr langfristige Hautverj\u00fcngung, reduziert feine Linien, Aknenarben und Sonnensch\u00e4den.<\/span><br \/>\n<span style=\"font-size: 14pt;\"><b>Innovatives K\u00fchlsystem<\/b><\/span><br \/>\n<span style=\"font-size: 14pt;\">Sicherstellung des Patientenkomforts w\u00e4hrend der Behandlungen, w\u00e4hrend die Haut gesch\u00fctzt&#8217; s Oberfl\u00e4che durch thermische Sch\u00e4den.<\/span><br \/>\n<span style=\"font-size: 14pt;\"><b>Benutzerfreundliche Schnittstelle<\/b><\/span><br \/>\n<span style=\"font-size: 14pt;\">Intuitive Touchscreen-Schnittstelle f\u00fcr einfache Bedienung, geeignet f\u00fcr erfahrene Profis und Anf\u00e4nger.<\/span><br \/>\n<span style=\"font-size: 14pt;\"><b>Sicher und zertifiziert<\/b><\/span><br \/>\n<span style=\"font-size: 14pt;\">CE-Genehmigung, die hohe Sicherheits- und Leistungsstandards f\u00fcr alle Hauttypen gew\u00e4hrleistet.<\/span><\/div>\n<div><span style=\"font-size: 14pt;\"><img loading=\"lazy\" decoding=\"async\" class=\"aligncenter size-full wp-image-3674\" src=\"https:\/\/www.mlkjlasers.com\/wp-content\/uploads\/2026\/01\/co2-19.jpg\" alt=\"\" width=\"1920\" height=\"1080\" srcset=\"https:\/\/www.mlkjlasers.com\/wp-content\/uploads\/2026\/01\/co2-19.jpg 1920w, https:\/\/www.mlkjlasers.com\/wp-content\/uploads\/2026\/01\/co2-19-300x169.jpg 300w, https:\/\/www.mlkjlasers.com\/wp-content\/uploads\/2026\/01\/co2-19-1024x576.jpg 1024w, https:\/\/www.mlkjlasers.com\/wp-content\/uploads\/2026\/01\/co2-19-768x432.jpg 768w, https:\/\/www.mlkjlasers.com\/wp-content\/uploads\/2026\/01\/co2-19-1536x864.jpg 1536w, https:\/\/www.mlkjlasers.com\/wp-content\/uploads\/2026\/01\/co2-19-600x338.jpg 600w\" sizes=\"(max-width: 1920px) 100vw, 1920px\" \/><\/span><\/div>\n<div><span style=\"font-size: 14pt;\">Behandlungswirkung<\/span><\/div>\n<div><span style=\"font-size: 14pt;\"><img loading=\"lazy\" decoding=\"async\" class=\"aligncenter wp-image-3672\" src=\"https:\/\/www.mlkjlasers.com\/wp-content\/uploads\/2026\/01\/co2-17.jpg\" alt=\"\" width=\"1920\" height=\"1373\" srcset=\"https:\/\/www.mlkjlasers.com\/wp-content\/uploads\/2026\/01\/co2-17.jpg 1200w, https:\/\/www.mlkjlasers.com\/wp-content\/uploads\/2026\/01\/co2-17-300x215.jpg 300w, https:\/\/www.mlkjlasers.com\/wp-content\/uploads\/2026\/01\/co2-17-1024x732.jpg 1024w, https:\/\/www.mlkjlasers.com\/wp-content\/uploads\/2026\/01\/co2-17-768x549.jpg 768w, https:\/\/www.mlkjlasers.com\/wp-content\/uploads\/2026\/01\/co2-17-600x429.jpg 600w\" sizes=\"(max-width: 1920px) 100vw, 1920px\" \/><\/span><\/div>\n<div><span style=\"font-size: 14pt;\"> F\u00fcr weitere Informationen \u00fcber diese Maschine senden Sie bitte eine Anfrage und kontaktieren Sie uns, <span style=\"color: #c4433c;\"><b>24h Online-Service.<\/b><\/span><\/span><\/div>\n<\/div>\n<div data-spm-anchor-id=\"a2700.wholesale.0.i36.304df5d1W3QwJB\"><\/div>\n<\/div>\n<\/div>","protected":false},"excerpt":{"rendered":"<p><span style=\"font-family: helvetica, arial, sans-serif;\">1) Entfernen Sie Akne, Aknenarbe, Narbe und so weiter; <\/span><\/p>\n<p><span style=\"font-family: helvetica, arial, sans-serif;\">2) Dispel Falten um die Augen, Crow&#8217; s-F\u00fc\u00dfe und Falten durch Wassermangel gebildet; <\/span><\/p>\n<p><span style=\"font-family: helvetica, arial, sans-serif;\">3) Wirksam reduzieren Sie die Falten auf dem Gesicht, der Stirn, den Gelenken und striae gravidarum; <\/span><\/p>\n<p><span style=\"font-family: helvetica, arial, sans-serif;\">4) Dispel Frecken, Nevus zygomaticus und andere Flecken durch hyperchrome pathologische Ver\u00e4nderungen gebildet; <\/span><\/p>\n<p><span style=\"font-family: helvetica, arial, sans-serif;\">5) Straffen Sie die Haut und heben Sie das Gesicht; <\/span><\/p>\n<p><span style=\"font-family: helvetica, arial, sans-serif;\">6) Entfernen Sie striae gravidarum und andere tiefe Narben <\/span><\/p>\n<p><span style=\"font-family: helvetica, arial, sans-serif;\">7) Sarkom Entfernung<\/span><\/p>\n<p><span style=\"font-family: helvetica, arial, sans-serif;\">8) vaginale Strafffunktion optional\u00a0<\/span><\/p>","protected":false},"featured_media":3656,"comment_status":"open","ping_status":"closed","template":"","meta":[],"product_cat":[22],"product_tag":[],"class_list":["post-2107","product","type-product","status-publish","has-post-thumbnail","hentry","product_cat-co2-laser"],"_links":{"self":[{"href":"https:\/\/www.mlkjlasers.com\/de\/wp-json\/wp\/v2\/product\/2107","targetHints":{"allow":["GET"]}}],"collection":[{"href":"https:\/\/www.mlkjlasers.com\/de\/wp-json\/wp\/v2\/product"}],"about":[{"href":"https:\/\/www.mlkjlasers.com\/de\/wp-json\/wp\/v2\/types\/product"}],"replies":[{"embeddable":true,"href":"https:\/\/www.mlkjlasers.com\/de\/wp-json\/wp\/v2\/comments?post=2107"}],"wp:featuredmedia":[{"embeddable":true,"href":"https:\/\/www.mlkjlasers.com\/de\/wp-json\/wp\/v2\/media\/3656"}],"wp:attachment":[{"href":"https:\/\/www.mlkjlasers.com\/de\/wp-json\/wp\/v2\/media?parent=2107"}],"wp:term":[{"taxonomy":"product_cat","embeddable":true,"href":"https:\/\/www.mlkjlasers.com\/de\/wp-json\/wp\/v2\/product_cat?post=2107"},{"taxonomy":"product_tag","embeddable":true,"href":"https:\/\/www.mlkjlasers.com\/de\/wp-json\/wp\/v2\/product_tag?post=2107"}],"curies":[{"name":"wp","href":"https:\/\/api.w.org\/{rel}","templated":true}]}}