{"id":222,"date":"2023-05-29T16:11:20","date_gmt":"2023-05-29T08:11:20","guid":{"rendered":"https:\/\/mingliang.leadsclouds.com\/?post_type=product&#038;p=222"},"modified":"2026-01-28T10:38:26","modified_gmt":"2026-01-28T02:38:26","slug":"nd-yag-laser-tattoo-removal","status":"publish","type":"product","link":"https:\/\/www.mlkjlasers.com\/de\/product\/nd-yag-laser-tattoo-removal\/","title":{"rendered":"ND YAG Laser-Tattoo-Entfernung Q Schaltete Hautverj\u00fcngungs-Laser-Sch\u00f6nheitsausr\u00fcstung-Tattoo-Entfernungsmaschine"},"content":{"rendered":"<table style=\"border-collapse: collapse; width: 100%; height: 120px;\">\n<tbody>\n<tr style=\"height: 24px;\">\n<td style=\"width: 50%; height: 24px;\"><span style=\"font-family: helvetica, arial, sans-serif; color: #000000; font-size: 14pt;\"><b>ND YAG Laser Tattoo Entfernungsmaschine<\/b><\/span><\/td>\n<td style=\"width: 50%; height: 24px;\"><span style=\"font-family: helvetica, arial, sans-serif; color: #000000; font-size: 14pt;\">Modellnummer: LA<\/span><\/td>\n<\/tr>\n<tr style=\"height: 24px;\">\n<td style=\"width: 50%; height: 24px;\"><span style=\"font-family: helvetica, arial, sans-serif; color: #000000; font-size: 14pt;\">Wellenl\u00e4nge (Licht): 532nm und 1064nm<\/span><\/td>\n<td style=\"width: 50%; height: 24px;\"><span style=\"font-family: helvetica, arial, sans-serif; color: #000000; font-size: 14pt;\">Sch\u00fcsse: 1.500.000<\/span><\/td>\n<\/tr>\n<tr style=\"height: 24px;\">\n<td style=\"width: 50%; height: 24px;\"><span style=\"font-family: helvetica, arial, sans-serif; color: #000000; font-size: 14pt;\">Funktion: Tattoo-Entfernung, Hautaufwei\u00dfung, Hautverj\u00fcngung<\/span><\/td>\n<td style=\"width: 50%; height: 24px;\"><span style=\"font-family: helvetica, arial, sans-serif; color: #000000; font-size: 14pt;\">Bildschirmgr\u00f6\u00dfe: 8,4 LCD Touchscreen<\/span><\/td>\n<\/tr>\n<tr style=\"height: 24px;\">\n<td style=\"width: 50%; height: 24px;\"><span style=\"font-family: helvetica, arial, sans-serif; color: #000000; font-size: 14pt;\">Lichtfleck: 1-7mm verstellbar<\/span><\/td>\n<td style=\"width: 50%; height: 24px;\"><span style=\"font-family: helvetica, arial, sans-serif; color: #000000; font-size: 14pt;\">Frequenz: 1-20Hz<\/span><\/td>\n<\/tr>\n<tr style=\"height: 24px;\">\n<td style=\"width: 50%; height: 24px;\"><span style=\"font-family: helvetica, arial, sans-serif; color: #000000; font-size: 14pt;\">Verpackung: Aluminiumbox<\/span><\/td>\n<td style=\"width: 50%; height: 24px;\"><span style=\"font-family: helvetica, arial, sans-serif; color: #000000; font-size: 14pt;\">Garantie: 2 Jahre<\/span><\/td>\n<\/tr>\n<\/tbody>\n<\/table>\n<div class=\"l right\"><\/div>\n<div class=\"des2\">\n<div class=\"des_box1\">\n<div class=\"des\">\n<p><span style=\"font-family: helvetica, arial, sans-serif; color: #000000; font-size: 14pt;\"><img fetchpriority=\"high\" decoding=\"async\" class=\"size-full wp-image-2826 alignnone\" src=\"https:\/\/mlkjlasers.com\/wp-content\/uploads\/2023\/05\/LA1-\u8be6\u60c5-1-1-scaled.jpg\" alt=\"\" width=\"2560\" height=\"1440\" srcset=\"https:\/\/www.mlkjlasers.com\/wp-content\/uploads\/2023\/05\/LA1-\u8be6\u60c5-1-1-scaled.jpg 2560w, https:\/\/www.mlkjlasers.com\/wp-content\/uploads\/2023\/05\/LA1-\u8be6\u60c5-1-1-300x169.jpg 300w, https:\/\/www.mlkjlasers.com\/wp-content\/uploads\/2023\/05\/LA1-\u8be6\u60c5-1-1-1024x576.jpg 1024w, https:\/\/www.mlkjlasers.com\/wp-content\/uploads\/2023\/05\/LA1-\u8be6\u60c5-1-1-768x432.jpg 768w, https:\/\/www.mlkjlasers.com\/wp-content\/uploads\/2023\/05\/LA1-\u8be6\u60c5-1-1-1536x864.jpg 1536w, https:\/\/www.mlkjlasers.com\/wp-content\/uploads\/2023\/05\/LA1-\u8be6\u60c5-1-1-2048x1152.jpg 2048w, https:\/\/www.mlkjlasers.com\/wp-content\/uploads\/2023\/05\/LA1-\u8be6\u60c5-1-1-600x337.jpg 600w\" sizes=\"(max-width: 2560px) 100vw, 2560px\" \/><\/span><\/p>\n<p><span style=\"font-family: helvetica, arial, sans-serif; color: #000000; font-size: 14pt;\">Dieses Produkt verwendet einen hohen Energielaser, um die Haut zu durchdringen, die Pigmentpartikel in winzige Partikel zu zerlegen, die vom K\u00f6rper metabolisiert werden, um die Wirkung der Tattoo-Entfernung zu erreichen. Verschiedene farbige T\u00e4towierungen erfordern unterschiedliche Wellenl\u00e4ngen von Laserlicht, da verschiedene farbige Pigmente Laserlicht bei unterschiedlichen Wellenl\u00e4ngen absorbieren. Zum Beispiel kann ein schwarzes Tattoo einen 1064nm Nd:YAG-Laser verwenden, w\u00e4hrend ein gr\u00fcnes Tattoo einen 532nm-Laser erfordert.<\/span><\/p>\n<p><span style=\"font-size: 14pt;\"><img decoding=\"async\" class=\"size-full wp-image-2827 aligncenter\" src=\"https:\/\/mlkjlasers.com\/wp-content\/uploads\/2023\/05\/LA1-\u8be6\u60c5-2-1-scaled.jpg\" alt=\"\" width=\"2560\" height=\"1440\" srcset=\"https:\/\/www.mlkjlasers.com\/wp-content\/uploads\/2023\/05\/LA1-\u8be6\u60c5-2-1-scaled.jpg 2560w, https:\/\/www.mlkjlasers.com\/wp-content\/uploads\/2023\/05\/LA1-\u8be6\u60c5-2-1-300x169.jpg 300w, https:\/\/www.mlkjlasers.com\/wp-content\/uploads\/2023\/05\/LA1-\u8be6\u60c5-2-1-1024x576.jpg 1024w, https:\/\/www.mlkjlasers.com\/wp-content\/uploads\/2023\/05\/LA1-\u8be6\u60c5-2-1-768x432.jpg 768w, https:\/\/www.mlkjlasers.com\/wp-content\/uploads\/2023\/05\/LA1-\u8be6\u60c5-2-1-1536x864.jpg 1536w, https:\/\/www.mlkjlasers.com\/wp-content\/uploads\/2023\/05\/LA1-\u8be6\u60c5-2-1-2048x1152.jpg 2048w, https:\/\/www.mlkjlasers.com\/wp-content\/uploads\/2023\/05\/LA1-\u8be6\u60c5-2-1-600x337.jpg 600w\" sizes=\"(max-width: 2560px) 100vw, 2560px\" \/><\/span><\/p>\n<p>&nbsp;<\/p>\n<p><span style=\"font-family: helvetica, arial, sans-serif; color: #000000; font-size: 14pt;\"><strong>1. Haupts\u00e4chlich Verwendung:<\/strong><\/span><\/p>\n<p><span style=\"font-family: helvetica, arial, sans-serif; color: #000000; font-size: 14pt;\">1). ND YAG Laser: Tattoo\/Eye Stickerei\/Eyeline\/Frecken Entfernung und Hautwhitening.<\/span><\/p>\n<p><span style=\"font-family: helvetica, arial, sans-serif; color: #000000; font-size: 14pt;\">2). 1064nm Wellenl\u00e4nge: befreien Sie sich von Frecken und gelb braunen Flecken, Augenbrauen-Tattoo, gescheitertem Eyeline-Tattoo, Tattoo, Geburtszeichen und Nevus von Ota, Pigmentation und Altersfleck, Nevus in schwarz und blau, scharlattrot, tiefer Kaffee und etc. tiefe Farbe.<\/span><\/p>\n<p><span style=\"font-family: helvetica, arial, sans-serif; color: #000000; font-size: 14pt;\">3). 532nm Wellenl\u00e4nge: befreien Sie sich von Frecken, Augenbrauen-Tattoo, gescheiterten Augenlinie-Tattoo, Tattoo, Lippenlinie, Pigment, Telangiektasie in flacher Rot, Braun und Rosa und etc. Lichtfarbe. Pigmententfernung.<\/span><\/p>\n<p><span style=\"font-family: helvetica, arial, sans-serif; color: #000000; font-size: 14pt;\">4). 1320nm: Professionell f\u00fcr die Hautverj\u00fcngung und die tiefe Reinigung des Gesichts, die Entfernung von Schwarzkopf, die Straffung und das Aufwei\u00dfen der Haut, die Hautverj\u00fcngung.<\/span><\/p>\n<\/div>\n<\/div>\n<\/div>\n<p>&nbsp;<\/p>\n<p><span style=\"font-size: 14pt;\"><img decoding=\"async\" class=\"size-full wp-image-2828 aligncenter\" src=\"https:\/\/mlkjlasers.com\/wp-content\/uploads\/2023\/05\/LA1-\u8be6\u60c5-3-1-scaled.jpg\" alt=\"\" width=\"2560\" height=\"1440\" srcset=\"https:\/\/www.mlkjlasers.com\/wp-content\/uploads\/2023\/05\/LA1-\u8be6\u60c5-3-1-scaled.jpg 2560w, https:\/\/www.mlkjlasers.com\/wp-content\/uploads\/2023\/05\/LA1-\u8be6\u60c5-3-1-300x169.jpg 300w, https:\/\/www.mlkjlasers.com\/wp-content\/uploads\/2023\/05\/LA1-\u8be6\u60c5-3-1-1024x576.jpg 1024w, https:\/\/www.mlkjlasers.com\/wp-content\/uploads\/2023\/05\/LA1-\u8be6\u60c5-3-1-768x432.jpg 768w, https:\/\/www.mlkjlasers.com\/wp-content\/uploads\/2023\/05\/LA1-\u8be6\u60c5-3-1-1536x864.jpg 1536w, https:\/\/www.mlkjlasers.com\/wp-content\/uploads\/2023\/05\/LA1-\u8be6\u60c5-3-1-2048x1152.jpg 2048w, https:\/\/www.mlkjlasers.com\/wp-content\/uploads\/2023\/05\/LA1-\u8be6\u60c5-3-1-600x337.jpg 600w\" sizes=\"(max-width: 2560px) 100vw, 2560px\" \/><\/span><\/p>\n<div class=\"des2\">\n<div class=\"des_box1\">\n<div class=\"des\">\n<p>&nbsp;<\/p>\n<p><span style=\"font-family: helvetica, arial, sans-serif; font-size: 14pt;\"><b><span class=\"magic-17\">2. \u00dcber Griff: 5 Behandlungsk\u00f6pfe, abnehmbares und drehbares Au\u00dfendrahtdesign <\/span><\/b><\/span><\/p>\n<p><span style=\"font-family: helvetica, arial, sans-serif; font-size: 14pt;\">1. 532: Entfernen Sie farbige T\u00e4towierungen. <\/span><\/p>\n<p><span style=\"font-family: helvetica, arial, sans-serif; font-size: 14pt;\">2. 755 Honigwabenkopf: verwendet, um Altersflecken, Frecken und Chloasma zu entfernen. geringe Sch\u00e4den an der Haut <\/span><\/p>\n<p><span style=\"font-family: helvetica, arial, sans-serif; font-size: 14pt;\">3. Verstellbarer Parameter 1064: f\u00fcr die Entfernung von T\u00e4towierungen, Augenbrauen <\/span><\/p>\n<p><span style=\"font-family: helvetica, arial, sans-serif; font-size: 14pt;\">4. Nicht einstellbarer Parameter 1064: zum Entfernen von T\u00e4towierungen und zum Aufr\u00e4umen von Augenbrauen verwendet <\/span><\/p>\n<p><span style=\"font-family: helvetica, arial, sans-serif; font-size: 14pt;\">5. 1320: gro\u00dfe Fl\u00e4chenbehandlung, gro\u00dfe Stelle, schnelle Behandlungsgeschwindigkeit und gute Wirkung<\/span><\/p>\n<p><span style=\"font-size: 14pt;\"><img loading=\"lazy\" decoding=\"async\" class=\"size-full wp-image-2829 alignnone\" src=\"https:\/\/mlkjlasers.com\/wp-content\/uploads\/2023\/05\/LA1-\u8be6\u60c5-4-1-scaled.jpg\" alt=\"\" width=\"2560\" height=\"1440\" srcset=\"https:\/\/www.mlkjlasers.com\/wp-content\/uploads\/2023\/05\/LA1-\u8be6\u60c5-4-1-scaled.jpg 2560w, https:\/\/www.mlkjlasers.com\/wp-content\/uploads\/2023\/05\/LA1-\u8be6\u60c5-4-1-300x169.jpg 300w, https:\/\/www.mlkjlasers.com\/wp-content\/uploads\/2023\/05\/LA1-\u8be6\u60c5-4-1-1024x576.jpg 1024w, https:\/\/www.mlkjlasers.com\/wp-content\/uploads\/2023\/05\/LA1-\u8be6\u60c5-4-1-768x432.jpg 768w, https:\/\/www.mlkjlasers.com\/wp-content\/uploads\/2023\/05\/LA1-\u8be6\u60c5-4-1-1536x864.jpg 1536w, https:\/\/www.mlkjlasers.com\/wp-content\/uploads\/2023\/05\/LA1-\u8be6\u60c5-4-1-2048x1152.jpg 2048w, https:\/\/www.mlkjlasers.com\/wp-content\/uploads\/2023\/05\/LA1-\u8be6\u60c5-4-1-600x337.jpg 600w\" sizes=\"(max-width: 2560px) 100vw, 2560px\" \/><\/span><\/p>\n<div><span class=\"magic-17\" style=\"font-family: helvetica, arial, sans-serif; font-size: 14pt;\"><span class=\"magic-14\">Importierte Stein Q-Schalter Kassettenmechanismus, der gesamte Festlaser, ohne Q-Schalter zu ersetzen.<br \/>\n<\/span><\/span><\/div>\n<div><span class=\"magic-17\" style=\"font-family: helvetica, arial, sans-serif; font-size: 14pt;\"><span class=\"magic-14\">\u00a0<\/span><\/span><\/div>\n<p><span class=\"magic-17\" style=\"font-family: helvetica, arial, sans-serif; font-size: 14pt;\"><span class=\"magic-14\"><b data-spm-anchor-id=\"a2700.wholesale.0.i87.10456c16QWoCVL\">Tattoo Entfernung. Entfernen Sie schwarze, blaue, braune und rote Tattoo-Pigmente auf Augenbrauen, Augenlinie, Lippenlinie und anderen K\u00f6rperteilen Entfernen Sie Geburtsmerke, Otas Nevus und Hautflecken Sofortige Strahlung hohe Lasertechnologie, internationaler Produktionsstandard, technischer Test streng.<\/b><br \/>\n<\/span><\/span><\/p>\n<div><span class=\"magic-17\" style=\"font-family: helvetica, arial, sans-serif; font-size: 14pt;\"><span class=\"magic-14\"><b>\u00a0<\/b><\/span><\/span><\/div>\n<div data-spm-anchor-id=\"a2700.wholesale.0.i86.10456c16QWoCVL\"><span class=\"magic-17\" style=\"font-family: helvetica, arial, sans-serif; font-size: 14pt;\"><span class=\"magic-14\">Eine L\u00f6sung f\u00fcr Hautprobleme.<\/span><\/span><\/div>\n<div class=\"des_detail\">\n<div class=\"img_b\">\n<p><span style=\"font-family: helvetica, arial, sans-serif; color: #000000; font-size: 14pt;\"><img loading=\"lazy\" decoding=\"async\" class=\"alignnone size-full wp-image-2830\" src=\"https:\/\/mlkjlasers.com\/wp-content\/uploads\/2023\/05\/LA1-\u8be6\u60c5-5-1-scaled.jpg\" alt=\"\" width=\"2560\" height=\"1440\" srcset=\"https:\/\/www.mlkjlasers.com\/wp-content\/uploads\/2023\/05\/LA1-\u8be6\u60c5-5-1-scaled.jpg 2560w, https:\/\/www.mlkjlasers.com\/wp-content\/uploads\/2023\/05\/LA1-\u8be6\u60c5-5-1-300x169.jpg 300w, https:\/\/www.mlkjlasers.com\/wp-content\/uploads\/2023\/05\/LA1-\u8be6\u60c5-5-1-1024x576.jpg 1024w, https:\/\/www.mlkjlasers.com\/wp-content\/uploads\/2023\/05\/LA1-\u8be6\u60c5-5-1-768x432.jpg 768w, https:\/\/www.mlkjlasers.com\/wp-content\/uploads\/2023\/05\/LA1-\u8be6\u60c5-5-1-1536x864.jpg 1536w, https:\/\/www.mlkjlasers.com\/wp-content\/uploads\/2023\/05\/LA1-\u8be6\u60c5-5-1-2048x1152.jpg 2048w, https:\/\/www.mlkjlasers.com\/wp-content\/uploads\/2023\/05\/LA1-\u8be6\u60c5-5-1-600x337.jpg 600w\" sizes=\"(max-width: 2560px) 100vw, 2560px\" \/><\/span><\/p>\n<p><span style=\"font-size: 14pt;\"><img loading=\"lazy\" decoding=\"async\" class=\"alignnone size-full wp-image-2831\" src=\"https:\/\/mlkjlasers.com\/wp-content\/uploads\/2023\/05\/LA1-\u8be6\u60c5-6-1-scaled.jpg\" alt=\"\" width=\"2560\" height=\"1440\" srcset=\"https:\/\/www.mlkjlasers.com\/wp-content\/uploads\/2023\/05\/LA1-\u8be6\u60c5-6-1-scaled.jpg 2560w, https:\/\/www.mlkjlasers.com\/wp-content\/uploads\/2023\/05\/LA1-\u8be6\u60c5-6-1-300x169.jpg 300w, https:\/\/www.mlkjlasers.com\/wp-content\/uploads\/2023\/05\/LA1-\u8be6\u60c5-6-1-1024x576.jpg 1024w, https:\/\/www.mlkjlasers.com\/wp-content\/uploads\/2023\/05\/LA1-\u8be6\u60c5-6-1-768x432.jpg 768w, https:\/\/www.mlkjlasers.com\/wp-content\/uploads\/2023\/05\/LA1-\u8be6\u60c5-6-1-1536x864.jpg 1536w, https:\/\/www.mlkjlasers.com\/wp-content\/uploads\/2023\/05\/LA1-\u8be6\u60c5-6-1-2048x1152.jpg 2048w, https:\/\/www.mlkjlasers.com\/wp-content\/uploads\/2023\/05\/LA1-\u8be6\u60c5-6-1-600x337.jpg 600w\" sizes=\"(max-width: 2560px) 100vw, 2560px\" \/><\/span><\/p>\n<p><span style=\"font-family: helvetica, arial, sans-serif; color: #000000; font-size: 14pt;\"><strong>3. Bildschirm der Schnittstelle:<\/strong><\/span><\/p>\n<div class=\"des_detail\">\n<p style=\"text-align: left;\"><span style=\"font-family: helvetica, arial, sans-serif; color: #000000; font-size: 14pt;\">\u00bb\u00bbProfessioneller Bildschirm, einfach zu bedienen \u00bb\u00bbEnglisch und jede Sprache \u00bb\u00bbOEM ist avialalbe \u00bb\u00bbKostenloses Logo anpassbar<\/span><\/p>\n<p>&nbsp;<\/p>\n<\/div>\n<p><span style=\"font-size: 14pt;\"><img loading=\"lazy\" decoding=\"async\" class=\"size-full wp-image-2832 aligncenter\" src=\"https:\/\/mlkjlasers.com\/wp-content\/uploads\/2023\/05\/LA1-\u8be6\u60c5-7-1-scaled.jpg\" alt=\"\" width=\"2560\" height=\"1440\" srcset=\"https:\/\/www.mlkjlasers.com\/wp-content\/uploads\/2023\/05\/LA1-\u8be6\u60c5-7-1-scaled.jpg 2560w, https:\/\/www.mlkjlasers.com\/wp-content\/uploads\/2023\/05\/LA1-\u8be6\u60c5-7-1-300x169.jpg 300w, https:\/\/www.mlkjlasers.com\/wp-content\/uploads\/2023\/05\/LA1-\u8be6\u60c5-7-1-1024x576.jpg 1024w, https:\/\/www.mlkjlasers.com\/wp-content\/uploads\/2023\/05\/LA1-\u8be6\u60c5-7-1-768x432.jpg 768w, https:\/\/www.mlkjlasers.com\/wp-content\/uploads\/2023\/05\/LA1-\u8be6\u60c5-7-1-1536x864.jpg 1536w, https:\/\/www.mlkjlasers.com\/wp-content\/uploads\/2023\/05\/LA1-\u8be6\u60c5-7-1-2048x1152.jpg 2048w, https:\/\/www.mlkjlasers.com\/wp-content\/uploads\/2023\/05\/LA1-\u8be6\u60c5-7-1-600x337.jpg 600w\" sizes=\"(max-width: 2560px) 100vw, 2560px\" \/><\/span><\/p>\n<p>&nbsp;<\/p>\n<p><span style=\"font-family: helvetica, arial, sans-serif; font-size: 14pt;\"><b data-spm-anchor-id=\"a2700.wholesale.0.i90.10456c16QWoCVL\">Keine Sorgen \u00fcber Garantie und nach dem Verkauf Service <\/b>Alle Maschinen haben eine zweij\u00e4hrige Garantie und lebenslange Wartung, Sie erhalten 24-Stunden-Online-Service von einem professionellen After-Sales-Team. Wann immer Sie Probleme bekommen, k\u00f6nnen Sie unser After-Sales-Team kontaktieren, und das Problem wird in der schnellsten Zeit gel\u00f6st. <\/span><\/p>\n<p><span style=\"font-family: helvetica, arial, sans-serif; font-size: 14pt;\"><b>Kostenloses Training auf allen Maschinen <\/b>Sie erhalten kostenlose Schulungen und Schulungszertifikate. Holen Sie sich komplette und leicht verst\u00e4ndliche Schulungen. Auch professionelle Kosmetiker bieten Online-Beratung. Ihr Sch\u00f6nheitsgesch\u00e4ft wird einfacher. <\/span><\/p>\n<p>&nbsp;<\/p>\n<p><span style=\"font-size: 14pt;\"><img loading=\"lazy\" decoding=\"async\" class=\"size-full wp-image-2833 aligncenter\" src=\"https:\/\/mlkjlasers.com\/wp-content\/uploads\/2023\/05\/LA1-\u8be6\u60c5-8-1-scaled.jpg\" alt=\"\" width=\"2560\" height=\"1440\" srcset=\"https:\/\/www.mlkjlasers.com\/wp-content\/uploads\/2023\/05\/LA1-\u8be6\u60c5-8-1-scaled.jpg 2560w, https:\/\/www.mlkjlasers.com\/wp-content\/uploads\/2023\/05\/LA1-\u8be6\u60c5-8-1-300x169.jpg 300w, https:\/\/www.mlkjlasers.com\/wp-content\/uploads\/2023\/05\/LA1-\u8be6\u60c5-8-1-1024x576.jpg 1024w, https:\/\/www.mlkjlasers.com\/wp-content\/uploads\/2023\/05\/LA1-\u8be6\u60c5-8-1-768x432.jpg 768w, https:\/\/www.mlkjlasers.com\/wp-content\/uploads\/2023\/05\/LA1-\u8be6\u60c5-8-1-1536x864.jpg 1536w, https:\/\/www.mlkjlasers.com\/wp-content\/uploads\/2023\/05\/LA1-\u8be6\u60c5-8-1-2048x1152.jpg 2048w, https:\/\/www.mlkjlasers.com\/wp-content\/uploads\/2023\/05\/LA1-\u8be6\u60c5-8-1-600x337.jpg 600w\" sizes=\"(max-width: 2560px) 100vw, 2560px\" \/><\/span><\/p>\n<\/div>\n<\/div>\n<\/div>\n<\/div>\n<\/div>","protected":false},"excerpt":{"rendered":"<p>Das Pikosekundenger\u00e4t ist ein Laserger\u00e4t mit doppelter Wellenl\u00e4nge, das pigmentierte L\u00e4sionen der Dermis und Epidermis behandelt. Es hat die folgenden Vorteile: Weniger Risiko von Behandlung Nebenwirkungen; Geeignet f\u00fcr dunkle und helle Hautt\u00f6ne, nicht einfach schwarz zu werden; Beide therapeutischen Wirkungen Multi-Features f\u00fcr Hautpflege und Verj\u00fcngung; Kurze Erholungszeit, kann schnell zur normalen Arbeit und Ruhe zur\u00fcckkehren, mild und nicht reizend, geeignet f\u00fcr empfindliche Haut, die Anzahl der Behandlungen ist weniger als herk\u00f6mmlicher Laser.<\/p>","protected":false},"featured_media":1979,"comment_status":"open","ping_status":"closed","template":"","meta":[],"product_cat":[24],"product_tag":[],"class_list":["post-222","product","type-product","status-publish","has-post-thumbnail","hentry","product_cat-nd-yag-laser"],"_links":{"self":[{"href":"https:\/\/www.mlkjlasers.com\/de\/wp-json\/wp\/v2\/product\/222","targetHints":{"allow":["GET"]}}],"collection":[{"href":"https:\/\/www.mlkjlasers.com\/de\/wp-json\/wp\/v2\/product"}],"about":[{"href":"https:\/\/www.mlkjlasers.com\/de\/wp-json\/wp\/v2\/types\/product"}],"replies":[{"embeddable":true,"href":"https:\/\/www.mlkjlasers.com\/de\/wp-json\/wp\/v2\/comments?post=222"}],"wp:featuredmedia":[{"embeddable":true,"href":"https:\/\/www.mlkjlasers.com\/de\/wp-json\/wp\/v2\/media\/1979"}],"wp:attachment":[{"href":"https:\/\/www.mlkjlasers.com\/de\/wp-json\/wp\/v2\/media?parent=222"}],"wp:term":[{"taxonomy":"product_cat","embeddable":true,"href":"https:\/\/www.mlkjlasers.com\/de\/wp-json\/wp\/v2\/product_cat?post=222"},{"taxonomy":"product_tag","embeddable":true,"href":"https:\/\/www.mlkjlasers.com\/de\/wp-json\/wp\/v2\/product_tag?post=222"}],"curies":[{"name":"wp","href":"https:\/\/api.w.org\/{rel}","templated":true}]}}