{"id":2238,"date":"2023-08-04T11:31:56","date_gmt":"2023-08-04T03:31:56","guid":{"rendered":"https:\/\/mlkjlasers.com\/?post_type=product&#038;p=2238"},"modified":"2026-02-28T11:56:02","modified_gmt":"2026-02-28T03:56:02","slug":"exfu-icello-diode-laser-machine-2","status":"publish","type":"product","link":"https:\/\/www.mlkjlasers.com\/de\/product\/exfu-icello-diode-laser-machine-2\/","title":{"rendered":"High Power 1800w Machine Diode Laser Hair Removal Machine Exfu ICELLO"},"content":{"rendered":"<table style=\"border-collapse: collapse; width: 100%; height: 192px;\">\n<tbody>\n<tr style=\"height: 24px;\">\n<td style=\"width: 50%; height: 24px;\"><span style=\"font-size: 14pt; font-family: helvetica, arial, sans-serif;\"><b>Diode Laser Haarentfernung Maschine<\/b><\/span><\/td>\n<td style=\"width: 50%; height: 24px;\"><span style=\"font-size: 14pt; font-family: helvetica, arial, sans-serif;\">Modellnummer: EXFU ICELLO<\/span><\/td>\n<\/tr>\n<tr style=\"height: 24px;\">\n<td style=\"width: 50%; height: 24px;\"><span style=\"font-size: 14pt; font-family: helvetica, arial, sans-serif;\">Wellenl\u00e4nge: 808nm oder 755 808 1064nm<\/span><\/td>\n<td style=\"width: 50%; height: 24px;\"><span style=\"font-size: 14pt; font-family: helvetica, arial, sans-serif;\">Bildschirmgr\u00f6\u00dfe: 14 Zoll 4K Stil Touchscreen<\/span><\/td>\n<\/tr>\n<tr style=\"height: 24px;\">\n<td style=\"width: 50%; height: 24px;\"><span style=\"font-size: 14pt; font-family: helvetica, arial, sans-serif;\">Lebensdauer: 40 Millionen Sch\u00fcsse<\/span><\/td>\n<td style=\"width: 50%; height: 24px;\"><span style=\"font-size: 14pt; font-family: helvetica, arial, sans-serif;\">Pulsdauer: 10-300ms<\/span><\/td>\n<\/tr>\n<tr style=\"height: 24px;\">\n<td style=\"width: 50%; height: 24px;\"><span style=\"font-size: 14pt; font-family: helvetica, arial, sans-serif;\">Laserstreifen: 120w f\u00fcr jedes, Amerika koh\u00e4renter Laserbar<\/span><\/td>\n<td style=\"width: 50%; height: 24px;\"><span style=\"font-size: 14pt; font-family: helvetica, arial, sans-serif;\">Frequenz: 1-10Hz<\/span><\/td>\n<\/tr>\n<tr style=\"height: 24px;\">\n<td style=\"width: 50%; height: 24px;\"><span style=\"font-size: 14pt; font-family: helvetica, arial, sans-serif;\">Stellengr\u00f6\u00dfe: 12x24mm oder 12x36mm Stellengr\u00f6\u00dfe<\/span><\/td>\n<td style=\"width: 50%; height: 24px;\"><span style=\"font-size: 14pt; font-family: helvetica, arial, sans-serif;\">Energie: 1-150J<\/span><\/td>\n<\/tr>\n<tr style=\"height: 24px;\">\n<td style=\"width: 50%; height: 24px;\"><span style=\"font-size: 14pt; font-family: helvetica, arial, sans-serif;\">K\u00fchlsystem: Kompressorwasserkreislauf<\/span><\/td>\n<td style=\"width: 50%; height: 24px;\"><span style=\"font-size: 14pt; font-family: helvetica, arial, sans-serif;\">Leistung der Maschine: 3500W<\/span><\/td>\n<\/tr>\n<tr style=\"height: 24px;\">\n<td style=\"width: 50%; height: 24px;\"><span style=\"font-size: 14pt; font-family: helvetica, arial, sans-serif;\">Spannung: AC110V 60HZ \/ AC220V 50HZ<\/span><\/td>\n<td style=\"width: 50%; height: 24px;\"><span style=\"font-size: 14pt; font-family: helvetica, arial, sans-serif;\">Maschinengr\u00f6\u00dfe: 480mm * 400mm * 1300mm<\/span><\/td>\n<\/tr>\n<tr style=\"height: 24px;\">\n<td style=\"width: 50%; height: 24px;\"><span style=\"font-size: 14pt; font-family: helvetica, arial, sans-serif;\">Verpackung: Aluminiumbox<\/span><\/td>\n<td style=\"width: 50%; height: 24px;\"><span style=\"font-size: 14pt; font-family: helvetica, arial, sans-serif;\">Servicegarantie: lebenslange Garantie<\/span><\/td>\n<\/tr>\n<\/tbody>\n<\/table>\n<div class=\"se4_tit\">\n<div class=\"r left\"><\/div>\n<div class=\"l right\" style=\"text-align: left;\">\n<p><span style=\"font-size: 14pt; font-family: helvetica, arial, sans-serif;\"><img fetchpriority=\"high\" decoding=\"async\" class=\"aligncenter wp-image-2396 size-full\" src=\"https:\/\/www.mlkjlasers.com\/wp-content\/uploads\/2023\/09\/Hd476199b9cf44b38b64099a3367bf0d5P.jpg\" alt=\"\" width=\"1920\" height=\"850\" srcset=\"https:\/\/www.mlkjlasers.com\/wp-content\/uploads\/2023\/09\/Hd476199b9cf44b38b64099a3367bf0d5P.jpg 1920w, https:\/\/www.mlkjlasers.com\/wp-content\/uploads\/2023\/09\/Hd476199b9cf44b38b64099a3367bf0d5P-300x133.jpg 300w, https:\/\/www.mlkjlasers.com\/wp-content\/uploads\/2023\/09\/Hd476199b9cf44b38b64099a3367bf0d5P-1024x453.jpg 1024w, https:\/\/www.mlkjlasers.com\/wp-content\/uploads\/2023\/09\/Hd476199b9cf44b38b64099a3367bf0d5P-768x340.jpg 768w, https:\/\/www.mlkjlasers.com\/wp-content\/uploads\/2023\/09\/Hd476199b9cf44b38b64099a3367bf0d5P-1536x680.jpg 1536w, https:\/\/www.mlkjlasers.com\/wp-content\/uploads\/2023\/09\/Hd476199b9cf44b38b64099a3367bf0d5P-600x266.jpg 600w\" sizes=\"(max-width: 1920px) 100vw, 1920px\" \/><\/span><\/p>\n<\/div>\n<\/div>\n<div class=\"se4_tit\">\n<div class=\"l right\" style=\"text-align: left;\">\n<div class=\"J_module\">\n<div class=\"icbu-pc-images magic-1\">\n<div class=\"flex-layout-v\">\n<div class=\"flex-layout-h magic-1\">\n<div class=\"magic-2\">\n<div class=\"J_module\">\n<div class=\"icbu-pc-images magic-1\">\n<div class=\"flex-layout-v\">\n<div class=\"flex-layout-h magic-1\">\n<div><\/div>\n<div class=\"magic-24\"><strong><span style=\"font-family: helvetica, arial, sans-serif; font-size: 14pt;\">MLKJ Beste kommerzielle Laser-Haarentfernungsmaschine.<\/span><\/strong><br \/>\n<span style=\"font-family: helvetica, arial, sans-serif; font-size: 14pt;\">Gem\u00e4\u00df dem Prinzip der selektiven Photothermodynamik k\u00f6nnen die Laserwellenl\u00e4nge, Energie und Pulsbreite richtig eingestellt werden, um den Laser durch die Hautoberfl\u00e4che zum Wurzelhaarfollikel zu bringen. Lichtenergie wird absorbiert und in W\u00e4rmeenergie umgewandelt, die Haarfollikelgewebe zerst\u00f6rt, wodurch sich Haare nicht regenerieren k\u00f6nnen, was MLKJ-Laser macht. patentierte Technologie schmerzlos und dauerhaft<\/span><br \/>\n<span style=\"font-family: helvetica, arial, sans-serif; font-size: 14pt;\">Laser-Haarentfernungsger\u00e4t ist eine nicht-invasive Behandlungsmethode, nach der Behandlung wird keine bestimmten Sch\u00e4den an der umliegenden Haut haben, wird das normale Leben und die Arbeit nicht beeinflussen.<\/span><\/div>\n<div><img decoding=\"async\" class=\"aligncenter size-full wp-image-2230\" src=\"https:\/\/www.mlkjlasers.com\/wp-content\/uploads\/2023\/05\/\u5143\u5b87\u5b99\u5c4f\u5e55.jpg\" alt=\"\" width=\"2000\" height=\"720\" srcset=\"https:\/\/www.mlkjlasers.com\/wp-content\/uploads\/2023\/05\/\u5143\u5b87\u5b99\u5c4f\u5e55.jpg 2000w, https:\/\/www.mlkjlasers.com\/wp-content\/uploads\/2023\/05\/\u5143\u5b87\u5b99\u5c4f\u5e55-300x108.jpg 300w, https:\/\/www.mlkjlasers.com\/wp-content\/uploads\/2023\/05\/\u5143\u5b87\u5b99\u5c4f\u5e55-1024x369.jpg 1024w, https:\/\/www.mlkjlasers.com\/wp-content\/uploads\/2023\/05\/\u5143\u5b87\u5b99\u5c4f\u5e55-768x276.jpg 768w, https:\/\/www.mlkjlasers.com\/wp-content\/uploads\/2023\/05\/\u5143\u5b87\u5b99\u5c4f\u5e55-1536x553.jpg 1536w, https:\/\/www.mlkjlasers.com\/wp-content\/uploads\/2023\/05\/\u5143\u5b87\u5b99\u5c4f\u5e55-600x216.jpg 600w\" sizes=\"(max-width: 2000px) 100vw, 2000px\" \/><\/div>\n<\/div>\n<\/div>\n<\/div>\n<div><\/div>\n<\/div>\n<\/div>\n<\/div>\n<\/div>\n<\/div>\n<\/div>\n<div class=\"J_module\">\n<div class=\"detail-decorate-json-renderer-container\">\n<div class=\"magic-4\">\n<div class=\"magic-7\">\n<div class=\"magic-8\">\n<div class=\"magic-9\">\n<div><span style=\"font-size: 14pt; font-family: helvetica, arial, sans-serif;\"><span class=\"magic-10\">\u2714  der FDA<\/span>\u00a0<span class=\"magic-13\">&amp; Medizinisches CE <\/span><span class=\"magic-10\">Zertifizierte Maschine<\/span><\/span><\/div>\n<div><span style=\"font-size: 14pt; font-family: helvetica, arial, sans-serif;\"><span class=\"magic-10\">\u2714<span class=\"magic-12\">3 in 1 <\/span>Drei Lasertechnologien in einer Maschine<br \/>\n\u2714  Alexandrit<\/span><span class=\"magic-10\">e, Gott<\/span><span class=\"magic-10\">de und Nd:YAG Laser \u2013<span class=\"magic-12\"> behandelt alle Hauttypen<\/span><br \/>\n\u2714<span class=\"magic-12\">Einfach <\/span>zu operieren<br \/>\n\u2714  Online-Schulungen verf\u00fcgbar<br \/>\n\u2714<span class=\"magic-12\">50 Millionen Sch\u00fcsse <\/span>pro Handst\u00fcck!<\/span><\/span><\/div>\n<\/div>\n<\/div>\n<\/div>\n<\/div>\n<\/div>\n<\/div>\n<div class=\"J_module\">\n<div data-section=\"AliMagic-1av7nm\" data-section-title=\"Handle display\"><\/div>\n<\/div>\n<\/div>\n<div data-section=\"AliMagic-1av7nm\" data-section-title=\"Handle display\"><img decoding=\"async\" class=\"aligncenter size-full wp-image-2229\" src=\"https:\/\/www.mlkjlasers.com\/wp-content\/uploads\/2023\/05\/\u5143\u5b87\u5b99\u9759\u97f3.jpg\" alt=\"\" width=\"1920\" height=\"1040\" srcset=\"https:\/\/www.mlkjlasers.com\/wp-content\/uploads\/2023\/05\/\u5143\u5b87\u5b99\u9759\u97f3.jpg 1920w, https:\/\/www.mlkjlasers.com\/wp-content\/uploads\/2023\/05\/\u5143\u5b87\u5b99\u9759\u97f3-300x163.jpg 300w, https:\/\/www.mlkjlasers.com\/wp-content\/uploads\/2023\/05\/\u5143\u5b87\u5b99\u9759\u97f3-1024x555.jpg 1024w, https:\/\/www.mlkjlasers.com\/wp-content\/uploads\/2023\/05\/\u5143\u5b87\u5b99\u9759\u97f3-768x416.jpg 768w, https:\/\/www.mlkjlasers.com\/wp-content\/uploads\/2023\/05\/\u5143\u5b87\u5b99\u9759\u97f3-1536x832.jpg 1536w, https:\/\/www.mlkjlasers.com\/wp-content\/uploads\/2023\/05\/\u5143\u5b87\u5b99\u9759\u97f3-600x325.jpg 600w\" sizes=\"(max-width: 1920px) 100vw, 1920px\" \/><\/div>\n<div class=\"l right\" style=\"text-align: left;\">\n<div class=\"J_module\">\n<div data-section=\"AliMagic-1av7nm\" data-section-title=\"Handle display\"><\/div>\n<div id=\"ali-anchor-AliMagic-1av7nm\" class=\"magic-0\" data-section=\"AliMagic-1av7nm\" data-section-title=\"Handle display\"><span style=\"font-size: 14pt; font-family: helvetica, arial, sans-serif;\"><strong>Griff-Anzeige<\/strong><\/span><\/div>\n<div data-section=\"AliMagic-1av7nm\" data-section-title=\"Handle display\"><\/div>\n<\/div>\n<div class=\"J_module\">\n<div class=\"icbu-pc-images magic-1\">\n<div>\n<div class=\"flex-layout-v\">\n<div class=\"flex-layout-h magic-1\">\n<div class=\"magic-14\"><\/div>\n<div class=\"magic-14\"><\/div>\n<div class=\"magic-14\"><span style=\"font-size: 14pt; font-family: helvetica, arial, sans-serif;\"><img loading=\"lazy\" decoding=\"async\" class=\"aligncenter wp-image-1765\" src=\"https:\/\/mlkjlasers.com\/wp-content\/uploads\/2023\/07\/\u53cc\u624b\u67c4\u5e26\u9f3b\u6bdb\u5934-V19\u533b\u7597\u6b3e\u5ba3\u4f20\u518c7-10.jpg\" alt=\"\" width=\"1920\" height=\"1080\" srcset=\"https:\/\/www.mlkjlasers.com\/wp-content\/uploads\/2023\/07\/\u53cc\u624b\u67c4\u5e26\u9f3b\u6bdb\u5934-V19\u533b\u7597\u6b3e\u5ba3\u4f20\u518c7-10.jpg 1200w, https:\/\/www.mlkjlasers.com\/wp-content\/uploads\/2023\/07\/\u53cc\u624b\u67c4\u5e26\u9f3b\u6bdb\u5934-V19\u533b\u7597\u6b3e\u5ba3\u4f20\u518c7-10-300x169.jpg 300w, https:\/\/www.mlkjlasers.com\/wp-content\/uploads\/2023\/07\/\u53cc\u624b\u67c4\u5e26\u9f3b\u6bdb\u5934-V19\u533b\u7597\u6b3e\u5ba3\u4f20\u518c7-10-1024x576.jpg 1024w, https:\/\/www.mlkjlasers.com\/wp-content\/uploads\/2023\/07\/\u53cc\u624b\u67c4\u5e26\u9f3b\u6bdb\u5934-V19\u533b\u7597\u6b3e\u5ba3\u4f20\u518c7-10-768x432.jpg 768w, https:\/\/www.mlkjlasers.com\/wp-content\/uploads\/2023\/07\/\u53cc\u624b\u67c4\u5e26\u9f3b\u6bdb\u5934-V19\u533b\u7597\u6b3e\u5ba3\u4f20\u518c7-10-600x338.jpg 600w\" sizes=\"(max-width: 1920px) 100vw, 1920px\" \/><\/span><\/div>\n<div class=\"magic-14\"><\/div>\n<\/div>\n<\/div>\n<\/div>\n<div>\n<div class=\"J_module\">\n<div class=\"icbu-pc-images magic-1\">\n<div class=\"flex-layout-v\">\n<div class=\"flex-layout-h magic-1\">\n<div class=\"magic-2\">\n<div class=\"J_module\">\n<div class=\"detail-decorate-json-renderer-container\">\n<div class=\"magic-4\">\n<div class=\"magic-7\">\n<div class=\"magic-8\">\n<div class=\"magic-9\" data-spm-anchor-id=\"a2700.wholesale.0.i36.51814b4b15mO1L\"><span class=\"magic-10\" style=\"font-size: 14pt; font-family: helvetica, arial, sans-serif;\">1.Schmerzfrei. Die Spitze des Handst\u00fccks k\u00fchlt auf -32C \u00b0, macht die Behandlung bequem und effektiv<\/span><\/div>\n<div class=\"magic-9\" data-spm-anchor-id=\"a2700.wholesale.0.i36.51814b4b15mO1L\"><span class=\"magic-10\" style=\"font-size: 14pt; font-family: helvetica, arial, sans-serif;\">2. Fr\u00fche Behandlungsergebnisse. 2-3 Behandlungssitzungen k\u00f6nnen dauerhafte Ergebnisse zeigen <\/span><\/div>\n<div class=\"magic-9\" data-spm-anchor-id=\"a2700.wholesale.0.i36.51814b4b15mO1L\"><span class=\"magic-10\" style=\"font-size: 14pt; font-family: helvetica, arial, sans-serif;\">3.Praktisch schmerzfrei mit Saphir unvergleichlich bequem und Sicherheit kontaktiert<\/span><\/div>\n<div data-spm-anchor-id=\"a2700.wholesale.0.i36.51814b4b15mO1L\"><span style=\"font-family: helvetica, arial, sans-serif; font-size: 14pt;\">4.Facial Tipp verbesserte Reichweite. Behandeln Sie Bereiche, die normalerweise schwer zu erreichen sind, einschlie\u00dflich der Ohren, Nasenl\u00f6cher und Glabella.<\/span><\/div>\n<\/div>\n<\/div>\n<\/div>\n<\/div>\n<\/div>\n<\/div>\n<\/div>\n<\/div>\n<\/div>\n<\/div>\n<\/div>\n<div>\n<div class=\"flex-layout-v\">\n<div class=\"flex-layout-h magic-1\">\n<div class=\"magic-14\"><span style=\"font-size: 14pt; font-family: helvetica, arial, sans-serif;\"><img loading=\"lazy\" decoding=\"async\" class=\"aligncenter wp-image-1768\" src=\"https:\/\/mlkjlasers.com\/wp-content\/uploads\/2023\/07\/\u53cc\u624b\u67c4\u5e26\u9f3b\u6bdb\u5934-V19\u533b\u7597\u6b3e\u5ba3\u4f20\u518c7-9.jpg\" alt=\"\" width=\"1920\" height=\"1080\" srcset=\"https:\/\/www.mlkjlasers.com\/wp-content\/uploads\/2023\/07\/\u53cc\u624b\u67c4\u5e26\u9f3b\u6bdb\u5934-V19\u533b\u7597\u6b3e\u5ba3\u4f20\u518c7-9.jpg 1200w, https:\/\/www.mlkjlasers.com\/wp-content\/uploads\/2023\/07\/\u53cc\u624b\u67c4\u5e26\u9f3b\u6bdb\u5934-V19\u533b\u7597\u6b3e\u5ba3\u4f20\u518c7-9-300x169.jpg 300w, https:\/\/www.mlkjlasers.com\/wp-content\/uploads\/2023\/07\/\u53cc\u624b\u67c4\u5e26\u9f3b\u6bdb\u5934-V19\u533b\u7597\u6b3e\u5ba3\u4f20\u518c7-9-1024x576.jpg 1024w, https:\/\/www.mlkjlasers.com\/wp-content\/uploads\/2023\/07\/\u53cc\u624b\u67c4\u5e26\u9f3b\u6bdb\u5934-V19\u533b\u7597\u6b3e\u5ba3\u4f20\u518c7-9-768x432.jpg 768w, https:\/\/www.mlkjlasers.com\/wp-content\/uploads\/2023\/07\/\u53cc\u624b\u67c4\u5e26\u9f3b\u6bdb\u5934-V19\u533b\u7597\u6b3e\u5ba3\u4f20\u518c7-9-600x338.jpg 600w\" sizes=\"(max-width: 1920px) 100vw, 1920px\" \/><\/span><\/div>\n<div><\/div>\n<\/div>\n<\/div>\n<\/div>\n<\/div>\n<\/div>\n<div class=\"J_module\">\n<div class=\"icbu-pc-images magic-1\">\n<div class=\"flex-layout-v\">\n<div class=\"flex-layout-h magic-1\">\n<div class=\"magic-16\"><span style=\"font-size: 14pt; font-family: helvetica, arial, sans-serif;\">755\/808\/1064nm Laser Haarentfernung Maschinenpreis.<\/span><br \/>\n<span style=\"font-size: 14pt; font-family: helvetica, arial, sans-serif;\">&gt; &gt; 808 Einzelwelle oder 755nm\/808nm\/1064nm perfekte dreifache Wellenl\u00e4ngen<\/span><br \/>\n<span style=\"font-size: 14pt; font-family: helvetica, arial, sans-serif;\">&gt; &gt; Amerika importierte Emitter, starke Energie<\/span><br \/>\n<span style=\"font-size: 14pt; font-family: helvetica, arial, sans-serif;\">&gt; &gt; 10\/12 St\u00fcck oder 16 St\u00fcck Deutschland Dilas urspr\u00fcngliche Laserstangen, 1200W\/1800W Leistung ist in der Lage, alle Anforderungen der Haarentfernung auf dem gesamten K\u00f6rper zu erf\u00fcllen<\/span><\/div>\n<div><\/div>\n<\/div>\n<div>\n<div class=\"J_module\">\n<div class=\"icbu-pc-images magic-1\">\n<div>\n<div class=\"flex-layout-v\">\n<div class=\"flex-layout-h magic-1\">\n<div class=\"magic-18\"><\/div>\n<\/div>\n<\/div>\n<\/div>\n<\/div>\n<\/div>\n<div class=\"J_module\">\n<div class=\"detail-decorate-json-renderer-container\">\n<div class=\"magic-4\">\n<div class=\"magic-7\">\n<div class=\"magic-8\">\n<div><img loading=\"lazy\" decoding=\"async\" class=\"aligncenter size-full wp-image-2299\" src=\"https:\/\/www.mlkjlasers.com\/wp-content\/uploads\/2023\/08\/3\u4e2d\u95f4\u6a2a\u5e45-1920X600.png\" alt=\"\" width=\"1920\" height=\"600\" srcset=\"https:\/\/www.mlkjlasers.com\/wp-content\/uploads\/2023\/08\/3\u4e2d\u95f4\u6a2a\u5e45-1920X600.png 1920w, https:\/\/www.mlkjlasers.com\/wp-content\/uploads\/2023\/08\/3\u4e2d\u95f4\u6a2a\u5e45-1920X600-300x94.png 300w, https:\/\/www.mlkjlasers.com\/wp-content\/uploads\/2023\/08\/3\u4e2d\u95f4\u6a2a\u5e45-1920X600-1024x320.png 1024w, https:\/\/www.mlkjlasers.com\/wp-content\/uploads\/2023\/08\/3\u4e2d\u95f4\u6a2a\u5e45-1920X600-768x240.png 768w, https:\/\/www.mlkjlasers.com\/wp-content\/uploads\/2023\/08\/3\u4e2d\u95f4\u6a2a\u5e45-1920X600-1536x480.png 1536w, https:\/\/www.mlkjlasers.com\/wp-content\/uploads\/2023\/08\/3\u4e2d\u95f4\u6a2a\u5e45-1920X600-600x188.png 600w\" sizes=\"(max-width: 1920px) 100vw, 1920px\" \/><\/div>\n<div><\/div>\n<div class=\"magic-9\"><span style=\"font-family: helvetica, arial, sans-serif; font-size: 14pt;\">&gt; &gt; 1-10Hz schnelle Frequenz und 15x25mm Spot Gr\u00f6\u00dfe sorgt f\u00fcr eine schnellere, glatte und effektive Behandlung<\/span><br \/>\n<span style=\"font-family: helvetica, arial, sans-serif; font-size: 14pt;\">&gt; &gt; Super Saphir Touch K\u00fchlsystem sorgt f\u00fcr schmerzlose und komfortable Behandlung<\/span><br \/>\n<span style=\"font-family: helvetica, arial, sans-serif; font-size: 14pt;\">&gt; &gt; Italien importierte Edelstoffwasserpumpe, es kann Maschine lange Zeit ohne Stopp arbeiten halten. Stellen Sie sicher, dass die W\u00e4rme sehr schnell entfernt wurde<\/span><br \/>\n<span style=\"font-family: helvetica, arial, sans-serif; font-size: 14pt;\">&gt; &gt; Doppelte Filter zur Erhaltung der Wasserqualit\u00e4t<\/span><br \/>\n<span style=\"font-family: helvetica, arial, sans-serif; font-size: 14pt;\">&gt; &gt; Kompressork\u00fchlung Luftk\u00fchlung Wasserk\u00fchlung Halbleiterk\u00fchlung, halten Wassertemperatur -32 \u2103 die ganze Zeit<\/span><\/div>\n<\/div>\n<\/div>\n<\/div>\n<div class=\"magic-4\">\n<div><\/div>\n<div><span style=\"font-size: 14pt; font-family: helvetica, arial, sans-serif;\"><strong>MLKJ LASER Durchbruchtechnologie, t<\/strong>er\u00a0<strong>Betriebsger\u00e4uschen<\/strong>\u00a0ist sehr niedrig, unter\u00a0<strong>60<\/strong>\u00a0Desibel.<\/span><\/div>\n<div><\/div>\n<\/div>\n<div class=\"magic-4\">\n<div><\/div>\n<div class=\"magic-7\">\n<div class=\"magic-8\">\n<div><span style=\"font-size: 14pt; font-family: helvetica, arial, sans-serif;\"><img loading=\"lazy\" decoding=\"async\" class=\"wp-image-1932 aligncenter\" src=\"https:\/\/mlkjlasers.com\/wp-content\/uploads\/2023\/07\/\u8131\u6bdb\u8fc7\u7a0b\u56fe.jpg\" alt=\"\" width=\"1569\" height=\"629\" srcset=\"https:\/\/www.mlkjlasers.com\/wp-content\/uploads\/2023\/07\/\u8131\u6bdb\u8fc7\u7a0b\u56fe.jpg 840w, https:\/\/www.mlkjlasers.com\/wp-content\/uploads\/2023\/07\/\u8131\u6bdb\u8fc7\u7a0b\u56fe-300x120.jpg 300w, https:\/\/www.mlkjlasers.com\/wp-content\/uploads\/2023\/07\/\u8131\u6bdb\u8fc7\u7a0b\u56fe-768x308.jpg 768w, https:\/\/www.mlkjlasers.com\/wp-content\/uploads\/2023\/07\/\u8131\u6bdb\u8fc7\u7a0b\u56fe-600x241.jpg 600w\" sizes=\"(max-width: 1569px) 100vw, 1569px\" \/><\/span><\/div>\n<div class=\"magic-9\">\n<div><\/div>\n<\/div>\n<\/div>\n<\/div>\n<\/div>\n<\/div>\n<\/div>\n<\/div>\n<div class=\"flex-layout-h magic-1\">\n<div><span style=\"font-size: 14pt; font-family: helvetica, arial, sans-serif;\"><img loading=\"lazy\" decoding=\"async\" class=\"magic-23 aligncenter\" src=\"https:\/\/sc04.alicdn.com\/kf\/H8fb22db20fa24727a7b7781a7ff90a2eO\/200225979\/H8fb22db20fa24727a7b7781a7ff90a2eO.jpg\" width=\"1552\" height=\"300\" data-src=\"\/\/sc04.alicdn.com\/kf\/H8fb22db20fa24727a7b7781a7ff90a2eO\/200225979\/H8fb22db20fa24727a7b7781a7ff90a2eO.jpg\" \/><\/span><\/div>\n<div><\/div>\n<\/div>\n<\/div>\n<\/div>\n<\/div>\n<\/div>\n<\/div>\n<div class=\"des_detail\">\n<div class=\"des_detail\">\n<h4 style=\"text-align: left;\"><span style=\"font-size: 14pt; font-family: helvetica, arial, sans-serif;\">14-Zoll-4K-Bildschirm, intelligentes Touch-Erlebnis<\/span><\/h4>\n<pre style=\"text-align: left;\"><span style=\"font-size: 14pt; font-family: helvetica, arial, sans-serif;\">* 6 Hautstile zur Auswahl\n * Einfach zu bedienen, bietet Betriebsf\u00e4higkeiten \/ Lehrdienste\n * Kostenloses Logo und Sprache k\u00f6nnen auf dem Bildschirm angepasst werden\r\n<\/span><\/pre>\n<div class=\"img_b\">\n<p><span style=\"font-size: 14pt; font-family: helvetica, arial, sans-serif;\"><img loading=\"lazy\" decoding=\"async\" class=\"aligncenter wp-image-2247\" src=\"https:\/\/mlkjlasers.com\/wp-content\/uploads\/2023\/08\/photobank.jpg\" alt=\"\" width=\"1920\" height=\"1280\" srcset=\"https:\/\/www.mlkjlasers.com\/wp-content\/uploads\/2023\/08\/photobank.jpg 1200w, https:\/\/www.mlkjlasers.com\/wp-content\/uploads\/2023\/08\/photobank-300x200.jpg 300w, https:\/\/www.mlkjlasers.com\/wp-content\/uploads\/2023\/08\/photobank-1024x683.jpg 1024w, https:\/\/www.mlkjlasers.com\/wp-content\/uploads\/2023\/08\/photobank-768x512.jpg 768w, https:\/\/www.mlkjlasers.com\/wp-content\/uploads\/2023\/08\/photobank-600x400.jpg 600w\" sizes=\"(max-width: 1920px) 100vw, 1920px\" \/><\/span><\/p>\n<p><span style=\"font-size: 14pt;\"><strong>Vor und nach<\/strong><\/span><\/p>\n<\/div>\n<p>&nbsp;<\/p>\n<\/div>\n<\/div>\n<p><img loading=\"lazy\" decoding=\"async\" class=\"aligncenter size-full wp-image-3106\" src=\"https:\/\/www.mlkjlasers.com\/wp-content\/uploads\/2024\/06\/8.jpg\" alt=\"\" width=\"1920\" height=\"1080\" srcset=\"https:\/\/www.mlkjlasers.com\/wp-content\/uploads\/2024\/06\/8.jpg 1920w, https:\/\/www.mlkjlasers.com\/wp-content\/uploads\/2024\/06\/8-300x169.jpg 300w, https:\/\/www.mlkjlasers.com\/wp-content\/uploads\/2024\/06\/8-1024x576.jpg 1024w, https:\/\/www.mlkjlasers.com\/wp-content\/uploads\/2024\/06\/8-768x432.jpg 768w, https:\/\/www.mlkjlasers.com\/wp-content\/uploads\/2024\/06\/8-1536x864.jpg 1536w, https:\/\/www.mlkjlasers.com\/wp-content\/uploads\/2024\/06\/8-600x338.jpg 600w\" sizes=\"(max-width: 1920px) 100vw, 1920px\" \/><\/p>\n<p><span style=\"font-size: 14pt; font-family: helvetica, arial, sans-serif; color: #000000;\">Hersteller von Sch\u00f6nheitsinstrumenten seit 15 Jahren, haben Zertifikate FDA, CE, ISO13485.<\/span><br \/>\n<span style=\"font-size: 14pt; font-family: helvetica, arial, sans-serif; color: #000000;\">Wir sind bestrebt, Ihr Sch\u00f6nheitsgesch\u00e4ft einfacher zu machen!<\/span><br \/>\n<span style=\"font-family: helvetica, arial, sans-serif; font-size: 14pt;\"><a href=\"https:\/\/www.mlkjlasers.com\/de\/contact-us\/\"><span style=\"color: #0000ff;\">Willkommen, uns f\u00fcr weitere Kooperationsl\u00f6sungen zu kontaktieren!<\/span><\/a><\/span><\/p>\n<p>&nbsp;<\/p>","protected":false},"excerpt":{"rendered":"<p><span style=\"font-family: helvetica, arial, sans-serif; font-size: 14pt;\">MLKJ Beste kommerzielle Laser-Haarentfernungsmaschine.<\/span><\/p>\n<p><span style=\"font-size: 14pt; font-family: helvetica, arial, sans-serif; color: #000000;\">Hersteller von Sch\u00f6nheitsinstrumenten seit 15 Jahren, haben Zertifikate FDA, CE, ISO13485.<\/span><\/p>\n<p><span style=\"font-size: 14pt; font-family: helvetica, arial, sans-serif; color: #000000;\">Wir sind bestrebt, Ihr Sch\u00f6nheitsgesch\u00e4ft einfacher zu machen!<\/span><\/p>\n<p><span style=\"font-family: helvetica, arial, sans-serif; font-size: 14pt;\"><a href=\"https:\/\/www.mlkjlasers.com\/de\/contact-us\/\"><span style=\"color: #0000ff;\">Willkommen, uns f\u00fcr weitere Kooperationsl\u00f6sungen zu kontaktieren!<\/span><\/a><\/span><\/p>","protected":false},"featured_media":2243,"comment_status":"open","ping_status":"closed","template":"","meta":[],"product_cat":[15],"product_tag":[],"class_list":["post-2238","product","type-product","status-publish","has-post-thumbnail","hentry","product_cat-diode-laser-hair-removal-machine"],"_links":{"self":[{"href":"https:\/\/www.mlkjlasers.com\/de\/wp-json\/wp\/v2\/product\/2238","targetHints":{"allow":["GET"]}}],"collection":[{"href":"https:\/\/www.mlkjlasers.com\/de\/wp-json\/wp\/v2\/product"}],"about":[{"href":"https:\/\/www.mlkjlasers.com\/de\/wp-json\/wp\/v2\/types\/product"}],"replies":[{"embeddable":true,"href":"https:\/\/www.mlkjlasers.com\/de\/wp-json\/wp\/v2\/comments?post=2238"}],"wp:featuredmedia":[{"embeddable":true,"href":"https:\/\/www.mlkjlasers.com\/de\/wp-json\/wp\/v2\/media\/2243"}],"wp:attachment":[{"href":"https:\/\/www.mlkjlasers.com\/de\/wp-json\/wp\/v2\/media?parent=2238"}],"wp:term":[{"taxonomy":"product_cat","embeddable":true,"href":"https:\/\/www.mlkjlasers.com\/de\/wp-json\/wp\/v2\/product_cat?post=2238"},{"taxonomy":"product_tag","embeddable":true,"href":"https:\/\/www.mlkjlasers.com\/de\/wp-json\/wp\/v2\/product_tag?post=2238"}],"curies":[{"name":"wp","href":"https:\/\/api.w.org\/{rel}","templated":true}]}}