{"id":2351,"date":"2023-08-28T13:49:00","date_gmt":"2023-08-28T05:49:00","guid":{"rendered":"https:\/\/mlkjlasers.com\/?post_type=product&#038;p=2351"},"modified":"2026-01-27T16:31:00","modified_gmt":"2026-01-27T08:31:00","slug":"q-switched-nd-yag-picosecond-laser-tattoo-removal-machine","status":"publish","type":"product","link":"https:\/\/www.mlkjlasers.com\/de\/product\/q-switched-nd-yag-picosecond-laser-tattoo-removal-machine\/","title":{"rendered":"Tragbare Hautpflege Q geschaltete ND YAG Laser-Tattoo-Entfernungsmaschine f\u00fcr Sch\u00f6nheit Saon Gebrauch"},"content":{"rendered":"<p><span style=\"font-size: 14pt;\"><img fetchpriority=\"high\" decoding=\"async\" class=\"wp-image-3825 alignleft\" src=\"https:\/\/www.mlkjlasers.com\/wp-content\/uploads\/2026\/01\/ND-LV3\u8be6\u60c5\u9875-1.jpg\" alt=\"\" width=\"1920\" height=\"911\" srcset=\"https:\/\/www.mlkjlasers.com\/wp-content\/uploads\/2026\/01\/ND-LV3\u8be6\u60c5\u9875-1.jpg 750w, https:\/\/www.mlkjlasers.com\/wp-content\/uploads\/2026\/01\/ND-LV3\u8be6\u60c5\u9875-1-300x142.jpg 300w, https:\/\/www.mlkjlasers.com\/wp-content\/uploads\/2026\/01\/ND-LV3\u8be6\u60c5\u9875-1-18x9.jpg 18w, https:\/\/www.mlkjlasers.com\/wp-content\/uploads\/2026\/01\/ND-LV3\u8be6\u60c5\u9875-1-600x285.jpg 600w\" sizes=\"(max-width: 1920px) 100vw, 1920px\" \/><span style=\"color: #000000; font-family: helvetica, arial, sans-serif; font-size: 14pt;\">Nd:YAG Laser zur Laser-Tattoo-Entfernung (Q-Switched Nd:YAG)<\/span><\/span><\/p>\n<div class=\"J_module\" style=\"text-align: left;\">\n<div class=\"detail-decorate-json-renderer-container\">\n<p style=\"text-align: left;\"><span style=\"font-family: helvetica, arial, sans-serif; color: #000000; font-size: 14pt;\">Der Nd:YAG Laser Q-switched Laser, was bedeutet, dass er au\u00dferordentlich kurze, leistungsstarke Energieimpulse erzeugt, die h\u00f6chstens ein paar Nanosekunden dauern. <\/span><\/p>\n<p style=\"text-align: left;\"><span style=\"font-family: helvetica, arial, sans-serif; color: #000000; font-size: 14pt;\">Die K\u00fcrze des Pulses ist f\u00fcr die Entfernung von T\u00e4towierungen unerl\u00e4sslich, so dass die T\u00e4towierungstinte zerst\u00f6rt wird, w\u00e4hrend das umliegende Gewebe unbesch\u00e4digt bleibt.<\/span><\/p>\n<p style=\"text-align: left;\"><span style=\"font-family: helvetica, arial, sans-serif; color: #000000; font-size: 14pt;\">Q-geschaltete Nd:YAG-Laser sind eine ausgezeichnete Wahl f\u00fcr die Entfernung von T\u00e4towierungen, da die produzierte Wellenl\u00e4nge von 1064 nm gut von schwarzen T\u00e4towierungen und anderen T\u00e4towierungsfarben absorbiert wird.<\/span><\/p>\n<p><span style=\"font-size: 14pt;\"><img decoding=\"async\" class=\"aligncenter wp-image-3827\" src=\"https:\/\/www.mlkjlasers.com\/wp-content\/uploads\/2026\/01\/ND-LV3\u8be6\u60c5\u9875-3.jpg\" alt=\"\" width=\"1920\" height=\"1874\" srcset=\"https:\/\/www.mlkjlasers.com\/wp-content\/uploads\/2026\/01\/ND-LV3\u8be6\u60c5\u9875-3.jpg 750w, https:\/\/www.mlkjlasers.com\/wp-content\/uploads\/2026\/01\/ND-LV3\u8be6\u60c5\u9875-3-300x293.jpg 300w, https:\/\/www.mlkjlasers.com\/wp-content\/uploads\/2026\/01\/ND-LV3\u8be6\u60c5\u9875-3-12x12.jpg 12w, https:\/\/www.mlkjlasers.com\/wp-content\/uploads\/2026\/01\/ND-LV3\u8be6\u60c5\u9875-3-600x586.jpg 600w\" sizes=\"(max-width: 1920px) 100vw, 1920px\" \/><\/span><\/p>\n<p style=\"text-align: left;\"><span style=\"font-family: helvetica, arial, sans-serif; color: #000000; font-size: 14pt;\">Wenn der 1064 nm-Strahl die Frequenz verdoppelt wird, beginnt das Licht mit einer zweiten Wellenl\u00e4nge, 532 nm, zu reisen. <\/span><\/p>\n<p style=\"text-align: left;\"><span style=\"font-family: helvetica, arial, sans-serif; color: #000000; font-size: 14pt;\">Die Wellenl\u00e4nge von 532 nm ist sehr effektiv bei roten, rosa, orange und anderen hellen Farben.<\/span><\/p>\n<p style=\"text-align: left;\"><span style=\"font-family: helvetica, arial, sans-serif; color: #000000; font-size: 14pt;\">Zusammen k\u00f6nnen die beiden Wellenl\u00e4ngen eines Nd: YAG Lasers fast das gesamte Spektrum von Tattoo-Farben f\u00fcr qualitativ hochwertiges Tintenzerbrechen und -entfernen behandeln. <\/span><\/p>\n<p style=\"text-align: left;\"><span style=\"font-family: helvetica, arial, sans-serif; color: #000000; font-size: 14pt;\">\u2013 deshalb sind Q-geschaltete Nd: YAG-Laser das Werkzeug der Wahl f\u00fcr die meisten Tattoo-Entfernungen<\/span><\/p>\n<p><span style=\"font-size: 14pt;\"><img decoding=\"async\" class=\"aligncenter wp-image-3829\" src=\"https:\/\/www.mlkjlasers.com\/wp-content\/uploads\/2026\/01\/ND-LV3\u8be6\u60c5\u9875-5.jpg\" alt=\"\" width=\"1920\" height=\"1853\" srcset=\"https:\/\/www.mlkjlasers.com\/wp-content\/uploads\/2026\/01\/ND-LV3\u8be6\u60c5\u9875-5.jpg 750w, https:\/\/www.mlkjlasers.com\/wp-content\/uploads\/2026\/01\/ND-LV3\u8be6\u60c5\u9875-5-300x290.jpg 300w, https:\/\/www.mlkjlasers.com\/wp-content\/uploads\/2026\/01\/ND-LV3\u8be6\u60c5\u9875-5-12x12.jpg 12w, https:\/\/www.mlkjlasers.com\/wp-content\/uploads\/2026\/01\/ND-LV3\u8be6\u60c5\u9875-5-600x579.jpg 600w\" sizes=\"(max-width: 1920px) 100vw, 1920px\" \/><\/span><\/p>\n<p><span style=\"font-size: 14pt;\"><b class=\"magic-7\">Handgriff: 4 Millionen Sch\u00fcsse<br \/>\n<\/b>Verwendete einzigartige Honeycomb Focused-Technologie, um eine Hauteffektvakuolisierung zu bilden, die die Haut vor Sch\u00e4den w\u00e4hrend der Behandlung sch\u00fctzen kann. Wasserstrom- und Wasserstandssysteme halten wertvolle optische Komponenten immer in einem sicheren Zustand.<\/span><br \/>\n<span style=\"font-size: 14pt;\">Verf\u00fcgbar<\/span><br \/>\n<span style=\"font-size: 14pt;\"><b>&#8212; &#8212; 1064NM<\/b><\/span><br \/>\n<span style=\"font-size: 14pt;\">Pigmententfernung, dunkle Braunentfernung, schwarze Tattoo-Entfernung.<\/span><br \/>\n<span style=\"font-size: 14pt;\"><b>&#8212; &#8212; 755NM<br \/>\n<\/b>Professionell f\u00fcr Pigmententfernung, Gesicht speckleremoval.<\/span><br \/>\n<span style=\"font-size: 14pt;\"><b>&#8212; &#8212; 1320NM<br \/>\n<\/b>Schwarze Gesichtspuppe, Hautverj\u00fcngung, schrumpfende Poren.<\/span><br \/>\n<span style=\"font-size: 14pt;\"><b>&#8212; &#8212; 532NM<br \/>\n<\/b>Pigmententfernung, rot hellbraun gr\u00fcn Tattoo Entfernung.<\/span><\/p>\n<p><span style=\"font-size: 14pt;\"><img loading=\"lazy\" decoding=\"async\" class=\"aligncenter wp-image-3830\" src=\"https:\/\/www.mlkjlasers.com\/wp-content\/uploads\/2026\/01\/ND-LV3\u8be6\u60c5\u9875-6.jpg\" alt=\"\" width=\"1920\" height=\"1341\" srcset=\"https:\/\/www.mlkjlasers.com\/wp-content\/uploads\/2026\/01\/ND-LV3\u8be6\u60c5\u9875-6.jpg 750w, https:\/\/www.mlkjlasers.com\/wp-content\/uploads\/2026\/01\/ND-LV3\u8be6\u60c5\u9875-6-300x210.jpg 300w, https:\/\/www.mlkjlasers.com\/wp-content\/uploads\/2026\/01\/ND-LV3\u8be6\u60c5\u9875-6-18x12.jpg 18w, https:\/\/www.mlkjlasers.com\/wp-content\/uploads\/2026\/01\/ND-LV3\u8be6\u60c5\u9875-6-600x419.jpg 600w\" sizes=\"(max-width: 1920px) 100vw, 1920px\" \/><span style=\"font-family: helvetica, arial, sans-serif; color: #000000;\"><span class=\"magic-9\">1. Kontinuierlicher, Superpuls, fraktionelle verschiedene Betriebsarten.<br \/>\n2. Brennpunktdurchmesser und Intervall sind einstellbar.<br \/>\n3. Das beste USA RF-Laserrohr, stabile Leistung, hohe Wirksamkeit.<\/span><\/span><\/span><\/p>\n<p><span style=\"font-family: helvetica, arial, sans-serif; font-size: 14pt; color: #000000;\"><span class=\"magic-9\">4. Keine Pigmentierung und Entpigmentierung der Haut, brauchen keine zus\u00e4tzlichen Verbrauchsmaterialien.<br \/>\n5. Sicherheitsschutz mit automatischem Alam.<br \/>\n6. Einfache und schnelle Behandlung, keine Ausfallzeit.<br \/>\n7. Verschiedene Spotvolumen sind f\u00fcr verschiedene Bereiche des K\u00f6rpers geeignet.<\/span><\/span><\/p>\n<p><span style=\"font-size: 14pt;\"><img loading=\"lazy\" decoding=\"async\" class=\"aligncenter wp-image-3828\" src=\"https:\/\/www.mlkjlasers.com\/wp-content\/uploads\/2026\/01\/ND-LV3\u8be6\u60c5\u9875-4.jpg\" alt=\"\" width=\"1920\" height=\"1198\" srcset=\"https:\/\/www.mlkjlasers.com\/wp-content\/uploads\/2026\/01\/ND-LV3\u8be6\u60c5\u9875-4.jpg 750w, https:\/\/www.mlkjlasers.com\/wp-content\/uploads\/2026\/01\/ND-LV3\u8be6\u60c5\u9875-4-300x187.jpg 300w, https:\/\/www.mlkjlasers.com\/wp-content\/uploads\/2026\/01\/ND-LV3\u8be6\u60c5\u9875-4-18x12.jpg 18w, https:\/\/www.mlkjlasers.com\/wp-content\/uploads\/2026\/01\/ND-LV3\u8be6\u60c5\u9875-4-600x374.jpg 600w\" sizes=\"(max-width: 1920px) 100vw, 1920px\" \/><\/span><\/p>\n<\/div>\n<\/div>\n<div class=\"J_module\" style=\"text-align: left;\">\n<div class=\"detail-decorate-json-renderer-container\">\n<div class=\"magic-3\">\n<div class=\"magic-6\">\n<div class=\"magic-7\">\n<div class=\"magic-8\">\n<div><span style=\"color: #000000; font-family: helvetica, arial, sans-serif; font-size: 14pt;\">5 K\u00f6pfe Stellengr\u00f6\u00dfe von 1mm auf 7mm einstellen<\/span><\/div>\n<\/div>\n<\/div>\n<\/div>\n<\/div>\n<\/div>\n<\/div>\n<div class=\"J_module\" style=\"text-align: left;\">\n<div class=\"detail-decorate-json-renderer-container\">\n<div class=\"magic-3\">\n<div class=\"magic-6\">\n<div class=\"magic-7\">\n<div class=\"magic-8\">\n<p><span style=\"font-size: 14pt;\">Verstellbarer 1064\/532 nm Kopf ist f\u00fcr gro\u00dfe Fl\u00e4che Tattoo \/ Pigmententfernung;<\/span><\/p>\n<\/div>\n<div class=\"magic-8\"><span style=\"font-family: helvetica, arial, sans-serif; font-size: 14pt; color: #000000;\"><span class=\"magic-5\"> Fester 1064\/532 nm Kopf ist f\u00fcr kleine Fl\u00e4che oder spezielle Stelle<\/span><\/span><\/div>\n<div><span style=\"font-size: 14pt;\"><img loading=\"lazy\" decoding=\"async\" class=\"aligncenter wp-image-3836\" src=\"https:\/\/www.mlkjlasers.com\/wp-content\/uploads\/2026\/01\/ND-LV3\u8be6\u60c5\u9875-12.jpg\" alt=\"\" width=\"1920\" height=\"1057\" srcset=\"https:\/\/www.mlkjlasers.com\/wp-content\/uploads\/2026\/01\/ND-LV3\u8be6\u60c5\u9875-12.jpg 750w, https:\/\/www.mlkjlasers.com\/wp-content\/uploads\/2026\/01\/ND-LV3\u8be6\u60c5\u9875-12-300x165.jpg 300w, https:\/\/www.mlkjlasers.com\/wp-content\/uploads\/2026\/01\/ND-LV3\u8be6\u60c5\u9875-12-18x10.jpg 18w, https:\/\/www.mlkjlasers.com\/wp-content\/uploads\/2026\/01\/ND-LV3\u8be6\u60c5\u9875-12-600x330.jpg 600w\" sizes=\"(max-width: 1920px) 100vw, 1920px\" \/><\/span><\/div>\n<\/div>\n<\/div>\n<\/div>\n<\/div>\n<\/div>\n<div class=\"J_module\" style=\"text-align: left;\">\n<div class=\"icbu-pc-images magic-0\">\n<div>\n<div class=\"flex-layout-v\">\n<div class=\"flex-layout-h magic-0\">\n<div class=\"magic-15\"><\/div>\n<div><\/div>\n<\/div>\n<\/div>\n<\/div>\n<\/div>\n<\/div>\n<div class=\"J_module\" style=\"text-align: left;\">\n<div class=\"detail-decorate-json-renderer-container\">\n<div class=\"magic-3\">\n<div class=\"magic-6\">\n<div class=\"magic-7\">\n<div class=\"magic-8\">\n<div><span class=\"magic-9\" style=\"font-family: helvetica, arial, sans-serif; font-size: 14pt; color: #000000;\">1. Kontinuierlicher, Superpuls, fraktionelle verschiedene Betriebsarten.<br \/>\n2. Brennpunktdurchmesser und Intervall sind einstellbar.<br \/>\n3. Das beste USA RF Laserrohr, importiert von CONHERENT, stabile Leistung, hochwirksam.<br \/>\n4. Keine Pigmentierung und Entpigmentierung der Haut, brauchen keine zus\u00e4tzlichen Verbrauchsmaterialien.<br \/>\n5. Sicherheitsschutz mit automatischem Alam.<br \/>\n6. Einfache und schnelle Behandlung, keine Ausfallzeit.<br \/>\n7. Verschiedene Spotvolumen sind f\u00fcr verschiedene Bereiche des K\u00f6rpers geeignet.<\/span><\/div>\n<div><span style=\"font-size: 14pt;\"><img loading=\"lazy\" decoding=\"async\" class=\"aligncenter wp-image-3831\" src=\"https:\/\/www.mlkjlasers.com\/wp-content\/uploads\/2026\/01\/ND-LV3\u8be6\u60c5\u9875-7.jpg\" alt=\"\" width=\"1920\" height=\"1288\" srcset=\"https:\/\/www.mlkjlasers.com\/wp-content\/uploads\/2026\/01\/ND-LV3\u8be6\u60c5\u9875-7.jpg 750w, https:\/\/www.mlkjlasers.com\/wp-content\/uploads\/2026\/01\/ND-LV3\u8be6\u60c5\u9875-7-300x201.jpg 300w, https:\/\/www.mlkjlasers.com\/wp-content\/uploads\/2026\/01\/ND-LV3\u8be6\u60c5\u9875-7-18x12.jpg 18w, https:\/\/www.mlkjlasers.com\/wp-content\/uploads\/2026\/01\/ND-LV3\u8be6\u60c5\u9875-7-600x402.jpg 600w\" sizes=\"(max-width: 1920px) 100vw, 1920px\" \/><\/span><\/div>\n<div>\n<p><span class=\"magic-7\" style=\"font-size: 14pt;\">Q Schalter Nd Yag Laser Tattoo Entfernungsmaschine Einzigartige Vorteile<\/span><\/p>\n<div><span style=\"font-size: 14pt;\">\u2022 Deutschland CE genehmigt, entsprechen der europ\u00e4ischen Sicherheitsnorm<\/span><\/div>\n<div><span style=\"font-size: 14pt;\">\u2022 Bis zu 10Hz f\u00fcr schnellere Tattoo Entfernung<\/span><\/div>\n<div><span style=\"font-size: 14pt;\">\u2022 Infrarot-Zielstrahl f\u00fcr genauen Betrieb<\/span><\/div>\n<div><span style=\"font-size: 14pt;\">\u2022 Lampe Lebensdauer \u00fcber 1.000.000 Aufnahmen<\/span><\/div>\n<div data-spm-anchor-id=\"a2700.details-description.0.i1.d5cbbYb0bYb0Ce\"><span style=\"font-size: 14pt;\">\u2022 ABS-Geh\u00e4use f\u00fcr schnelle Wartungsarbeiten<\/span><\/div>\n<div data-spm-anchor-id=\"a2700.details-description.0.i1.d5cbbYb0bYb0Ce\"><span style=\"font-size: 14pt;\"><img loading=\"lazy\" decoding=\"async\" class=\"aligncenter wp-image-3832\" src=\"https:\/\/www.mlkjlasers.com\/wp-content\/uploads\/2026\/01\/ND-LV3\u8be6\u60c5\u9875-8.jpg\" alt=\"\" width=\"1920\" height=\"1144\" srcset=\"https:\/\/www.mlkjlasers.com\/wp-content\/uploads\/2026\/01\/ND-LV3\u8be6\u60c5\u9875-8.jpg 750w, https:\/\/www.mlkjlasers.com\/wp-content\/uploads\/2026\/01\/ND-LV3\u8be6\u60c5\u9875-8-300x179.jpg 300w, https:\/\/www.mlkjlasers.com\/wp-content\/uploads\/2026\/01\/ND-LV3\u8be6\u60c5\u9875-8-18x12.jpg 18w, https:\/\/www.mlkjlasers.com\/wp-content\/uploads\/2026\/01\/ND-LV3\u8be6\u60c5\u9875-8-600x358.jpg 600w\" sizes=\"(max-width: 1920px) 100vw, 1920px\" \/><\/span><\/div>\n<\/div>\n<\/div>\n<\/div>\n<\/div>\n<\/div>\n<\/div>\n<\/div>\n<div class=\"J_module\" style=\"text-align: left;\">\n<div class=\"icbu-pc-images magic-0\">\n<div class=\"flex-layout-v\"><\/div>\n<\/div>\n<\/div>\n<div class=\"J_module\" style=\"text-align: left;\">\n<div class=\"detail-decorate-json-renderer-container\">\n<div class=\"magic-3\">\n<div class=\"magic-6\">\n<div class=\"magic-7\">\n<div class=\"magic-8\"><span style=\"font-size: 14pt;\"><img loading=\"lazy\" decoding=\"async\" class=\"aligncenter wp-image-3833\" src=\"https:\/\/www.mlkjlasers.com\/wp-content\/uploads\/2026\/01\/ND-LV3\u8be6\u60c5\u9875-9.jpg\" alt=\"\" width=\"1920\" height=\"1505\" srcset=\"https:\/\/www.mlkjlasers.com\/wp-content\/uploads\/2026\/01\/ND-LV3\u8be6\u60c5\u9875-9.jpg 750w, https:\/\/www.mlkjlasers.com\/wp-content\/uploads\/2026\/01\/ND-LV3\u8be6\u60c5\u9875-9-300x235.jpg 300w, https:\/\/www.mlkjlasers.com\/wp-content\/uploads\/2026\/01\/ND-LV3\u8be6\u60c5\u9875-9-15x12.jpg 15w, https:\/\/www.mlkjlasers.com\/wp-content\/uploads\/2026\/01\/ND-LV3\u8be6\u60c5\u9875-9-600x470.jpg 600w\" sizes=\"(max-width: 1920px) 100vw, 1920px\" \/><\/span><\/div>\n<div><span style=\"font-size: 14pt;\"><img loading=\"lazy\" decoding=\"async\" class=\"aligncenter wp-image-3834\" src=\"https:\/\/www.mlkjlasers.com\/wp-content\/uploads\/2026\/01\/ND-LV3\u8be6\u60c5\u9875-10.jpg\" alt=\"\" width=\"1920\" height=\"991\" srcset=\"https:\/\/www.mlkjlasers.com\/wp-content\/uploads\/2026\/01\/ND-LV3\u8be6\u60c5\u9875-10.jpg 750w, https:\/\/www.mlkjlasers.com\/wp-content\/uploads\/2026\/01\/ND-LV3\u8be6\u60c5\u9875-10-300x155.jpg 300w, https:\/\/www.mlkjlasers.com\/wp-content\/uploads\/2026\/01\/ND-LV3\u8be6\u60c5\u9875-10-18x9.jpg 18w, https:\/\/www.mlkjlasers.com\/wp-content\/uploads\/2026\/01\/ND-LV3\u8be6\u60c5\u9875-10-600x310.jpg 600w\" sizes=\"(max-width: 1920px) 100vw, 1920px\" \/><\/span><\/div>\n<div><span style=\"font-size: 14pt;\">8,4 Zoll wahre Farbe gro\u00dfer Touchscreen. Super cool Touch Erfahrung.<\/span><br \/>\n<span style=\"font-size: 14pt;\">Spezielle Sprachen k\u00f6nnen entsprechend Ihren tats\u00e4chlichen Anforderungen hinzugef\u00fcgt werden.<\/span><br \/>\n<span style=\"font-size: 14pt;\">Ihr Logo kann auch auf Diodenlaserbildschirm hinzugef\u00fcgt werden.<\/span><\/div>\n<div><span style=\"font-size: 14pt;\"><img loading=\"lazy\" decoding=\"async\" class=\"aligncenter wp-image-3835\" src=\"https:\/\/www.mlkjlasers.com\/wp-content\/uploads\/2026\/01\/ND-LV3\u8be6\u60c5\u9875-11.jpg\" alt=\"\" width=\"1920\" height=\"748\" srcset=\"https:\/\/www.mlkjlasers.com\/wp-content\/uploads\/2026\/01\/ND-LV3\u8be6\u60c5\u9875-11.jpg 750w, https:\/\/www.mlkjlasers.com\/wp-content\/uploads\/2026\/01\/ND-LV3\u8be6\u60c5\u9875-11-300x117.jpg 300w, https:\/\/www.mlkjlasers.com\/wp-content\/uploads\/2026\/01\/ND-LV3\u8be6\u60c5\u9875-11-18x7.jpg 18w, https:\/\/www.mlkjlasers.com\/wp-content\/uploads\/2026\/01\/ND-LV3\u8be6\u60c5\u9875-11-600x234.jpg 600w\" sizes=\"(max-width: 1920px) 100vw, 1920px\" \/><\/span><\/div>\n<div><\/div>\n<\/div>\n<\/div>\n<\/div>\n<div><\/div>\n<\/div>\n<\/div>\n<div class=\"J_module\">\n<div class=\"icbu-pc-images magic-0\">\n<div>\n<div class=\"flex-layout-v\">\n<div class=\"flex-layout-h magic-0\" style=\"text-align: left;\">\n<div class=\"magic-19\"><\/div>\n<div><\/div>\n<div><\/div>\n<\/div>\n<div style=\"text-align: left;\"><span style=\"font-size: 14pt;\"><a href=\"https:\/\/www.mlkjlasers.com\/de\/contact-us\/\"><span style=\"font-family: helvetica, arial, sans-serif; color: #3366ff;\">W\u00e4hlen Sie 18 Jahre MLKJ Professional Beauty Instrument Hersteller, um Ihre Sch\u00f6nheit Karriere erleichtern!<\/span><\/a><\/span><\/div>\n<div style=\"text-align: left;\"><\/div>\n<div class=\"flex-layout-h magic-0\" style=\"text-align: left;\">\n<div><\/div>\n<\/div>\n<div style=\"text-align: left;\"><\/div>\n<\/div>\n<\/div>\n<\/div>\n<\/div>","protected":false},"excerpt":{"rendered":"<p><span style=\"font-family: helvetica, arial, sans-serif;\">Q-geschaltete Nd:YAG-Laser sind eine ausgezeichnete Wahl f\u00fcr die Entfernung von T\u00e4towierungen, da die produzierte Wellenl\u00e4nge von 1064 nm gut von schwarzen T\u00e4towierungen und anderen T\u00e4towierungsfarben absorbiert wird. <\/span><\/p>\n<p><span style=\"font-family: helvetica, arial, sans-serif;\">Wenn der 1064 nm-Strahl die Frequenz verdoppelt wird, beginnt das Licht mit einer zweiten Wellenl\u00e4nge, 532 nm, zu reisen. <\/span><\/p>\n<p><span style=\"font-family: helvetica, arial, sans-serif;\">Die Wellenl\u00e4nge von 532 nm ist sehr effektiv bei roten, rosa, orange und anderen hellen Farben.<\/span><\/p>","protected":false},"featured_media":3821,"comment_status":"open","ping_status":"closed","template":"","meta":[],"product_cat":[24],"product_tag":[],"class_list":["post-2351","product","type-product","status-publish","has-post-thumbnail","hentry","product_cat-nd-yag-laser"],"_links":{"self":[{"href":"https:\/\/www.mlkjlasers.com\/de\/wp-json\/wp\/v2\/product\/2351","targetHints":{"allow":["GET"]}}],"collection":[{"href":"https:\/\/www.mlkjlasers.com\/de\/wp-json\/wp\/v2\/product"}],"about":[{"href":"https:\/\/www.mlkjlasers.com\/de\/wp-json\/wp\/v2\/types\/product"}],"replies":[{"embeddable":true,"href":"https:\/\/www.mlkjlasers.com\/de\/wp-json\/wp\/v2\/comments?post=2351"}],"wp:featuredmedia":[{"embeddable":true,"href":"https:\/\/www.mlkjlasers.com\/de\/wp-json\/wp\/v2\/media\/3821"}],"wp:attachment":[{"href":"https:\/\/www.mlkjlasers.com\/de\/wp-json\/wp\/v2\/media?parent=2351"}],"wp:term":[{"taxonomy":"product_cat","embeddable":true,"href":"https:\/\/www.mlkjlasers.com\/de\/wp-json\/wp\/v2\/product_cat?post=2351"},{"taxonomy":"product_tag","embeddable":true,"href":"https:\/\/www.mlkjlasers.com\/de\/wp-json\/wp\/v2\/product_tag?post=2351"}],"curies":[{"name":"wp","href":"https:\/\/api.w.org\/{rel}","templated":true}]}}