{"id":261,"date":"2023-05-29T16:47:00","date_gmt":"2023-05-29T08:47:00","guid":{"rendered":"https:\/\/mingliang.leadsclouds.com\/?post_type=product&#038;p=261"},"modified":"2026-01-20T16:26:13","modified_gmt":"2026-01-20T08:26:13","slug":"e808v17-2in1","status":"publish","type":"product","link":"https:\/\/www.mlkjlasers.com\/de\/product\/e808v17-2in1\/","title":{"rendered":"Elight Laser Diodenlaser V17 2in1"},"content":{"rendered":"<table style=\"border-collapse: collapse; width: 100%; height: 168px;\">\n<tbody>\n<tr style=\"height: 24px;\">\n<td style=\"width: 50%; height: 24px;\"><span style=\"font-family: helvetica, arial, sans-serif; color: #000000;\"><b>Elight Laser Diodenlaser V17 2in1<\/b><\/span><\/td>\n<td style=\"width: 50%; height: 24px;\"><span style=\"font-family: helvetica, arial, sans-serif; color: #000000;\">Modellnummer: 2in1 V17<\/span><\/td>\n<\/tr>\n<tr style=\"height: 24px;\">\n<td style=\"width: 50%; height: 24px;\"><span style=\"font-family: helvetica, arial, sans-serif; color: #000000;\">Wellenl\u00e4nge (Elight IPL): 420nm\/510nm\/560nm\/585nm\/640nm\/690nm\/755nm<\/span><\/td>\n<td style=\"width: 50%; height: 24px;\"><span style=\"font-family: helvetica, arial, sans-serif; color: #000000;\">Wellenl\u00e4nge (Diodenlaser): 755nm 808nm 1064nm<\/span><\/td>\n<\/tr>\n<tr style=\"height: 24px;\">\n<td style=\"width: 50%; height: 24px;\"><span style=\"font-family: helvetica, arial, sans-serif; color: #000000;\">Bildschirmgr\u00f6\u00dfe: 14 Zoll Echte Farbe Touchscreen<\/span><\/td>\n<td style=\"width: 50%; height: 24px;\"><span style=\"font-family: helvetica, arial, sans-serif; color: #000000;\">Pulsdauer: 10-300ms<\/span><\/td>\n<\/tr>\n<tr style=\"height: 24px;\">\n<td style=\"width: 50%; height: 24px;\"><span style=\"font-family: helvetica, arial, sans-serif; color: #000000;\">Frequenz: 1-10Hz<\/span><\/td>\n<td style=\"width: 50%; height: 24px;\"><span style=\"font-family: helvetica, arial, sans-serif; color: #000000;\">Stellengr\u00f6\u00dfe (Elight): 15 * 50mm<\/span><\/td>\n<\/tr>\n<tr style=\"height: 24px;\">\n<td style=\"width: 50%; height: 24px;\"><span style=\"font-family: helvetica, arial, sans-serif; color: #000000;\">Spot Gr\u00f6\u00dfe (Diodenlaser): 12 * 20mm &amp; amp; 12 * 35 mm<\/span><\/td>\n<td style=\"width: 50%; height: 24px;\"><span style=\"font-family: helvetica, arial, sans-serif; color: #000000;\">Energie: 1-150J \/ cm2<\/span><\/td>\n<\/tr>\n<tr style=\"height: 24px;\">\n<td style=\"width: 50%; height: 24px;\"><span style=\"font-family: helvetica, arial, sans-serif; color: #000000;\">K\u00fchlung: Wasserk\u00fchlung Luftk\u00fchlung TEC &lt; br&gt; Kondensatork\u00fchlung<\/span><\/td>\n<td style=\"width: 50%; height: 24px;\"><span style=\"font-family: helvetica, arial, sans-serif; color: #000000;\">Spannung: AC220V \/ 110V 50HZ \/ 60HZ<\/span><\/td>\n<\/tr>\n<tr style=\"height: 24px;\">\n<td style=\"width: 50%; height: 24px;\"><span style=\"font-family: helvetica, arial, sans-serif; color: #000000;\">Maschinen Demenz: Aluminium Box<\/span><\/td>\n<td style=\"width: 50%; height: 24px;\"><span style=\"font-family: helvetica, arial, sans-serif; color: #000000;\">Garantie: 2 Jahre<\/span><\/td>\n<\/tr>\n<\/tbody>\n<\/table>\n<div class=\"des2\">\n<div class=\"des_box1\">\n<div class=\"des_detail\">\n<div class=\"des_detail\">\n<p>&nbsp;<\/p>\n<p><span style=\"font-family: helvetica, arial, sans-serif; color: #000000;\"><img fetchpriority=\"high\" decoding=\"async\" class=\"aligncenter wp-image-1941\" src=\"https:\/\/mlkjlasers.com\/wp-content\/uploads\/2023\/05\/v17\u4e8c\u5408\u4e00\u8be6\u60c5\u9875_02.jpg\" alt=\"\" width=\"1920\" height=\"1281\" srcset=\"https:\/\/www.mlkjlasers.com\/wp-content\/uploads\/2023\/05\/v17\u4e8c\u5408\u4e00\u8be6\u60c5\u9875_02.jpg 790w, https:\/\/www.mlkjlasers.com\/wp-content\/uploads\/2023\/05\/v17\u4e8c\u5408\u4e00\u8be6\u60c5\u9875_02-300x200.jpg 300w, https:\/\/www.mlkjlasers.com\/wp-content\/uploads\/2023\/05\/v17\u4e8c\u5408\u4e00\u8be6\u60c5\u9875_02-768x512.jpg 768w, https:\/\/www.mlkjlasers.com\/wp-content\/uploads\/2023\/05\/v17\u4e8c\u5408\u4e00\u8be6\u60c5\u9875_02-600x400.jpg 600w\" sizes=\"(max-width: 1920px) 100vw, 1920px\" \/><\/span><\/p>\n<p>&nbsp;<\/p>\n<p><span style=\"font-family: helvetica, arial, sans-serif; color: #000000;\">Kosteneffektive multifunktionale Kombinationsmaschine, Diodenlaser Elight\/IPL-Griffe in einer Maschine<\/span><br \/>\n<span style=\"font-family: helvetica, arial, sans-serif; color: #000000;\">Multifunktionale Salon Lieblings Ipl elight zarte Haut und entfernen Frecken Diode Laser Haarentfernung Maschine<\/span><\/p>\n<p><span style=\"font-family: helvetica, arial, sans-serif; color: #000000;\"><img decoding=\"async\" class=\"aligncenter wp-image-1943\" src=\"https:\/\/mlkjlasers.com\/wp-content\/uploads\/2023\/05\/v17\u4e8c\u5408\u4e00\u8be6\u60c5\u9875_04.jpg\" alt=\"\" width=\"1920\" height=\"1976\" srcset=\"https:\/\/www.mlkjlasers.com\/wp-content\/uploads\/2023\/05\/v17\u4e8c\u5408\u4e00\u8be6\u60c5\u9875_04.jpg 790w, https:\/\/www.mlkjlasers.com\/wp-content\/uploads\/2023\/05\/v17\u4e8c\u5408\u4e00\u8be6\u60c5\u9875_04-292x300.jpg 292w, https:\/\/www.mlkjlasers.com\/wp-content\/uploads\/2023\/05\/v17\u4e8c\u5408\u4e00\u8be6\u60c5\u9875_04-768x790.jpg 768w, https:\/\/www.mlkjlasers.com\/wp-content\/uploads\/2023\/05\/v17\u4e8c\u5408\u4e00\u8be6\u60c5\u9875_04-600x617.jpg 600w\" sizes=\"(max-width: 1920px) 100vw, 1920px\" \/><\/span><\/p>\n<p>&nbsp;<\/p>\n<p><span style=\"font-family: helvetica, arial, sans-serif; color: #000000;\">Diode Laser Griff f\u00fcr dauerhafte und schmerzlose Haarentfernung Gesicht und K\u00f6rper mit gro\u00dfem und kleinem Behandlungskopf.<\/span><br \/>\n<span style=\"font-family: helvetica, arial, sans-serif; color: #000000;\">Jetzt sorgt die Technologie mit hoher Leistung und kurzem Puls daf\u00fcr, dass: bevor der K\u00f6rper Schmerzen f\u00fchlt, der Lichtschuss beendet war. Der gesamte Prozess ist sehr komfortabel, f\u00fchlen keine Schmerzen. In der Regel k\u00f6nnen 3-5 Sitzungen eine dauerhafte Haarentfernung erreichen.<\/span><\/p>\n<p>&nbsp;<\/p>\n<p><span style=\"font-family: helvetica, arial, sans-serif; color: #000000;\"><img decoding=\"async\" class=\"aligncenter\" src=\"https:\/\/cdn.cloudbf.com\/thumb\/format\/mini_xsize\/files\/28\/img\/2021\/12\/20\/v17-5_1LoKen.png.webp\" width=\"1564\" height=\"1503\" \/><\/span><\/p>\n<p><span style=\"font-family: helvetica, arial, sans-serif; color: #000000;\">Diodenlasergriff, der hochenergetische Laserstrahl dringt sofort in die Haut ein und erreicht den Haarfollikel w\u00e4hrend der Behandlung, wird das Ausgangslicht von Melanin im Haarfollikel absorbiert, wodurch der Haarfollikel zerst\u00f6rt und die dauerhafte Haarentfernung erreicht wird. Die Laserpulsbreite wird k\u00fcrzer eingestellt als die Zeit, die menschlicher K\u00f6rper&#8217; s Gef\u00fchlszeit, ein einziger Lichtschuss ist vorbei, aber der menschliche K\u00f6rper fiel schmerzlos, dann k\u00f6nnte das schmerzlose Behandlungsgef\u00fchl erreichen, um den Kunden zu verbessern&#8217; s komfortables Erlebnis.<\/span><\/p>\n<p>&nbsp;<\/p>\n<p><span style=\"font-family: helvetica, arial, sans-serif; color: #000000;\"><img loading=\"lazy\" decoding=\"async\" class=\"aligncenter wp-image-1931\" src=\"https:\/\/mlkjlasers.com\/wp-content\/uploads\/2023\/07\/\u5bf9\u6bd4-1024x393.jpg\" alt=\"\" width=\"1920\" height=\"738\" srcset=\"https:\/\/www.mlkjlasers.com\/wp-content\/uploads\/2023\/07\/\u5bf9\u6bd4-1024x393.jpg 1024w, https:\/\/www.mlkjlasers.com\/wp-content\/uploads\/2023\/07\/\u5bf9\u6bd4-300x115.jpg 300w, https:\/\/www.mlkjlasers.com\/wp-content\/uploads\/2023\/07\/\u5bf9\u6bd4-768x295.jpg 768w, https:\/\/www.mlkjlasers.com\/wp-content\/uploads\/2023\/07\/\u5bf9\u6bd4-600x231.jpg 600w, https:\/\/www.mlkjlasers.com\/wp-content\/uploads\/2023\/07\/\u5bf9\u6bd4.jpg 1200w\" sizes=\"(max-width: 1920px) 100vw, 1920px\" \/><\/span><\/p>\n<\/div>\n<\/div>\n<p><span style=\"font-size: 14pt; font-family: helvetica, arial, sans-serif; color: #000000;\"><strong>Elight f\u00fcr Haarentfernung Hautverj\u00fcngung<\/strong><\/span><\/p>\n<div class=\"des\">\n<div class=\"des_detail\">\n<div class=\"des_detail\">\n<p><span style=\"font-family: helvetica, arial, sans-serif; color: #000000;\"><img loading=\"lazy\" decoding=\"async\" class=\"aligncenter\" src=\"https:\/\/cdn.cloudbf.com\/thumb\/format\/mini_xsize\/files\/28\/img\/2021\/12\/20\/v17-9_ja6G3P.png.webp\" width=\"1586\" height=\"1264\" \/><\/span><span style=\"font-family: helvetica, arial, sans-serif; color: #000000;\">1. UK Lampe, Sch\u00fcsse mehr als 300.000 mal<\/span><br \/>\n<span style=\"font-family: helvetica, arial, sans-serif; color: #000000;\">2. 7 Filter, k\u00f6nnte mehr Funktion tun<\/span><br \/>\n<span style=\"font-family: helvetica, arial, sans-serif; color: #000000;\">3. Gro\u00dfe Fleckgr\u00f6\u00dfe 15*35mm, f\u00fcr schnelle Behandlung<\/span><br \/>\n<span style=\"font-family: helvetica, arial, sans-serif; color: #000000;\">4. Super K\u00fchlung reduzieren die schmerzhafte, machen Patienten bequemer<\/span><\/p>\n<p><img loading=\"lazy\" decoding=\"async\" class=\"aligncenter wp-image-1944\" src=\"https:\/\/mlkjlasers.com\/wp-content\/uploads\/2023\/05\/v17\u4e8c\u5408\u4e00\u8be6\u60c5\u9875_05-e1690185469102.jpg\" alt=\"\" width=\"1920\" height=\"1496\" srcset=\"https:\/\/www.mlkjlasers.com\/wp-content\/uploads\/2023\/05\/v17\u4e8c\u5408\u4e00\u8be6\u60c5\u9875_05-e1690185469102.jpg 784w, https:\/\/www.mlkjlasers.com\/wp-content\/uploads\/2023\/05\/v17\u4e8c\u5408\u4e00\u8be6\u60c5\u9875_05-e1690185469102-300x234.jpg 300w, https:\/\/www.mlkjlasers.com\/wp-content\/uploads\/2023\/05\/v17\u4e8c\u5408\u4e00\u8be6\u60c5\u9875_05-e1690185469102-768x599.jpg 768w, https:\/\/www.mlkjlasers.com\/wp-content\/uploads\/2023\/05\/v17\u4e8c\u5408\u4e00\u8be6\u60c5\u9875_05-e1690185469102-600x468.jpg 600w\" sizes=\"(max-width: 1920px) 100vw, 1920px\" \/><\/p>\n<p><span style=\"font-family: helvetica, arial, sans-serif; color: #000000;\"><strong>\u00a0E-Licht IPL f\u00fcr Haarentfernung\/Hautverj\u00fcngung\/Gef\u00e4\u00dfjob\/Pigmentierungsbehandlung\/Akne-Clearance&#8230; &#8230; &#8230;<\/strong><\/span><\/p>\n<p><span style=\"font-family: helvetica, arial, sans-serif; color: #000000;\">* Die Aufnahme von Energie wird nicht von der Pigmentbarriere beeinflusst.<\/span><br \/>\n<span style=\"font-family: helvetica, arial, sans-serif; color: #000000;\">* Kann auf dunkler Haut und hellen feinen Haaren verwendet werden<\/span><br \/>\n<span style=\"font-family: helvetica, arial, sans-serif; color: #000000;\">* Niedrige Energie pulsiertes Licht reduziert das Risiko von Hautverbrennungen und Schmerzgef\u00fchl.<\/span><br \/>\n<span style=\"font-family: helvetica, arial, sans-serif; color: #000000;\">* Beseitigt Nebenwirkungen, die durch \u00dcberhitzung der Lichtenergie verursacht werden.<\/span><br \/>\n<span style=\"font-family: helvetica, arial, sans-serif; color: #000000;\">* Einzigartige Sicherheitsvorrichtung, sicherer Schutz der Haut.<\/span><br \/>\n<span style=\"font-family: helvetica, arial, sans-serif; color: #000000;\">* Der Behandlungskopf ist direkt an der Haut befestigt, keine Notwendigkeit, den Abstand von der Haut zu messen, einfach zu beherrschen.<\/span><br \/>\n<span style=\"font-family: helvetica, arial, sans-serif; color: #000000;\">* Hautk\u00fchlungstechnologie, die klinische sicherer und komfortabler macht.<\/span><\/p>\n<p><span style=\"font-family: helvetica, arial, sans-serif; color: #000000;\"><img loading=\"lazy\" decoding=\"async\" class=\"aligncenter\" src=\"https:\/\/cdn.cloudbf.com\/thumb\/format\/mini_xsize\/files\/28\/img\/2021\/12\/28\/ipl-a6_12_mna3y7.jpg.webp\" width=\"1557\" height=\"948\" \/><\/span><\/p>\n<p><span style=\"font-family: helvetica, arial, sans-serif; color: #000000;\"><img loading=\"lazy\" decoding=\"async\" class=\"aligncenter\" src=\"https:\/\/cdn.cloudbf.com\/thumb\/format\/mini_xsize\/files\/28\/img\/2023\/06\/26\/v17_03_XVyBgD.jpg.webp\" alt=\"\" width=\"1554\" height=\"1039\" \/><\/span><\/p>\n<p style=\"text-align: left;\"><span style=\"font-family: helvetica, arial, sans-serif; color: #000000;\">Vorteil<\/span><br \/>\n<span style=\"font-family: helvetica, arial, sans-serif; color: #000000;\">Eine Minute K\u00fchlung<\/span><br \/>\n<span style=\"font-family: helvetica, arial, sans-serif; color: #000000;\">Schnelle, schmerzlose, dauerhafte Haarentfernung Niedriger Systemger\u00e4usch und starker K\u00fchleffekt<\/span><br \/>\n<span style=\"font-family: helvetica, arial, sans-serif; color: #000000;\">24 Stunden kontinuierlich arbeiten<\/span><br \/>\n<span style=\"font-family: helvetica, arial, sans-serif; color: #000000;\">Reduzierung der Vorbereitungszeit<\/span><br \/>\n<span style=\"font-family: helvetica, arial, sans-serif; color: #000000;\">Erweitern Sie Ihre Patientenbasis<\/span><br \/>\n<span style=\"font-family: helvetica, arial, sans-serif; color: #000000;\">Erh\u00f6hen Sie Ihren Gewinn Geeignet f\u00fcr die Behandlung aller K\u00f6rperteile<\/span><\/p>\n<p><img loading=\"lazy\" decoding=\"async\" class=\"aligncenter wp-image-1940\" src=\"https:\/\/mlkjlasers.com\/wp-content\/uploads\/2023\/05\/v17\u4e8c\u5408\u4e00\u8be6\u60c5\u9875_01.jpg\" alt=\"\" width=\"1920\" height=\"1281\" srcset=\"https:\/\/www.mlkjlasers.com\/wp-content\/uploads\/2023\/05\/v17\u4e8c\u5408\u4e00\u8be6\u60c5\u9875_01.jpg 790w, https:\/\/www.mlkjlasers.com\/wp-content\/uploads\/2023\/05\/v17\u4e8c\u5408\u4e00\u8be6\u60c5\u9875_01-300x200.jpg 300w, https:\/\/www.mlkjlasers.com\/wp-content\/uploads\/2023\/05\/v17\u4e8c\u5408\u4e00\u8be6\u60c5\u9875_01-768x512.jpg 768w, https:\/\/www.mlkjlasers.com\/wp-content\/uploads\/2023\/05\/v17\u4e8c\u5408\u4e00\u8be6\u60c5\u9875_01-600x400.jpg 600w\" sizes=\"(max-width: 1920px) 100vw, 1920px\" \/><\/p>\n<div class=\"img_b\">\n<p><span style=\"font-family: helvetica, arial, sans-serif; color: #000000;\"><img loading=\"lazy\" decoding=\"async\" class=\"aligncenter\" src=\"https:\/\/www.exfulaser.com\/uploads\/20230130\/%E5%B1%8F%E5%B9%95.jpg\" alt=\"\" width=\"1553\" height=\"1197\" \/><\/span><\/p>\n<p><span style=\"color: #000000; font-family: helvetica, arial, sans-serif; font-size: 14pt;\"><strong>14-Zoll-4K-Bildschirm, intelligentes Touch-Erlebnis<\/strong><\/span><br \/>\n<span style=\"color: #000000; font-family: helvetica, arial, sans-serif;\">* Anpassbare Behandlungsvoreinstellungen<\/span><br \/>\n<span style=\"color: #000000; font-family: helvetica, arial, sans-serif;\">* Mit m\u00e4nnlichen und weiblichen, 6 Hautstile zur Auswahl<\/span><br \/>\n<span style=\"color: #000000; font-family: helvetica, arial, sans-serif;\">* Einfach zu bedienen, bietet Betriebsf\u00e4higkeiten \/ Lehrdienste<\/span><br \/>\n<span style=\"color: #000000; font-family: helvetica, arial, sans-serif;\">* Kostenloses Logo und Sprache k\u00f6nnen auf dem Bildschirm angepasst werden<\/span><\/p>\n<p>&nbsp;<\/p>\n<\/div>\n<\/div>\n<\/div>\n<p><span style=\"font-size: 14pt; color: #0000ff;\"><a style=\"color: #0000ff;\" href=\"https:\/\/www.mlkjlasers.com\/de\/contact-us\/\"><em><span style=\"font-family: helvetica, arial, sans-serif;\">Erfahren Sie mehr Produktdetails!<\/span><\/em><\/a><\/span><br \/>\n<span style=\"color: #0000ff;\"><a style=\"color: #0000ff;\" href=\"https:\/\/www.mlkjlasers.com\/de\/contact-us\/\"><span style=\"font-size: 14pt;\"><em><span style=\"font-family: helvetica, arial, sans-serif;\">Fragen Sie nach Preisen!<\/span><\/em><\/span><\/a><\/span><br \/>\n<span style=\"color: #0000ff;\"><a style=\"color: #0000ff;\" href=\"https:\/\/www.mlkjlasers.com\/de\/contact-us\/\"><span style=\"font-size: 14pt;\"><em><span style=\"font-family: helvetica, arial, sans-serif;\">Werde Agent!<\/span><\/em><\/span><\/a><\/span><br \/>\n<span style=\"color: #0000ff;\"><a style=\"color: #0000ff;\" href=\"https:\/\/www.mlkjlasers.com\/de\/contact-us\/\"><span style=\"font-size: 14pt;\"><em><span style=\"font-family: helvetica, arial, sans-serif;\">Willkommen zu erkundigen!<\/span><\/em><\/span><\/a><\/span><\/p>\n<p>&nbsp;<\/p>\n<\/div>\n<\/div>\n<\/div>","protected":false},"excerpt":{"rendered":"<p>Diodenlasergriff, der hochenergetische Laserstrahl dringt sofort in die Haut ein und erreicht den Haarfollikel w\u00e4hrend der Behandlung, wird das Ausgangslicht von Melanin im Haarfollikel absorbiert, wodurch der Haarfollikel zerst\u00f6rt und die dauerhafte Haarentfernung erreicht wird. Die Laserpulsbreite wird k\u00fcrzer eingestellt als die Zeit, die menschlicher K\u00f6rper&#8217; s Gef\u00fchlszeit, ein einziger Lichtschuss ist vorbei, aber der menschliche K\u00f6rper fiel schmerzlos, dann k\u00f6nnte das schmerzlose Behandlungsgef\u00fchl erreichen, um den Kunden zu verbessern&#8217; s komfortables Erlebnis.<\/p>\n<p>E-Licht IPL f\u00fcr Haarentfernung\/Hautverj\u00fcngung\/Gef\u00e4\u00dfjob\/Pigmentierungsbehandlung\/Akne-Clearance&#8230;<br \/>\n* Die Aufnahme von Energie wird nicht von der Pigmentbarriere beeinflusst.<br \/>\n* Kann auf dunkler Haut und hellen feinen Haaren verwendet werden<br \/>\n* Niedrige Energie pulsiertes Licht reduziert das Risiko von Hautverbrennungen und Schmerzgef\u00fchl.<\/p>","protected":false},"featured_media":1951,"comment_status":"open","ping_status":"closed","template":"","meta":[],"product_cat":[29],"product_tag":[],"class_list":["post-261","product","type-product","status-publish","has-post-thumbnail","hentry","product_cat-multifunction-beauty-machine"],"_links":{"self":[{"href":"https:\/\/www.mlkjlasers.com\/de\/wp-json\/wp\/v2\/product\/261","targetHints":{"allow":["GET"]}}],"collection":[{"href":"https:\/\/www.mlkjlasers.com\/de\/wp-json\/wp\/v2\/product"}],"about":[{"href":"https:\/\/www.mlkjlasers.com\/de\/wp-json\/wp\/v2\/types\/product"}],"replies":[{"embeddable":true,"href":"https:\/\/www.mlkjlasers.com\/de\/wp-json\/wp\/v2\/comments?post=261"}],"wp:featuredmedia":[{"embeddable":true,"href":"https:\/\/www.mlkjlasers.com\/de\/wp-json\/wp\/v2\/media\/1951"}],"wp:attachment":[{"href":"https:\/\/www.mlkjlasers.com\/de\/wp-json\/wp\/v2\/media?parent=261"}],"wp:term":[{"taxonomy":"product_cat","embeddable":true,"href":"https:\/\/www.mlkjlasers.com\/de\/wp-json\/wp\/v2\/product_cat?post=261"},{"taxonomy":"product_tag","embeddable":true,"href":"https:\/\/www.mlkjlasers.com\/de\/wp-json\/wp\/v2\/product_tag?post=261"}],"curies":[{"name":"wp","href":"https:\/\/api.w.org\/{rel}","templated":true}]}}