{"id":268,"date":"2023-05-29T16:51:51","date_gmt":"2023-05-29T08:51:51","guid":{"rendered":"https:\/\/mingliang.leadsclouds.com\/?post_type=product&#038;p=268"},"modified":"2026-01-27T17:06:24","modified_gmt":"2026-01-27T09:06:24","slug":"exfu-11d-hifu-machine","status":"publish","type":"product","link":"https:\/\/www.mlkjlasers.com\/de\/product\/exfu-11d-hifu-machine\/","title":{"rendered":"EXFU 11D HIFU Maschine hohe Intensit\u00e4t fokussierter Ultraschall"},"content":{"rendered":"<div class=\"se3_item\">\n<table style=\"border-collapse: collapse; width: 100%; height: 267px;\">\n<tbody>\n<tr style=\"height: 24px;\">\n<td style=\"width: 50%; height: 24px;\"><span style=\"font-family: helvetica, arial, sans-serif; color: #000000; font-size: 14pt;\"><b>EXFU 11D HIFU Maschine<\/b><\/span><\/td>\n<td style=\"width: 50%; height: 24px;\"><\/td>\n<\/tr>\n<tr style=\"height: 24px;\">\n<td style=\"width: 50%; height: 24px;\">\n<div><span style=\"font-family: helvetica, arial, sans-serif; color: #000000; font-size: 14pt;\">Modell<\/span><\/div>\n<\/td>\n<td style=\"width: 50%; height: 24px;\">\n<div><span style=\"font-family: helvetica, arial, sans-serif; color: #000000; font-size: 14pt;\">7D Therapieger\u00e4t fokussierter Ultraschall<\/span><\/div>\n<\/td>\n<\/tr>\n<tr style=\"height: 24px;\">\n<td style=\"width: 50%; height: 24px;\">\n<div><span style=\"font-family: helvetica, arial, sans-serif; color: #000000; font-size: 14pt;\">Name<\/span><\/div>\n<\/td>\n<td style=\"width: 50%; height: 24px;\">\n<div><span style=\"font-family: helvetica, arial, sans-serif; color: #000000; font-size: 14pt;\">Hochintensiver fokussierter Ultraschall<\/span><\/div>\n<\/td>\n<\/tr>\n<tr style=\"height: 27px;\">\n<td style=\"width: 50%; height: 51px;\" rowspan=\"2\">\n<div><span style=\"font-family: helvetica, arial, sans-serif; color: #000000; font-size: 14pt;\">Griffe<\/span><\/div>\n<\/td>\n<td style=\"width: 50%; height: 27px;\">\n<div><span style=\"font-family: helvetica, arial, sans-serif; color: #000000; font-size: 14pt;\">Gesicht: 1,5mm, 3,0mm, 4,5mm<\/span><\/div>\n<\/td>\n<\/tr>\n<tr style=\"height: 24px;\">\n<td style=\"width: 50%; height: 24px;\">\n<div><span style=\"font-family: helvetica, arial, sans-serif; color: #000000; font-size: 14pt;\">HF: MF2\/6\/9\/13 L4-4,5 L7-1,5 L7-3,0<\/span><\/div>\n<\/td>\n<\/tr>\n<tr style=\"height: 24px;\">\n<td style=\"width: 50%; height: 24px;\">\n<div><span style=\"font-family: helvetica, arial, sans-serif; color: #000000; font-size: 14pt;\">Energieausgabe<\/span><\/div>\n<\/td>\n<td style=\"width: 50%; height: 24px;\">\n<div><span style=\"font-family: helvetica, arial, sans-serif; color: #000000; font-size: 14pt;\">0,1J-2,5J (0,1J pro Schritt)<\/span><\/div>\n<\/td>\n<\/tr>\n<tr style=\"height: 24px;\">\n<td style=\"width: 50%; height: 24px;\">\n<div><span style=\"font-family: helvetica, arial, sans-serif; color: #000000; font-size: 14pt;\">Raum zwischen Punkten<\/span><\/div>\n<\/td>\n<td style=\"width: 50%; height: 24px;\">\n<div><span style=\"font-family: helvetica, arial, sans-serif; color: #000000; font-size: 14pt;\">1.0mm-4.0mm<\/span><\/div>\n<\/td>\n<\/tr>\n<tr style=\"height: 24px;\">\n<td style=\"width: 50%; height: 24px;\">\n<div><span style=\"font-family: helvetica, arial, sans-serif; color: #000000; font-size: 14pt;\">Schussl\u00e4nge<\/span><\/div>\n<\/td>\n<td style=\"width: 50%; height: 24px;\">\n<div><span style=\"font-family: helvetica, arial, sans-serif; color: #000000; font-size: 14pt;\">5 mm bis 25 mm<\/span><\/div>\n<\/td>\n<\/tr>\n<tr style=\"height: 24px;\">\n<td style=\"width: 50%; height: 24px;\">\n<div><span style=\"font-family: helvetica, arial, sans-serif; color: #000000; font-size: 14pt;\">Sch\u00fcsse<\/span><\/div>\n<\/td>\n<td style=\"width: 50%; height: 24px;\">\n<div><span style=\"font-family: helvetica, arial, sans-serif; color: #000000; font-size: 14pt;\">Jede Patrone 300000 Aufnahmen<\/span><\/div>\n<\/td>\n<\/tr>\n<tr style=\"height: 24px;\">\n<td style=\"width: 50%; height: 24px;\">\n<div><span style=\"font-family: helvetica, arial, sans-serif; color: #000000; font-size: 14pt;\">Bildschirmgr\u00f6\u00dfe<\/span><\/div>\n<\/td>\n<td style=\"width: 50%; height: 24px;\">\n<div><span style=\"font-family: helvetica, arial, sans-serif; color: #000000; font-size: 14pt;\">15 Zoll<\/span><\/div>\n<\/td>\n<\/tr>\n<tr style=\"height: 24px;\">\n<td style=\"width: 50%; height: 24px;\">\n<div><span style=\"font-family: helvetica, arial, sans-serif; color: #000000; font-size: 14pt;\">Spannung<\/span><\/div>\n<\/td>\n<td style=\"width: 50%; height: 24px;\">\n<div><span style=\"font-family: helvetica, arial, sans-serif; color: #000000; font-size: 14pt;\">110V-240V, 50\/60Hz<\/span><\/div>\n<\/td>\n<\/tr>\n<\/tbody>\n<\/table>\n<\/div>\n<p><span style=\"font-family: helvetica, arial, sans-serif; color: #000000; font-size: 14pt;\">\u00a0\u00a0<img fetchpriority=\"high\" decoding=\"async\" class=\"aligncenter wp-image-1872\" src=\"https:\/\/mlkjlasers.com\/wp-content\/uploads\/2023\/05\/11D-HIFU-\u6d77\u62a5-3-e1689996250612.jpg\" alt=\"\" width=\"1920\" height=\"979\" srcset=\"https:\/\/www.mlkjlasers.com\/wp-content\/uploads\/2023\/05\/11D-HIFU-\u6d77\u62a5-3-e1689996250612.jpg 1200w, https:\/\/www.mlkjlasers.com\/wp-content\/uploads\/2023\/05\/11D-HIFU-\u6d77\u62a5-3-e1689996250612-300x153.jpg 300w, https:\/\/www.mlkjlasers.com\/wp-content\/uploads\/2023\/05\/11D-HIFU-\u6d77\u62a5-3-e1689996250612-1024x522.jpg 1024w, https:\/\/www.mlkjlasers.com\/wp-content\/uploads\/2023\/05\/11D-HIFU-\u6d77\u62a5-3-e1689996250612-768x392.jpg 768w, https:\/\/www.mlkjlasers.com\/wp-content\/uploads\/2023\/05\/11D-HIFU-\u6d77\u62a5-3-e1689996250612-600x306.jpg 600w\" sizes=\"(max-width: 1920px) 100vw, 1920px\" \/><\/span><\/p>\n<p><span style=\"font-family: helvetica, arial, sans-serif; color: #000000; font-size: 14pt;\"><strong>Tiefe der Penetration EXFU 11D HIFU Maschine<\/strong><br \/>\n<strong>Anwendungsbereiche:<\/strong><br \/>\n1. Entfernen Sie Falten auf der Stirn, Augen, Mund usw.<br \/>\n2. Heben und Straffen beider Wangen Haut.<br \/>\n3. Verbesserung der Hautelastizit\u00e4t und Formung der Kontur.<br \/>\n4. Verbesserung der Kieferlinie, Reduzierung &#8220; Marionette Linien&#8221;.<br \/>\n5. Das Straffen des Hautgewebes auf der Stirn, das Heben der Augenbrauenlinien.<br \/>\n6. Verbesserung des Hautteints, was die Haut zart und hell macht.<br \/>\n7. \u00dcbereinstimmung mit injizierender Sch\u00f6nheit wie Hyalurons\u00e4ure, Kollagen, um mehr Alterungsproblem zu l\u00f6sen.<br \/>\n8. Entfernen von Halsflitzen, sch\u00fctzen Sie das Altern des Halses.<\/span><\/p>\n<p><span style=\"font-family: helvetica, arial, sans-serif; color: #000000; font-size: 14pt;\">\u00a0 \u00a0 \u00a0 \u00a0 \u00a0<\/span><\/p>\n<div class=\"se3_item\">\n<div class=\"des1\" style=\"text-align: left;\">\n<div class=\"l left\"><span style=\"font-family: helvetica, arial, sans-serif; color: #000000; font-size: 14pt;\"><img decoding=\"async\" class=\"aligncenter wp-image-1867\" src=\"https:\/\/mlkjlasers.com\/wp-content\/uploads\/2023\/05\/7D\u6cbb\u7597\u5934.png\" alt=\"\" width=\"1920\" height=\"2234\" srcset=\"https:\/\/www.mlkjlasers.com\/wp-content\/uploads\/2023\/05\/7D\u6cbb\u7597\u5934.png 1058w, https:\/\/www.mlkjlasers.com\/wp-content\/uploads\/2023\/05\/7D\u6cbb\u7597\u5934-258x300.png 258w, https:\/\/www.mlkjlasers.com\/wp-content\/uploads\/2023\/05\/7D\u6cbb\u7597\u5934-880x1024.png 880w, https:\/\/www.mlkjlasers.com\/wp-content\/uploads\/2023\/05\/7D\u6cbb\u7597\u5934-768x894.png 768w, https:\/\/www.mlkjlasers.com\/wp-content\/uploads\/2023\/05\/7D\u6cbb\u7597\u5934-600x698.png 600w\" sizes=\"(max-width: 1920px) 100vw, 1920px\" \/><\/span><\/div>\n<div><\/div>\n<\/div>\n<\/div>\n<div><\/div>\n<div><\/div>\n<div class=\"se3_item\">\n<div class=\"des1\" style=\"text-align: left;\">\n<div class=\"r right\">\n<p><span style=\"font-family: helvetica, arial, sans-serif; color: #000000; font-size: 14pt;\">\u2022 Ultraschalltherapie, (<strong>HIFU<\/strong>1) liefert fokussierte Ultraschallenergie auf die gleiche Grundschicht (SMAS), die typischerweise von Chirurgen w\u00e4hrend der kosmetischen Chirurgie angesprochen wird.<\/span><\/p>\n<p><span style=\"font-family: helvetica, arial, sans-serif; color: #000000; font-size: 14pt;\">Im Gegensatz zu Lasern, Funkfrequenz und anderen Ger\u00e4ten umgeht das HIFU-Ger\u00e4t die Hautoberfl\u00e4che, um Energie in optimalen Tiefen zu liefern.<\/span><\/p>\n<p><span style=\"font-family: helvetica, arial, sans-serif; color: #000000; font-size: 14pt;\">\u2022 Die Ergebnisse treten sofort auf, aber am besten erscheinen \u00fcber zwei bis drei Monate, wenn sich neues Kollagen aufbaut und die Haut allm\u00e4hlich anhebt und strafft.<\/span><\/p>\n<p><span style=\"font-family: helvetica, arial, sans-serif; color: #000000; font-size: 14pt;\">\u2022 Der Prozess wird bis zu 6 Monate nach der Behandlung fortgesetzt.<\/span><\/p>\n<p>&nbsp;<\/p>\n<\/div>\n<\/div>\n<\/div>\n<p><span style=\"font-family: helvetica, arial, sans-serif; color: #000000; font-size: 14pt;\"><img decoding=\"async\" class=\"aligncenter wp-image-1879\" src=\"https:\/\/mlkjlasers.com\/wp-content\/uploads\/2023\/05\/11D-HIFU\u8be6\u60c5-4.jpg\" alt=\"\" width=\"1920\" height=\"2214\" srcset=\"https:\/\/www.mlkjlasers.com\/wp-content\/uploads\/2023\/05\/11D-HIFU\u8be6\u60c5-4.jpg 1200w, https:\/\/www.mlkjlasers.com\/wp-content\/uploads\/2023\/05\/11D-HIFU\u8be6\u60c5-4-260x300.jpg 260w, https:\/\/www.mlkjlasers.com\/wp-content\/uploads\/2023\/05\/11D-HIFU\u8be6\u60c5-4-888x1024.jpg 888w, https:\/\/www.mlkjlasers.com\/wp-content\/uploads\/2023\/05\/11D-HIFU\u8be6\u60c5-4-768x886.jpg 768w, https:\/\/www.mlkjlasers.com\/wp-content\/uploads\/2023\/05\/11D-HIFU\u8be6\u60c5-4-600x692.jpg 600w\" sizes=\"(max-width: 1920px) 100vw, 1920px\" \/><\/span><\/p>\n<div class=\"se3_item\">\n<div class=\"des2\">\n<div class=\"des_box1\">\n<p style=\"text-align: left;\"><span style=\"font-family: helvetica, arial, sans-serif; color: #000000; font-size: 14pt;\">Fortgeschrittene Ultraschalltherapie<\/span><\/p>\n<p style=\"text-align: left;\"><span style=\"font-family: helvetica, arial, sans-serif; color: #000000; font-size: 14pt;\">1. Nicht-chirurgische Behandlung des Gesichtshabens, des Anziehens und des K\u00f6rperkontur-Formsystems;<\/span><\/p>\n<p style=\"text-align: left;\"><span style=\"font-family: helvetica, arial, sans-serif; color: #000000; font-size: 14pt;\">2. Die Welt&#8217; s neueste hochenergiefokussierte Ultraschalltechnologie;<\/span><\/p>\n<p style=\"text-align: left;\"><span style=\"font-family: helvetica, arial, sans-serif; color: #000000; font-size: 14pt;\">3. Nicht invasiv, sicher, schnell, komfortabel und effektiv;<\/span><\/p>\n<p style=\"text-align: left;\"><span style=\"font-family: helvetica, arial, sans-serif; color: #000000; font-size: 14pt;\">4,7 Gesichtskartunsche 1,5 mm, 2,0 mm, 3,0 mm und 4,5 mm;<\/span><\/p>\n<p style=\"text-align: left;\"><span style=\"font-family: helvetica, arial, sans-serif; color: #000000; font-size: 14pt;\">5. Die Sondentiefe von 6 mm, 9 mm und 13 mm kann sich umfassend mit Hautalterung befassen;<\/span><\/p>\n<p style=\"text-align: left;\"><span style=\"font-family: helvetica, arial, sans-serif; color: #000000; font-size: 14pt;\">6.Die 2,0 mm Sonde ist einzigartig in der Welt und kann in allen Aspekten ohne verbotene Zone betrieben werden;<\/span><\/p>\n<p style=\"text-align: left;\"><span style=\"font-family: helvetica, arial, sans-serif; color: #000000; font-size: 14pt;\">7.Face heben, Haut straffen und Fett l\u00f6sen, kann in einer Maschine tun.<\/span><\/p>\n<p><span style=\"font-family: helvetica, arial, sans-serif; color: #000000; font-size: 14pt;\">\u00a0<\/span><\/p>\n<p><span style=\"font-family: helvetica, arial, sans-serif; color: #000000; font-size: 14pt;\"><img loading=\"lazy\" decoding=\"async\" class=\"aligncenter wp-image-1881\" src=\"https:\/\/mlkjlasers.com\/wp-content\/uploads\/2023\/05\/11D-HIFU\u8be6\u60c5-6-e1689994625795.jpg\" alt=\"\" width=\"1920\" height=\"754\" srcset=\"https:\/\/www.mlkjlasers.com\/wp-content\/uploads\/2023\/05\/11D-HIFU\u8be6\u60c5-6-e1689994625795.jpg 1200w, https:\/\/www.mlkjlasers.com\/wp-content\/uploads\/2023\/05\/11D-HIFU\u8be6\u60c5-6-e1689994625795-300x118.jpg 300w, https:\/\/www.mlkjlasers.com\/wp-content\/uploads\/2023\/05\/11D-HIFU\u8be6\u60c5-6-e1689994625795-1024x402.jpg 1024w, https:\/\/www.mlkjlasers.com\/wp-content\/uploads\/2023\/05\/11D-HIFU\u8be6\u60c5-6-e1689994625795-768x301.jpg 768w, https:\/\/www.mlkjlasers.com\/wp-content\/uploads\/2023\/05\/11D-HIFU\u8be6\u60c5-6-e1689994625795-600x236.jpg 600w\" sizes=\"(max-width: 1920px) 100vw, 1920px\" \/><span style=\"font-size: 14pt;\">Funktionen:<\/span><\/span><\/p>\n<\/div>\n<p style=\"text-align: left;\"><span style=\"font-family: helvetica, arial, sans-serif; color: #000000; font-size: 14pt;\">Die neueste HIFU-Maschine verf\u00fcgt \u00fcber insgesamt 11 Sonden, die vollst\u00e4ndig geschnitzt und anti-aging sind.<\/span><\/p>\n<p style=\"text-align: left;\"><span style=\"font-family: helvetica, arial, sans-serif; color: #000000; font-size: 14pt;\">1. Gesichtssonde 1,5mm, 3,0mm, 4,5mm, Konturformung, Heben und Straffen, Verd\u00fcnnung und Entfernung von frounen Linien, Crow&#8217; F\u00fc\u00dfe, rechtliche Linien, Doppelkinn, Halslinien.<\/span><\/p>\n<p style=\"text-align: left;\"><span style=\"font-family: helvetica, arial, sans-serif; color: #000000; font-size: 14pt;\">2. K\u00f6rpersonde, 6mm, 9mm, 13mm, Fett reduzieren und K\u00f6rper formen, Orangenhalgewebe &amp; amp; entfernen Cellulite, Straffen und Heben von K\u00f6rperhaut, Brust und Ges\u00e4\u00df.<\/span><\/p>\n<p style=\"text-align: left;\"><span style=\"font-family: helvetica, arial, sans-serif; color: #000000; font-size: 14pt;\">3. Die patentierte 2,0mm-Sonde hat einen signifikanten Einfluss auf Dehnungsstreifen, Wachstumsmarken und Fettleibigkeitsmarken.<\/span><\/p>\n<div class=\"des_box1\">\n<div class=\"des\">\n<p><span style=\"font-family: helvetica, arial, sans-serif; color: #000000; font-size: 14pt;\"><img loading=\"lazy\" decoding=\"async\" class=\"aligncenter wp-image-1882\" src=\"https:\/\/mlkjlasers.com\/wp-content\/uploads\/2023\/05\/11D-HIFU\u8be6\u60c5-7.jpg\" alt=\"\" width=\"1920\" height=\"2226\" srcset=\"https:\/\/www.mlkjlasers.com\/wp-content\/uploads\/2023\/05\/11D-HIFU\u8be6\u60c5-7.jpg 1200w, https:\/\/www.mlkjlasers.com\/wp-content\/uploads\/2023\/05\/11D-HIFU\u8be6\u60c5-7-259x300.jpg 259w, https:\/\/www.mlkjlasers.com\/wp-content\/uploads\/2023\/05\/11D-HIFU\u8be6\u60c5-7-883x1024.jpg 883w, https:\/\/www.mlkjlasers.com\/wp-content\/uploads\/2023\/05\/11D-HIFU\u8be6\u60c5-7-768x890.jpg 768w, https:\/\/www.mlkjlasers.com\/wp-content\/uploads\/2023\/05\/11D-HIFU\u8be6\u60c5-7-600x696.jpg 600w\" sizes=\"(max-width: 1920px) 100vw, 1920px\" \/><\/span><span style=\"font-family: helvetica, arial, sans-serif; color: #000000; font-size: 14pt;\">Vor und nach<\/span><\/p>\n<p><span style=\"font-family: helvetica, arial, sans-serif; color: #000000; font-size: 14pt;\"><img loading=\"lazy\" decoding=\"async\" class=\"aligncenter wp-image-1884\" src=\"https:\/\/mlkjlasers.com\/wp-content\/uploads\/2023\/05\/11D-HIFU\u8be6\u60c5-9.jpg\" alt=\"\" width=\"1920\" height=\"1044\" srcset=\"https:\/\/www.mlkjlasers.com\/wp-content\/uploads\/2023\/05\/11D-HIFU\u8be6\u60c5-9.jpg 750w, https:\/\/www.mlkjlasers.com\/wp-content\/uploads\/2023\/05\/11D-HIFU\u8be6\u60c5-9-300x163.jpg 300w, https:\/\/www.mlkjlasers.com\/wp-content\/uploads\/2023\/05\/11D-HIFU\u8be6\u60c5-9-600x326.jpg 600w\" sizes=\"(max-width: 1920px) 100vw, 1920px\" \/><\/span><\/p>\n<p><span style=\"font-size: 14pt;\"><img loading=\"lazy\" decoding=\"async\" class=\"aligncenter wp-image-1883\" src=\"https:\/\/www.mlkjlasers.com\/wp-content\/uploads\/2023\/05\/11D-HIFU\u8be6\u60c5-8.jpg\" alt=\"\" width=\"1920\" height=\"1978\" srcset=\"https:\/\/www.mlkjlasers.com\/wp-content\/uploads\/2023\/05\/11D-HIFU\u8be6\u60c5-8.jpg 1200w, https:\/\/www.mlkjlasers.com\/wp-content\/uploads\/2023\/05\/11D-HIFU\u8be6\u60c5-8-291x300.jpg 291w, https:\/\/www.mlkjlasers.com\/wp-content\/uploads\/2023\/05\/11D-HIFU\u8be6\u60c5-8-994x1024.jpg 994w, https:\/\/www.mlkjlasers.com\/wp-content\/uploads\/2023\/05\/11D-HIFU\u8be6\u60c5-8-768x791.jpg 768w, https:\/\/www.mlkjlasers.com\/wp-content\/uploads\/2023\/05\/11D-HIFU\u8be6\u60c5-8-600x618.jpg 600w\" sizes=\"(max-width: 1920px) 100vw, 1920px\" \/><strong style=\"color: #000000; font-style: italic;\"><span style=\"font-family: helvetica, arial, sans-serif;\">LED Touchscreen Smart Control System Hifu Ger\u00e4t<\/span><\/strong><\/span><\/p>\n<p><span style=\"font-size: 14pt;\"><strong style=\"color: #000000; font-style: italic;\"><span style=\"font-family: helvetica, arial, sans-serif;\">15-Zoll-4K-Bildschirm, intelligentes Touch-Erlebnis<\/span><\/strong><\/span><\/p>\n<p><span style=\"color: #000000; font-family: helvetica, arial, sans-serif; font-style: italic; font-size: 14pt;\">* Anpassbare Behandlungsvoreinstellungen<\/span><\/p>\n<p><span style=\"color: #000000; font-family: helvetica, arial, sans-serif; font-style: italic; font-size: 14pt;\">* Mit m\u00e4nnlichen und weiblichen, 6 Hautstile zur Auswahl<\/span><\/p>\n<p><span style=\"color: #000000; font-family: helvetica, arial, sans-serif; font-style: italic; font-size: 14pt;\">* Einfach zu bedienen mit Betriebsf\u00e4higkeiten und Lehrdiensten<\/span><\/p>\n<p><span style=\"color: #000000; font-family: helvetica, arial, sans-serif; font-style: italic; font-size: 14pt;\">* Kostenloses Logo und Sprache k\u00f6nnen auf dem Bildschirm angepasst werden<\/span><\/p>\n<p><span style=\"font-size: 14pt;\"><img loading=\"lazy\" decoding=\"async\" class=\"aligncenter wp-image-1877\" src=\"https:\/\/www.mlkjlasers.com\/wp-content\/uploads\/2023\/05\/11D-HIFU\u8be6\u60c5-2.jpg\" alt=\"\" width=\"1920\" height=\"1184\" srcset=\"https:\/\/www.mlkjlasers.com\/wp-content\/uploads\/2023\/05\/11D-HIFU\u8be6\u60c5-2.jpg 1200w, https:\/\/www.mlkjlasers.com\/wp-content\/uploads\/2023\/05\/11D-HIFU\u8be6\u60c5-2-300x185.jpg 300w, https:\/\/www.mlkjlasers.com\/wp-content\/uploads\/2023\/05\/11D-HIFU\u8be6\u60c5-2-1024x631.jpg 1024w, https:\/\/www.mlkjlasers.com\/wp-content\/uploads\/2023\/05\/11D-HIFU\u8be6\u60c5-2-768x474.jpg 768w, https:\/\/www.mlkjlasers.com\/wp-content\/uploads\/2023\/05\/11D-HIFU\u8be6\u60c5-2-600x370.jpg 600w\" sizes=\"(max-width: 1920px) 100vw, 1920px\" \/><\/span><\/p>\n<p><span style=\"font-size: 14pt;\"><img loading=\"lazy\" decoding=\"async\" class=\"aligncenter wp-image-1871\" src=\"https:\/\/www.mlkjlasers.com\/wp-content\/uploads\/2023\/05\/11D-HIFU-\u6d77\u62a5-2.jpg\" alt=\"\" width=\"1920\" height=\"997\" srcset=\"https:\/\/www.mlkjlasers.com\/wp-content\/uploads\/2023\/05\/11D-HIFU-\u6d77\u62a5-2.jpg 1200w, https:\/\/www.mlkjlasers.com\/wp-content\/uploads\/2023\/05\/11D-HIFU-\u6d77\u62a5-2-300x156.jpg 300w, https:\/\/www.mlkjlasers.com\/wp-content\/uploads\/2023\/05\/11D-HIFU-\u6d77\u62a5-2-1024x532.jpg 1024w, https:\/\/www.mlkjlasers.com\/wp-content\/uploads\/2023\/05\/11D-HIFU-\u6d77\u62a5-2-768x399.jpg 768w, https:\/\/www.mlkjlasers.com\/wp-content\/uploads\/2023\/05\/11D-HIFU-\u6d77\u62a5-2-600x312.jpg 600w\" sizes=\"(max-width: 1920px) 100vw, 1920px\" \/><strong style=\"color: #000000; font-family: helvetica, arial, sans-serif; font-style: italic;\"><a style=\"color: #000000;\" href=\"https:\/\/exfulaser.com\/single\/contact.html\" target=\"_blank\" rel=\"noopener\">Bitte kontaktieren Sie uns f\u00fcr den niedrigsten Preis!!!<\/a><\/strong><\/span><\/p>\n<\/div>\n<\/div>\n<\/div>\n<\/div>","protected":false},"excerpt":{"rendered":"<p style=\"text-align: left;\"><span style=\"font-family: helvetica, arial, sans-serif;\">* Eine hohe Wiederholungsrate von kurzen Impulsen wird tief in die Dermis geliefert, was eine hohe durchschnittliche Leistung und eine therapeutisch wirksame W\u00e4rmeaufbau erreicht, praktisch ohne Schmerzen.<\/span><\/p>\n<p><span style=\"font-family: helvetica, arial, sans-serif;\">* Die neueste HIFU-Maschine hat insgesamt 11 Sonden, die vollst\u00e4ndig geschnitzt und Anti-Aging sind.<\/span><\/p>\n<p><span style=\"font-family: helvetica, arial, sans-serif;\">* Nicht-chirurgische Behandlung des Gesichts Lifting, Straffen und K\u00f6rperkontur Formsystem. Die Welt&#8217; s neueste hochenergiefokussierte Ultraschalltechnologie.<\/span><\/p>","protected":false},"featured_media":1885,"comment_status":"open","ping_status":"closed","template":"","meta":[],"product_cat":[30],"product_tag":[],"class_list":["post-268","product","type-product","status-publish","has-post-thumbnail","hentry","product_cat-11d-hifu"],"_links":{"self":[{"href":"https:\/\/www.mlkjlasers.com\/de\/wp-json\/wp\/v2\/product\/268","targetHints":{"allow":["GET"]}}],"collection":[{"href":"https:\/\/www.mlkjlasers.com\/de\/wp-json\/wp\/v2\/product"}],"about":[{"href":"https:\/\/www.mlkjlasers.com\/de\/wp-json\/wp\/v2\/types\/product"}],"replies":[{"embeddable":true,"href":"https:\/\/www.mlkjlasers.com\/de\/wp-json\/wp\/v2\/comments?post=268"}],"wp:featuredmedia":[{"embeddable":true,"href":"https:\/\/www.mlkjlasers.com\/de\/wp-json\/wp\/v2\/media\/1885"}],"wp:attachment":[{"href":"https:\/\/www.mlkjlasers.com\/de\/wp-json\/wp\/v2\/media?parent=268"}],"wp:term":[{"taxonomy":"product_cat","embeddable":true,"href":"https:\/\/www.mlkjlasers.com\/de\/wp-json\/wp\/v2\/product_cat?post=268"},{"taxonomy":"product_tag","embeddable":true,"href":"https:\/\/www.mlkjlasers.com\/de\/wp-json\/wp\/v2\/product_tag?post=268"}],"curies":[{"name":"wp","href":"https:\/\/api.w.org\/{rel}","templated":true}]}}