{"id":2690,"date":"2023-11-10T09:27:29","date_gmt":"2023-11-10T01:27:29","guid":{"rendered":"https:\/\/mlkjlasers.com\/?post_type=product&#038;p=2690"},"modified":"2026-01-26T16:39:43","modified_gmt":"2026-01-26T08:39:43","slug":"new-design-nd-yag-laser-tattoo-removal-microneedle-980nm-laser-elight-ipl-diode-laser-hair-removal-7d-hifu-machine","status":"publish","type":"product","link":"https:\/\/www.mlkjlasers.com\/de\/product\/new-design-nd-yag-laser-tattoo-removal-microneedle-980nm-laser-elight-ipl-diode-laser-hair-removal-7d-hifu-machine\/","title":{"rendered":"4in1 multifunktionale Maschine microneedles RF Hautverj\u00fcngung 980nm hifu 808 Haarentfernung Diode Lasermaschine"},"content":{"rendered":"<div class=\"J_module\">\n<div class=\"icbu-pc-images magic-0\">\n<div>\n<div class=\"flex-layout-v\">\n<div class=\"flex-layout-h magic-0\">\n<div class=\"magic-1\"><span style=\"font-size: 14pt;\"><img fetchpriority=\"high\" decoding=\"async\" class=\"aligncenter wp-image-3610\" src=\"https:\/\/www.mlkjlasers.com\/wp-content\/uploads\/2026\/01\/EXFU-M1\u591a\u529f\u80fd808HIFU\u5fae\u9488980\u8be6\u60c5\u9875_01.jpg\" alt=\"\" width=\"1920\" height=\"3177\" srcset=\"https:\/\/www.mlkjlasers.com\/wp-content\/uploads\/2026\/01\/EXFU-M1\u591a\u529f\u80fd808HIFU\u5fae\u9488980\u8be6\u60c5\u9875_01.jpg 750w, https:\/\/www.mlkjlasers.com\/wp-content\/uploads\/2026\/01\/EXFU-M1\u591a\u529f\u80fd808HIFU\u5fae\u9488980\u8be6\u60c5\u9875_01-181x300.jpg 181w, https:\/\/www.mlkjlasers.com\/wp-content\/uploads\/2026\/01\/EXFU-M1\u591a\u529f\u80fd808HIFU\u5fae\u9488980\u8be6\u60c5\u9875_01-619x1024.jpg 619w, https:\/\/www.mlkjlasers.com\/wp-content\/uploads\/2026\/01\/EXFU-M1\u591a\u529f\u80fd808HIFU\u5fae\u9488980\u8be6\u60c5\u9875_01-600x993.jpg 600w\" sizes=\"(max-width: 1920px) 100vw, 1920px\" \/><\/span><\/div>\n<\/div>\n<\/div>\n<\/div>\n<\/div>\n<\/div>\n<div class=\"J_module\" style=\"text-align: left;\">\n<div class=\"detail-decorate-json-renderer-container\">\n<div class=\"magic-5\">\n<div class=\"magic-6\">\n<div class=\"magic-7\">\n<div class=\"magic-8\">\n<div class=\"magic-9\"><span style=\"font-size: 14pt; font-family: helvetica, arial, sans-serif;\"><b class=\"magic-10\"><span class=\"magic-11\">Produktbeschreibung<br \/>\nF\u00fcr diese Maschine hat insgesamt 4 Griffe. Match nach Ihren Bed\u00fcrfnissen.<\/span><\/b><\/span><\/div>\n<div class=\"magic-9\"><span style=\"font-size: 14pt; font-family: helvetica, arial, sans-serif;\"><b>1) Diodenlasergriff, Verwendung f\u00fcr:<\/b><\/span><\/div>\n<div class=\"magic-9\"><span style=\"font-size: 14pt; font-family: helvetica, arial, sans-serif;\">Dauerhafte Haarentfernung.<\/span><\/div>\n<div class=\"magic-9\"><span style=\"font-size: 14pt; font-family: helvetica, arial, sans-serif;\"><b>2) HIFU Griff, verwenden Sie f\u00fcr:<\/b><\/span><\/div>\n<div class=\"magic-9\"><span style=\"font-size: 14pt; font-family: helvetica, arial, sans-serif;\">Faltenreduzierung Konturformung<\/span><\/div>\n<div class=\"magic-9\"><span style=\"font-size: 14pt; font-family: helvetica, arial, sans-serif;\"><b>3) Microneedle Griff, verwenden Sie f\u00fcr:<\/b><\/span><\/div>\n<div class=\"magic-9\">\n<div class=\"magic-9\"><span style=\"font-size: 14pt; font-family: helvetica, arial, sans-serif;\">Faltenreduzierung Kontur Formgebung, Anti-Falten l\u00f6sen Fett, heben und f\u00f6rdern Hautregeneration<\/span><\/div>\n<div class=\"magic-9\"><span style=\"font-size: 14pt; font-family: helvetica, arial, sans-serif;\"><b>4) 980nm Laser, verwenden Sie f\u00fcr:<\/b><\/span><\/div>\n<div class=\"magic-9\"><span style=\"font-size: 14pt; font-family: helvetica, arial, sans-serif;\">Spinnenvene rote Blutlinie Entfernung, graue Nagelpilz Behandlung<\/span><\/div>\n<\/div>\n<\/div>\n<\/div>\n<\/div>\n<\/div>\n<\/div>\n<\/div>\n<div class=\"J_module\" style=\"text-align: left;\">\n<div id=\"ali-anchor-AliMagic-ma4kpp\" class=\"magic-13\" data-section=\"AliMagic-ma4kpp\" data-section-title=\"Product Description\"><span style=\"font-size: 14pt;\"><img decoding=\"async\" class=\"aligncenter wp-image-3612\" src=\"https:\/\/www.mlkjlasers.com\/wp-content\/uploads\/2026\/01\/EXFU-M1\u591a\u529f\u80fd808HIFU\u5fae\u9488980\u8be6\u60c5\u9875_03.jpg\" alt=\"\" width=\"1920\" height=\"2634\" srcset=\"https:\/\/www.mlkjlasers.com\/wp-content\/uploads\/2026\/01\/EXFU-M1\u591a\u529f\u80fd808HIFU\u5fae\u9488980\u8be6\u60c5\u9875_03.jpg 750w, https:\/\/www.mlkjlasers.com\/wp-content\/uploads\/2026\/01\/EXFU-M1\u591a\u529f\u80fd808HIFU\u5fae\u9488980\u8be6\u60c5\u9875_03-219x300.jpg 219w, https:\/\/www.mlkjlasers.com\/wp-content\/uploads\/2026\/01\/EXFU-M1\u591a\u529f\u80fd808HIFU\u5fae\u9488980\u8be6\u60c5\u9875_03-746x1024.jpg 746w, https:\/\/www.mlkjlasers.com\/wp-content\/uploads\/2026\/01\/EXFU-M1\u591a\u529f\u80fd808HIFU\u5fae\u9488980\u8be6\u60c5\u9875_03-600x823.jpg 600w\" sizes=\"(max-width: 1920px) 100vw, 1920px\" \/><\/span><\/div>\n<\/div>\n<div class=\"J_module\" style=\"text-align: left;\">\n<div id=\"ali-anchor-AliMagic-sj5rec\" class=\"magic-13\" data-section=\"AliMagic-sj5rec\" data-section-title=\"About Handle\"><span style=\"font-size: 14pt; font-family: helvetica, arial, sans-serif;\">\u00dcber Handle<\/span><\/div>\n<\/div>\n<div class=\"J_module\" style=\"text-align: left;\">\n<div class=\"icbu-pc-images magic-0\">\n<div>\n<div class=\"flex-layout-v\">\n<div class=\"flex-layout-h magic-0\">\n<div class=\"magic-16\"><span style=\"font-size: 14pt; font-family: helvetica, arial, sans-serif;\"><img decoding=\"async\" class=\"aligncenter wp-image-3617\" src=\"https:\/\/www.mlkjlasers.com\/wp-content\/uploads\/2026\/01\/EXFU-M1\u591a\u529f\u80fd808HIFU\u5fae\u9488980\u8be6\u60c5\u9875_08.jpg\" alt=\"\" width=\"1920\" height=\"3418\" srcset=\"https:\/\/www.mlkjlasers.com\/wp-content\/uploads\/2026\/01\/EXFU-M1\u591a\u529f\u80fd808HIFU\u5fae\u9488980\u8be6\u60c5\u9875_08.jpg 750w, https:\/\/www.mlkjlasers.com\/wp-content\/uploads\/2026\/01\/EXFU-M1\u591a\u529f\u80fd808HIFU\u5fae\u9488980\u8be6\u60c5\u9875_08-169x300.jpg 169w, https:\/\/www.mlkjlasers.com\/wp-content\/uploads\/2026\/01\/EXFU-M1\u591a\u529f\u80fd808HIFU\u5fae\u9488980\u8be6\u60c5\u9875_08-575x1024.jpg 575w, https:\/\/www.mlkjlasers.com\/wp-content\/uploads\/2026\/01\/EXFU-M1\u591a\u529f\u80fd808HIFU\u5fae\u9488980\u8be6\u60c5\u9875_08-600x1068.jpg 600w\" sizes=\"(max-width: 1920px) 100vw, 1920px\" \/><\/span><\/div>\n<\/div>\n<\/div>\n<\/div>\n<\/div>\n<\/div>\n<div class=\"J_module\" style=\"text-align: left;\">\n<div class=\"detail-decorate-json-renderer-container\">\n<div class=\"magic-5\">\n<div class=\"magic-6\">\n<div class=\"magic-7\">\n<div class=\"magic-8\">\n<div><\/div>\n<div class=\"magic-18\"><span style=\"font-size: 14pt; font-family: helvetica, arial, sans-serif;\"><b class=\"magic-19\"><span class=\"magic-20\" style=\"color: #48916c;\"><span class=\"magic-21\">Diodenlaseranz\u00fcge <\/span><i class=\"magic-22\">f\u00fcr alle Haut<\/i><span class=\"magic-21\"> und Haartypen Behandlung.<\/span><\/span><\/b><\/span><\/div>\n<div class=\"magic-18\"><span style=\"font-size: 14pt; font-family: helvetica, arial, sans-serif;\"><b class=\"magic-10\"><span class=\"magic-20\" style=\"color: #48916c;\">Importierte Laserleiste. 50 Millionen Sch\u00fcsse Zeit.<\/span><\/b><\/span><\/div>\n<div><span style=\"font-size: 14pt;\"><img loading=\"lazy\" decoding=\"async\" class=\"aligncenter wp-image-3616\" src=\"https:\/\/www.mlkjlasers.com\/wp-content\/uploads\/2026\/01\/EXFU-M1\u591a\u529f\u80fd808HIFU\u5fae\u9488980\u8be6\u60c5\u9875_07.jpg\" alt=\"\" width=\"1920\" height=\"1646\" srcset=\"https:\/\/www.mlkjlasers.com\/wp-content\/uploads\/2026\/01\/EXFU-M1\u591a\u529f\u80fd808HIFU\u5fae\u9488980\u8be6\u60c5\u9875_07.jpg 750w, https:\/\/www.mlkjlasers.com\/wp-content\/uploads\/2026\/01\/EXFU-M1\u591a\u529f\u80fd808HIFU\u5fae\u9488980\u8be6\u60c5\u9875_07-300x257.jpg 300w, https:\/\/www.mlkjlasers.com\/wp-content\/uploads\/2026\/01\/EXFU-M1\u591a\u529f\u80fd808HIFU\u5fae\u9488980\u8be6\u60c5\u9875_07-600x514.jpg 600w\" sizes=\"(max-width: 1920px) 100vw, 1920px\" \/><\/span><\/div>\n<div><span style=\"font-size: 14pt;\">\u25cf  Schmerzlos: 755\/808\/1064nm Diodenlaser f\u00fcr alle Arten von Haut Haarentfernung<\/span><br \/>\n<span style=\"font-size: 14pt;\">\u25cf  Schneller: Gro\u00dffl\u00e4chiger Spot-Schiebebetrieb<\/span><br \/>\n<span style=\"font-size: 14pt;\">\u25cf  Kein Trauma: Es gibt kein Trauma am Hautgewebe<\/span><br \/>\n<span style=\"font-size: 14pt;\">\u25cf  SICHERHEIT: Um das Licht des Stellvertreters zu vermeiden, um die Schwierigkeit des Betriebs zu verringern<\/span><\/div>\n<div><span style=\"font-size: 14pt;\"><img loading=\"lazy\" decoding=\"async\" class=\"aligncenter wp-image-3615\" src=\"https:\/\/www.mlkjlasers.com\/wp-content\/uploads\/2026\/01\/EXFU-M1\u591a\u529f\u80fd808HIFU\u5fae\u9488980\u8be6\u60c5\u9875_06.jpg\" alt=\"\" width=\"1920\" height=\"1490\" srcset=\"https:\/\/www.mlkjlasers.com\/wp-content\/uploads\/2026\/01\/EXFU-M1\u591a\u529f\u80fd808HIFU\u5fae\u9488980\u8be6\u60c5\u9875_06.jpg 750w, https:\/\/www.mlkjlasers.com\/wp-content\/uploads\/2026\/01\/EXFU-M1\u591a\u529f\u80fd808HIFU\u5fae\u9488980\u8be6\u60c5\u9875_06-300x233.jpg 300w, https:\/\/www.mlkjlasers.com\/wp-content\/uploads\/2026\/01\/EXFU-M1\u591a\u529f\u80fd808HIFU\u5fae\u9488980\u8be6\u60c5\u9875_06-600x466.jpg 600w\" sizes=\"(max-width: 1920px) 100vw, 1920px\" \/><\/span><\/div>\n<\/div>\n<\/div>\n<\/div>\n<\/div>\n<\/div>\n<\/div>\n<div class=\"J_module\" style=\"text-align: left;\">\n<div class=\"icbu-pc-images magic-0\">\n<div>\n<div class=\"flex-layout-v\">\n<div class=\"flex-layout-h magic-0\">\n<div class=\"magic-23\"><b style=\"font-family: helvetica, arial, sans-serif; font-size: 14pt;\">11D Kartuschen<\/b><\/div>\n<\/div>\n<\/div>\n<\/div>\n<\/div>\n<\/div>\n<div class=\"J_module\" style=\"text-align: left;\">\n<div class=\"detail-decorate-json-renderer-container\">\n<div class=\"magic-5\">\n<div class=\"magic-6\">\n<div class=\"magic-7\">\n<div class=\"magic-8\"><span style=\"font-size: 14pt; font-family: helvetica, arial, sans-serif;\"><b><span style=\"color: #48916c;\">L7-1.5mm, MF2.0mm, L7-3.0mm, L4-4.5mm, MF6.0mm, <\/span><\/b><\/span><\/div>\n<div class=\"magic-8\"><span style=\"font-size: 14pt; font-family: helvetica, arial, sans-serif;\"><b><span style=\"color: #bf4c76;\">MF9.0mm, MF13.0mm, DL1.5, DL2.0, DL3.0, DL4.5 <\/span><\/b><\/span><\/div>\n<div class=\"magic-8\"><span style=\"font-size: 14pt; font-family: helvetica, arial, sans-serif;\"> 1. Entfernen Sie Falten auf der Stirn, Augen, Mund usw. <\/span><\/div>\n<div class=\"magic-8\"><span style=\"font-size: 14pt; font-family: helvetica, arial, sans-serif;\">2. Heben und Straffen beider Wangen Haut. <\/span><\/div>\n<div class=\"magic-8\"><span style=\"font-size: 14pt; font-family: helvetica, arial, sans-serif;\">3. Verbesserung der Hautelastizit\u00e4t und Formung der Kontur. <\/span><\/div>\n<div class=\"magic-8\"><span style=\"font-size: 14pt; font-family: helvetica, arial, sans-serif;\">4. Verbesserung der Kieferlinie, Verringerung der \u201eMarionettenlinien\u201c. <\/span><\/div>\n<div class=\"magic-8\"><span style=\"font-size: 14pt; font-family: helvetica, arial, sans-serif;\">5. Das Straffen des Hautgewebes auf der Stirn, das Heben der Augenbrauenlinien. <\/span><\/div>\n<div class=\"magic-8\"><span style=\"font-size: 14pt; font-family: helvetica, arial, sans-serif;\">6. Verbesserung des Hautteints, was die Haut zart und hell macht.<\/span><\/div>\n<div class=\"magic-8\"><span style=\"font-size: 14pt; font-family: helvetica, arial, sans-serif;\"> 7. \u00dcbereinstimmung mit injizierender Sch\u00f6nheit wie Hyalurons\u00e4ure, Kollagen, um mehr Alterungsproblem zu l\u00f6sen. <\/span><\/div>\n<div class=\"magic-8\"><span style=\"font-size: 14pt; font-family: helvetica, arial, sans-serif;\">8. Entfernen von Halsflitzen, sch\u00fctzen Sie das Altern des Halses.<\/span><\/div>\n<\/div>\n<\/div>\n<\/div>\n<\/div>\n<\/div>\n<div class=\"J_module\" style=\"text-align: left;\">\n<div class=\"icbu-pc-images magic-0\">\n<div>\n<div class=\"flex-layout-v\">\n<div class=\"flex-layout-h magic-0\">\n<div class=\"magic-43\"><span style=\"font-size: 14pt; font-family: helvetica, arial, sans-serif;\"><img loading=\"lazy\" decoding=\"async\" class=\"aligncenter wp-image-3613\" src=\"https:\/\/www.mlkjlasers.com\/wp-content\/uploads\/2026\/01\/EXFU-M1\u591a\u529f\u80fd808HIFU\u5fae\u9488980\u8be6\u60c5\u9875_04.jpg\" alt=\"\" width=\"1920\" height=\"2186\" srcset=\"https:\/\/www.mlkjlasers.com\/wp-content\/uploads\/2026\/01\/EXFU-M1\u591a\u529f\u80fd808HIFU\u5fae\u9488980\u8be6\u60c5\u9875_04.jpg 750w, https:\/\/www.mlkjlasers.com\/wp-content\/uploads\/2026\/01\/EXFU-M1\u591a\u529f\u80fd808HIFU\u5fae\u9488980\u8be6\u60c5\u9875_04-263x300.jpg 263w, https:\/\/www.mlkjlasers.com\/wp-content\/uploads\/2026\/01\/EXFU-M1\u591a\u529f\u80fd808HIFU\u5fae\u9488980\u8be6\u60c5\u9875_04-600x683.jpg 600w\" sizes=\"(max-width: 1920px) 100vw, 1920px\" \/><\/span><\/div>\n<div><span style=\"font-size: 14pt;\"><img loading=\"lazy\" decoding=\"async\" class=\"aligncenter wp-image-3614\" src=\"https:\/\/www.mlkjlasers.com\/wp-content\/uploads\/2026\/01\/EXFU-M1\u591a\u529f\u80fd808HIFU\u5fae\u9488980\u8be6\u60c5\u9875_05.jpg\" alt=\"\" width=\"1920\" height=\"1953\" srcset=\"https:\/\/www.mlkjlasers.com\/wp-content\/uploads\/2026\/01\/EXFU-M1\u591a\u529f\u80fd808HIFU\u5fae\u9488980\u8be6\u60c5\u9875_05.jpg 750w, https:\/\/www.mlkjlasers.com\/wp-content\/uploads\/2026\/01\/EXFU-M1\u591a\u529f\u80fd808HIFU\u5fae\u9488980\u8be6\u60c5\u9875_05-295x300.jpg 295w, https:\/\/www.mlkjlasers.com\/wp-content\/uploads\/2026\/01\/EXFU-M1\u591a\u529f\u80fd808HIFU\u5fae\u9488980\u8be6\u60c5\u9875_05-600x610.jpg 600w\" sizes=\"(max-width: 1920px) 100vw, 1920px\" \/><\/span><\/div>\n<\/div>\n<\/div>\n<\/div>\n<\/div>\n<\/div>\n<div class=\"J_module\" style=\"text-align: left;\">\n<div class=\"detail-decorate-json-renderer-container\">\n<div class=\"magic-5\">\n<div class=\"magic-6\">\n<div class=\"magic-7\">\n<div class=\"magic-8\"><span style=\"font-size: 14pt;\"><strong><span style=\"font-family: helvetica, arial, sans-serif;\">Mikro Nadel &amp; amp; Mikronadel Multifunktion<\/span><\/strong><\/span><\/div>\n<div class=\"magic-8\"><span style=\"font-size: 14pt; font-family: helvetica, arial, sans-serif;\">1. Nicht isolierte Nadeln: gleiche Therapie zu Epidermis und Dermis Schicht <\/span><\/div>\n<div class=\"magic-8\"><span style=\"font-size: 14pt; font-family: helvetica, arial, sans-serif;\">2. Schrittmotor Typ: Nadel Eins\u00e4tze zur Haut glatt ohne Schock\u00a0 <\/span><\/div>\n<div class=\"magic-8\"><span style=\"font-size: 14pt; font-family: helvetica, arial, sans-serif;\">3. Vergoldete Nadeln: hohe Biokompatibilit\u00e4t, passt Metall Allergie Patient <\/span><\/div>\n<div class=\"magic-8\"><span style=\"font-size: 14pt; font-family: helvetica, arial, sans-serif;\">*. Anti-Falten, Festigung der Haut, Verbesserung der Pseudo-Falten, Aufl\u00f6sung von Fett, Formgebung und Heben. <\/span><\/div>\n<div class=\"magic-8\"><span style=\"font-size: 14pt; font-family: helvetica, arial, sans-serif;\">*. Aufhellen Sie die Haut schnell und machen sie zarter. <\/span><\/div>\n<div class=\"magic-8\"><span style=\"font-size: 14pt; font-family: helvetica, arial, sans-serif;\">*. Aktiv f\u00f6rdern Sie die Gesichtslymphzirkulation, l\u00f6sen Sie das Problem des Haut\u00f6dems. <\/span><\/div>\n<div class=\"magic-8\"><span style=\"font-size: 14pt; font-family: helvetica, arial, sans-serif;\">*. Heben und Straffen der Haut, effektiv Reparatur Dehnungsstreifen zu l\u00f6sen.<\/span><\/div>\n<div class=\"magic-8\"><span style=\"font-size: 14pt; font-family: helvetica, arial, sans-serif;\"> *. Entfernen Sie schwarzen Augenrand, Augenbeutel und Falten rund um das Auge. <\/span><\/div>\n<div class=\"magic-8\"><span style=\"font-size: 14pt; font-family: helvetica, arial, sans-serif;\">Schrumpfen der Poren, Reparatur Blain Narbe, beruhigende Haut.<\/span><\/div>\n<\/div>\n<\/div>\n<\/div>\n<\/div>\n<\/div>\n<div class=\"J_module\" style=\"text-align: left;\">\n<div class=\"icbu-pc-images magic-0\">\n<div>\n<div class=\"flex-layout-v\">\n<div class=\"flex-layout-h magic-0\">\n<div class=\"magic-47\"><span style=\"font-size: 14pt; font-family: helvetica, arial, sans-serif;\"><img loading=\"lazy\" decoding=\"async\" class=\"magic-48 aligncenter\" src=\"https:\/\/sc04.alicdn.com\/kf\/H76a10eb0580a43eea1049f4f685defe32\/201077653\/H76a10eb0580a43eea1049f4f685defe32.jpg\" width=\"1827\" height=\"1243\" data-src=\"\/\/sc04.alicdn.com\/kf\/H76a10eb0580a43eea1049f4f685defe32\/201077653\/H76a10eb0580a43eea1049f4f685defe32.jpg\" \/><\/span><\/div>\n<div><span style=\"font-size: 14pt;\"><b style=\"font-family: helvetica, arial, sans-serif;\">980nm Laser<\/b><\/span><\/div>\n<\/div>\n<\/div>\n<\/div>\n<\/div>\n<\/div>\n<div class=\"J_module\" style=\"text-align: left;\">\n<div class=\"detail-decorate-json-renderer-container\">\n<div class=\"magic-5\">\n<div class=\"magic-6\">\n<div class=\"magic-7\">\n<div class=\"magic-8\"><span style=\"font-size: 14pt; font-family: helvetica, arial, sans-serif;\">Strahl ist auf einen Durchmesserbereich von 0,5-3 mm fokussiert, um mehr fokussierte Energie zu erm\u00f6glichen, um das Zielgewebe zu erreichen, w\u00e4hrend das umliegende Hautgewebe verbrannt wird. <\/span><\/div>\n<div class=\"magic-8\"><span style=\"font-size: 14pt; font-family: helvetica, arial, sans-serif;\">Die transkutane Bestrahlung (mit einer Penetration von 1 bis 2 mm im Gewebe) verursacht eine selektive Gewebeabsorption durch H\u00e4moglobin (H\u00e4moglobin ist das Hauptziel des Lasers) <\/span><\/div>\n<div class=\"magic-8\"><span style=\"font-size: 14pt; font-family: helvetica, arial, sans-serif;\"><b>Spinnenvene rote Blutlinie Entfernung, graue Nagelpilz Behandlung.<\/b><\/span><\/div>\n<\/div>\n<\/div>\n<\/div>\n<\/div>\n<\/div>\n<div class=\"J_module\" style=\"text-align: left;\">\n<div class=\"icbu-pc-images magic-0\">\n<div>\n<div class=\"flex-layout-v\">\n<div class=\"flex-layout-h magic-0\">\n<div class=\"magic-51\"><span style=\"font-size: 14pt; font-family: helvetica, arial, sans-serif;\"><img loading=\"lazy\" decoding=\"async\" class=\"aligncenter wp-image-3618\" src=\"https:\/\/www.mlkjlasers.com\/wp-content\/uploads\/2026\/01\/EXFU-M1\u591a\u529f\u80fd808HIFU\u5fae\u9488980\u8be6\u60c5\u9875_09.jpg\" alt=\"\" width=\"1920\" height=\"2468\" srcset=\"https:\/\/www.mlkjlasers.com\/wp-content\/uploads\/2026\/01\/EXFU-M1\u591a\u529f\u80fd808HIFU\u5fae\u9488980\u8be6\u60c5\u9875_09.jpg 750w, https:\/\/www.mlkjlasers.com\/wp-content\/uploads\/2026\/01\/EXFU-M1\u591a\u529f\u80fd808HIFU\u5fae\u9488980\u8be6\u60c5\u9875_09-233x300.jpg 233w, https:\/\/www.mlkjlasers.com\/wp-content\/uploads\/2026\/01\/EXFU-M1\u591a\u529f\u80fd808HIFU\u5fae\u9488980\u8be6\u60c5\u9875_09-600x771.jpg 600w\" sizes=\"(max-width: 1920px) 100vw, 1920px\" \/><\/span><\/div>\n<\/div>\n<\/div>\n<\/div>\n<\/div>\n<\/div>\n<div class=\"J_module\" style=\"text-align: left;\">\n<div class=\"detail-decorate-json-renderer-container\">\n<div class=\"magic-5\">\n<div class=\"magic-6\">\n<div class=\"magic-7\">\n<div class=\"magic-8\">\n<div class=\"magic-9\"><span style=\"font-size: 14pt; font-family: helvetica, arial, sans-serif;\"><span class=\"magic-20\">1. <\/span><b class=\"magic-53\">14 Zoll<\/b><span class=\"magic-20\"> gro\u00dfer Touchscreen, humanisiert entworfen<\/span><\/span><\/div>\n<div class=\"magic-9\">\n<div class=\"magic-9\"><span style=\"font-size: 14pt; font-family: helvetica, arial, sans-serif;\"><span class=\"magic-20\">2. M\u00e4nnlich\/weiblich, K\u00f6rperteile,<\/span><b class=\"magic-54\"> 6 Hauttypen f\u00fcr Option.<\/b><\/span><\/div>\n<div class=\"magic-9\"><span class=\"magic-20\" style=\"font-size: 14pt; font-family: helvetica, arial, sans-serif;\">3. Englisch Ihre Muttersprache.<\/span><\/div>\n<div class=\"magic-9\" data-spm-anchor-id=\"a2700.details.0.i23.4f3d7272nLtHZk\"><span style=\"font-size: 14pt; font-family: helvetica, arial, sans-serif;\"><span class=\"magic-20\">4. <\/span><b class=\"magic-10\">Kostenloser OEM<\/b><span class=\"magic-20\"> Programmdienst (Logo\/System&#8230;)<\/span><\/span><\/div>\n<\/div>\n<\/div>\n<\/div>\n<\/div>\n<\/div>\n<\/div>\n<\/div>\n<div style=\"text-align: left;\" data-spm-anchor-id=\"a2700.details.0.i23.4f3d7272nLtHZk\"><span style=\"font-size: 14pt;\"><img loading=\"lazy\" decoding=\"async\" class=\"aligncenter wp-image-3619\" src=\"https:\/\/www.mlkjlasers.com\/wp-content\/uploads\/2026\/01\/EXFU-M1\u591a\u529f\u80fd808HIFU\u5fae\u9488980\u8be6\u60c5\u9875_10.jpg\" alt=\"\" width=\"1920\" height=\"1426\" srcset=\"https:\/\/www.mlkjlasers.com\/wp-content\/uploads\/2026\/01\/EXFU-M1\u591a\u529f\u80fd808HIFU\u5fae\u9488980\u8be6\u60c5\u9875_10.jpg 750w, https:\/\/www.mlkjlasers.com\/wp-content\/uploads\/2026\/01\/EXFU-M1\u591a\u529f\u80fd808HIFU\u5fae\u9488980\u8be6\u60c5\u9875_10-300x223.jpg 300w, https:\/\/www.mlkjlasers.com\/wp-content\/uploads\/2026\/01\/EXFU-M1\u591a\u529f\u80fd808HIFU\u5fae\u9488980\u8be6\u60c5\u9875_10-600x446.jpg 600w\" sizes=\"(max-width: 1920px) 100vw, 1920px\" \/><\/span><\/div>\n<div data-spm-anchor-id=\"a2700.details.0.i23.4f3d7272nLtHZk\"><span style=\"font-size: 14pt;\"><img loading=\"lazy\" decoding=\"async\" class=\"aligncenter wp-image-3611\" src=\"https:\/\/www.mlkjlasers.com\/wp-content\/uploads\/2026\/01\/EXFU-M1\u591a\u529f\u80fd808HIFU\u5fae\u9488980\u8be6\u60c5\u9875_02.jpg\" alt=\"\" width=\"1920\" height=\"2140\" srcset=\"https:\/\/www.mlkjlasers.com\/wp-content\/uploads\/2026\/01\/EXFU-M1\u591a\u529f\u80fd808HIFU\u5fae\u9488980\u8be6\u60c5\u9875_02.jpg 750w, https:\/\/www.mlkjlasers.com\/wp-content\/uploads\/2026\/01\/EXFU-M1\u591a\u529f\u80fd808HIFU\u5fae\u9488980\u8be6\u60c5\u9875_02-269x300.jpg 269w, https:\/\/www.mlkjlasers.com\/wp-content\/uploads\/2026\/01\/EXFU-M1\u591a\u529f\u80fd808HIFU\u5fae\u9488980\u8be6\u60c5\u9875_02-600x669.jpg 600w\" sizes=\"(max-width: 1920px) 100vw, 1920px\" \/><\/span><\/div>\n<div style=\"text-align: left;\" data-spm-anchor-id=\"a2700.details.0.i23.4f3d7272nLtHZk\"><span style=\"font-size: 14pt;\"><img loading=\"lazy\" decoding=\"async\" class=\"aligncenter wp-image-3620\" src=\"https:\/\/www.mlkjlasers.com\/wp-content\/uploads\/2026\/01\/EXFU-M1\u591a\u529f\u80fd808HIFU\u5fae\u9488980\u8be6\u60c5\u9875_11.jpg\" alt=\"\" width=\"1920\" height=\"3351\" srcset=\"https:\/\/www.mlkjlasers.com\/wp-content\/uploads\/2026\/01\/EXFU-M1\u591a\u529f\u80fd808HIFU\u5fae\u9488980\u8be6\u60c5\u9875_11.jpg 750w, https:\/\/www.mlkjlasers.com\/wp-content\/uploads\/2026\/01\/EXFU-M1\u591a\u529f\u80fd808HIFU\u5fae\u9488980\u8be6\u60c5\u9875_11-172x300.jpg 172w, https:\/\/www.mlkjlasers.com\/wp-content\/uploads\/2026\/01\/EXFU-M1\u591a\u529f\u80fd808HIFU\u5fae\u9488980\u8be6\u60c5\u9875_11-587x1024.jpg 587w, https:\/\/www.mlkjlasers.com\/wp-content\/uploads\/2026\/01\/EXFU-M1\u591a\u529f\u80fd808HIFU\u5fae\u9488980\u8be6\u60c5\u9875_11-600x1047.jpg 600w\" sizes=\"(max-width: 1920px) 100vw, 1920px\" \/><\/span><\/div>\n<div data-spm-anchor-id=\"a2700.details.0.i23.4f3d7272nLtHZk\">\n<p style=\"text-align: left;\"><span style=\"font-family: helvetica, arial, sans-serif; font-size: 14pt; color: #0000ff;\">Wenn Sie Fragen zu Beauty Equipment, der Suche nach Partnern und Beauty Entrepreneurship haben, wenden Sie sich bitte an MLKJ!<\/span><\/p>\n<p style=\"text-align: left;\"><span style=\"font-size: 14pt;\"><strong><span style=\"font-family: helvetica, arial, sans-serif; color: #0000ff;\">Tel\/Whatsapp: +86 15965364558<\/span><\/strong><\/span><\/p>\n<p style=\"text-align: left;\"><span style=\"font-size: 14pt;\"><strong><span style=\"font-family: helvetica, arial, sans-serif; color: #0000ff;\">E-mail: sale@mingliangkj.com<\/span><\/strong><\/span><\/p>\n<p style=\"text-align: left;\">\n<\/div>","protected":false},"excerpt":{"rendered":"<h1 data-spm-anchor-id=\"a2700.details.0.i21.4f3d7272nLtHZk\"><span style=\"font-size: 12pt; font-family: helvetica, arial, sans-serif;\">Neues Design Diode Laser Haarentfernung<\/span><\/h1>\n<h1 data-spm-anchor-id=\"a2700.details.0.i21.4f3d7272nLtHZk\"><span style=\"font-size: 12pt; font-family: helvetica, arial, sans-serif;\">Mikronadellaser<\/span><\/h1>\n<h1 data-spm-anchor-id=\"a2700.details.0.i21.4f3d7272nLtHZk\"><span style=\"font-size: 12pt; font-family: helvetica, arial, sans-serif;\">980nm Laser <\/span><\/h1>\n<h1 data-spm-anchor-id=\"a2700.details.0.i21.4f3d7272nLtHZk\"><span style=\"font-size: 12pt; font-family: helvetica, arial, sans-serif;\">11D Hifu Maschine<\/span><\/h1>","protected":false},"featured_media":3609,"comment_status":"open","ping_status":"closed","template":"","meta":[],"product_cat":[29],"product_tag":[],"class_list":["post-2690","product","type-product","status-publish","has-post-thumbnail","hentry","product_cat-multifunction-beauty-machine"],"_links":{"self":[{"href":"https:\/\/www.mlkjlasers.com\/de\/wp-json\/wp\/v2\/product\/2690","targetHints":{"allow":["GET"]}}],"collection":[{"href":"https:\/\/www.mlkjlasers.com\/de\/wp-json\/wp\/v2\/product"}],"about":[{"href":"https:\/\/www.mlkjlasers.com\/de\/wp-json\/wp\/v2\/types\/product"}],"replies":[{"embeddable":true,"href":"https:\/\/www.mlkjlasers.com\/de\/wp-json\/wp\/v2\/comments?post=2690"}],"wp:featuredmedia":[{"embeddable":true,"href":"https:\/\/www.mlkjlasers.com\/de\/wp-json\/wp\/v2\/media\/3609"}],"wp:attachment":[{"href":"https:\/\/www.mlkjlasers.com\/de\/wp-json\/wp\/v2\/media?parent=2690"}],"wp:term":[{"taxonomy":"product_cat","embeddable":true,"href":"https:\/\/www.mlkjlasers.com\/de\/wp-json\/wp\/v2\/product_cat?post=2690"},{"taxonomy":"product_tag","embeddable":true,"href":"https:\/\/www.mlkjlasers.com\/de\/wp-json\/wp\/v2\/product_tag?post=2690"}],"curies":[{"name":"wp","href":"https:\/\/api.w.org\/{rel}","templated":true}]}}