{"id":2713,"date":"2023-11-15T14:54:18","date_gmt":"2023-11-15T06:54:18","guid":{"rendered":"https:\/\/mlkjlasers.com\/?post_type=product&#038;p=2713"},"modified":"2026-01-24T10:17:12","modified_gmt":"2026-01-24T02:17:12","slug":"q-switched-nd-yag-laser-tattoo-removal-machine-2","status":"publish","type":"product","link":"https:\/\/www.mlkjlasers.com\/de\/product\/q-switched-nd-yag-laser-tattoo-removal-machine-2\/","title":{"rendered":"Pico Laser Tattoo Entfernung Q-Switched Nd Yag Lasermaschine"},"content":{"rendered":"<div class=\"J_module\">\n<div class=\"icbu-pc-images magic-0\">\n<div class=\"flex-layout-v\">\n<div class=\"flex-layout-h magic-0\">\n<div><span style=\"font-size: 14pt;\"><img fetchpriority=\"high\" decoding=\"async\" class=\"aligncenter size-full wp-image-3487\" src=\"https:\/\/www.mlkjlasers.com\/wp-content\/uploads\/2026\/01\/ND-LA3\u6d77\u62a5.jpg\" alt=\"\" width=\"1920\" height=\"300\" srcset=\"https:\/\/www.mlkjlasers.com\/wp-content\/uploads\/2026\/01\/ND-LA3\u6d77\u62a5.jpg 1920w, https:\/\/www.mlkjlasers.com\/wp-content\/uploads\/2026\/01\/ND-LA3\u6d77\u62a5-300x47.jpg 300w, https:\/\/www.mlkjlasers.com\/wp-content\/uploads\/2026\/01\/ND-LA3\u6d77\u62a5-1024x160.jpg 1024w, https:\/\/www.mlkjlasers.com\/wp-content\/uploads\/2026\/01\/ND-LA3\u6d77\u62a5-768x120.jpg 768w, https:\/\/www.mlkjlasers.com\/wp-content\/uploads\/2026\/01\/ND-LA3\u6d77\u62a5-1536x240.jpg 1536w, https:\/\/www.mlkjlasers.com\/wp-content\/uploads\/2026\/01\/ND-LA3\u6d77\u62a5-600x94.jpg 600w\" sizes=\"(max-width: 1920px) 100vw, 1920px\" \/><\/span><\/div>\n<div class=\"magic-1\">\n<p><span style=\"font-family: Arial; font-size: 14pt;\">1. Funktion: Tattoo Entfernung, dauerhafte makup Entfernung, Nevus Entfernung, Nevus der ota Entfernung, Kohlenstoff Peeling Behandlung;<\/span><\/p>\n<p><span style=\"font-size: 14pt;\"><span style=\"font-family: Arial;\" data-spm-anchor-id=\"a2700.pc-decorate.0.i6.3eba3333s30LTF\">2. Sonden: 6 Sonden <\/span><span style=\"font-family: Arial;\">Verstellbar 1064\/532nm: kann die Stellengr\u00f6\u00dfe anpassen, einfacher f\u00fcr die Behandlung gro\u00dfer Fl\u00e4chen; <\/span><span style=\"font-family: Arial;\">Fixed 1064\/532nm: kann&#8217; t Stellengr\u00f6\u00dfe anpassen;<\/span><span style=\"font-family: Arial;\">755\/1320nm: Hautverj\u00fcngung.<\/span><\/span><\/p>\n<div><span style=\"font-family: Arial; font-size: 14pt;\">3.Frequenz: 1-20HZ;<\/span><\/div>\n<\/div>\n<div class=\"magic-1\"><\/div>\n<div class=\"magic-1\"><\/div>\n<\/div>\n<\/div>\n<\/div>\n<\/div>\n<div class=\"J_module\">\n<div class=\"icbu-pc-images magic-0\">\n<div class=\"flex-layout-v\">\n<div class=\"flex-layout-h magic-0\">\n<div class=\"magic-11\"><span style=\"color: #000000; font-family: helvetica, arial, sans-serif; font-size: 14pt;\"><img decoding=\"async\" class=\"aligncenter size-full wp-image-3532\" src=\"https:\/\/www.mlkjlasers.com\/wp-content\/uploads\/2026\/01\/LA3\u8be6\u60c5\u98751_01.jpg\" alt=\"\" width=\"2344\" height=\"1329\" srcset=\"https:\/\/www.mlkjlasers.com\/wp-content\/uploads\/2026\/01\/LA3\u8be6\u60c5\u98751_01.jpg 2344w, https:\/\/www.mlkjlasers.com\/wp-content\/uploads\/2026\/01\/LA3\u8be6\u60c5\u98751_01-300x170.jpg 300w, https:\/\/www.mlkjlasers.com\/wp-content\/uploads\/2026\/01\/LA3\u8be6\u60c5\u98751_01-1024x581.jpg 1024w, https:\/\/www.mlkjlasers.com\/wp-content\/uploads\/2026\/01\/LA3\u8be6\u60c5\u98751_01-768x435.jpg 768w, https:\/\/www.mlkjlasers.com\/wp-content\/uploads\/2026\/01\/LA3\u8be6\u60c5\u98751_01-1536x871.jpg 1536w, https:\/\/www.mlkjlasers.com\/wp-content\/uploads\/2026\/01\/LA3\u8be6\u60c5\u98751_01-2048x1161.jpg 2048w, https:\/\/www.mlkjlasers.com\/wp-content\/uploads\/2026\/01\/LA3\u8be6\u60c5\u98751_01-600x340.jpg 600w\" sizes=\"(max-width: 2344px) 100vw, 2344px\" \/><\/span><\/div>\n<div><\/div>\n<\/div>\n<\/div>\n<\/div>\n<\/div>\n<div class=\"J_module\">\n<div class=\"detail-decorate-json-renderer-container\">\n<div class=\"magic-3\">\n<div class=\"magic-4\">\n<div class=\"magic-5\">\n<div class=\"magic-6\">\n<p><span style=\"font-size: 14pt;\"><span class=\"magic-15\" style=\"color: #000000; font-family: helvetica, arial, sans-serif;\"><span class=\"magic-8\"><b class=\"magic-16\"><span class=\"magic-16\">Handwerker Qualit\u00e4t, Spiegeln Sie die extremen Details <\/span><\/b><\/span><\/span><span class=\"magic-8\" style=\"color: #000000; font-family: helvetica, arial, sans-serif;\"><b>Rationales Design <\/b><\/span><\/span><\/p>\n<div><span class=\"magic-8\" style=\"color: #000000; font-family: helvetica, arial, sans-serif; font-size: 14pt;\">1. Das Produkt hat ein neuartiges Aussehen und wird haupts\u00e4chlich als hei\u00dfes Modell verkauft <\/span><\/div>\n<div><span class=\"magic-8\" style=\"color: #000000; font-family: helvetica, arial, sans-serif; font-size: 14pt;\">2. Verstellbarer Griffhalter, stark und langlebig <\/span><\/div>\n<div><span class=\"magic-8\" style=\"color: #000000; font-family: helvetica, arial, sans-serif; font-size: 14pt;\">3. Rutschfester Griff, ergonomisches Design <\/span><\/div>\n<div><span class=\"magic-8\" style=\"color: #000000; font-family: helvetica, arial, sans-serif; font-size: 14pt;\">4. Erweiterte Behandlung Verbindungsrohr<\/span><\/div>\n<div><\/div>\n<\/div>\n<div><span style=\"font-size: 14pt;\"><img decoding=\"async\" class=\"aligncenter size-full wp-image-3523\" src=\"https:\/\/www.mlkjlasers.com\/wp-content\/uploads\/2026\/01\/LA3\u8be6\u60c5\u98751_10.jpg\" alt=\"\" width=\"2344\" height=\"1656\" srcset=\"https:\/\/www.mlkjlasers.com\/wp-content\/uploads\/2026\/01\/LA3\u8be6\u60c5\u98751_10.jpg 2344w, https:\/\/www.mlkjlasers.com\/wp-content\/uploads\/2026\/01\/LA3\u8be6\u60c5\u98751_10-300x212.jpg 300w, https:\/\/www.mlkjlasers.com\/wp-content\/uploads\/2026\/01\/LA3\u8be6\u60c5\u98751_10-1024x723.jpg 1024w, https:\/\/www.mlkjlasers.com\/wp-content\/uploads\/2026\/01\/LA3\u8be6\u60c5\u98751_10-768x543.jpg 768w, https:\/\/www.mlkjlasers.com\/wp-content\/uploads\/2026\/01\/LA3\u8be6\u60c5\u98751_10-1536x1085.jpg 1536w, https:\/\/www.mlkjlasers.com\/wp-content\/uploads\/2026\/01\/LA3\u8be6\u60c5\u98751_10-2048x1447.jpg 2048w, https:\/\/www.mlkjlasers.com\/wp-content\/uploads\/2026\/01\/LA3\u8be6\u60c5\u98751_10-600x424.jpg 600w\" sizes=\"(max-width: 2344px) 100vw, 2344px\" \/><\/span><\/div>\n<\/div>\n<\/div>\n<div><\/div>\n<\/div>\n<\/div>\n<\/div>\n<div class=\"J_module\">\n<div class=\"icbu-pc-images magic-0\">\n<div class=\"flex-layout-v\">\n<div class=\"flex-layout-h magic-0\">\n<div class=\"magic-19\"><span style=\"font-size: 14pt;\"><b class=\"magic-20\" style=\"color: #000000; font-family: helvetica, arial, sans-serif;\"><span class=\"magic-16\">Kleinste Gr\u00f6\u00dfe<\/span><\/b><\/span><\/div>\n<\/div>\n<\/div>\n<\/div>\n<\/div>\n<div class=\"J_module\">\n<div class=\"detail-decorate-json-renderer-container\">\n<div class=\"magic-3\">\n<div class=\"magic-4\">\n<div class=\"magic-5\">\n<div class=\"magic-6\"><span style=\"font-family: helvetica, arial, sans-serif; font-size: 14pt;\">Kleinste Gr\u00f6\u00dfe 1. Nehmen Sie Kernkomponenten medizinischer Ausr\u00fcstung an. Die Gr\u00f6\u00dfe der Maschine ist kleiner. <\/span><\/div>\n<div class=\"magic-6\"><span style=\"font-family: helvetica, arial, sans-serif; font-size: 14pt;\">2. Niedrigere grenz\u00fcberschreitende Fracht als gew\u00f6hnliche Maschinen. <\/span><\/div>\n<div class=\"magic-6\">\n<p><span style=\"font-family: helvetica, arial, sans-serif; font-size: 14pt;\">3. Der Griff ist kleiner und bequemer zu bedienen<\/span><\/p>\n<p><span style=\"font-size: 14pt;\"><img loading=\"lazy\" decoding=\"async\" class=\"aligncenter size-full wp-image-3529\" src=\"https:\/\/www.mlkjlasers.com\/wp-content\/uploads\/2026\/01\/LA3\u8be6\u60c5\u98751_04.jpg\" alt=\"\" width=\"2344\" height=\"1434\" srcset=\"https:\/\/www.mlkjlasers.com\/wp-content\/uploads\/2026\/01\/LA3\u8be6\u60c5\u98751_04.jpg 2344w, https:\/\/www.mlkjlasers.com\/wp-content\/uploads\/2026\/01\/LA3\u8be6\u60c5\u98751_04-300x184.jpg 300w, https:\/\/www.mlkjlasers.com\/wp-content\/uploads\/2026\/01\/LA3\u8be6\u60c5\u98751_04-1024x626.jpg 1024w, https:\/\/www.mlkjlasers.com\/wp-content\/uploads\/2026\/01\/LA3\u8be6\u60c5\u98751_04-768x470.jpg 768w, https:\/\/www.mlkjlasers.com\/wp-content\/uploads\/2026\/01\/LA3\u8be6\u60c5\u98751_04-1536x940.jpg 1536w, https:\/\/www.mlkjlasers.com\/wp-content\/uploads\/2026\/01\/LA3\u8be6\u60c5\u98751_04-2048x1253.jpg 2048w, https:\/\/www.mlkjlasers.com\/wp-content\/uploads\/2026\/01\/LA3\u8be6\u60c5\u98751_04-600x367.jpg 600w\" sizes=\"(max-width: 2344px) 100vw, 2344px\" \/><\/span><\/p>\n<div>\n<p><span style=\"font-size: 14pt;\"><strong style=\"font-family: helvetica, arial, sans-serif;\">5 Behandlungsk\u00f6pfe, abnehmbares und drehbares Au\u00dfendrahtdesign<\/strong><\/span><\/p>\n<\/div>\n<\/div>\n<\/div>\n<\/div>\n<\/div>\n<\/div>\n<\/div>\n<div class=\"J_module\">\n<div class=\"detail-decorate-json-renderer-container\">\n<div class=\"magic-3\">\n<div class=\"magic-4\">\n<div class=\"magic-5\">\n<div class=\"magic-6\">\n<p><span style=\"font-family: helvetica, arial, sans-serif; font-size: 14pt;\">1. <strong>532:<\/strong> Entfernen Sie farbige Tattoos. <\/span><\/p>\n<p><span style=\"font-family: helvetica, arial, sans-serif; font-size: 14pt;\">2. <strong>755:<\/strong> Honigwabenkopf: verwendet, um Altersflecken, Frecken und Chloasma zu entfernen. geringe Sch\u00e4den an der Haut <\/span><\/p>\n<p><span style=\"font-family: helvetica, arial, sans-serif; font-size: 14pt;\">3. <strong>Einstellbarer Parameter 1064:<\/strong> zur Tattoo-Entfernung, Augenbrauenreinigung <\/span><\/p>\n<p><span style=\"font-family: helvetica, arial, sans-serif; font-size: 14pt;\">4. <strong>Nicht einstellbarer Parameter 1064:<\/strong> verwendet, um Tattoos zu entfernen und Augenbrauen zu reinigen <\/span><\/p>\n<p><span style=\"font-family: helvetica, arial, sans-serif; font-size: 14pt;\">5. <strong>1320:<\/strong> gro\u00dfe Fl\u00e4chenbehandlung, gro\u00dfe Stelle, schnelle Behandlungsgeschwindigkeit und gute Wirkung<\/span><\/p>\n<div><span style=\"font-size: 14pt;\"><img loading=\"lazy\" decoding=\"async\" class=\"aligncenter size-full wp-image-3530\" src=\"https:\/\/www.mlkjlasers.com\/wp-content\/uploads\/2026\/01\/LA3\u8be6\u60c5\u98751_03.jpg\" alt=\"\" width=\"2344\" height=\"2064\" srcset=\"https:\/\/www.mlkjlasers.com\/wp-content\/uploads\/2026\/01\/LA3\u8be6\u60c5\u98751_03.jpg 2344w, https:\/\/www.mlkjlasers.com\/wp-content\/uploads\/2026\/01\/LA3\u8be6\u60c5\u98751_03-300x264.jpg 300w, https:\/\/www.mlkjlasers.com\/wp-content\/uploads\/2026\/01\/LA3\u8be6\u60c5\u98751_03-1024x902.jpg 1024w, https:\/\/www.mlkjlasers.com\/wp-content\/uploads\/2026\/01\/LA3\u8be6\u60c5\u98751_03-768x676.jpg 768w, https:\/\/www.mlkjlasers.com\/wp-content\/uploads\/2026\/01\/LA3\u8be6\u60c5\u98751_03-1536x1353.jpg 1536w, https:\/\/www.mlkjlasers.com\/wp-content\/uploads\/2026\/01\/LA3\u8be6\u60c5\u98751_03-2048x1803.jpg 2048w, https:\/\/www.mlkjlasers.com\/wp-content\/uploads\/2026\/01\/LA3\u8be6\u60c5\u98751_03-600x528.jpg 600w\" sizes=\"(max-width: 2344px) 100vw, 2344px\" \/><\/span><\/div>\n<\/div>\n<\/div>\n<\/div>\n<\/div>\n<\/div>\n<\/div>\n<div class=\"J_module\">\n<div class=\"icbu-pc-images magic-0\">\n<div>\n<div class=\"flex-layout-v\">\n<div class=\"flex-layout-h magic-0\">\n<div><span style=\"font-size: 14pt;\"><b style=\"color: #000000; font-family: helvetica, arial, sans-serif;\">Maximale Energie, beste Wirkung<\/b><\/span><\/div>\n<\/div>\n<\/div>\n<\/div>\n<\/div>\n<\/div>\n<div class=\"J_module\">\n<div class=\"detail-decorate-json-renderer-container\">\n<div class=\"magic-3\">\n<div class=\"magic-4\">\n<div class=\"magic-5\">\n<div class=\"magic-6\">\n<div><span class=\"magic-8\" style=\"color: #000000; font-family: helvetica, arial, sans-serif; font-size: 14pt;\">1. Labordaten zeigen, dass der Laserstab 2000mj erreicht. <\/span><\/div>\n<div><span class=\"magic-8\" style=\"color: #000000; font-family: helvetica, arial, sans-serif; font-size: 14pt;\">2. Pr\u00e4zise Berechnung des Laserwertes <\/span><\/div>\n<div><span class=\"magic-8\" style=\"color: #000000; font-family: helvetica, arial, sans-serif; font-size: 14pt;\">3. Der Zielabstand des Anzeigelichts betr\u00e4gt 6-10cm<\/span><\/div>\n<div><span style=\"font-size: 14pt;\"><img loading=\"lazy\" decoding=\"async\" class=\"aligncenter size-full wp-image-3525\" src=\"https:\/\/www.mlkjlasers.com\/wp-content\/uploads\/2026\/01\/LA3\u8be6\u60c5\u98751_08.jpg\" alt=\"\" width=\"2344\" height=\"1800\" srcset=\"https:\/\/www.mlkjlasers.com\/wp-content\/uploads\/2026\/01\/LA3\u8be6\u60c5\u98751_08.jpg 2344w, https:\/\/www.mlkjlasers.com\/wp-content\/uploads\/2026\/01\/LA3\u8be6\u60c5\u98751_08-300x230.jpg 300w, https:\/\/www.mlkjlasers.com\/wp-content\/uploads\/2026\/01\/LA3\u8be6\u60c5\u98751_08-1024x786.jpg 1024w, https:\/\/www.mlkjlasers.com\/wp-content\/uploads\/2026\/01\/LA3\u8be6\u60c5\u98751_08-768x590.jpg 768w, https:\/\/www.mlkjlasers.com\/wp-content\/uploads\/2026\/01\/LA3\u8be6\u60c5\u98751_08-1536x1180.jpg 1536w, https:\/\/www.mlkjlasers.com\/wp-content\/uploads\/2026\/01\/LA3\u8be6\u60c5\u98751_08-2048x1573.jpg 2048w, https:\/\/www.mlkjlasers.com\/wp-content\/uploads\/2026\/01\/LA3\u8be6\u60c5\u98751_08-600x461.jpg 600w\" sizes=\"(max-width: 2344px) 100vw, 2344px\" \/><\/span><\/div>\n<\/div>\n<\/div>\n<\/div>\n<\/div>\n<\/div>\n<\/div>\n<div class=\"J_module\">\n<div class=\"icbu-pc-images magic-0\">\n<div>\n<div class=\"flex-layout-v\">\n<div class=\"flex-layout-h magic-0\">\n<div class=\"magic-11\"><\/div>\n<\/div>\n<\/div>\n<\/div>\n<\/div>\n<\/div>\n<div class=\"J_module\">\n<div class=\"detail-decorate-json-renderer-container\">\n<div class=\"magic-3\">\n<div class=\"magic-4\">\n<div class=\"magic-5\">\n<div class=\"magic-6\">\n<p><span style=\"color: #000000; font-family: helvetica, arial, sans-serif; font-size: 14pt;\">Importierte Stein Q-Schalter Kassettenmechanismus, der gesamte Festlaser, ohne Q-Schalter zu ersetzen.<\/span><\/p>\n<div><span class=\"magic-8\" style=\"color: #000000; font-family: helvetica, arial, sans-serif; font-size: 14pt;\"><b>Tattoo Entfernung. Entfernen Sie schwarze, blaue, braune und rote Tattoo-Pigmente auf Augenbrauen, Augenlinie, Lippenlinie und anderen K\u00f6rperteilen Entfernen Sie Geburtsmerke, Otas Nevus und Hautflecken Sofortige Strahlung hohe Lasertechnologie, internationaler Produktionsstandard, technischer Test streng.<\/b> Eine L\u00f6sung f\u00fcr Hautprobleme.<\/span><\/div>\n<div><span style=\"font-size: 14pt;\"><img loading=\"lazy\" decoding=\"async\" class=\"aligncenter size-full wp-image-3522\" src=\"https:\/\/www.mlkjlasers.com\/wp-content\/uploads\/2026\/01\/LA3\u8be6\u60c5\u98751_11.jpg\" alt=\"\" width=\"2344\" height=\"2151\" srcset=\"https:\/\/www.mlkjlasers.com\/wp-content\/uploads\/2026\/01\/LA3\u8be6\u60c5\u98751_11.jpg 2344w, https:\/\/www.mlkjlasers.com\/wp-content\/uploads\/2026\/01\/LA3\u8be6\u60c5\u98751_11-300x275.jpg 300w, https:\/\/www.mlkjlasers.com\/wp-content\/uploads\/2026\/01\/LA3\u8be6\u60c5\u98751_11-1024x940.jpg 1024w, https:\/\/www.mlkjlasers.com\/wp-content\/uploads\/2026\/01\/LA3\u8be6\u60c5\u98751_11-768x705.jpg 768w, https:\/\/www.mlkjlasers.com\/wp-content\/uploads\/2026\/01\/LA3\u8be6\u60c5\u98751_11-1536x1410.jpg 1536w, https:\/\/www.mlkjlasers.com\/wp-content\/uploads\/2026\/01\/LA3\u8be6\u60c5\u98751_11-2048x1879.jpg 2048w, https:\/\/www.mlkjlasers.com\/wp-content\/uploads\/2026\/01\/LA3\u8be6\u60c5\u98751_11-600x551.jpg 600w\" sizes=\"(max-width: 2344px) 100vw, 2344px\" \/><\/span><\/div>\n<\/div>\n<\/div>\n<div><\/div>\n<\/div>\n<\/div>\n<\/div>\n<\/div>\n<div class=\"J_module\">\n<div class=\"icbu-pc-images magic-0\">\n<div class=\"flex-layout-v\">\n<div class=\"flex-layout-h magic-0\">\n<div class=\"magic-32\"><\/div>\n<\/div>\n<\/div>\n<\/div>\n<\/div>\n<div class=\"J_module\">\n<div class=\"detail-decorate-json-renderer-container\">\n<div class=\"magic-3\">\n<div class=\"magic-4\">\n<div class=\"magic-5\">\n<div class=\"magic-6\" data-spm-anchor-id=\"a2700.wholesale.0.i54.5f0f3c62M7tBsi\"><span class=\"magic-8\" style=\"color: #000000; font-family: helvetica, arial, sans-serif; font-size: 14pt;\">&#8211; 12 Zoll wahre Farbe gro\u00dfer Touchscreen<br \/>\n&#8211; Drucken Sie jede Farbe. Drucken Sie Ihre<b> Logo<\/b> auf der Maschine.<br \/>\n&#8211; Hinzuf\u00fcgen <b>Sprache<\/b> in das Maschinensystem.<br \/>\n&#8211; Design exklusiv <b>Maschinenschale <\/b>f\u00fcr Sie, bilden Sie Ihre eigene Marke auf dem Markt.<br \/>\n&#8211; Design neu <b>Schnittstelle und System<\/b> von Maschine, machen es am bequemsten f\u00fcr Sie und Ihre Kunden.<\/span><\/div>\n<div data-spm-anchor-id=\"a2700.wholesale.0.i54.5f0f3c62M7tBsi\"><span style=\"font-size: 14pt;\"><img loading=\"lazy\" decoding=\"async\" class=\"aligncenter size-full wp-image-3528\" src=\"https:\/\/www.mlkjlasers.com\/wp-content\/uploads\/2026\/01\/LA3\u8be6\u60c5\u98751_05-scaled.jpg\" alt=\"\" width=\"2209\" height=\"2560\" srcset=\"https:\/\/www.mlkjlasers.com\/wp-content\/uploads\/2026\/01\/LA3\u8be6\u60c5\u98751_05-scaled.jpg 2209w, https:\/\/www.mlkjlasers.com\/wp-content\/uploads\/2026\/01\/LA3\u8be6\u60c5\u98751_05-259x300.jpg 259w, https:\/\/www.mlkjlasers.com\/wp-content\/uploads\/2026\/01\/LA3\u8be6\u60c5\u98751_05-883x1024.jpg 883w, https:\/\/www.mlkjlasers.com\/wp-content\/uploads\/2026\/01\/LA3\u8be6\u60c5\u98751_05-768x890.jpg 768w, https:\/\/www.mlkjlasers.com\/wp-content\/uploads\/2026\/01\/LA3\u8be6\u60c5\u98751_05-1325x1536.jpg 1325w, https:\/\/www.mlkjlasers.com\/wp-content\/uploads\/2026\/01\/LA3\u8be6\u60c5\u98751_05-1767x2048.jpg 1767w, https:\/\/www.mlkjlasers.com\/wp-content\/uploads\/2026\/01\/LA3\u8be6\u60c5\u98751_05-600x695.jpg 600w\" sizes=\"(max-width: 2209px) 100vw, 2209px\" \/><\/span><\/div>\n<\/div>\n<\/div>\n<\/div>\n<\/div>\n<\/div>\n<div data-spm-anchor-id=\"a2700.wholesale.0.i54.5f0f3c62M7tBsi\"><span style=\"font-size: 14pt;\"><img loading=\"lazy\" decoding=\"async\" class=\"aligncenter size-full wp-image-3531\" src=\"https:\/\/www.mlkjlasers.com\/wp-content\/uploads\/2026\/01\/LA3\u8be6\u60c5\u98751_02.jpg\" alt=\"\" width=\"2344\" height=\"1385\" srcset=\"https:\/\/www.mlkjlasers.com\/wp-content\/uploads\/2026\/01\/LA3\u8be6\u60c5\u98751_02.jpg 2344w, https:\/\/www.mlkjlasers.com\/wp-content\/uploads\/2026\/01\/LA3\u8be6\u60c5\u98751_02-300x177.jpg 300w, https:\/\/www.mlkjlasers.com\/wp-content\/uploads\/2026\/01\/LA3\u8be6\u60c5\u98751_02-1024x605.jpg 1024w, https:\/\/www.mlkjlasers.com\/wp-content\/uploads\/2026\/01\/LA3\u8be6\u60c5\u98751_02-768x454.jpg 768w, https:\/\/www.mlkjlasers.com\/wp-content\/uploads\/2026\/01\/LA3\u8be6\u60c5\u98751_02-1536x908.jpg 1536w, https:\/\/www.mlkjlasers.com\/wp-content\/uploads\/2026\/01\/LA3\u8be6\u60c5\u98751_02-2048x1210.jpg 2048w, https:\/\/www.mlkjlasers.com\/wp-content\/uploads\/2026\/01\/LA3\u8be6\u60c5\u98751_02-600x355.jpg 600w\" sizes=\"(max-width: 2344px) 100vw, 2344px\" \/><\/span><\/div>\n<div data-spm-anchor-id=\"a2700.wholesale.0.i54.5f0f3c62M7tBsi\"><strong><span style=\"font-size: 14pt; font-family: arial, helvetica, sans-serif;\">5 Behandlungsk\u00f6pfe <\/span><span style=\"font-size: 14pt; font-family: arial, helvetica, sans-serif;\">Eine L\u00f6sung f\u00fcr eine Vielzahl von Hautproblemen<\/span><\/strong><br \/>\n<span style=\"font-size: 14pt; font-family: arial, helvetica, sans-serif;\">532: Entfernen Sie farbige T\u00e4towierungen.<\/span><br \/>\n<span style=\"font-size: 14pt; font-family: arial, helvetica, sans-serif;\">755 Wabenkopf: verwendet, um Altersflecken, Frecken und Chloasma zu entfernen. geringe Sch\u00e4den an der Haut<\/span><br \/>\n<span style=\"font-size: 14pt; font-family: arial, helvetica, sans-serif;\">Einstellbarer Parameter 1064: zur Tattoo-Entfernung, Augenbrauenreinigung<\/span><br \/>\n<span style=\"font-size: 14pt; font-family: arial, helvetica, sans-serif;\">Nicht einstellbarer Parameter 1064: zum Entfernen von Tattoos und zum Aufr\u00e4umen von Augenbrauen verwendet<\/span><br \/>\n<span style=\"font-size: 14pt; font-family: arial, helvetica, sans-serif;\">1320: gro\u00dfe Fl\u00e4chenbehandlung, gro\u00dfe Stelle, schnelle Behandlungsgeschwindigkeit und gute Wirkung<\/span><\/div>\n<div data-spm-anchor-id=\"a2700.wholesale.0.i54.5f0f3c62M7tBsi\"><img loading=\"lazy\" decoding=\"async\" class=\"aligncenter size-full wp-image-3526\" src=\"https:\/\/www.mlkjlasers.com\/wp-content\/uploads\/2026\/01\/LA3\u8be6\u60c5\u98751_07.jpg\" alt=\"\" width=\"2344\" height=\"1461\" srcset=\"https:\/\/www.mlkjlasers.com\/wp-content\/uploads\/2026\/01\/LA3\u8be6\u60c5\u98751_07.jpg 2344w, https:\/\/www.mlkjlasers.com\/wp-content\/uploads\/2026\/01\/LA3\u8be6\u60c5\u98751_07-300x187.jpg 300w, https:\/\/www.mlkjlasers.com\/wp-content\/uploads\/2026\/01\/LA3\u8be6\u60c5\u98751_07-1024x638.jpg 1024w, https:\/\/www.mlkjlasers.com\/wp-content\/uploads\/2026\/01\/LA3\u8be6\u60c5\u98751_07-768x479.jpg 768w, https:\/\/www.mlkjlasers.com\/wp-content\/uploads\/2026\/01\/LA3\u8be6\u60c5\u98751_07-1536x957.jpg 1536w, https:\/\/www.mlkjlasers.com\/wp-content\/uploads\/2026\/01\/LA3\u8be6\u60c5\u98751_07-2048x1277.jpg 2048w, https:\/\/www.mlkjlasers.com\/wp-content\/uploads\/2026\/01\/LA3\u8be6\u60c5\u98751_07-600x374.jpg 600w\" sizes=\"(max-width: 2344px) 100vw, 2344px\" \/><\/div>\n<div data-spm-anchor-id=\"a2700.wholesale.0.i54.5f0f3c62M7tBsi\"><img loading=\"lazy\" decoding=\"async\" class=\"aligncenter size-full wp-image-3524\" src=\"https:\/\/www.mlkjlasers.com\/wp-content\/uploads\/2026\/01\/LA3\u8be6\u60c5\u98751_09.jpg\" alt=\"\" width=\"2344\" height=\"1428\" srcset=\"https:\/\/www.mlkjlasers.com\/wp-content\/uploads\/2026\/01\/LA3\u8be6\u60c5\u98751_09.jpg 2344w, https:\/\/www.mlkjlasers.com\/wp-content\/uploads\/2026\/01\/LA3\u8be6\u60c5\u98751_09-300x183.jpg 300w, https:\/\/www.mlkjlasers.com\/wp-content\/uploads\/2026\/01\/LA3\u8be6\u60c5\u98751_09-1024x624.jpg 1024w, https:\/\/www.mlkjlasers.com\/wp-content\/uploads\/2026\/01\/LA3\u8be6\u60c5\u98751_09-768x468.jpg 768w, https:\/\/www.mlkjlasers.com\/wp-content\/uploads\/2026\/01\/LA3\u8be6\u60c5\u98751_09-1536x936.jpg 1536w, https:\/\/www.mlkjlasers.com\/wp-content\/uploads\/2026\/01\/LA3\u8be6\u60c5\u98751_09-2048x1248.jpg 2048w, https:\/\/www.mlkjlasers.com\/wp-content\/uploads\/2026\/01\/LA3\u8be6\u60c5\u98751_09-600x366.jpg 600w\" sizes=\"(max-width: 2344px) 100vw, 2344px\" \/><\/div>\n<div data-spm-anchor-id=\"a2700.wholesale.0.i54.5f0f3c62M7tBsi\"><span style=\"font-size: 14pt;\"><em><strong><span style=\"font-family: helvetica, arial, sans-serif;\"><span class=\"src\" data-group=\"0-0\">18 Jahre professionelle Sch\u00f6nheit euqipment Herstellung in verschiedenen Funktionen.<\/span><span class=\"src\" data-group=\"0-1\"> Ein-zu-ein-Training-Service. Kontaktieren Sie uns jetzt!<\/span><\/span><\/strong><\/em><\/span><\/div>\n<div data-spm-anchor-id=\"a2700.wholesale.0.i54.5f0f3c62M7tBsi\"><\/div>\n<div data-spm-anchor-id=\"a2700.wholesale.0.i54.5f0f3c62M7tBsi\"><\/div>","protected":false},"excerpt":{"rendered":"<p><span style=\"font-family: helvetica, arial, sans-serif;\">* Neueste tragbare Pikosekundenlaser, neben normalen Laserk\u00f6pfen, f\u00fcgt es auch 755nm Pikosekundenlaserk\u00f6pfe hinzu, die mehr tiefe Schicht der Haut bekommen k\u00f6nnen und sehr gute Wirkung f\u00fcr alle Arten von Frecken aus\u00fcben: wie Chloasma, Alterspigment usw.<\/span><\/p>\n<p><span style=\"font-family: helvetica, arial, sans-serif;\">* 1064nm, 532nm Kopf kann Tattoo Entfernung, Eyeline Entfernung, etc. tun.<\/span><\/p>\n<p><span style=\"font-family: helvetica, arial, sans-serif;\">* 1320nm kann schwarze Puppenhaut aufwei\u00dfen.<\/span><\/p>\n<p><span style=\"font-family: helvetica, arial, sans-serif;\">* Keine Verletzung der Haut und Haarfollikel; keine Gefahr von Narben. Schmerzlose Behandlung, wenige Nebenwirkung.<\/span><\/p>\n<p><span style=\"font-family: helvetica, arial, sans-serif;\">*<span class=\"src\" data-group=\"0-0\">15 Jahre professionelle Sch\u00f6nheit euqipment Herstellung in verschiedenen Funktionen.<\/span><span class=\"src\" data-group=\"0-1\"> Ein-zu-ein-Training-Service.<\/span><\/span><\/p>","protected":false},"featured_media":3481,"comment_status":"open","ping_status":"closed","template":"","meta":[],"product_cat":[23],"product_tag":[],"class_list":["post-2713","product","type-product","status-publish","has-post-thumbnail","hentry","product_cat-picosecond-laser"],"_links":{"self":[{"href":"https:\/\/www.mlkjlasers.com\/de\/wp-json\/wp\/v2\/product\/2713","targetHints":{"allow":["GET"]}}],"collection":[{"href":"https:\/\/www.mlkjlasers.com\/de\/wp-json\/wp\/v2\/product"}],"about":[{"href":"https:\/\/www.mlkjlasers.com\/de\/wp-json\/wp\/v2\/types\/product"}],"replies":[{"embeddable":true,"href":"https:\/\/www.mlkjlasers.com\/de\/wp-json\/wp\/v2\/comments?post=2713"}],"wp:featuredmedia":[{"embeddable":true,"href":"https:\/\/www.mlkjlasers.com\/de\/wp-json\/wp\/v2\/media\/3481"}],"wp:attachment":[{"href":"https:\/\/www.mlkjlasers.com\/de\/wp-json\/wp\/v2\/media?parent=2713"}],"wp:term":[{"taxonomy":"product_cat","embeddable":true,"href":"https:\/\/www.mlkjlasers.com\/de\/wp-json\/wp\/v2\/product_cat?post=2713"},{"taxonomy":"product_tag","embeddable":true,"href":"https:\/\/www.mlkjlasers.com\/de\/wp-json\/wp\/v2\/product_tag?post=2713"}],"curies":[{"name":"wp","href":"https:\/\/api.w.org\/{rel}","templated":true}]}}