{"id":275,"date":"2023-05-29T16:57:17","date_gmt":"2023-05-29T08:57:17","guid":{"rendered":"https:\/\/mingliang.leadsclouds.com\/?post_type=product&#038;p=275"},"modified":"2026-01-23T16:35:53","modified_gmt":"2026-01-23T08:35:53","slug":"exfu-violin","status":"publish","type":"product","link":"https:\/\/www.mlkjlasers.com\/de\/product\/exfu-violin\/","title":{"rendered":"Tragbare hohe Leistung 1200w 1800w Diodenlaser Super schnelle Laser-Haarentfernungsmaschine mit 3 Wellen 755\/808\/1064nm"},"content":{"rendered":"<div class=\"se3_item\">\n<table style=\"border-collapse: collapse; width: 100%; height: 192px;\">\n<tbody>\n<tr style=\"height: 24px;\">\n<td style=\"width: 50%; height: 24px;\"><span style=\"font-family: helvetica, arial, sans-serif; font-size: 12pt;\"><b>EXFU VIOLIN<\/b><\/span><\/td>\n<td style=\"width: 50%; height: 24px;\"><span style=\"font-family: helvetica, arial, sans-serif; font-size: 12pt;\">Modellnummer: EXFU VIOLIN<\/span><\/td>\n<\/tr>\n<tr style=\"height: 24px;\">\n<td style=\"width: 50%; height: 24px;\"><span style=\"font-family: helvetica, arial, sans-serif; font-size: 12pt;\">Wellenl\u00e4nge: 808nm oder 755 808 1064nm<\/span><\/td>\n<td style=\"width: 50%; height: 24px;\"><span style=\"font-family: helvetica, arial, sans-serif; font-size: 12pt;\">Bildschirmgr\u00f6\u00dfe: 12 Zoll 4K Stil Touchscreen<\/span><\/td>\n<\/tr>\n<tr style=\"height: 24px;\">\n<td style=\"width: 50%; height: 24px;\"><span style=\"font-family: helvetica, arial, sans-serif; font-size: 12pt;\">Lebensdauer: 40 Millionen Sch\u00fcsse<\/span><\/td>\n<td style=\"width: 50%; height: 24px;\"><span style=\"font-family: helvetica, arial, sans-serif; font-size: 12pt;\">Pulsdauer: 10-300ms<\/span><\/td>\n<\/tr>\n<tr style=\"height: 24px;\">\n<td style=\"width: 50%; height: 24px;\"><span style=\"font-family: helvetica, arial, sans-serif; font-size: 12pt;\">Laserstreifen: 100w f\u00fcr jedes, Amerika koh\u00e4renter Laserbar<\/span><\/td>\n<td style=\"width: 50%; height: 24px;\"><span style=\"font-family: helvetica, arial, sans-serif; font-size: 12pt;\">Frequenz: 1-10Hz<\/span><\/td>\n<\/tr>\n<tr style=\"height: 24px;\">\n<td style=\"width: 50%; height: 24px;\"><span style=\"font-family: helvetica, arial, sans-serif; font-size: 12pt;\">Stellengr\u00f6\u00dfe: 12&#215; 24 mm oder 12,36 mm Spot Gr\u00f6\u00dfe<\/span><\/td>\n<td style=\"width: 50%; height: 24px;\"><span style=\"font-family: helvetica, arial, sans-serif; font-size: 12pt;\">Energie: 1-150J<\/span><\/td>\n<\/tr>\n<tr style=\"height: 24px;\">\n<td style=\"width: 50%; height: 24px;\"><span style=\"font-family: helvetica, arial, sans-serif; font-size: 12pt;\">K\u00fchlsystem: Kompressorwasserkreislauf<\/span><\/td>\n<td style=\"width: 50%; height: 24px;\"><span style=\"font-family: helvetica, arial, sans-serif; font-size: 12pt;\">Leistung der Maschine: 2000W<\/span><\/td>\n<\/tr>\n<tr style=\"height: 24px;\">\n<td style=\"width: 50%; height: 24px;\"><span style=\"font-family: helvetica, arial, sans-serif; font-size: 12pt;\">Spannung: AC110V 60HZ \/ AC220V 50HZ<\/span><\/td>\n<td style=\"width: 50%; height: 24px;\"><span style=\"font-family: helvetica, arial, sans-serif; font-size: 12pt;\">Maschinen Demenz: 380mm * 535mm * 350mm<\/span><\/td>\n<\/tr>\n<tr style=\"height: 24px;\">\n<td style=\"width: 50%; height: 24px;\"><span style=\"font-family: helvetica, arial, sans-serif; font-size: 12pt;\">Verpackung: Aluminiumbox<\/span><\/td>\n<td style=\"width: 50%; height: 24px;\"><span style=\"font-family: helvetica, arial, sans-serif; font-size: 12pt;\">Haftbefehl: 2 Jahre f\u00fcr Maschine und 1 Jahr f\u00fcr Griff<\/span><\/td>\n<\/tr>\n<\/tbody>\n<\/table>\n<\/div>\n<div class=\"se3_item\">\n<div class=\"se4_tit\">\n<div class=\"r left\"><\/div>\n<div class=\"r left\"><\/div>\n<div class=\"r left\"><span style=\"font-family: helvetica, arial, sans-serif; font-size: 12pt;\"><img fetchpriority=\"high\" decoding=\"async\" class=\"aligncenter wp-image-3506 size-full\" src=\"https:\/\/www.mlkjlasers.com\/wp-content\/uploads\/2026\/01\/banner.jpg\" alt=\"\" width=\"1920\" height=\"1080\" srcset=\"https:\/\/www.mlkjlasers.com\/wp-content\/uploads\/2026\/01\/banner.jpg 1920w, https:\/\/www.mlkjlasers.com\/wp-content\/uploads\/2026\/01\/banner-300x169.jpg 300w, https:\/\/www.mlkjlasers.com\/wp-content\/uploads\/2026\/01\/banner-1024x576.jpg 1024w, https:\/\/www.mlkjlasers.com\/wp-content\/uploads\/2026\/01\/banner-768x432.jpg 768w, https:\/\/www.mlkjlasers.com\/wp-content\/uploads\/2026\/01\/banner-1536x864.jpg 1536w, https:\/\/www.mlkjlasers.com\/wp-content\/uploads\/2026\/01\/banner-600x338.jpg 600w\" sizes=\"(max-width: 1920px) 100vw, 1920px\" \/><\/span><\/div>\n<div class=\"r left\"><\/div>\n<div class=\"r left\"><span style=\"font-family: helvetica, arial, sans-serif; font-size: 12pt;\">Durch das wissenschaftliche Design des Diodenlasergriffs dringt der hochenergetische Laserstrahl sofort in die Haut ein und erreicht w\u00e4hrend der Behandlung den Haarfollikel, wird das Ausgangslicht von Melanin im Haarfollikel absorbiert, wodurch der Haarfollikel zerst\u00f6rt und eine dauerhafte Haarentfernung erreicht wird. Die Laserpulsbreite wird k\u00fcrzer eingestellt als die Zeit, die menschlicher K\u00f6rper&#8217; s Gef\u00fchlszeit, ein einziger Lichtschuss ist vorbei, aber der menschliche K\u00f6rper fiel schmerzlos, dann k\u00f6nnte das schmerzlose Behandlungsgef\u00fchl erreichen, um den Kunden zu verbessern&#8217; s komfortables Erlebnis.<\/span><\/div>\n<\/div>\n<div class=\"des1\" style=\"text-align: left;\">\n<div><img decoding=\"async\" class=\"aligncenter wp-image-1768\" src=\"https:\/\/www.mlkjlasers.com\/wp-content\/uploads\/2023\/07\/\u53cc\u624b\u67c4\u5e26\u9f3b\u6bdb\u5934-V19\u533b\u7597\u6b3e\u5ba3\u4f20\u518c7-9.jpg\" alt=\"\" width=\"1920\" height=\"1080\" srcset=\"https:\/\/www.mlkjlasers.com\/wp-content\/uploads\/2023\/07\/\u53cc\u624b\u67c4\u5e26\u9f3b\u6bdb\u5934-V19\u533b\u7597\u6b3e\u5ba3\u4f20\u518c7-9.jpg 1200w, https:\/\/www.mlkjlasers.com\/wp-content\/uploads\/2023\/07\/\u53cc\u624b\u67c4\u5e26\u9f3b\u6bdb\u5934-V19\u533b\u7597\u6b3e\u5ba3\u4f20\u518c7-9-300x169.jpg 300w, https:\/\/www.mlkjlasers.com\/wp-content\/uploads\/2023\/07\/\u53cc\u624b\u67c4\u5e26\u9f3b\u6bdb\u5934-V19\u533b\u7597\u6b3e\u5ba3\u4f20\u518c7-9-1024x576.jpg 1024w, https:\/\/www.mlkjlasers.com\/wp-content\/uploads\/2023\/07\/\u53cc\u624b\u67c4\u5e26\u9f3b\u6bdb\u5934-V19\u533b\u7597\u6b3e\u5ba3\u4f20\u518c7-9-768x432.jpg 768w, https:\/\/www.mlkjlasers.com\/wp-content\/uploads\/2023\/07\/\u53cc\u624b\u67c4\u5e26\u9f3b\u6bdb\u5934-V19\u533b\u7597\u6b3e\u5ba3\u4f20\u518c7-9-600x338.jpg 600w\" sizes=\"(max-width: 1920px) 100vw, 1920px\" \/><\/div>\n<div class=\"l left\"><\/div>\n<div class=\"l left\"><span style=\"font-family: helvetica, arial, sans-serif; font-size: 12pt;\">Drei Wellenl\u00e4ngen<\/span><\/div>\n<div class=\"r right\">\n<p><span style=\"font-family: helvetica, arial, sans-serif; font-size: 12pt;\">755nm 808nm 1064nm Dioden Haarentfernung Technologien in einem Griff<\/span><\/p>\n<\/div>\n<\/div>\n<div class=\"des2\">\n<div class=\"des_box1\">\n<p>&nbsp;<\/p>\n<p>&nbsp;<\/p>\n<p style=\"text-align: left;\"><span style=\"font-family: helvetica, arial, sans-serif; font-size: 12pt;\"><img decoding=\"async\" class=\"aligncenter\" src=\"https:\/\/www.exfulaser.com\/uploads\/20221125\/2in1808-22_04.png\" alt=\"\" \/><\/span><\/p>\n<p>&nbsp;<\/p>\n<p style=\"text-align: left;\"><span style=\"font-family: helvetica, arial, sans-serif; font-size: 12pt;\"><img decoding=\"async\" src=\"https:\/\/www.exfulaser.com\/uploads\/20221125\/2in1808-33_08.png\" alt=\"\" \/><\/span><\/p>\n<p>&nbsp;<\/p>\n<p style=\"text-align: left;\"><span style=\"font-family: helvetica, arial, sans-serif; font-size: 12pt;\"><strong>Verringerte Schmerzen<\/strong><\/span><\/p>\n<p style=\"text-align: left;\"><span style=\"font-family: helvetica, arial, sans-serif; font-size: 12pt;\">Durch kontinuierliche Abk\u00fchlung der Haut werden Schmerzen und Beschwerden deutlich reduziert.<\/span><\/p>\n<p class=\"tit_p contents\" style=\"text-align: left;\"><span style=\"font-family: helvetica, arial, sans-serif; font-size: 12pt;\">Nun sorgt die Technologie mit hoher Leistung und kurzem Puls daf\u00fcr, dass: bevor der K\u00f6rper Schmerzen sp\u00fcrt, der Lichtschuss beendet war. Der gesamte Prozess ist sehr komfortabel, f\u00fchlen keine Schmerzen. In der Regel k\u00f6nnen 3-5 Sitzungen eine dauerhafte Haarentfernung erreichen.<\/span><\/p>\n<div class=\"des_detail\">\n<div class=\"des_detail\">\n<h3 style=\"text-align: left;\"><span style=\"font-family: helvetica, arial, sans-serif; font-size: 12pt;\">Intelligentes Steuerungssystem<\/span><\/h3>\n<h4 style=\"text-align: left;\"><span style=\"font-family: helvetica, arial, sans-serif; font-size: 12pt;\">12-Zoll-4K-Bildschirm, intelligentes Touch-Erlebnis<\/span><br \/>\n<span style=\"font-family: helvetica, arial, sans-serif; font-size: 12pt;\">* Anpassbare Behandlungsvoreinstellungen<\/span><br \/>\n<span style=\"font-family: helvetica, arial, sans-serif; font-size: 12pt;\">* Mit m\u00e4nnlichen und weiblichen, 6 Hautstile zur Auswahl<\/span><br \/>\n<span style=\"font-family: helvetica, arial, sans-serif; font-size: 12pt;\">* Einfach zu bedienend, bietet Betriebsf\u00e4higkeiten und Lehrdienste<\/span><br \/>\n<span style=\"font-family: helvetica, arial, sans-serif; font-size: 12pt;\">* Logo und Sprache k\u00f6nnen auf dem Bildschirm angepasst werden<\/span><\/h4>\n<div class=\"img_b\">\n<p><span style=\"font-family: helvetica, arial, sans-serif; font-size: 12pt;\"><img decoding=\"async\" class=\"aligncenter wp-image-3507 size-full\" src=\"https:\/\/www.mlkjlasers.com\/wp-content\/uploads\/2026\/01\/\u5c4f\u5e55\u6d77\u62a5.jpg\" alt=\"\" width=\"1920\" height=\"1080\" srcset=\"https:\/\/www.mlkjlasers.com\/wp-content\/uploads\/2026\/01\/\u5c4f\u5e55\u6d77\u62a5.jpg 1920w, https:\/\/www.mlkjlasers.com\/wp-content\/uploads\/2026\/01\/\u5c4f\u5e55\u6d77\u62a5-300x169.jpg 300w, https:\/\/www.mlkjlasers.com\/wp-content\/uploads\/2026\/01\/\u5c4f\u5e55\u6d77\u62a5-1024x576.jpg 1024w, https:\/\/www.mlkjlasers.com\/wp-content\/uploads\/2026\/01\/\u5c4f\u5e55\u6d77\u62a5-768x432.jpg 768w, https:\/\/www.mlkjlasers.com\/wp-content\/uploads\/2026\/01\/\u5c4f\u5e55\u6d77\u62a5-1536x864.jpg 1536w, https:\/\/www.mlkjlasers.com\/wp-content\/uploads\/2026\/01\/\u5c4f\u5e55\u6d77\u62a5-600x338.jpg 600w\" sizes=\"(max-width: 1920px) 100vw, 1920px\" \/><\/span><\/p>\n<p style=\"text-align: left;\"><span style=\"font-family: helvetica, arial, sans-serif; font-size: 12pt;\">EXFU VIOLIN die Welt&#8217; s fortschrittlichste und schmerzlose permanente Haarentfernungstechnologie. F\u00fcr verschiedene Hauttypen Haarfarbenentfernung, Haare unterschiedlicher Dicke, Haare unterschiedlicher Farbt\u00f6ne usw.; Griff nimmt einzigartiges Laserdesign an, Laserkopf ist gr\u00f6\u00dfer, so dass es mehr Oberfl\u00e4che abdecken kann, 40% schnellere Haarentfernung als andere.\u00a0<\/span><\/p>\n<p style=\"text-align: left;\"><span style=\"font-family: helvetica, arial, sans-serif; font-size: 12pt;\">4 Wellen 755 808 940 1064nm, die eine breite Anwendungsbereich f\u00fcr verschiedene Arten von Haarentfernung hat, haben wir Zertifikate FDA, CE, ISO13485, und wir sind immer auf der Suche nach neuer innovativer Inspiration, um zuverl\u00e4ssigere Produkte zu unseren Partnern und Kunden zu bringen.<\/span><\/p>\n<p><img loading=\"lazy\" decoding=\"async\" class=\"aligncenter size-full wp-image-3505\" src=\"https:\/\/www.mlkjlasers.com\/wp-content\/uploads\/2026\/01\/3-2.jpg\" alt=\"\" width=\"1920\" height=\"1080\" srcset=\"https:\/\/www.mlkjlasers.com\/wp-content\/uploads\/2026\/01\/3-2.jpg 1920w, https:\/\/www.mlkjlasers.com\/wp-content\/uploads\/2026\/01\/3-2-300x169.jpg 300w, https:\/\/www.mlkjlasers.com\/wp-content\/uploads\/2026\/01\/3-2-1024x576.jpg 1024w, https:\/\/www.mlkjlasers.com\/wp-content\/uploads\/2026\/01\/3-2-768x432.jpg 768w, https:\/\/www.mlkjlasers.com\/wp-content\/uploads\/2026\/01\/3-2-1536x864.jpg 1536w, https:\/\/www.mlkjlasers.com\/wp-content\/uploads\/2026\/01\/3-2-600x338.jpg 600w\" sizes=\"(max-width: 1920px) 100vw, 1920px\" \/><\/p>\n<\/div>\n<\/div>\n<\/div>\n<p><span style=\"font-family: helvetica, arial, sans-serif; font-size: 12pt;\">Vor und nach<\/span><\/p>\n<\/div>\n<\/div>\n<\/div>\n<p><img loading=\"lazy\" decoding=\"async\" class=\"aligncenter size-full wp-image-3106\" src=\"https:\/\/www.mlkjlasers.com\/wp-content\/uploads\/2024\/06\/8.jpg\" alt=\"\" width=\"1920\" height=\"1080\" srcset=\"https:\/\/www.mlkjlasers.com\/wp-content\/uploads\/2024\/06\/8.jpg 1920w, https:\/\/www.mlkjlasers.com\/wp-content\/uploads\/2024\/06\/8-300x169.jpg 300w, https:\/\/www.mlkjlasers.com\/wp-content\/uploads\/2024\/06\/8-1024x576.jpg 1024w, https:\/\/www.mlkjlasers.com\/wp-content\/uploads\/2024\/06\/8-768x432.jpg 768w, https:\/\/www.mlkjlasers.com\/wp-content\/uploads\/2024\/06\/8-1536x864.jpg 1536w, https:\/\/www.mlkjlasers.com\/wp-content\/uploads\/2024\/06\/8-600x338.jpg 600w\" sizes=\"(max-width: 1920px) 100vw, 1920px\" \/><\/p>\n<table class=\"alignleft\" style=\"border-collapse: collapse; width: 100%; height: 168px;\">\n<tbody>\n<tr style=\"height: 24px;\">\n<td style=\"width: 50%; height: 24px;\"><span style=\"font-family: helvetica, arial, sans-serif; font-size: 12pt;\">Vorteil<\/span><\/td>\n<td style=\"width: 50%; height: 24px;\"><span style=\"font-family: helvetica, arial, sans-serif; font-size: 12pt;\">Minutenk\u00fchlung<\/span><\/td>\n<\/tr>\n<tr style=\"height: 24px;\">\n<td style=\"width: 50%; height: 24px;\"><span style=\"font-family: helvetica, arial, sans-serif; font-size: 12pt;\">Schnelle, schmerzlose, dauerhafte Haarentfernung<\/span><\/td>\n<td style=\"width: 50%; height: 24px;\"><span style=\"font-family: helvetica, arial, sans-serif; font-size: 12pt;\">Niedriger Systemger\u00e4usch und starker K\u00fchleffekt<\/span><\/td>\n<\/tr>\n<tr style=\"height: 24px;\">\n<td style=\"width: 50%; height: 24px;\"><span style=\"font-family: helvetica, arial, sans-serif; font-size: 12pt;\">24 Stunden kontinuierlich arbeiten<\/span><\/td>\n<td style=\"width: 50%; height: 24px;\"><span style=\"font-family: helvetica, arial, sans-serif; font-size: 12pt;\">Keine Notwendigkeit f\u00fcr lokale An\u00e4sthesie<\/span><\/td>\n<\/tr>\n<tr style=\"height: 24px;\">\n<td style=\"width: 50%; height: 24px;\"><span style=\"font-family: helvetica, arial, sans-serif; font-size: 12pt;\">Reduzierung der Vorbereitungszeit<\/span><\/td>\n<td style=\"width: 50%; height: 24px;\"><span style=\"font-family: helvetica, arial, sans-serif; font-size: 12pt;\">Niedrigere Versandkosten, h\u00f6here Kostenleistung<\/span><\/td>\n<\/tr>\n<tr style=\"height: 24px;\">\n<td style=\"width: 50%; height: 24px;\"><span style=\"font-family: helvetica, arial, sans-serif; font-size: 12pt;\">Erweitern Sie Ihre Patientenbasis<\/span><\/td>\n<td style=\"width: 50%; height: 24px;\"><span style=\"font-family: helvetica, arial, sans-serif; font-size: 12pt;\">Erh\u00f6hen Sie Ihren Gewinn<\/span><\/td>\n<\/tr>\n<tr style=\"height: 24px;\">\n<td style=\"width: 50%; height: 24px;\"><span style=\"font-family: helvetica, arial, sans-serif; font-size: 12pt;\">Geeignet f\u00fcr die Behandlung aller K\u00f6rperteile<\/span><\/td>\n<td style=\"width: 50%; height: 24px;\"><span style=\"font-family: helvetica, arial, sans-serif; font-size: 12pt;\">Erh\u00f6hen Sie Ihren Gewinn<\/span><\/td>\n<\/tr>\n<tr style=\"height: 24px;\">\n<td style=\"width: 50%; height: 24px;\"><span style=\"font-family: helvetica, arial, sans-serif; font-size: 12pt;\">Kann auch zu Hause verwendet werden<\/span><\/td>\n<td style=\"width: 50%; height: 24px;\"><span style=\"font-family: helvetica, arial, sans-serif; font-size: 12pt;\">Tragbar und kompakt, kann es zur Kundenbehandlung zur T\u00fcr gebracht werden<\/span><\/td>\n<\/tr>\n<\/tbody>\n<\/table>\n<div class=\"des_detail\" style=\"text-align: left;\">\n<h3><\/h3>\n<h3><\/h3>\n<\/div>\n<h3><\/h3>\n<div class=\"des_detail\" style=\"text-align: left;\">\n<p>&nbsp;<\/p>\n<p>&nbsp;<\/p>\n<p>&nbsp;<\/p>\n<p><span style=\"font-family: helvetica, arial, sans-serif; font-size: 12pt;\">Spot Size 12x24mm Spot Size, f\u00fcr eine verbesserte Absorption von Energie am Zielfollikel.<\/span><br \/>\n<span style=\"font-family: helvetica, arial, sans-serif; font-size: 12pt;\">Der einzige Laser mit einzigartiger und spezieller Technologie zur Schmerzreduzierung, verbesserter Wirksamkeit, Sicherheit.<\/span><\/p>\n<p>&nbsp;<\/p>\n<\/div>\n<div class=\"des_detail\">\n<h3 style=\"text-align: left;\"><span style=\"font-family: helvetica, arial, sans-serif; font-size: 12pt;\">Vielseitig<\/span><\/h3>\n<h4 style=\"text-align: left;\"><span style=\"font-family: helvetica, arial, sans-serif; font-size: 12pt;\">Die EXFU VIOLIN Laserk\u00f6pfe erm\u00f6glichen eine dauerhafte Haarreduktion von allen K\u00f6rperbereichen. Seine fortschrittliche Technologie reduziert Schmerzen und erh\u00f6ht gleichzeitig die Wirksamkeit und erm\u00f6glicht schnelle und komfortable Behandlungen f\u00fcr Patienten und Praktiker.<\/span><\/h4>\n<div class=\"des_detail\" style=\"text-align: left;\">\n<p><span style=\"font-family: helvetica, arial, sans-serif; font-size: 12pt;\"><img loading=\"lazy\" decoding=\"async\" class=\"aligncenter\" src=\"https:\/\/www.exfulaser.com\/uploads\/20221125\/%E6%95%88%E6%9E%9C.png\" alt=\"\" width=\"1604\" height=\"252\" \/><\/span><\/p>\n<p><span style=\"font-family: helvetica, arial, sans-serif; font-size: 12pt;\">\u2460  Der Laser wirkt selektiv auf das Melanin im Haarfollikel und zerst\u00f6rt den Haarwachstumsbereich<\/span><\/p>\n<p><span style=\"font-family: helvetica, arial, sans-serif; font-size: 12pt;\">\u2461  Haarentfernungseffekt nach 1-3 Behandlungen: Nat\u00fcrlicher Haarausfall, verhindern Sie die Regeneration und erreichen Sie den Zweck der Haarentfernung<\/span><\/p>\n<p><span style=\"font-family: helvetica, arial, sans-serif; font-size: 12pt;\">\u2462  Haarentfernungseffekt nach 3-5 Behandlungen: Die Haarentfernung stimuliert auch die Kollagen-Regeneration, schrumpft die Poren und macht die Haut fest und glatt<\/span><\/p>\n<p>&nbsp;<\/p>\n<\/div>\n<\/div>","protected":false},"excerpt":{"rendered":"<p>TEC-K\u00fchlung: 600W TEC-Wassertankventilator, TEC stellt sicher, dass die Maschine 24 Stunden ohne Problem kontinuierlich arbeiten kann und die Wassertemperatur zwischen 22 und 8211 gesteuert wird; 24 C 2)<br \/>\nStromversorgung: 2000W High-Power-Stromversorgung, um eine gute und stabile Leistungsausgang der Maschine zu gew\u00e4hrleisten<br \/>\nFilter: Doppelfilter, um eine gute Wasserqualit\u00e4t und Wasserzirkulation zu gew\u00e4hrleisten<br \/>\n* Die Maschine&#8217; s vollmetallische innere Struktur, ist das innere Strukturdesign reif und vern\u00fcnftig, um den guten Betrieb der Maschine zu gew\u00e4hrleisten * Exfu \u2122 Technologie - Integrierte Kontaktk\u00fchlung, bietet Epidermalschutz f\u00fcr Behandlungsbereiche, die Pr\u00e4zision und h\u00f6here Fl\u00fcssigkeit erfordern.<\/p>","protected":false},"featured_media":3504,"comment_status":"open","ping_status":"closed","template":"","meta":[],"product_cat":[15],"product_tag":[],"class_list":["post-275","product","type-product","status-publish","has-post-thumbnail","hentry","product_cat-diode-laser-hair-removal-machine"],"_links":{"self":[{"href":"https:\/\/www.mlkjlasers.com\/de\/wp-json\/wp\/v2\/product\/275","targetHints":{"allow":["GET"]}}],"collection":[{"href":"https:\/\/www.mlkjlasers.com\/de\/wp-json\/wp\/v2\/product"}],"about":[{"href":"https:\/\/www.mlkjlasers.com\/de\/wp-json\/wp\/v2\/types\/product"}],"replies":[{"embeddable":true,"href":"https:\/\/www.mlkjlasers.com\/de\/wp-json\/wp\/v2\/comments?post=275"}],"wp:featuredmedia":[{"embeddable":true,"href":"https:\/\/www.mlkjlasers.com\/de\/wp-json\/wp\/v2\/media\/3504"}],"wp:attachment":[{"href":"https:\/\/www.mlkjlasers.com\/de\/wp-json\/wp\/v2\/media?parent=275"}],"wp:term":[{"taxonomy":"product_cat","embeddable":true,"href":"https:\/\/www.mlkjlasers.com\/de\/wp-json\/wp\/v2\/product_cat?post=275"},{"taxonomy":"product_tag","embeddable":true,"href":"https:\/\/www.mlkjlasers.com\/de\/wp-json\/wp\/v2\/product_tag?post=275"}],"curies":[{"name":"wp","href":"https:\/\/api.w.org\/{rel}","templated":true}]}}