{"id":2840,"date":"2023-12-13T11:23:21","date_gmt":"2023-12-13T03:23:21","guid":{"rendered":"https:\/\/mlkjlasers.com\/?post_type=product&#038;p=2840"},"modified":"2026-01-26T10:34:42","modified_gmt":"2026-01-26T02:34:42","slug":"professional-755-808-1064-diode-laser-hair-removal-nd-yag-q-switched-tattoo-removal-laser","status":"publish","type":"product","link":"https:\/\/www.mlkjlasers.com\/de\/product\/professional-755-808-1064-diode-laser-hair-removal-nd-yag-q-switched-tattoo-removal-laser\/","title":{"rendered":"Professionelle 755 808 1064 Diode Laser Haarentfernung Nd yag q schaltete Tattoo Entfernung Laser"},"content":{"rendered":"<p>&nbsp;<\/p>\n<p><img fetchpriority=\"high\" decoding=\"async\" class=\"aligncenter size-full wp-image-3557\" src=\"https:\/\/www.mlkjlasers.com\/wp-content\/uploads\/2026\/01\/D19-808ND-\u5207\u56fe_01.jpg\" alt=\"\" width=\"2400\" height=\"1350\" srcset=\"https:\/\/www.mlkjlasers.com\/wp-content\/uploads\/2026\/01\/D19-808ND-\u5207\u56fe_01.jpg 2400w, https:\/\/www.mlkjlasers.com\/wp-content\/uploads\/2026\/01\/D19-808ND-\u5207\u56fe_01-300x169.jpg 300w, https:\/\/www.mlkjlasers.com\/wp-content\/uploads\/2026\/01\/D19-808ND-\u5207\u56fe_01-1024x576.jpg 1024w, https:\/\/www.mlkjlasers.com\/wp-content\/uploads\/2026\/01\/D19-808ND-\u5207\u56fe_01-768x432.jpg 768w, https:\/\/www.mlkjlasers.com\/wp-content\/uploads\/2026\/01\/D19-808ND-\u5207\u56fe_01-1536x864.jpg 1536w, https:\/\/www.mlkjlasers.com\/wp-content\/uploads\/2026\/01\/D19-808ND-\u5207\u56fe_01-2048x1152.jpg 2048w, https:\/\/www.mlkjlasers.com\/wp-content\/uploads\/2026\/01\/D19-808ND-\u5207\u56fe_01-600x338.jpg 600w\" sizes=\"(max-width: 2400px) 100vw, 2400px\" \/><\/p>\n<p><span style=\"font-size: 18pt; font-family: arial, helvetica, sans-serif;\"><strong>Vorteile:<\/strong><\/span><br \/>\n<span style=\"font-size: 14pt; font-family: arial, helvetica, sans-serif;\"><strong>Beschreibungen von 2 in 1 ND \/ 808nm Diodenlaser multifunktionale Maschine, die Maschine umfasst 2 Griffe:<\/strong><\/span><br \/>\n<span style=\"font-size: 14pt; font-family: arial, helvetica, sans-serif;\"><strong>1) ND yag Griff f\u00fcr Tattoo Entfernung, Pigmententfernung, Fregnentfernung, Maulwurfentfernung, Augenbrauen Stickerei Entfernung, schwarze Gesichtspuppe;<\/strong><\/span><br \/>\n<span style=\"font-size: 14pt; font-family: arial, helvetica, sans-serif;\"><strong>2) 808nm Dioden Lasergriff f\u00fcr dauerhafte, schnelle und schmerzlose Haarentfernung.<\/strong><\/span><\/p>\n<div><span style=\"font-size: 14pt; font-family: arial, helvetica, sans-serif;\"><strong>808nm Diodenlaser: Entdecken Sie den H\u00f6hepunkt der Effizienz bei der dauerhaften Haarentfernung mit unserem modernsten 808nm Diodenlaser, der m\u00fchelos auf alle Hauttypen und Haarfarben zugeschnitten ist. Erleben Sie die Revolution in der Haarentfernung mit Behandlungen, die nicht nur schnell, sondern auch praktisch schmerzlos sind und unvergleichliche Ergebnisse liefern.<\/strong><\/span><\/div>\n<p>&nbsp;<\/p>\n<div><img decoding=\"async\" class=\"aligncenter size-full wp-image-3558\" src=\"https:\/\/www.mlkjlasers.com\/wp-content\/uploads\/2026\/01\/D19-808ND-\u5207\u56fe_02.jpg\" alt=\"\" width=\"2400\" height=\"1350\" srcset=\"https:\/\/www.mlkjlasers.com\/wp-content\/uploads\/2026\/01\/D19-808ND-\u5207\u56fe_02.jpg 2400w, https:\/\/www.mlkjlasers.com\/wp-content\/uploads\/2026\/01\/D19-808ND-\u5207\u56fe_02-300x169.jpg 300w, https:\/\/www.mlkjlasers.com\/wp-content\/uploads\/2026\/01\/D19-808ND-\u5207\u56fe_02-1024x576.jpg 1024w, https:\/\/www.mlkjlasers.com\/wp-content\/uploads\/2026\/01\/D19-808ND-\u5207\u56fe_02-768x432.jpg 768w, https:\/\/www.mlkjlasers.com\/wp-content\/uploads\/2026\/01\/D19-808ND-\u5207\u56fe_02-1536x864.jpg 1536w, https:\/\/www.mlkjlasers.com\/wp-content\/uploads\/2026\/01\/D19-808ND-\u5207\u56fe_02-2048x1152.jpg 2048w, https:\/\/www.mlkjlasers.com\/wp-content\/uploads\/2026\/01\/D19-808ND-\u5207\u56fe_02-600x338.jpg 600w\" sizes=\"(max-width: 2400px) 100vw, 2400px\" \/><\/div>\n<div class=\"magic-13\"><span style=\"font-family: arial, helvetica, sans-serif; font-size: 18pt; color: #000000;\"><b class=\"magic-14\"><span class=\"magic-15\" data-spm-anchor-id=\"a2700.wholesale.0.i85.410c572fClQ0UR\">F\u00fcr diese Maschine hat insgesamt 2 Griffe:<\/span><\/b><\/span><\/div>\n<div class=\"magic-13\"><span style=\"font-family: arial, helvetica, sans-serif; font-size: 14pt; color: #000000;\"><b>1) Diodenlasergriff, Verwendung f\u00fcr:<\/b><\/span><\/div>\n<div class=\"magic-13\"><span style=\"font-family: arial, helvetica, sans-serif; font-size: 14pt; color: #993300;\">Dauerhafte Haarentfernung.<\/span><\/div>\n<div class=\"magic-13\"><span style=\"font-family: arial, helvetica, sans-serif; font-size: 14pt; color: #000000;\"><b>2) ND YAG Griff, verwenden Sie f\u00fcr:<\/b><\/span><\/div>\n<div class=\"magic-13\" data-spm-anchor-id=\"a2700.wholesale.0.i84.410c572fClQ0UR\"><span style=\"font-family: arial, helvetica, sans-serif; font-size: 14pt; color: #993300;\">Tattoo Entfernung, Tattoo auf der Stirn Entfernung, Liplineentfernung, Hautverj\u00fcngung, Entfernung Geburtsmerke, Otas Nevus und Hautflecken.<\/span><\/div>\n<p><span style=\"color: #993366; font-family: arial, helvetica, sans-serif;\"><strong><span style=\"font-size: 14pt;\"><span class=\"magic-12\" data-spm-anchor-id=\"a2700.wholesale.0.i80.405d3809lncSnH\">1. Diode Laser technische, Anz\u00fcge f\u00fcr alle Haut- und Haartypen.<\/span><\/span><\/strong><\/span><\/p>\n<p><span style=\"color: #993366; font-family: arial, helvetica, sans-serif;\"><strong><span style=\"font-size: 14pt;\"><span class=\"magic-12\" data-spm-anchor-id=\"a2700.wholesale.0.i80.405d3809lncSnH\">2. Griffe: Spot Gr\u00f6\u00dfe 12 * 20mm, die anderen 12 * 35mm<\/span><\/span><\/strong><\/span><\/p>\n<p><span style=\"color: #993366; font-family: arial, helvetica, sans-serif;\"><strong><span style=\"font-size: 14pt;\"><span class=\"magic-12\" data-spm-anchor-id=\"a2700.wholesale.0.i80.405d3809lncSnH\">3. Schnelle Behandlung: 1-10Hz Frequenz, USA importierte Laserstangen.<\/span><\/span><\/strong><\/span><\/p>\n<p><span style=\"color: #993366; font-family: arial, helvetica, sans-serif;\"><strong><span class=\"magic-12\" style=\"font-size: 14pt;\">4.755 808 1064, f\u00fcr alle Hauttypen<\/span><\/strong><\/span><\/p>\n<p>&nbsp;<\/p>\n<p><img decoding=\"async\" class=\"aligncenter size-full wp-image-3559\" src=\"https:\/\/www.mlkjlasers.com\/wp-content\/uploads\/2026\/01\/D19-808ND-\u5207\u56fe_03.jpg\" alt=\"\" width=\"2400\" height=\"1350\" srcset=\"https:\/\/www.mlkjlasers.com\/wp-content\/uploads\/2026\/01\/D19-808ND-\u5207\u56fe_03.jpg 2400w, https:\/\/www.mlkjlasers.com\/wp-content\/uploads\/2026\/01\/D19-808ND-\u5207\u56fe_03-300x169.jpg 300w, https:\/\/www.mlkjlasers.com\/wp-content\/uploads\/2026\/01\/D19-808ND-\u5207\u56fe_03-1024x576.jpg 1024w, https:\/\/www.mlkjlasers.com\/wp-content\/uploads\/2026\/01\/D19-808ND-\u5207\u56fe_03-768x432.jpg 768w, https:\/\/www.mlkjlasers.com\/wp-content\/uploads\/2026\/01\/D19-808ND-\u5207\u56fe_03-1536x864.jpg 1536w, https:\/\/www.mlkjlasers.com\/wp-content\/uploads\/2026\/01\/D19-808ND-\u5207\u56fe_03-2048x1152.jpg 2048w, https:\/\/www.mlkjlasers.com\/wp-content\/uploads\/2026\/01\/D19-808ND-\u5207\u56fe_03-600x338.jpg 600w\" sizes=\"(max-width: 2400px) 100vw, 2400px\" \/><\/p>\n<p><span style=\"font-family: arial, helvetica, sans-serif;\"><strong><span style=\"font-size: 14pt;\">1. Kontinuierlicher, Superpuls, fraktionelle verschiedene Betriebsarten.<\/span><\/strong><\/span><br \/>\n<span style=\"font-family: arial, helvetica, sans-serif;\"><strong><span style=\"font-size: 14pt;\">2. Brennpunktdurchmesser und Intervall sind einstellbar.<\/span><\/strong><\/span><br \/>\n<span style=\"font-family: arial, helvetica, sans-serif;\"><strong><span style=\"font-size: 14pt;\">3. Das beste USA RF Laserrohr, importiert von CONHERENT, stabile Leistung, hochwirksam.<\/span><\/strong><\/span><br \/>\n<span style=\"font-family: arial, helvetica, sans-serif;\"><strong><span style=\"font-size: 14pt;\">4. Keine Pigmentierung und Entpigmentierung der Haut, brauchen keine zus\u00e4tzlichen Verbrauchsmaterialien.<\/span><\/strong><\/span><br \/>\n<span style=\"font-family: arial, helvetica, sans-serif;\"><strong><span style=\"font-size: 14pt;\">5. Sicherheitsschutz mit automatischem Alam.<\/span><\/strong><\/span><br \/>\n<span style=\"font-family: arial, helvetica, sans-serif;\"><strong><span style=\"font-size: 14pt;\">6. Einfache und schnelle Behandlung, keine Ausfallzeit.<\/span><\/strong><\/span><br \/>\n<span style=\"font-family: arial, helvetica, sans-serif;\"><strong><span style=\"font-size: 14pt;\">7. Verschiedene Spotvolumen sind f\u00fcr verschiedene Bereiche des K\u00f6rpers geeignet.<\/span><\/strong><\/span><\/p>\n<p><img loading=\"lazy\" decoding=\"async\" class=\"aligncenter size-full wp-image-3567\" src=\"https:\/\/www.mlkjlasers.com\/wp-content\/uploads\/2026\/01\/D19-808ND-\u5207\u56fe_11.jpg\" alt=\"\" width=\"2400\" height=\"1350\" srcset=\"https:\/\/www.mlkjlasers.com\/wp-content\/uploads\/2026\/01\/D19-808ND-\u5207\u56fe_11.jpg 2400w, https:\/\/www.mlkjlasers.com\/wp-content\/uploads\/2026\/01\/D19-808ND-\u5207\u56fe_11-300x169.jpg 300w, https:\/\/www.mlkjlasers.com\/wp-content\/uploads\/2026\/01\/D19-808ND-\u5207\u56fe_11-1024x576.jpg 1024w, https:\/\/www.mlkjlasers.com\/wp-content\/uploads\/2026\/01\/D19-808ND-\u5207\u56fe_11-768x432.jpg 768w, https:\/\/www.mlkjlasers.com\/wp-content\/uploads\/2026\/01\/D19-808ND-\u5207\u56fe_11-1536x864.jpg 1536w, https:\/\/www.mlkjlasers.com\/wp-content\/uploads\/2026\/01\/D19-808ND-\u5207\u56fe_11-2048x1152.jpg 2048w, https:\/\/www.mlkjlasers.com\/wp-content\/uploads\/2026\/01\/D19-808ND-\u5207\u56fe_11-600x338.jpg 600w\" sizes=\"(max-width: 2400px) 100vw, 2400px\" \/><\/p>\n<div class=\"magic-7\"><span style=\"font-family: arial, helvetica, sans-serif; font-size: 14pt; color: #993300;\"><span class=\"magic-12\">High nd yag Lasertechnologie, internationaler Produktionsstandard, technischer Test streng.<\/span><\/span><\/div>\n<div class=\"magic-7\" data-spm-anchor-id=\"a2700.wholesale.0.i82.405d3809lncSnH\"><span style=\"font-family: arial, helvetica, sans-serif; font-size: 14pt; color: #993300;\"><span class=\"magic-12\" data-spm-anchor-id=\"a2700.wholesale.0.i83.405d3809lncSnH\">Importierte Stein Q-Schalter Kassettenmechanismus, der gesamte Festlaser, ohne Q-Schalter zu ersetzen.<\/span><\/span><\/div>\n<div data-spm-anchor-id=\"a2700.wholesale.0.i82.405d3809lncSnH\"><img loading=\"lazy\" decoding=\"async\" class=\"aligncenter size-full wp-image-3560\" src=\"https:\/\/www.mlkjlasers.com\/wp-content\/uploads\/2026\/01\/D19-808ND-\u5207\u56fe_04.jpg\" alt=\"\" width=\"2400\" height=\"1350\" srcset=\"https:\/\/www.mlkjlasers.com\/wp-content\/uploads\/2026\/01\/D19-808ND-\u5207\u56fe_04.jpg 2400w, https:\/\/www.mlkjlasers.com\/wp-content\/uploads\/2026\/01\/D19-808ND-\u5207\u56fe_04-300x169.jpg 300w, https:\/\/www.mlkjlasers.com\/wp-content\/uploads\/2026\/01\/D19-808ND-\u5207\u56fe_04-1024x576.jpg 1024w, https:\/\/www.mlkjlasers.com\/wp-content\/uploads\/2026\/01\/D19-808ND-\u5207\u56fe_04-768x432.jpg 768w, https:\/\/www.mlkjlasers.com\/wp-content\/uploads\/2026\/01\/D19-808ND-\u5207\u56fe_04-1536x864.jpg 1536w, https:\/\/www.mlkjlasers.com\/wp-content\/uploads\/2026\/01\/D19-808ND-\u5207\u56fe_04-2048x1152.jpg 2048w, https:\/\/www.mlkjlasers.com\/wp-content\/uploads\/2026\/01\/D19-808ND-\u5207\u56fe_04-600x338.jpg 600w\" sizes=\"(max-width: 2400px) 100vw, 2400px\" \/><\/div>\n<p>&nbsp;<\/p>\n<p><span style=\"font-family: arial, helvetica, sans-serif; font-size: 14pt;\"><strong><span style=\"color: #993366;\">5 K\u00f6pfe Stellengr\u00f6\u00dfe von 1mm auf 7mm einstellen<\/span><\/strong><\/span><\/p>\n<p><span style=\"font-family: arial, helvetica, sans-serif; font-size: 14pt;\"><strong><span style=\"color: #993366;\">755nm pr\u00e4ziser und tiefgreifender Abbau von Pigmenten, verwendet, um verschiedene Flecken zu entfernen und die Hauttextur zu verbessern<\/span><\/strong><\/span><\/p>\n<p><span style=\"font-family: arial, helvetica, sans-serif; font-size: 14pt;\"><strong><span style=\"color: #993366;\">Verstellbarer 1064\/532 nm Kopf ist f\u00fcr gro\u00dfe Fl\u00e4che Tattoo \/ Pigmententfernung;<\/span><\/strong><\/span><\/p>\n<p><span style=\"font-family: arial, helvetica, sans-serif; font-size: 14pt;\"><strong><span style=\"color: #993366;\">Fester 1064\/532 nm Kopf ist f\u00fcr kleine Fl\u00e4che oder spezielle Stelle Tattoo \/ Pigmententfernung;<\/span><\/strong><\/span><\/p>\n<div><span style=\"font-family: arial, helvetica, sans-serif; font-size: 14pt;\"><strong><span style=\"color: #993366;\">1320 nm Kopf ist f\u00fcr schwarze Puppe Behandlung f\u00fcr Haut aufwei\u00dfen, Hautverj\u00fcngung.<\/span><\/strong><\/span><\/div>\n<div><img loading=\"lazy\" decoding=\"async\" class=\"aligncenter size-full wp-image-3561\" src=\"https:\/\/www.mlkjlasers.com\/wp-content\/uploads\/2026\/01\/D19-808ND-\u5207\u56fe_05.jpg\" alt=\"\" width=\"2400\" height=\"1350\" srcset=\"https:\/\/www.mlkjlasers.com\/wp-content\/uploads\/2026\/01\/D19-808ND-\u5207\u56fe_05.jpg 2400w, https:\/\/www.mlkjlasers.com\/wp-content\/uploads\/2026\/01\/D19-808ND-\u5207\u56fe_05-300x169.jpg 300w, https:\/\/www.mlkjlasers.com\/wp-content\/uploads\/2026\/01\/D19-808ND-\u5207\u56fe_05-1024x576.jpg 1024w, https:\/\/www.mlkjlasers.com\/wp-content\/uploads\/2026\/01\/D19-808ND-\u5207\u56fe_05-768x432.jpg 768w, https:\/\/www.mlkjlasers.com\/wp-content\/uploads\/2026\/01\/D19-808ND-\u5207\u56fe_05-1536x864.jpg 1536w, https:\/\/www.mlkjlasers.com\/wp-content\/uploads\/2026\/01\/D19-808ND-\u5207\u56fe_05-2048x1152.jpg 2048w, https:\/\/www.mlkjlasers.com\/wp-content\/uploads\/2026\/01\/D19-808ND-\u5207\u56fe_05-600x338.jpg 600w\" sizes=\"(max-width: 2400px) 100vw, 2400px\" \/><\/div>\n<p>&nbsp;<\/p>\n<p><span style=\"font-size: 14pt;\"><strong><span style=\"font-family: arial, helvetica, sans-serif;\">Entdecken Sie unsere Behandlungsanwendungen:<\/span><\/strong><\/span><br \/>\n<span style=\"font-size: 14pt; font-family: arial, helvetica, sans-serif;\">Haarentfernung: Erleben Sie ein schnelles, schmerzfreies Verfahren, das wundersch\u00f6n f\u00fcr alle Hauttypen angepasst ist.<\/span><br \/>\n<span style=\"font-size: 14pt; font-family: arial, helvetica, sans-serif;\">Tattoo Entfernung, Pigmententfernung, Fregnentfernung, Maulwurfentfernung, Augenbrauen Stickerei Entfernung, schwarze Gesichtspuppe,<span style=\"color: #000000;\">Nevus Entfernung, Geburtsmerkenentfernung, Hautverj\u00fcngung und Hautaufwei\u00dfung.<\/span><\/span><span style=\"font-family: arial, helvetica, sans-serif; font-size: 14pt; color: #000000;\">\u00a0<\/span><\/p>\n<p>&nbsp;<\/p>\n<p><img loading=\"lazy\" decoding=\"async\" class=\"aligncenter size-full wp-image-3566\" src=\"https:\/\/www.mlkjlasers.com\/wp-content\/uploads\/2026\/01\/D19-808ND-\u5207\u56fe_10.jpg\" alt=\"\" width=\"2400\" height=\"1350\" srcset=\"https:\/\/www.mlkjlasers.com\/wp-content\/uploads\/2026\/01\/D19-808ND-\u5207\u56fe_10.jpg 2400w, https:\/\/www.mlkjlasers.com\/wp-content\/uploads\/2026\/01\/D19-808ND-\u5207\u56fe_10-300x169.jpg 300w, https:\/\/www.mlkjlasers.com\/wp-content\/uploads\/2026\/01\/D19-808ND-\u5207\u56fe_10-1024x576.jpg 1024w, https:\/\/www.mlkjlasers.com\/wp-content\/uploads\/2026\/01\/D19-808ND-\u5207\u56fe_10-768x432.jpg 768w, https:\/\/www.mlkjlasers.com\/wp-content\/uploads\/2026\/01\/D19-808ND-\u5207\u56fe_10-1536x864.jpg 1536w, https:\/\/www.mlkjlasers.com\/wp-content\/uploads\/2026\/01\/D19-808ND-\u5207\u56fe_10-2048x1152.jpg 2048w, https:\/\/www.mlkjlasers.com\/wp-content\/uploads\/2026\/01\/D19-808ND-\u5207\u56fe_10-600x338.jpg 600w\" sizes=\"(max-width: 2400px) 100vw, 2400px\" \/><\/p>\n<p><span style=\"font-family: arial, helvetica, sans-serif; font-size: 14pt; color: #000000;\">1) Gro\u00dfe Gr\u00f6\u00dfe: verwendet <b>14 Zoll Farbtouchbildschirm.<\/b><br \/>\n2) Mehrfachsprache: drei Arten von Hauttypen Option, einfach zu bedienen.<br \/>\n3) <b>OEM-Service<\/b>: Ihr Logo kann auf Maschinenbildschirm kostenlos hinzugef\u00fcgt werden, akzeptieren Sie Ihre spezielle Sprache.<\/span><\/p>\n<p>&nbsp;<\/p>\n<p><img loading=\"lazy\" decoding=\"async\" class=\"aligncenter size-full wp-image-3563\" src=\"https:\/\/www.mlkjlasers.com\/wp-content\/uploads\/2026\/01\/D19-808ND-\u5207\u56fe_07.jpg\" alt=\"\" width=\"2400\" height=\"1350\" srcset=\"https:\/\/www.mlkjlasers.com\/wp-content\/uploads\/2026\/01\/D19-808ND-\u5207\u56fe_07.jpg 2400w, https:\/\/www.mlkjlasers.com\/wp-content\/uploads\/2026\/01\/D19-808ND-\u5207\u56fe_07-300x169.jpg 300w, https:\/\/www.mlkjlasers.com\/wp-content\/uploads\/2026\/01\/D19-808ND-\u5207\u56fe_07-1024x576.jpg 1024w, https:\/\/www.mlkjlasers.com\/wp-content\/uploads\/2026\/01\/D19-808ND-\u5207\u56fe_07-768x432.jpg 768w, https:\/\/www.mlkjlasers.com\/wp-content\/uploads\/2026\/01\/D19-808ND-\u5207\u56fe_07-1536x864.jpg 1536w, https:\/\/www.mlkjlasers.com\/wp-content\/uploads\/2026\/01\/D19-808ND-\u5207\u56fe_07-2048x1152.jpg 2048w, https:\/\/www.mlkjlasers.com\/wp-content\/uploads\/2026\/01\/D19-808ND-\u5207\u56fe_07-600x338.jpg 600w\" sizes=\"(max-width: 2400px) 100vw, 2400px\" \/><\/p>\n<p><span style=\"font-size: 14pt; font-family: arial, helvetica, sans-serif;\"><strong>Benutzerfreundliche Oberfl\u00e4che: M\u00fchelose Navigation mit einer intuitiven Touchscreen-Oberfl\u00e4che, die f\u00fcr einfache Bedienung konzipiert ist<\/strong><\/span><br \/>\n<span style=\"font-size: 14pt; font-family: arial, helvetica, sans-serif;\"><strong>Erweitertes K\u00fchlsystem: Garantiert \u00fcberragenden Patientenkomfort und vermieden \u00dcberhitzung, die ein ruhiges Erlebnis gew\u00e4hrleistet<\/strong><\/span><br \/>\n<span style=\"font-size: 14pt; font-family: arial, helvetica, sans-serif;\"><strong>Hohe Leistung: liefert konsequent zuverl\u00e4ssige, sichere und effiziente Ergebnisse f\u00fcr jede Sitzung<\/strong><\/span><br \/>\n<span style=\"font-size: 14pt; font-family: arial, helvetica, sans-serif;\"><strong>Langlebiges Design: Konstruiert mit hochwertigen Materialien, um langlebige Leistung und Langlebigkeit zu gew\u00e4hrleisten<\/strong><\/span><\/p>\n<p><img loading=\"lazy\" decoding=\"async\" class=\"aligncenter size-full wp-image-3564\" src=\"https:\/\/www.mlkjlasers.com\/wp-content\/uploads\/2026\/01\/D19-808ND-\u5207\u56fe_08.jpg\" alt=\"\" width=\"2400\" height=\"1350\" srcset=\"https:\/\/www.mlkjlasers.com\/wp-content\/uploads\/2026\/01\/D19-808ND-\u5207\u56fe_08.jpg 2400w, https:\/\/www.mlkjlasers.com\/wp-content\/uploads\/2026\/01\/D19-808ND-\u5207\u56fe_08-300x169.jpg 300w, https:\/\/www.mlkjlasers.com\/wp-content\/uploads\/2026\/01\/D19-808ND-\u5207\u56fe_08-1024x576.jpg 1024w, https:\/\/www.mlkjlasers.com\/wp-content\/uploads\/2026\/01\/D19-808ND-\u5207\u56fe_08-768x432.jpg 768w, https:\/\/www.mlkjlasers.com\/wp-content\/uploads\/2026\/01\/D19-808ND-\u5207\u56fe_08-1536x864.jpg 1536w, https:\/\/www.mlkjlasers.com\/wp-content\/uploads\/2026\/01\/D19-808ND-\u5207\u56fe_08-2048x1152.jpg 2048w, https:\/\/www.mlkjlasers.com\/wp-content\/uploads\/2026\/01\/D19-808ND-\u5207\u56fe_08-600x338.jpg 600w\" sizes=\"(max-width: 2400px) 100vw, 2400px\" \/><\/p>\n<p>&nbsp;<\/p>\n<p><img loading=\"lazy\" decoding=\"async\" class=\"aligncenter size-full wp-image-3562\" src=\"https:\/\/www.mlkjlasers.com\/wp-content\/uploads\/2026\/01\/D19-808ND-\u5207\u56fe_06.jpg\" alt=\"\" width=\"2400\" height=\"1350\" srcset=\"https:\/\/www.mlkjlasers.com\/wp-content\/uploads\/2026\/01\/D19-808ND-\u5207\u56fe_06.jpg 2400w, https:\/\/www.mlkjlasers.com\/wp-content\/uploads\/2026\/01\/D19-808ND-\u5207\u56fe_06-300x169.jpg 300w, https:\/\/www.mlkjlasers.com\/wp-content\/uploads\/2026\/01\/D19-808ND-\u5207\u56fe_06-1024x576.jpg 1024w, https:\/\/www.mlkjlasers.com\/wp-content\/uploads\/2026\/01\/D19-808ND-\u5207\u56fe_06-768x432.jpg 768w, https:\/\/www.mlkjlasers.com\/wp-content\/uploads\/2026\/01\/D19-808ND-\u5207\u56fe_06-1536x864.jpg 1536w, https:\/\/www.mlkjlasers.com\/wp-content\/uploads\/2026\/01\/D19-808ND-\u5207\u56fe_06-2048x1152.jpg 2048w, https:\/\/www.mlkjlasers.com\/wp-content\/uploads\/2026\/01\/D19-808ND-\u5207\u56fe_06-600x338.jpg 600w\" sizes=\"(max-width: 2400px) 100vw, 2400px\" \/><\/p>\n<p><span style=\"font-size: 14pt; font-family: arial, helvetica, sans-serif;\">Die fortschrittlichste 2 in 1 professionelle Sch\u00f6nheitsmaschine, sorgf\u00e4ltig f\u00fcr unvergleichliche \u00e4sthetische Exzellenz konzipiert. Es hat au\u00dfergew\u00f6hnliche F\u00e4higkeiten in der Haarentfernung, Tattoo-Entfernung, Pigmententfernung, Fregnel Entfernung, Maulwurfentfernung, Augenbrauen Stickerei Entfernung, schwarze Gesichtspuppe. Es wurde entwickelt, um den Service von professionellen Salons, Sch\u00f6nheitskliniken und medizinischen Spas auf neue H\u00f6hen der Komplexit\u00e4t und Kundenzufriedenheit zu heben.<\/span><\/p>\n<p>&nbsp;<\/p>\n<p><img loading=\"lazy\" decoding=\"async\" class=\"aligncenter size-full wp-image-3565\" src=\"https:\/\/www.mlkjlasers.com\/wp-content\/uploads\/2026\/01\/D19-808ND-\u5207\u56fe_09.jpg\" alt=\"\" width=\"2400\" height=\"1350\" srcset=\"https:\/\/www.mlkjlasers.com\/wp-content\/uploads\/2026\/01\/D19-808ND-\u5207\u56fe_09.jpg 2400w, https:\/\/www.mlkjlasers.com\/wp-content\/uploads\/2026\/01\/D19-808ND-\u5207\u56fe_09-300x169.jpg 300w, https:\/\/www.mlkjlasers.com\/wp-content\/uploads\/2026\/01\/D19-808ND-\u5207\u56fe_09-1024x576.jpg 1024w, https:\/\/www.mlkjlasers.com\/wp-content\/uploads\/2026\/01\/D19-808ND-\u5207\u56fe_09-768x432.jpg 768w, https:\/\/www.mlkjlasers.com\/wp-content\/uploads\/2026\/01\/D19-808ND-\u5207\u56fe_09-1536x864.jpg 1536w, https:\/\/www.mlkjlasers.com\/wp-content\/uploads\/2026\/01\/D19-808ND-\u5207\u56fe_09-2048x1152.jpg 2048w, https:\/\/www.mlkjlasers.com\/wp-content\/uploads\/2026\/01\/D19-808ND-\u5207\u56fe_09-600x338.jpg 600w\" sizes=\"(max-width: 2400px) 100vw, 2400px\" \/><\/p>\n<p>&nbsp;<\/p>\n<p><span style=\"font-family: arial, helvetica, sans-serif;\"><strong>FDA, CE, ISO13485, ROHS sind wir immer auf der Suche nach neuen Innovationsinspirationen, um unseren Partnern und Kunden zuverl\u00e4ssigere Produkte zu bringen.<\/strong><\/span><\/p>\n<p><span style=\"font-family: arial, helvetica, sans-serif;\"><strong><a href=\"https:\/\/www.mlkjlasers.com\/de\/contact-us\/\" target=\"_blank\" rel=\"noopener\">Kontaktieren Sie uns noch heute!<\/a><\/strong><\/span><\/p>\n<p><span style=\"font-family: arial, helvetica, sans-serif;\"><strong><a href=\"https:\/\/www.mlkjlasers.com\/de\/contact-us\/\" target=\"_blank\" rel=\"noopener\">[Phone\u00a0Number]\uff1a+8615965364558<\/a><\/strong><\/span><\/p>\n<p><span style=\"font-family: arial, helvetica, sans-serif;\">[Email\u00a0Address]:sale@mingliangkj.com<\/span><\/p>","protected":false},"excerpt":{"rendered":"<p>Professionelle 755 808 1064 Diode Laser Haarentfernung Nd yag q schaltete Tattoo Entfernung Laser<\/p>","protected":false},"featured_media":3554,"comment_status":"open","ping_status":"closed","template":"","meta":[],"product_cat":[29],"product_tag":[],"class_list":["post-2840","product","type-product","status-publish","has-post-thumbnail","hentry","product_cat-multifunction-beauty-machine"],"_links":{"self":[{"href":"https:\/\/www.mlkjlasers.com\/de\/wp-json\/wp\/v2\/product\/2840","targetHints":{"allow":["GET"]}}],"collection":[{"href":"https:\/\/www.mlkjlasers.com\/de\/wp-json\/wp\/v2\/product"}],"about":[{"href":"https:\/\/www.mlkjlasers.com\/de\/wp-json\/wp\/v2\/types\/product"}],"replies":[{"embeddable":true,"href":"https:\/\/www.mlkjlasers.com\/de\/wp-json\/wp\/v2\/comments?post=2840"}],"wp:featuredmedia":[{"embeddable":true,"href":"https:\/\/www.mlkjlasers.com\/de\/wp-json\/wp\/v2\/media\/3554"}],"wp:attachment":[{"href":"https:\/\/www.mlkjlasers.com\/de\/wp-json\/wp\/v2\/media?parent=2840"}],"wp:term":[{"taxonomy":"product_cat","embeddable":true,"href":"https:\/\/www.mlkjlasers.com\/de\/wp-json\/wp\/v2\/product_cat?post=2840"},{"taxonomy":"product_tag","embeddable":true,"href":"https:\/\/www.mlkjlasers.com\/de\/wp-json\/wp\/v2\/product_tag?post=2840"}],"curies":[{"name":"wp","href":"https:\/\/api.w.org\/{rel}","templated":true}]}}