{"id":2958,"date":"2024-02-28T17:02:20","date_gmt":"2024-02-28T09:02:20","guid":{"rendered":"https:\/\/mlkjlasers.com\/?post_type=product&#038;p=2958"},"modified":"2024-02-29T16:46:35","modified_gmt":"2024-02-29T08:46:35","slug":"laser-q-swithced-nanosecond-short-pulse-755-532-1064-vascular-therapy-scar-repair-picosecond-laser-tattoo-removal-machine","status":"publish","type":"product","link":"https:\/\/www.mlkjlasers.com\/de\/product\/laser-q-swithced-nanosecond-short-pulse-755-532-1064-vascular-therapy-scar-repair-picosecond-laser-tattoo-removal-machine\/","title":{"rendered":"Laser Q-Swithced Nanosekund Kurz Impuls 755 532 1064 Gef\u00e4\u00dftherapie Narben Reparatur Picosekund Laser Tattoo Entfernung Maschine"},"content":{"rendered":"<p><img fetchpriority=\"high\" decoding=\"async\" class=\"size-full wp-image-2986 aligncenter\" src=\"https:\/\/mlkjlasers.com\/wp-content\/uploads\/2024\/02\/1-2.jpg\" alt=\"\" width=\"1920\" height=\"1080\" srcset=\"https:\/\/www.mlkjlasers.com\/wp-content\/uploads\/2024\/02\/1-2.jpg 1920w, https:\/\/www.mlkjlasers.com\/wp-content\/uploads\/2024\/02\/1-2-300x169.jpg 300w, https:\/\/www.mlkjlasers.com\/wp-content\/uploads\/2024\/02\/1-2-1024x576.jpg 1024w, https:\/\/www.mlkjlasers.com\/wp-content\/uploads\/2024\/02\/1-2-768x432.jpg 768w, https:\/\/www.mlkjlasers.com\/wp-content\/uploads\/2024\/02\/1-2-1536x864.jpg 1536w, https:\/\/www.mlkjlasers.com\/wp-content\/uploads\/2024\/02\/1-2-600x338.jpg 600w\" sizes=\"(max-width: 1920px) 100vw, 1920px\" \/> <img decoding=\"async\" class=\"size-full wp-image-2987 aligncenter\" src=\"https:\/\/mlkjlasers.com\/wp-content\/uploads\/2024\/02\/2-2.jpg\" alt=\"\" width=\"1920\" height=\"1080\" srcset=\"https:\/\/www.mlkjlasers.com\/wp-content\/uploads\/2024\/02\/2-2.jpg 1920w, https:\/\/www.mlkjlasers.com\/wp-content\/uploads\/2024\/02\/2-2-300x169.jpg 300w, https:\/\/www.mlkjlasers.com\/wp-content\/uploads\/2024\/02\/2-2-1024x576.jpg 1024w, https:\/\/www.mlkjlasers.com\/wp-content\/uploads\/2024\/02\/2-2-768x432.jpg 768w, https:\/\/www.mlkjlasers.com\/wp-content\/uploads\/2024\/02\/2-2-1536x864.jpg 1536w, https:\/\/www.mlkjlasers.com\/wp-content\/uploads\/2024\/02\/2-2-600x338.jpg 600w\" sizes=\"(max-width: 1920px) 100vw, 1920px\" \/><\/p>\n<p>&nbsp;<\/p>\n<p><span class=\"src\" data-group=\"0-0\">Kurzpulslaser: Dauer \u2264 Nanosekunden (10e-6 Sekunden) <\/span><span class=\"src\" data-group=\"1-0\">Eigenschaften: <\/span><\/p>\n<p><span class=\"src\" data-group=\"2-0\">\u2460  Unter Verwendung des mechanischen Schalldruckstrahleffekts von Licht ist eine einzige Emissionsdauer kurz, hohe Energie, Spitzenleistung; <\/span><\/p>\n<p><span class=\"src\" data-group=\"3-0\">\u2461  Pulsbreite ist in der Regel nicht einstellbar; <\/span><span class=\"src\" data-group=\"4-0\">\u2462  Kurzpuls wird durch Q-Switching-Technologie realisiert<\/span><\/p>\n<p>&nbsp;<\/p>\n<p><img decoding=\"async\" class=\"size-full wp-image-2988 aligncenter\" src=\"https:\/\/mlkjlasers.com\/wp-content\/uploads\/2024\/02\/3-2.jpg\" alt=\"\" width=\"1920\" height=\"1080\" srcset=\"https:\/\/www.mlkjlasers.com\/wp-content\/uploads\/2024\/02\/3-2.jpg 1920w, https:\/\/www.mlkjlasers.com\/wp-content\/uploads\/2024\/02\/3-2-300x169.jpg 300w, https:\/\/www.mlkjlasers.com\/wp-content\/uploads\/2024\/02\/3-2-1024x576.jpg 1024w, https:\/\/www.mlkjlasers.com\/wp-content\/uploads\/2024\/02\/3-2-768x432.jpg 768w, https:\/\/www.mlkjlasers.com\/wp-content\/uploads\/2024\/02\/3-2-1536x864.jpg 1536w, https:\/\/www.mlkjlasers.com\/wp-content\/uploads\/2024\/02\/3-2-600x338.jpg 600w\" sizes=\"(max-width: 1920px) 100vw, 1920px\" \/> <img loading=\"lazy\" decoding=\"async\" class=\"size-full wp-image-2990 aligncenter\" src=\"https:\/\/mlkjlasers.com\/wp-content\/uploads\/2024\/02\/5-3.jpg\" alt=\"\" width=\"1920\" height=\"1080\" srcset=\"https:\/\/www.mlkjlasers.com\/wp-content\/uploads\/2024\/02\/5-3.jpg 1920w, https:\/\/www.mlkjlasers.com\/wp-content\/uploads\/2024\/02\/5-3-300x169.jpg 300w, https:\/\/www.mlkjlasers.com\/wp-content\/uploads\/2024\/02\/5-3-1024x576.jpg 1024w, https:\/\/www.mlkjlasers.com\/wp-content\/uploads\/2024\/02\/5-3-768x432.jpg 768w, https:\/\/www.mlkjlasers.com\/wp-content\/uploads\/2024\/02\/5-3-1536x864.jpg 1536w, https:\/\/www.mlkjlasers.com\/wp-content\/uploads\/2024\/02\/5-3-600x338.jpg 600w\" sizes=\"(max-width: 1920px) 100vw, 1920px\" \/><\/p>\n<p>&nbsp;<\/p>\n<p>Produktinformationen<br \/>\nMit 7 F\u00fchrungslichtarmen ist das Licht symmetrischer!<br \/>\nDie Energiedichte (J\/cm2) ist der entscheidende Parameter der Q-Schaltlasertherapie.<br \/>\nQ-geschalteter Laser kann in der Regel die Pulsbreite nicht anpassen, den gleichen Lichtenergiewert (mJ) einstellen, wenn je kleiner der Wirkungsbereich (je kleiner der Punktdurchmesser), je gr\u00f6\u00dfer die Energiedichte, desto intensiver die Hautreaktion ist, was die Bedeutung von &#8220; konzentrieren&#8221;<\/p>\n<p>Eigenschaften:<br \/>\n1. Hohe Leistung: Das Ruby-Lasersystem hat eine hohe Energieleistung und eine hohe Leistungsdichte, die eine schnelle und effektive Chirurgie und Behandlung erm\u00f6glicht.<br \/>\n2. Sicherheit: Das System verwendet fortgeschrittene Lasertechnologie, um die Tiefe und Intensit\u00e4t des Laserstrahls genau zu steuern und Sch\u00e4den an dem umliegenden Gewebe zu minimieren.<br \/>\n3. Multifunktional: Rubinlasersystem kann f\u00fcr eine Vielzahl von Operationen und Behandlungen verwendet werden, einschlie\u00dflich der Hautentfernung, der Behandlung von Gef\u00e4\u00dferkrankungen, der Narbenreparatur usw.<br \/>\n4. Hohe Pr\u00e4zision: Das System hat hochpr\u00e4zise Laserstrahlpositionierung und -kontrollfunktionen, kann das Zielgewebe genau handhaben, die Erfolgsquote der Chirurgie und der Behandlungswirkung verbessern.<br \/>\n5. Tragbarkeit: Ruby-Lasersystem nimmt kompaktes Design an, leicht zu tragen und zu bewegen, geeignet f\u00fcr verschiedene klinische Umgebungen.<\/p>\n<p>755 waveleng dies verwendet f\u00fcr das Aufwei\u00dfen und Vergilben schnell entfernen Staubpigmente, und leicht wiederherstellen Sie Ihre wei\u00dfe Haut<br \/>\nDer 532 nm Pikosekundenlaser wirkt sich am besten auf gelbe T\u00e4towierungen aus, gefolgt von roten T\u00e4towierungen. Der 1064 nm Pikosekundenlaser funktioniert am besten f\u00fcr schwarze T\u00e4towierungen.<br \/>\n532 Wellenl\u00e4nge wird verwendet, um epidermale Flecken wie Frecken, Kaffeeflecken, fotoalternde Flecken, Aknemarken und Falten sowie rote und gelbe T\u00e4towierungen zu behandeln.<br \/>\n1064 verwendet, um Hautflecken wie braun-cyanmoles, Otamoles, chloasma, Pigmentation, Aufwei\u00dfen und Aufhellen zu behandeln, um gelbe, schwarze und blaue T\u00e4towierungen zu entfernen, k\u00f6nnen gewaschen werden, verwendet, um Akne zu behandeln, Poren zu reduzieren und Haut zu sch\u00e4rfen, um die Wirkung der Hautverj\u00fcngung zu erreichen.<\/p>\n<p>&nbsp;<\/p>\n<p><img loading=\"lazy\" decoding=\"async\" class=\"size-full wp-image-2989 aligncenter\" src=\"https:\/\/mlkjlasers.com\/wp-content\/uploads\/2024\/02\/4-2.jpg\" alt=\"\" width=\"1920\" height=\"1080\" srcset=\"https:\/\/www.mlkjlasers.com\/wp-content\/uploads\/2024\/02\/4-2.jpg 1920w, https:\/\/www.mlkjlasers.com\/wp-content\/uploads\/2024\/02\/4-2-300x169.jpg 300w, https:\/\/www.mlkjlasers.com\/wp-content\/uploads\/2024\/02\/4-2-1024x576.jpg 1024w, https:\/\/www.mlkjlasers.com\/wp-content\/uploads\/2024\/02\/4-2-768x432.jpg 768w, https:\/\/www.mlkjlasers.com\/wp-content\/uploads\/2024\/02\/4-2-1536x864.jpg 1536w, https:\/\/www.mlkjlasers.com\/wp-content\/uploads\/2024\/02\/4-2-600x338.jpg 600w\" sizes=\"(max-width: 1920px) 100vw, 1920px\" \/> <img loading=\"lazy\" decoding=\"async\" class=\"size-full wp-image-2992 aligncenter\" src=\"https:\/\/mlkjlasers.com\/wp-content\/uploads\/2024\/02\/7-1.jpg\" alt=\"\" width=\"1920\" height=\"1080\" srcset=\"https:\/\/www.mlkjlasers.com\/wp-content\/uploads\/2024\/02\/7-1.jpg 1920w, https:\/\/www.mlkjlasers.com\/wp-content\/uploads\/2024\/02\/7-1-300x169.jpg 300w, https:\/\/www.mlkjlasers.com\/wp-content\/uploads\/2024\/02\/7-1-1024x576.jpg 1024w, https:\/\/www.mlkjlasers.com\/wp-content\/uploads\/2024\/02\/7-1-768x432.jpg 768w, https:\/\/www.mlkjlasers.com\/wp-content\/uploads\/2024\/02\/7-1-1536x864.jpg 1536w, https:\/\/www.mlkjlasers.com\/wp-content\/uploads\/2024\/02\/7-1-600x338.jpg 600w\" sizes=\"(max-width: 1920px) 100vw, 1920px\" \/> <img loading=\"lazy\" decoding=\"async\" class=\"size-full wp-image-2993 aligncenter\" src=\"https:\/\/mlkjlasers.com\/wp-content\/uploads\/2024\/02\/8-1.jpg\" alt=\"\" width=\"1920\" height=\"1080\" srcset=\"https:\/\/www.mlkjlasers.com\/wp-content\/uploads\/2024\/02\/8-1.jpg 1920w, https:\/\/www.mlkjlasers.com\/wp-content\/uploads\/2024\/02\/8-1-300x169.jpg 300w, https:\/\/www.mlkjlasers.com\/wp-content\/uploads\/2024\/02\/8-1-1024x576.jpg 1024w, https:\/\/www.mlkjlasers.com\/wp-content\/uploads\/2024\/02\/8-1-768x432.jpg 768w, https:\/\/www.mlkjlasers.com\/wp-content\/uploads\/2024\/02\/8-1-1536x864.jpg 1536w, https:\/\/www.mlkjlasers.com\/wp-content\/uploads\/2024\/02\/8-1-600x338.jpg 600w\" sizes=\"(max-width: 1920px) 100vw, 1920px\" \/><\/p>\n<p>&nbsp;<\/p>","protected":false},"excerpt":{"rendered":"<p>&nbsp; Kurzpulslaser: Dauer \u2264 nanosekunden (10e-6 sekunden) Eigenschaften: \u2460  Unter Verwendung des mechanischen Schalldruckstrahleffekts von Licht ist eine einzige Emissionsdauer kurz, hohe Energie, Spitzenleistung;  \u2461  Pulsbreite ist in der Regel nicht einstellbar;  \u2462  Kurzpuls wird durch Q-Schalttechnologie realisiert &nbsp; &nbsp; Produktinformationen Mit 7 F\u00fchrungslichtarmen, die [&hellip;]<\/p>","protected":false},"featured_media":2985,"comment_status":"open","ping_status":"closed","template":"","meta":[],"product_cat":[23],"product_tag":[],"class_list":["post-2958","product","type-product","status-publish","has-post-thumbnail","hentry","product_cat-picosecond-laser"],"_links":{"self":[{"href":"https:\/\/www.mlkjlasers.com\/de\/wp-json\/wp\/v2\/product\/2958","targetHints":{"allow":["GET"]}}],"collection":[{"href":"https:\/\/www.mlkjlasers.com\/de\/wp-json\/wp\/v2\/product"}],"about":[{"href":"https:\/\/www.mlkjlasers.com\/de\/wp-json\/wp\/v2\/types\/product"}],"replies":[{"embeddable":true,"href":"https:\/\/www.mlkjlasers.com\/de\/wp-json\/wp\/v2\/comments?post=2958"}],"wp:featuredmedia":[{"embeddable":true,"href":"https:\/\/www.mlkjlasers.com\/de\/wp-json\/wp\/v2\/media\/2985"}],"wp:attachment":[{"href":"https:\/\/www.mlkjlasers.com\/de\/wp-json\/wp\/v2\/media?parent=2958"}],"wp:term":[{"taxonomy":"product_cat","embeddable":true,"href":"https:\/\/www.mlkjlasers.com\/de\/wp-json\/wp\/v2\/product_cat?post=2958"},{"taxonomy":"product_tag","embeddable":true,"href":"https:\/\/www.mlkjlasers.com\/de\/wp-json\/wp\/v2\/product_tag?post=2958"}],"curies":[{"name":"wp","href":"https:\/\/api.w.org\/{rel}","templated":true}]}}