{"id":2998,"date":"2024-03-01T10:09:26","date_gmt":"2024-03-01T02:09:26","guid":{"rendered":"https:\/\/mlkjlasers.com\/?post_type=product&#038;p=2998"},"modified":"2026-01-27T13:53:21","modified_gmt":"2026-01-27T05:53:21","slug":"ems-body-sculpting-machine-body-sculpting-slimming-machine-building-lifting-body-sculpting-slimming-machine","status":"publish","type":"product","link":"https:\/\/www.mlkjlasers.com\/de\/product\/ems-body-sculpting-machine-body-sculpting-slimming-machine-building-lifting-body-sculpting-slimming-machine\/","title":{"rendered":"2026 Body Skulptur Abnehmen Maschine Training Muskel Skulptur Gewichtsverlust Maschine"},"content":{"rendered":"<p><span style=\"font-size: 14pt;\"><img fetchpriority=\"high\" decoding=\"async\" class=\"aligncenter size-full wp-image-3701\" src=\"https:\/\/www.mlkjlasers.com\/wp-content\/uploads\/2026\/01\/pro-1.jpg\" alt=\"\" width=\"1080\" height=\"1080\" \/><\/span><\/p>\n<p><span style=\"font-size: 14pt;\"><b>Muskel aufbauen<\/b><\/span><br \/>\n<span style=\"font-size: 14pt;\">Die Muskeln schrumpfen sich 30.000 Mal mit hoher Frequenz und Intensit\u00e4t, was das Training und die Erh\u00f6hung der Muskeldichte und -volumen erm\u00f6glicht.<\/span><br \/>\n<span style=\"font-size: 14pt;\"><b>Fett reduzieren<\/b><\/span><br \/>\n<span style=\"font-size: 14pt;\">Die endg\u00fcltige Kontraktion der Muskeln erfordert eine gro\u00dfe Menge an Energie, so dass die Fettzellen neben den Muskeln auch verbraucht werden, was zu einer nat\u00fcrlichen Apoptose und einer effektiven Fettverminderung f\u00fchrt.<\/span><br \/>\n<span style=\"font-size: 14pt;\"><b>Muskelskulptur<\/b><\/span><br \/>\n<span style=\"font-size: 14pt;\">\u00dcbung der Bauch- und Glutalmuskeln, Training der schr\u00e4gen Muskeln des Bauches und Form der Meerjungfraulinie.<\/span><\/p>\n<p><span style=\"font-size: 14pt;\"><img decoding=\"async\" class=\"aligncenter size-full wp-image-3706\" src=\"https:\/\/www.mlkjlasers.com\/wp-content\/uploads\/2026\/01\/pro-6.jpg\" alt=\"\" width=\"1080\" height=\"1080\" \/><\/span><\/p>\n<p><span style=\"font-size: 14pt;\">Multi-Mode-Funktionalit\u00e4t &#8211; Verschiedene Intensit\u00e4tsstufen f\u00fcr individuelle Behandlung.<\/span><br \/>\n<span style=\"font-size: 14pt;\">Schnell &amp; amp; Sichtbare Ergebnisse &#8211; F\u00fchlen Sie den Unterschied in nur wenigen Sessions.<\/span><br \/>\n<span style=\"font-size: 14pt;\">Sicher &amp; Nicht-invasiv &#8211; Keine Operation, keine Ausfallzeiten, keine Schmerzen.<\/span><br \/>\n<span style=\"font-size: 14pt;\">Ganzk\u00f6rpernutzung &#8211; Arbeitet auf den Bauchmuskeln, Armen, Oberschenkeln, Hintern und mehr.<\/span><br \/>\n<span style=\"font-size: 14pt;\">Vertikale &amp; Einfach zu bedienen &#8211; Perfekt f\u00fcr den Einsatz in Salons oder Kliniken.<\/span><\/p>\n<p><span style=\"font-size: 14pt;\"><img decoding=\"async\" class=\"aligncenter size-full wp-image-3767\" src=\"https:\/\/www.mlkjlasers.com\/wp-content\/uploads\/2026\/01\/pro-14.jpg\" alt=\"\" width=\"1920\" height=\"1080\" srcset=\"https:\/\/www.mlkjlasers.com\/wp-content\/uploads\/2026\/01\/pro-14.jpg 1920w, https:\/\/www.mlkjlasers.com\/wp-content\/uploads\/2026\/01\/pro-14-300x169.jpg 300w, https:\/\/www.mlkjlasers.com\/wp-content\/uploads\/2026\/01\/pro-14-1024x576.jpg 1024w, https:\/\/www.mlkjlasers.com\/wp-content\/uploads\/2026\/01\/pro-14-768x432.jpg 768w, https:\/\/www.mlkjlasers.com\/wp-content\/uploads\/2026\/01\/pro-14-1536x864.jpg 1536w, https:\/\/www.mlkjlasers.com\/wp-content\/uploads\/2026\/01\/pro-14-18x10.jpg 18w, https:\/\/www.mlkjlasers.com\/wp-content\/uploads\/2026\/01\/pro-14-600x338.jpg 600w\" sizes=\"(max-width: 1920px) 100vw, 1920px\" \/><\/span><\/p>\n<p><span style=\"font-size: 14pt;\">Griff-Anzeige<\/span><\/p>\n<p><span style=\"font-size: 14pt;\"><img loading=\"lazy\" decoding=\"async\" class=\"aligncenter size-full wp-image-3777\" src=\"https:\/\/www.mlkjlasers.com\/wp-content\/uploads\/2026\/01\/pro-25.jpg\" alt=\"\" width=\"1920\" height=\"1080\" srcset=\"https:\/\/www.mlkjlasers.com\/wp-content\/uploads\/2026\/01\/pro-25.jpg 1920w, https:\/\/www.mlkjlasers.com\/wp-content\/uploads\/2026\/01\/pro-25-300x169.jpg 300w, https:\/\/www.mlkjlasers.com\/wp-content\/uploads\/2026\/01\/pro-25-1024x576.jpg 1024w, https:\/\/www.mlkjlasers.com\/wp-content\/uploads\/2026\/01\/pro-25-768x432.jpg 768w, https:\/\/www.mlkjlasers.com\/wp-content\/uploads\/2026\/01\/pro-25-1536x864.jpg 1536w, https:\/\/www.mlkjlasers.com\/wp-content\/uploads\/2026\/01\/pro-25-18x10.jpg 18w, https:\/\/www.mlkjlasers.com\/wp-content\/uploads\/2026\/01\/pro-25-600x338.jpg 600w\" sizes=\"(max-width: 1920px) 100vw, 1920px\" \/><\/span><\/p>\n<p><span style=\"font-size: 14pt;\">Die Maschine verwendet fokussiertes elektromagnetisches Feld mit sicherer Intensit\u00e4t, um durch den K\u00f6rper zu gelangen und mit Motorneuronen zu interagieren. Es wurde entwickelt, um den Muskel kontinuierlich zu stimulieren und zu kontraktieren, was ideal f\u00fcr <b>tiefgreifend neu gestalten<\/b> die innere Struktur des Muskels.<\/span><\/p>\n<p><span style=\"font-size: 14pt;\"><img loading=\"lazy\" decoding=\"async\" class=\"aligncenter size-full wp-image-3776\" src=\"https:\/\/www.mlkjlasers.com\/wp-content\/uploads\/2026\/01\/pro-24.jpg\" alt=\"\" width=\"1920\" height=\"2000\" srcset=\"https:\/\/www.mlkjlasers.com\/wp-content\/uploads\/2026\/01\/pro-24.jpg 1920w, https:\/\/www.mlkjlasers.com\/wp-content\/uploads\/2026\/01\/pro-24-288x300.jpg 288w, https:\/\/www.mlkjlasers.com\/wp-content\/uploads\/2026\/01\/pro-24-983x1024.jpg 983w, https:\/\/www.mlkjlasers.com\/wp-content\/uploads\/2026\/01\/pro-24-768x800.jpg 768w, https:\/\/www.mlkjlasers.com\/wp-content\/uploads\/2026\/01\/pro-24-1475x1536.jpg 1475w, https:\/\/www.mlkjlasers.com\/wp-content\/uploads\/2026\/01\/pro-24-12x12.jpg 12w, https:\/\/www.mlkjlasers.com\/wp-content\/uploads\/2026\/01\/pro-24-600x625.jpg 600w\" sizes=\"(max-width: 1920px) 100vw, 1920px\" \/><\/span><\/p>\n<div><span style=\"font-size: 14pt;\">\u2022 16 Tesla Hochintensive Elektromagnetische Energie <\/span><br \/>\n<span style=\"font-size: 14pt;\">Bis zu 16% Muskelwachstum und 19% Fettverminderung <\/span><br \/>\n<span style=\"font-size: 14pt;\">\u00c4quivalent zu 20.000 Sit-Ups oder 50.000 Muskelkontraktionen pro Sitzung <\/span><br \/>\n<span style=\"font-size: 14pt;\">\u2022 Duale Sculpting-F\u00e4higkeit - Behandlen Sie zwei Bereiche gleichzeitig auf den gleichen oder verschiedenen Personen<\/span><\/div>\n<div><span style=\"font-size: 14pt;\"><img loading=\"lazy\" decoding=\"async\" class=\"aligncenter size-full wp-image-3770\" src=\"https:\/\/www.mlkjlasers.com\/wp-content\/uploads\/2026\/01\/pro-18.jpg\" alt=\"\" width=\"1920\" height=\"2000\" srcset=\"https:\/\/www.mlkjlasers.com\/wp-content\/uploads\/2026\/01\/pro-18.jpg 1920w, https:\/\/www.mlkjlasers.com\/wp-content\/uploads\/2026\/01\/pro-18-288x300.jpg 288w, https:\/\/www.mlkjlasers.com\/wp-content\/uploads\/2026\/01\/pro-18-983x1024.jpg 983w, https:\/\/www.mlkjlasers.com\/wp-content\/uploads\/2026\/01\/pro-18-768x800.jpg 768w, https:\/\/www.mlkjlasers.com\/wp-content\/uploads\/2026\/01\/pro-18-1475x1536.jpg 1475w, https:\/\/www.mlkjlasers.com\/wp-content\/uploads\/2026\/01\/pro-18-12x12.jpg 12w, https:\/\/www.mlkjlasers.com\/wp-content\/uploads\/2026\/01\/pro-18-600x625.jpg 600w\" sizes=\"(max-width: 1920px) 100vw, 1920px\" \/><\/span><\/div>\n<div><span style=\"font-size: 14pt;\">Eigenschaften der Maschine<\/span><br \/>\n<span style=\"font-size: 14pt;\">1. Gutes Ergebnis \u2014<b> 30 Minuten Behandlung = 20000 Workouts<\/b>nach ca. 2-4 Kursen 16% Muskelmasse erh\u00f6hen und 21% Fett reduzieren<\/span><\/p>\n<div><span style=\"font-size: 14pt;\">2.Non-invasive, keine Nebenwirkungen und schmerzlos<\/span><\/div>\n<div><span style=\"font-size: 14pt;\">3.<b> 16 Tesla hohe Intensit\u00e4t<\/b>- bedecken Sie gro\u00dfe Skelettmuskeln und rekonstruieren Sie ihre innere Struktur.<\/span><br \/>\n<span style=\"font-size: 14pt;\">4. 5 magnetische Applikatoren - brechen Fettablagerungen ab und erh\u00f6hen Muskelton und Kraft<\/span><\/div>\n<div><span style=\"font-size: 14pt;\">5. Ziel 5 K\u00f6rperteile - Bauch, Arme, H\u00fcften, Hamstring, Oberschenkel<\/span><\/div>\n<div><span style=\"font-size: 14pt;\">6. Progressives Schritttraining - verbessern Sie das Gef\u00fchl und die Wirkung der tats\u00e4chlichen \u00dcbung<\/span><\/div>\n<\/div>\n<div><span style=\"font-size: 14pt;\"><img loading=\"lazy\" decoding=\"async\" class=\"aligncenter size-full wp-image-3774\" src=\"https:\/\/www.mlkjlasers.com\/wp-content\/uploads\/2026\/01\/pro-22.jpg\" alt=\"\" width=\"1920\" height=\"1080\" srcset=\"https:\/\/www.mlkjlasers.com\/wp-content\/uploads\/2026\/01\/pro-22.jpg 1920w, https:\/\/www.mlkjlasers.com\/wp-content\/uploads\/2026\/01\/pro-22-300x169.jpg 300w, https:\/\/www.mlkjlasers.com\/wp-content\/uploads\/2026\/01\/pro-22-1024x576.jpg 1024w, https:\/\/www.mlkjlasers.com\/wp-content\/uploads\/2026\/01\/pro-22-768x432.jpg 768w, https:\/\/www.mlkjlasers.com\/wp-content\/uploads\/2026\/01\/pro-22-1536x864.jpg 1536w, https:\/\/www.mlkjlasers.com\/wp-content\/uploads\/2026\/01\/pro-22-18x10.jpg 18w, https:\/\/www.mlkjlasers.com\/wp-content\/uploads\/2026\/01\/pro-22-600x338.jpg 600w\" sizes=\"(max-width: 1920px) 100vw, 1920px\" \/><\/span><\/div>\n<div><span style=\"font-size: 14pt;\"><img loading=\"lazy\" decoding=\"async\" class=\"aligncenter size-full wp-image-3766\" src=\"https:\/\/www.mlkjlasers.com\/wp-content\/uploads\/2026\/01\/pro-13.jpg\" alt=\"\" width=\"1080\" height=\"1080\" srcset=\"https:\/\/www.mlkjlasers.com\/wp-content\/uploads\/2026\/01\/pro-13.jpg 1080w, https:\/\/www.mlkjlasers.com\/wp-content\/uploads\/2026\/01\/pro-13-300x300.jpg 300w, https:\/\/www.mlkjlasers.com\/wp-content\/uploads\/2026\/01\/pro-13-1024x1024.jpg 1024w, https:\/\/www.mlkjlasers.com\/wp-content\/uploads\/2026\/01\/pro-13-150x150.jpg 150w, https:\/\/www.mlkjlasers.com\/wp-content\/uploads\/2026\/01\/pro-13-768x768.jpg 768w, https:\/\/www.mlkjlasers.com\/wp-content\/uploads\/2026\/01\/pro-13-12x12.jpg 12w, https:\/\/www.mlkjlasers.com\/wp-content\/uploads\/2026\/01\/pro-13-600x600.jpg 600w, https:\/\/www.mlkjlasers.com\/wp-content\/uploads\/2026\/01\/pro-13-100x100.jpg 100w\" sizes=\"(max-width: 1080px) 100vw, 1080px\" \/><\/span><\/div>\n<div><span style=\"font-size: 14pt;\">Bei der t\u00e4glichen Arbeit, wenn der Griff auf verschiedene Teile verschiedener Kunden wirkt, sind verschiedene Parameter erforderlich. Jeder Griff kann die Parameter unabh\u00e4ngig einstellen und den unterschiedlichen Energiebedarf verschiedener Teile perfekt erf\u00fcllen, wenn Griffe gleichzeitig arbeiten.<\/span><\/div>\n<div><span style=\"font-size: 14pt;\"><img loading=\"lazy\" decoding=\"async\" class=\"aligncenter size-full wp-image-3755\" src=\"https:\/\/www.mlkjlasers.com\/wp-content\/uploads\/2026\/01\/pro-2.jpg\" alt=\"\" width=\"1080\" height=\"1080\" srcset=\"https:\/\/www.mlkjlasers.com\/wp-content\/uploads\/2026\/01\/pro-2.jpg 1080w, https:\/\/www.mlkjlasers.com\/wp-content\/uploads\/2026\/01\/pro-2-300x300.jpg 300w, https:\/\/www.mlkjlasers.com\/wp-content\/uploads\/2026\/01\/pro-2-1024x1024.jpg 1024w, https:\/\/www.mlkjlasers.com\/wp-content\/uploads\/2026\/01\/pro-2-150x150.jpg 150w, https:\/\/www.mlkjlasers.com\/wp-content\/uploads\/2026\/01\/pro-2-768x768.jpg 768w, https:\/\/www.mlkjlasers.com\/wp-content\/uploads\/2026\/01\/pro-2-12x12.jpg 12w, https:\/\/www.mlkjlasers.com\/wp-content\/uploads\/2026\/01\/pro-2-600x600.jpg 600w, https:\/\/www.mlkjlasers.com\/wp-content\/uploads\/2026\/01\/pro-2-100x100.jpg 100w\" sizes=\"(max-width: 1080px) 100vw, 1080px\" \/><\/span><\/div>\n<div><\/div>\n<div><span style=\"font-size: 14pt;\"><img loading=\"lazy\" decoding=\"async\" class=\"aligncenter size-full wp-image-3756\" src=\"https:\/\/www.mlkjlasers.com\/wp-content\/uploads\/2026\/01\/pro-3.jpg\" alt=\"\" width=\"1080\" height=\"1080\" srcset=\"https:\/\/www.mlkjlasers.com\/wp-content\/uploads\/2026\/01\/pro-3.jpg 1080w, https:\/\/www.mlkjlasers.com\/wp-content\/uploads\/2026\/01\/pro-3-300x300.jpg 300w, https:\/\/www.mlkjlasers.com\/wp-content\/uploads\/2026\/01\/pro-3-1024x1024.jpg 1024w, https:\/\/www.mlkjlasers.com\/wp-content\/uploads\/2026\/01\/pro-3-150x150.jpg 150w, https:\/\/www.mlkjlasers.com\/wp-content\/uploads\/2026\/01\/pro-3-768x768.jpg 768w, https:\/\/www.mlkjlasers.com\/wp-content\/uploads\/2026\/01\/pro-3-12x12.jpg 12w, https:\/\/www.mlkjlasers.com\/wp-content\/uploads\/2026\/01\/pro-3-600x600.jpg 600w, https:\/\/www.mlkjlasers.com\/wp-content\/uploads\/2026\/01\/pro-3-100x100.jpg 100w\" sizes=\"(max-width: 1080px) 100vw, 1080px\" \/><\/span><\/div>\n<div>\n<p><span style=\"font-size: 14pt;\"><b>Bildschirm: 14-Zoll High-Definition Touchscreen<\/b><\/span><\/p>\n<div><span style=\"font-size: 14pt;\">\u221a Die Schnittstelle ist klarer<br \/>\n\u221a Der Betrieb ist glatter<br \/>\n\u221a Die Ber\u00fchrung ist komfortabler<\/span><\/div>\n<div><span style=\"font-size: 14pt;\"><img loading=\"lazy\" decoding=\"async\" class=\"aligncenter size-full wp-image-3735\" src=\"https:\/\/www.mlkjlasers.com\/wp-content\/uploads\/2026\/01\/\u4fbf\u643a\u53cc-7.jpg\" alt=\"\" width=\"1920\" height=\"1080\" srcset=\"https:\/\/www.mlkjlasers.com\/wp-content\/uploads\/2026\/01\/\u4fbf\u643a\u53cc-7.jpg 1920w, https:\/\/www.mlkjlasers.com\/wp-content\/uploads\/2026\/01\/\u4fbf\u643a\u53cc-7-300x169.jpg 300w, https:\/\/www.mlkjlasers.com\/wp-content\/uploads\/2026\/01\/\u4fbf\u643a\u53cc-7-1024x576.jpg 1024w, https:\/\/www.mlkjlasers.com\/wp-content\/uploads\/2026\/01\/\u4fbf\u643a\u53cc-7-768x432.jpg 768w, https:\/\/www.mlkjlasers.com\/wp-content\/uploads\/2026\/01\/\u4fbf\u643a\u53cc-7-1536x864.jpg 1536w, https:\/\/www.mlkjlasers.com\/wp-content\/uploads\/2026\/01\/\u4fbf\u643a\u53cc-7-18x10.jpg 18w, https:\/\/www.mlkjlasers.com\/wp-content\/uploads\/2026\/01\/\u4fbf\u643a\u53cc-7-600x338.jpg 600w\" sizes=\"(max-width: 1920px) 100vw, 1920px\" \/><\/span><\/div>\n<div><span style=\"font-size: 14pt;\"><img loading=\"lazy\" decoding=\"async\" class=\"aligncenter size-full wp-image-3775\" src=\"https:\/\/www.mlkjlasers.com\/wp-content\/uploads\/2026\/01\/pro-23.jpg\" alt=\"\" width=\"1920\" height=\"1080\" srcset=\"https:\/\/www.mlkjlasers.com\/wp-content\/uploads\/2026\/01\/pro-23.jpg 1920w, https:\/\/www.mlkjlasers.com\/wp-content\/uploads\/2026\/01\/pro-23-300x169.jpg 300w, https:\/\/www.mlkjlasers.com\/wp-content\/uploads\/2026\/01\/pro-23-1024x576.jpg 1024w, https:\/\/www.mlkjlasers.com\/wp-content\/uploads\/2026\/01\/pro-23-768x432.jpg 768w, https:\/\/www.mlkjlasers.com\/wp-content\/uploads\/2026\/01\/pro-23-1536x864.jpg 1536w, https:\/\/www.mlkjlasers.com\/wp-content\/uploads\/2026\/01\/pro-23-18x10.jpg 18w, https:\/\/www.mlkjlasers.com\/wp-content\/uploads\/2026\/01\/pro-23-600x338.jpg 600w\" sizes=\"(max-width: 1920px) 100vw, 1920px\" \/><\/span><\/div>\n<\/div>\n<div><\/div>\n<div><span style=\"font-size: 14pt;\"><strong><span style=\"color: #0000ff;\"><span class=\"src\" data-group=\"0-0\">Kontaktieren Sie uns! <\/span><span class=\"src\" data-group=\"1-0\">Erfahren Sie mehr. <\/span><\/span><\/strong><\/span><\/div>\n<div><span style=\"font-size: 14pt;\"><strong><span class=\"src\" style=\"color: #0000ff;\" data-group=\"2-0\">Wir sind immer da, um Ihnen zu helfen und Ihnen L\u00f6sungen zu bieten. <\/span><\/strong><\/span><\/div>\n<div><\/div>\n<div><span style=\"font-size: 14pt;\"><strong><span class=\"src\" style=\"color: #0000ff;\" data-group=\"4-0\"> Tel: +86 15965364558 <\/span><\/strong><\/span><\/div>\n<div><span style=\"font-size: 14pt;\"><strong><span class=\"src\" style=\"color: #0000ff;\" data-group=\"5-0\">E-mail: sale@mingliangkj.com<\/span><\/strong><\/span><\/div>\n<div><\/div>","protected":false},"excerpt":{"rendered":"<p>Muskeln aufbauen Muskeln kontraktieren sich 30000 Mal bei hoher Frequenz und Intensit\u00e4t, was das Training und die Erh\u00f6hung der Muskeldichte und -volumen erm\u00f6glicht. Die letzte Kontraktion der Muskeln erfordert eine gro\u00dfe Menge an Energie, so dass die Fettzellen neben den Muskeln auch verbraucht werden, was zu einer nat\u00fcrlichen Apoptose und einer effektiven Fettverminderung f\u00fchrt. Muskelskulptur [&hellip;]<\/p>","protected":false},"featured_media":3765,"comment_status":"open","ping_status":"closed","template":"","meta":[],"product_cat":[28],"product_tag":[],"class_list":["post-2998","product","type-product","status-publish","has-post-thumbnail","hentry","product_cat-slimming-machine"],"_links":{"self":[{"href":"https:\/\/www.mlkjlasers.com\/de\/wp-json\/wp\/v2\/product\/2998","targetHints":{"allow":["GET"]}}],"collection":[{"href":"https:\/\/www.mlkjlasers.com\/de\/wp-json\/wp\/v2\/product"}],"about":[{"href":"https:\/\/www.mlkjlasers.com\/de\/wp-json\/wp\/v2\/types\/product"}],"replies":[{"embeddable":true,"href":"https:\/\/www.mlkjlasers.com\/de\/wp-json\/wp\/v2\/comments?post=2998"}],"wp:featuredmedia":[{"embeddable":true,"href":"https:\/\/www.mlkjlasers.com\/de\/wp-json\/wp\/v2\/media\/3765"}],"wp:attachment":[{"href":"https:\/\/www.mlkjlasers.com\/de\/wp-json\/wp\/v2\/media?parent=2998"}],"wp:term":[{"taxonomy":"product_cat","embeddable":true,"href":"https:\/\/www.mlkjlasers.com\/de\/wp-json\/wp\/v2\/product_cat?post=2998"},{"taxonomy":"product_tag","embeddable":true,"href":"https:\/\/www.mlkjlasers.com\/de\/wp-json\/wp\/v2\/product_tag?post=2998"}],"curies":[{"name":"wp","href":"https:\/\/api.w.org\/{rel}","templated":true}]}}