{"id":3006,"date":"2024-04-01T13:51:19","date_gmt":"2024-04-01T05:51:19","guid":{"rendered":"https:\/\/mlkjlasers.com\/?post_type=product&#038;p=3006"},"modified":"2026-01-20T15:53:26","modified_gmt":"2026-01-20T07:53:26","slug":"mlkj-medical-diode-laser-titanium-double-handle-hair-removal-machine-2-2-2-2","status":"publish","type":"product","link":"https:\/\/www.mlkjlasers.com\/de\/product\/mlkj-medical-diode-laser-titanium-double-handle-hair-removal-machine-2-2-2-2\/","title":{"rendered":"Fabrikpreis! 755nm 808nm 1064nm Laser Haarentfernung Sch\u00f6nheit Maschine1800W Diode Laser Haarentfernung Maschine V29"},"content":{"rendered":"<table style=\"border-collapse: collapse; width: 100%; height: 174px;\">\n<tbody>\n<tr style=\"height: 16px;\">\n<td style=\"width: 44.9553%; height: 16px;\"><span style=\"font-family: helvetica, arial, sans-serif; color: #000000; font-size: 12pt;\">MLKJ Diode Laser Haarentfernung Maschine\u00a0<\/span><\/td>\n<td style=\"width: 55.0447%; height: 16px;\"><span style=\"font-family: helvetica, arial, sans-serif; color: #000000; font-size: 12pt;\">Modellnummer: 4K V29<\/span><\/td>\n<\/tr>\n<tr style=\"height: 24px;\">\n<td style=\"width: 44.9553%; height: 24px;\"><span style=\"font-family: helvetica, arial, sans-serif; color: #000000; font-size: 12pt;\">Wellenl\u00e4nge: 808nm oder 755 808 1064nm<\/span><\/td>\n<td style=\"width: 55.0447%; height: 24px;\"><span style=\"font-family: helvetica, arial, sans-serif; color: #000000; font-size: 12pt;\">Bildschirmgr\u00f6\u00dfe: 14 Zoll 4K Stil Touchscreen<\/span><\/td>\n<\/tr>\n<tr style=\"height: 24px;\">\n<td style=\"width: 44.9553%; height: 24px;\"><span style=\"font-family: helvetica, arial, sans-serif; color: #000000; font-size: 12pt;\">Lebensdauer: 40 Millionen Sch\u00fcsse<\/span><\/td>\n<td style=\"width: 55.0447%; height: 24px;\"><span style=\"font-family: helvetica, arial, sans-serif; color: #000000; font-size: 12pt;\">Pulsdauer: 10-300ms<\/span><\/td>\n<\/tr>\n<tr style=\"height: 24px;\">\n<td style=\"width: 44.9553%; height: 24px;\"><span style=\"font-family: helvetica, arial, sans-serif; color: #000000; font-size: 12pt;\">Laserstreifen: 100w f\u00fcr jedes, Amerika koh\u00e4renter Laserbar<\/span><\/td>\n<td style=\"width: 55.0447%; height: 24px;\"><span style=\"font-family: helvetica, arial, sans-serif; color: #000000; font-size: 12pt;\">Frequenz: 1-10Hz<\/span><\/td>\n<\/tr>\n<tr style=\"height: 24px;\">\n<td style=\"width: 44.9553%; height: 24px;\"><span style=\"font-family: helvetica, arial, sans-serif; color: #000000; font-size: 12pt;\">Stellengr\u00f6\u00dfe: 12x20mm oder 12x35mm Stellengr\u00f6\u00dfe<\/span><\/td>\n<td style=\"width: 55.0447%; height: 24px;\"><span style=\"font-family: helvetica, arial, sans-serif; color: #000000; font-size: 12pt;\">Energie: 1-150J<\/span><\/td>\n<\/tr>\n<tr style=\"height: 24px;\">\n<td style=\"width: 44.9553%; height: 24px;\"><span style=\"font-family: helvetica, arial, sans-serif; color: #000000; font-size: 12pt;\">K\u00fchlsystem: TEC Wasserluft<\/span><\/td>\n<td style=\"width: 55.0447%; height: 24px;\"><span style=\"font-family: helvetica, arial, sans-serif; color: #000000; font-size: 12pt;\">Leistung der Maschine: 3500W<\/span><\/td>\n<\/tr>\n<tr style=\"height: 24px;\">\n<td style=\"width: 44.9553%; height: 24px;\"><span style=\"font-family: helvetica, arial, sans-serif; color: #000000; font-size: 12pt;\">Spannung: AC110V 60HZ \/ AC220V 50HZ<\/span><\/td>\n<td style=\"width: 55.0447%; height: 24px;\"><span style=\"font-family: helvetica, arial, sans-serif; color: #000000; font-size: 12pt;\">Maschinengr\u00f6\u00dfe: 1000mm * 480mm * 5200mm<\/span><\/td>\n<\/tr>\n<tr style=\"height: 14px;\">\n<td style=\"width: 44.9553%; height: 14px;\"><span style=\"font-family: helvetica, arial, sans-serif; color: #000000; font-size: 12pt;\">Verpackung: Aluminiumbox<\/span><\/td>\n<td style=\"width: 55.0447%; height: 14px;\"><span style=\"font-family: helvetica, arial, sans-serif; color: #000000; font-size: 12pt;\">Servicegarantie: 2 Jahre Garantie<\/span><\/td>\n<\/tr>\n<\/tbody>\n<\/table>\n<div><\/div>\n<div><\/div>\n<div><span style=\"font-family: helvetica, arial, sans-serif; color: #000000; font-size: 12pt;\"><img fetchpriority=\"high\" decoding=\"async\" class=\"aligncenter wp-image-3007\" src=\"https:\/\/mlkjlasers.com\/wp-content\/uploads\/2024\/04\/1920X1080-\u6d77\u62a5.jpg\" alt=\"\" width=\"1920\" height=\"1080\" srcset=\"https:\/\/www.mlkjlasers.com\/wp-content\/uploads\/2024\/04\/1920X1080-\u6d77\u62a5.jpg 1920w, https:\/\/www.mlkjlasers.com\/wp-content\/uploads\/2024\/04\/1920X1080-\u6d77\u62a5-300x169.jpg 300w, https:\/\/www.mlkjlasers.com\/wp-content\/uploads\/2024\/04\/1920X1080-\u6d77\u62a5-1024x576.jpg 1024w, https:\/\/www.mlkjlasers.com\/wp-content\/uploads\/2024\/04\/1920X1080-\u6d77\u62a5-768x432.jpg 768w, https:\/\/www.mlkjlasers.com\/wp-content\/uploads\/2024\/04\/1920X1080-\u6d77\u62a5-1536x864.jpg 1536w, https:\/\/www.mlkjlasers.com\/wp-content\/uploads\/2024\/04\/1920X1080-\u6d77\u62a5-600x338.jpg 600w\" sizes=\"(max-width: 1920px) 100vw, 1920px\" \/><\/span><\/div>\n<div><\/div>\n<div><\/div>\n<div><\/div>\n<div><span style=\"color: #000000; font-family: helvetica, arial, sans-serif; font-size: 12pt;\">Wir sind stolz darauf, den modernsten Diodenlasergriff zu pr\u00e4sentieren, eine unvergleichliche L\u00f6sung f\u00fcr schmerzlose und dauerhafte Haarentfernung. Durch sorgf\u00e4ltiges wissenschaftliches Design dringt unser hochenergetischer Laserstrahl m\u00fchelos in die Haut ein und zielt w\u00e4hrend der Behandlung genau auf den Haarfollikel. Durch die Ausnutzung der Kraft der Melaninabsorption l\u00f6scht die Laserleistung effektiv den Haarfollikel aus und garantiert langfristige Ergebnisse, die Sie erstaunt lassen werden.<\/span><\/div>\n<div><\/div>\n<div><span style=\"color: #000000; font-family: helvetica, arial, sans-serif; font-size: 12pt;\"><img decoding=\"async\" class=\"aligncenter wp-image-1831\" src=\"https:\/\/mlkjlasers.com\/wp-content\/uploads\/2023\/07\/V19-\u767d\u8272\u4e3b\u56fe3.jpg\" alt=\"\" width=\"1920\" height=\"1920\" srcset=\"https:\/\/www.mlkjlasers.com\/wp-content\/uploads\/2023\/07\/V19-\u767d\u8272\u4e3b\u56fe3.jpg 750w, https:\/\/www.mlkjlasers.com\/wp-content\/uploads\/2023\/07\/V19-\u767d\u8272\u4e3b\u56fe3-300x300.jpg 300w, https:\/\/www.mlkjlasers.com\/wp-content\/uploads\/2023\/07\/V19-\u767d\u8272\u4e3b\u56fe3-150x150.jpg 150w, https:\/\/www.mlkjlasers.com\/wp-content\/uploads\/2023\/07\/V19-\u767d\u8272\u4e3b\u56fe3-600x600.jpg 600w, https:\/\/www.mlkjlasers.com\/wp-content\/uploads\/2023\/07\/V19-\u767d\u8272\u4e3b\u56fe3-100x100.jpg 100w\" sizes=\"(max-width: 1920px) 100vw, 1920px\" \/><\/span><\/div>\n<div><\/div>\n<p><span style=\"font-family: helvetica, arial, sans-serif;\">Eines der wichtigsten Merkmale, die unsere Technologie unterscheiden, ist die Verwendung einer Laserpulsbreite, die k\u00fcrzer ist als der menschliche K\u00f6rper. Zeit f\u00fchlen. Dies bedeutet, dass die Behandlung schnell ist, und mit jedem Lichtschuss, der in einem Augenblick vorbei ist, werden Sie &#8217; Ich werde kaum irgendein Unbehagen bemerken. Ja, Sie haben das richtig gelesen \u2013 schmerzlose Haarentfernung ist jetzt eine Realit\u00e4t, die die Art und Weise revolutioniert, wie wir kosmetische Behandlungen behandeln und den Komfort unserer Kunden verbessern.<\/span><\/p>\n<p><span style=\"font-family: helvetica, arial, sans-serif;\">Diodenlasergriff ist mit Vielseitigkeit im Auge gestaltet. Es kann Haare verschiedener Farben, Dicken und Farbt\u00f6ne effektiv entfernen, was es zur perfekten L\u00f6sung f\u00fcr eine Vielzahl von Hauttypen und Haarentfernungsbed\u00fcrfnissen macht. Unser einzigartiger Laserkopf, der Innovation im Kern hat, verf\u00fcgt \u00fcber eine gr\u00f6\u00dfere Oberfl\u00e4che und erm\u00f6glicht eine 40% schnellere Haarentfernung im Vergleich zu anderen Technologien auf dem Markt.<\/span><\/p>\n<p><span style=\"font-family: helvetica, arial, sans-serif;\">\u00a0<\/span><\/p>\n<p><span style=\"font-family: helvetica, arial, sans-serif;\"><img decoding=\"async\" class=\"aligncenter wp-image-1847\" src=\"https:\/\/mlkjlasers.com\/wp-content\/uploads\/2023\/07\/V26-\u6d77\u62a51200_02.jpg\" alt=\"\" width=\"1920\" height=\"973\" srcset=\"https:\/\/www.mlkjlasers.com\/wp-content\/uploads\/2023\/07\/V26-\u6d77\u62a51200_02.jpg 1200w, https:\/\/www.mlkjlasers.com\/wp-content\/uploads\/2023\/07\/V26-\u6d77\u62a51200_02-300x152.jpg 300w, https:\/\/www.mlkjlasers.com\/wp-content\/uploads\/2023\/07\/V26-\u6d77\u62a51200_02-1024x519.jpg 1024w, https:\/\/www.mlkjlasers.com\/wp-content\/uploads\/2023\/07\/V26-\u6d77\u62a51200_02-768x389.jpg 768w, https:\/\/www.mlkjlasers.com\/wp-content\/uploads\/2023\/07\/V26-\u6d77\u62a51200_02-600x304.jpg 600w\" sizes=\"(max-width: 1920px) 100vw, 1920px\" \/><\/span><\/p>\n<p>&nbsp;<\/p>\n<p><span style=\"font-family: helvetica, arial, sans-serif;\">Die Stellengr\u00f6\u00dfe ist 12 * 20mm 12 * 35mm, perfekt f\u00fcr die Haarentfernung an allen Teilen des K\u00f6rpers, mit einem Behandlungsplan von 3-5 Sitzungen, was den Prozess im Wesentlichen dauerhaft macht<\/span><\/p>\n<p>&nbsp;<\/p>\n<p><span style=\"font-family: helvetica, arial, sans-serif; font-size: 14pt;\"><strong>K\u00fchltechnik<\/strong><\/span><br \/>\n<span style=\"font-family: helvetica, arial, sans-serif;\">Diese Maschinen verwenden fortschrittliche K\u00fchltechnik und arbeiten bei einer niedrigen Temperatur von -31 \u00b0 C, was den Patienten einen unvergleichlichen Komfort w\u00e4hrend der Haarentfernung bietet. Sobald das Ger\u00e4t eingeschaltet ist, bietet es eine sofortige K\u00fchlung, die ein schmerzloses Erlebnis gew\u00e4hrleistet. Dar\u00fcber hinaus minimiert die kontinuierliche K\u00fchlung w\u00e4hrend der gesamten Behandlung m\u00f6gliche Hautrisiken und beh\u00e4lt gleichzeitig die W\u00e4rme effektiv. Die Patienten k\u00f6nnen nun ein v\u00f6llig schmerzloses, k\u00fchles, komfortables Verfahren genie\u00dfen, das einen neuen Standard f\u00fcr die Haarentfernungsbehandlung setzt.<\/span><\/p>\n<p>&nbsp;<\/p>\n<p><span style=\"font-family: helvetica, arial, sans-serif;\"><img loading=\"lazy\" decoding=\"async\" class=\"aligncenter wp-image-1823\" src=\"https:\/\/mlkjlasers.com\/wp-content\/uploads\/2023\/07\/\u767d\u8272V19_06.jpg\" alt=\"\" width=\"1920\" height=\"1024\" srcset=\"https:\/\/www.mlkjlasers.com\/wp-content\/uploads\/2023\/07\/\u767d\u8272V19_06.jpg 1200w, https:\/\/www.mlkjlasers.com\/wp-content\/uploads\/2023\/07\/\u767d\u8272V19_06-300x160.jpg 300w, https:\/\/www.mlkjlasers.com\/wp-content\/uploads\/2023\/07\/\u767d\u8272V19_06-1024x546.jpg 1024w, https:\/\/www.mlkjlasers.com\/wp-content\/uploads\/2023\/07\/\u767d\u8272V19_06-768x410.jpg 768w, https:\/\/www.mlkjlasers.com\/wp-content\/uploads\/2023\/07\/\u767d\u8272V19_06-600x320.jpg 600w\" sizes=\"(max-width: 1920px) 100vw, 1920px\" \/><\/span><\/p>\n<p>&nbsp;<\/p>\n<p><span style=\"font-family: helvetica, arial, sans-serif; font-size: 14pt;\"><strong>Intensive Behandlungsm\u00f6glichkeiten<\/strong><\/span><\/p>\n<p><span style=\"font-family: helvetica, arial, sans-serif;\">Neben einer umfassenden Haarentfernungsl\u00f6sung f\u00fcr alle K\u00f6rperteile k\u00f6nnen diese innovativen Maschinen auch mit Nasenhaarbehandlungsk\u00f6pfen gepaart werden. <\/span><\/p>\n<p><span style=\"font-family: helvetica, arial, sans-serif;\">Diese Funktion erm\u00f6glicht es Praktizierenden, selbst mit den kleinsten Bereichen wie Fingern, Ohren und Nasenhaar zu arbeiten, was den Umfang ihrer Dienstleistungen erweitert.<\/span><\/p>\n<p>&nbsp;<\/p>\n<p><span style=\"font-family: helvetica, arial, sans-serif;\"> <img loading=\"lazy\" decoding=\"async\" class=\"aligncenter wp-image-1820\" src=\"https:\/\/mlkjlasers.com\/wp-content\/uploads\/2023\/07\/\u767d\u8272V19_09.jpg\" alt=\"\" width=\"1920\" height=\"1176\" srcset=\"https:\/\/www.mlkjlasers.com\/wp-content\/uploads\/2023\/07\/\u767d\u8272V19_09.jpg 1200w, https:\/\/www.mlkjlasers.com\/wp-content\/uploads\/2023\/07\/\u767d\u8272V19_09-300x184.jpg 300w, https:\/\/www.mlkjlasers.com\/wp-content\/uploads\/2023\/07\/\u767d\u8272V19_09-1024x627.jpg 1024w, https:\/\/www.mlkjlasers.com\/wp-content\/uploads\/2023\/07\/\u767d\u8272V19_09-768x470.jpg 768w, https:\/\/www.mlkjlasers.com\/wp-content\/uploads\/2023\/07\/\u767d\u8272V19_09-600x368.jpg 600w\" sizes=\"(max-width: 1920px) 100vw, 1920px\" \/><\/span><\/p>\n<p><img loading=\"lazy\" decoding=\"async\" class=\"aligncenter wp-image-3008\" src=\"https:\/\/mlkjlasers.com\/wp-content\/uploads\/2024\/04\/\u624b\u67c4\u53ca\u6548\u679c-2.jpg\" alt=\"\" width=\"1920\" height=\"1920\" srcset=\"https:\/\/www.mlkjlasers.com\/wp-content\/uploads\/2024\/04\/\u624b\u67c4\u53ca\u6548\u679c-2.jpg 750w, https:\/\/www.mlkjlasers.com\/wp-content\/uploads\/2024\/04\/\u624b\u67c4\u53ca\u6548\u679c-2-300x300.jpg 300w, https:\/\/www.mlkjlasers.com\/wp-content\/uploads\/2024\/04\/\u624b\u67c4\u53ca\u6548\u679c-2-150x150.jpg 150w, https:\/\/www.mlkjlasers.com\/wp-content\/uploads\/2024\/04\/\u624b\u67c4\u53ca\u6548\u679c-2-600x600.jpg 600w, https:\/\/www.mlkjlasers.com\/wp-content\/uploads\/2024\/04\/\u624b\u67c4\u53ca\u6548\u679c-2-100x100.jpg 100w\" sizes=\"(max-width: 1920px) 100vw, 1920px\" \/><\/p>\n<p>&nbsp;<\/p>\n<p><span style=\"font-family: helvetica, arial, sans-serif; font-size: 14pt;\"><strong>Neben den modernsten Funktionen verf\u00fcgt unser Diodenlasergriff \u00fcber einen 14-Zoll-Bildschirm, der ein intelligentes Ber\u00fchrungserlebnis bietet.<\/strong> <\/span><\/p>\n<p><span style=\"font-family: helvetica, arial, sans-serif;\">Es ist sehr anpassbar, mit sechs verschiedenen Hautstilen zur Auswahl, die den vielf\u00e4ltigen Pr\u00e4ferenzen unserer Benutzer gerecht werden. <\/span><\/p>\n<p><span style=\"font-family: helvetica, arial, sans-serif;\">Die Bedienung des Ger\u00e4ts ist einfach, und wir bieten umfassende Bedienungsf\u00e4higkeiten und Unterrichtsdienste, um sicherzustellen, dass Sie das Beste aus dieser bemerkenswerten Technologie herausholen.<\/span><\/p>\n<p><span style=\"font-family: helvetica, arial, sans-serif;\"> <img loading=\"lazy\" decoding=\"async\" class=\"aligncenter wp-image-1824\" src=\"https:\/\/mlkjlasers.com\/wp-content\/uploads\/2023\/07\/\u767d\u8272V19_05.jpg\" alt=\"\" width=\"1920\" height=\"955\" srcset=\"https:\/\/www.mlkjlasers.com\/wp-content\/uploads\/2023\/07\/\u767d\u8272V19_05.jpg 1200w, https:\/\/www.mlkjlasers.com\/wp-content\/uploads\/2023\/07\/\u767d\u8272V19_05-300x149.jpg 300w, https:\/\/www.mlkjlasers.com\/wp-content\/uploads\/2023\/07\/\u767d\u8272V19_05-1024x509.jpg 1024w, https:\/\/www.mlkjlasers.com\/wp-content\/uploads\/2023\/07\/\u767d\u8272V19_05-768x382.jpg 768w, https:\/\/www.mlkjlasers.com\/wp-content\/uploads\/2023\/07\/\u767d\u8272V19_05-600x299.jpg 600w\" sizes=\"(max-width: 1920px) 100vw, 1920px\" \/><\/span><\/p>\n<p>&nbsp;<\/p>\n<div class=\"des_detail\">\n<p><strong><span style=\"font-family: helvetica, arial, sans-serif;\">MLKJ ist ein 16-j\u00e4hriges Unternehmen, das Design, Entwicklung, Produktion und Vertrieb von Sch\u00f6nheitsinstrumenten integriert. <\/span><\/strong><\/p>\n<p><strong><span style=\"font-family: helvetica, arial, sans-serif;\">Wir haben FDA und CE professionelle Zertifizierungen.<\/span><\/strong><\/p>\n<p><strong><span style=\"font-family: helvetica, arial, sans-serif;\">Echte Fabrik, wirklicher Produktionsprozess, wirkliche Bewertung! <\/span><\/strong><\/p>\n<p><strong><span style=\"font-family: helvetica, arial, sans-serif;\">Willkommen bei unserem Unternehmen oder Videobesuch! <\/span><\/strong><\/p>\n<p><strong><span style=\"font-family: helvetica, arial, sans-serif;\">Nur wenn Sie einen echten Partner w\u00e4hlen, kann die Produktqualit\u00e4t garantiert werden!<\/span><\/strong><\/p>\n<p><span style=\"font-size: 18pt; font-family: helvetica, arial, sans-serif; color: #0000ff;\"><a style=\"color: #0000ff;\" href=\"https:\/\/www.mlkjlasers.com\/de\/contact-us\/\" target=\"_blank\" rel=\"noopener\">Kontaktieren Sie uns jetzt!<\/a><\/span><\/p>\n<p>&nbsp;<\/p>\n<\/div>","protected":false},"excerpt":{"rendered":"<p><span style=\"font-family: helvetica, arial, sans-serif;\">3 Wellen Diodenlaser 808nm 755nm 1064nm, alle Hauttyp k\u00f6nnen verwendet werden<\/span><\/p>\n<p><span style=\"font-family: helvetica, arial, sans-serif;\">Einzigartiges Dual-TEC-K\u00fchlsystem, am effektivsten, um Maschinenarbeit zu gew\u00e4hrleisten, 24h keine Ausfallzeit<\/span><\/p>\n<p><span style=\"font-family: helvetica, arial, sans-serif;\">Goldene Laserstangen aus Deutschland oder USA importiert<\/span><\/p>\n<p><span style=\"font-family: helvetica, arial, sans-serif;\">40.000.000 l\u00e4ngere Lebensdauer Behandlung f\u00fcr schnelle und schmerzlose Haarentfernung<\/span><\/p>\n<p><span style=\"font-family: helvetica, arial, sans-serif;\">Dauerhafte Haarentfernung nach 3-5 Behandlungen<\/span><\/p>","protected":false},"featured_media":3011,"comment_status":"open","ping_status":"closed","template":"","meta":[],"product_cat":[15],"product_tag":[],"class_list":["post-3006","product","type-product","status-publish","has-post-thumbnail","hentry","product_cat-diode-laser-hair-removal-machine"],"_links":{"self":[{"href":"https:\/\/www.mlkjlasers.com\/de\/wp-json\/wp\/v2\/product\/3006","targetHints":{"allow":["GET"]}}],"collection":[{"href":"https:\/\/www.mlkjlasers.com\/de\/wp-json\/wp\/v2\/product"}],"about":[{"href":"https:\/\/www.mlkjlasers.com\/de\/wp-json\/wp\/v2\/types\/product"}],"replies":[{"embeddable":true,"href":"https:\/\/www.mlkjlasers.com\/de\/wp-json\/wp\/v2\/comments?post=3006"}],"wp:featuredmedia":[{"embeddable":true,"href":"https:\/\/www.mlkjlasers.com\/de\/wp-json\/wp\/v2\/media\/3011"}],"wp:attachment":[{"href":"https:\/\/www.mlkjlasers.com\/de\/wp-json\/wp\/v2\/media?parent=3006"}],"wp:term":[{"taxonomy":"product_cat","embeddable":true,"href":"https:\/\/www.mlkjlasers.com\/de\/wp-json\/wp\/v2\/product_cat?post=3006"},{"taxonomy":"product_tag","embeddable":true,"href":"https:\/\/www.mlkjlasers.com\/de\/wp-json\/wp\/v2\/product_tag?post=3006"}],"curies":[{"name":"wp","href":"https:\/\/api.w.org\/{rel}","templated":true}]}}