{"id":3323,"date":"2026-01-06T10:13:24","date_gmt":"2026-01-06T02:13:24","guid":{"rendered":"https:\/\/www.mlkjlasers.com\/?post_type=product&#038;p=3323"},"modified":"2026-02-24T09:45:38","modified_gmt":"2026-02-24T01:45:38","slug":"2026-professional-three-wavelengths-755-808-1064-diode-laser-hair-removal-machine","status":"publish","type":"product","link":"https:\/\/www.mlkjlasers.com\/de\/product\/2026-professional-three-wavelengths-755-808-1064-diode-laser-hair-removal-machine\/","title":{"rendered":"2026 Professionelle drei Wellenl\u00e4ngen 755 808 1064 Diode Laser Haarentfernungsmaschine"},"content":{"rendered":"<p><img fetchpriority=\"high\" decoding=\"async\" class=\"aligncenter size-full wp-image-3319\" src=\"https:\/\/www.mlkjlasers.com\/wp-content\/uploads\/2026\/01\/laser-equipment-1-1.jpg\" alt=\"\" width=\"1920\" height=\"1080\" srcset=\"https:\/\/www.mlkjlasers.com\/wp-content\/uploads\/2026\/01\/laser-equipment-1-1.jpg 1920w, https:\/\/www.mlkjlasers.com\/wp-content\/uploads\/2026\/01\/laser-equipment-1-1-300x169.jpg 300w, https:\/\/www.mlkjlasers.com\/wp-content\/uploads\/2026\/01\/laser-equipment-1-1-1024x576.jpg 1024w, https:\/\/www.mlkjlasers.com\/wp-content\/uploads\/2026\/01\/laser-equipment-1-1-768x432.jpg 768w, https:\/\/www.mlkjlasers.com\/wp-content\/uploads\/2026\/01\/laser-equipment-1-1-1536x864.jpg 1536w, https:\/\/www.mlkjlasers.com\/wp-content\/uploads\/2026\/01\/laser-equipment-1-1-600x338.jpg 600w\" sizes=\"(max-width: 1920px) 100vw, 1920px\" \/><\/p>\n<div><span style=\"font-size: 18pt; font-weight: bold;\">Vorteile gegen\u00fcber anderen Lasern<\/span><\/div>\n<div><span style=\"font-size: 14pt;\">1) <span style=\"font-weight: bold; color: #993366;\">808nm Diodenlaser <\/span>erm\u00f6glicht es dem Licht, tiefer in die Haut einzudringen und ist <span style=\"color: #993366; font-weight: bold;\">sicherer <\/span>als andere Laser, weil es das Melaninpigment in der Haut vermeiden kann&#8217; Epidermis. <\/span><\/div>\n<div class=\"br-block\"><span style=\"font-size: 14pt;\">2) 1-10Hz schnelle Frequenz kombiniert mit einer 12x20mm Punktgr\u00f6\u00dfe f\u00fcr schnellere, nahtlose und effektive Ergebnisse, <span style=\"font-weight: bold; color: #993366;\">schnelle Haarentfernung <\/span>f\u00fcr die Behandlung gro\u00dfer Fl\u00e4chen.<\/span><\/div>\n<div class=\"br-block\"><span style=\"font-size: 14pt;\">3) Die 2000W Maschinenleistung kann arbeiten\u00a0<span style=\"color: #993366; font-weight: bold;\">kontinuierlich f\u00fcr 24 Stunden<\/span> Unterbrechungsfrei, stabiler Betrieb in belebten Kliniken und Salons, um eine optimale Behandlungseffizienz zu gew\u00e4hrleisten.<\/span><\/div>\n<div class=\"br-block\"><span style=\"font-size: 14pt;\">4) Wir k\u00f6nnen es f\u00fcr\u00a0<span style=\"font-weight: bold; color: #993366;\">dauerhafte Haarentfernung<\/span> von allen farbigen Haaren auf allen 6 Hauttypen, einschlie\u00dflich gebr\u00e4unter Haut. <\/span><\/div>\n<div class=\"br-block\"><span style=\"font-size: 14pt;\">5) Benutzerfreundliches Datenbanksystem, das in der Lage ist, Behandlungen in m\u00e4nnlichen und weiblichen Modi durchzuf\u00fchren, einschlie\u00dflich verschiedener K\u00f6rperteile, die sicherstellen\u00a0<span style=\"font-weight: bold; color: #993366;\">sicher<\/span> Parameter f\u00fcr Neulinge.<\/span><\/div>\n<div><img decoding=\"async\" class=\"aligncenter size-full wp-image-3316\" src=\"https:\/\/www.mlkjlasers.com\/wp-content\/uploads\/2026\/01\/laser-equipment-7-1.jpg\" alt=\"\" width=\"1920\" height=\"1080\" srcset=\"https:\/\/www.mlkjlasers.com\/wp-content\/uploads\/2026\/01\/laser-equipment-7-1.jpg 1920w, https:\/\/www.mlkjlasers.com\/wp-content\/uploads\/2026\/01\/laser-equipment-7-1-300x169.jpg 300w, https:\/\/www.mlkjlasers.com\/wp-content\/uploads\/2026\/01\/laser-equipment-7-1-1024x576.jpg 1024w, https:\/\/www.mlkjlasers.com\/wp-content\/uploads\/2026\/01\/laser-equipment-7-1-768x432.jpg 768w, https:\/\/www.mlkjlasers.com\/wp-content\/uploads\/2026\/01\/laser-equipment-7-1-1536x864.jpg 1536w, https:\/\/www.mlkjlasers.com\/wp-content\/uploads\/2026\/01\/laser-equipment-7-1-600x338.jpg 600w\" sizes=\"(max-width: 1920px) 100vw, 1920px\" \/><\/div>\n<div>\n<div class=\"br-block\"><span style=\"font-size: 16px;\"><span style=\"font-size: 18pt; font-weight: bold;\">TEC K\u00fchlsystem<\/span><br \/>\n<span style=\"font-size: 14pt;\">1) Luftk\u00fchlung Wasserk\u00fchlung hohe Leistung Halbleiter thermostatischer K\u00fchlschrank Griff TEC-Chip: -15 \u2103 zu 5 \u2103.\u00a0<\/span><\/span><\/div>\n<div class=\"br-block\"><span style=\"font-size: 14pt;\">2) Das K\u00fchlsystem macht die Behandlung nicht nur schmerzlos und sehr komfortabel f\u00fcr Kunden, sondern stellt auch sicher, dass die Maschine kontinuierlich 24 Stunden am Tag arbeitet.<\/span><\/div>\n<div class=\"br-block\"><span style=\"font-size: 14pt;\">3) TEC K\u00fchlsystem h\u00e4lt die Wassertemperatur bei einer konstanten 26\u00baC-28\u00baC konsequent.<\/span><\/div>\n<div><img decoding=\"async\" class=\"aligncenter size-full wp-image-3315\" src=\"https:\/\/www.mlkjlasers.com\/wp-content\/uploads\/2026\/01\/laser-equipment-6-1.jpg\" alt=\"\" width=\"1920\" height=\"1080\" srcset=\"https:\/\/www.mlkjlasers.com\/wp-content\/uploads\/2026\/01\/laser-equipment-6-1.jpg 1920w, https:\/\/www.mlkjlasers.com\/wp-content\/uploads\/2026\/01\/laser-equipment-6-1-300x169.jpg 300w, https:\/\/www.mlkjlasers.com\/wp-content\/uploads\/2026\/01\/laser-equipment-6-1-1024x576.jpg 1024w, https:\/\/www.mlkjlasers.com\/wp-content\/uploads\/2026\/01\/laser-equipment-6-1-768x432.jpg 768w, https:\/\/www.mlkjlasers.com\/wp-content\/uploads\/2026\/01\/laser-equipment-6-1-1536x864.jpg 1536w, https:\/\/www.mlkjlasers.com\/wp-content\/uploads\/2026\/01\/laser-equipment-6-1-600x338.jpg 600w\" sizes=\"(max-width: 1920px) 100vw, 1920px\" \/><\/div>\n<div>\n<div class=\"br-block\"><span style=\"font-size: 16px;\"><span style=\"font-size: 18pt; font-weight: bold;\">14-Zoll HD-Bildschirm<\/span><br \/>\n<span style=\"font-size: 14pt;\">1) Passen Sie Ihre Erfahrung an: Auf dem Bildschirm k\u00f6nnen Sie Ihr eigenes einzigartiges Logo m\u00fchelos hinzuf\u00fcgen.<\/span><br \/>\n<span style=\"font-size: 14pt;\">2) Mehrsprachige Unterst\u00fctzung: Bildschirm verf\u00fcgbar mit 10 verschiedenen Sprachen f\u00fcr globale Anpassungsf\u00e4higkeit.<\/span><br \/>\n<span style=\"font-size: 14pt;\">3) Auswahlbare Behandlungsbereiche: W\u00e4hlen Sie mit einem Knopfdruck aus verschiedenen K\u00f6rperteilen, um sofort Ihre personalisierte Behandlung zu beginnen!<\/span><\/span><\/div>\n<div><img loading=\"lazy\" decoding=\"async\" class=\"aligncenter size-full wp-image-3313\" src=\"https:\/\/www.mlkjlasers.com\/wp-content\/uploads\/2026\/01\/laser-equipment-4-1.jpg\" alt=\"\" width=\"1920\" height=\"1080\" srcset=\"https:\/\/www.mlkjlasers.com\/wp-content\/uploads\/2026\/01\/laser-equipment-4-1.jpg 1920w, https:\/\/www.mlkjlasers.com\/wp-content\/uploads\/2026\/01\/laser-equipment-4-1-300x169.jpg 300w, https:\/\/www.mlkjlasers.com\/wp-content\/uploads\/2026\/01\/laser-equipment-4-1-1024x576.jpg 1024w, https:\/\/www.mlkjlasers.com\/wp-content\/uploads\/2026\/01\/laser-equipment-4-1-768x432.jpg 768w, https:\/\/www.mlkjlasers.com\/wp-content\/uploads\/2026\/01\/laser-equipment-4-1-1536x864.jpg 1536w, https:\/\/www.mlkjlasers.com\/wp-content\/uploads\/2026\/01\/laser-equipment-4-1-600x338.jpg 600w\" sizes=\"(max-width: 1920px) 100vw, 1920px\" \/><\/div>\n<div>\n<div><span style=\"font-size: 18pt; font-weight: bold;\">Hochleistungsgriff<\/span><br \/>\n<span style=\"font-size: 14pt;\">1) 90% Ersatzteile von Handst\u00fcck sind Ursprung importiert aus Deutschland, USA und Japan, sichern Maschine stabile Leistung, erstaunliche Ergebnisse und lange Zeit arbeiten.\u00a0<\/span><br \/>\n<span style=\"font-size: 14pt;\">2) Perfektes K\u00fchlsystem&#8212; die Saphirtemperatur k\u00fchlt 0 ~ 3 \u00b0 C ab, f\u00fchlen sich die Kunden w\u00e4hrend der gesamten Behandlung komfortabel und schmerzlos.\u00a0<\/span><br \/>\n<span style=\"font-size: 14pt;\">3) Einfaches und freundliches Behandlungsmen\u00fc und automatisches Alarmschutzsystem von Wasserstrom, Wasserstand und Wassertemperatur auf dem Men\u00fc.<\/span><\/div>\n<\/div>\n<\/div>\n<div><\/div>\n<\/div>\n<div><img loading=\"lazy\" decoding=\"async\" class=\"aligncenter size-full wp-image-3311\" src=\"https:\/\/www.mlkjlasers.com\/wp-content\/uploads\/2026\/01\/laser-equipment-2-1.jpg\" alt=\"\" width=\"1920\" height=\"1080\" srcset=\"https:\/\/www.mlkjlasers.com\/wp-content\/uploads\/2026\/01\/laser-equipment-2-1.jpg 1920w, https:\/\/www.mlkjlasers.com\/wp-content\/uploads\/2026\/01\/laser-equipment-2-1-300x169.jpg 300w, https:\/\/www.mlkjlasers.com\/wp-content\/uploads\/2026\/01\/laser-equipment-2-1-1024x576.jpg 1024w, https:\/\/www.mlkjlasers.com\/wp-content\/uploads\/2026\/01\/laser-equipment-2-1-768x432.jpg 768w, https:\/\/www.mlkjlasers.com\/wp-content\/uploads\/2026\/01\/laser-equipment-2-1-1536x864.jpg 1536w, https:\/\/www.mlkjlasers.com\/wp-content\/uploads\/2026\/01\/laser-equipment-2-1-600x338.jpg 600w\" sizes=\"(max-width: 1920px) 100vw, 1920px\" \/><\/div>\n<div><\/div>\n<div>\n<div><span style=\"font-size: 18pt;\"><strong>Handgriff Details<\/strong><\/span><\/div>\n<div><span style=\"font-size: 14pt;\"><span style=\"font-weight: bold;\">Alex 755nm<\/span>F\u00fcr blondes und feines Haar, diese anspruchsvollen Typen mit Leichtigkeit und Feinheit anzugehen. Speziell entwickelt, um die einzigartigen Herausforderungen von blondem und feinem Haar anzugehen, sorgt unser 755nm Laser f\u00fcr sp\u00fcrbare Ergebnisse.<\/span><\/div>\n<div class=\"br-block\"><\/div>\n<div class=\"br-block\"><span style=\"font-size: 14pt;\"><span style=\"font-weight: bold;\">Schnelle Geschwindigkeit 808nm<\/span>: Die goldene Standardwellenl\u00e4nge, perfekt geeignet f\u00fcr die Entfernung von Haaren aller Arten und Texturen, die unterschiedlichen Haarentfernungsbed\u00fcrfnissen gerecht werden.<\/span><\/div>\n<div class=\"br-block\"><span style=\"font-size: 14pt;\"><span style=\"font-weight: bold;\">Langer Puls 1064nm<\/span>Mit dem Fokus auf tiefere Penetration ist diese Wellenl\u00e4nge f\u00fcr dunkle und gebr\u00e4unte Haut entwickelt und bietet sichere und effektive Behandlungen f\u00fcr eine breitere Palette von Hautt\u00f6nen. Dunkle und gebr\u00e4unte Haut.<\/span><\/div>\n<\/div>\n<div><img loading=\"lazy\" decoding=\"async\" class=\"aligncenter size-full wp-image-3317\" src=\"https:\/\/www.mlkjlasers.com\/wp-content\/uploads\/2026\/01\/laser-equipment-8-1.jpg\" alt=\"\" width=\"1920\" height=\"1080\" srcset=\"https:\/\/www.mlkjlasers.com\/wp-content\/uploads\/2026\/01\/laser-equipment-8-1.jpg 1920w, https:\/\/www.mlkjlasers.com\/wp-content\/uploads\/2026\/01\/laser-equipment-8-1-300x169.jpg 300w, https:\/\/www.mlkjlasers.com\/wp-content\/uploads\/2026\/01\/laser-equipment-8-1-1024x576.jpg 1024w, https:\/\/www.mlkjlasers.com\/wp-content\/uploads\/2026\/01\/laser-equipment-8-1-768x432.jpg 768w, https:\/\/www.mlkjlasers.com\/wp-content\/uploads\/2026\/01\/laser-equipment-8-1-1536x864.jpg 1536w, https:\/\/www.mlkjlasers.com\/wp-content\/uploads\/2026\/01\/laser-equipment-8-1-600x338.jpg 600w\" sizes=\"(max-width: 1920px) 100vw, 1920px\" \/><\/div>\n<div>\n<div><span style=\"font-weight: bold; font-size: 18pt;\">Riesiger Vorteil<\/span><\/div>\n<div><span style=\"font-size: 14pt;\">&gt; &gt; Intelligente Hautfarbererkennung &#8211; Die Hautfarbe entspricht automatisch der Energie und verringert das Verbrennungsrisiko.<\/span><br \/>\n<span style=\"font-size: 14pt;\">&gt; &gt; 10 Millionen Laserlebenszeiten &#8211; berechnet auf der Grundlage der gesamten K\u00f6rperbehandlung, kann 300 Kunden bedienen.<\/span><br \/>\n<span style=\"font-size: 14pt;\">&gt; &gt; High-Definition-Touchscreen, unterst\u00fctzt einen Klick-Wechsel von Sprachschnittstellen in verschiedenen L\u00e4ndern.<\/span><br \/>\n<span style=\"font-size: 14pt;\">&gt; &gt; Leichtes Griffdesign, Griff f\u00fcr 30 Minuten ohne Schmerzen.<\/span><br \/>\n<span style=\"font-size: 14pt;\">&gt; &gt; Die gesamte Maschine hat FDA, CE, ISO und andere Zertifizierungen bestanden und wird ohne Hindernisse in 72 L\u00e4nder exportiert.<\/span><\/div>\n<div class=\"br-block\"><span style=\"font-size: 14pt;\">&gt; &gt; 1000W 1200w erm\u00f6glicht eine umfassende Haarentfernung im gesamten K\u00f6rper.<br \/>\n&gt; &gt; 755nm\/808nm\/1064nm exquisite dreifache Wellenl\u00e4ngen.<br \/>\n&gt; &gt; Beeindruckende Langlebigkeit, mit einer Lebensdauer von \u00fcber 40 Millionen Aufnahmen.<br \/>\n&gt; &gt; Italien Wasserpumpe, die einen kontinuierlichen Betrieb f\u00fcr 24 Stunden ohne Unterbrechung gew\u00e4hrleistet.<\/span><\/div>\n<div><img loading=\"lazy\" decoding=\"async\" class=\"aligncenter size-full wp-image-3312\" src=\"https:\/\/www.mlkjlasers.com\/wp-content\/uploads\/2026\/01\/laser-equipment-3-1.jpg\" alt=\"\" width=\"1920\" height=\"1080\" srcset=\"https:\/\/www.mlkjlasers.com\/wp-content\/uploads\/2026\/01\/laser-equipment-3-1.jpg 1920w, https:\/\/www.mlkjlasers.com\/wp-content\/uploads\/2026\/01\/laser-equipment-3-1-300x169.jpg 300w, https:\/\/www.mlkjlasers.com\/wp-content\/uploads\/2026\/01\/laser-equipment-3-1-1024x576.jpg 1024w, https:\/\/www.mlkjlasers.com\/wp-content\/uploads\/2026\/01\/laser-equipment-3-1-768x432.jpg 768w, https:\/\/www.mlkjlasers.com\/wp-content\/uploads\/2026\/01\/laser-equipment-3-1-1536x864.jpg 1536w, https:\/\/www.mlkjlasers.com\/wp-content\/uploads\/2026\/01\/laser-equipment-3-1-600x338.jpg 600w\" sizes=\"(max-width: 1920px) 100vw, 1920px\" \/><\/div>\n<\/div>\n<p><span style=\"font-size: 18pt; font-weight: bold;\">755 808 1064nm Diode Laser Haarentfernung Maschine ist haupts\u00e4chlich f\u00fcr professionelle Haarentfernung<\/span><\/p>\n<p><span style=\"font-size: 14pt;\">- Die 755nm haupts\u00e4chlich f\u00fcr das helle Haar auf wei\u00dfer Haut,<\/span><br \/>\n<span style=\"font-size: 14pt;\">- Die 808nm haben ein gutes Ergebnis f\u00fcr alle Hauttypen und Haarfarbe.<\/span><br \/>\n<span style=\"font-size: 14pt;\">- Die 1064nm tun eine gute Arbeit f\u00fcr schwarze Haut Haarentfernung.<\/span><\/p>\n<h3 class=\"contents\"><span style=\"font-size: 18pt; font-family: georgia, palatino, serif;\">Vor und nach<\/span><span style=\"font-size: 16px;\"> <img loading=\"lazy\" decoding=\"async\" class=\"aligncenter size-full wp-image-3106\" src=\"https:\/\/www.mlkjlasers.com\/wp-content\/uploads\/2024\/06\/8.jpg\" alt=\"\" width=\"1920\" height=\"1080\" srcset=\"https:\/\/www.mlkjlasers.com\/wp-content\/uploads\/2024\/06\/8.jpg 1920w, https:\/\/www.mlkjlasers.com\/wp-content\/uploads\/2024\/06\/8-300x169.jpg 300w, https:\/\/www.mlkjlasers.com\/wp-content\/uploads\/2024\/06\/8-1024x576.jpg 1024w, https:\/\/www.mlkjlasers.com\/wp-content\/uploads\/2024\/06\/8-768x432.jpg 768w, https:\/\/www.mlkjlasers.com\/wp-content\/uploads\/2024\/06\/8-1536x864.jpg 1536w, https:\/\/www.mlkjlasers.com\/wp-content\/uploads\/2024\/06\/8-600x338.jpg 600w\" sizes=\"(max-width: 1920px) 100vw, 1920px\" \/><\/span><\/h3>\n<p><span style=\"font-size: 14pt;\">Es ist f\u00fcr alle Haut- und Haartypen geeignet. Wie dauerhaft entfernen Lippen Haar, Bart Haar, Brust Haar, Achseln Haar, Gliedma\u00dfen Haar und unerw\u00fcnschte Haare an allen Teilen des K\u00f6rpers.<\/span><\/p>\n<p><img loading=\"lazy\" decoding=\"async\" class=\"aligncenter wp-image-3107\" src=\"https:\/\/www.mlkjlasers.com\/wp-content\/uploads\/2024\/06\/9.jpg\" alt=\"\" width=\"1518\" height=\"854\" srcset=\"https:\/\/www.mlkjlasers.com\/wp-content\/uploads\/2024\/06\/9.jpg 1200w, https:\/\/www.mlkjlasers.com\/wp-content\/uploads\/2024\/06\/9-300x169.jpg 300w, https:\/\/www.mlkjlasers.com\/wp-content\/uploads\/2024\/06\/9-1024x576.jpg 1024w, https:\/\/www.mlkjlasers.com\/wp-content\/uploads\/2024\/06\/9-768x432.jpg 768w, https:\/\/www.mlkjlasers.com\/wp-content\/uploads\/2024\/06\/9-600x338.jpg 600w\" sizes=\"(max-width: 1518px) 100vw, 1518px\" \/><\/p>\n<p><span style=\"font-size: 14pt; font-family: helvetica, arial, sans-serif;\"><strong><a href=\"https:\/\/www.mlkjlasers.com\/de\/contact-us\/\" target=\"_blank\" rel=\"noopener\">Kontaktieren Sie uns noch heute! <\/a><\/strong><\/span><\/p>\n<p><span style=\"font-size: 14pt; font-family: helvetica, arial, sans-serif;\"><strong><a href=\"https:\/\/www.mlkjlasers.com\/de\/contact-us\/\" target=\"_blank\" rel=\"noopener\">[Phone Number]\uff1a+8618054417523<\/a><\/strong><\/span><\/p>\n<p>[Email\u00a0Address]:sale@mingliangkj.com<\/p>","protected":false},"excerpt":{"rendered":"<p>* 755nm 808nm 1064nm Diodenlasertechnologie, geeignet f\u00fcr alle Hauttypen.<\/p>\n<p>* F\u00f6rdert effektiv die W\u00e4rmeansammlung in Haarfollikeln, c<span data-slate-fragment=\"JTVCJTdCJTIydHlwZSUyMiUzQSUyMnBhcmFncmFwaCUyMiUyQyUyMmNoaWxkcmVuJTIyJTNBJTVCJTdCJTIyaWQlMjIlM0ElMjJ6bExab0xiMG16JTIyJTJDJTIycGFyYUlkeCUyMiUzQTAlMkMlMjJzcmMlMjIlM0ElMjJzZWFtbGVzcyUyMGFuZCUyMGVmZmVjdGl2ZSUyMHJlc3VsdHMlMkMlQzIlQTBmYXN0JTIwaGFpciUyMHJlbW92YWwlMjBmb3IlMjBiaWclMjBhcmVhJTIwdHJlYXRtZW50LiUyMiUyQyUyMmRzdCUyMiUzQSUyMiVFNiU5NyVBMCVFNyVCQyU5RCVFNiU5QyU4OSVFNiU5NSU4OCVFNyU5QSU4NCVFNiU5NSU4OCVFNiU5RSU5QyVFRiVCQyU4QyVFNSVCRiVBQiVFOSU4MCU5RiVFOCU4NCVCMSVFNiVBRiU5QiVFRiVCQyU4QyVFOSU4MCU4MiVFNyU5NCVBOCVFNCVCQSU4RSVFNSVBNCVBNyVFOSU5RCVBMiVFNyVBNyVBRiVFNiVCMiVCQiVFNyU5NiU5NyVFMyU4MCU4MiUyMiUyQyUyMm1ldGFkYXRhJTIyJTNBJTIyJTIyJTJDJTIybWF0Y2hlcyUyMiUzQW51bGwlMkMlMjJ0cmFuc2xhdGVkQnklMjIlM0FudWxsJTJDJTIybWV0YURhdGElMjIlM0ElNUIlNUQlMkMlMjJ0ZXh0JTIyJTNBJTIyc2VhbWxlc3MlMjBhbmQlMjBlZmZlY3RpdmUlMjByZXN1bHRzJTJDJUMyJUEwZmFzdCUyMGhhaXIlMjByZW1vdmFsJTIwZm9yJTIwYmlnJTIwYXJlYSUyMHRyZWF0bWVudC4lMjIlN0QlNUQlN0QlNUQ=\">eine schnelle Haarentfernung erreichen.<\/span><\/p>\n<p>* 808nm Diodenlaser ist sicherer, mit effizienter K\u00fchlung, schmerzloser Gefrierpunkt und dauerhafter schmerzloser Haarentfernung.<\/p>\n<p>* Drei-in-einem-K\u00fchlsystem: Luftk\u00fchlung Wasserk\u00fchlung Kompressor K\u00fchlung Drei-in-einem-System. 24-Stunden-Arbeitskapazit\u00e4t.<\/p>","protected":false},"featured_media":3302,"comment_status":"open","ping_status":"closed","template":"","meta":[],"product_cat":[15],"product_tag":[],"class_list":["post-3323","product","type-product","status-publish","has-post-thumbnail","hentry","product_cat-diode-laser-hair-removal-machine"],"_links":{"self":[{"href":"https:\/\/www.mlkjlasers.com\/de\/wp-json\/wp\/v2\/product\/3323","targetHints":{"allow":["GET"]}}],"collection":[{"href":"https:\/\/www.mlkjlasers.com\/de\/wp-json\/wp\/v2\/product"}],"about":[{"href":"https:\/\/www.mlkjlasers.com\/de\/wp-json\/wp\/v2\/types\/product"}],"replies":[{"embeddable":true,"href":"https:\/\/www.mlkjlasers.com\/de\/wp-json\/wp\/v2\/comments?post=3323"}],"wp:featuredmedia":[{"embeddable":true,"href":"https:\/\/www.mlkjlasers.com\/de\/wp-json\/wp\/v2\/media\/3302"}],"wp:attachment":[{"href":"https:\/\/www.mlkjlasers.com\/de\/wp-json\/wp\/v2\/media?parent=3323"}],"wp:term":[{"taxonomy":"product_cat","embeddable":true,"href":"https:\/\/www.mlkjlasers.com\/de\/wp-json\/wp\/v2\/product_cat?post=3323"},{"taxonomy":"product_tag","embeddable":true,"href":"https:\/\/www.mlkjlasers.com\/de\/wp-json\/wp\/v2\/product_tag?post=3323"}],"curies":[{"name":"wp","href":"https:\/\/api.w.org\/{rel}","templated":true}]}}