{"id":660,"date":"2023-06-05T16:57:34","date_gmt":"2023-06-05T08:57:34","guid":{"rendered":"https:\/\/mingliang.leadsclouds.com\/?post_type=product&#038;p=660"},"modified":"2026-01-28T10:22:58","modified_gmt":"2026-01-28T02:22:58","slug":"portable-microneedle-980","status":"publish","type":"product","link":"https:\/\/www.mlkjlasers.com\/de\/product\/portable-microneedle-980\/","title":{"rendered":"Tragbare Mikronadel 980 Diode Laser Blutgef\u00e4\u00dfe Entfernung 980 nm Laser Gef\u00e4\u00dfentfernungsmaschine"},"content":{"rendered":"<table class=\"alignleft\" style=\"border-collapse: collapse; width: 100%; height: 168px;\">\n<tbody>\n<tr style=\"height: 24px;\">\n<td style=\"width: 50%; height: 24px;\"><span style=\"font-family: helvetica, arial, sans-serif; color: #000000; font-size: 14pt;\"><b>Tragbarer Microneedle 980 Diodenlaser<\/b><\/span><\/td>\n<td style=\"width: 50%; height: 24px;\"><span style=\"font-family: helvetica, arial, sans-serif; color: #000000; font-size: 14pt;\">Modellnummer: Microneedling 980NM<\/span><\/td>\n<\/tr>\n<tr style=\"height: 24px;\">\n<td style=\"width: 50%; height: 24px;\"><span style=\"font-family: helvetica, arial, sans-serif; color: #000000; font-size: 14pt;\">Stil: Tragbar<\/span><\/td>\n<td style=\"width: 50%; height: 24px;\"><span style=\"font-family: helvetica, arial, sans-serif; color: #000000; font-size: 14pt;\">Bildschirmgr\u00f6\u00dfe: 10,4 Zoll Echte Farbe Touchscreen<\/span><\/td>\n<\/tr>\n<tr style=\"height: 24px;\">\n<td style=\"width: 50%; height: 24px;\"><span style=\"font-family: helvetica, arial, sans-serif; color: #000000; font-size: 14pt;\">Funktion: Reduzieren Sie Falten Narben<\/span><\/td>\n<td style=\"width: 50%; height: 24px;\"><span style=\"font-family: helvetica, arial, sans-serif; color: #000000; font-size: 14pt;\">Gesamtergebnis:10 bis 120mi\/pin adiustable<\/span><\/td>\n<\/tr>\n<tr style=\"height: 24px;\">\n<td style=\"width: 50%; height: 24px;\"><span style=\"font-family: helvetica, arial, sans-serif; color: #000000; font-size: 14pt;\">Tiefe: 0-4,0 verstellbar<\/span><\/td>\n<td style=\"width: 50%; height: 24px;\"><span style=\"font-family: helvetica, arial, sans-serif; color: #000000; font-size: 14pt;\">RF: 10-150 verstellbar<\/span><\/td>\n<\/tr>\n<tr style=\"height: 24px;\">\n<td style=\"width: 50%; height: 24px;\"><span style=\"font-family: helvetica, arial, sans-serif; color: #000000; font-size: 14pt;\">Behandlung: Automatische Vakuuminduktion, manuell<\/span><\/td>\n<td style=\"width: 50%; height: 24px;\"><span style=\"font-family: helvetica, arial, sans-serif; color: #000000; font-size: 14pt;\">Spannung: AC220V \/ 110V 50HZ \/ 60HZ<\/span><\/td>\n<\/tr>\n<tr style=\"height: 24px;\">\n<td style=\"width: 50%; height: 24px;\"><span style=\"font-family: helvetica, arial, sans-serif; color: #000000; font-size: 14pt;\">Maschinen Demenz: L * W * H: 280 * 240 * 300mm<\/span><\/td>\n<td style=\"width: 50%; height: 24px;\"><span style=\"font-family: helvetica, arial, sans-serif; color: #000000; font-size: 14pt;\">Verpackung: Aluminiumbox<\/span><\/td>\n<\/tr>\n<tr style=\"height: 24px;\">\n<td style=\"width: 50%; height: 24px;\"><span style=\"font-family: helvetica, arial, sans-serif; color: #000000; font-size: 14pt;\">Kundenservice: Kostenlose Ersatzteile, Video-technischer Support, Online-Support<\/span><\/td>\n<td style=\"width: 50%; height: 24px;\"><span style=\"font-family: helvetica, arial, sans-serif; color: #000000; font-size: 14pt;\">Garantie: 1 Jahr f\u00fcr Maschine und halbes Jahr f\u00fcr Griff<\/span><\/td>\n<\/tr>\n<\/tbody>\n<\/table>\n<div class=\"se4_tit\" style=\"text-align: left;\"><\/div>\n<div class=\"des\" style=\"text-align: left;\">\n<div class=\"des_item\">\n<div class=\"des_detail\">\n<div class=\"J_module\">\n<div class=\"icbu-pc-images magic-0\">\n<div class=\"flex-layout-v\">\n<div class=\"flex-layout-h magic-0\">\n<div class=\"magic-1\"><\/div>\n<\/div>\n<\/div>\n<div><\/div>\n<\/div>\n<\/div>\n<div class=\"J_module\">\n<div class=\"detail-decorate-json-renderer-container\">\n<div class=\"magic-3\">\n<div class=\"magic-4\">\n<div class=\"magic-5\">\n<div><\/div>\n<div><\/div>\n<div class=\"magic-6\">\n<p>&nbsp;<\/p>\n<p>&nbsp;<\/p>\n<p><span style=\"font-size: 14pt;\"><img fetchpriority=\"high\" decoding=\"async\" class=\"\" src=\"https:\/\/sc04.alicdn.com\/kf\/Hb8b5e85ea91d45ef8bdde700da07170aw\/252086154\/Hb8b5e85ea91d45ef8bdde700da07170aw.jpg\" width=\"1554\" height=\"1122\" \/><\/span><\/p>\n<p><span class=\"magic-11\" style=\"font-size: 14pt;\">1. Anti-Falten, die Festigung der Haut, verbessern Pseudo-Falten, l\u00f6sen Fett, Formen und Heben. <\/span><\/p>\n<p><span class=\"magic-11\" style=\"font-size: 14pt;\">2. Schnell verbessern Sie das langweilige und glanzlose Symptom, verbessern Sie die trockene Haut und den weichen Teint, erhellen Sie die Haut und machen sie zarter.<\/span><\/p>\n<p><span class=\"magic-11\" style=\"font-size: 14pt;\">3. Aktiv f\u00f6rdern Sie die Gesichtslymphzirkulation, l\u00f6sen Sie das Problem des Haut\u00f6dems. <\/span><\/p>\n<p><span class=\"magic-11\" style=\"font-size: 14pt;\">4. Heben und Straffen der Haut, effektiv l\u00f6send das Problem des Gesichtsschlagges, Formung empfindliches Gesicht, Reparatur von Dehnungsstreifen. <\/span><\/p>\n<p><span class=\"magic-11\" style=\"font-size: 14pt;\">5. Entfernung des schwarzen Randes des Auges, Augenbeutel und Falten rund um das Auge. Schrumpfen der Poren, Reparatur Blain Narbe, beruhigende Haut.<\/span><\/p>\n<\/div>\n<\/div>\n<\/div>\n<\/div>\n<\/div>\n<\/div>\n<div class=\"J_module\">\n<div class=\"icbu-pc-images magic-0\">\n<div class=\"flex-layout-v\">\n<div class=\"flex-layout-h magic-0\">\n<div class=\"magic-10\"><img decoding=\"async\" class=\"\" src=\"https:\/\/sc04.alicdn.com\/kf\/Hd4e8e4265ae94e6e9ccfd635cf074d24U\/252086154\/Hd4e8e4265ae94e6e9ccfd635cf074d24U.jpg\" width=\"1559\" height=\"1782\" \/><\/div>\n<\/div>\n<\/div>\n<\/div>\n<\/div>\n<div class=\"J_module\">\n<div class=\"detail-decorate-json-renderer-container\">\n<div class=\"magic-3\">\n<div class=\"magic-4\">\n<div class=\"magic-5\">\n<div class=\"magic-6\">\n<p><span class=\"magic-8\" style=\"font-family: helvetica, arial, sans-serif; color: #000000; font-size: 14pt;\"><b>2 in 1 980nm Diode Laser Mikronadel<\/b><\/span><\/p>\n<div><span class=\"magic-9\" style=\"font-family: helvetica, arial, sans-serif; color: #000000; font-size: 14pt;\">1.980nm Laserstrahl wird auf einen Durchmesserbereich von 0,2-0,5 mm fokussiert, um mehr fokussierte Energie zu erm\u00f6glichen, um das Zielgewebe zu erreichen, w\u00e4hrend das umliegende Hautgewebe verbrannt wird. Die transkutane Bestrahlung (mit einer Penetration von 1 bis 2 mm im Gewebe) verursacht die selektive Absorption des Gewebes durch H\u00e4moglobin (H\u00e4moglobin ist das Hauptziel des Lasers) <\/span><\/div>\n<div><span class=\"magic-9\" style=\"font-family: helvetica, arial, sans-serif; color: #000000; font-size: 14pt;\">2. RF Microneedling Behandlung nutzt Sultrafine Nadeln und Radiofrequenz (RF) Energie, um die oberste Schicht der Haut zu durchdringen. Dies erm\u00f6glicht die Regeneration von Elastin und Kollagen in den behandelten Bereichen, was zu einem revitalisierten Aussehen der Haut f\u00fchrt.<\/span><\/div>\n<\/div>\n<\/div>\n<\/div>\n<\/div>\n<\/div>\n<\/div>\n<div class=\"J_module\">\n<div class=\"icbu-pc-images magic-0\">\n<div>\n<div class=\"flex-layout-v\">\n<div class=\"flex-layout-h magic-0\">\n<div class=\"magic-12\"><span style=\"font-family: helvetica, arial, sans-serif; color: #000000; font-size: 14pt;\"><img decoding=\"async\" class=\"magic-13 alignleft\" src=\"https:\/\/sc04.alicdn.com\/kf\/Hfd0c3bfa095c4231835fcc8749feb1b9N\/252086154\/Hfd0c3bfa095c4231835fcc8749feb1b9N.jpg\" width=\"1562\" height=\"1562\" data-src=\"\/\/sc04.alicdn.com\/kf\/Hfd0c3bfa095c4231835fcc8749feb1b9N\/252086154\/Hfd0c3bfa095c4231835fcc8749feb1b9N.jpg\" \/><\/span><\/div>\n<div class=\"magic-14\"><span style=\"font-family: helvetica, arial, sans-serif; color: #000000; font-size: 14pt;\"><img loading=\"lazy\" decoding=\"async\" class=\"magic-15\" src=\"https:\/\/sc04.alicdn.com\/kf\/H63b4fd714d704086a06436049985b6fcj\/252086154\/H63b4fd714d704086a06436049985b6fcj.jpg\" width=\"1560\" height=\"1560\" data-src=\"\/\/sc04.alicdn.com\/kf\/H63b4fd714d704086a06436049985b6fcj\/252086154\/H63b4fd714d704086a06436049985b6fcj.jpg\" \/><\/span><\/div>\n<\/div>\n<\/div>\n<\/div>\n<\/div>\n<\/div>\n<div class=\"J_module\">\n<div id=\"ali-anchor-AliMagic-bqw1j4\" class=\"magic-16\" data-section=\"AliMagic-bqw1j4\" data-section-title=\"RF Microneedling Handle Display\"><span style=\"font-size: 14pt;\"><strong><span style=\"font-family: helvetica, arial, sans-serif; color: #000000;\">RF Microneedling Griff Anzeige<\/span><\/strong><\/span><\/div>\n<\/div>\n<div class=\"J_module\">\n<div class=\"icbu-pc-images magic-0\">\n<div>\n<div class=\"flex-layout-v\">\n<div class=\"flex-layout-h magic-0\">\n<div class=\"magic-17\"><span style=\"font-family: helvetica, arial, sans-serif; color: #000000; font-size: 14pt;\"><img loading=\"lazy\" decoding=\"async\" class=\"magic-18 alignnone\" src=\"https:\/\/sc04.alicdn.com\/kf\/H154ddd392cfd42e68914023c0cbadef6r\/252086154\/H154ddd392cfd42e68914023c0cbadef6r.jpg\" width=\"1567\" height=\"1744\" data-src=\"\/\/sc04.alicdn.com\/kf\/H154ddd392cfd42e68914023c0cbadef6r\/252086154\/H154ddd392cfd42e68914023c0cbadef6r.jpg\" \/><\/span><\/div>\n<\/div>\n<div><\/div>\n<\/div>\n<\/div>\n<\/div>\n<\/div>\n<div class=\"J_module\">\n<div class=\"detail-decorate-json-renderer-container\">\n<div class=\"magic-3\">\n<div class=\"magic-4\">\n<div class=\"magic-5\">\n<div class=\"magic-6\"><span class=\"magic-9\" style=\"font-family: helvetica, arial, sans-serif; color: #000000; font-size: 14pt;\">Die Exfu RF Microneedling-Maschine kann die Haut straffen und durch die Koagulation von Weichgewebe Festigkeit gew\u00e4hrleisten. Dies erm\u00f6glicht die Regeneration von Elastin und Kollagen in den behandelten Bereichen, was zu einem revitalisierten Aussehen der Haut f\u00fchrt.<\/span><\/div>\n<div>\n<div class=\"J_module\">\n<div class=\"icbu-pc-images magic-0\">\n<div><\/div>\n<div><span style=\"font-size: 14pt;\"><b style=\"color: #000000; font-family: helvetica, arial, sans-serif;\">Wie wirkt die Behandlung f\u00fcr die Hautrevitalisierung?<\/b><\/span><\/div>\n<\/div>\n<\/div>\n<div class=\"J_module\">\n<div class=\"detail-decorate-json-renderer-container\">\n<div class=\"magic-3\">\n<div class=\"magic-4\">\n<div class=\"magic-5\">\n<div><\/div>\n<div class=\"magic-6\"><span class=\"magic-9\" style=\"font-family: helvetica, arial, sans-serif; color: #000000; font-size: 14pt;\">Wecken Sie Ihre Haut&#8217; s nat\u00fcrliches Kollagen &amp; Elastinproduktion. Frequenz Microneedling Behandlung verwendet ultrafeine Nadeln und Radiofrequenz (RF) Energie, um die oberste Schicht der Haut durchdringen und den K\u00f6rper ausl\u00f6sen&#8217; s nat\u00fcrlicher Heilungsprozess zur Regeneration neuer Kollagen und Elastin. Im Gegensatz zu einigen anderen Hautrevitalisierungsbehandlungen k\u00f6nnen diese Behandlungen an allen Hauttypen durchgef\u00fchrt werden, \u00fcberall im K\u00f6rper und zu jeder Jahreszeit.<\/span><\/div>\n<\/div>\n<\/div>\n<\/div>\n<\/div>\n<\/div>\n<\/div>\n<div><\/div>\n<\/div>\n<\/div>\n<\/div>\n<\/div>\n<\/div>\n<div class=\"J_module\">\n<div class=\"icbu-pc-images magic-0\">\n<div>\n<div class=\"flex-layout-v\">\n<div class=\"flex-layout-h magic-0\">\n<div class=\"magic-19\"><span style=\"font-family: helvetica, arial, sans-serif; color: #000000; font-size: 14pt;\"><img loading=\"lazy\" decoding=\"async\" class=\"magic-20 alignnone\" src=\"https:\/\/sc04.alicdn.com\/kf\/H166086f7a74342b09575d7831c0b64f19\/252086154\/H166086f7a74342b09575d7831c0b64f19.jpg\" width=\"1559\" height=\"1559\" data-src=\"\/\/sc04.alicdn.com\/kf\/H166086f7a74342b09575d7831c0b64f19\/252086154\/H166086f7a74342b09575d7831c0b64f19.jpg\" \/><\/span><\/div>\n<\/div>\n<\/div>\n<\/div>\n<\/div>\n<\/div>\n<div class=\"J_module\">\n<div class=\"detail-decorate-json-renderer-container\">\n<div class=\"magic-3\">\n<div class=\"magic-4\">\n<div class=\"magic-5\">\n<div class=\"magic-6\"><\/div>\n<\/div>\n<div>\n<h4 style=\"text-align: left;\"><span style=\"font-family: helvetica, arial, sans-serif; color: #000000; font-size: 14pt;\"><img loading=\"lazy\" decoding=\"async\" class=\"alignnone\" src=\"https:\/\/www.exfulaser.com\/uploads\/20221125\/%E5%9B%BE%E5%B1%82-213.jpg\" alt=\"\" width=\"1680\" height=\"413\" \/><\/span><\/h4>\n<\/div>\n<\/div>\n<\/div>\n<\/div>\n<\/div>\n<div class=\"J_module\">\n<div class=\"detail-decorate-json-renderer-container\">\n<div class=\"magic-3\">\n<div class=\"magic-4\">\n<div class=\"magic-5\">\n<div class=\"magic-6\">\n<p><span class=\"magic-9\" style=\"font-family: helvetica, arial, sans-serif; color: #000000; font-size: 14pt;\"><b>Was sind die Behandlungsbereiche? <\/b><\/span><\/p>\n<div><span class=\"magic-9\" style=\"font-family: helvetica, arial, sans-serif; color: #000000; font-size: 14pt;\">Sowohl Gesicht als auch K\u00f6rper k\u00f6nnen behandelt werden. Die behandelbaren Bereiche Bereich wie folgt: Volles Gesicht \/ Stirn \/ Kr\u00e4he F\u00fc\u00dfe \/ Oberwange \/ Untere Augen \/ Untere \/ Wange \/ Nase \/ Obere &amp; amp; Untere Lippe \/ Kinn \/ Kieflinie \/ Hals \/ Decolletage \/ Ellenbogen \/ Bauch<\/span><\/div>\n<div><\/div>\n<div><span style=\"font-size: 14pt;\"><strong><span style=\"color: #000000; font-family: helvetica, arial, sans-serif;\">980nm Diode Laser Griff Anzeige<\/span><\/strong><\/span><\/div>\n<\/div>\n<\/div>\n<\/div>\n<\/div>\n<\/div>\n<\/div>\n<div class=\"J_module\">\n<div data-section=\"AliMagic-r0ip19\" data-section-title=\"980nm Diode Laser Handle display\"><\/div>\n<\/div>\n<div class=\"J_module\">\n<div class=\"icbu-pc-images magic-0\">\n<div>\n<div class=\"flex-layout-v\">\n<div class=\"flex-layout-h magic-0\">\n<div class=\"magic-21\"><span style=\"font-family: helvetica, arial, sans-serif; color: #000000; font-size: 14pt;\"><img loading=\"lazy\" decoding=\"async\" class=\"magic-22 alignnone\" src=\"https:\/\/sc04.alicdn.com\/kf\/H57ad29db6f494a7eba3d2f89125e44dfP\/252086154\/H57ad29db6f494a7eba3d2f89125e44dfP.jpg\" width=\"1562\" height=\"1063\" data-src=\"\/\/sc04.alicdn.com\/kf\/H57ad29db6f494a7eba3d2f89125e44dfP\/252086154\/H57ad29db6f494a7eba3d2f89125e44dfP.jpg\" \/><\/span><\/div>\n<\/div>\n<\/div>\n<div><\/div>\n<\/div>\n<\/div>\n<\/div>\n<div class=\"J_module\">\n<div class=\"detail-decorate-json-renderer-container\">\n<div class=\"magic-3\">\n<div class=\"magic-4\">\n<div class=\"magic-5\">\n<div class=\"magic-6\">\n<div class=\"magic-25\"><span class=\"magic-9\" style=\"color: #000000; font-family: helvetica, arial, sans-serif; font-size: 14pt;\"><b class=\"magic-26\">Spider Vene Entfernung 980 Diode Gef\u00e4\u00dflasermaschine<\/b><\/span><\/div>\n<div class=\"magic-25\"><span class=\"magic-9\" style=\"color: #000000; font-family: helvetica, arial, sans-serif; font-size: 14pt;\"><b class=\"magic-26\">Diode Laser 980nm Reparatur und Entfernung grau nai<\/b><\/span><\/div>\n<\/div>\n<div><\/div>\n<\/div>\n<\/div>\n<\/div>\n<\/div>\n<\/div>\n<div class=\"J_module\">\n<div class=\"icbu-pc-images magic-0\">\n<div>\n<div class=\"flex-layout-v\">\n<div class=\"flex-layout-h magic-0\">\n<div class=\"magic-27\"><span style=\"font-family: helvetica, arial, sans-serif; color: #000000; font-size: 14pt;\"><img loading=\"lazy\" decoding=\"async\" class=\"magic-28 alignnone\" src=\"https:\/\/sc04.alicdn.com\/kf\/H24211fab3e594d65a7c17f7a36aa70899\/252086154\/H24211fab3e594d65a7c17f7a36aa70899.jpg\" width=\"1588\" height=\"2035\" data-src=\"\/\/sc04.alicdn.com\/kf\/H24211fab3e594d65a7c17f7a36aa70899\/252086154\/H24211fab3e594d65a7c17f7a36aa70899.jpg\" \/><\/span><\/div>\n<div><\/div>\n<\/div>\n<\/div>\n<\/div>\n<\/div>\n<\/div>\n<div class=\"J_module\">\n<div class=\"detail-decorate-json-renderer-container\">\n<div class=\"magic-3\">\n<div class=\"magic-4\">\n<div class=\"magic-5\">\n<div class=\"magic-6\"><span class=\"magic-8\" style=\"font-family: helvetica, arial, sans-serif; color: #000000; font-size: 14pt;\"><b>Eigenschaften der Maschine: <\/b><\/span><\/div>\n<div class=\"magic-6\"><span class=\"magic-9\" style=\"font-family: helvetica, arial, sans-serif; color: #000000; font-size: 14pt;\">* Keine Verbrauchsteile, die Maschine kann 24 Stunden am Tag arbeiten. <\/span><\/div>\n<div class=\"magic-6\"><span class=\"magic-9\" style=\"font-family: helvetica, arial, sans-serif; color: #000000; font-size: 14pt;\">* Nicht sch\u00e4digen die Epidermis \u00fcberhaupt. <\/span><\/div>\n<div class=\"magic-6\"><span class=\"magic-9\" style=\"font-family: helvetica, arial, sans-serif; color: #000000; font-size: 14pt;\">* Schmerzlos, nicht-invasiv, keine Ausfallzeiten. <\/span><\/div>\n<div class=\"magic-6\"><span class=\"magic-9\" style=\"font-family: helvetica, arial, sans-serif; color: #000000; font-size: 14pt;\">* Tragbares Design, einfach f\u00fcr den Transport. <\/span><\/div>\n<div class=\"magic-6\"><span class=\"magic-9\" style=\"font-family: helvetica, arial, sans-serif; color: #000000; font-size: 14pt;\">* Top ausgestattet Ersatz, 980nm Laser mit 4 Ringen, um Spot Gr\u00f6\u00dfe Gold Mikro Nadel Maschine mit 4 K\u00f6pfen f\u00fcr die Haut resurfacing anpassen. <\/span><\/div>\n<div class=\"magic-6\"><span class=\"magic-9\" style=\"font-family: helvetica, arial, sans-serif; color: #000000; font-size: 14pt;\">* Mehrere Sprachen k\u00f6nnen ausgew\u00e4hlt werden, wir k\u00f6nnen das freie Logo entsprechend Ihren Anforderungen machen.<\/span><\/div>\n<div><\/div>\n<\/div>\n<\/div>\n<\/div>\n<\/div>\n<\/div>\n<div class=\"J_module\">\n<div class=\"icbu-pc-images magic-0\">\n<div>\n<div class=\"flex-layout-v\">\n<div class=\"flex-layout-h magic-0\">\n<div class=\"magic-21\"><span style=\"font-family: helvetica, arial, sans-serif; color: #000000; font-size: 14pt;\"><img loading=\"lazy\" decoding=\"async\" class=\"magic-22 alignnone\" src=\"https:\/\/sc04.alicdn.com\/kf\/Hb8c48007443e4bc6a50fc8ed220ca7000\/252086154\/Hb8c48007443e4bc6a50fc8ed220ca7000.jpg\" width=\"1603\" height=\"1091\" data-src=\"\/\/sc04.alicdn.com\/kf\/Hb8c48007443e4bc6a50fc8ed220ca7000\/252086154\/Hb8c48007443e4bc6a50fc8ed220ca7000.jpg\" \/><\/span><\/div>\n<\/div>\n<\/div>\n<\/div>\n<\/div>\n<\/div>\n<div class=\"J_module\">\n<div class=\"detail-decorate-json-renderer-container\">\n<div class=\"magic-3\">\n<div class=\"magic-4\">\n<div class=\"magic-5\">\n<div class=\"magic-6\">\n<div class=\"magic-25\"><span style=\"font-family: helvetica, arial, sans-serif; color: #000000; font-size: 14pt;\"><b><span class=\"magic-31\"> Ein-Schl\u00fcssel-Power-On-Design <\/span><\/b><\/span><\/div>\n<\/div>\n<\/div>\n<\/div>\n<\/div>\n<\/div>\n<\/div>\n<div class=\"J_module\">\n<div data-section=\"AliMagic-whquon\" data-section-title=\"Screen Display\"><\/div>\n<div id=\"ali-anchor-AliMagic-whquon\" class=\"magic-16\" data-section=\"AliMagic-whquon\" data-section-title=\"Screen Display\"><span style=\"font-family: helvetica, arial, sans-serif; color: #000000; font-size: 14pt;\">Bildschirm Anzeige<\/span><\/div>\n<div data-section=\"AliMagic-whquon\" data-section-title=\"Screen Display\"><\/div>\n<\/div>\n<div class=\"J_module\">\n<div class=\"icbu-pc-images magic-0\">\n<div>\n<div class=\"flex-layout-v\">\n<div class=\"flex-layout-h magic-0\">\n<div class=\"magic-32\"><span style=\"font-family: helvetica, arial, sans-serif; color: #000000; font-size: 14pt;\"><img loading=\"lazy\" decoding=\"async\" class=\"magic-33 alignnone\" src=\"https:\/\/sc04.alicdn.com\/kf\/Ha927851f2e944ee683ef6c7b2d5de1a1f\/252086154\/Ha927851f2e944ee683ef6c7b2d5de1a1f.jpg\" width=\"1582\" height=\"1204\" data-src=\"\/\/sc04.alicdn.com\/kf\/Ha927851f2e944ee683ef6c7b2d5de1a1f\/252086154\/Ha927851f2e944ee683ef6c7b2d5de1a1f.jpg\" \/><\/span><\/div>\n<\/div>\n<\/div>\n<\/div>\n<\/div>\n<\/div>\n<div class=\"J_module\">\n<div class=\"detail-decorate-json-renderer-container\">\n<div class=\"magic-3\">\n<div class=\"magic-4\">\n<div class=\"magic-5\">\n<div data-spm-anchor-id=\"a2700.wholesale.0.i28.464341182zYuX6\"><\/div>\n<div class=\"magic-6\" data-spm-anchor-id=\"a2700.wholesale.0.i28.464341182zYuX6\"><span style=\"font-family: helvetica, arial, sans-serif; color: #000000; font-size: 14pt;\">1. 14 Zoll gro\u00dfer Touchscreen, humanisiert entworfen <\/span><\/div>\n<div class=\"magic-6\" data-spm-anchor-id=\"a2700.wholesale.0.i28.464341182zYuX6\"><span style=\"font-family: helvetica, arial, sans-serif; color: #000000; font-size: 14pt;\">2. M\u00e4nnlich\/weiblich, K\u00f6rperteile, 6 Hauttypen f\u00fcr Option. <\/span><br \/>\n<span style=\"font-family: helvetica, arial, sans-serif; color: #000000; font-size: 14pt;\">3. Englisch Ihre Muttersprache. <\/span><br \/>\n<span style=\"font-family: helvetica, arial, sans-serif; color: #000000; font-size: 14pt;\">4. Kostenloser OEM-Programmservice (Logo\/System&#8230;)<\/span><\/div>\n<\/div>\n<\/div>\n<\/div>\n<\/div>\n<\/div>\n<\/div>\n<\/div>\n<\/div>\n<div style=\"text-align: left;\" data-spm-anchor-id=\"a2700.wholesale.0.i28.464341182zYuX6\"><\/div>\n<div style=\"text-align: left;\" data-spm-anchor-id=\"a2700.wholesale.0.i28.464341182zYuX6\"><\/div>\n<div style=\"text-align: left;\" data-spm-anchor-id=\"a2700.wholesale.0.i28.464341182zYuX6\"><span style=\"font-size: 14pt;\"><em><span style=\"color: #0000ff;\"><strong><span style=\"font-family: helvetica, arial, sans-serif;\">Erfahren Sie jetzt mehr!<\/span><\/strong><\/span><\/em><\/span><\/div>\n<div style=\"text-align: left;\" data-spm-anchor-id=\"a2700.wholesale.0.i28.464341182zYuX6\"><\/div>","protected":false},"excerpt":{"rendered":"<div><span class=\"magic-9\" style=\"font-family: helvetica, arial, sans-serif; color: #000000;\">980nm Laserstrahl wird auf einen Durchmesserbereich von 0,2-0,5 mm fokussiert, um mehr fokussierte Energie zu erm\u00f6glichen, um das Zielgewebe zu erreichen, w\u00e4hrend das umliegende Hautgewebe verbrannt wird. Die transkutane Bestrahlung (mit einer Penetration von 1 bis 2 mm im Gewebe) verursacht die selektive Absorption des Gewebes durch H\u00e4moglobin (H\u00e4moglobin ist das Hauptziel des Lasers)<\/span><\/div>\n<div><\/div>\n<div><span class=\"magic-9\" style=\"font-family: helvetica, arial, sans-serif; color: #000000;\">RF Microneedling Behandlung verwendet Sultrafin Nadeln und Radiofrequenz (RF) Energie, um die oberste Schicht der Haut zu durchdringen. Dies erm\u00f6glicht die Regeneration von Elastin und Kollagen in den behandelten Bereichen, was zu einem revitalisierten Aussehen der Haut f\u00fchrt.<\/span><\/div>\n<div><\/div>\n<div>15 Jahre Sch\u00f6nheitsinstrumenthersteller, kann mehr kundenspezifische Dienstleistungen bieten<\/div>","protected":false},"featured_media":662,"comment_status":"open","ping_status":"closed","template":"","meta":[],"product_cat":[25],"product_tag":[],"class_list":["post-660","product","type-product","status-publish","has-post-thumbnail","hentry","product_cat-micro-needle-microneedle-multi-function"],"_links":{"self":[{"href":"https:\/\/www.mlkjlasers.com\/de\/wp-json\/wp\/v2\/product\/660","targetHints":{"allow":["GET"]}}],"collection":[{"href":"https:\/\/www.mlkjlasers.com\/de\/wp-json\/wp\/v2\/product"}],"about":[{"href":"https:\/\/www.mlkjlasers.com\/de\/wp-json\/wp\/v2\/types\/product"}],"replies":[{"embeddable":true,"href":"https:\/\/www.mlkjlasers.com\/de\/wp-json\/wp\/v2\/comments?post=660"}],"wp:featuredmedia":[{"embeddable":true,"href":"https:\/\/www.mlkjlasers.com\/de\/wp-json\/wp\/v2\/media\/662"}],"wp:attachment":[{"href":"https:\/\/www.mlkjlasers.com\/de\/wp-json\/wp\/v2\/media?parent=660"}],"wp:term":[{"taxonomy":"product_cat","embeddable":true,"href":"https:\/\/www.mlkjlasers.com\/de\/wp-json\/wp\/v2\/product_cat?post=660"},{"taxonomy":"product_tag","embeddable":true,"href":"https:\/\/www.mlkjlasers.com\/de\/wp-json\/wp\/v2\/product_tag?post=660"}],"curies":[{"name":"wp","href":"https:\/\/api.w.org\/{rel}","templated":true}]}}