{"id":2320,"date":"2023-08-22T13:37:17","date_gmt":"2023-08-22T05:37:17","guid":{"rendered":"https:\/\/mlkjlasers.com\/?page_id=2320"},"modified":"2023-08-22T13:41:17","modified_gmt":"2023-08-22T05:41:17","slug":"privacy-policy","status":"publish","type":"page","link":"https:\/\/www.mlkjlasers.com\/es\/privacy-policy\/","title":{"rendered":"Pol\u00edtica de privacidad"},"content":{"rendered":"<div data-elementor-type=\"wp-page\" data-elementor-id=\"2320\" class=\"elementor elementor-2320\" data-elementor-post-type=\"page\">\n\t\t\t\t\t\t<section class=\"elementor-section elementor-top-section elementor-element elementor-element-777b5a7 elementor-section-boxed elementor-section-height-default elementor-section-height-default\" data-id=\"777b5a7\" data-element_type=\"section\">\n\t\t\t\t\t\t<div class=\"elementor-container elementor-column-gap-default\">\n\t\t\t\t\t<div class=\"elementor-column elementor-col-100 elementor-top-column elementor-element elementor-element-e53dd6c\" data-id=\"e53dd6c\" data-element_type=\"column\">\n\t\t\t<div class=\"elementor-widget-wrap elementor-element-populated\">\n\t\t\t\t\t\t<div class=\"elementor-element elementor-element-6f21634 elementor-widget elementor-widget-text-editor\" data-id=\"6f21634\" data-element_type=\"widget\" data-widget_type=\"text-editor.default\">\n\t\t\t\t<div class=\"elementor-widget-container\">\n\t\t\t\t\t\t\t\t\t<p><span style=\"font-size: 14pt\"><strong>\u00bfQu\u00e9 informaci\u00f3n recopilamos?<\/strong><\/span><br \/><span style=\"font-size: 14pt\">Recoger al cliente&#8217; Nombre, informaci\u00f3n de contacto, contenido del trabajo, bienes que desea comprar en un futuro pr\u00f3ximo, etc.<\/span><\/p><p><span style=\"font-size: 14pt\"><strong>\u00bfC\u00f3mo utilizamos esta informaci\u00f3n?<\/strong><\/span><br \/><span style=\"font-size: 14pt\">\u00a0Cumplimos estrictamente las leyes y reglamentos y los acuerdos con los usuarios, y utilizamos la informaci\u00f3n recopilada para los siguientes fines. Si usamos su informaci\u00f3n para m\u00e1s de los siguientes prop\u00f3sitos, la explicaremos de nuevo y obtendremos su consentimiento.<\/span><br \/><span style=\"font-size: 14pt\">Proporcionarle servicios que satisfagan sus necesidades personales, como configuraci\u00f3n de idioma, configuraci\u00f3n de ubicaci\u00f3n y servicios de ayuda personalizados. El departamento de seguridad recomienda anuncios, informaci\u00f3n, etc. Usted puede estar interesado en evaluar y mejorar la eficacia de nuestra publicidad y otras actividades promocionales. Participa en la encuesta sobre nuestros servicios.<\/span><\/p><p><span style=\"font-size: 14pt\"><strong>\u00bfCompartiremos esta informaci\u00f3n con franquiciados o terceros?<\/strong><\/span><br \/><span style=\"font-size: 14pt\">Respetamos su privacidad y el prop\u00f3sito para el cual los visitantes de nuestro sitio web nos proporcionan informaci\u00f3n. No compartiremos, venderemos o alquilaremos ninguna informaci\u00f3n recopilada a terceros, y no lo haremos en el futuro.<\/span><br \/><span style=\"font-size: 14pt\">Si solicita o nos env\u00eda informaci\u00f3n enviando un correo electr\u00f3nico o llenando el formulario de contacto a trav\u00e9s del &#8220; Enviar a:&#8221; Con esta funci\u00f3n, podemos guardar su direcci\u00f3n de correo electr\u00f3nico y cualquier otra informaci\u00f3n que pueda proporcionar. Esta informaci\u00f3n puede utilizarse en el futuro para ponerse en contacto con usted por correo electr\u00f3nico, correo electr\u00f3nico o tel\u00e9fono para transmitir informaci\u00f3n sobre soluciones o servicios que creemos que pueden ser beneficiosos para usted. El correo electr\u00f3nico y otra informaci\u00f3n que proporcione no ser\u00e1 vendida a ning\u00fan tercero.<\/span><\/p><p><span style=\"font-size: 14pt\"><strong>\u00bfPueden los clientes ver o eliminar la informaci\u00f3n que recopilamos?<\/strong><\/span><br \/><span style=\"font-size: 14pt\">Le proporcionamos opciones de gesti\u00f3n de informaci\u00f3n convenientes para que pueda tomar decisiones apropiadas y administrar su informaci\u00f3n personal. Cumplimos estrictamente con las leyes y reglamentos para proteger sus secretos de comunicaci\u00f3n y proporcionarle servicios de comunicaci\u00f3n seguros.<\/span><\/p><p><span style=\"font-size: 14pt\"><strong>5.Responder a peticiones legales<\/strong><\/span><br \/><span style=\"font-size: 14pt\">(1) Por razones de seguridad, es posible que tenga que presentar una solicitud para probar su identidad. Podemos pedirle que verifique su identidad antes de procesar su solicitud.<\/span><br \/><span style=\"font-size: 14pt\">(2) Responderemos dentro de 30 d\u00edas. Si no est\u00e1 satisfecho, tambi\u00e9n puede iniciar una queja a trav\u00e9s de la informaci\u00f3n de contacto del servicio al cliente de esta pol\u00edtica de privacidad.<\/span><br \/><span style=\"font-size: 14pt\">(3) No podremos responder a su solicitud de acuerdo con las leyes y reglamentos en los siguientes casos:<\/span><br \/><span style=\"font-size: 14pt\">* Relacionado con la seguridad nacional y la seguridad de defensa nacional;<\/span><br \/><span style=\"font-size: 14pt\">* Relacionado con la seguridad p\u00fablica, la salud p\u00fablica y los principales intereses p\u00fablicos;<\/span><br \/><span style=\"font-size: 14pt\">* Relacionado con la investigaci\u00f3n penal, el enjuiciamiento, el juicio y la ejecuci\u00f3n de la sentencia;<\/span><br \/><span style=\"font-size: 14pt\">Hay evidencia suficiente para demostrar que el sujeto de la informaci\u00f3n personal tiene malicia subjetiva o abuso de derechos;<\/span><br \/><span style=\"font-size: 14pt\">Responder a su solicitud causar\u00e1 da\u00f1os graves a los derechos e intereses leg\u00edtimos de usted u otros individuos y organizaciones;<\/span><br \/><span style=\"font-size: 14pt\">* Involviendo secretos comerciales.<\/span><\/p><p><span style=\"font-size: 14pt\"><strong>\u00bfC\u00f3mo le notificaremos si cambiamos nuestras pr\u00e1cticas de privacidad?<\/strong><\/span><br \/><span style=\"font-size: 14pt\">Si tales cambios resultan en una derogaci\u00f3n material de sus derechos en virtud de esta Pol\u00edtica, le notificaremos los cambios mediante un aviso prominente en la p\u00e1gina, correo electr\u00f3nico u otros medios antes de que los cambios entren en vigor. En tales circunstancias, al continuar utilizando nuestros servicios, usted acepta estar obligado por la pol\u00edtica revisada.<\/span><\/p><p><span style=\"font-size: 14pt\"><strong>7.C\u00f3mo ponerse en contacto con nosotros?<\/strong><\/span><br \/><span style=\"font-size: 14pt\">Si tiene alguna pregunta, comentario o sugerencia sobre esta pol\u00edtica de privacidad, puede ponerse en contacto con nosotros\u00a0<\/span><br \/><span style=\"font-size: 14pt\">Email: sale@mingliangkj.com\u00a0<\/span><br \/><span style=\"font-size: 14pt\">N\u00famero: 8615965364558 (mismo n\u00famero de whatsapp), etc.<\/span><\/p><p><span style=\"font-size: 14pt\"><strong>\u00bfCu\u00e1ndo entra en vigor la pol\u00edtica de privacidad?<\/strong><\/span><br \/><span style=\"font-size: 14pt\">Los contenidos modificados o modificados entrar\u00e1n en vigor 1 d\u00eda despu\u00e9s de ser notificados o publicados. Si contin\u00faa utilizando cualquiera de nuestros servicios o visita nuestros sitios web relevantes despu\u00e9s del ajuste o cambio de la pol\u00edtica de privacidad, creemos que significa que ha le\u00eddo, entendido y aceptado plenamente la pol\u00edtica de privacidad revisada y est\u00e1 obligado por ella.<\/span><\/p>\t\t\t\t\t\t\t\t<\/div>\n\t\t\t\t<\/div>\n\t\t\t\t\t<\/div>\n\t\t<\/div>\n\t\t\t\t\t<\/div>\n\t\t<\/section>\n\t\t\t\t<\/div>","protected":false},"excerpt":{"rendered":"<p>\u00bfQu\u00e9 informaci\u00f3n recopilamos? Recoger al cliente&#8217; Nombre, informaci\u00f3n de contacto, contenido de trabajo, bienes que desea comprar en un futuro pr\u00f3ximo, etc. Cumplimos estrictamente las leyes y reglamentos y los acuerdos con los usuarios, y utilizamos la informaci\u00f3n recopilada para los siguientes fines. Si usamos su informaci\u00f3n para m\u00e1s de [&hellip;]<\/p>","protected":false},"author":167,"featured_media":0,"parent":0,"menu_order":11,"comment_status":"closed","ping_status":"closed","template":"elementor_header_footer","meta":{"footnotes":""},"class_list":["post-2320","page","type-page","status-publish","hentry"],"_links":{"self":[{"href":"https:\/\/www.mlkjlasers.com\/es\/wp-json\/wp\/v2\/pages\/2320","targetHints":{"allow":["GET"]}}],"collection":[{"href":"https:\/\/www.mlkjlasers.com\/es\/wp-json\/wp\/v2\/pages"}],"about":[{"href":"https:\/\/www.mlkjlasers.com\/es\/wp-json\/wp\/v2\/types\/page"}],"author":[{"embeddable":true,"href":"https:\/\/www.mlkjlasers.com\/es\/wp-json\/wp\/v2\/users\/167"}],"replies":[{"embeddable":true,"href":"https:\/\/www.mlkjlasers.com\/es\/wp-json\/wp\/v2\/comments?post=2320"}],"version-history":[{"count":7,"href":"https:\/\/www.mlkjlasers.com\/es\/wp-json\/wp\/v2\/pages\/2320\/revisions"}],"predecessor-version":[{"id":2328,"href":"https:\/\/www.mlkjlasers.com\/es\/wp-json\/wp\/v2\/pages\/2320\/revisions\/2328"}],"wp:attachment":[{"href":"https:\/\/www.mlkjlasers.com\/es\/wp-json\/wp\/v2\/media?parent=2320"}],"curies":[{"name":"wp","href":"https:\/\/api.w.org\/{rel}","templated":true}]}}