{"id":1835,"date":"2023-07-21T17:32:49","date_gmt":"2023-07-21T09:32:49","guid":{"rendered":"https:\/\/mlkjlasers.com\/?post_type=product&#038;p=1835"},"modified":"2026-01-29T16:14:36","modified_gmt":"2026-01-29T08:14:36","slug":"mlkj-medical-diode-laser-titanium-double-handle-hair-removal-machine-2-2-2","status":"publish","type":"product","link":"https:\/\/www.mlkjlasers.com\/es\/product\/mlkj-medical-diode-laser-titanium-double-handle-hair-removal-machine-2-2-2\/","title":{"rendered":"\u00a1Precio de f\u00e1brica! M\u00e1quina innovadora de depilaci\u00f3n l\u00e1ser de diodo 755nm 1064nm 808nm para la venta"},"content":{"rendered":"<table style=\"border-collapse: collapse; width: 100%; height: 174px;\">\n<tbody>\n<tr style=\"height: 16px;\">\n<td style=\"width: 44.9553%; height: 16px;\"><span style=\"font-family: helvetica, arial, sans-serif; color: #000000; font-size: 12pt;\">M\u00e1quina de depilaci\u00f3n l\u00e1ser de diodo MLKJ\u00a0<\/span><\/td>\n<td style=\"width: 55.0447%; height: 16px;\"><span style=\"font-family: helvetica, arial, sans-serif; color: #000000; font-size: 12pt;\">N\u00famero de modelo: 4K V26<\/span><\/td>\n<\/tr>\n<tr style=\"height: 24px;\">\n<td style=\"width: 44.9553%; height: 24px;\"><span style=\"font-family: helvetica, arial, sans-serif; color: #000000; font-size: 12pt;\">Longitud de onda: 808nm o 755 808 1064nm<\/span><\/td>\n<td style=\"width: 55.0447%; height: 24px;\"><span style=\"font-family: helvetica, arial, sans-serif; color: #000000; font-size: 12pt;\">Tama\u00f1o de la pantalla: pantalla t\u00e1ctil de estilo 4K de 14 pulgadas<\/span><\/td>\n<\/tr>\n<tr style=\"height: 24px;\">\n<td style=\"width: 44.9553%; height: 24px;\"><span style=\"font-family: helvetica, arial, sans-serif; color: #000000; font-size: 12pt;\">Vida \u00fatil: 40 millones de disparos<\/span><\/td>\n<td style=\"width: 55.0447%; height: 24px;\"><span style=\"font-family: helvetica, arial, sans-serif; color: #000000; font-size: 12pt;\">Duraci\u00f3n del pulso: 10-300ms<\/span><\/td>\n<\/tr>\n<tr style=\"height: 24px;\">\n<td style=\"width: 44.9553%; height: 24px;\"><span style=\"font-family: helvetica, arial, sans-serif; color: #000000; font-size: 12pt;\">Tira l\u00e1ser: 100w para cada uno, barra l\u00e1ser coherente de Am\u00e9rica<\/span><\/td>\n<td style=\"width: 55.0447%; height: 24px;\"><span style=\"font-family: helvetica, arial, sans-serif; color: #000000; font-size: 12pt;\">Frecuencia: 1-10hz<\/span><\/td>\n<\/tr>\n<tr style=\"height: 24px;\">\n<td style=\"width: 44.9553%; height: 24px;\"><span style=\"font-family: helvetica, arial, sans-serif; color: #000000; font-size: 12pt;\">Tama\u00f1o del punto: tama\u00f1o del punto de 12x20mm o 12x35mm<\/span><\/td>\n<td style=\"width: 55.0447%; height: 24px;\"><span style=\"font-family: helvetica, arial, sans-serif; color: #000000; font-size: 12pt;\">Energ\u00eda: 1-150J<\/span><\/td>\n<\/tr>\n<tr style=\"height: 24px;\">\n<td style=\"width: 44.9553%; height: 24px;\"><span style=\"font-family: helvetica, arial, sans-serif; color: #000000; font-size: 12pt;\">Sistema de enfriamiento: aire de agua TEC<\/span><\/td>\n<td style=\"width: 55.0447%; height: 24px;\"><span style=\"font-family: helvetica, arial, sans-serif; color: #000000; font-size: 12pt;\">Potencia de la m\u00e1quina: 3500W<\/span><\/td>\n<\/tr>\n<tr style=\"height: 24px;\">\n<td style=\"width: 44.9553%; height: 24px;\"><span style=\"font-family: helvetica, arial, sans-serif; color: #000000; font-size: 12pt;\">Tensi\u00f3n: AC110V 60HZ \/ AC220V 50HZ<\/span><\/td>\n<td style=\"width: 55.0447%; height: 24px;\"><span style=\"font-family: helvetica, arial, sans-serif; color: #000000; font-size: 12pt;\">Tama\u00f1o de la m\u00e1quina: 1000mm * 480mm * 5200mm<\/span><\/td>\n<\/tr>\n<tr style=\"height: 14px;\">\n<td style=\"width: 44.9553%; height: 14px;\"><span style=\"font-family: helvetica, arial, sans-serif; color: #000000; font-size: 12pt;\">Paquete: Caja de aluminio<\/span><\/td>\n<td style=\"width: 55.0447%; height: 14px;\"><span style=\"font-family: helvetica, arial, sans-serif; color: #000000; font-size: 12pt;\">Garant\u00eda de servicio: 2 a\u00f1os de garant\u00eda<\/span><\/td>\n<\/tr>\n<\/tbody>\n<\/table>\n<div><img fetchpriority=\"high\" decoding=\"async\" class=\"aligncenter wp-image-3868\" src=\"https:\/\/www.mlkjlasers.com\/wp-content\/uploads\/2026\/01\/V26-1200W-\u6d77\u62a5-4.jpg\" alt=\"\" width=\"1920\" height=\"1152\" srcset=\"https:\/\/www.mlkjlasers.com\/wp-content\/uploads\/2026\/01\/V26-1200W-\u6d77\u62a5-4.jpg 750w, https:\/\/www.mlkjlasers.com\/wp-content\/uploads\/2026\/01\/V26-1200W-\u6d77\u62a5-4-300x180.jpg 300w, https:\/\/www.mlkjlasers.com\/wp-content\/uploads\/2026\/01\/V26-1200W-\u6d77\u62a5-4-18x12.jpg 18w, https:\/\/www.mlkjlasers.com\/wp-content\/uploads\/2026\/01\/V26-1200W-\u6d77\u62a5-4-600x360.jpg 600w\" sizes=\"(max-width: 1920px) 100vw, 1920px\" \/><\/div>\n<div><\/div>\n<div><\/div>\n<div><span style=\"color: #000000; font-family: helvetica, arial, sans-serif; font-size: 12pt;\">Estamos orgullosos de presentar el mango l\u00e1ser de diodo de vanguardia, una soluci\u00f3n sin igual para la depilaci\u00f3n indolora y permanente. A trav\u00e9s de un dise\u00f1o cient\u00edfico meticuloso, nuestro haz l\u00e1ser de alta energ\u00eda penetra sin esfuerzo en la piel, dirigi\u00e9ndose con precisi\u00f3n al fol\u00edculo piloso durante el tratamiento. Aprovechando el poder de la absorci\u00f3n de melanina, la salida del l\u00e1ser elimina eficazmente el fol\u00edculo piloso, garantizando resultados duraderos que te sorprender\u00e1n.<\/span><\/div>\n<div><\/div>\n<div><img decoding=\"async\" class=\"aligncenter wp-image-3866\" src=\"https:\/\/www.mlkjlasers.com\/wp-content\/uploads\/2026\/01\/V26-1200W-\u6d77\u62a5-2.jpg\" alt=\"\" width=\"1920\" height=\"1280\" srcset=\"https:\/\/www.mlkjlasers.com\/wp-content\/uploads\/2026\/01\/V26-1200W-\u6d77\u62a5-2.jpg 750w, https:\/\/www.mlkjlasers.com\/wp-content\/uploads\/2026\/01\/V26-1200W-\u6d77\u62a5-2-300x200.jpg 300w, https:\/\/www.mlkjlasers.com\/wp-content\/uploads\/2026\/01\/V26-1200W-\u6d77\u62a5-2-18x12.jpg 18w, https:\/\/www.mlkjlasers.com\/wp-content\/uploads\/2026\/01\/V26-1200W-\u6d77\u62a5-2-600x400.jpg 600w\" sizes=\"(max-width: 1920px) 100vw, 1920px\" \/><\/div>\n<div><\/div>\n<p><span style=\"font-family: helvetica, arial, sans-serif;\">Una de las caracter\u00edsticas clave que distingue nuestra tecnolog\u00eda es el uso de un ancho de pulso l\u00e1ser m\u00e1s corto que el cuerpo humano. Sentir el tiempo. Esto significa que el tratamiento es r\u00e1pido, y con cada disparo de luz terminando en un instante, usted&#8217; Casi no notar\u00e9 ninguna molestia. S\u00ed, has le\u00eddo bien: la depilaci\u00f3n indolora es ahora una realidad, revolucionando la forma en que abordamos los tratamientos cosm\u00e9ticos y mejorando la comodidad de nuestros clientes.<\/span><\/p>\n<p><span style=\"font-family: helvetica, arial, sans-serif;\">El mango l\u00e1ser de diodo est\u00e1 dise\u00f1ado con versatilidad en mente. Puede eliminar eficazmente el pelo de diferentes colores, grosores y tonos, lo que lo convierte en la soluci\u00f3n perfecta para una amplia gama de tipos de piel y necesidades de depilaci\u00f3n. Con la innovaci\u00f3n en su n\u00facleo, nuestra cabeza l\u00e1ser \u00fanica cuenta con una superficie m\u00e1s grande, lo que permite una eliminaci\u00f3n del pelo un 40% m\u00e1s r\u00e1pida en comparaci\u00f3n con otras tecnolog\u00edas del mercado.<\/span><\/p>\n<p><span style=\"font-family: helvetica, arial, sans-serif;\"> <img decoding=\"async\" class=\"aligncenter wp-image-3870\" src=\"https:\/\/www.mlkjlasers.com\/wp-content\/uploads\/2026\/01\/V26-1200W-\u6d77\u62a5-6.jpg\" alt=\"\" width=\"1920\" height=\"1280\" srcset=\"https:\/\/www.mlkjlasers.com\/wp-content\/uploads\/2026\/01\/V26-1200W-\u6d77\u62a5-6.jpg 750w, https:\/\/www.mlkjlasers.com\/wp-content\/uploads\/2026\/01\/V26-1200W-\u6d77\u62a5-6-300x200.jpg 300w, https:\/\/www.mlkjlasers.com\/wp-content\/uploads\/2026\/01\/V26-1200W-\u6d77\u62a5-6-18x12.jpg 18w, https:\/\/www.mlkjlasers.com\/wp-content\/uploads\/2026\/01\/V26-1200W-\u6d77\u62a5-6-600x400.jpg 600w\" sizes=\"(max-width: 1920px) 100vw, 1920px\" \/><\/span><\/p>\n<p>&nbsp;<\/p>\n<p><span style=\"font-family: helvetica, arial, sans-serif;\">El tama\u00f1o del punto es 12 * 20 mm 12 * 35 mm, perfecto para la depilaci\u00f3n en todas las partes del cuerpo, con un plan de tratamiento de 3-5 sesiones, haciendo que el proceso sea esencialmente permanente<\/span><\/p>\n<p><span style=\"font-family: helvetica, arial, sans-serif; font-size: 14pt;\"><strong>Tecnolog\u00eda de refrigeraci\u00f3n<\/strong><\/span><br \/>\n<span style=\"font-family: helvetica, arial, sans-serif;\">Estas m\u00e1quinas utilizan tecnolog\u00eda de enfriamiento avanzada y operan a una baja temperatura de -31\u00b0C, lo que ofrece a los pacientes una comodidad sin igual durante la depilaci\u00f3n. Una vez encendido, el dispositivo proporciona enfriamiento instant\u00e1neo, lo que garantiza una experiencia indolora. Adem\u00e1s, el enfriamiento continuo durante todo el tratamiento minimiza cualquier riesgo potencial para la piel mientras conserva efectivamente el calor. Los pacientes ahora pueden disfrutar de un procedimiento completamente indolor, fresco y c\u00f3modo que establece un nuevo est\u00e1ndar para el tratamiento de depilaci\u00f3n.<\/span><\/p>\n<p><span style=\"font-family: helvetica, arial, sans-serif;\"><img loading=\"lazy\" decoding=\"async\" class=\"aligncenter wp-image-1823\" src=\"https:\/\/mlkjlasers.com\/wp-content\/uploads\/2023\/07\/\u767d\u8272V19_06.jpg\" alt=\"\" width=\"1920\" height=\"1024\" srcset=\"https:\/\/www.mlkjlasers.com\/wp-content\/uploads\/2023\/07\/\u767d\u8272V19_06.jpg 1200w, https:\/\/www.mlkjlasers.com\/wp-content\/uploads\/2023\/07\/\u767d\u8272V19_06-300x160.jpg 300w, https:\/\/www.mlkjlasers.com\/wp-content\/uploads\/2023\/07\/\u767d\u8272V19_06-1024x546.jpg 1024w, https:\/\/www.mlkjlasers.com\/wp-content\/uploads\/2023\/07\/\u767d\u8272V19_06-768x410.jpg 768w, https:\/\/www.mlkjlasers.com\/wp-content\/uploads\/2023\/07\/\u767d\u8272V19_06-600x320.jpg 600w\" sizes=\"(max-width: 1920px) 100vw, 1920px\" \/><\/span><\/p>\n<p><span style=\"font-family: helvetica, arial, sans-serif; font-size: 14pt;\"><strong>Opciones de tratamiento intensivo<\/strong><\/span><\/p>\n<p><span style=\"font-family: helvetica, arial, sans-serif;\">Adem\u00e1s de proporcionar una soluci\u00f3n completa de depilaci\u00f3n para todas las partes del cuerpo, estas m\u00e1quinas innovadoras tambi\u00e9n se pueden emparejar con cabezales de tratamiento del pelo nasal. <\/span><\/p>\n<p><span style=\"font-family: helvetica, arial, sans-serif;\">Esta caracter\u00edstica permite a los profesionales trabajar incluso con las \u00e1reas m\u00e1s peque\u00f1as, como los dedos, los o\u00eddos y el pelo de la nariz, ampliando as\u00ed el alcance de sus servicios.<\/span><\/p>\n<p><img loading=\"lazy\" decoding=\"async\" class=\"aligncenter wp-image-3867\" src=\"https:\/\/www.mlkjlasers.com\/wp-content\/uploads\/2026\/01\/V26-1200W-\u6d77\u62a5-3.jpg\" alt=\"\" width=\"1920\" height=\"1280\" srcset=\"https:\/\/www.mlkjlasers.com\/wp-content\/uploads\/2026\/01\/V26-1200W-\u6d77\u62a5-3.jpg 750w, https:\/\/www.mlkjlasers.com\/wp-content\/uploads\/2026\/01\/V26-1200W-\u6d77\u62a5-3-300x200.jpg 300w, https:\/\/www.mlkjlasers.com\/wp-content\/uploads\/2026\/01\/V26-1200W-\u6d77\u62a5-3-18x12.jpg 18w, https:\/\/www.mlkjlasers.com\/wp-content\/uploads\/2026\/01\/V26-1200W-\u6d77\u62a5-3-600x400.jpg 600w\" sizes=\"(max-width: 1920px) 100vw, 1920px\" \/><\/p>\n<p>&nbsp;<\/p>\n<h3 class=\"contents\" style=\"text-align: left;\"><span style=\"font-family: helvetica, arial, sans-serif; color: #000000; font-size: 14pt;\">Antes y despu\u00e9s<\/span><\/h3>\n<p><span style=\"font-family: helvetica, arial, sans-serif;\"><img loading=\"lazy\" decoding=\"async\" class=\"aligncenter wp-image-1853\" src=\"https:\/\/mlkjlasers.com\/wp-content\/uploads\/2023\/07\/\u8131\u6bdb-1.jpg\" alt=\"\" width=\"1920\" height=\"1271\" srcset=\"https:\/\/www.mlkjlasers.com\/wp-content\/uploads\/2023\/07\/\u8131\u6bdb-1.jpg 751w, https:\/\/www.mlkjlasers.com\/wp-content\/uploads\/2023\/07\/\u8131\u6bdb-1-300x199.jpg 300w, https:\/\/www.mlkjlasers.com\/wp-content\/uploads\/2023\/07\/\u8131\u6bdb-1-600x397.jpg 600w\" sizes=\"(max-width: 1920px) 100vw, 1920px\" \/><\/span><\/p>\n<p><span style=\"font-family: helvetica, arial, sans-serif; font-size: 14pt;\"><strong>Adem\u00e1s de sus caracter\u00edsticas de vanguardia, nuestro mango l\u00e1ser de diodo cuenta con una pantalla de 14 pulgadas que ofrece una experiencia t\u00e1ctil inteligente.<\/strong> <\/span><\/p>\n<p><span style=\"font-family: helvetica, arial, sans-serif;\">Es altamente personalizable, con seis diferentes estilos de piel para elegir, atendiendo a las diversas preferencias de nuestros usuarios. <\/span><\/p>\n<p><span style=\"font-family: helvetica, arial, sans-serif;\">El funcionamiento del dispositivo es f\u00e1cil, y proporcionamos habilidades de operaci\u00f3n y servicios de ense\u00f1anza completos para garantizar que sace el m\u00e1ximo provecho de esta tecnolog\u00eda notable.<\/span><\/p>\n<p><img loading=\"lazy\" decoding=\"async\" class=\"aligncenter wp-image-3869\" src=\"https:\/\/www.mlkjlasers.com\/wp-content\/uploads\/2026\/01\/V26-1200W-\u6d77\u62a5-5.jpg\" alt=\"\" width=\"1920\" height=\"1152\" srcset=\"https:\/\/www.mlkjlasers.com\/wp-content\/uploads\/2026\/01\/V26-1200W-\u6d77\u62a5-5.jpg 750w, https:\/\/www.mlkjlasers.com\/wp-content\/uploads\/2026\/01\/V26-1200W-\u6d77\u62a5-5-300x180.jpg 300w, https:\/\/www.mlkjlasers.com\/wp-content\/uploads\/2026\/01\/V26-1200W-\u6d77\u62a5-5-18x12.jpg 18w, https:\/\/www.mlkjlasers.com\/wp-content\/uploads\/2026\/01\/V26-1200W-\u6d77\u62a5-5-600x360.jpg 600w\" sizes=\"(max-width: 1920px) 100vw, 1920px\" \/><\/p>\n<p>&nbsp;<\/p>\n<div class=\"des_detail\">\n<p><strong><span style=\"font-family: helvetica, arial, sans-serif;\">MLKJ es una empresa de 18 a\u00f1os que integra el dise\u00f1o, el desarrollo, la producci\u00f3n y las ventas de instrumentos de belleza. <\/span><\/strong><\/p>\n<p><strong><span style=\"font-family: helvetica, arial, sans-serif;\">Tenemos certificaciones profesionales FDA y CE.<\/span><\/strong><\/p>\n<p><strong><span style=\"font-family: helvetica, arial, sans-serif;\">F\u00e1brica real, proceso de producci\u00f3n real, evaluaci\u00f3n real! <\/span><\/strong><\/p>\n<p><strong><span style=\"font-family: helvetica, arial, sans-serif;\">Bienvenido a nuestra empresa o visita de v\u00eddeo! <\/span><\/strong><\/p>\n<p><strong><span style=\"font-family: helvetica, arial, sans-serif;\">\u00a1S\u00f3lo cuando eliges un socio real se puede garantizar la calidad del producto!<\/span><\/strong><\/p>\n<p><span style=\"font-size: 18pt; font-family: helvetica, arial, sans-serif; color: #0000ff;\"><a style=\"color: #0000ff;\" href=\"https:\/\/www.mlkjlasers.com\/es\/contact-us\/\" target=\"_blank\" rel=\"noopener\">\u00a1Cont\u00e1ctenos ahora!<\/a><\/span><\/p>\n<p>&nbsp;<\/p>\n<\/div>","protected":false},"excerpt":{"rendered":"<p><span style=\"font-family: helvetica, arial, sans-serif;\">3 ondas diodo l\u00e1ser 808nm 755nm 1064nm, todo el tipo de piel se puede usar<\/span><\/p>\n<p><span style=\"font-family: helvetica, arial, sans-serif;\">Sistema \u00fanico de refrigeraci\u00f3n Dual-TEC, m\u00e1s eficaz para garantizar el trabajo de la m\u00e1quina, 24 horas sin tiempo de inactividad<\/span><\/p>\n<p><span style=\"font-family: helvetica, arial, sans-serif;\">Barras l\u00e1ser doradas de Alemania o Estados Unidos imporved<\/span><\/p>\n<p><span style=\"font-family: helvetica, arial, sans-serif;\">40.000.000 m\u00e1s vida \u00fatil Tratamiento para la depilaci\u00f3n r\u00e1pida e indolora<\/span><\/p>\n<p><span style=\"font-family: helvetica, arial, sans-serif;\">Depilaci\u00f3n permanente despu\u00e9s de 3-5 tratamientos<\/span><\/p>","protected":false},"featured_media":3878,"comment_status":"open","ping_status":"closed","template":"","meta":[],"product_cat":[15],"product_tag":[],"class_list":["post-1835","product","type-product","status-publish","has-post-thumbnail","hentry","product_cat-diode-laser-hair-removal-machine"],"_links":{"self":[{"href":"https:\/\/www.mlkjlasers.com\/es\/wp-json\/wp\/v2\/product\/1835","targetHints":{"allow":["GET"]}}],"collection":[{"href":"https:\/\/www.mlkjlasers.com\/es\/wp-json\/wp\/v2\/product"}],"about":[{"href":"https:\/\/www.mlkjlasers.com\/es\/wp-json\/wp\/v2\/types\/product"}],"replies":[{"embeddable":true,"href":"https:\/\/www.mlkjlasers.com\/es\/wp-json\/wp\/v2\/comments?post=1835"}],"wp:featuredmedia":[{"embeddable":true,"href":"https:\/\/www.mlkjlasers.com\/es\/wp-json\/wp\/v2\/media\/3878"}],"wp:attachment":[{"href":"https:\/\/www.mlkjlasers.com\/es\/wp-json\/wp\/v2\/media?parent=1835"}],"wp:term":[{"taxonomy":"product_cat","embeddable":true,"href":"https:\/\/www.mlkjlasers.com\/es\/wp-json\/wp\/v2\/product_cat?post=1835"},{"taxonomy":"product_tag","embeddable":true,"href":"https:\/\/www.mlkjlasers.com\/es\/wp-json\/wp\/v2\/product_tag?post=1835"}],"curies":[{"name":"wp","href":"https:\/\/api.w.org\/{rel}","templated":true}]}}