{"id":1855,"date":"2023-07-22T09:58:42","date_gmt":"2023-07-22T01:58:42","guid":{"rendered":"https:\/\/mlkjlasers.com\/?post_type=product&#038;p=1855"},"modified":"2026-01-26T09:23:22","modified_gmt":"2026-01-26T01:23:22","slug":"mlkj-medical-diode-laser-titanium-double-handle-hair-removal-machine-2-3","status":"publish","type":"product","link":"https:\/\/www.mlkjlasers.com\/es\/product\/mlkj-medical-diode-laser-titanium-double-handle-hair-removal-machine-2-3\/","title":{"rendered":"Tecnolog\u00eda de depilaci\u00f3n l\u00e1ser de diodo aprobada por la FDA M\u00e1quina de depilaci\u00f3n l\u00e1ser de diodo 808\u00a0"},"content":{"rendered":"<table style=\"border-collapse: collapse; width: 100%; height: 174px;\">\n<tbody>\n<tr style=\"height: 16px;\">\n<td style=\"width: 44.9553%; height: 16px;\"><span style=\"font-family: helvetica, arial, sans-serif; color: #000000; font-size: 14pt;\">M\u00e1quina de depilaci\u00f3n l\u00e1ser de diodo MLKJ\u00a0<\/span><\/td>\n<td style=\"width: 55.0447%; height: 16px;\"><span style=\"font-family: helvetica, arial, sans-serif; color: #000000; font-size: 14pt;\">N\u00famero de modelo: Diodo l\u00e1ser V17<\/span><\/td>\n<\/tr>\n<tr style=\"height: 24px;\">\n<td style=\"width: 44.9553%; height: 24px;\"><span style=\"font-family: helvetica, arial, sans-serif; color: #000000; font-size: 14pt;\">Longitud de onda: 808nm o 755 808 1064nm<\/span><\/td>\n<td style=\"width: 55.0447%; height: 24px;\"><span style=\"font-family: helvetica, arial, sans-serif; color: #000000; font-size: 14pt;\">Tama\u00f1o de la pantalla: pantalla t\u00e1ctil de 12 pulgadas<\/span><\/td>\n<\/tr>\n<tr style=\"height: 24px;\">\n<td style=\"width: 44.9553%; height: 24px;\"><span style=\"font-family: helvetica, arial, sans-serif; color: #000000; font-size: 14pt;\">Vida \u00fatil: 40 millones de disparos<\/span><\/td>\n<td style=\"width: 55.0447%; height: 24px;\"><span style=\"font-family: helvetica, arial, sans-serif; color: #000000; font-size: 14pt;\">Duraci\u00f3n del pulso: 10-300ms<\/span><\/td>\n<\/tr>\n<tr style=\"height: 24px;\">\n<td style=\"width: 44.9553%; height: 24px;\"><span style=\"font-family: helvetica, arial, sans-serif; color: #000000; font-size: 14pt;\">Tira l\u00e1ser: 100w para cada uno, barra l\u00e1ser coherente de Am\u00e9rica<\/span><\/td>\n<td style=\"width: 55.0447%; height: 24px;\"><span style=\"font-family: helvetica, arial, sans-serif; color: #000000; font-size: 14pt;\">Frecuencia: 1-10hz<\/span><\/td>\n<\/tr>\n<tr style=\"height: 24px;\">\n<td style=\"width: 44.9553%; height: 24px;\"><span style=\"font-family: helvetica, arial, sans-serif; color: #000000; font-size: 14pt;\">Tama\u00f1o del punto: tama\u00f1o del punto de 12x20mm y 12x35mm<\/span><\/td>\n<td style=\"width: 55.0447%; height: 24px;\"><span style=\"font-family: helvetica, arial, sans-serif; color: #000000; font-size: 14pt;\">Energ\u00eda: 1-150J<\/span><\/td>\n<\/tr>\n<tr style=\"height: 24px;\">\n<td style=\"width: 44.9553%; height: 24px;\"><span style=\"font-family: helvetica, arial, sans-serif; color: #000000; font-size: 14pt;\">Sistema de enfriamiento: aire de agua TEC<\/span><\/td>\n<td style=\"width: 55.0447%; height: 24px;\"><span style=\"font-family: helvetica, arial, sans-serif; color: #000000; font-size: 14pt;\">Potencia de la m\u00e1quina: 3000W<\/span><\/td>\n<\/tr>\n<tr style=\"height: 24px;\">\n<td style=\"width: 44.9553%; height: 24px;\"><span style=\"font-family: helvetica, arial, sans-serif; color: #000000; font-size: 14pt;\">Tensi\u00f3n: AC110V 60HZ \/ AC220V 50HZ<\/span><\/td>\n<td style=\"width: 55.0447%; height: 24px;\"><span style=\"font-family: helvetica, arial, sans-serif; color: #000000; font-size: 14pt;\">Tama\u00f1o de la m\u00e1quina: 1000mm * 480mm * 520mm<\/span><\/td>\n<\/tr>\n<tr style=\"height: 14px;\">\n<td style=\"width: 44.9553%; height: 14px;\"><span style=\"font-family: helvetica, arial, sans-serif; color: #000000; font-size: 14pt;\">Paquete: Caja de aluminio<\/span><\/td>\n<td style=\"width: 55.0447%; height: 14px;\"><span style=\"font-family: helvetica, arial, sans-serif; color: #000000; font-size: 14pt;\">Garant\u00eda de servicio: 2 a\u00f1os de garant\u00eda<\/span><\/td>\n<\/tr>\n<\/tbody>\n<\/table>\n<div><\/div>\n<div><span style=\"font-size: 14pt;\"><img fetchpriority=\"high\" decoding=\"async\" class=\"aligncenter wp-image-3542\" src=\"https:\/\/www.mlkjlasers.com\/wp-content\/uploads\/2026\/01\/808V174K-\u5c4f\u8be6\u60c5\u98751.jpg\" alt=\"\" width=\"1920\" height=\"2442\" srcset=\"https:\/\/www.mlkjlasers.com\/wp-content\/uploads\/2026\/01\/808V174K-\u5c4f\u8be6\u60c5\u98751.jpg 750w, https:\/\/www.mlkjlasers.com\/wp-content\/uploads\/2026\/01\/808V174K-\u5c4f\u8be6\u60c5\u98751-236x300.jpg 236w, https:\/\/www.mlkjlasers.com\/wp-content\/uploads\/2026\/01\/808V174K-\u5c4f\u8be6\u60c5\u98751-600x763.jpg 600w\" sizes=\"(max-width: 1920px) 100vw, 1920px\" \/><\/span><\/div>\n<div><\/div>\n<div><\/div>\n<div><span style=\"font-family: helvetica, arial, sans-serif; font-size: 14pt;\"><strong>La edici\u00f3n MLKJ combina 3 longitudes de onda l\u00e1ser en una \u00fanica pieza de mano innovadora, dirigida simult\u00e1neamente a diferentes profundidades de tejidos, as\u00ed como estructuras anat\u00f3micas dentro del fol\u00edculo piloso.<\/strong><\/span><\/div>\n<div>\n<div>\n<div class=\"J_module\">\n<div class=\"detail-decorate-json-renderer-container\">\n<div class=\"magic-4\">\n<div class=\"magic-5\">\n<div class=\"magic-6\" data-spm-anchor-id=\"a2700.wholesale.0.i58.1c986547E0aT7y\">\n<div class=\"magic-7\">\n<div style=\"text-align: left;\"><\/div>\n<div style=\"text-align: left;\"><span class=\"magic-9\" style=\"font-family: helvetica, arial, sans-serif; color: #000000; font-size: 14pt;\">TEC\/Compressor es una tecnolog\u00eda avanzada que enfr\u00eda continuamente la piel y facilita la temperatura controlada en el rango durante todo el tratamiento. Las hojas TEC en el mango minimizan los riesgos epid\u00e9rmicos mientras mantienen el calor. La temperatura permanece controlada y constante, lo que contribuye a la eficiencia del diodo. Los pacientes ahora pueden disfrutar de una experiencia completamente sin dolor, fresca y c\u00f3moda durante toda la sesi\u00f3n.<\/span><\/div>\n<div><img decoding=\"async\" class=\"aligncenter wp-image-3547\" src=\"https:\/\/www.mlkjlasers.com\/wp-content\/uploads\/2026\/01\/808V174K-\u5c4f\u8be6\u60c5\u98756.jpg\" alt=\"\" width=\"1920\" height=\"1892\" srcset=\"https:\/\/www.mlkjlasers.com\/wp-content\/uploads\/2026\/01\/808V174K-\u5c4f\u8be6\u60c5\u98756.jpg 750w, https:\/\/www.mlkjlasers.com\/wp-content\/uploads\/2026\/01\/808V174K-\u5c4f\u8be6\u60c5\u98756-300x296.jpg 300w, https:\/\/www.mlkjlasers.com\/wp-content\/uploads\/2026\/01\/808V174K-\u5c4f\u8be6\u60c5\u98756-600x591.jpg 600w, https:\/\/www.mlkjlasers.com\/wp-content\/uploads\/2026\/01\/808V174K-\u5c4f\u8be6\u60c5\u98756-100x100.jpg 100w\" sizes=\"(max-width: 1920px) 100vw, 1920px\" \/><\/div>\n<\/div>\n<\/div>\n<\/div>\n<\/div>\n<\/div>\n<\/div>\n<\/div>\n<div class=\"text-title\">\n<div><\/div>\n<div class=\"magic-17\"><span class=\"magic-9\" style=\"color: #000000; font-family: helvetica, arial, sans-serif; font-size: 14pt;\" data-spm-anchor-id=\"a2700.wholesale.0.i63.1c986547E0aT7y\">12 * 20 mm o 12 * 35 mm tama\u00f1o del punto adecuado para todas las partes de la eliminaci\u00f3n del pelo<\/span><\/div>\n<\/div>\n<div class=\"text-content\">\n<div class=\"magic-17\" data-spm-anchor-id=\"a2700.wholesale.0.i64.1c986547E0aT7y\"><span class=\"magic-18\" style=\"color: #000000; font-family: helvetica, arial, sans-serif; font-size: 14pt;\"><b data-spm-anchor-id=\"a2700.wholesale.0.i66.1c986547E0aT7y\">3&#8212; 5 sesiones obtienen resultado de depilaci\u00f3n de por vida, depilaci\u00f3n permanente<\/b><\/span><\/div>\n<div data-spm-anchor-id=\"a2700.wholesale.0.i64.1c986547E0aT7y\"><\/div>\n<div data-spm-anchor-id=\"a2700.wholesale.0.i64.1c986547E0aT7y\">\n<div class=\"magic-17\" data-spm-anchor-id=\"a2700.wholesale.0.i68.1c986547E0aT7y\"><span class=\"magic-35\" style=\"font-family: helvetica, arial, sans-serif; font-size: 14pt;\">* Seguro, R\u00e1pido, <b>Indolorable<\/b>,<b>permanente<\/b><\/span><\/div>\n<div class=\"magic-17\" data-spm-anchor-id=\"a2700.wholesale.0.i68.1c986547E0aT7y\"><span class=\"magic-35\" style=\"font-family: helvetica, arial, sans-serif; font-size: 14pt;\">* Para todas las depilaciones de piel y cabello<\/span><\/div>\n<div>\n<div class=\"magic-17\"><span style=\"font-family: helvetica, arial, sans-serif; font-size: 14pt;\">* Sin tiempo de inactividad<\/span><\/div>\n<div class=\"magic-17\" data-spm-anchor-id=\"a2700.wholesale.0.i67.1c986547E0aT7y\"><span style=\"font-family: helvetica, arial, sans-serif; font-size: 14pt;\">* Sin efectos secundarios<\/span><\/div>\n<\/div>\n<\/div>\n<\/div>\n<\/div>\n<div><span style=\"font-size: 14pt;\"><img decoding=\"async\" class=\"aligncenter wp-image-3549\" src=\"https:\/\/www.mlkjlasers.com\/wp-content\/uploads\/2026\/01\/808V174K-\u5c4f\u8be6\u60c5\u98758.jpg\" alt=\"\" width=\"1920\" height=\"1426\" srcset=\"https:\/\/www.mlkjlasers.com\/wp-content\/uploads\/2026\/01\/808V174K-\u5c4f\u8be6\u60c5\u98758.jpg 750w, https:\/\/www.mlkjlasers.com\/wp-content\/uploads\/2026\/01\/808V174K-\u5c4f\u8be6\u60c5\u98758-300x223.jpg 300w, https:\/\/www.mlkjlasers.com\/wp-content\/uploads\/2026\/01\/808V174K-\u5c4f\u8be6\u60c5\u98758-600x446.jpg 600w\" sizes=\"(max-width: 1920px) 100vw, 1920px\" \/><\/span><\/div>\n<div><\/div>\n<div><span style=\"font-family: helvetica, arial, sans-serif; font-size: 14pt;\">Al combinar los niveles de absorci\u00f3n y penetraci\u00f3n de tres longitudes de onda diferentes, junto con la cobertura del tratamiento, la comodidad y el bajo mantenimiento del l\u00e1ser diodo, logra el tratamiento de depilaci\u00f3n m\u00e1s seguro y completo disponible hoy en d\u00eda.<\/span><\/div>\n<div>\n<p><span style=\"font-family: helvetica, arial, sans-serif; font-size: 14pt;\"><strong>3 longitudes de onda combinadas que cubren el espectro \u00f3ptimo de tratamiento<\/strong><\/span><br \/>\n<span style=\"font-family: helvetica, arial, sans-serif; font-size: 14pt;\"><strong>Pr\u00e1cticamente indolora<\/strong><\/span><br \/>\n<span style=\"font-family: helvetica, arial, sans-serif; font-size: 14pt;\"><strong>Registro de seguridad comprobado<\/strong><\/span><br \/>\n<span style=\"font-family: helvetica, arial, sans-serif; font-size: 14pt;\"><strong>Todos los tipos de piel, incluso la piel bronceada<\/strong><\/span><\/p>\n<\/div>\n<div><span style=\"color: #000000; font-family: helvetica, arial, sans-serif; font-size: 14pt;\"><img loading=\"lazy\" decoding=\"async\" class=\"aligncenter wp-image-3545\" src=\"https:\/\/www.mlkjlasers.com\/wp-content\/uploads\/2026\/01\/808V174K-\u5c4f\u8be6\u60c5\u98754.jpg\" alt=\"\" width=\"1920\" height=\"2079\" srcset=\"https:\/\/www.mlkjlasers.com\/wp-content\/uploads\/2026\/01\/808V174K-\u5c4f\u8be6\u60c5\u98754.jpg 750w, https:\/\/www.mlkjlasers.com\/wp-content\/uploads\/2026\/01\/808V174K-\u5c4f\u8be6\u60c5\u98754-277x300.jpg 277w, https:\/\/www.mlkjlasers.com\/wp-content\/uploads\/2026\/01\/808V174K-\u5c4f\u8be6\u60c5\u98754-600x650.jpg 600w\" sizes=\"(max-width: 1920px) 100vw, 1920px\" \/><\/span><\/div>\n<div><\/div>\n<div><span style=\"font-family: helvetica, arial, sans-serif; font-size: 14pt;\"><strong>ALEX 755nm Longitud de onda: <\/strong><\/span><\/div>\n<div><span style=\"font-family: helvetica, arial, sans-serif; font-size: 14pt;\">Ideal para una amplia gama de tipos de cabello y colores, especialmente cabello claro y delgado. Ofrece una poderosa absorci\u00f3n de energ\u00eda por el crom\u00f3foro de melanina. <\/span><\/div>\n<div><span style=\"font-family: helvetica, arial, sans-serif; font-size: 14pt;\">Dirige al bulge del fol\u00edculo piloso con una penetraci\u00f3n m\u00e1s superficial. Especialmente eficaz para el cabello en \u00e1reas como las cejas y el labio superior. <\/span><\/div>\n<div><\/div>\n<div><span style=\"font-family: helvetica, arial, sans-serif; font-size: 14pt;\"><strong>Velocidad 808nm Longitud de onda:<\/strong><\/span><\/div>\n<div><span style=\"font-family: helvetica, arial, sans-serif; font-size: 14pt;\"> Longitud de onda cl\u00e1sica en depilaci\u00f3n l\u00e1ser (810nm). Ofrece penetraci\u00f3n profunda del fol\u00edculo piloso con alta potencia promedio. <\/span><\/div>\n<div><span style=\"font-family: helvetica, arial, sans-serif; font-size: 14pt;\">El gran tama\u00f1o del punto de 3,5 cm permite un tratamiento r\u00e1pido. Absorbe moderadamente la melanina, lo que la hace segura para los tipos de piel m\u00e1s oscuras. <\/span><\/div>\n<div><span style=\"font-family: helvetica, arial, sans-serif; font-size: 14pt;\">Se dirige al bulbo y bulbo del fol\u00edculo piloso. Ideal para tratar \u00e1reas como brazos, piernas, mejillas y barba. <\/span><\/div>\n<div><\/div>\n<div><span style=\"font-family: helvetica, arial, sans-serif; font-size: 14pt;\"><strong>DIODO LASER YAG 1064 para la piel m\u00e1s oscura: <\/strong><\/span><\/div>\n<div><span style=\"font-family: helvetica, arial, sans-serif; font-size: 14pt;\">Utiliza un l\u00e1ser de diodo basado en una longitud de onda ND: YAG. Absorbe moderadamente energ\u00eda por el crom\u00f3foro de melanina, adecuado para tonos de piel m\u00e1s oscuros. <\/span><\/div>\n<div><span style=\"font-family: helvetica, arial, sans-serif; font-size: 14pt;\">Elecci\u00f3n \u00f3ptima para pacientes con tonos de piel m\u00e1s oscuros.<\/span><\/div>\n<div>\n<div class=\"J_module\">\n<div class=\"detail-decorate-json-renderer-container\">\n<div class=\"magic-4\">\n<div class=\"magic-5\" data-spm-anchor-id=\"a2700.wholesale.0.i57.1c986547E0aT7y\">\n<div class=\"magic-6\"><span style=\"font-size: 14pt;\"><img loading=\"lazy\" decoding=\"async\" class=\"aligncenter wp-image-3544\" src=\"https:\/\/www.mlkjlasers.com\/wp-content\/uploads\/2026\/01\/808V174K-\u5c4f\u8be6\u60c5\u98753.jpg\" alt=\"\" width=\"1920\" height=\"2132\" srcset=\"https:\/\/www.mlkjlasers.com\/wp-content\/uploads\/2026\/01\/808V174K-\u5c4f\u8be6\u60c5\u98753.jpg 750w, https:\/\/www.mlkjlasers.com\/wp-content\/uploads\/2026\/01\/808V174K-\u5c4f\u8be6\u60c5\u98753-270x300.jpg 270w, https:\/\/www.mlkjlasers.com\/wp-content\/uploads\/2026\/01\/808V174K-\u5c4f\u8be6\u60c5\u98753-600x666.jpg 600w\" sizes=\"(max-width: 1920px) 100vw, 1920px\" \/><\/span><\/div>\n<\/div>\n<\/div>\n<\/div>\n<\/div>\n<\/div>\n<div><\/div>\n<div><span style=\"font-family: helvetica, arial, sans-serif; font-size: 14pt;\">* pantalla t\u00e1ctil de 12 pulgadas personalizable<\/span><\/div>\n<div>\n<div class=\"J_module\">\n<div class=\"icbu-pc-images magic-1\">\n<div class=\"flex-layout-v\">\n<div class=\"flex-layout-h magic-1\">\n<div class=\"magic-27\" style=\"text-align: left;\">\n<div class=\"des_detail\">\n<div class=\"magic-17\"><span style=\"font-family: helvetica, arial, sans-serif; font-size: 14pt;\">* Con masculino y femenino, 6 estilos de piel para elegir<\/span><br \/>\n<span style=\"font-family: helvetica, arial, sans-serif; font-size: 14pt;\">* F\u00e1cil de operar, proporcionando habilidades de operaci\u00f3n y servicios de ense\u00f1anza<\/span><br \/>\n<span style=\"font-family: helvetica, arial, sans-serif; font-size: 14pt;\">* El logotipo y el idioma gratis se pueden personalizar en la pantalla<\/span><\/div>\n<\/div>\n<\/div>\n<\/div>\n<div class=\"flex-layout-h magic-1\">\n<div><span style=\"font-size: 14pt;\"><img loading=\"lazy\" decoding=\"async\" class=\"aligncenter wp-image-3543\" src=\"https:\/\/www.mlkjlasers.com\/wp-content\/uploads\/2026\/01\/808V174K-\u5c4f\u8be6\u60c5\u98752.jpg\" alt=\"\" width=\"1920\" height=\"1216\" srcset=\"https:\/\/www.mlkjlasers.com\/wp-content\/uploads\/2026\/01\/808V174K-\u5c4f\u8be6\u60c5\u98752.jpg 750w, https:\/\/www.mlkjlasers.com\/wp-content\/uploads\/2026\/01\/808V174K-\u5c4f\u8be6\u60c5\u98752-300x190.jpg 300w, https:\/\/www.mlkjlasers.com\/wp-content\/uploads\/2026\/01\/808V174K-\u5c4f\u8be6\u60c5\u98752-600x380.jpg 600w\" sizes=\"(max-width: 1920px) 100vw, 1920px\" \/><\/span><\/div>\n<\/div>\n<div><\/div>\n<\/div>\n<\/div>\n<\/div>\n<div class=\"J_module\">\n<div class=\"detail-decorate-json-renderer-container\">\n<div>\n<div>\n<div class=\"J_module\">\n<div class=\"detail-decorate-json-renderer-container\">\n<div class=\"magic-4\">\n<div class=\"magic-17\" style=\"text-align: left;\"><span style=\"font-size: 14pt; color: #000000; font-family: helvetica, arial, sans-serif;\"><strong><span class=\"magic-8\"><span class=\"magic-11\">Enfriamiento de la m\u00e1quina de depilaci\u00f3n l\u00e1ser de diodo 755 808 1064<\/span><\/span><\/strong><\/span><\/div>\n<div style=\"text-align: left;\"><\/div>\n<div class=\"magic-5\">\n<div class=\"magic-6\" data-spm-anchor-id=\"a2700.wholesale.0.i58.1c986547E0aT7y\">\n<div class=\"magic-7\">\n<div style=\"text-align: left;\" data-spm-anchor-id=\"a2700.wholesale.0.i60.1c986547E0aT7y\"><span style=\"font-family: helvetica, arial, sans-serif; color: #000000; font-size: 14pt;\"><span class=\"magic-9\">* encender la m\u00e1quina, <\/span>enfriamiento inmediato, depilaci\u00f3n inmediata <\/span><\/div>\n<div style=\"text-align: left;\"><span class=\"magic-9\" style=\"font-family: helvetica, arial, sans-serif; color: #000000; font-size: 14pt;\">* buen enfriamiento mayor vida \u00fatil del mango<br \/>\n* efecto de depilaci\u00f3n indolora de hielo real<\/span><\/div>\n<\/div>\n<\/div>\n<\/div>\n<\/div>\n<\/div>\n<\/div>\n<\/div>\n<div class=\"text-content\">\n<div data-spm-anchor-id=\"a2700.wholesale.0.i64.1c986547E0aT7y\">\n<div>\n<div data-spm-anchor-id=\"a2700.wholesale.0.i67.1c986547E0aT7y\"><\/div>\n<div class=\"magic-17\" data-spm-anchor-id=\"a2700.wholesale.0.i67.1c986547E0aT7y\"><span style=\"color: #000000; font-family: helvetica, arial, sans-serif; font-size: 14pt;\">Antes y despu\u00e9s<\/span><\/div>\n<div data-spm-anchor-id=\"a2700.wholesale.0.i67.1c986547E0aT7y\"><img loading=\"lazy\" decoding=\"async\" class=\"aligncenter wp-image-3548\" src=\"https:\/\/www.mlkjlasers.com\/wp-content\/uploads\/2026\/01\/808V174K-\u5c4f\u8be6\u60c5\u98757.jpg\" alt=\"\" width=\"1920\" height=\"1695\" srcset=\"https:\/\/www.mlkjlasers.com\/wp-content\/uploads\/2026\/01\/808V174K-\u5c4f\u8be6\u60c5\u98757.jpg 750w, https:\/\/www.mlkjlasers.com\/wp-content\/uploads\/2026\/01\/808V174K-\u5c4f\u8be6\u60c5\u98757-300x265.jpg 300w, https:\/\/www.mlkjlasers.com\/wp-content\/uploads\/2026\/01\/808V174K-\u5c4f\u8be6\u60c5\u98757-600x530.jpg 600w\" sizes=\"(max-width: 1920px) 100vw, 1920px\" \/><\/div>\n<div data-spm-anchor-id=\"a2700.wholesale.0.i67.1c986547E0aT7y\"><\/div>\n<\/div>\n<\/div>\n<\/div>\n<\/div>\n<\/div>\n<\/div>\n<\/div>\n<div class=\"des_box1\">\n<p>&nbsp;<\/p>\n<p style=\"text-align: center;\"><span style=\"color: #000000; font-family: helvetica, arial, sans-serif; font-size: 14pt;\"><strong>\u00a1Puede emparejarse con la cabeza de tratamiento del cabello de la nariz!<\/strong><\/span><br \/>\n<span style=\"color: #000000; font-family: helvetica, arial, sans-serif; font-size: 14pt;\">Para la depilaci\u00f3n de partes peque\u00f1as, como dedos, o\u00eddos, pelo de nariz, etc.<\/span><\/p>\n<p>&nbsp;<\/p>\n<\/div>\n<p>&nbsp;<\/p>\n<p><span style=\"font-size: 14pt;\"><img loading=\"lazy\" decoding=\"async\" class=\"aligncenter wp-image-3546\" src=\"https:\/\/www.mlkjlasers.com\/wp-content\/uploads\/2026\/01\/808V174K-\u5c4f\u8be6\u60c5\u98755.jpg\" alt=\"\" width=\"1920\" height=\"1190\" srcset=\"https:\/\/www.mlkjlasers.com\/wp-content\/uploads\/2026\/01\/808V174K-\u5c4f\u8be6\u60c5\u98755.jpg 750w, https:\/\/www.mlkjlasers.com\/wp-content\/uploads\/2026\/01\/808V174K-\u5c4f\u8be6\u60c5\u98755-300x186.jpg 300w, https:\/\/www.mlkjlasers.com\/wp-content\/uploads\/2026\/01\/808V174K-\u5c4f\u8be6\u60c5\u98755-600x372.jpg 600w\" sizes=\"(max-width: 1920px) 100vw, 1920px\" \/><\/span><\/p>\n<div class=\"des_detail\">\n<div class=\"magic-17\">\n<div class=\"flex-layout-h magic-1\">\n<div class=\"magic-27\" style=\"text-align: left;\"><span style=\"font-family: helvetica, arial, sans-serif; font-size: 14pt; color: #000000;\"><strong>R\u00e1pido y Eficiente<\/strong><\/span><\/div>\n<div><\/div>\n<\/div>\n<div><span style=\"font-family: helvetica, arial, sans-serif; font-size: 14pt;\">La combinaci\u00f3n de estas longitudes de onda de l\u00e1ser diodo proporciona una soluci\u00f3n integral y eficaz para la depilaci\u00f3n en varios tipos de pelo y tonos de piel, garantizando resultados \u00f3ptimos y seguridad para todos los pacientes.<\/span><\/div>\n<div class=\"flex-layout-h magic-1\">\n<div><\/div>\n<div class=\"magic-27\" style=\"text-align: left;\"><span style=\"font-family: helvetica, arial, sans-serif; font-size: 14pt;\"><span style=\"color: #000000;\">Con un dise\u00f1o de cabeza l\u00e1ser m\u00e1s grande, estas m\u00e1quinas avanzadas pueden cubrir m\u00e1s \u00e1rea de superficie, <\/span><span style=\"color: #000000;\">haciendo que el proceso de depilaci\u00f3n sea hasta un 40% m\u00e1s r\u00e1pido que los sistemas convencionales. <\/span><\/span><\/div>\n<div><\/div>\n<div class=\"magic-27\" style=\"text-align: left;\"><span style=\"font-family: helvetica, arial, sans-serif; color: #000000; font-size: 14pt;\">Esta funci\u00f3n de ahorro de tiempo beneficia tanto a los clientes como a los profesionales, lo que permite una programaci\u00f3n m\u00e1s eficiente y sesiones m\u00e1s r\u00e1pidas.<\/span><\/div>\n<\/div>\n<\/div>\n<\/div>\n<p>&nbsp;<\/p>\n<p>&nbsp;<\/p>\n<div class=\"des_detail\">\n<p><span style=\"font-family: helvetica, arial, sans-serif; color: #000000; font-size: 14pt;\">FDA, CE, ISO13485, y siempre estamos buscando nueva inspiraci\u00f3n innovadora para traer productos m\u00e1s confiables a nuestros socios y clientes.<\/span><\/p>\n<p><span style=\"font-size: 14pt; font-family: helvetica, arial, sans-serif; color: #0000ff;\"><a style=\"color: #0000ff;\" href=\"https:\/\/www.mlkjlasers.com\/es\/contact-us\/\" target=\"_blank\" rel=\"noopener\">\u00a1Cont\u00e1ctenos ahora!<\/a><\/span><\/p>\n<p>&nbsp;<\/p>\n<\/div>","protected":false},"excerpt":{"rendered":"<p><span class=\"src\" data-group=\"2-0\">Una alta tasa de repetici\u00f3n de pulsos cortos se entregan profundamente en la dermis, logrando una alta potencia promedio y una acumulaci\u00f3n de calor terap\u00e9uticamente eficaz, pr\u00e1cticamente sin dolor. <\/span><\/p>\n<p><span class=\"src\" data-group=\"4-0\">El l\u00e1ser ICE enfr\u00eda la superficie de la piel, evitando quemaduras superficiales para la depilaci\u00f3n indolora. <\/span><\/p>\n<p><span class=\"src\" data-group=\"4-0\">Compromiso de FDA, CE e ISO. F\u00e1cil de operar, proporcionando habilidades de operaci\u00f3n y servicios de ense\u00f1anza. El logotipo y el idioma gratis se pueden personalizar en la pantalla<\/span><\/p>","protected":false},"featured_media":3534,"comment_status":"open","ping_status":"closed","template":"","meta":[],"product_cat":[15],"product_tag":[],"class_list":["post-1855","product","type-product","status-publish","has-post-thumbnail","hentry","product_cat-diode-laser-hair-removal-machine"],"_links":{"self":[{"href":"https:\/\/www.mlkjlasers.com\/es\/wp-json\/wp\/v2\/product\/1855","targetHints":{"allow":["GET"]}}],"collection":[{"href":"https:\/\/www.mlkjlasers.com\/es\/wp-json\/wp\/v2\/product"}],"about":[{"href":"https:\/\/www.mlkjlasers.com\/es\/wp-json\/wp\/v2\/types\/product"}],"replies":[{"embeddable":true,"href":"https:\/\/www.mlkjlasers.com\/es\/wp-json\/wp\/v2\/comments?post=1855"}],"wp:featuredmedia":[{"embeddable":true,"href":"https:\/\/www.mlkjlasers.com\/es\/wp-json\/wp\/v2\/media\/3534"}],"wp:attachment":[{"href":"https:\/\/www.mlkjlasers.com\/es\/wp-json\/wp\/v2\/media?parent=1855"}],"wp:term":[{"taxonomy":"product_cat","embeddable":true,"href":"https:\/\/www.mlkjlasers.com\/es\/wp-json\/wp\/v2\/product_cat?post=1855"},{"taxonomy":"product_tag","embeddable":true,"href":"https:\/\/www.mlkjlasers.com\/es\/wp-json\/wp\/v2\/product_tag?post=1855"}],"curies":[{"name":"wp","href":"https:\/\/api.w.org\/{rel}","templated":true}]}}