{"id":1866,"date":"2023-07-22T11:59:32","date_gmt":"2023-07-22T03:59:32","guid":{"rendered":"https:\/\/mlkjlasers.com\/?post_type=product&#038;p=1866"},"modified":"2026-01-27T09:57:11","modified_gmt":"2026-01-27T01:57:11","slug":"nd-yag-laser-tattoo-removal-2","status":"publish","type":"product","link":"https:\/\/www.mlkjlasers.com\/es\/product\/nd-yag-laser-tattoo-removal-2\/","title":{"rendered":"Cl\u00ednica m\u00e9dica 1064 532 755nm Q-conmutado nd yag l\u00e1ser picosegundo m\u00e1quina port\u00e1til de eliminaci\u00f3n del tatuaje del l\u00e1ser"},"content":{"rendered":"<div class=\"se4_tit\" style=\"text-align: left;\">\n<div class=\"l right\">\n<p><img fetchpriority=\"high\" decoding=\"async\" class=\"aligncenter size-full wp-image-3641\" src=\"https:\/\/www.mlkjlasers.com\/wp-content\/uploads\/2026\/01\/\u5c0f\u76ae\u79d2\u8be6\u60c5\u9875\u5207\u56fe-4.jpg\" alt=\"\" width=\"1920\" height=\"1080\" srcset=\"https:\/\/www.mlkjlasers.com\/wp-content\/uploads\/2026\/01\/\u5c0f\u76ae\u79d2\u8be6\u60c5\u9875\u5207\u56fe-4.jpg 1920w, https:\/\/www.mlkjlasers.com\/wp-content\/uploads\/2026\/01\/\u5c0f\u76ae\u79d2\u8be6\u60c5\u9875\u5207\u56fe-4-300x169.jpg 300w, https:\/\/www.mlkjlasers.com\/wp-content\/uploads\/2026\/01\/\u5c0f\u76ae\u79d2\u8be6\u60c5\u9875\u5207\u56fe-4-1024x576.jpg 1024w, https:\/\/www.mlkjlasers.com\/wp-content\/uploads\/2026\/01\/\u5c0f\u76ae\u79d2\u8be6\u60c5\u9875\u5207\u56fe-4-768x432.jpg 768w, https:\/\/www.mlkjlasers.com\/wp-content\/uploads\/2026\/01\/\u5c0f\u76ae\u79d2\u8be6\u60c5\u9875\u5207\u56fe-4-1536x864.jpg 1536w, https:\/\/www.mlkjlasers.com\/wp-content\/uploads\/2026\/01\/\u5c0f\u76ae\u79d2\u8be6\u60c5\u9875\u5207\u56fe-4-600x338.jpg 600w\" sizes=\"(max-width: 1920px) 100vw, 1920px\" \/><\/p>\n<\/div>\n<\/div>\n<div class=\"des2\" style=\"text-align: left;\">\n<div class=\"des_box1\">\n<p><strong><span style=\"font-family: helvetica, arial, sans-serif; font-size: 14pt;\">Equipo l\u00e1ser de picosegundos con 6 cabezales de tratamiento: fijo 1064&amp; 532nm, 1320nm, 755nm y ajustable 1064&amp; 532 nm<\/span><\/strong><br \/>\n<span style=\"font-family: helvetica, arial, sans-serif; font-size: 14pt;\">* 1064nm para quitar el tatuaje de color negro, azul, cian en la ceja, la l\u00ednea labial, el brazo y otra parte del cuerpo.<\/span><br \/>\n<span style=\"font-family: helvetica, arial, sans-serif; font-size: 14pt;\">* 532nm para quitar el tatuaje de color rojo, caf\u00e9, marr\u00f3n en la ceja, la l\u00ednea labial, el brazo y otra parte del cuerpo.<\/span><br \/>\n<span style=\"font-family: helvetica, arial, sans-serif; font-size: 14pt;\">* 1064 ajustable y amp; 532nm para la eliminaci\u00f3n de tatuajes de acres grandes.<\/span><br \/>\n<span style=\"font-family: helvetica, arial, sans-serif; font-size: 14pt;\">* 755nm para la eliminaci\u00f3n de la piel amarilla.<\/span><br \/>\n<span style=\"font-family: helvetica, arial, sans-serif; font-size: 14pt;\">* 1320nm para mu\u00f1eca negra, rejuvenecimiento de la piel y blanqueamiento.<\/span><\/p>\n<\/div>\n<p><span style=\"font-size: 14pt;\"><img decoding=\"async\" class=\"aligncenter size-full wp-image-3638\" src=\"https:\/\/www.mlkjlasers.com\/wp-content\/uploads\/2026\/01\/\u5c0f\u76ae\u79d2\u8be6\u60c5\u9875\u5207\u56fe-1.jpg\" alt=\"\" width=\"1920\" height=\"1080\" srcset=\"https:\/\/www.mlkjlasers.com\/wp-content\/uploads\/2026\/01\/\u5c0f\u76ae\u79d2\u8be6\u60c5\u9875\u5207\u56fe-1.jpg 1920w, https:\/\/www.mlkjlasers.com\/wp-content\/uploads\/2026\/01\/\u5c0f\u76ae\u79d2\u8be6\u60c5\u9875\u5207\u56fe-1-300x169.jpg 300w, https:\/\/www.mlkjlasers.com\/wp-content\/uploads\/2026\/01\/\u5c0f\u76ae\u79d2\u8be6\u60c5\u9875\u5207\u56fe-1-1024x576.jpg 1024w, https:\/\/www.mlkjlasers.com\/wp-content\/uploads\/2026\/01\/\u5c0f\u76ae\u79d2\u8be6\u60c5\u9875\u5207\u56fe-1-768x432.jpg 768w, https:\/\/www.mlkjlasers.com\/wp-content\/uploads\/2026\/01\/\u5c0f\u76ae\u79d2\u8be6\u60c5\u9875\u5207\u56fe-1-1536x864.jpg 1536w, https:\/\/www.mlkjlasers.com\/wp-content\/uploads\/2026\/01\/\u5c0f\u76ae\u79d2\u8be6\u60c5\u9875\u5207\u56fe-1-600x338.jpg 600w\" sizes=\"(max-width: 1920px) 100vw, 1920px\" \/><\/span><\/p>\n<\/div>\n<div class=\"des2\" style=\"text-align: left;\">\n<p><span style=\"font-family: helvetica, arial, sans-serif; font-size: 14pt;\"><strong>Caracter\u00edsticas t\u00e9cnicas del l\u00e1ser Picosencond:<\/strong><\/span><\/p>\n<p><span style=\"font-family: helvetica, arial, sans-serif; font-size: 14pt;\">1) Ninguna lesi\u00f3n a la piel y el fol\u00edculo piloso; No hay riesgo de cicatrices.<\/span><br \/>\n<span style=\"font-family: helvetica, arial, sans-serif; font-size: 14pt;\">2) alta tecnolog\u00eda l\u00e1ser de chorro instant\u00e1neo, est\u00e1ndar internacional de producci\u00f3n, prueba t\u00e9cnica estrictamente.<\/span><br \/>\n<span style=\"font-family: helvetica, arial, sans-serif; font-size: 14pt;\">3) Tratamiento indoloro, poco efecto secundario.<\/span><br \/>\n<span style=\"font-family: helvetica, arial, sans-serif; font-size: 14pt;\">4) El l\u00e1ser de picosegundos utiliza la barra l\u00e1ser de uni\u00f3n de cristal, con un largo tiempo de vida de m\u00e1s de 1 mill\u00f3n.<\/span><br \/>\n<span style=\"font-family: helvetica, arial, sans-serif; font-size: 14pt;\">5) 500W potencia DZ, 2 condensadores, energ\u00eda m\u00e1xima puede alcanzar 2000mj.<\/span><br \/>\n<span style=\"font-family: helvetica, arial, sans-serif; font-size: 14pt;\">6) garant\u00eda de 2 a\u00f1os para la m\u00e1quina, 1 a\u00f1o para el mango.<\/span><\/p>\n<p><span style=\"font-size: 14pt;\"><img decoding=\"async\" class=\"aligncenter size-full wp-image-3645\" src=\"https:\/\/www.mlkjlasers.com\/wp-content\/uploads\/2026\/01\/\u5c0f\u76ae\u79d2\u8be6\u60c5\u9875\u5207\u56fe-9.jpg\" alt=\"\" width=\"1920\" height=\"1080\" srcset=\"https:\/\/www.mlkjlasers.com\/wp-content\/uploads\/2026\/01\/\u5c0f\u76ae\u79d2\u8be6\u60c5\u9875\u5207\u56fe-9.jpg 1920w, https:\/\/www.mlkjlasers.com\/wp-content\/uploads\/2026\/01\/\u5c0f\u76ae\u79d2\u8be6\u60c5\u9875\u5207\u56fe-9-300x169.jpg 300w, https:\/\/www.mlkjlasers.com\/wp-content\/uploads\/2026\/01\/\u5c0f\u76ae\u79d2\u8be6\u60c5\u9875\u5207\u56fe-9-1024x576.jpg 1024w, https:\/\/www.mlkjlasers.com\/wp-content\/uploads\/2026\/01\/\u5c0f\u76ae\u79d2\u8be6\u60c5\u9875\u5207\u56fe-9-768x432.jpg 768w, https:\/\/www.mlkjlasers.com\/wp-content\/uploads\/2026\/01\/\u5c0f\u76ae\u79d2\u8be6\u60c5\u9875\u5207\u56fe-9-1536x864.jpg 1536w, https:\/\/www.mlkjlasers.com\/wp-content\/uploads\/2026\/01\/\u5c0f\u76ae\u79d2\u8be6\u60c5\u9875\u5207\u56fe-9-600x338.jpg 600w\" sizes=\"(max-width: 1920px) 100vw, 1920px\" \/><\/span><\/p>\n<p><span style=\"font-size: 14pt; font-family: helvetica, arial, sans-serif;\"><strong>Aplicaci\u00f3n del l\u00e1ser picosegundo:<\/strong><\/span><\/p>\n<p><span style=\"font-family: helvetica, arial, sans-serif; font-size: 14pt;\">El l\u00e1ser de picosegundo port\u00e1til m\u00e1s nuevo, adem\u00e1s de las cabezas de l\u00e1ser normales, tambi\u00e9n agrega cabezas de l\u00e1ser de picosegundo de 755nm, que pueden obtener una capa m\u00e1s profunda de la piel y hacer un efecto muy bueno para todo tipo de pecas: como el cloasma, el pigmento de la edad, etc.<\/span><\/p>\n<p><span style=\"font-family: helvetica, arial, sans-serif; font-size: 14pt;\">* 1064nm, la cabeza de 532nm puede hacer la eliminaci\u00f3n del tatuaje, la eliminaci\u00f3n de la l\u00ednea ocular, etc.<\/span><br \/>\n<span style=\"font-family: helvetica, arial, sans-serif; font-size: 14pt;\">* 1320nm puede hacer blanqueamiento de la piel de mu\u00f1eca negra.<\/span><\/p>\n<div class=\"des_box1\">\n<p><span style=\"font-size: 14pt;\"><img loading=\"lazy\" decoding=\"async\" class=\"aligncenter wp-image-3642\" src=\"https:\/\/www.mlkjlasers.com\/wp-content\/uploads\/2026\/01\/\u5c0f\u76ae\u79d2\u8be6\u60c5\u9875\u5207\u56fe-5.jpg\" alt=\"\" width=\"1920\" height=\"1728\" srcset=\"https:\/\/www.mlkjlasers.com\/wp-content\/uploads\/2026\/01\/\u5c0f\u76ae\u79d2\u8be6\u60c5\u9875\u5207\u56fe-5.jpg 1200w, https:\/\/www.mlkjlasers.com\/wp-content\/uploads\/2026\/01\/\u5c0f\u76ae\u79d2\u8be6\u60c5\u9875\u5207\u56fe-5-300x270.jpg 300w, https:\/\/www.mlkjlasers.com\/wp-content\/uploads\/2026\/01\/\u5c0f\u76ae\u79d2\u8be6\u60c5\u9875\u5207\u56fe-5-1024x922.jpg 1024w, https:\/\/www.mlkjlasers.com\/wp-content\/uploads\/2026\/01\/\u5c0f\u76ae\u79d2\u8be6\u60c5\u9875\u5207\u56fe-5-768x691.jpg 768w, https:\/\/www.mlkjlasers.com\/wp-content\/uploads\/2026\/01\/\u5c0f\u76ae\u79d2\u8be6\u60c5\u9875\u5207\u56fe-5-600x540.jpg 600w\" sizes=\"(max-width: 1920px) 100vw, 1920px\" \/><\/span><\/p>\n<\/div>\n<\/div>\n<div class=\"des2\">\n<div class=\"des_box1\">\n<div class=\"des\">\n<h3 class=\"contents\" style=\"text-align: left;\"><span style=\"font-family: helvetica, arial, sans-serif; font-size: 14pt;\">Antes y despu\u00e9s<\/span><\/h3>\n<div style=\"text-align: left;\"><span style=\"font-family: helvetica, arial, sans-serif; font-size: 14pt;\"> <img loading=\"lazy\" decoding=\"async\" class=\"aligncenter size-full wp-image-3643\" src=\"https:\/\/www.mlkjlasers.com\/wp-content\/uploads\/2026\/01\/\u5c0f\u76ae\u79d2\u8be6\u60c5\u9875\u5207\u56fe-6.jpg\" alt=\"\" width=\"1700\" height=\"1000\" srcset=\"https:\/\/www.mlkjlasers.com\/wp-content\/uploads\/2026\/01\/\u5c0f\u76ae\u79d2\u8be6\u60c5\u9875\u5207\u56fe-6.jpg 1700w, https:\/\/www.mlkjlasers.com\/wp-content\/uploads\/2026\/01\/\u5c0f\u76ae\u79d2\u8be6\u60c5\u9875\u5207\u56fe-6-300x176.jpg 300w, https:\/\/www.mlkjlasers.com\/wp-content\/uploads\/2026\/01\/\u5c0f\u76ae\u79d2\u8be6\u60c5\u9875\u5207\u56fe-6-1024x602.jpg 1024w, https:\/\/www.mlkjlasers.com\/wp-content\/uploads\/2026\/01\/\u5c0f\u76ae\u79d2\u8be6\u60c5\u9875\u5207\u56fe-6-768x452.jpg 768w, https:\/\/www.mlkjlasers.com\/wp-content\/uploads\/2026\/01\/\u5c0f\u76ae\u79d2\u8be6\u60c5\u9875\u5207\u56fe-6-1536x904.jpg 1536w, https:\/\/www.mlkjlasers.com\/wp-content\/uploads\/2026\/01\/\u5c0f\u76ae\u79d2\u8be6\u60c5\u9875\u5207\u56fe-6-600x353.jpg 600w\" sizes=\"(max-width: 1700px) 100vw, 1700px\" \/><\/span><\/div>\n<div>\n<div style=\"text-align: left;\"><span style=\"font-family: helvetica, arial, sans-serif; font-size: 14pt;\"> <img loading=\"lazy\" decoding=\"async\" class=\"aligncenter size-full wp-image-3640\" src=\"https:\/\/www.mlkjlasers.com\/wp-content\/uploads\/2026\/01\/\u5c0f\u76ae\u79d2\u8be6\u60c5\u9875\u5207\u56fe-3.jpg\" alt=\"\" width=\"1920\" height=\"1516\" srcset=\"https:\/\/www.mlkjlasers.com\/wp-content\/uploads\/2026\/01\/\u5c0f\u76ae\u79d2\u8be6\u60c5\u9875\u5207\u56fe-3.jpg 1920w, https:\/\/www.mlkjlasers.com\/wp-content\/uploads\/2026\/01\/\u5c0f\u76ae\u79d2\u8be6\u60c5\u9875\u5207\u56fe-3-300x237.jpg 300w, https:\/\/www.mlkjlasers.com\/wp-content\/uploads\/2026\/01\/\u5c0f\u76ae\u79d2\u8be6\u60c5\u9875\u5207\u56fe-3-1024x809.jpg 1024w, https:\/\/www.mlkjlasers.com\/wp-content\/uploads\/2026\/01\/\u5c0f\u76ae\u79d2\u8be6\u60c5\u9875\u5207\u56fe-3-768x606.jpg 768w, https:\/\/www.mlkjlasers.com\/wp-content\/uploads\/2026\/01\/\u5c0f\u76ae\u79d2\u8be6\u60c5\u9875\u5207\u56fe-3-1536x1213.jpg 1536w, https:\/\/www.mlkjlasers.com\/wp-content\/uploads\/2026\/01\/\u5c0f\u76ae\u79d2\u8be6\u60c5\u9875\u5207\u56fe-3-600x474.jpg 600w\" sizes=\"(max-width: 1920px) 100vw, 1920px\" \/><\/span><\/div>\n<p style=\"text-align: left;\"><span style=\"font-family: helvetica, arial, sans-serif; font-size: 14pt;\"><strong>* Tratar manchas de la piel como pecas, manchas de caf\u00e9, manchas de fotoenvejecimiento, marcas de acn\u00e9 y arrugas, as\u00ed como tatuajes rojos y amarillos<\/strong><\/span><br \/>\n<span style=\"font-family: helvetica, arial, sans-serif; font-size: 14pt;\"><strong>* Tratar manchas d\u00e9rmicas como marrones<\/strong><\/span><br \/>\n<span style=\"font-family: helvetica, arial, sans-serif; font-size: 14pt;\"><strong>* Nevus ciano, nevus Ota, cloasma, pigmentaci\u00f3n, as\u00ed como blanqueamiento y aclaramiento para eliminar el amarillo, puede lavar tatuajes negros y azules<\/strong><\/span><br \/>\n<span style=\"font-family: helvetica, arial, sans-serif; font-size: 14pt;\"><strong>* Tratar los pozos del acn\u00e9, encoger los poros, apretar la piel y lograr el efecto del rejuvenecimiento de la piel.<\/strong><\/span><\/p>\n<div class=\"des\" style=\"text-align: left;\">\n<div class=\"des_item\">\n<table style=\"border-collapse: collapse; width: 100%; height: 120px;\">\n<tbody>\n<tr style=\"height: 24px;\">\n<td style=\"width: 50%; height: 24px;\"><span style=\"font-family: helvetica, arial, sans-serif; font-size: 14pt;\">Ventajas<\/span><\/td>\n<td style=\"width: 50%; height: 24px;\"><span style=\"font-family: helvetica, arial, sans-serif; font-size: 14pt;\">seguridad<\/span><\/td>\n<\/tr>\n<tr style=\"height: 24px;\">\n<td style=\"width: 50%; height: 24px;\"><span style=\"font-family: helvetica, arial, sans-serif; font-size: 14pt;\">R\u00e1pido, sin dolor<\/span><\/td>\n<td style=\"width: 50%; height: 24px;\"><span style=\"font-family: helvetica, arial, sans-serif; font-size: 14pt;\">Bajo ruido del sistema<\/span><\/td>\n<\/tr>\n<tr style=\"height: 24px;\">\n<td style=\"width: 50%; height: 24px;\"><span style=\"font-family: helvetica, arial, sans-serif; font-size: 14pt;\">No necesita anestesia local<\/span><\/td>\n<td style=\"width: 50%; height: 24px;\"><span style=\"font-family: helvetica, arial, sans-serif; font-size: 14pt;\">Reducir el tiempo de preparaci\u00f3n<\/span><\/td>\n<\/tr>\n<tr style=\"height: 24px;\">\n<td style=\"width: 50%; height: 24px;\"><span style=\"font-family: helvetica, arial, sans-serif; font-size: 14pt;\">Amplie su base de pacientes<\/span><\/td>\n<td style=\"width: 50%; height: 24px;\"><span style=\"font-family: helvetica, arial, sans-serif; font-size: 14pt;\">Aumenta tu beneficio<\/span><\/td>\n<\/tr>\n<tr style=\"height: 24px;\">\n<td style=\"width: 50%; height: 24px;\"><span style=\"font-family: helvetica, arial, sans-serif; font-size: 14pt;\">Adecuado para el tratamiento de todas las partes del cuerpo<\/span><\/td>\n<td style=\"width: 50%; height: 24px;\"><\/td>\n<\/tr>\n<\/tbody>\n<\/table>\n<p><span style=\"font-size: 14pt;\"><img loading=\"lazy\" decoding=\"async\" class=\"aligncenter wp-image-3639\" src=\"https:\/\/www.mlkjlasers.com\/wp-content\/uploads\/2026\/01\/\u5c0f\u76ae\u79d2\u8be6\u60c5\u9875\u5207\u56fe-2.jpg\" alt=\"\" width=\"1920\" height=\"909\" srcset=\"https:\/\/www.mlkjlasers.com\/wp-content\/uploads\/2026\/01\/\u5c0f\u76ae\u79d2\u8be6\u60c5\u9875\u5207\u56fe-2.jpg 1200w, https:\/\/www.mlkjlasers.com\/wp-content\/uploads\/2026\/01\/\u5c0f\u76ae\u79d2\u8be6\u60c5\u9875\u5207\u56fe-2-300x142.jpg 300w, https:\/\/www.mlkjlasers.com\/wp-content\/uploads\/2026\/01\/\u5c0f\u76ae\u79d2\u8be6\u60c5\u9875\u5207\u56fe-2-1024x485.jpg 1024w, https:\/\/www.mlkjlasers.com\/wp-content\/uploads\/2026\/01\/\u5c0f\u76ae\u79d2\u8be6\u60c5\u9875\u5207\u56fe-2-768x364.jpg 768w, https:\/\/www.mlkjlasers.com\/wp-content\/uploads\/2026\/01\/\u5c0f\u76ae\u79d2\u8be6\u60c5\u9875\u5207\u56fe-2-600x284.jpg 600w\" sizes=\"(max-width: 1920px) 100vw, 1920px\" \/><\/span><\/p>\n<\/div>\n<\/div>\n<div class=\"des_detail\">\n<h3 style=\"text-align: left;\"><span style=\"font-family: helvetica, arial, sans-serif; font-size: 14pt;\">Sistema de control inteligente de pantalla t\u00e1ctil led<\/span><\/h3>\n<h4 style=\"text-align: left;\"><span style=\"font-family: helvetica, arial, sans-serif; font-size: 14pt;\">\u00bb\u00bbPantalla profesional, f\u00e1cil de operar<\/span><\/h4>\n<h4 style=\"text-align: left;\"><span style=\"font-family: helvetica, arial, sans-serif; font-size: 14pt;\">\u00bb\u00bbIngl\u00e9s y cualquier idioma<\/span><\/h4>\n<h4 style=\"text-align: left;\"><span style=\"font-family: helvetica, arial, sans-serif; font-size: 14pt;\">\u00bbEl OEM es avialalbe<\/span><\/h4>\n<h4 style=\"text-align: left;\"><span style=\"font-family: helvetica, arial, sans-serif; font-size: 14pt;\">\u00bb\u00bbLogotipo personalizable gratis<\/span><\/h4>\n<table class=\"alignleft\" style=\"border-collapse: collapse; width: 100%; height: 120px;\">\n<tbody>\n<tr style=\"height: 24px;\">\n<td style=\"width: 50%; height: 24px;\"><span style=\"font-family: helvetica, arial, sans-serif; font-size: 14pt;\"><b>Eliminaci\u00f3n del tatuaje con l\u00e1ser de picosegundos<\/b><\/span><\/td>\n<td style=\"width: 50%; height: 24px;\"><span style=\"font-family: helvetica, arial, sans-serif; font-size: 14pt;\">N\u00famero de modelo: Picosegundo port\u00e1til<\/span><\/td>\n<\/tr>\n<tr style=\"height: 24px;\">\n<td style=\"width: 50%; height: 24px;\"><span style=\"font-family: helvetica, arial, sans-serif; font-size: 14pt;\">longitud de onda (luz): 1064nm 532nm (punto ajustable); 1064nm 532nm 1320nm 755nm (punto no ajustable)\u00a0<\/span><\/td>\n<td style=\"width: 50%; height: 24px;\"><span style=\"font-family: helvetica, arial, sans-serif; font-size: 14pt;\">Tiros: 1.500.000<\/span><\/td>\n<\/tr>\n<tr style=\"height: 24px;\">\n<td style=\"width: 50%; height: 24px;\"><span style=\"font-family: helvetica, arial, sans-serif; font-size: 14pt;\">Funci\u00f3n: eliminaci\u00f3n del tatuaje, blanqueamiento de la piel, rejuvenecimiento de la piel<\/span><\/td>\n<td style=\"width: 50%; height: 24px;\"><span style=\"font-family: helvetica, arial, sans-serif; font-size: 14pt;\">Tama\u00f1o de la pantalla: 8.4 pantalla t\u00e1ctil LCD<\/span><\/td>\n<\/tr>\n<tr style=\"height: 24px;\">\n<td style=\"width: 50%; height: 24px;\"><span style=\"font-family: helvetica, arial, sans-serif; font-size: 14pt;\">Punto de luz: 1-7mm ajustable<\/span><\/td>\n<td style=\"width: 50%; height: 24px;\"><span style=\"font-family: helvetica, arial, sans-serif; font-size: 14pt;\">Frecuencia: 1-20Hz<\/span><\/td>\n<\/tr>\n<tr style=\"height: 24px;\">\n<td style=\"width: 50%; height: 24px;\"><span style=\"font-family: helvetica, arial, sans-serif; font-size: 14pt;\">Paquete: Caja de aluminio<\/span><\/td>\n<td style=\"width: 50%; height: 24px;\"><span style=\"font-family: helvetica, arial, sans-serif; font-size: 14pt;\">Garant\u00eda: 2 a\u00f1os<\/span><\/td>\n<\/tr>\n<\/tbody>\n<\/table>\n<div class=\"se4_tit\" style=\"text-align: left;\">\n<div class=\"l right\">\n<p>&nbsp;<\/p>\n<\/div>\n<\/div>\n<p style=\"text-align: left;\">\n<\/div>\n<\/div>\n<\/div>\n<\/div>\n<\/div>","protected":false},"excerpt":{"rendered":"<p><span class=\"src\" data-group=\"0-0\">* Tratar manchas de la piel como pecas, manchas de caf\u00e9, manchas de fotoenvejecimiento, marcas de acn\u00e9 y arrugas, as\u00ed como tatuajes rojos y amarillos <\/span><\/p>\n<p><span class=\"src\" data-group=\"1-0\">* Tratar manchas d\u00e9rmicas como marrones <\/span><\/p>\n<p><span class=\"src\" data-group=\"2-0\">* Nevus ciano, nevus Ota, cloasma, pigmentaci\u00f3n, as\u00ed como blanqueamiento y aclaramiento para eliminar el amarillo, puede lavar tatuajes negros y azules <\/span><\/p>\n<p><span class=\"src\" data-group=\"3-0\">* Tratar los pozos del acn\u00e9, encoger los poros, apretar la piel y lograr el efecto del rejuvenecimiento de la piel.<\/span><\/p>","protected":false},"featured_media":3652,"comment_status":"open","ping_status":"closed","template":"","meta":[],"product_cat":[23],"product_tag":[],"class_list":["post-1866","product","type-product","status-publish","has-post-thumbnail","hentry","product_cat-picosecond-laser"],"_links":{"self":[{"href":"https:\/\/www.mlkjlasers.com\/es\/wp-json\/wp\/v2\/product\/1866","targetHints":{"allow":["GET"]}}],"collection":[{"href":"https:\/\/www.mlkjlasers.com\/es\/wp-json\/wp\/v2\/product"}],"about":[{"href":"https:\/\/www.mlkjlasers.com\/es\/wp-json\/wp\/v2\/types\/product"}],"replies":[{"embeddable":true,"href":"https:\/\/www.mlkjlasers.com\/es\/wp-json\/wp\/v2\/comments?post=1866"}],"wp:featuredmedia":[{"embeddable":true,"href":"https:\/\/www.mlkjlasers.com\/es\/wp-json\/wp\/v2\/media\/3652"}],"wp:attachment":[{"href":"https:\/\/www.mlkjlasers.com\/es\/wp-json\/wp\/v2\/media?parent=1866"}],"wp:term":[{"taxonomy":"product_cat","embeddable":true,"href":"https:\/\/www.mlkjlasers.com\/es\/wp-json\/wp\/v2\/product_cat?post=1866"},{"taxonomy":"product_tag","embeddable":true,"href":"https:\/\/www.mlkjlasers.com\/es\/wp-json\/wp\/v2\/product_tag?post=1866"}],"curies":[{"name":"wp","href":"https:\/\/api.w.org\/{rel}","templated":true}]}}