{"id":1916,"date":"2023-07-24T13:50:08","date_gmt":"2023-07-24T05:50:08","guid":{"rendered":"https:\/\/mlkjlasers.com\/?post_type=product&#038;p=1916"},"modified":"2026-01-30T09:14:23","modified_gmt":"2026-01-30T01:14:23","slug":"mlkj-medical-diode-laser-titanium-double-handle-hair-removal-machine-2-2-3","status":"publish","type":"product","link":"https:\/\/www.mlkjlasers.com\/es\/product\/mlkj-medical-diode-laser-titanium-double-handle-hair-removal-machine-2-2-3\/","title":{"rendered":"M\u00e1quina port\u00e1til del l\u00e1ser 755 808nm 1064nm m\u00e1quina de depilaci\u00f3n del l\u00e1ser del diodo"},"content":{"rendered":"<div>\n<table style=\"border-collapse: collapse; width: 100%; height: 167px;\">\n<tbody>\n<tr style=\"height: 23px;\">\n<td style=\"width: 50%; height: 23px;\"><span style=\"font-family: helvetica, arial, sans-serif; color: #000000; font-size: 12pt;\"><b>Depilaci\u00f3n l\u00e1ser de diodo Protable<\/b><\/span><\/td>\n<td style=\"width: 50%; height: 23px;\"><span style=\"font-family: helvetica, arial, sans-serif; color: #000000; font-size: 12pt;\">N\u00famero de modelo: Diodo Laser D10<\/span><\/td>\n<\/tr>\n<tr style=\"height: 24px;\">\n<td style=\"width: 50%; height: 24px;\"><span style=\"font-family: helvetica, arial, sans-serif; color: #000000; font-size: 12pt;\">Longitud de onda: 808nm o 755 808 1064nm<\/span><\/td>\n<td style=\"width: 50%; height: 24px;\"><span style=\"font-family: helvetica, arial, sans-serif; color: #000000; font-size: 12pt;\">Tama\u00f1o de la pantalla: pantalla t\u00e1ctil de estilo 4K de 14 pulgadas<\/span><\/td>\n<\/tr>\n<tr style=\"height: 24px;\">\n<td style=\"width: 50%; height: 24px;\"><span style=\"font-family: helvetica, arial, sans-serif; color: #000000; font-size: 12pt;\">Vida \u00fatil: 40 millones de disparos<\/span><\/td>\n<td style=\"width: 50%; height: 24px;\"><span style=\"font-family: helvetica, arial, sans-serif; color: #000000; font-size: 12pt;\">Duraci\u00f3n del pulso: 10-300ms<\/span><\/td>\n<\/tr>\n<tr style=\"height: 24px;\">\n<td style=\"width: 50%; height: 24px;\"><span style=\"font-family: helvetica, arial, sans-serif; color: #000000; font-size: 12pt;\">Tira l\u00e1ser: 1200w para cada uno, barra l\u00e1ser coherente de Am\u00e9rica<\/span><\/td>\n<td style=\"width: 50%; height: 24px;\"><span style=\"font-family: helvetica, arial, sans-serif; color: #000000; font-size: 12pt;\">Frecuencia: 1-10hz<\/span><\/td>\n<\/tr>\n<tr style=\"height: 24px;\">\n<td style=\"width: 50%; height: 24px;\"><span style=\"font-family: helvetica, arial, sans-serif; color: #000000; font-size: 12pt;\">Energ\u00eda: 1-150J<\/span><\/td>\n<td style=\"width: 50%; height: 24px;\"><span style=\"font-family: helvetica, arial, sans-serif; color: #000000; font-size: 12pt;\">Sistema de enfriamiento: circuito de agua del compresor<\/span><\/td>\n<\/tr>\n<tr style=\"height: 24px;\">\n<td style=\"width: 50%; height: 24px;\"><span style=\"font-family: helvetica, arial, sans-serif; color: #000000; font-size: 12pt;\">Potencia de la m\u00e1quina: 3500W<\/span><\/td>\n<td style=\"width: 50%; height: 24px;\"><span style=\"font-family: helvetica, arial, sans-serif; color: #000000; font-size: 12pt;\">Tensi\u00f3n: AC110V 60HZ \/ AC220V 50HZ<\/span><\/td>\n<\/tr>\n<tr style=\"height: 24px;\">\n<td style=\"width: 50%; height: 24px;\"><span style=\"font-family: helvetica, arial, sans-serif; color: #000000; font-size: 12pt;\">Paquete: Caja de aluminio<\/span><\/td>\n<td style=\"width: 50%; height: 24px;\"><span style=\"font-family: helvetica, arial, sans-serif; color: #000000; font-size: 12pt;\">Orden de detenci\u00f3n: garant\u00eda de por vida<\/span><\/td>\n<\/tr>\n<\/tbody>\n<\/table>\n<\/div>\n<p><img fetchpriority=\"high\" decoding=\"async\" class=\"aligncenter size-full wp-image-3903\" src=\"https:\/\/www.mlkjlasers.com\/wp-content\/uploads\/2026\/01\/D10-\u8be6\u60c5\u9875\u53ef\u7f16\u8f91_01.jpg\" alt=\"\" width=\"2342\" height=\"1545\" srcset=\"https:\/\/www.mlkjlasers.com\/wp-content\/uploads\/2026\/01\/D10-\u8be6\u60c5\u9875\u53ef\u7f16\u8f91_01.jpg 2342w, https:\/\/www.mlkjlasers.com\/wp-content\/uploads\/2026\/01\/D10-\u8be6\u60c5\u9875\u53ef\u7f16\u8f91_01-300x198.jpg 300w, https:\/\/www.mlkjlasers.com\/wp-content\/uploads\/2026\/01\/D10-\u8be6\u60c5\u9875\u53ef\u7f16\u8f91_01-1024x676.jpg 1024w, https:\/\/www.mlkjlasers.com\/wp-content\/uploads\/2026\/01\/D10-\u8be6\u60c5\u9875\u53ef\u7f16\u8f91_01-768x507.jpg 768w, https:\/\/www.mlkjlasers.com\/wp-content\/uploads\/2026\/01\/D10-\u8be6\u60c5\u9875\u53ef\u7f16\u8f91_01-1536x1013.jpg 1536w, https:\/\/www.mlkjlasers.com\/wp-content\/uploads\/2026\/01\/D10-\u8be6\u60c5\u9875\u53ef\u7f16\u8f91_01-2048x1351.jpg 2048w, https:\/\/www.mlkjlasers.com\/wp-content\/uploads\/2026\/01\/D10-\u8be6\u60c5\u9875\u53ef\u7f16\u8f91_01-18x12.jpg 18w, https:\/\/www.mlkjlasers.com\/wp-content\/uploads\/2026\/01\/D10-\u8be6\u60c5\u9875\u53ef\u7f16\u8f91_01-600x396.jpg 600w\" sizes=\"(max-width: 2342px) 100vw, 2342px\" \/><\/p>\n<p style=\"text-align: left;\"><span style=\"font-family: helvetica, arial, sans-serif; color: #000000; font-size: 12pt;\"><span style=\"font-size: 14pt;\"><strong>l\u00e1ser MLKJ<\/strong><\/span>\u00a0es el mundo&#8217; tecnolog\u00eda de depilaci\u00f3n permanente m\u00e1s avanzada e indolora. Para diferentes tipos de piel eliminaci\u00f3n del color del pelo, pelo de diferente grosor, pelo de diferentes tonos, etc.; El mango adopta un dise\u00f1o l\u00e1ser \u00fanico, la cabeza l\u00e1ser es m\u00e1s grande, por lo que puede cubrir m\u00e1s superficie, eliminaci\u00f3n del pelo 40% m\u00e1s r\u00e1pida que otros.<\/span><\/p>\n<p style=\"text-align: left;\"><span style=\"font-family: helvetica, arial, sans-serif; color: #000000; font-size: 12pt;\">4 ondas 755 808 940 1064nm, que tiene una amplia gama de aplicabilidad para diferentes tipos de depilaci\u00f3n, tenemos certificados FDA, CE, ISO13485, y siempre estamos buscando nueva inspiraci\u00f3n innovadora para traer productos m\u00e1s confiables a nuestros socios y clientes.<span style=\"color: #0000ff; font-size: 14pt;\"><strong><a style=\"color: #0000ff;\" href=\"https:\/\/www.mlkjlasers.com\/es\/contact-us\/\" target=\"_blank\" rel=\"noopener\">\u00a1Cont\u00e1ctenos ahora!<\/a><\/strong><\/span><\/span><\/p>\n<p>&nbsp;<\/p>\n<p><span style=\"font-family: helvetica, arial, sans-serif; color: #000000; font-size: 12pt;\">Con la introducci\u00f3n de <strong>755nm, 808nm, 1064nm<\/strong> tecnolog\u00eda de depilaci\u00f3n, la industria de la depilaci\u00f3n l\u00e1ser ha sufrido cambios revolucionarios<\/span><\/p>\n<p><span style=\"font-family: helvetica, arial, sans-serif; color: #000000; font-size: 12pt;\">Estos sistemas avanzados traen una nueva era de velocidad, eficiencia y comodidad, redefiniendo la experiencia de depilaci\u00f3n para clientes y profesionales por igual.<\/span><\/p>\n<div class=\"J_module\">\n<div class=\"flex-layout-h magic-1\"><span style=\"font-family: helvetica, arial, sans-serif; color: #000000; font-size: 12pt;\"><img decoding=\"async\" class=\"aligncenter wp-image-3910\" src=\"https:\/\/www.mlkjlasers.com\/wp-content\/uploads\/2026\/01\/D10-\u8be6\u60c5\u9875\u53ef\u7f16\u8f91_08.png\" alt=\"\" width=\"1920\" height=\"1124\" srcset=\"https:\/\/www.mlkjlasers.com\/wp-content\/uploads\/2026\/01\/D10-\u8be6\u60c5\u9875\u53ef\u7f16\u8f91_08.png 1170w, https:\/\/www.mlkjlasers.com\/wp-content\/uploads\/2026\/01\/D10-\u8be6\u60c5\u9875\u53ef\u7f16\u8f91_08-300x176.png 300w, https:\/\/www.mlkjlasers.com\/wp-content\/uploads\/2026\/01\/D10-\u8be6\u60c5\u9875\u53ef\u7f16\u8f91_08-1024x600.png 1024w, https:\/\/www.mlkjlasers.com\/wp-content\/uploads\/2026\/01\/D10-\u8be6\u60c5\u9875\u53ef\u7f16\u8f91_08-768x450.png 768w, https:\/\/www.mlkjlasers.com\/wp-content\/uploads\/2026\/01\/D10-\u8be6\u60c5\u9875\u53ef\u7f16\u8f91_08-18x12.png 18w, https:\/\/www.mlkjlasers.com\/wp-content\/uploads\/2026\/01\/D10-\u8be6\u60c5\u9875\u53ef\u7f16\u8f91_08-600x351.png 600w\" sizes=\"(max-width: 1920px) 100vw, 1920px\" \/><\/span><\/div>\n<div><\/div>\n<\/div>\n<div>\n<p><span style=\"font-family: helvetica, arial, sans-serif; color: #000000; font-size: 14pt;\"><strong>Depilaci\u00f3n completa<\/strong><\/span><\/p>\n<p><span style=\"font-family: helvetica, arial, sans-serif; color: #000000; font-size: 12pt;\">La versatilidad de estos sistemas l\u00e1ser es realmente excepcional. El tama\u00f1o del punto es 12 * 20 mm 12 * 35 mm, perfecto para la eliminaci\u00f3n del pelo en todas las partes del cuerpo<\/span><\/p>\n<p><span style=\"font-family: helvetica, arial, sans-serif; color: #000000; font-size: 12pt;\">Ya sea un \u00e1rea grande o un \u00e1rea fr\u00e1gil, los clientes ahora pueden obtener un efecto de depilaci\u00f3n de por vida con un plan de tratamiento de 3-5 sesiones, haciendo que el proceso sea esencialmente permanente.<\/span><\/p>\n<\/div>\n<p><img decoding=\"async\" class=\"aligncenter wp-image-3905\" src=\"https:\/\/www.mlkjlasers.com\/wp-content\/uploads\/2026\/01\/D10-\u8be6\u60c5\u9875\u53ef\u7f16\u8f91_03.jpg\" alt=\"\" width=\"1920\" height=\"1701\" srcset=\"https:\/\/www.mlkjlasers.com\/wp-content\/uploads\/2026\/01\/D10-\u8be6\u60c5\u9875\u53ef\u7f16\u8f91_03.jpg 2342w, https:\/\/www.mlkjlasers.com\/wp-content\/uploads\/2026\/01\/D10-\u8be6\u60c5\u9875\u53ef\u7f16\u8f91_03-300x266.jpg 300w, https:\/\/www.mlkjlasers.com\/wp-content\/uploads\/2026\/01\/D10-\u8be6\u60c5\u9875\u53ef\u7f16\u8f91_03-1024x907.jpg 1024w, https:\/\/www.mlkjlasers.com\/wp-content\/uploads\/2026\/01\/D10-\u8be6\u60c5\u9875\u53ef\u7f16\u8f91_03-768x680.jpg 768w, https:\/\/www.mlkjlasers.com\/wp-content\/uploads\/2026\/01\/D10-\u8be6\u60c5\u9875\u53ef\u7f16\u8f91_03-1536x1361.jpg 1536w, https:\/\/www.mlkjlasers.com\/wp-content\/uploads\/2026\/01\/D10-\u8be6\u60c5\u9875\u53ef\u7f16\u8f91_03-2048x1815.jpg 2048w, https:\/\/www.mlkjlasers.com\/wp-content\/uploads\/2026\/01\/D10-\u8be6\u60c5\u9875\u53ef\u7f16\u8f91_03-14x12.jpg 14w, https:\/\/www.mlkjlasers.com\/wp-content\/uploads\/2026\/01\/D10-\u8be6\u60c5\u9875\u53ef\u7f16\u8f91_03-600x532.jpg 600w\" sizes=\"(max-width: 1920px) 100vw, 1920px\" \/><\/p>\n<p>&nbsp;<\/p>\n<p style=\"text-align: left;\"><span style=\"font-family: helvetica, arial, sans-serif; font-size: 14pt; color: #000000;\"><strong>Seguridad y eficacia<\/strong><\/span><\/p>\n<p style=\"text-align: left;\"><span style=\"font-family: helvetica, arial, sans-serif; color: #000000; font-size: 12pt;\">* FDA CE TUV MDL Certificado m\u00e9dico aprobado<\/span><br \/>\n<span style=\"font-family: helvetica, arial, sans-serif; color: #000000; font-size: 12pt;\">* Cuatro longitud de onda 755nm 808nm 940nm 1064nm diodo l\u00e1ser depilaci\u00f3n tecnolog\u00edas en un mango, adecuado para todos los colores de piel y pelo.<\/span><\/p>\n<p><span style=\"font-family: helvetica, arial, sans-serif; color: #000000; font-size: 12pt;\"><img loading=\"lazy\" decoding=\"async\" class=\"aligncenter size-full wp-image-3906\" src=\"https:\/\/www.mlkjlasers.com\/wp-content\/uploads\/2026\/01\/D10-\u8be6\u60c5\u9875\u53ef\u7f16\u8f91_04.jpg\" alt=\"\" width=\"2342\" height=\"1657\" srcset=\"https:\/\/www.mlkjlasers.com\/wp-content\/uploads\/2026\/01\/D10-\u8be6\u60c5\u9875\u53ef\u7f16\u8f91_04.jpg 2342w, https:\/\/www.mlkjlasers.com\/wp-content\/uploads\/2026\/01\/D10-\u8be6\u60c5\u9875\u53ef\u7f16\u8f91_04-300x212.jpg 300w, https:\/\/www.mlkjlasers.com\/wp-content\/uploads\/2026\/01\/D10-\u8be6\u60c5\u9875\u53ef\u7f16\u8f91_04-1024x724.jpg 1024w, https:\/\/www.mlkjlasers.com\/wp-content\/uploads\/2026\/01\/D10-\u8be6\u60c5\u9875\u53ef\u7f16\u8f91_04-768x543.jpg 768w, https:\/\/www.mlkjlasers.com\/wp-content\/uploads\/2026\/01\/D10-\u8be6\u60c5\u9875\u53ef\u7f16\u8f91_04-1536x1087.jpg 1536w, https:\/\/www.mlkjlasers.com\/wp-content\/uploads\/2026\/01\/D10-\u8be6\u60c5\u9875\u53ef\u7f16\u8f91_04-2048x1449.jpg 2048w, https:\/\/www.mlkjlasers.com\/wp-content\/uploads\/2026\/01\/D10-\u8be6\u60c5\u9875\u53ef\u7f16\u8f91_04-18x12.jpg 18w, https:\/\/www.mlkjlasers.com\/wp-content\/uploads\/2026\/01\/D10-\u8be6\u60c5\u9875\u53ef\u7f16\u8f91_04-600x425.jpg 600w\" sizes=\"(max-width: 2342px) 100vw, 2342px\" \/><\/span><\/p>\n<p><span style=\"font-family: helvetica, arial, sans-serif; color: #000000; font-size: 14pt;\"><strong>El enfriamiento con hielo disminuye el dolor<\/strong><\/span><\/p>\n<p><span style=\"font-family: helvetica, arial, sans-serif; color: #000000; font-size: 12pt;\">Ahora la tecnolog\u00eda con alta potencia y pulso corto asegura que: antes de que el cuerpo sienta dolor, el disparo de luz hab\u00eda terminado. Todo el proceso es muy c\u00f3modo, no siente dolor. Por lo general, 3-5 sesiones pueden lograr la depilaci\u00f3n permanente. Con el enfriamiento continuo de la piel, el dolor y la incomodidad del paciente se reducen significativamente.<\/span><\/p>\n<p><img loading=\"lazy\" decoding=\"async\" class=\"aligncenter size-full wp-image-3908\" src=\"https:\/\/www.mlkjlasers.com\/wp-content\/uploads\/2026\/01\/D10-\u8be6\u60c5\u9875\u53ef\u7f16\u8f91_06.jpg\" alt=\"\" width=\"2342\" height=\"1923\" srcset=\"https:\/\/www.mlkjlasers.com\/wp-content\/uploads\/2026\/01\/D10-\u8be6\u60c5\u9875\u53ef\u7f16\u8f91_06.jpg 2342w, https:\/\/www.mlkjlasers.com\/wp-content\/uploads\/2026\/01\/D10-\u8be6\u60c5\u9875\u53ef\u7f16\u8f91_06-300x246.jpg 300w, https:\/\/www.mlkjlasers.com\/wp-content\/uploads\/2026\/01\/D10-\u8be6\u60c5\u9875\u53ef\u7f16\u8f91_06-1024x841.jpg 1024w, https:\/\/www.mlkjlasers.com\/wp-content\/uploads\/2026\/01\/D10-\u8be6\u60c5\u9875\u53ef\u7f16\u8f91_06-768x631.jpg 768w, https:\/\/www.mlkjlasers.com\/wp-content\/uploads\/2026\/01\/D10-\u8be6\u60c5\u9875\u53ef\u7f16\u8f91_06-1536x1261.jpg 1536w, https:\/\/www.mlkjlasers.com\/wp-content\/uploads\/2026\/01\/D10-\u8be6\u60c5\u9875\u53ef\u7f16\u8f91_06-2048x1682.jpg 2048w, https:\/\/www.mlkjlasers.com\/wp-content\/uploads\/2026\/01\/D10-\u8be6\u60c5\u9875\u53ef\u7f16\u8f91_06-15x12.jpg 15w, https:\/\/www.mlkjlasers.com\/wp-content\/uploads\/2026\/01\/D10-\u8be6\u60c5\u9875\u53ef\u7f16\u8f91_06-600x493.jpg 600w\" sizes=\"(max-width: 2342px) 100vw, 2342px\" \/><\/p>\n<p class=\"contents\" style=\"text-align: left;\"><span style=\"font-size: 18pt;\"><strong><span style=\"font-family: helvetica, arial, sans-serif; color: #000000;\">Antes y despu\u00e9s<\/span><\/strong><\/span><\/p>\n<p><span style=\"font-family: helvetica, arial, sans-serif; color: #000000; font-size: 12pt;\"> <img loading=\"lazy\" decoding=\"async\" class=\"aligncenter size-full wp-image-3909\" src=\"https:\/\/www.mlkjlasers.com\/wp-content\/uploads\/2026\/01\/D10-\u8be6\u60c5\u9875\u53ef\u7f16\u8f91_07.jpg\" alt=\"\" width=\"2342\" height=\"1322\" srcset=\"https:\/\/www.mlkjlasers.com\/wp-content\/uploads\/2026\/01\/D10-\u8be6\u60c5\u9875\u53ef\u7f16\u8f91_07.jpg 2342w, https:\/\/www.mlkjlasers.com\/wp-content\/uploads\/2026\/01\/D10-\u8be6\u60c5\u9875\u53ef\u7f16\u8f91_07-300x169.jpg 300w, https:\/\/www.mlkjlasers.com\/wp-content\/uploads\/2026\/01\/D10-\u8be6\u60c5\u9875\u53ef\u7f16\u8f91_07-1024x578.jpg 1024w, https:\/\/www.mlkjlasers.com\/wp-content\/uploads\/2026\/01\/D10-\u8be6\u60c5\u9875\u53ef\u7f16\u8f91_07-768x434.jpg 768w, https:\/\/www.mlkjlasers.com\/wp-content\/uploads\/2026\/01\/D10-\u8be6\u60c5\u9875\u53ef\u7f16\u8f91_07-1536x867.jpg 1536w, https:\/\/www.mlkjlasers.com\/wp-content\/uploads\/2026\/01\/D10-\u8be6\u60c5\u9875\u53ef\u7f16\u8f91_07-2048x1156.jpg 2048w, https:\/\/www.mlkjlasers.com\/wp-content\/uploads\/2026\/01\/D10-\u8be6\u60c5\u9875\u53ef\u7f16\u8f91_07-18x10.jpg 18w, https:\/\/www.mlkjlasers.com\/wp-content\/uploads\/2026\/01\/D10-\u8be6\u60c5\u9875\u53ef\u7f16\u8f91_07-600x339.jpg 600w\" sizes=\"(max-width: 2342px) 100vw, 2342px\" \/><\/span><\/p>\n<p><span style=\"font-family: helvetica, arial, sans-serif; font-size: 14pt; color: #000000;\"><strong>Operaci\u00f3n y personalizaci\u00f3n inteligentes<\/strong><\/span><\/p>\n<p style=\"text-align: left;\"><span style=\"font-family: helvetica, arial, sans-serif; color: #000000; font-size: 12pt;\">Pantalla 4K de 12 pulgadas, experiencia t\u00e1ctil inteligente<\/span><br \/>\n<span style=\"font-family: helvetica, arial, sans-serif; color: #000000; font-size: 12pt;\">* Preajustes de tratamiento personalizables<\/span><br \/>\n<span style=\"font-family: helvetica, arial, sans-serif; color: #000000; font-size: 12pt;\">* Con masculino y femenino, 6 estilos de piel para elegir<\/span><br \/>\n<span style=\"font-family: helvetica, arial, sans-serif; color: #000000; font-size: 12pt;\">* F\u00e1cil de operar proporcionando habilidades de operaci\u00f3n \/ servicios de ense\u00f1anza<\/span><br \/>\n<span style=\"font-family: helvetica, arial, sans-serif; color: #000000; font-size: 12pt;\">* El logotipo y el idioma gratis se pueden personalizar en la pantalla<\/span><\/p>\n<p><span style=\"font-family: helvetica, arial, sans-serif; color: #000000; font-size: 12pt;\"> <img loading=\"lazy\" decoding=\"async\" class=\"aligncenter wp-image-3907\" src=\"https:\/\/www.mlkjlasers.com\/wp-content\/uploads\/2026\/01\/D10-\u8be6\u60c5\u9875\u53ef\u7f16\u8f91_05.png\" alt=\"\" width=\"1920\" height=\"1808\" srcset=\"https:\/\/www.mlkjlasers.com\/wp-content\/uploads\/2026\/01\/D10-\u8be6\u60c5\u9875\u53ef\u7f16\u8f91_05.png 1170w, https:\/\/www.mlkjlasers.com\/wp-content\/uploads\/2026\/01\/D10-\u8be6\u60c5\u9875\u53ef\u7f16\u8f91_05-300x283.png 300w, https:\/\/www.mlkjlasers.com\/wp-content\/uploads\/2026\/01\/D10-\u8be6\u60c5\u9875\u53ef\u7f16\u8f91_05-1024x964.png 1024w, https:\/\/www.mlkjlasers.com\/wp-content\/uploads\/2026\/01\/D10-\u8be6\u60c5\u9875\u53ef\u7f16\u8f91_05-768x723.png 768w, https:\/\/www.mlkjlasers.com\/wp-content\/uploads\/2026\/01\/D10-\u8be6\u60c5\u9875\u53ef\u7f16\u8f91_05-13x12.png 13w, https:\/\/www.mlkjlasers.com\/wp-content\/uploads\/2026\/01\/D10-\u8be6\u60c5\u9875\u53ef\u7f16\u8f91_05-600x565.png 600w\" sizes=\"(max-width: 1920px) 100vw, 1920px\" \/><\/span><\/p>\n<p><img loading=\"lazy\" decoding=\"async\" class=\"aligncenter size-full wp-image-3904\" src=\"https:\/\/www.mlkjlasers.com\/wp-content\/uploads\/2026\/01\/D10-\u8be6\u60c5\u9875\u53ef\u7f16\u8f91_02.jpg\" alt=\"\" width=\"2342\" height=\"1392\" srcset=\"https:\/\/www.mlkjlasers.com\/wp-content\/uploads\/2026\/01\/D10-\u8be6\u60c5\u9875\u53ef\u7f16\u8f91_02.jpg 2342w, https:\/\/www.mlkjlasers.com\/wp-content\/uploads\/2026\/01\/D10-\u8be6\u60c5\u9875\u53ef\u7f16\u8f91_02-300x178.jpg 300w, https:\/\/www.mlkjlasers.com\/wp-content\/uploads\/2026\/01\/D10-\u8be6\u60c5\u9875\u53ef\u7f16\u8f91_02-1024x609.jpg 1024w, https:\/\/www.mlkjlasers.com\/wp-content\/uploads\/2026\/01\/D10-\u8be6\u60c5\u9875\u53ef\u7f16\u8f91_02-768x456.jpg 768w, https:\/\/www.mlkjlasers.com\/wp-content\/uploads\/2026\/01\/D10-\u8be6\u60c5\u9875\u53ef\u7f16\u8f91_02-1536x913.jpg 1536w, https:\/\/www.mlkjlasers.com\/wp-content\/uploads\/2026\/01\/D10-\u8be6\u60c5\u9875\u53ef\u7f16\u8f91_02-2048x1217.jpg 2048w, https:\/\/www.mlkjlasers.com\/wp-content\/uploads\/2026\/01\/D10-\u8be6\u60c5\u9875\u53ef\u7f16\u8f91_02-18x12.jpg 18w, https:\/\/www.mlkjlasers.com\/wp-content\/uploads\/2026\/01\/D10-\u8be6\u60c5\u9875\u53ef\u7f16\u8f91_02-600x357.jpg 600w\" sizes=\"(max-width: 2342px) 100vw, 2342px\" \/><\/p>\n<p><img loading=\"lazy\" decoding=\"async\" class=\"aligncenter size-full wp-image-3911\" src=\"https:\/\/www.mlkjlasers.com\/wp-content\/uploads\/2026\/01\/D10-\u8be6\u60c5\u9875\u53ef\u7f16\u8f91_09-scaled.jpg\" alt=\"\" width=\"2069\" height=\"2560\" srcset=\"https:\/\/www.mlkjlasers.com\/wp-content\/uploads\/2026\/01\/D10-\u8be6\u60c5\u9875\u53ef\u7f16\u8f91_09-scaled.jpg 2069w, https:\/\/www.mlkjlasers.com\/wp-content\/uploads\/2026\/01\/D10-\u8be6\u60c5\u9875\u53ef\u7f16\u8f91_09-242x300.jpg 242w, https:\/\/www.mlkjlasers.com\/wp-content\/uploads\/2026\/01\/D10-\u8be6\u60c5\u9875\u53ef\u7f16\u8f91_09-828x1024.jpg 828w, https:\/\/www.mlkjlasers.com\/wp-content\/uploads\/2026\/01\/D10-\u8be6\u60c5\u9875\u53ef\u7f16\u8f91_09-768x950.jpg 768w, https:\/\/www.mlkjlasers.com\/wp-content\/uploads\/2026\/01\/D10-\u8be6\u60c5\u9875\u53ef\u7f16\u8f91_09-1241x1536.jpg 1241w, https:\/\/www.mlkjlasers.com\/wp-content\/uploads\/2026\/01\/D10-\u8be6\u60c5\u9875\u53ef\u7f16\u8f91_09-1655x2048.jpg 1655w, https:\/\/www.mlkjlasers.com\/wp-content\/uploads\/2026\/01\/D10-\u8be6\u60c5\u9875\u53ef\u7f16\u8f91_09-10x12.jpg 10w, https:\/\/www.mlkjlasers.com\/wp-content\/uploads\/2026\/01\/D10-\u8be6\u60c5\u9875\u53ef\u7f16\u8f91_09-600x742.jpg 600w\" sizes=\"(max-width: 2069px) 100vw, 2069px\" \/><\/p>\n<div class=\"des_detail\">\n<p><span style=\"font-family: helvetica, arial, sans-serif; font-size: 12pt; color: #000000;\">Tenemos <strong>La FDA<\/strong> y <strong>CE<\/strong> certificaciones profesionales, perseguir la innovaci\u00f3n y servicios de marca estables, y asegurar que los socios y clientes reciban productos fiables y de vanguardia.<\/span><br \/>\n<span style=\"font-family: helvetica, arial, sans-serif; font-size: 12pt; color: #000000;\">\u00a1Cont\u00e1ctenos ahora para experimentar esta tecnolog\u00eda de \u00faltima generaci\u00f3n y entrar en el futuro de la depilaci\u00f3n!<\/span><\/p>\n<p><strong><span style=\"font-size: 14pt; font-family: helvetica, arial, sans-serif; color: #0000ff;\"><a style=\"color: #0000ff;\" href=\"https:\/\/www.mlkjlasers.com\/es\/contact-us\/\" target=\"_blank\" rel=\"noopener\">\u00a1Cont\u00e1ctenos ahora!<\/a><\/span><\/strong><\/p>\n<p>&nbsp;<\/p>\n<\/div>","protected":false},"excerpt":{"rendered":"<p><span style=\"font-family: helvetica, arial, sans-serif;\">15 a\u00f1os de fabricante de instrumentos de belleza l\u00e1ser<\/span><\/p>\n<p><span style=\"font-family: helvetica, arial, sans-serif;\">Soluciones de personalizaci\u00f3n y tratamiento OEM\/ODM<\/span><\/p>\n<p><span style=\"font-family: helvetica, arial, sans-serif;\">3-5 sesiones pueden lograr la depilaci\u00f3n permanente<\/span><\/p>\n<p>Certificado m\u00e9dico de FDA CE TUV MDL aprobado<\/p>\n<p><a href=\"https:\/\/www.mlkjlasers.com\/es\/contact-us\/\">\u00a1Pregunte precios ahora!<\/a><\/p>","protected":false},"featured_media":3857,"comment_status":"open","ping_status":"closed","template":"","meta":[],"product_cat":[15],"product_tag":[],"class_list":["post-1916","product","type-product","status-publish","has-post-thumbnail","hentry","product_cat-diode-laser-hair-removal-machine"],"_links":{"self":[{"href":"https:\/\/www.mlkjlasers.com\/es\/wp-json\/wp\/v2\/product\/1916","targetHints":{"allow":["GET"]}}],"collection":[{"href":"https:\/\/www.mlkjlasers.com\/es\/wp-json\/wp\/v2\/product"}],"about":[{"href":"https:\/\/www.mlkjlasers.com\/es\/wp-json\/wp\/v2\/types\/product"}],"replies":[{"embeddable":true,"href":"https:\/\/www.mlkjlasers.com\/es\/wp-json\/wp\/v2\/comments?post=1916"}],"wp:featuredmedia":[{"embeddable":true,"href":"https:\/\/www.mlkjlasers.com\/es\/wp-json\/wp\/v2\/media\/3857"}],"wp:attachment":[{"href":"https:\/\/www.mlkjlasers.com\/es\/wp-json\/wp\/v2\/media?parent=1916"}],"wp:term":[{"taxonomy":"product_cat","embeddable":true,"href":"https:\/\/www.mlkjlasers.com\/es\/wp-json\/wp\/v2\/product_cat?post=1916"},{"taxonomy":"product_tag","embeddable":true,"href":"https:\/\/www.mlkjlasers.com\/es\/wp-json\/wp\/v2\/product_tag?post=1916"}],"curies":[{"name":"wp","href":"https:\/\/api.w.org\/{rel}","templated":true}]}}