{"id":2035,"date":"2023-07-25T14:29:49","date_gmt":"2023-07-25T06:29:49","guid":{"rendered":"https:\/\/mlkjlasers.com\/?post_type=product&#038;p=2035"},"modified":"2026-01-27T14:41:11","modified_gmt":"2026-01-27T06:41:11","slug":"4-handles-in-1-ems-body-sculpt-slimming-machine-2","status":"publish","type":"product","link":"https:\/\/www.mlkjlasers.com\/es\/product\/4-handles-in-1-ems-body-sculpt-slimming-machine-2\/","title":{"rendered":"M\u00e1quina de escultura del cuerpo 4 manijas M\u00e1quina de adelgazamiento de la p\u00e9rdida de peso del m\u00fasculo de la construcci\u00f3n electromagn\u00e9tica"},"content":{"rendered":"<p><span style=\"font-size: 14pt;\"><img fetchpriority=\"high\" decoding=\"async\" class=\"aligncenter size-full wp-image-3796\" src=\"https:\/\/www.mlkjlasers.com\/wp-content\/uploads\/2026\/01\/X.jpg\" alt=\"\" width=\"1920\" height=\"1080\" srcset=\"https:\/\/www.mlkjlasers.com\/wp-content\/uploads\/2026\/01\/X.jpg 1920w, https:\/\/www.mlkjlasers.com\/wp-content\/uploads\/2026\/01\/X-300x169.jpg 300w, https:\/\/www.mlkjlasers.com\/wp-content\/uploads\/2026\/01\/X-1024x576.jpg 1024w, https:\/\/www.mlkjlasers.com\/wp-content\/uploads\/2026\/01\/X-768x432.jpg 768w, https:\/\/www.mlkjlasers.com\/wp-content\/uploads\/2026\/01\/X-1536x864.jpg 1536w, https:\/\/www.mlkjlasers.com\/wp-content\/uploads\/2026\/01\/X-18x10.jpg 18w, https:\/\/www.mlkjlasers.com\/wp-content\/uploads\/2026\/01\/X-600x338.jpg 600w\" sizes=\"(max-width: 1920px) 100vw, 1920px\" \/><\/span><\/p>\n<p><span style=\"font-size: 14pt;\"><b>Construir m\u00fasculo<\/b><\/span><br \/>\n<span style=\"font-size: 14pt;\">Los m\u00fasculos se contraen 30.000 veces a alta frecuencia e intensidad, lo que permite el entrenamiento y el aumento de la densidad muscular y el volumen.<\/span><br \/>\n<span style=\"font-size: 14pt;\"><b>Reducir la grasa<\/b><\/span><br \/>\n<span style=\"font-size: 14pt;\">La contracci\u00f3n final de los m\u00fasculos requiere una gran cantidad de suministro de energ\u00eda, por lo que las c\u00e9lulas grasas junto a los m\u00fasculos tambi\u00e9n se consumen, lo que conduce a la apoptosis natural y la reducci\u00f3n efectiva de la grasa.<\/span><br \/>\n<span style=\"font-size: 14pt;\"><b>Escultura muscular<\/b><\/span><br \/>\n<span style=\"font-size: 14pt;\">Ejercitar los m\u00fasculos abdominales y gl\u00fateos, entrenar los m\u00fasculos oblicuos del abdomen y dar forma a la l\u00ednea de sirena.<\/span><\/p>\n<p><span style=\"font-size: 14pt;\"><img decoding=\"async\" class=\"aligncenter size-full wp-image-3767\" src=\"https:\/\/www.mlkjlasers.com\/wp-content\/uploads\/2026\/01\/pro-14.jpg\" alt=\"\" width=\"1920\" height=\"1080\" srcset=\"https:\/\/www.mlkjlasers.com\/wp-content\/uploads\/2026\/01\/pro-14.jpg 1920w, https:\/\/www.mlkjlasers.com\/wp-content\/uploads\/2026\/01\/pro-14-300x169.jpg 300w, https:\/\/www.mlkjlasers.com\/wp-content\/uploads\/2026\/01\/pro-14-1024x576.jpg 1024w, https:\/\/www.mlkjlasers.com\/wp-content\/uploads\/2026\/01\/pro-14-768x432.jpg 768w, https:\/\/www.mlkjlasers.com\/wp-content\/uploads\/2026\/01\/pro-14-1536x864.jpg 1536w, https:\/\/www.mlkjlasers.com\/wp-content\/uploads\/2026\/01\/pro-14-18x10.jpg 18w, https:\/\/www.mlkjlasers.com\/wp-content\/uploads\/2026\/01\/pro-14-600x338.jpg 600w\" sizes=\"(max-width: 1920px) 100vw, 1920px\" \/><\/span><\/p>\n<p><span style=\"font-size: 14pt;\">Funcionalidad Multimodo &#8211; Varios niveles de intensidad para tratamientos personalizados.<\/span><br \/>\n<span style=\"font-size: 14pt;\">R\u00e1pido &amp; Resultados visibles &#8211; Siente la diferencia en unas pocas sesiones.<\/span><br \/>\n<span style=\"font-size: 14pt;\">Seguridad &amp; No invasivo &#8211; Sin cirug\u00eda, sin tiempo de inactividad, sin dolor.<\/span><br \/>\n<span style=\"font-size: 14pt;\">Uso de cuerpo completo &#8211; Funciona en los abdominales, brazos, muslos, gl\u00fateos y m\u00e1s.<\/span><br \/>\n<span style=\"font-size: 14pt;\">F\u00e1cil de usar &#8211; Perfecto para uso en salones, cl\u00ednicas.<\/span><\/p>\n<p><span style=\"font-size: 14pt;\"><img decoding=\"async\" class=\"aligncenter size-full wp-image-3772\" src=\"https:\/\/www.mlkjlasers.com\/wp-content\/uploads\/2026\/01\/pro-20.jpg\" alt=\"\" width=\"1920\" height=\"1080\" srcset=\"https:\/\/www.mlkjlasers.com\/wp-content\/uploads\/2026\/01\/pro-20.jpg 1920w, https:\/\/www.mlkjlasers.com\/wp-content\/uploads\/2026\/01\/pro-20-300x169.jpg 300w, https:\/\/www.mlkjlasers.com\/wp-content\/uploads\/2026\/01\/pro-20-1024x576.jpg 1024w, https:\/\/www.mlkjlasers.com\/wp-content\/uploads\/2026\/01\/pro-20-768x432.jpg 768w, https:\/\/www.mlkjlasers.com\/wp-content\/uploads\/2026\/01\/pro-20-1536x864.jpg 1536w, https:\/\/www.mlkjlasers.com\/wp-content\/uploads\/2026\/01\/pro-20-18x10.jpg 18w, https:\/\/www.mlkjlasers.com\/wp-content\/uploads\/2026\/01\/pro-20-600x338.jpg 600w\" sizes=\"(max-width: 1920px) 100vw, 1920px\" \/><\/span><\/p>\n<p><span style=\"font-size: 14pt;\">Display de manija<\/span><\/p>\n<p><span style=\"font-size: 14pt;\"><img loading=\"lazy\" decoding=\"async\" class=\"aligncenter size-full wp-image-3791\" src=\"https:\/\/www.mlkjlasers.com\/wp-content\/uploads\/2026\/01\/m-16.jpg\" alt=\"\" width=\"1920\" height=\"1080\" srcset=\"https:\/\/www.mlkjlasers.com\/wp-content\/uploads\/2026\/01\/m-16.jpg 1920w, https:\/\/www.mlkjlasers.com\/wp-content\/uploads\/2026\/01\/m-16-300x169.jpg 300w, https:\/\/www.mlkjlasers.com\/wp-content\/uploads\/2026\/01\/m-16-1024x576.jpg 1024w, https:\/\/www.mlkjlasers.com\/wp-content\/uploads\/2026\/01\/m-16-768x432.jpg 768w, https:\/\/www.mlkjlasers.com\/wp-content\/uploads\/2026\/01\/m-16-1536x864.jpg 1536w, https:\/\/www.mlkjlasers.com\/wp-content\/uploads\/2026\/01\/m-16-18x10.jpg 18w, https:\/\/www.mlkjlasers.com\/wp-content\/uploads\/2026\/01\/m-16-600x338.jpg 600w\" sizes=\"(max-width: 1920px) 100vw, 1920px\" \/><\/span><\/p>\n<p><span style=\"font-size: 14pt;\">En el trabajo diario, cuando la manija act\u00faa sobre diferentes partes de diferentes clientes, se requieren diferentes par\u00e1metros. Cada manija puede ajustar los par\u00e1metros de forma independiente, satisfaciendo perfectamente los diferentes requisitos energ\u00e9ticos de diferentes partes cuando las manijas trabajan al mismo tiempo.<\/span><\/p>\n<p><span style=\"font-size: 14pt;\"><img loading=\"lazy\" decoding=\"async\" class=\"aligncenter size-full wp-image-3793\" src=\"https:\/\/www.mlkjlasers.com\/wp-content\/uploads\/2026\/01\/m-18.jpg\" alt=\"\" width=\"1920\" height=\"1080\" srcset=\"https:\/\/www.mlkjlasers.com\/wp-content\/uploads\/2026\/01\/m-18.jpg 1920w, https:\/\/www.mlkjlasers.com\/wp-content\/uploads\/2026\/01\/m-18-300x169.jpg 300w, https:\/\/www.mlkjlasers.com\/wp-content\/uploads\/2026\/01\/m-18-1024x576.jpg 1024w, https:\/\/www.mlkjlasers.com\/wp-content\/uploads\/2026\/01\/m-18-768x432.jpg 768w, https:\/\/www.mlkjlasers.com\/wp-content\/uploads\/2026\/01\/m-18-1536x864.jpg 1536w, https:\/\/www.mlkjlasers.com\/wp-content\/uploads\/2026\/01\/m-18-18x10.jpg 18w, https:\/\/www.mlkjlasers.com\/wp-content\/uploads\/2026\/01\/m-18-600x338.jpg 600w\" sizes=\"(max-width: 1920px) 100vw, 1920px\" \/><\/span><\/p>\n<p><span style=\"color: #000000; font-family: helvetica, arial, sans-serif; font-size: 14pt;\"><strong>Eliminaci\u00f3n de grasa EMS \/ La construcci\u00f3n muscular<\/strong><\/span><\/p>\n<p><span style=\"color: #000000; font-family: helvetica, arial, sans-serif; font-size: 14pt;\">mejorar la liberaci\u00f3n de epinefrina, lo que trae un efecto obvio que conduce a la lip\u00f3lisis supram\u00e1xima en las c\u00e9lulas grasas.<\/span><br \/>\n<span style=\"color: #000000; font-family: helvetica, arial, sans-serif; font-size: 14pt;\">Circulaci\u00f3n de la mejora linf\u00e1tica<\/span><br \/>\n<span style=\"color: #000000; font-family: helvetica, arial, sans-serif; font-size: 14pt;\">Las ondas electromagn\u00e9ticas estimulan la hemoglobina, aumentan el flujo sangu\u00edneo, la circulaci\u00f3n linf\u00e1tica.<\/span><br \/>\n<span style=\"color: #000000; font-family: helvetica, arial, sans-serif; font-size: 14pt;\">El procedimiento aumenta que las c\u00e9lulas grasas muertas se eliminan de forma natural.<\/span><\/p>\n<p><span style=\"font-size: 14pt;\"><img loading=\"lazy\" decoding=\"async\" class=\"aligncenter size-full wp-image-3790\" src=\"https:\/\/www.mlkjlasers.com\/wp-content\/uploads\/2026\/01\/m-14.jpg\" alt=\"\" width=\"1920\" height=\"1080\" srcset=\"https:\/\/www.mlkjlasers.com\/wp-content\/uploads\/2026\/01\/m-14.jpg 1920w, https:\/\/www.mlkjlasers.com\/wp-content\/uploads\/2026\/01\/m-14-300x169.jpg 300w, https:\/\/www.mlkjlasers.com\/wp-content\/uploads\/2026\/01\/m-14-1024x576.jpg 1024w, https:\/\/www.mlkjlasers.com\/wp-content\/uploads\/2026\/01\/m-14-768x432.jpg 768w, https:\/\/www.mlkjlasers.com\/wp-content\/uploads\/2026\/01\/m-14-1536x864.jpg 1536w, https:\/\/www.mlkjlasers.com\/wp-content\/uploads\/2026\/01\/m-14-18x10.jpg 18w, https:\/\/www.mlkjlasers.com\/wp-content\/uploads\/2026\/01\/m-14-600x338.jpg 600w\" sizes=\"(max-width: 1920px) 100vw, 1920px\" \/><span style=\"color: #000000; font-family: helvetica, arial, sans-serif;\"><strong>Ventajas de la escultura de onda magn\u00e9tica Ems Sculpt<\/strong><\/span><\/span><\/p>\n<p><span style=\"color: #000000; font-family: helvetica, arial, sans-serif; font-size: 14pt;\">1, todo el curso del calor de tratamiento, sin radiaci\u00f3n, no invasivo, sin per\u00edodo de recuperaci\u00f3n.<\/span><br \/>\n<span style=\"color: #000000; font-family: helvetica, arial, sans-serif; font-size: 14pt;\">2, estimular el crecimiento muscular al tiempo que promueve la descomposici\u00f3n de la grasa.<\/span><br \/>\n<span style=\"color: #000000; font-family: helvetica, arial, sans-serif; font-size: 14pt;\">3. Todo el tratamiento no necesita quitarse la ropa, no necesita aplicar el gel, simplemente acu\u00e9stese en la cama, ponga el marcapasos muscular en el sitio del tratamiento y complete un tratamiento en 30 minutos<\/span><br \/>\n<span style=\"color: #000000; font-family: helvetica, arial, sans-serif; font-size: 14pt;\">4. Manijas y una almohadilla de cadera, suite para todo el cuerpo<\/span><\/p>\n<p><span style=\"font-size: 14pt;\"><img loading=\"lazy\" decoding=\"async\" class=\"aligncenter size-full wp-image-3789\" src=\"https:\/\/www.mlkjlasers.com\/wp-content\/uploads\/2026\/01\/m-13.jpg\" alt=\"\" width=\"1920\" height=\"1080\" srcset=\"https:\/\/www.mlkjlasers.com\/wp-content\/uploads\/2026\/01\/m-13.jpg 1920w, https:\/\/www.mlkjlasers.com\/wp-content\/uploads\/2026\/01\/m-13-300x169.jpg 300w, https:\/\/www.mlkjlasers.com\/wp-content\/uploads\/2026\/01\/m-13-1024x576.jpg 1024w, https:\/\/www.mlkjlasers.com\/wp-content\/uploads\/2026\/01\/m-13-768x432.jpg 768w, https:\/\/www.mlkjlasers.com\/wp-content\/uploads\/2026\/01\/m-13-1536x864.jpg 1536w, https:\/\/www.mlkjlasers.com\/wp-content\/uploads\/2026\/01\/m-13-18x10.jpg 18w, https:\/\/www.mlkjlasers.com\/wp-content\/uploads\/2026\/01\/m-13-600x338.jpg 600w\" sizes=\"(max-width: 1920px) 100vw, 1920px\" \/><\/span><\/p>\n<p><span style=\"color: #000000; font-family: helvetica, arial, sans-serif; font-size: 14pt;\">Ems utiliza tecnolog\u00eda de ondas electromagn\u00e9ticas enfocadas de alta intensidad para estimular los m\u00fasculos para lograr la proliferaci\u00f3n de fibras musculares y estimular la lip\u00f3lisis al mismo tiempo para lograr la formaci\u00f3n corporal no invasiva, indolora y segura.<\/span><\/p>\n<p><span style=\"color: #000000; font-family: helvetica, arial, sans-serif; font-size: 14pt;\">Al hacer que el auto-m\u00fasculo se expanda y contraga continuamente, el entrenamiento extremo permite que el m\u00fasculo se remodele profundamente, es decir, el crecimiento de la miofibrila (ampliaci\u00f3n muscular) y la producci\u00f3n de nuevas cadenas de col\u00e1geno y fibras musculares (hiperplasia muscular), entrenando y aumentando as\u00ed la densidad y el volumen musculares. La contracci\u00f3n muscular l\u00edmite del 100% puede causar una gran cantidad de lip\u00f3lisis, \u00e1cidos grasos de la descomposici\u00f3n de los triglic\u00e9ridos, acumulados en las c\u00e9lulas grasas. La concentraci\u00f3n de \u00e1cidos grasos es demasiado alta, por lo que las c\u00e9lulas grasas apoptosis, en unas pocas semanas por el cuerpo&#8217; metabolismo normal excretado por el cuerpo. Por lo tanto, el tratamiento de escultura Ems puede lograr el efecto de la reducci\u00f3n de grasa mientras fortalece y aumenta los m\u00fasculos.<\/span><\/p>\n<p><span style=\"font-size: 14pt;\"><img loading=\"lazy\" decoding=\"async\" class=\"aligncenter size-full wp-image-3785\" src=\"https:\/\/www.mlkjlasers.com\/wp-content\/uploads\/2026\/01\/m-7.jpg\" alt=\"\" width=\"1920\" height=\"1080\" srcset=\"https:\/\/www.mlkjlasers.com\/wp-content\/uploads\/2026\/01\/m-7.jpg 1920w, https:\/\/www.mlkjlasers.com\/wp-content\/uploads\/2026\/01\/m-7-300x169.jpg 300w, https:\/\/www.mlkjlasers.com\/wp-content\/uploads\/2026\/01\/m-7-1024x576.jpg 1024w, https:\/\/www.mlkjlasers.com\/wp-content\/uploads\/2026\/01\/m-7-768x432.jpg 768w, https:\/\/www.mlkjlasers.com\/wp-content\/uploads\/2026\/01\/m-7-1536x864.jpg 1536w, https:\/\/www.mlkjlasers.com\/wp-content\/uploads\/2026\/01\/m-7-18x10.jpg 18w, https:\/\/www.mlkjlasers.com\/wp-content\/uploads\/2026\/01\/m-7-600x338.jpg 600w\" sizes=\"(max-width: 1920px) 100vw, 1920px\" \/><\/span><\/p>\n<p><span style=\"color: #000000; font-family: helvetica, arial, sans-serif; font-size: 14pt;\">Potencia de un bot\u00f3n en el dise\u00f1o<\/span><br \/>\n<span style=\"color: #000000; font-family: helvetica, arial, sans-serif; font-size: 14pt;\">Pantalla t\u00e1ctil HD de 14 pulgadas<\/span><br \/>\n<span style=\"color: #000000; font-family: helvetica, arial, sans-serif; font-size: 14pt;\">Preset diferentes par\u00e1metros de tratamiento<\/span><br \/>\n<span style=\"color: #000000; font-family: helvetica, arial, sans-serif; font-size: 14pt;\">Servicios personalizados: lenguaje, sistema, apariencia, logotipo&#8230; Actualizaciones gratuitas del sistema de por vida<\/span><\/p>\n<p><span style=\"font-size: 14pt;\"><img loading=\"lazy\" decoding=\"async\" class=\"aligncenter size-full wp-image-3784\" src=\"https:\/\/www.mlkjlasers.com\/wp-content\/uploads\/2026\/01\/m-6.jpg\" alt=\"\" width=\"1920\" height=\"1080\" srcset=\"https:\/\/www.mlkjlasers.com\/wp-content\/uploads\/2026\/01\/m-6.jpg 1920w, https:\/\/www.mlkjlasers.com\/wp-content\/uploads\/2026\/01\/m-6-300x169.jpg 300w, https:\/\/www.mlkjlasers.com\/wp-content\/uploads\/2026\/01\/m-6-1024x576.jpg 1024w, https:\/\/www.mlkjlasers.com\/wp-content\/uploads\/2026\/01\/m-6-768x432.jpg 768w, https:\/\/www.mlkjlasers.com\/wp-content\/uploads\/2026\/01\/m-6-1536x864.jpg 1536w, https:\/\/www.mlkjlasers.com\/wp-content\/uploads\/2026\/01\/m-6-18x10.jpg 18w, https:\/\/www.mlkjlasers.com\/wp-content\/uploads\/2026\/01\/m-6-600x338.jpg 600w\" sizes=\"(max-width: 1920px) 100vw, 1920px\" \/><\/span><\/p>\n<div><span style=\"font-size: 14pt;\">\u221a La interfaz es m\u00e1s clara<\/span><br \/>\n<span style=\"font-size: 14pt;\">\u221a La operaci\u00f3n es m\u00e1s suave<\/span><br \/>\n<span style=\"font-size: 14pt;\">\u221a El tacto es m\u00e1s c\u00f3modo<\/span><\/div>\n<div><\/div>\n<p><span style=\"font-size: 14pt;\"><img loading=\"lazy\" decoding=\"async\" class=\"aligncenter size-full wp-image-3735\" src=\"https:\/\/www.mlkjlasers.com\/wp-content\/uploads\/2026\/01\/\u4fbf\u643a\u53cc-7.jpg\" alt=\"\" width=\"1920\" height=\"1080\" srcset=\"https:\/\/www.mlkjlasers.com\/wp-content\/uploads\/2026\/01\/\u4fbf\u643a\u53cc-7.jpg 1920w, https:\/\/www.mlkjlasers.com\/wp-content\/uploads\/2026\/01\/\u4fbf\u643a\u53cc-7-300x169.jpg 300w, https:\/\/www.mlkjlasers.com\/wp-content\/uploads\/2026\/01\/\u4fbf\u643a\u53cc-7-1024x576.jpg 1024w, https:\/\/www.mlkjlasers.com\/wp-content\/uploads\/2026\/01\/\u4fbf\u643a\u53cc-7-768x432.jpg 768w, https:\/\/www.mlkjlasers.com\/wp-content\/uploads\/2026\/01\/\u4fbf\u643a\u53cc-7-1536x864.jpg 1536w, https:\/\/www.mlkjlasers.com\/wp-content\/uploads\/2026\/01\/\u4fbf\u643a\u53cc-7-18x10.jpg 18w, https:\/\/www.mlkjlasers.com\/wp-content\/uploads\/2026\/01\/\u4fbf\u643a\u53cc-7-600x338.jpg 600w\" sizes=\"(max-width: 1920px) 100vw, 1920px\" \/><\/span><\/p>\n<table style=\"border-collapse: collapse; width: 100%;\">\n<tbody>\n<tr>\n<td style=\"width: 50%;\"><span style=\"color: #000000; font-family: helvetica, arial, sans-serif; font-size: 14pt;\"><b>4 Manijas ems cuerpo esculpir m\u00e1quina m\u00fasculo estimular<\/b><\/span><\/td>\n<td style=\"width: 50%;\"><span style=\"color: #000000; font-family: helvetica, arial, sans-serif; font-size: 14pt;\">Tecnolog\u00eda:(Electromagn\u00e9tico pulsado de alta intensidad)Buscar X<\/span><\/td>\n<\/tr>\n<tr>\n<td style=\"width: 50%;\"><span style=\"color: #000000; font-family: helvetica, arial, sans-serif; font-size: 14pt;\">\u00c1rea objetivo: piernas\/brazos, pies, otros, manos, pecho, cuerpo<\/span><\/td>\n<td style=\"width: 50%;\"><span style=\"color: #000000; font-family: helvetica, arial, sans-serif; font-size: 14pt;\">Tipo de enchufe: AU, Otro, Reino Unido, UE, EE.UU., CN, JP, Za, Es<\/span><\/td>\n<\/tr>\n<tr>\n<td style=\"width: 50%;\"><span style=\"color: #000000; font-family: helvetica, arial, sans-serif; font-size: 14pt;\">Funci\u00f3n: P\u00e9rdida de peso, estimular el m\u00fasculo<\/span><\/td>\n<td style=\"width: 50%;\"><span style=\"color: #000000; font-family: helvetica, arial, sans-serif; font-size: 14pt;\">Tensi\u00f3n: 110V \/ 220V 50-60Hz<\/span><\/td>\n<\/tr>\n<tr>\n<td style=\"width: 50%;\"><span style=\"color: #000000; font-family: helvetica, arial, sans-serif; font-size: 14pt;\">Duraci\u00f3n del pulso: 300PS<\/span><\/td>\n<td style=\"width: 50%;\"><span style=\"color: #000000; font-family: helvetica, arial, sans-serif; font-size: 14pt;\">Aplicaci\u00f3n: Para fines comerciales<\/span><\/td>\n<\/tr>\n<tr>\n<td style=\"width: 50%;\"><span style=\"color: #000000; font-family: helvetica, arial, sans-serif; font-size: 14pt;\">Tama\u00f1o: 71X61X112 cm<\/span><\/td>\n<td style=\"width: 50%;\"><span style=\"color: #000000; font-family: helvetica, arial, sans-serif; font-size: 14pt;\">Peso: 65 kg<\/span><\/td>\n<\/tr>\n<\/tbody>\n<\/table>\n<p><span style=\"color: #000000; font-family: helvetica, arial, sans-serif; font-size: 14pt;\">MLKJ es una empresa de 18 a\u00f1os que integra el dise\u00f1o, el desarrollo, la producci\u00f3n y las ventas de instrumentos de belleza.<\/span><br \/>\n<span style=\"color: #000000; font-family: helvetica, arial, sans-serif; font-size: 14pt;\">F\u00e1brica real, proceso de producci\u00f3n real, evaluaci\u00f3n real!<\/span><br \/>\n<span style=\"color: #000000; font-family: helvetica, arial, sans-serif; font-size: 14pt;\">Bienvenido a nuestra empresa o visita de v\u00eddeo!<\/span><br \/>\n<span style=\"color: #000000; font-family: helvetica, arial, sans-serif; font-size: 14pt;\">\u00a1S\u00f3lo cuando eliges un socio real se puede garantizar la calidad del producto!<\/span><\/p>\n<p><span style=\"font-size: 14pt;\"><strong><a href=\"https:\/\/www.mlkjlasers.com\/es\/contact-us\/\"><span style=\"color: #000000; font-family: helvetica, arial, sans-serif;\">\u00a1Pregunte precios ahora!<\/span><\/a><\/strong><\/span><\/p>\n<p>&nbsp;<\/p>","protected":false},"excerpt":{"rendered":"<p>Los m\u00fasculos se contraen 30.000 veces a alta frecuencia e intensidad, lo que permite el entrenamiento y el aumento de la densidad y el volumen muscular. La contracci\u00f3n final de los m\u00fasculos requiere una gran cantidad de suministro de energ\u00eda, por lo que las c\u00e9lulas grasas junto a los m\u00fasculos tambi\u00e9n se consumen, lo que conduce a la apoptosis natural y la reducci\u00f3n efectiva de la grasa. Escultura muscular [&hellip;]<\/p>","protected":false},"featured_media":3783,"comment_status":"open","ping_status":"closed","template":"","meta":[],"product_cat":[28],"product_tag":[],"class_list":["post-2035","product","type-product","status-publish","has-post-thumbnail","hentry","product_cat-slimming-machine"],"_links":{"self":[{"href":"https:\/\/www.mlkjlasers.com\/es\/wp-json\/wp\/v2\/product\/2035","targetHints":{"allow":["GET"]}}],"collection":[{"href":"https:\/\/www.mlkjlasers.com\/es\/wp-json\/wp\/v2\/product"}],"about":[{"href":"https:\/\/www.mlkjlasers.com\/es\/wp-json\/wp\/v2\/types\/product"}],"replies":[{"embeddable":true,"href":"https:\/\/www.mlkjlasers.com\/es\/wp-json\/wp\/v2\/comments?post=2035"}],"wp:featuredmedia":[{"embeddable":true,"href":"https:\/\/www.mlkjlasers.com\/es\/wp-json\/wp\/v2\/media\/3783"}],"wp:attachment":[{"href":"https:\/\/www.mlkjlasers.com\/es\/wp-json\/wp\/v2\/media?parent=2035"}],"wp:term":[{"taxonomy":"product_cat","embeddable":true,"href":"https:\/\/www.mlkjlasers.com\/es\/wp-json\/wp\/v2\/product_cat?post=2035"},{"taxonomy":"product_tag","embeddable":true,"href":"https:\/\/www.mlkjlasers.com\/es\/wp-json\/wp\/v2\/product_tag?post=2035"}],"curies":[{"name":"wp","href":"https:\/\/api.w.org\/{rel}","templated":true}]}}