{"id":2036,"date":"2023-07-25T16:22:01","date_gmt":"2023-07-25T08:22:01","guid":{"rendered":"https:\/\/mlkjlasers.com\/?post_type=product&#038;p=2036"},"modified":"2026-01-27T14:54:04","modified_gmt":"2026-01-27T06:54:04","slug":"4-handles-in-1-ems-body-sculpt-slimming-machine-2-2","status":"publish","type":"product","link":"https:\/\/www.mlkjlasers.com\/es\/product\/4-handles-in-1-ems-body-sculpt-slimming-machine-2-2\/","title":{"rendered":"M\u00e1quina de adelgazamiento del cuerpo de la escultura del uso profesional port\u00e1til del sal\u00f3n de la m\u00e1quina de la p\u00e9rdida de peso dos manijas"},"content":{"rendered":"<div class=\"se4_tit\"><span style=\"font-size: 14pt;\"><img fetchpriority=\"high\" decoding=\"async\" class=\"aligncenter size-full wp-image-3736\" src=\"https:\/\/www.mlkjlasers.com\/wp-content\/uploads\/2026\/01\/\u4fbf\u643a\u53cc-8.jpg\" alt=\"\" width=\"1920\" height=\"1080\" srcset=\"https:\/\/www.mlkjlasers.com\/wp-content\/uploads\/2026\/01\/\u4fbf\u643a\u53cc-8.jpg 1920w, https:\/\/www.mlkjlasers.com\/wp-content\/uploads\/2026\/01\/\u4fbf\u643a\u53cc-8-300x169.jpg 300w, https:\/\/www.mlkjlasers.com\/wp-content\/uploads\/2026\/01\/\u4fbf\u643a\u53cc-8-1024x576.jpg 1024w, https:\/\/www.mlkjlasers.com\/wp-content\/uploads\/2026\/01\/\u4fbf\u643a\u53cc-8-768x432.jpg 768w, https:\/\/www.mlkjlasers.com\/wp-content\/uploads\/2026\/01\/\u4fbf\u643a\u53cc-8-1536x864.jpg 1536w, https:\/\/www.mlkjlasers.com\/wp-content\/uploads\/2026\/01\/\u4fbf\u643a\u53cc-8-18x10.jpg 18w, https:\/\/www.mlkjlasers.com\/wp-content\/uploads\/2026\/01\/\u4fbf\u643a\u53cc-8-600x338.jpg 600w\" sizes=\"(max-width: 1920px) 100vw, 1920px\" \/><b>Construir m\u00fasculo<\/b><\/span><br \/>\n<span style=\"font-size: 14pt;\">Los m\u00fasculos se contraen 30.000 veces a alta frecuencia e intensidad, lo que permite el entrenamiento y el aumento de la densidad muscular y el volumen.<\/span><br \/>\n<span style=\"font-size: 14pt;\"><b>Reducir la grasa<\/b><\/span><br \/>\n<span style=\"font-size: 14pt;\">La contracci\u00f3n final de los m\u00fasculos requiere una gran cantidad de suministro de energ\u00eda, por lo que las c\u00e9lulas grasas junto a los m\u00fasculos tambi\u00e9n se consumen, lo que conduce a la apoptosis natural y la reducci\u00f3n efectiva de la grasa.<\/span><br \/>\n<span style=\"font-size: 14pt;\"><b>Escultura muscular<\/b><\/span><br \/>\n<span style=\"font-size: 14pt;\">Ejercitar los m\u00fasculos abdominales y gl\u00fateos, entrenar los m\u00fasculos oblicuos del abdomen y dar forma a la l\u00ednea de sirena.<\/span><\/div>\n<div class=\"J_module\">\n<div class=\"icbu-pc-images magic-0\">\n<div>\n<div class=\"flex-layout-v\">\n<div class=\"flex-layout-h magic-0\">\n<div class=\"magic-1\"><\/div>\n<\/div>\n<\/div>\n<\/div>\n<\/div>\n<\/div>\n<div class=\"J_module\">\n<div class=\"detail-decorate-json-renderer-container\">\n<div class=\"magic-3\">\n<div class=\"magic-4\">\n<div class=\"magic-5\">\n<div class=\"magic-6\">\n<div class=\"magic-7\" style=\"text-align: left;\"><span style=\"font-size: 14pt;\"><img decoding=\"async\" class=\"aligncenter size-full wp-image-3739\" src=\"https:\/\/www.mlkjlasers.com\/wp-content\/uploads\/2026\/01\/\u4fbf\u643a\u53cc-11.jpg\" alt=\"\" width=\"1920\" height=\"1080\" srcset=\"https:\/\/www.mlkjlasers.com\/wp-content\/uploads\/2026\/01\/\u4fbf\u643a\u53cc-11.jpg 1920w, https:\/\/www.mlkjlasers.com\/wp-content\/uploads\/2026\/01\/\u4fbf\u643a\u53cc-11-300x169.jpg 300w, https:\/\/www.mlkjlasers.com\/wp-content\/uploads\/2026\/01\/\u4fbf\u643a\u53cc-11-1024x576.jpg 1024w, https:\/\/www.mlkjlasers.com\/wp-content\/uploads\/2026\/01\/\u4fbf\u643a\u53cc-11-768x432.jpg 768w, https:\/\/www.mlkjlasers.com\/wp-content\/uploads\/2026\/01\/\u4fbf\u643a\u53cc-11-1536x864.jpg 1536w, https:\/\/www.mlkjlasers.com\/wp-content\/uploads\/2026\/01\/\u4fbf\u643a\u53cc-11-18x10.jpg 18w, https:\/\/www.mlkjlasers.com\/wp-content\/uploads\/2026\/01\/\u4fbf\u643a\u53cc-11-600x338.jpg 600w\" sizes=\"(max-width: 1920px) 100vw, 1920px\" \/><\/span><\/div>\n<div><span style=\"font-size: 14pt;\">Funcionalidad Multimodo &#8211; Varios niveles de intensidad para tratamientos personalizados.<\/span><br \/>\n<span style=\"font-size: 14pt;\">R\u00e1pido &amp; Resultados visibles &#8211; Siente la diferencia en unas pocas sesiones.<\/span><br \/>\n<span style=\"font-size: 14pt;\">Seguridad &amp; No invasivo &#8211; Sin cirug\u00eda, sin tiempo de inactividad, sin dolor.<\/span><br \/>\n<span style=\"font-size: 14pt;\">Uso de cuerpo completo &#8211; Funciona en los abdominales, brazos, muslos, gl\u00fateos y m\u00e1s.<\/span><br \/>\n<span style=\"font-size: 14pt;\">&amp; port\u00e1tiles F\u00e1cil de usar &#8211; Perfecto para uso en salones o cl\u00ednicas.<\/span><\/div>\n<div><span style=\"font-size: 14pt;\"><img decoding=\"async\" class=\"aligncenter size-full wp-image-3740\" src=\"https:\/\/www.mlkjlasers.com\/wp-content\/uploads\/2026\/01\/\u4fbf\u643a\u53cc-13.jpg\" alt=\"\" width=\"1920\" height=\"1080\" srcset=\"https:\/\/www.mlkjlasers.com\/wp-content\/uploads\/2026\/01\/\u4fbf\u643a\u53cc-13.jpg 1920w, https:\/\/www.mlkjlasers.com\/wp-content\/uploads\/2026\/01\/\u4fbf\u643a\u53cc-13-300x169.jpg 300w, https:\/\/www.mlkjlasers.com\/wp-content\/uploads\/2026\/01\/\u4fbf\u643a\u53cc-13-1024x576.jpg 1024w, https:\/\/www.mlkjlasers.com\/wp-content\/uploads\/2026\/01\/\u4fbf\u643a\u53cc-13-768x432.jpg 768w, https:\/\/www.mlkjlasers.com\/wp-content\/uploads\/2026\/01\/\u4fbf\u643a\u53cc-13-1536x864.jpg 1536w, https:\/\/www.mlkjlasers.com\/wp-content\/uploads\/2026\/01\/\u4fbf\u643a\u53cc-13-18x10.jpg 18w, https:\/\/www.mlkjlasers.com\/wp-content\/uploads\/2026\/01\/\u4fbf\u643a\u53cc-13-600x338.jpg 600w\" sizes=\"(max-width: 1920px) 100vw, 1920px\" \/><\/span><\/div>\n<div><span style=\"font-size: 14pt;\">Display de manija<\/span><\/div>\n<\/div>\n<\/div>\n<\/div>\n<\/div>\n<\/div>\n<\/div>\n<div class=\"J_module\">\n<div class=\"icbu-pc-images magic-0\">\n<div>\n<div class=\"flex-layout-v\">\n<div class=\"flex-layout-h magic-0\">\n<div class=\"magic-10\"><\/div>\n<\/div>\n<\/div>\n<\/div>\n<div><span style=\"font-size: 14pt;\"><img loading=\"lazy\" decoding=\"async\" class=\"aligncenter size-full wp-image-3741\" src=\"https:\/\/www.mlkjlasers.com\/wp-content\/uploads\/2026\/01\/\u4fbf\u643a\u53cc-15.jpg\" alt=\"\" width=\"1920\" height=\"1080\" srcset=\"https:\/\/www.mlkjlasers.com\/wp-content\/uploads\/2026\/01\/\u4fbf\u643a\u53cc-15.jpg 1920w, https:\/\/www.mlkjlasers.com\/wp-content\/uploads\/2026\/01\/\u4fbf\u643a\u53cc-15-300x169.jpg 300w, https:\/\/www.mlkjlasers.com\/wp-content\/uploads\/2026\/01\/\u4fbf\u643a\u53cc-15-1024x576.jpg 1024w, https:\/\/www.mlkjlasers.com\/wp-content\/uploads\/2026\/01\/\u4fbf\u643a\u53cc-15-768x432.jpg 768w, https:\/\/www.mlkjlasers.com\/wp-content\/uploads\/2026\/01\/\u4fbf\u643a\u53cc-15-1536x864.jpg 1536w, https:\/\/www.mlkjlasers.com\/wp-content\/uploads\/2026\/01\/\u4fbf\u643a\u53cc-15-18x10.jpg 18w, https:\/\/www.mlkjlasers.com\/wp-content\/uploads\/2026\/01\/\u4fbf\u643a\u53cc-15-600x338.jpg 600w\" sizes=\"(max-width: 1920px) 100vw, 1920px\" \/><\/span><\/div>\n<div>\n<div class=\"flex-layout-v\">\n<div class=\"flex-layout-h magic-0\">\n<div><\/div>\n<div><span style=\"font-family: helvetica, arial, sans-serif; color: #000000; font-size: 14pt;\"><b><span class=\"magic-16\">Una sesi\u00f3n (30 minutos \/ tratamiento, 4 tratamiento en 2 semanas)<br \/>\n<\/span><\/b><span class=\"magic-9\">1. 16 Intensidad Tesla<br \/>\n2. Reducci\u00f3n de grasa del 16% de la construcci\u00f3n muscular\/19%<br \/>\n3. Equivalente a 20.000 sentados \/ 50.000 contracciones musculares<br \/>\n4. Escultura doble para la misma persona \/ diferente el mismo tiempo<br \/>\n5. durabilidad 24\/7 con eficiencia de refrigeraci\u00f3n de reciclaje de agua<br \/>\n6. UI intuitiva y f\u00e1cil de usar W \/ predeterminado &amp; programa manual<br \/>\n7. No se requiere operador\/preparaciones\/Tiempo de inactividad<\/span><\/span><\/div>\n<div><span style=\"font-size: 14pt;\"><img loading=\"lazy\" decoding=\"async\" class=\"aligncenter size-full wp-image-3742\" src=\"https:\/\/www.mlkjlasers.com\/wp-content\/uploads\/2026\/01\/\u4fbf\u643a\u53cc-17.jpg\" alt=\"\" width=\"1920\" height=\"1080\" srcset=\"https:\/\/www.mlkjlasers.com\/wp-content\/uploads\/2026\/01\/\u4fbf\u643a\u53cc-17.jpg 1920w, https:\/\/www.mlkjlasers.com\/wp-content\/uploads\/2026\/01\/\u4fbf\u643a\u53cc-17-300x169.jpg 300w, https:\/\/www.mlkjlasers.com\/wp-content\/uploads\/2026\/01\/\u4fbf\u643a\u53cc-17-1024x576.jpg 1024w, https:\/\/www.mlkjlasers.com\/wp-content\/uploads\/2026\/01\/\u4fbf\u643a\u53cc-17-768x432.jpg 768w, https:\/\/www.mlkjlasers.com\/wp-content\/uploads\/2026\/01\/\u4fbf\u643a\u53cc-17-1536x864.jpg 1536w, https:\/\/www.mlkjlasers.com\/wp-content\/uploads\/2026\/01\/\u4fbf\u643a\u53cc-17-18x10.jpg 18w, https:\/\/www.mlkjlasers.com\/wp-content\/uploads\/2026\/01\/\u4fbf\u643a\u53cc-17-600x338.jpg 600w\" sizes=\"(max-width: 1920px) 100vw, 1920px\" \/><\/span><\/div>\n<div><\/div>\n<\/div>\n<\/div>\n<div><span style=\"font-size: 14pt;\"><b class=\"magic-17\" style=\"color: #000000; font-family: helvetica, arial, sans-serif;\">\u00bfC\u00f3mo funciona teslasculpt?<\/b><\/span><\/div>\n<\/div>\n<\/div>\n<\/div>\n<div class=\"J_module\">\n<div class=\"detail-decorate-json-renderer-container\">\n<div class=\"magic-3\">\n<div class=\"magic-4\">\n<div class=\"magic-5\">\n<div class=\"magic-6\">\n<div><span class=\"magic-9\" style=\"font-family: helvetica, arial, sans-serif; color: #000000; font-size: 14pt;\"> 1. El electromagn\u00e9tico de alta intensidad archivado pasa a trav\u00e9s de la ropa y la piel en su cuerpo. <\/span><\/div>\n<div><span class=\"magic-9\" style=\"font-family: helvetica, arial, sans-serif; color: #000000; font-size: 14pt;\">2. Al igual que el ejercicio desencadena los nervios motores y excita la contracci\u00f3n muscular. <\/span><\/div>\n<div><span class=\"magic-9\" style=\"font-family: helvetica, arial, sans-serif; color: #000000; font-size: 14pt;\">3. Y usted feek como hacer entrenamiento de alta intensidad.<\/span><\/div>\n<div><span style=\"font-size: 14pt;\"><img loading=\"lazy\" decoding=\"async\" class=\"aligncenter size-full wp-image-3738\" src=\"https:\/\/www.mlkjlasers.com\/wp-content\/uploads\/2026\/01\/\u4fbf\u643a\u53cc-10.jpg\" alt=\"\" width=\"1920\" height=\"1080\" srcset=\"https:\/\/www.mlkjlasers.com\/wp-content\/uploads\/2026\/01\/\u4fbf\u643a\u53cc-10.jpg 1920w, https:\/\/www.mlkjlasers.com\/wp-content\/uploads\/2026\/01\/\u4fbf\u643a\u53cc-10-300x169.jpg 300w, https:\/\/www.mlkjlasers.com\/wp-content\/uploads\/2026\/01\/\u4fbf\u643a\u53cc-10-1024x576.jpg 1024w, https:\/\/www.mlkjlasers.com\/wp-content\/uploads\/2026\/01\/\u4fbf\u643a\u53cc-10-768x432.jpg 768w, https:\/\/www.mlkjlasers.com\/wp-content\/uploads\/2026\/01\/\u4fbf\u643a\u53cc-10-1536x864.jpg 1536w, https:\/\/www.mlkjlasers.com\/wp-content\/uploads\/2026\/01\/\u4fbf\u643a\u53cc-10-18x10.jpg 18w, https:\/\/www.mlkjlasers.com\/wp-content\/uploads\/2026\/01\/\u4fbf\u643a\u53cc-10-600x338.jpg 600w\" sizes=\"(max-width: 1920px) 100vw, 1920px\" \/><\/span><\/div>\n<div>\n<p><span style=\"font-size: 14pt;\"><b>Pantalla de pantalla: pantalla t\u00e1ctil de alta definici\u00f3n de 14 pulgadas<\/b><\/span><\/p>\n<div><span style=\"font-size: 14pt;\">\u221a La interfaz es m\u00e1s clara<\/span><br \/>\n<span style=\"font-size: 14pt;\">\u221a La operaci\u00f3n es m\u00e1s suave<\/span><br \/>\n<span style=\"font-size: 14pt;\">\u221a El tacto es m\u00e1s c\u00f3modo<\/span><\/div>\n<\/div>\n<\/div>\n<div><span style=\"font-size: 14pt;\"><img loading=\"lazy\" decoding=\"async\" class=\"aligncenter size-full wp-image-3737\" src=\"https:\/\/www.mlkjlasers.com\/wp-content\/uploads\/2026\/01\/\u4fbf\u643a\u53cc-9.jpg\" alt=\"\" width=\"1920\" height=\"2000\" srcset=\"https:\/\/www.mlkjlasers.com\/wp-content\/uploads\/2026\/01\/\u4fbf\u643a\u53cc-9.jpg 1920w, https:\/\/www.mlkjlasers.com\/wp-content\/uploads\/2026\/01\/\u4fbf\u643a\u53cc-9-288x300.jpg 288w, https:\/\/www.mlkjlasers.com\/wp-content\/uploads\/2026\/01\/\u4fbf\u643a\u53cc-9-983x1024.jpg 983w, https:\/\/www.mlkjlasers.com\/wp-content\/uploads\/2026\/01\/\u4fbf\u643a\u53cc-9-768x800.jpg 768w, https:\/\/www.mlkjlasers.com\/wp-content\/uploads\/2026\/01\/\u4fbf\u643a\u53cc-9-1475x1536.jpg 1475w, https:\/\/www.mlkjlasers.com\/wp-content\/uploads\/2026\/01\/\u4fbf\u643a\u53cc-9-12x12.jpg 12w, https:\/\/www.mlkjlasers.com\/wp-content\/uploads\/2026\/01\/\u4fbf\u643a\u53cc-9-600x625.jpg 600w\" sizes=\"(max-width: 1920px) 100vw, 1920px\" \/><\/span><\/div>\n<\/div>\n<\/div>\n<\/div>\n<\/div>\n<\/div>\n<div class=\"J_module\">\n<div class=\"detail-decorate-json-renderer-container\">\n<div class=\"magic-3\">\n<div class=\"magic-4\">\n<div class=\"magic-5\">\n<div class=\"magic-6\">\n<div><strong style=\"font-size: 14pt;\">Efecto del tratamiento<\/strong><\/div>\n<\/div>\n<\/div>\n<\/div>\n<\/div>\n<\/div>\n<\/div>\n<div class=\"J_module\">\n<div class=\"icbu-pc-images magic-0\">\n<div class=\"flex-layout-v\">\n<div class=\"flex-layout-h magic-0\">\n<div><span style=\"font-family: helvetica, arial, sans-serif; font-size: 14pt;\"><strong><span class=\"magic-9\" style=\"color: #000000;\">Caracter\u00edsticas:<\/span><\/strong><span class=\"magic-9\" style=\"color: #000000;\">P\u00e9rdida de peso, otros, Ajuste de la piel, Reducci\u00f3n de la celulitis<\/span><\/span><\/div>\n<div><span style=\"font-size: 14pt;\"><img loading=\"lazy\" decoding=\"async\" class=\"aligncenter size-full wp-image-3735\" src=\"https:\/\/www.mlkjlasers.com\/wp-content\/uploads\/2026\/01\/\u4fbf\u643a\u53cc-7.jpg\" alt=\"\" width=\"1920\" height=\"1080\" srcset=\"https:\/\/www.mlkjlasers.com\/wp-content\/uploads\/2026\/01\/\u4fbf\u643a\u53cc-7.jpg 1920w, https:\/\/www.mlkjlasers.com\/wp-content\/uploads\/2026\/01\/\u4fbf\u643a\u53cc-7-300x169.jpg 300w, https:\/\/www.mlkjlasers.com\/wp-content\/uploads\/2026\/01\/\u4fbf\u643a\u53cc-7-1024x576.jpg 1024w, https:\/\/www.mlkjlasers.com\/wp-content\/uploads\/2026\/01\/\u4fbf\u643a\u53cc-7-768x432.jpg 768w, https:\/\/www.mlkjlasers.com\/wp-content\/uploads\/2026\/01\/\u4fbf\u643a\u53cc-7-1536x864.jpg 1536w, https:\/\/www.mlkjlasers.com\/wp-content\/uploads\/2026\/01\/\u4fbf\u643a\u53cc-7-18x10.jpg 18w, https:\/\/www.mlkjlasers.com\/wp-content\/uploads\/2026\/01\/\u4fbf\u643a\u53cc-7-600x338.jpg 600w\" sizes=\"(max-width: 1920px) 100vw, 1920px\" \/><\/span><\/div>\n<div><\/div>\n<div class=\"magic-22\"><\/div>\n<div>\n<table style=\"border-collapse: collapse; width: 100%; height: 336px;\">\n<tbody>\n<tr style=\"height: 24px;\">\n<td style=\"width: 50%; height: 24px;\">\n<div class=\"magic-32\" data-spm-anchor-id=\"a2700.details.0.i38.2bca1f03jENnbH\"><span style=\"font-family: helvetica, arial, sans-serif; color: #000000; font-size: 14pt;\">Certificaci\u00f3n<\/span><\/div>\n<\/td>\n<td style=\"width: 50%; height: 24px;\">\n<div class=\"magic-33\"><span style=\"font-family: helvetica, arial, sans-serif; color: #000000; font-size: 14pt;\">MDRCE, CE, ISO13485, otros, ISO9001, MDDCe<\/span><\/div>\n<\/td>\n<\/tr>\n<tr style=\"height: 24px;\">\n<td style=\"width: 50%; height: 24px;\">\n<div class=\"magic-32\"><span style=\"font-family: helvetica, arial, sans-serif; color: #000000; font-size: 14pt;\">Caracter\u00edsticas<\/span><\/div>\n<\/td>\n<td style=\"width: 50%; height: 24px;\">\n<div class=\"magic-33\"><span style=\"font-family: helvetica, arial, sans-serif; color: #000000; font-size: 14pt;\">P\u00e9rdida de peso, otros, Ajuste de la piel, Reducci\u00f3n de la celulitis<\/span><\/div>\n<\/td>\n<\/tr>\n<tr style=\"height: 24px;\">\n<td style=\"width: 50%; height: 24px;\">\n<div class=\"magic-32\"><span style=\"font-family: helvetica, arial, sans-serif; color: #000000; font-size: 14pt;\">Aplicaci\u00f3n<\/span><\/div>\n<\/td>\n<td style=\"width: 50%; height: 24px;\">\n<div class=\"magic-33\"><span style=\"font-family: helvetica, arial, sans-serif; color: #000000; font-size: 14pt;\">Para Comercial<\/span><\/div>\n<\/td>\n<\/tr>\n<tr style=\"height: 48px;\">\n<td style=\"width: 50%; height: 48px;\">\n<div class=\"magic-32\"><span style=\"font-family: helvetica, arial, sans-serif; color: #000000; font-size: 14pt;\">Servicio posventa proporcionado<\/span><\/div>\n<\/td>\n<td style=\"width: 50%; height: 48px;\">\n<div class=\"magic-33\"><span style=\"font-family: helvetica, arial, sans-serif; color: #000000; font-size: 14pt;\">Piezas de repuesto gratuitas, Soporte en l\u00ednea, Instalaci\u00f3n, puesta en marcha y capacitaci\u00f3n en el campo, Soporte t\u00e9cnico de v\u00eddeo, otros, Servicio de mantenimiento y reparaci\u00f3n en el campo<\/span><\/div>\n<\/td>\n<\/tr>\n<tr style=\"height: 24px;\">\n<td style=\"width: 50%; height: 24px;\">\n<div class=\"magic-32\"><span style=\"font-family: helvetica, arial, sans-serif; color: #000000; font-size: 14pt;\">Caracter\u00edsticas<\/span><\/div>\n<\/td>\n<td style=\"width: 50%; height: 24px;\">\n<div class=\"magic-33\"><span style=\"font-family: helvetica, arial, sans-serif; color: #000000; font-size: 14pt;\">P\u00e9rdida de peso, Ajuste de la piel, Reducci\u00f3n de la celulitis<\/span><\/div>\n<\/td>\n<\/tr>\n<tr style=\"height: 24px;\">\n<td style=\"width: 50%; height: 24px;\">\n<div class=\"magic-32\"><span style=\"font-family: helvetica, arial, sans-serif; color: #000000; font-size: 14pt;\">Funci\u00f3n<\/span><\/div>\n<\/td>\n<td style=\"width: 50%; height: 24px;\">\n<div class=\"magic-33\"><span style=\"font-family: helvetica, arial, sans-serif; color: #000000; font-size: 14pt;\">adelgazamiento corporal<\/span><\/div>\n<\/td>\n<\/tr>\n<tr style=\"height: 24px;\">\n<td style=\"width: 50%; height: 24px;\">\n<div class=\"magic-32\"><span style=\"font-family: helvetica, arial, sans-serif; color: #000000; font-size: 14pt;\">Tecnolog\u00eda<\/span><\/div>\n<\/td>\n<td style=\"width: 50%; height: 24px;\">\n<div class=\"magic-33\"><span style=\"font-family: helvetica, arial, sans-serif; color: #000000; font-size: 14pt;\">Electromagneti pulsado de alta intensidad<\/span><\/div>\n<\/td>\n<\/tr>\n<tr style=\"height: 24px;\">\n<td style=\"width: 50%; height: 24px;\">\n<div class=\"magic-32\" data-spm-anchor-id=\"a2700.details.0.i39.2bca1f03jENnbH\"><span style=\"font-family: helvetica, arial, sans-serif; color: #000000; font-size: 14pt;\">Manijas<\/span><\/div>\n<\/td>\n<td style=\"width: 50%; height: 24px;\">\n<div class=\"magic-33\" data-spm-anchor-id=\"a2700.details.0.i36.2bca1f03jENnbH\"><span style=\"font-family: helvetica, arial, sans-serif; color: #000000; font-size: 14pt;\">2 Mangos<\/span><\/div>\n<\/td>\n<\/tr>\n<tr style=\"height: 24px;\">\n<td style=\"width: 50%; height: 24px;\"><span style=\"color: #000000; font-family: helvetica, arial, sans-serif; font-size: 14pt;\">\u00c1rea objetivo: Todo el cuerpo<\/span><\/td>\n<td style=\"width: 50%; height: 24px;\"><span style=\"color: #000000; font-family: helvetica, arial, sans-serif; font-size: 14pt;\">Tipo de enchufe: AU, Otro, Reino Unido, UE, EE.UU., CN, JP, Za, Es<\/span><\/td>\n<\/tr>\n<tr style=\"height: 24px;\">\n<td style=\"width: 50%; height: 24px;\"><span style=\"color: #000000; font-family: helvetica, arial, sans-serif; font-size: 14pt;\">Funci\u00f3n: P\u00e9rdida de peso, estimular el m\u00fasculo<\/span><\/td>\n<td style=\"width: 50%; height: 24px;\"><span style=\"color: #000000; font-family: helvetica, arial, sans-serif; font-size: 14pt;\">Tensi\u00f3n: 110V \/ 220V 50-60Hz<\/span><\/td>\n<\/tr>\n<tr style=\"height: 24px;\">\n<td style=\"width: 50%; height: 24px;\"><span style=\"color: #000000; font-family: helvetica, arial, sans-serif; font-size: 14pt;\">Duraci\u00f3n del pulso: 300PS<\/span><\/td>\n<td style=\"width: 50%; height: 24px;\"><span style=\"color: #000000; font-family: helvetica, arial, sans-serif; font-size: 14pt;\">Aplicaci\u00f3n: Para fines comerciales<\/span><\/td>\n<\/tr>\n<tr style=\"height: 24px;\">\n<td style=\"width: 50%; height: 24px;\"><span style=\"color: #000000; font-family: helvetica, arial, sans-serif; font-size: 14pt;\">Tama\u00f1o: 55X54X38cm<\/span><\/td>\n<td style=\"width: 50%; height: 24px;\"><span style=\"color: #000000; font-family: helvetica, arial, sans-serif; font-size: 14pt;\">Peso: 35 kg<\/span><\/td>\n<\/tr>\n<\/tbody>\n<\/table>\n<\/div>\n<\/div>\n<\/div>\n<\/div>\n<\/div>\n<p>&nbsp;<\/p>\n<p><span style=\"color: #000000; font-family: helvetica, arial, sans-serif; font-size: 14pt;\">MLKJ es una empresa de 18 a\u00f1os que integra el dise\u00f1o, el desarrollo, la producci\u00f3n y las ventas de instrumentos de belleza.<\/span><br \/>\n<span style=\"color: #000000; font-family: helvetica, arial, sans-serif; font-size: 14pt;\">F\u00e1brica real, proceso de producci\u00f3n real, evaluaci\u00f3n real!<\/span><br \/>\n<span style=\"color: #000000; font-family: helvetica, arial, sans-serif; font-size: 14pt;\">Bienvenido a nuestra empresa o visita de v\u00eddeo!<\/span><br \/>\n<span style=\"color: #000000; font-family: helvetica, arial, sans-serif; font-size: 14pt;\">\u00a1S\u00f3lo cuando eliges un socio real se puede garantizar la calidad del producto!<\/span><\/p>\n<p><span style=\"font-family: helvetica, arial, sans-serif; color: #000000; font-size: 14pt;\"><strong><a style=\"color: #000000;\" href=\"https:\/\/www.mlkjlasers.com\/es\/contact-us\/\">\u00a1Pregunte precios ahora!<\/a><\/strong><\/span><\/p>\n<p>&nbsp;<\/p>","protected":false},"excerpt":{"rendered":"<p>muy buen servicio y feliz con mi m\u00e1quina. Definitivamente los usar\u00e9 de nuevo. Gracias Amber<\/p>","protected":false},"featured_media":3731,"comment_status":"open","ping_status":"closed","template":"","meta":[],"product_cat":[28],"product_tag":[],"class_list":["post-2036","product","type-product","status-publish","has-post-thumbnail","hentry","product_cat-slimming-machine"],"_links":{"self":[{"href":"https:\/\/www.mlkjlasers.com\/es\/wp-json\/wp\/v2\/product\/2036","targetHints":{"allow":["GET"]}}],"collection":[{"href":"https:\/\/www.mlkjlasers.com\/es\/wp-json\/wp\/v2\/product"}],"about":[{"href":"https:\/\/www.mlkjlasers.com\/es\/wp-json\/wp\/v2\/types\/product"}],"replies":[{"embeddable":true,"href":"https:\/\/www.mlkjlasers.com\/es\/wp-json\/wp\/v2\/comments?post=2036"}],"wp:featuredmedia":[{"embeddable":true,"href":"https:\/\/www.mlkjlasers.com\/es\/wp-json\/wp\/v2\/media\/3731"}],"wp:attachment":[{"href":"https:\/\/www.mlkjlasers.com\/es\/wp-json\/wp\/v2\/media?parent=2036"}],"wp:term":[{"taxonomy":"product_cat","embeddable":true,"href":"https:\/\/www.mlkjlasers.com\/es\/wp-json\/wp\/v2\/product_cat?post=2036"},{"taxonomy":"product_tag","embeddable":true,"href":"https:\/\/www.mlkjlasers.com\/es\/wp-json\/wp\/v2\/product_tag?post=2036"}],"curies":[{"name":"wp","href":"https:\/\/api.w.org\/{rel}","templated":true}]}}