{"id":2055,"date":"2023-07-26T15:34:32","date_gmt":"2023-07-26T07:34:32","guid":{"rendered":"https:\/\/mlkjlasers.com\/?post_type=product&#038;p=2055"},"modified":"2026-01-27T17:28:52","modified_gmt":"2026-01-27T09:28:52","slug":"4-handles-in-1-ems-body-sculpt-slimming-machine-2-3","status":"publish","type":"product","link":"https:\/\/www.mlkjlasers.com\/es\/product\/4-handles-in-1-ems-body-sculpt-slimming-machine-2-3\/","title":{"rendered":"5 en 1 m\u00e1quina de p\u00e9rdida de peso de cavitaci\u00f3n de vac\u00edo de Rf ultras\u00f3nica"},"content":{"rendered":"<p><span style=\"font-family: helvetica, arial, sans-serif;\"><img fetchpriority=\"high\" decoding=\"async\" class=\"aligncenter wp-image-2066\" src=\"https:\/\/mlkjlasers.com\/wp-content\/uploads\/2023\/07\/\u6d77\u62a5.jpg\" alt=\"\" width=\"1920\" height=\"870\" srcset=\"https:\/\/www.mlkjlasers.com\/wp-content\/uploads\/2023\/07\/\u6d77\u62a5.jpg 1655w, https:\/\/www.mlkjlasers.com\/wp-content\/uploads\/2023\/07\/\u6d77\u62a5-300x136.jpg 300w, https:\/\/www.mlkjlasers.com\/wp-content\/uploads\/2023\/07\/\u6d77\u62a5-1024x464.jpg 1024w, https:\/\/www.mlkjlasers.com\/wp-content\/uploads\/2023\/07\/\u6d77\u62a5-768x348.jpg 768w, https:\/\/www.mlkjlasers.com\/wp-content\/uploads\/2023\/07\/\u6d77\u62a5-1536x696.jpg 1536w, https:\/\/www.mlkjlasers.com\/wp-content\/uploads\/2023\/07\/\u6d77\u62a5-600x272.jpg 600w\" sizes=\"(max-width: 1920px) 100vw, 1920px\" \/> <img decoding=\"async\" class=\"aligncenter wp-image-2061\" src=\"https:\/\/mlkjlasers.com\/wp-content\/uploads\/2023\/07\/\u51cf\u80a5B1_05.jpg\" alt=\"\" width=\"1920\" height=\"1222\" srcset=\"https:\/\/www.mlkjlasers.com\/wp-content\/uploads\/2023\/07\/\u51cf\u80a5B1_05.jpg 803w, https:\/\/www.mlkjlasers.com\/wp-content\/uploads\/2023\/07\/\u51cf\u80a5B1_05-300x191.jpg 300w, https:\/\/www.mlkjlasers.com\/wp-content\/uploads\/2023\/07\/\u51cf\u80a5B1_05-768x489.jpg 768w, https:\/\/www.mlkjlasers.com\/wp-content\/uploads\/2023\/07\/\u51cf\u80a5B1_05-600x382.jpg 600w\" sizes=\"(max-width: 1920px) 100vw, 1920px\" \/><\/span><\/p>\n<p><span style=\"font-family: helvetica, arial, sans-serif;\"><img decoding=\"async\" class=\"aligncenter wp-image-2069\" src=\"https:\/\/mlkjlasers.com\/wp-content\/uploads\/2023\/07\/\u51cf\u80a5B1\u624b\u67c4.jpg\" alt=\"\" width=\"1920\" height=\"1920\" srcset=\"https:\/\/www.mlkjlasers.com\/wp-content\/uploads\/2023\/07\/\u51cf\u80a5B1\u624b\u67c4.jpg 1044w, https:\/\/www.mlkjlasers.com\/wp-content\/uploads\/2023\/07\/\u51cf\u80a5B1\u624b\u67c4-300x300.jpg 300w, https:\/\/www.mlkjlasers.com\/wp-content\/uploads\/2023\/07\/\u51cf\u80a5B1\u624b\u67c4-1024x1024.jpg 1024w, https:\/\/www.mlkjlasers.com\/wp-content\/uploads\/2023\/07\/\u51cf\u80a5B1\u624b\u67c4-150x150.jpg 150w, https:\/\/www.mlkjlasers.com\/wp-content\/uploads\/2023\/07\/\u51cf\u80a5B1\u624b\u67c4-768x768.jpg 768w, https:\/\/www.mlkjlasers.com\/wp-content\/uploads\/2023\/07\/\u51cf\u80a5B1\u624b\u67c4-600x600.jpg 600w, https:\/\/www.mlkjlasers.com\/wp-content\/uploads\/2023\/07\/\u51cf\u80a5B1\u624b\u67c4-100x100.jpg 100w\" sizes=\"(max-width: 1920px) 100vw, 1920px\" \/><\/span><\/p>\n<p><span style=\"font-family: helvetica, arial, sans-serif;\"><strong>5 en 1 m\u00e1quina de p\u00e9rdida de peso de cavitaci\u00f3n de vac\u00edo de Rf ultras\u00f3nica<\/strong><\/span><\/p>\n<p><span style=\"font-family: helvetica, arial, sans-serif;\">La m\u00e1quina de adelgazamiento del cuerpo del sistema de vac\u00edo de cavitaci\u00f3n rf es una m\u00e1quina de belleza multifuncional, tiene un efecto perfecto en el rejuvenecimiento de la piel, adelgazamiento del cuerpo y forma:<\/span><br \/>\n<span style=\"font-family: helvetica, arial, sans-serif;\">1) Cabeza de cavitaci\u00f3n para quemar la c\u00e9lula grasa, la c\u00e9lula de eplode fa.<\/span><br \/>\n<span style=\"font-family: helvetica, arial, sans-serif;\">2) Cabeza RF monopolar para dar forma al cuerpo, quitar la arruga del cuerpo.<\/span><br \/>\n<span style=\"font-family: helvetica, arial, sans-serif;\">3) Peque\u00f1a cabeza de RF tripolor para el apriete de la piel, levantamiento de la piel, eliminaci\u00f3n de arrugas en la cara.<\/span><br \/>\n<span style=\"font-family: helvetica, arial, sans-serif;\">4) Gran cabeza de RF tripolar para el apriete de la piel, levantamiento de la piel, eliminaci\u00f3n de arrugas en el cuerpo.<\/span><br \/>\n<span style=\"font-family: helvetica, arial, sans-serif;\">5) cabeza de liposunci\u00f3n al vac\u00edo para adelgazar, quita la c\u00e9lula grasa excedente.<\/span><\/p>\n<p><span style=\"font-family: helvetica, arial, sans-serif;\"><img loading=\"lazy\" decoding=\"async\" class=\"aligncenter wp-image-2063\" src=\"https:\/\/mlkjlasers.com\/wp-content\/uploads\/2023\/07\/\u51cf\u80a5B1_03.jpg\" alt=\"\" width=\"1920\" height=\"1896\" srcset=\"https:\/\/www.mlkjlasers.com\/wp-content\/uploads\/2023\/07\/\u51cf\u80a5B1_03.jpg 803w, https:\/\/www.mlkjlasers.com\/wp-content\/uploads\/2023\/07\/\u51cf\u80a5B1_03-300x296.jpg 300w, https:\/\/www.mlkjlasers.com\/wp-content\/uploads\/2023\/07\/\u51cf\u80a5B1_03-768x758.jpg 768w, https:\/\/www.mlkjlasers.com\/wp-content\/uploads\/2023\/07\/\u51cf\u80a5B1_03-600x593.jpg 600w, https:\/\/www.mlkjlasers.com\/wp-content\/uploads\/2023\/07\/\u51cf\u80a5B1_03-100x100.jpg 100w\" sizes=\"(max-width: 1920px) 100vw, 1920px\" \/><\/span><\/p>\n<p><span style=\"font-family: helvetica, arial, sans-serif;\"><strong>Aplicaci\u00f3n y efecto del tratamiento:<\/strong><\/span><br \/>\n<span style=\"font-family: helvetica, arial, sans-serif;\">&gt; Adecuado para la piel de 6 colores diferentes, incluyendo la piel oscura.<\/span><br \/>\n<span style=\"font-family: helvetica, arial, sans-serif;\">&gt; La temperatura del zafiro se enfr\u00eda 0 ~ 3 \u00b0 C, los clientes se sienten c\u00f3modos e indolores en todo el tratamiento.<\/span><br \/>\n<span style=\"font-family: helvetica, arial, sans-serif;\">&gt; Largo tiempo de trabajo continuo, aseg\u00farese de las obras en el uso de la cl\u00ednica\/sal\u00f3n.<\/span><\/p>\n<p><span style=\"font-family: helvetica, arial, sans-serif;\"><img loading=\"lazy\" decoding=\"async\" class=\"aligncenter wp-image-2059\" src=\"https:\/\/mlkjlasers.com\/wp-content\/uploads\/2023\/07\/\u51cf\u80a5B1_09.jpg\" alt=\"\" width=\"1920\" height=\"1975\" srcset=\"https:\/\/www.mlkjlasers.com\/wp-content\/uploads\/2023\/07\/\u51cf\u80a5B1_09.jpg 803w, https:\/\/www.mlkjlasers.com\/wp-content\/uploads\/2023\/07\/\u51cf\u80a5B1_09-292x300.jpg 292w, https:\/\/www.mlkjlasers.com\/wp-content\/uploads\/2023\/07\/\u51cf\u80a5B1_09-768x790.jpg 768w, https:\/\/www.mlkjlasers.com\/wp-content\/uploads\/2023\/07\/\u51cf\u80a5B1_09-600x617.jpg 600w\" sizes=\"(max-width: 1920px) 100vw, 1920px\" \/><\/span><\/p>\n<p><span style=\"font-family: helvetica, arial, sans-serif;\"> <img loading=\"lazy\" decoding=\"async\" class=\"aligncenter wp-image-2058\" src=\"https:\/\/mlkjlasers.com\/wp-content\/uploads\/2023\/07\/\u51cf\u80a5B1_11.jpg\" alt=\"\" width=\"1920\" height=\"1282\" srcset=\"https:\/\/www.mlkjlasers.com\/wp-content\/uploads\/2023\/07\/\u51cf\u80a5B1_11.jpg 803w, https:\/\/www.mlkjlasers.com\/wp-content\/uploads\/2023\/07\/\u51cf\u80a5B1_11-300x200.jpg 300w, https:\/\/www.mlkjlasers.com\/wp-content\/uploads\/2023\/07\/\u51cf\u80a5B1_11-768x513.jpg 768w, https:\/\/www.mlkjlasers.com\/wp-content\/uploads\/2023\/07\/\u51cf\u80a5B1_11-600x400.jpg 600w\" sizes=\"(max-width: 1920px) 100vw, 1920px\" \/><\/span><\/p>\n<p><span style=\"font-family: helvetica, arial, sans-serif;\"><img loading=\"lazy\" decoding=\"async\" class=\"aligncenter wp-image-2060\" src=\"https:\/\/mlkjlasers.com\/wp-content\/uploads\/2023\/07\/\u51cf\u80a5B1_07.jpg\" alt=\"\" width=\"1920\" height=\"1184\" srcset=\"https:\/\/www.mlkjlasers.com\/wp-content\/uploads\/2023\/07\/\u51cf\u80a5B1_07.jpg 803w, https:\/\/www.mlkjlasers.com\/wp-content\/uploads\/2023\/07\/\u51cf\u80a5B1_07-300x185.jpg 300w, https:\/\/www.mlkjlasers.com\/wp-content\/uploads\/2023\/07\/\u51cf\u80a5B1_07-768x473.jpg 768w, https:\/\/www.mlkjlasers.com\/wp-content\/uploads\/2023\/07\/\u51cf\u80a5B1_07-600x370.jpg 600w\" sizes=\"(max-width: 1920px) 100vw, 1920px\" \/> 1) pantalla t\u00e1ctil grande de color verdadero de 8 pulgadas<br \/>\n2) experiencia t\u00e1ctil s\u00faper fresca<br \/>\n3) 6 idioma para su elecci\u00f3n, el idioma especial puede a\u00f1adirse<\/span><\/p>\n<p><span style=\"font-family: helvetica, arial, sans-serif;\"><img loading=\"lazy\" decoding=\"async\" class=\"aligncenter wp-image-2057\" src=\"https:\/\/mlkjlasers.com\/wp-content\/uploads\/2023\/07\/\u51cf\u80a5B1_13.jpg\" alt=\"\" width=\"1920\" height=\"1765\" srcset=\"https:\/\/www.mlkjlasers.com\/wp-content\/uploads\/2023\/07\/\u51cf\u80a5B1_13.jpg 803w, https:\/\/www.mlkjlasers.com\/wp-content\/uploads\/2023\/07\/\u51cf\u80a5B1_13-300x276.jpg 300w, https:\/\/www.mlkjlasers.com\/wp-content\/uploads\/2023\/07\/\u51cf\u80a5B1_13-768x706.jpg 768w, https:\/\/www.mlkjlasers.com\/wp-content\/uploads\/2023\/07\/\u51cf\u80a5B1_13-600x551.jpg 600w\" sizes=\"(max-width: 1920px) 100vw, 1920px\" \/><\/span><span style=\"color: #000000; font-family: helvetica, arial, sans-serif;\">MLKJ es una empresa de 15 a\u00f1os que integra el dise\u00f1o, el desarrollo, la producci\u00f3n y las ventas de instrumentos de belleza.<\/span><br \/>\n<span style=\"color: #000000; font-family: helvetica, arial, sans-serif;\">F\u00e1brica real, proceso de producci\u00f3n real, evaluaci\u00f3n real!<\/span><br \/>\n<span style=\"color: #000000; font-family: helvetica, arial, sans-serif;\">Bienvenido a nuestra empresa o visita de v\u00eddeo!<\/span><br \/>\n<span style=\"color: #000000; font-family: helvetica, arial, sans-serif;\">\u00a1S\u00f3lo cuando eliges un socio real se puede garantizar la calidad del producto!<\/span><\/p>\n<table style=\"height: 278px; width: 98.0194%; border-collapse: collapse;\">\n<tbody>\n<tr style=\"height: 24px;\">\n<td style=\"width: 49.0421%; height: 43px;\"><span style=\"font-family: helvetica, arial, sans-serif;\">5 en 1 m\u00e1quina de p\u00e9rdida de peso de cavitaci\u00f3n de vac\u00edo de Rf ultras\u00f3nica<\/span><\/td>\n<td style=\"width: 48.9783%; height: 43px;\"><span style=\"color: #000000; font-family: helvetica, arial, sans-serif;\">Tecnolog\u00eda: M\u00e1quina de p\u00e9rdida de peso B1<\/span><\/td>\n<\/tr>\n<tr style=\"height: 24px;\">\n<td style=\"width: 49.0421%; height: 88px;\" rowspan=\"5\" data-spm-anchor-id=\"a2700.wholesale.0.i35.6cea66caH0Iylk\">\n<div class=\"magic-10\" data-spm-anchor-id=\"a2700.wholesale.0.i36.6cea66caH0Iylk\"><span style=\"font-family: helvetica, arial, sans-serif;\">Piezas de mano<\/span><\/div>\n<\/td>\n<td style=\"width: 48.9783%; height: 24px;\">\n<div class=\"magic-11\">\n<p><span style=\"font-family: helvetica, arial, sans-serif;\">Cabeza RF unipolar grande<\/span><\/p>\n<\/div>\n<\/td>\n<\/tr>\n<tr style=\"height: 24px;\">\n<td style=\"width: 48.9783%; height: 10px;\"><span style=\"font-family: helvetica, arial, sans-serif;\">Peque\u00f1a cabeza de RF unipolar<\/span><\/td>\n<\/tr>\n<tr style=\"height: 24px;\">\n<td style=\"width: 48.9783%; height: 10px;\"><span style=\"font-family: helvetica, arial, sans-serif;\">cabeza de radio bipolar<\/span><\/td>\n<\/tr>\n<tr style=\"height: 24px;\">\n<td style=\"width: 48.9783%; height: 10px;\"><span style=\"font-family: helvetica, arial, sans-serif;\">Gran cabeza magn\u00e9tica de RF de tres polos<\/span><\/td>\n<\/tr>\n<tr style=\"height: 12px;\">\n<td style=\"width: 48.9783%; height: 34px;\"><span style=\"font-family: helvetica, arial, sans-serif;\">Peque\u00f1a cabeza de RF de 3 polos<\/span><\/td>\n<\/tr>\n<tr style=\"height: 51px;\">\n<td style=\"width: 49.0421%; height: 10px;\" width=\"136\"><span style=\"font-family: helvetica, arial, sans-serif;\">Tecnolog\u00eda<\/span><\/td>\n<td style=\"width: 48.9783%; height: 10px;\" width=\"282\"><span style=\"font-family: helvetica, arial, sans-serif;\">RF unipolar grande\/peque\u00f1o RF bipolar RF tripolar grande\/peque\u00f1o)<\/span><\/td>\n<\/tr>\n<tr style=\"height: 51px;\">\n<td style=\"width: 49.0421%; height: 33px;\" width=\"136\"><span style=\"font-family: helvetica, arial, sans-serif;\">Frecuencia de salida<\/span><\/td>\n<td style=\"width: 48.9783%; height: 33px;\" width=\"282\"><span style=\"font-family: helvetica, arial, sans-serif;\">5 MHz<\/span><\/td>\n<\/tr>\n<tr style=\"height: 51px;\">\n<td style=\"width: 49.0421%; height: 10px;\" width=\"136\"><span style=\"font-family: helvetica, arial, sans-serif;\">Potencia m\u00e1xima de salida<\/span><\/td>\n<td style=\"width: 48.9783%; height: 10px;\" width=\"282\"><span style=\"font-family: helvetica, arial, sans-serif;\">150W<\/span><\/td>\n<\/tr>\n<tr style=\"height: 24px;\">\n<td style=\"width: 49.0421%; height: 35px;\">\n<div class=\"magic-10\"><span style=\"font-family: helvetica, arial, sans-serif;\">RF monopilar<\/span><\/div>\n<\/td>\n<td style=\"width: 48.9783%; height: 35px;\">\n<div class=\"magic-11\" data-spm-anchor-id=\"a2700.wholesale.0.i37.6cea66caH0Iylk\"><span style=\"font-family: helvetica, arial, sans-serif;\">1-10 MHZ (frecuencia de salida) 150 vatios (potencia m\u00e1xima de salida)<\/span><\/div>\n<\/td>\n<\/tr>\n<tr style=\"height: 24px;\">\n<td style=\"width: 49.0421%; height: 21px;\">\n<div class=\"magic-10\"><span style=\"font-family: helvetica, arial, sans-serif;\">Presi\u00f3n de vac\u00edo<\/span><\/div>\n<\/td>\n<td style=\"width: 48.9783%; height: 21px;\">\n<div class=\"magic-11\"><span style=\"font-family: helvetica, arial, sans-serif;\">100 KPA<\/span><\/div>\n<\/td>\n<\/tr>\n<tr style=\"height: 24px;\">\n<td style=\"width: 49.0421%; height: 38px;\">\n<div class=\"magic-10\"><span style=\"font-family: helvetica, arial, sans-serif;\">Tama\u00f1o<\/span><\/div>\n<\/td>\n<td style=\"width: 48.9783%; height: 38px;\"><\/td>\n<\/tr>\n<\/tbody>\n<\/table>\n<p>&nbsp;<\/p>\n<p><span style=\"font-family: helvetica, arial, sans-serif;\"><strong><a href=\"https:\/\/www.mlkjlasers.com\/es\/contact-us\/\"><span style=\"color: #000000; font-size: 14pt;\">\u00a1Pregunte precios ahora!<\/span><\/a><\/strong><\/span><\/p>\n<p>&nbsp;<\/p>","protected":false},"excerpt":{"rendered":"<p><span style=\"font-family: helvetica, arial, sans-serif;\">La m\u00e1quina de adelgazamiento del cuerpo del sistema de vac\u00edo de cavitaci\u00f3n rf es una m\u00e1quina de belleza multifuncional, tiene un efecto perfecto en el rejuvenecimiento de la piel, adelgazamiento del cuerpo y forma:<\/span><br \/>\n<span style=\"font-family: helvetica, arial, sans-serif;\">1) Cabeza de cavitaci\u00f3n para quemar la c\u00e9lula grasa, la c\u00e9lula de eplode fa.<\/span><br \/>\n<span style=\"font-family: helvetica, arial, sans-serif;\">2) Cabeza RF monopolar para dar forma al cuerpo, quitar la arruga del cuerpo.<\/span><br \/>\n<span style=\"font-family: helvetica, arial, sans-serif;\">3) Peque\u00f1a cabeza de RF tripolor para el apriete de la piel, levantamiento de la piel, eliminaci\u00f3n de arrugas en la cara.<\/span><br \/>\n<span style=\"font-family: helvetica, arial, sans-serif;\">4) Gran cabeza de RF tripolar para el apriete de la piel, levantamiento de la piel, eliminaci\u00f3n de arrugas en el cuerpo.<\/span><br \/>\n<span style=\"font-family: helvetica, arial, sans-serif;\">5) cabeza de liposunci\u00f3n al vac\u00edo para adelgazar, quita la c\u00e9lula grasa excedente.<\/span><\/p>","protected":false},"featured_media":2084,"comment_status":"open","ping_status":"closed","template":"","meta":[],"product_cat":[28],"product_tag":[],"class_list":["post-2055","product","type-product","status-publish","has-post-thumbnail","hentry","product_cat-slimming-machine"],"_links":{"self":[{"href":"https:\/\/www.mlkjlasers.com\/es\/wp-json\/wp\/v2\/product\/2055","targetHints":{"allow":["GET"]}}],"collection":[{"href":"https:\/\/www.mlkjlasers.com\/es\/wp-json\/wp\/v2\/product"}],"about":[{"href":"https:\/\/www.mlkjlasers.com\/es\/wp-json\/wp\/v2\/types\/product"}],"replies":[{"embeddable":true,"href":"https:\/\/www.mlkjlasers.com\/es\/wp-json\/wp\/v2\/comments?post=2055"}],"wp:featuredmedia":[{"embeddable":true,"href":"https:\/\/www.mlkjlasers.com\/es\/wp-json\/wp\/v2\/media\/2084"}],"wp:attachment":[{"href":"https:\/\/www.mlkjlasers.com\/es\/wp-json\/wp\/v2\/media?parent=2055"}],"wp:term":[{"taxonomy":"product_cat","embeddable":true,"href":"https:\/\/www.mlkjlasers.com\/es\/wp-json\/wp\/v2\/product_cat?post=2055"},{"taxonomy":"product_tag","embeddable":true,"href":"https:\/\/www.mlkjlasers.com\/es\/wp-json\/wp\/v2\/product_tag?post=2055"}],"curies":[{"name":"wp","href":"https:\/\/api.w.org\/{rel}","templated":true}]}}