{"id":2085,"date":"2023-07-26T16:29:13","date_gmt":"2023-07-26T08:29:13","guid":{"rendered":"https:\/\/mlkjlasers.com\/?post_type=product&#038;p=2085"},"modified":"2026-01-27T16:47:45","modified_gmt":"2026-01-27T08:47:45","slug":"vertical-co2-fractional-laser","status":"publish","type":"product","link":"https:\/\/www.mlkjlasers.com\/es\/product\/vertical-co2-fractional-laser\/","title":{"rendered":"M\u00e1quina l\u00e1ser fraccional vertical del rejuvenecimiento de la piel de la m\u00e1quina l\u00e1ser fraccional del CO2 para la eliminaci\u00f3n de la cicatriz del acn\u00e9"},"content":{"rendered":"<div class=\"J_module\">\n<div class=\"icbu-pc-images magic-0\">\n<div>\n<div class=\"flex-layout-v\">\n<div class=\"flex-layout-h magic-0\">\n<div class=\"magic-1\"><span style=\"font-size: 14pt; font-family: helvetica, arial, sans-serif; color: #000000;\"><img fetchpriority=\"high\" decoding=\"async\" class=\"magic-2 alignleft\" src=\"https:\/\/sc04.alicdn.com\/kf\/Hc7c1540801cd44d890aeaa993a9a731a3\/252086154\/Hc7c1540801cd44d890aeaa993a9a731a3.jpg\" width=\"1356\" height=\"904\" data-src=\"\/\/sc04.alicdn.com\/kf\/Hc7c1540801cd44d890aeaa993a9a731a3\/252086154\/Hc7c1540801cd44d890aeaa993a9a731a3.jpg\" \/><\/span><\/div>\n<\/div>\n<\/div>\n<\/div>\n<\/div>\n<\/div>\n<div class=\"J_module\" style=\"text-align: left;\">\n<div id=\"ali-anchor-AliMagic-ifa1jx\" class=\"magic-3\" data-section=\"AliMagic-ifa1jx\" data-section-title=\"Products Description\"><\/div>\n<\/div>\n<div class=\"J_module\" style=\"text-align: left;\">\n<div class=\"detail-decorate-json-renderer-container\">\n<div class=\"magic-4\">\n<div class=\"magic-5\">\n<div class=\"magic-6\">\n<div class=\"magic-7\"><span style=\"font-size: 14pt; font-family: helvetica, arial, sans-serif; color: #000000;\"><b><span class=\"magic-8\"><span class=\"magic-9\">Sistema l\u00e1ser fraccionado de CO2.<\/span><span class=\"magic-10\"><span class=\"magic-9\">\u00a1Devolve su hermosa piel!<\/span><\/span><\/span><\/b><\/span><\/div>\n<div><\/div>\n<\/div>\n<\/div>\n<\/div>\n<\/div>\n<\/div>\n<div class=\"J_module\" style=\"text-align: left;\">\n<div class=\"icbu-pc-images magic-0\">\n<div>\n<div class=\"flex-layout-v\">\n<div class=\"flex-layout-h magic-0\">\n<div class=\"magic-11\"><span style=\"font-size: 14pt; font-family: helvetica, arial, sans-serif; color: #000000;\"><img decoding=\"async\" class=\"magic-12 alignnone\" src=\"https:\/\/sc04.alicdn.com\/kf\/Hcd5f21fec2b444d5a69cfac84e6e440aj\/252086154\/Hcd5f21fec2b444d5a69cfac84e6e440aj.jpg\" width=\"1355\" height=\"1550\" data-src=\"\/\/sc04.alicdn.com\/kf\/Hcd5f21fec2b444d5a69cfac84e6e440aj\/252086154\/Hcd5f21fec2b444d5a69cfac84e6e440aj.jpg\" \/><\/span><\/div>\n<\/div>\n<\/div>\n<div><\/div>\n<\/div>\n<\/div>\n<\/div>\n<div class=\"J_module\" style=\"text-align: left;\">\n<div class=\"detail-decorate-json-renderer-container\">\n<div class=\"magic-4\">\n<div class=\"magic-5\">\n<div class=\"magic-6\">\n<div class=\"magic-7\"><span class=\"magic-13\" style=\"font-size: 14pt; font-family: helvetica, arial, sans-serif; color: #000000;\"><b>M\u00faltiples modos de funcionamiento<\/b><\/span><\/div>\n<div class=\"magic-7\"><span class=\"magic-13\" style=\"font-size: 14pt; font-family: helvetica, arial, sans-serif; color: #000000;\">Continuo, s\u00faper pulso, fraccional diferentes modos de operaci\u00f3n<\/span><\/div>\n<div><\/div>\n<div class=\"magic-7\"><span class=\"magic-13\" style=\"font-size: 14pt; font-family: helvetica, arial, sans-serif; color: #000000;\"><b>Ajustable<\/b><\/span><\/div>\n<div class=\"magic-7\"><span class=\"magic-13\" style=\"font-size: 14pt; font-family: helvetica, arial, sans-serif; color: #000000;\">El di\u00e1metro y el intervalo del punto focal son ajustables<\/span><\/div>\n<div><\/div>\n<div class=\"magic-7\"><span class=\"magic-13\" style=\"font-size: 14pt; font-family: helvetica, arial, sans-serif; color: #000000;\"><b>Importaciones de Estados Unidos<\/b><\/span><\/div>\n<div class=\"magic-7\"><span class=\"magic-13\" style=\"font-size: 14pt; font-family: helvetica, arial, sans-serif; color: #000000;\">El mejor tubo l\u00e1ser RF de EE.UU., importado de CONHERENT, rendimiento estable, alto efectivo <\/span><\/div>\n<div class=\"magic-7\"><span class=\"magic-13\" style=\"font-size: 14pt; font-family: helvetica, arial, sans-serif; color: #000000;\"><b>sencillo<\/b> F\u00e1cil de desmontar la pieza de mano y colgar en la m\u00e1quina<\/span><\/div>\n<div><\/div>\n<\/div>\n<\/div>\n<\/div>\n<\/div>\n<\/div>\n<div class=\"J_module\" style=\"text-align: left;\">\n<div class=\"icbu-pc-images magic-0\">\n<div>\n<div class=\"flex-layout-v\">\n<div class=\"flex-layout-h magic-0\">\n<div class=\"magic-14\"><span style=\"font-size: 14pt; font-family: helvetica, arial, sans-serif; color: #000000;\"><img decoding=\"async\" class=\"magic-15 alignnone\" src=\"https:\/\/sc04.alicdn.com\/kf\/H13d8e5021a814b2799acda22438132f5B\/252086154\/H13d8e5021a814b2799acda22438132f5B.jpg\" width=\"1351\" height=\"1746\" data-src=\"\/\/sc04.alicdn.com\/kf\/H13d8e5021a814b2799acda22438132f5B\/252086154\/H13d8e5021a814b2799acda22438132f5B.jpg\" \/><\/span><\/div>\n<\/div>\n<\/div>\n<\/div>\n<\/div>\n<\/div>\n<div class=\"J_module\" style=\"text-align: left;\">\n<div class=\"icbu-pc-images magic-0\">\n<div>\n<div class=\"flex-layout-v\">\n<div class=\"flex-layout-h magic-0\">\n<div class=\"magic-16\"><span style=\"font-size: 14pt; font-family: helvetica, arial, sans-serif; color: #000000;\"><img loading=\"lazy\" decoding=\"async\" class=\"magic-17 alignnone\" src=\"https:\/\/sc04.alicdn.com\/kf\/H511979c8a40e45558f97ca54f2d09878n\/252086154\/H511979c8a40e45558f97ca54f2d09878n.jpg\" width=\"1351\" height=\"1851\" data-src=\"\/\/sc04.alicdn.com\/kf\/H511979c8a40e45558f97ca54f2d09878n\/252086154\/H511979c8a40e45558f97ca54f2d09878n.jpg\" \/><\/span><\/div>\n<\/div>\n<\/div>\n<div><\/div>\n<\/div>\n<\/div>\n<\/div>\n<div class=\"J_module\" style=\"text-align: left;\">\n<div class=\"detail-decorate-json-renderer-container\">\n<div class=\"magic-4\">\n<div class=\"magic-5\">\n<div class=\"magic-6\">\n<div class=\"magic-7\"><span class=\"magic-13\" style=\"font-size: 14pt; font-family: helvetica, arial, sans-serif; color: #000000;\"><b>suave<\/b><\/span><\/div>\n<div class=\"magic-7\"><span class=\"magic-13\" style=\"font-size: 14pt; font-family: helvetica, arial, sans-serif; color: #000000;\">Ninguna pigmentaci\u00f3n y despigmentaci\u00f3n de la piel, no necesita consumible extra<\/span><\/div>\n<div><\/div>\n<div class=\"magic-7\"><span class=\"magic-13\" style=\"font-size: 14pt; font-family: helvetica, arial, sans-serif; color: #000000;\"><b>Protecci\u00f3n de seguridad<\/b><\/span><\/div>\n<div class=\"magic-7\"><span class=\"magic-13\" style=\"font-size: 14pt; font-family: helvetica, arial, sans-serif; color: #000000;\">Protecci\u00f3n de seguridad con alame autom\u00e1tico <\/span><\/div>\n<div><\/div>\n<div class=\"magic-7\"><span class=\"magic-13\" style=\"font-size: 14pt; font-family: helvetica, arial, sans-serif; color: #000000;\"><b>Atajo<\/b><\/span><\/div>\n<div class=\"magic-7\"><span class=\"magic-13\" style=\"font-size: 14pt; font-family: helvetica, arial, sans-serif; color: #000000;\">Tratamiento f\u00e1cil y r\u00e1pido, sin tiempo de inactividad<\/span><\/div>\n<div><\/div>\n<div class=\"magic-7\"><span class=\"magic-13\" style=\"font-size: 14pt; font-family: helvetica, arial, sans-serif; color: #000000;\"><b>F\u00e1cil de usar<\/b><\/span><\/div>\n<div class=\"magic-7\"><span class=\"magic-13\" style=\"font-size: 14pt; font-family: helvetica, arial, sans-serif; color: #000000;\">Conducci\u00f3n de luz de brazo articulado <\/span><\/div>\n<div><\/div>\n<div class=\"magic-7\"><span class=\"magic-13\" style=\"font-size: 14pt; font-family: helvetica, arial, sans-serif; color: #000000;\"><b>Amplia gama de aplicaciones<\/b><\/span><\/div>\n<div class=\"magic-7\"><span class=\"magic-13\" style=\"font-size: 14pt; font-family: helvetica, arial, sans-serif; color: #000000;\">Varios vol\u00famenes de puntos son adecuados para diferentes \u00e1reas del cuerpo<\/span><\/div>\n<\/div>\n<\/div>\n<\/div>\n<\/div>\n<\/div>\n<div class=\"J_module\" style=\"text-align: left;\">\n<div class=\"icbu-pc-images magic-0\">\n<div>\n<div class=\"flex-layout-v\">\n<div class=\"flex-layout-h magic-0\">\n<div class=\"magic-18\"><span style=\"font-size: 14pt; font-family: helvetica, arial, sans-serif; color: #000000;\"><img loading=\"lazy\" decoding=\"async\" class=\"magic-19 alignnone\" src=\"https:\/\/sc04.alicdn.com\/kf\/H3e3e18d7e43c4e6994adb599ace4a359I\/252086154\/H3e3e18d7e43c4e6994adb599ace4a359I.jpg\" width=\"1358\" height=\"1194\" data-src=\"\/\/sc04.alicdn.com\/kf\/H3e3e18d7e43c4e6994adb599ace4a359I\/252086154\/H3e3e18d7e43c4e6994adb599ace4a359I.jpg\" \/><\/span><\/div>\n<\/div>\n<\/div>\n<\/div>\n<\/div>\n<\/div>\n<div class=\"J_module\" style=\"text-align: left;\">\n<div class=\"icbu-pc-images magic-0\">\n<div>\n<div class=\"flex-layout-v\">\n<div class=\"flex-layout-h magic-0\">\n<div class=\"magic-20\"><span style=\"font-size: 14pt; font-family: helvetica, arial, sans-serif; color: #000000;\"><img loading=\"lazy\" decoding=\"async\" class=\"magic-21 alignnone\" src=\"https:\/\/sc04.alicdn.com\/kf\/H99fe27be7ace4abc8e39ca13613532575\/252086154\/H99fe27be7ace4abc8e39ca13613532575.jpg\" width=\"1346\" height=\"1958\" data-src=\"\/\/sc04.alicdn.com\/kf\/H99fe27be7ace4abc8e39ca13613532575\/252086154\/H99fe27be7ace4abc8e39ca13613532575.jpg\" \/><\/span><\/div>\n<div><span style=\"font-size: 14pt;\"><b class=\"magic-9\" style=\"color: #000000; font-family: helvetica, arial, sans-serif;\">Los cabezales de escaneo importados generalmente usan para 3 &#8211; 5 a\u00f1os, con baja tasa de falla, escaneo m\u00e1s preciso y larga vida \u00fatil.<\/b><\/span><\/div>\n<\/div>\n<\/div>\n<\/div>\n<\/div>\n<\/div>\n<div class=\"J_module\" style=\"text-align: left;\">\n<div class=\"detail-decorate-json-renderer-container\">\n<div class=\"magic-4\">\n<div class=\"magic-5\">\n<div class=\"magic-6\">\n<div class=\"magic-7\">\n<div><span class=\"magic-13\" style=\"color: #000000; font-size: 14pt; font-family: helvetica, arial, sans-serif;\">El l\u00e1ser de 40w tiene alta potencia y suficiente energ\u00eda, y puede trabajar continuamente durante mucho tiempo.<br \/>\n<\/span><\/div>\n<div><span class=\"magic-13\" style=\"color: #000000; font-size: 14pt; font-family: helvetica, arial, sans-serif;\"><b class=\"magic-9\">Fuerte energ\u00eda, emisi\u00f3n de luz uniforme, escaneo m\u00e1s preciso, menor tasa de falla y larga vida \u00fatil.<\/b><\/span><\/div>\n<\/div>\n<\/div>\n<\/div>\n<\/div>\n<\/div>\n<\/div>\n<div class=\"J_module\" style=\"text-align: left;\">\n<div class=\"icbu-pc-images magic-0\">\n<div>\n<div class=\"flex-layout-v\">\n<div class=\"flex-layout-h magic-0\">\n<div><\/div>\n<\/div>\n<\/div>\n<\/div>\n<\/div>\n<\/div>\n<div class=\"J_module\" style=\"text-align: left;\">\n<div id=\"ali-anchor-AliMagic-hliqyf\" class=\"magic-3\" data-section=\"AliMagic-hliqyf\" data-section-title=\"Effect comparison\"><span style=\"font-size: 14pt; font-family: helvetica, arial, sans-serif; color: #000000;\"><strong>Comparaci\u00f3n de efectos<\/strong><\/span><\/div>\n<\/div>\n<div class=\"J_module\" style=\"text-align: left;\">\n<div class=\"icbu-pc-images magic-0\">\n<div>\n<div class=\"flex-layout-v\">\n<div class=\"flex-layout-h magic-0\">\n<div class=\"magic-24\"><span style=\"font-size: 14pt; font-family: helvetica, arial, sans-serif; color: #000000;\"><img loading=\"lazy\" decoding=\"async\" class=\"magic-25 alignnone\" src=\"https:\/\/sc04.alicdn.com\/kf\/H6014c423c1754706ab8679382b0299a8p\/252086154\/H6014c423c1754706ab8679382b0299a8p.jpg\" width=\"1349\" height=\"842\" data-src=\"\/\/sc04.alicdn.com\/kf\/H6014c423c1754706ab8679382b0299a8p\/252086154\/H6014c423c1754706ab8679382b0299a8p.jpg\" \/><\/span><\/div>\n<\/div>\n<\/div>\n<\/div>\n<\/div>\n<\/div>\n<div class=\"J_module\" style=\"text-align: left;\">\n<div class=\"icbu-pc-images magic-0\">\n<div>\n<div class=\"flex-layout-v\">\n<div class=\"flex-layout-h magic-0\">\n<div class=\"magic-26\"><span style=\"font-size: 14pt; font-family: helvetica, arial, sans-serif; color: #000000;\"><img loading=\"lazy\" decoding=\"async\" class=\"magic-27 alignnone\" src=\"https:\/\/sc04.alicdn.com\/kf\/H5976fe649456464898017a9262a460e3j\/252086154\/H5976fe649456464898017a9262a460e3j.jpg\" width=\"1360\" height=\"990\" data-src=\"\/\/sc04.alicdn.com\/kf\/H5976fe649456464898017a9262a460e3j\/252086154\/H5976fe649456464898017a9262a460e3j.jpg\" \/><\/span><\/div>\n<\/div>\n<\/div>\n<\/div>\n<\/div>\n<\/div>\n<div class=\"J_module\" style=\"text-align: left;\">\n<div class=\"detail-decorate-json-renderer-container\">\n<div class=\"magic-4\">\n<div class=\"magic-5\">\n<div class=\"magic-6\">\n<div class=\"magic-7\">\n<p><span class=\"magic-13\" style=\"font-size: 14pt; font-family: helvetica, arial, sans-serif; color: #000000;\">14 pulgadas pantalla t\u00e1ctil grande color verdadero<\/span><\/p>\n<div><span class=\"magic-13\" style=\"font-size: 14pt; font-family: helvetica, arial, sans-serif; color: #000000;\">Super cool tacto Experiencia<\/span><\/div>\n<div><span class=\"magic-13\" style=\"font-size: 14pt; font-family: helvetica, arial, sans-serif; color: #000000;\">12 idiomas para su elecci\u00f3n, se puede a\u00f1adir un idioma especial<br \/>\n<\/span><\/div>\n<div><span class=\"magic-13\" style=\"font-size: 14pt; font-family: helvetica, arial, sans-serif; color: #000000;\">El servicio del OEM se acepta, como ajustar el par\u00e1metro, incluye el alcance de la energ\u00eda \/ fre \/ tiempo<br \/>\n<\/span><\/div>\n<div data-spm-anchor-id=\"a2700.wholesale.0.i36.304df5d1W3QwJB\"><span class=\"magic-13\" style=\"font-size: 14pt; font-family: helvetica, arial, sans-serif; color: #000000;\">12 tipos Patrones de salida.<\/span><\/div>\n<\/div>\n<\/div>\n<\/div>\n<\/div>\n<\/div>\n<\/div>\n<div style=\"text-align: left;\" data-spm-anchor-id=\"a2700.wholesale.0.i36.304df5d1W3QwJB\"><\/div>\n<div class=\"J_module\">\n<div class=\"detail-decorate-json-renderer-container\">\n<div class=\"magic-4\">\n<div style=\"text-align: left;\" data-spm-anchor-id=\"a2700.wholesale.0.i36.304df5d1W3QwJB\"><\/div>\n<\/div>\n<\/div>\n<\/div>","protected":false},"excerpt":{"rendered":"<p>La resurfaciaci\u00f3n ablativa fraccional de CO2 entrega l\u00e1ser de 10600nm de manera fraccional en la piel mientras deja intactas las \u00e1reas circundantes no tratadas.<\/p>\n<p>El l\u00e1ser crea puntos t\u00e9rmicos microsc\u00f3picos en la superficie y funciona dentro de los tejidos, ofreciendo mejorar el apriete de la piel, manchas de edad, l\u00edneas finas, cicatrices de acn\u00e9, eliminaci\u00f3n de estr\u00edas y rejuvenecimiento de la vulva. El tejido no tratado ayuda a acelerar el proceso de curaci\u00f3n y rejuvenecer la piel promoviendo la microcirculaci\u00f3n y la g\u00e9nesis de nuevas c\u00e9lulas.<\/p>\n<p>Ajuste de la piel;<br \/>\nAcn\u00e9 y eliminaci\u00f3n de cicatrices del acn\u00e9;<br \/>\ncicatrices quemadas suaves y cicatrices de cirug\u00eda, dermabrasi\u00f3n etc-;<br \/>\nEliminar los cloasmas intratables y la pigmentaci\u00f3n;<br \/>\nRecuperaci\u00f3n de da\u00f1os solares<\/p>","protected":false},"featured_media":2091,"comment_status":"open","ping_status":"closed","template":"","meta":[],"product_cat":[22],"product_tag":[],"class_list":["post-2085","product","type-product","status-publish","has-post-thumbnail","hentry","product_cat-co2-laser"],"_links":{"self":[{"href":"https:\/\/www.mlkjlasers.com\/es\/wp-json\/wp\/v2\/product\/2085","targetHints":{"allow":["GET"]}}],"collection":[{"href":"https:\/\/www.mlkjlasers.com\/es\/wp-json\/wp\/v2\/product"}],"about":[{"href":"https:\/\/www.mlkjlasers.com\/es\/wp-json\/wp\/v2\/types\/product"}],"replies":[{"embeddable":true,"href":"https:\/\/www.mlkjlasers.com\/es\/wp-json\/wp\/v2\/comments?post=2085"}],"wp:featuredmedia":[{"embeddable":true,"href":"https:\/\/www.mlkjlasers.com\/es\/wp-json\/wp\/v2\/media\/2091"}],"wp:attachment":[{"href":"https:\/\/www.mlkjlasers.com\/es\/wp-json\/wp\/v2\/media?parent=2085"}],"wp:term":[{"taxonomy":"product_cat","embeddable":true,"href":"https:\/\/www.mlkjlasers.com\/es\/wp-json\/wp\/v2\/product_cat?post=2085"},{"taxonomy":"product_tag","embeddable":true,"href":"https:\/\/www.mlkjlasers.com\/es\/wp-json\/wp\/v2\/product_tag?post=2085"}],"curies":[{"name":"wp","href":"https:\/\/api.w.org\/{rel}","templated":true}]}}