{"id":2107,"date":"2023-07-27T15:21:47","date_gmt":"2023-07-27T07:21:47","guid":{"rendered":"https:\/\/mlkjlasers.com\/?post_type=product&#038;p=2107"},"modified":"2026-01-27T10:39:05","modified_gmt":"2026-01-27T02:39:05","slug":"vertical-co2-fractional-laser-2","status":"publish","type":"product","link":"https:\/\/www.mlkjlasers.com\/es\/product\/vertical-co2-fractional-laser-2\/","title":{"rendered":"M\u00e1quina l\u00e1ser fraccional del CO2 del apriete vaginal de la eliminaci\u00f3n de la cicatriz del l\u00e1ser fraccional del 40W del CO2 port\u00e1til"},"content":{"rendered":"<div class=\"J_module\">\n<div class=\"icbu-pc-images magic-0\">\n<div class=\"flex-layout-v\"><span style=\"font-size: 14pt;\"><img fetchpriority=\"high\" decoding=\"async\" class=\"aligncenter wp-image-3659\" src=\"https:\/\/www.mlkjlasers.com\/wp-content\/uploads\/2026\/01\/co2-4.jpg\" alt=\"\" width=\"1920\" height=\"3086\" srcset=\"https:\/\/www.mlkjlasers.com\/wp-content\/uploads\/2026\/01\/co2-4.jpg 1200w, https:\/\/www.mlkjlasers.com\/wp-content\/uploads\/2026\/01\/co2-4-187x300.jpg 187w, https:\/\/www.mlkjlasers.com\/wp-content\/uploads\/2026\/01\/co2-4-637x1024.jpg 637w, https:\/\/www.mlkjlasers.com\/wp-content\/uploads\/2026\/01\/co2-4-768x1235.jpg 768w, https:\/\/www.mlkjlasers.com\/wp-content\/uploads\/2026\/01\/co2-4-956x1536.jpg 956w, https:\/\/www.mlkjlasers.com\/wp-content\/uploads\/2026\/01\/co2-4-600x965.jpg 600w\" sizes=\"(max-width: 1920px) 100vw, 1920px\" \/><\/span><\/div>\n<\/div>\n<\/div>\n<div class=\"J_module\">\n<div class=\"detail-decorate-json-renderer-container\">\n<div data-spm-anchor-id=\"a2700.wholesale.0.i36.304df5d1W3QwJB\"><span style=\"font-size: 14pt;\"><b> Safet, c\u00f3modo, sin l\u00e1ser de belleza de tiempo de inactividad<\/b> <\/span><\/div>\n<div data-spm-anchor-id=\"a2700.wholesale.0.i36.304df5d1W3QwJB\"><span style=\"font-size: 14pt;\">1. MLKJ CO2 m\u00e1quina de belleza l\u00e1ser fraccional uso USA importaci\u00f3n l\u00e1ser coherente, m\u00e1quina de apoyo <span style=\"color: #c4433c;\"><b>trabajo de larga vida<\/b><\/span>, potencia de salida constante. <\/span><\/div>\n<div data-spm-anchor-id=\"a2700.wholesale.0.i36.304df5d1W3QwJB\"><span style=\"font-size: 14pt;\">2. Corea importa brazo gu\u00eda de luz articulado, casi ninguna p\u00e9rdida de energ\u00eda, alta tasa de transferencia de energ\u00eda, <span style=\"color: #c4433c;\"><b>despu\u00e9s del uso a largo plazo, cualquier \u00e1ngulo 7 juntas, operaci\u00f3n conveniente y flexible<\/b>.<\/span><\/span><\/div>\n<div data-spm-anchor-id=\"a2700.wholesale.0.i36.304df5d1W3QwJB\"><span style=\"font-size: 14pt;\"> 3. Modo de trabajo: fraccional, corte, ginecolog\u00eda<b> <span style=\"color: #c4433c;\">Sistema 3 en 1<\/span><\/b>, permite m\u00faltiples funciones como rejuvenecimiento de la piel, acn\u00e9, eliminaci\u00f3n de arrugas, reparaci\u00f3n de cicatrices, corte de la epidermis, cuidado vaginal, contracci\u00f3n vaginal, etc. <\/span><\/div>\n<div data-spm-anchor-id=\"a2700.wholesale.0.i36.304df5d1W3QwJB\"><span style=\"font-size: 14pt;\">4. profesional 70W <span style=\"color: #c4433c;\"><b>n\u00facleo l\u00e1ser m\u00e9dico<\/b>.<\/span> Para evitar da\u00f1os accidentales por l\u00e1ser, el interior est\u00e1 equipado con dispositivos de protecci\u00f3n, que soportan el trabajo de larga vida del l\u00e1ser.<\/span><\/div>\n<div data-spm-anchor-id=\"a2700.wholesale.0.i36.304df5d1W3QwJB\"><span style=\"font-size: 14pt;\"><img decoding=\"async\" class=\"aligncenter wp-image-3667\" src=\"https:\/\/www.mlkjlasers.com\/wp-content\/uploads\/2026\/01\/co2-12.jpg\" alt=\"\" width=\"1920\" height=\"1920\" srcset=\"https:\/\/www.mlkjlasers.com\/wp-content\/uploads\/2026\/01\/co2-12.jpg 1080w, https:\/\/www.mlkjlasers.com\/wp-content\/uploads\/2026\/01\/co2-12-300x300.jpg 300w, https:\/\/www.mlkjlasers.com\/wp-content\/uploads\/2026\/01\/co2-12-1024x1024.jpg 1024w, https:\/\/www.mlkjlasers.com\/wp-content\/uploads\/2026\/01\/co2-12-150x150.jpg 150w, https:\/\/www.mlkjlasers.com\/wp-content\/uploads\/2026\/01\/co2-12-768x768.jpg 768w, https:\/\/www.mlkjlasers.com\/wp-content\/uploads\/2026\/01\/co2-12-600x600.jpg 600w, https:\/\/www.mlkjlasers.com\/wp-content\/uploads\/2026\/01\/co2-12-100x100.jpg 100w\" sizes=\"(max-width: 1920px) 100vw, 1920px\" \/><\/span><\/div>\n<div data-spm-anchor-id=\"a2700.wholesale.0.i36.304df5d1W3QwJB\"><span style=\"font-size: 14pt;\"><b>Eliminaci\u00f3n de la cicatriz del acn\u00e9<\/b><\/span><br \/>\n<span style=\"font-size: 14pt;\">Reduce efectivamente las cicatrices del acn\u00e9 promoviendo la producci\u00f3n de col\u00e1geno y la regeneraci\u00f3n de la piel.<\/span><br \/>\n<span style=\"font-size: 14pt;\">Reducci\u00f3n de arrugas y antienvejecimiento<\/span><br \/>\n<span style=\"font-size: 14pt;\">Minimiza las l\u00edneas finas y las arrugas al aprietar la piel y estimular el crecimiento de nuevo col\u00e1geno.<\/span><br \/>\n<span style=\"font-size: 14pt;\"><b>Tratamiento de la pigmentaci\u00f3n<\/b><\/span><br \/>\n<span style=\"font-size: 14pt;\">Dirige y descompone lesiones pigmentadas como manchas de edad, manchas solares y melasma.<\/span><br \/>\n<span style=\"font-size: 14pt;\"><b>Eliminaci\u00f3n de estr\u00edas<\/b><\/span><br \/>\n<span style=\"font-size: 14pt;\">Mejora la elasticidad y la textura de la piel estimulando la reparaci\u00f3n de tejidos profundos, reduciendo efectivamente las estr\u00edas.<\/span><br \/>\n<span style=\"font-size: 14pt;\"><b>Ajuste y Resurfacing de la piel<\/b><\/span><br \/>\n<span style=\"font-size: 14pt;\">Mejora la firmeza y suavidad de la piel al eliminar las capas da\u00f1adas de la piel y promover la renovaci\u00f3n celular.<\/span><br \/>\n<span style=\"font-size: 14pt;\"><b>Tratamiento de cicatrices y marcas quir\u00fargicas<\/b><\/span><br \/>\n<span style=\"font-size: 14pt;\">Reduce la visibilidad de las cicatrices quir\u00fargicas, las marcas de lesiones y los queloides a trav\u00e9s de la ablaci\u00f3n l\u00e1ser precisa y la curaci\u00f3n.<\/span><\/div>\n<div data-spm-anchor-id=\"a2700.wholesale.0.i36.304df5d1W3QwJB\"><span style=\"font-size: 14pt;\"><img decoding=\"async\" class=\"aligncenter wp-image-3669\" src=\"https:\/\/www.mlkjlasers.com\/wp-content\/uploads\/2026\/01\/co2-14.jpg\" alt=\"\" width=\"1920\" height=\"1451\" srcset=\"https:\/\/www.mlkjlasers.com\/wp-content\/uploads\/2026\/01\/co2-14.jpg 1200w, https:\/\/www.mlkjlasers.com\/wp-content\/uploads\/2026\/01\/co2-14-300x227.jpg 300w, https:\/\/www.mlkjlasers.com\/wp-content\/uploads\/2026\/01\/co2-14-1024x774.jpg 1024w, https:\/\/www.mlkjlasers.com\/wp-content\/uploads\/2026\/01\/co2-14-768x580.jpg 768w, https:\/\/www.mlkjlasers.com\/wp-content\/uploads\/2026\/01\/co2-14-600x454.jpg 600w\" sizes=\"(max-width: 1920px) 100vw, 1920px\" \/><\/span><\/div>\n<div data-spm-anchor-id=\"a2700.wholesale.0.i36.304df5d1W3QwJB\"><span style=\"font-size: 14pt;\"><b>Seis cabezas<\/b> Proporcionamos 6 cabezales de tratamiento, <b><span style=\"color: #085275;\">Una cabeza de escaneo importada de Alemania<\/span><\/b> <span style=\"color: #06515d;\"><b>Dos cabezales de corte Tres cabezales de tratamiento privados<\/b><\/span><br \/>\nLa cabeza de escaneo se utiliza para la piel tierna, la contracci\u00f3n de los poros, la eliminaci\u00f3n de striae gravidarum y cloasma<br \/>\nEl cabezal de corte se utiliza para eliminar el sarcoma\/nevus<br \/>\nCabeza privada se utiliza para apretar la vagina, vulva tierna, vulva tierna<\/span><\/div>\n<div data-spm-anchor-id=\"a2700.wholesale.0.i36.304df5d1W3QwJB\"><span style=\"font-size: 14pt;\"><img loading=\"lazy\" decoding=\"async\" class=\"aligncenter wp-image-3671\" src=\"https:\/\/www.mlkjlasers.com\/wp-content\/uploads\/2026\/01\/co2-16.jpg\" alt=\"\" width=\"1920\" height=\"1963\" srcset=\"https:\/\/www.mlkjlasers.com\/wp-content\/uploads\/2026\/01\/co2-16.jpg 1200w, https:\/\/www.mlkjlasers.com\/wp-content\/uploads\/2026\/01\/co2-16-293x300.jpg 293w, https:\/\/www.mlkjlasers.com\/wp-content\/uploads\/2026\/01\/co2-16-1001x1024.jpg 1001w, https:\/\/www.mlkjlasers.com\/wp-content\/uploads\/2026\/01\/co2-16-768x785.jpg 768w, https:\/\/www.mlkjlasers.com\/wp-content\/uploads\/2026\/01\/co2-16-600x614.jpg 600w\" sizes=\"(max-width: 1920px) 100vw, 1920px\" \/><\/span><\/div>\n<div data-spm-anchor-id=\"a2700.wholesale.0.i36.304df5d1W3QwJB\">\n<p><span style=\"font-size: 14pt;\"> El l\u00e1ser fraccionado MLKJ utiliza componentes centrales importados y m\u00e1s sobre una tecnolog\u00eda individual, los gr\u00e1ficos son m\u00e1s est\u00e1ndar, los puntos son m\u00e1s peque\u00f1os, y la disposici\u00f3n es m\u00e1s uniforme, mejores resultados cl\u00ednicos, cada peque\u00f1a columna fraccionada re-epiteliza t\u00edpicamente dentro de un d\u00eda. <\/span><\/p>\n<div><span style=\"font-size: 14pt;\"><b><span style=\"color: #c4433c;\">Esto minimiza el riesgo de cicatrices, infecciones o cambios de pigmentaci\u00f3n a largo plazo.<\/span><\/b><\/span><\/div>\n<div><span style=\"font-size: 14pt;\"><img loading=\"lazy\" decoding=\"async\" class=\"aligncenter wp-image-3673\" src=\"https:\/\/www.mlkjlasers.com\/wp-content\/uploads\/2026\/01\/co2-18.jpg\" alt=\"\" width=\"1920\" height=\"2203\" srcset=\"https:\/\/www.mlkjlasers.com\/wp-content\/uploads\/2026\/01\/co2-18.jpg 1200w, https:\/\/www.mlkjlasers.com\/wp-content\/uploads\/2026\/01\/co2-18-261x300.jpg 261w, https:\/\/www.mlkjlasers.com\/wp-content\/uploads\/2026\/01\/co2-18-892x1024.jpg 892w, https:\/\/www.mlkjlasers.com\/wp-content\/uploads\/2026\/01\/co2-18-768x881.jpg 768w, https:\/\/www.mlkjlasers.com\/wp-content\/uploads\/2026\/01\/co2-18-600x689.jpg 600w\" sizes=\"(max-width: 1920px) 100vw, 1920px\" \/><\/span><\/div>\n<div><span style=\"font-size: 14pt;\"><b>Resurfacing de la piel de alta precisi\u00f3n <\/b><\/span><br \/>\n<span style=\"font-size: 14pt;\">Ofrece rayos l\u00e1ser precisos para dirigirse a la piel da\u00f1ada, promoviendo la curaci\u00f3n natural y el col\u00e1geno<\/span><br \/>\n<span style=\"font-size: 14pt;\">regeneraci\u00f3n.<\/span><br \/>\n<span style=\"font-size: 14pt;\"><b>Modos de tratamiento multifuncionales<\/b><\/span><br \/>\n<span style=\"font-size: 14pt;\">Niveles de energ\u00eda ajustables y patrones de escaneo para tratamientos personalizados, incluyendo cicatrices,<\/span><br \/>\n<span style=\"font-size: 14pt;\">arrugas, pigmentaci\u00f3n, estimula la producci\u00f3n de col\u00e1geno para el rejuvenecimiento de la piel a largo plazo, reduciendo las l\u00edneas finas, las cicatrices del acn\u00e9 y el da\u00f1o solar.<\/span><br \/>\n<span style=\"font-size: 14pt;\"><b>Sistema de refrigeraci\u00f3n innovador<\/b><\/span><br \/>\n<span style=\"font-size: 14pt;\">Asegura la comodidad del paciente durante los tratamientos mientras protege la piel&#8217; superficie por da\u00f1os t\u00e9rmicos.<\/span><br \/>\n<span style=\"font-size: 14pt;\"><b>Interfaz amigable con el usuario<\/b><\/span><br \/>\n<span style=\"font-size: 14pt;\">Interfaz intuitiva de pantalla t\u00e1ctil para una operaci\u00f3n f\u00e1cil, adecuada tanto para profesionales experimentados como para principiantes.<\/span><br \/>\n<span style=\"font-size: 14pt;\"><b>Seguro y certificado<\/b><\/span><br \/>\n<span style=\"font-size: 14pt;\">Certificado CE, garantizando altos est\u00e1ndares de seguridad y rendimiento para todos los tipos de piel.<\/span><\/div>\n<div><span style=\"font-size: 14pt;\"><img loading=\"lazy\" decoding=\"async\" class=\"aligncenter size-full wp-image-3674\" src=\"https:\/\/www.mlkjlasers.com\/wp-content\/uploads\/2026\/01\/co2-19.jpg\" alt=\"\" width=\"1920\" height=\"1080\" srcset=\"https:\/\/www.mlkjlasers.com\/wp-content\/uploads\/2026\/01\/co2-19.jpg 1920w, https:\/\/www.mlkjlasers.com\/wp-content\/uploads\/2026\/01\/co2-19-300x169.jpg 300w, https:\/\/www.mlkjlasers.com\/wp-content\/uploads\/2026\/01\/co2-19-1024x576.jpg 1024w, https:\/\/www.mlkjlasers.com\/wp-content\/uploads\/2026\/01\/co2-19-768x432.jpg 768w, https:\/\/www.mlkjlasers.com\/wp-content\/uploads\/2026\/01\/co2-19-1536x864.jpg 1536w, https:\/\/www.mlkjlasers.com\/wp-content\/uploads\/2026\/01\/co2-19-600x338.jpg 600w\" sizes=\"(max-width: 1920px) 100vw, 1920px\" \/><\/span><\/div>\n<div><span style=\"font-size: 14pt;\">Efecto del tratamiento<\/span><\/div>\n<div><span style=\"font-size: 14pt;\"><img loading=\"lazy\" decoding=\"async\" class=\"aligncenter wp-image-3672\" src=\"https:\/\/www.mlkjlasers.com\/wp-content\/uploads\/2026\/01\/co2-17.jpg\" alt=\"\" width=\"1920\" height=\"1373\" srcset=\"https:\/\/www.mlkjlasers.com\/wp-content\/uploads\/2026\/01\/co2-17.jpg 1200w, https:\/\/www.mlkjlasers.com\/wp-content\/uploads\/2026\/01\/co2-17-300x215.jpg 300w, https:\/\/www.mlkjlasers.com\/wp-content\/uploads\/2026\/01\/co2-17-1024x732.jpg 1024w, https:\/\/www.mlkjlasers.com\/wp-content\/uploads\/2026\/01\/co2-17-768x549.jpg 768w, https:\/\/www.mlkjlasers.com\/wp-content\/uploads\/2026\/01\/co2-17-600x429.jpg 600w\" sizes=\"(max-width: 1920px) 100vw, 1920px\" \/><\/span><\/div>\n<div><span style=\"font-size: 14pt;\"> Para m\u00e1s informaci\u00f3n sobre esta m\u00e1quina, por favor env\u00ede una consulta y p\u00f3ngase en contacto con nosotros, <span style=\"color: #c4433c;\"><b>Servicio online las 24 horas.<\/b><\/span><\/span><\/div>\n<\/div>\n<div data-spm-anchor-id=\"a2700.wholesale.0.i36.304df5d1W3QwJB\"><\/div>\n<\/div>\n<\/div>","protected":false},"excerpt":{"rendered":"<p><span style=\"font-family: helvetica, arial, sans-serif;\">1) Elimina el acn\u00e9, la cicatriz del acn\u00e9, la cicatriz y as\u00ed sucesivamente; <\/span><\/p>\n<p><span style=\"font-family: helvetica, arial, sans-serif;\">2) Dispel arruga alrededor de los ojos, cuervo&#8217; s-pies, y arrugas formadas por falta de agua; <\/span><\/p>\n<p><span style=\"font-family: helvetica, arial, sans-serif;\">3) Reduzca efectivamente las arrugas en la cara, la frente, las articulaciones y las estrias gravidas; <\/span><\/p>\n<p><span style=\"font-family: helvetica, arial, sans-serif;\">4) Dispel pecha, nevus zygomaticus y otros puntos formados por cambios patol\u00f3gicos hipercr\u00f3micos; <\/span><\/p>\n<p><span style=\"font-family: helvetica, arial, sans-serif;\">5) Ajuste la piel y levante la cara; <\/span><\/p>\n<p><span style=\"font-family: helvetica, arial, sans-serif;\">6) Eliminar striae gravidarum y otras cicatrices profundas <\/span><\/p>\n<p><span style=\"font-family: helvetica, arial, sans-serif;\">7) eliminaci\u00f3n del sarcoma<\/span><\/p>\n<p><span style=\"font-family: helvetica, arial, sans-serif;\">8) funci\u00f3n de apriete vaginal opcional\u00a0<\/span><\/p>","protected":false},"featured_media":3656,"comment_status":"open","ping_status":"closed","template":"","meta":[],"product_cat":[22],"product_tag":[],"class_list":["post-2107","product","type-product","status-publish","has-post-thumbnail","hentry","product_cat-co2-laser"],"_links":{"self":[{"href":"https:\/\/www.mlkjlasers.com\/es\/wp-json\/wp\/v2\/product\/2107","targetHints":{"allow":["GET"]}}],"collection":[{"href":"https:\/\/www.mlkjlasers.com\/es\/wp-json\/wp\/v2\/product"}],"about":[{"href":"https:\/\/www.mlkjlasers.com\/es\/wp-json\/wp\/v2\/types\/product"}],"replies":[{"embeddable":true,"href":"https:\/\/www.mlkjlasers.com\/es\/wp-json\/wp\/v2\/comments?post=2107"}],"wp:featuredmedia":[{"embeddable":true,"href":"https:\/\/www.mlkjlasers.com\/es\/wp-json\/wp\/v2\/media\/3656"}],"wp:attachment":[{"href":"https:\/\/www.mlkjlasers.com\/es\/wp-json\/wp\/v2\/media?parent=2107"}],"wp:term":[{"taxonomy":"product_cat","embeddable":true,"href":"https:\/\/www.mlkjlasers.com\/es\/wp-json\/wp\/v2\/product_cat?post=2107"},{"taxonomy":"product_tag","embeddable":true,"href":"https:\/\/www.mlkjlasers.com\/es\/wp-json\/wp\/v2\/product_tag?post=2107"}],"curies":[{"name":"wp","href":"https:\/\/api.w.org\/{rel}","templated":true}]}}