{"id":213,"date":"2023-05-29T16:02:49","date_gmt":"2023-05-29T08:02:49","guid":{"rendered":"https:\/\/mingliang.leadsclouds.com\/?post_type=product&#038;p=213"},"modified":"2026-01-27T17:21:15","modified_gmt":"2026-01-27T09:21:15","slug":"picosecond-laser-tattoo-removal","status":"publish","type":"product","link":"https:\/\/www.mlkjlasers.com\/es\/product\/picosecond-laser-tattoo-removal\/","title":{"rendered":"M\u00e1quina de eliminaci\u00f3n del tatuaje l\u00e1ser Picosecond para la venta Blancamiento de la piel del rejuvenecimiento de la piel"},"content":{"rendered":"<div class=\"J_module\">\n<div class=\"icbu-pc-images magic-0\">\n<div>\n<div class=\"flex-layout-v\">\n<div class=\"flex-layout-h magic-0\">\n<div class=\"magic-1\"><span style=\"color: #000000; font-family: helvetica, arial, sans-serif;\"><img fetchpriority=\"high\" decoding=\"async\" class=\"magic-2 alignleft\" src=\"https:\/\/sc04.alicdn.com\/kf\/H448461831b8043888bd9dc8d38436560Z\/201077653\/H448461831b8043888bd9dc8d38436560Z.jpg\" width=\"1566\" height=\"2138\" data-src=\"\/\/sc04.alicdn.com\/kf\/H448461831b8043888bd9dc8d38436560Z\/201077653\/H448461831b8043888bd9dc8d38436560Z.jpg\" data-spm-anchor-id=\"a2700.details.0.i54.22f824bdtzFEzh\" \/><\/span><\/div>\n<\/div>\n<\/div>\n<\/div>\n<\/div>\n<\/div>\n<div class=\"J_module\" style=\"text-align: left;\">\n<div class=\"detail-decorate-json-renderer-container\">\n<div class=\"magic-3\">\n<div class=\"magic-4\">\n<div class=\"magic-5\">\n<div class=\"magic-6\">\n<div><\/div>\n<div><\/div>\n<div><\/div>\n<div><\/div>\n<div><\/div>\n<div><\/div>\n<div><\/div>\n<div><\/div>\n<div><\/div>\n<div><\/div>\n<div><\/div>\n<div><\/div>\n<div><\/div>\n<div><\/div>\n<div><\/div>\n<div><\/div>\n<div><\/div>\n<div><\/div>\n<div><\/div>\n<div><\/div>\n<div><\/div>\n<div><\/div>\n<div><\/div>\n<div><\/div>\n<div><\/div>\n<div><\/div>\n<div><\/div>\n<div><\/div>\n<div><\/div>\n<div><\/div>\n<div><\/div>\n<div><\/div>\n<div><\/div>\n<div><\/div>\n<div><\/div>\n<div><\/div>\n<div><\/div>\n<div><\/div>\n<div><\/div>\n<div><\/div>\n<div><\/div>\n<div><\/div>\n<div><\/div>\n<div><\/div>\n<div><\/div>\n<div><\/div>\n<div><\/div>\n<div><\/div>\n<div><\/div>\n<div><\/div>\n<div><\/div>\n<div><\/div>\n<div><\/div>\n<div><\/div>\n<div><\/div>\n<div><\/div>\n<div><\/div>\n<div><\/div>\n<div><\/div>\n<div><\/div>\n<div><\/div>\n<div><\/div>\n<div><\/div>\n<div><\/div>\n<div><\/div>\n<div><\/div>\n<div><\/div>\n<div><\/div>\n<div><span class=\"magic-7\" style=\"color: #000000; font-family: helvetica, arial, sans-serif;\"><span class=\"magic-8\"><b class=\"magic-7\"><span class=\"magic-9\">Ventajas: <\/span><\/b><\/span><\/span><\/div>\n<div><span class=\"magic-7\" style=\"color: #000000; font-family: helvetica, arial, sans-serif;\"><span class=\"magic-10\"> 1. USA\/Corea del Sur importaci\u00f3n 7 brazo articulado <\/span><\/span><\/div>\n<div><span class=\"magic-7\" style=\"color: #000000; font-family: helvetica, arial, sans-serif;\"><span class=\"magic-10\">2.300ps\/500ps, \u00faltima tecnolog\u00eda <\/span><\/span><\/div>\n<div><span class=\"magic-7\" style=\"color: #000000; font-family: helvetica, arial, sans-serif;\"><span class=\"magic-10\">3. Longitudes de onda de variedad: <\/span><\/span><\/div>\n<div><span class=\"magic-7\" style=\"color: #000000; font-family: helvetica, arial, sans-serif;\"><span class=\"magic-11\">1064nm:<\/span><span class=\"magic-10\">Lesiones de pigmento d\u00e9rmico y eliminaci\u00f3n de tatuajes de color oscuro <\/span><\/span><\/div>\n<div><span class=\"magic-7\" style=\"color: #000000; font-family: helvetica, arial, sans-serif;\"><span class=\"magic-11\">532nm: <\/span><span class=\"magic-10\">Lesiones epid\u00e9rmicas del pigmento, rojo, amarillo, eliminaci\u00f3n del tatuaje del caf\u00e9 <\/span><span class=\"magic-11\">585 nm:<\/span><span class=\"magic-10\">eliminaci\u00f3n del tatuaje azul y p\u00farpura <\/span><\/span><\/div>\n<div><span class=\"magic-7\" style=\"color: #000000; font-family: helvetica, arial, sans-serif;\"><span class=\"magic-11\">650nm:<\/span><span class=\"magic-10\">Eliminaci\u00f3n del tatuaje verde <\/span><span class=\"magic-11\">755nm:<\/span><span class=\"magic-10\">Lesiones epid\u00e9rmicas del pigmento<\/span><\/span><\/div>\n<\/div>\n<\/div>\n<\/div>\n<\/div>\n<\/div>\n<\/div>\n<div class=\"J_module\" style=\"text-align: left;\">\n<div class=\"icbu-pc-images magic-0\">\n<div>\n<div class=\"flex-layout-v\">\n<div class=\"flex-layout-h magic-0\">\n<div class=\"magic-12\"><span style=\"color: #000000; font-family: helvetica, arial, sans-serif;\"><img decoding=\"async\" class=\"magic-13 alignnone\" src=\"https:\/\/sc04.alicdn.com\/kf\/Hf1f2296332834b64a491abd32b25e7870\/201077653\/Hf1f2296332834b64a491abd32b25e7870.jpg\" width=\"1563\" height=\"1517\" data-src=\"\/\/sc04.alicdn.com\/kf\/Hf1f2296332834b64a491abd32b25e7870\/201077653\/Hf1f2296332834b64a491abd32b25e7870.jpg\" \/><\/span><\/div>\n<\/div>\n<div><\/div>\n<div><b class=\"magic-8\" style=\"color: #000000; font-family: helvetica, arial, sans-serif;\">Aplicaci\u00f3n del l\u00e1ser picosegundo:<\/b><\/div>\n<\/div>\n<\/div>\n<\/div>\n<\/div>\n<div class=\"J_module\" style=\"text-align: left;\">\n<div class=\"detail-decorate-json-renderer-container\">\n<div class=\"magic-3\">\n<div class=\"magic-4\">\n<div class=\"magic-5\">\n<div class=\"magic-6\">\n<div><\/div>\n<div><span class=\"magic-10\" style=\"color: #000000; font-family: helvetica, arial, sans-serif;\">A. Cabeza de panal de miel. Alta potencia de pico 800-1200mj Alta energ\u00eda de pulso \u00fanico significa una fuerte capacidad para aplastar el pigmento <\/span><\/div>\n<div><span class=\"magic-10\" style=\"color: #000000; font-family: helvetica, arial, sans-serif;\">B. Mucho m\u00e1s alta potencia doble luz doble palos. <\/span><\/div>\n<div><span class=\"magic-10\" style=\"color: #000000; font-family: helvetica, arial, sans-serif;\">C. Tama\u00f1o del punto ajustable de 1-10mm. D. La densidad de energ\u00eda se ajusta autom\u00e1ticamente con el tama\u00f1o del punto<\/span><\/div>\n<\/div>\n<\/div>\n<\/div>\n<\/div>\n<\/div>\n<\/div>\n<div class=\"J_module\" style=\"text-align: left;\">\n<div class=\"icbu-pc-images magic-0\">\n<div>\n<div class=\"flex-layout-v\">\n<div class=\"flex-layout-h magic-0\">\n<div class=\"magic-14\"><\/div>\n<div class=\"magic-14\"><span style=\"color: #000000; font-family: helvetica, arial, sans-serif;\"><img decoding=\"async\" class=\"magic-15 alignnone\" src=\"https:\/\/sc04.alicdn.com\/kf\/H47025a57b98148c1ab2ed58306169bb81\/201077653\/H47025a57b98148c1ab2ed58306169bb81.jpg\" width=\"1681\" height=\"1699\" data-src=\"\/\/sc04.alicdn.com\/kf\/H47025a57b98148c1ab2ed58306169bb81\/201077653\/H47025a57b98148c1ab2ed58306169bb81.jpg\" \/><\/span><\/div>\n<\/div>\n<\/div>\n<div><\/div>\n<div><b class=\"magic-8\" style=\"color: #000000; font-family: helvetica, arial, sans-serif;\">Caracter\u00edsticas t\u00e9cnicas:<\/b><\/div>\n<\/div>\n<\/div>\n<\/div>\n<div class=\"J_module\" style=\"text-align: left;\">\n<div class=\"detail-decorate-json-renderer-container\">\n<div class=\"magic-3\">\n<div class=\"magic-4\">\n<div class=\"magic-5\">\n<div class=\"magic-6\">\n<div><span class=\"magic-10\" style=\"color: #000000; font-family: helvetica, arial, sans-serif;\">&gt;  &gt; Ninguna lesi\u00f3n en la piel y el fol\u00edculo piloso; No hay riesgo de cicatrices.<br \/>\n&gt;  &gt; Tecnolog\u00eda l\u00e1ser de alta explosi\u00f3n instant\u00e1nea, est\u00e1ndar internacional de producci\u00f3n, prueba t\u00e9cnica estrictamente.<br \/>\n&gt;  &gt; Mecanismo de cassette de interruptor Q de piedra importado, todo el l\u00e1ser s\u00f3lido, sin reemplazar el interruptor Q.<br \/>\n&gt;  &gt; Tratamiento indolor, poco efecto secundario.<br \/>\n&gt;  &gt; F\u00e1cil de operar.<\/span><\/div>\n<\/div>\n<\/div>\n<\/div>\n<\/div>\n<\/div>\n<\/div>\n<div class=\"J_module\" style=\"text-align: left;\">\n<div class=\"icbu-pc-images magic-0\">\n<div>\n<div class=\"flex-layout-v\">\n<div class=\"flex-layout-h magic-0\">\n<div class=\"magic-18\"><span style=\"color: #000000; font-family: helvetica, arial, sans-serif;\"><img loading=\"lazy\" decoding=\"async\" class=\"magic-19\" src=\"https:\/\/sc02.alicdn.com\/kf\/HTB1Us.RgiCYBuNkHFCcq6AHtVXaw\/201077653\/HTB1Us.RgiCYBuNkHFCcq6AHtVXaw.jpg\" width=\"1573\" height=\"971\" data-src=\"\/\/sc02.alicdn.com\/kf\/HTB1Us.RgiCYBuNkHFCcq6AHtVXaw\/201077653\/HTB1Us.RgiCYBuNkHFCcq6AHtVXaw.jpg\" \/><\/span><\/div>\n<\/div>\n<\/div>\n<\/div>\n<\/div>\n<\/div>\n<div class=\"J_module\" style=\"text-align: left;\">\n<div class=\"detail-decorate-json-renderer-container\">\n<div class=\"magic-3\">\n<div class=\"magic-4\">\n<div class=\"magic-5\">\n<div class=\"magic-6\">\n<p><span class=\"magic-10\" style=\"color: #000000; font-family: helvetica, arial, sans-serif;\"><b>Manijas l\u00e1ser de picosegundos:<\/b><\/span><\/p>\n<div><span class=\"magic-10\" style=\"color: #000000; font-family: helvetica, arial, sans-serif;\">&gt;  &gt; 755nm: Pico segunda cabeza l\u00e1ser, para la eliminaci\u00f3n de manchas de edad, eliminaci\u00f3n de frechas, cloasma remvoal.<br \/>\n&gt;  &gt; 1064nm &amp; 532nm para la eliminaci\u00f3n del tatuaje, la limpieza de las cejas, etc.<br \/>\n&gt;  &gt; Nuevo brazo de luz de gu\u00eda de marca para m\u00e1quina de eliminaci\u00f3n l\u00e1ser de tatuajes, con una apariencia m\u00e1s delicada.<\/span><\/div>\n<\/div>\n<\/div>\n<\/div>\n<\/div>\n<\/div>\n<\/div>\n<div class=\"J_module\" style=\"text-align: left;\">\n<div class=\"icbu-pc-images magic-0\">\n<div>\n<div class=\"flex-layout-v\">\n<div class=\"flex-layout-h magic-0\">\n<div class=\"magic-20\"><span style=\"color: #000000; font-family: helvetica, arial, sans-serif;\"><img loading=\"lazy\" decoding=\"async\" class=\"magic-21\" src=\"https:\/\/sc04.alicdn.com\/kf\/H9af949599b4141ad9afc83c16c62d4efH\/201077653\/H9af949599b4141ad9afc83c16c62d4efH.jpg\" width=\"1561\" height=\"1080\" data-src=\"\/\/sc04.alicdn.com\/kf\/H9af949599b4141ad9afc83c16c62d4efH\/201077653\/H9af949599b4141ad9afc83c16c62d4efH.jpg\" \/><\/span><\/div>\n<\/div>\n<\/div>\n<\/div>\n<\/div>\n<\/div>\n<div class=\"J_module\" style=\"text-align: left;\">\n<div class=\"detail-decorate-json-renderer-container\">\n<div class=\"magic-3\">\n<div class=\"magic-4\">\n<div class=\"magic-5\">\n<div class=\"magic-6\"><span class=\"magic-10\" style=\"color: #000000; font-family: helvetica, arial, sans-serif;\"><span class=\"magic-8\"><b>\u00c1rea de tratamiento de la m\u00e1quina l\u00e1ser pico:<\/b><\/span> \u2022 Todos los colores del tatuaje, la l\u00ednea ocular y la eliminaci\u00f3n de la l\u00ednea labial \u2022 Epidermis y pigmento de la dermis \u2022 Evus de Ota, naevus azul, nevus negro, mancha de caf\u00e9 Placas seniles, pecas, mancha de quemaduras solares y cloasmaBlancamiento de la piel y eliminaci\u00f3n de arrugas etc.<\/span><\/div>\n<div>\n<div class=\"magic-6\" data-spm-anchor-id=\"a2700.details.0.i53.22f824bdtzFEzh\"><span class=\"magic-10\" style=\"color: #000000; font-family: helvetica, arial, sans-serif;\"><b class=\"magic-8\">Notas de tratamiento de picosegundos:<\/b> <\/span><\/div>\n<div class=\"magic-6\" data-spm-anchor-id=\"a2700.details.0.i53.22f824bdtzFEzh\"><span class=\"magic-10\" style=\"color: #000000; font-family: helvetica, arial, sans-serif;\">1. Si las manchas se desprenden, est\u00e1 estrictamente prohibido agarrarlas a mano y dejarlas caer naturalmente. <\/span><\/div>\n<div class=\"magic-6\" data-spm-anchor-id=\"a2700.details.0.i53.22f824bdtzFEzh\"><span class=\"magic-10\" style=\"color: #000000; font-family: helvetica, arial, sans-serif;\">2. En la etapa inicial, es necesario aplicar 15 d\u00edas de m\u00e1scara de reparaci\u00f3n m\u00e9dica continuamente. Los primeros siete d\u00edas se publicar\u00e1n por la ma\u00f1ana y la noche. Despu\u00e9s de eso, aplique una pegatina todos los d\u00edas. Se recomienda aplicarlo todos los d\u00edas. <\/span><\/div>\n<div class=\"magic-6\" data-spm-anchor-id=\"a2700.details.0.i53.22f824bdtzFEzh\"><span class=\"magic-10\" style=\"color: #000000; font-family: helvetica, arial, sans-serif;\">3. La serie de reparaci\u00f3n debe usarse despu\u00e9s de cada tratamiento de pecas. <\/span><\/div>\n<div class=\"magic-6\" data-spm-anchor-id=\"a2700.details.0.i53.22f824bdtzFEzh\"><span class=\"magic-10\" style=\"color: #000000; font-family: helvetica, arial, sans-serif;\">4. La exposici\u00f3n al sol est\u00e1 estrictamente prohibida durante todo el per\u00edodo de tratamiento. Usa crema solar SPF30 o PA. <\/span><\/div>\n<div class=\"magic-6\" data-spm-anchor-id=\"a2700.details.0.i53.22f824bdtzFEzh\"><span class=\"magic-10\" style=\"color: #000000; font-family: helvetica, arial, sans-serif;\">5. Muy pocos clientes pueden tener reflujo de pigmento despu\u00e9s del tratamiento anoche. No se necesita ning\u00fan tratamiento especial. El protector solar y la hidrataci\u00f3n se hacen, y el pigmento se metabolizar\u00e1 lentamente.<\/span><\/div>\n<\/div>\n<\/div>\n<\/div>\n<\/div>\n<\/div>\n<\/div>\n<div class=\"J_module\" style=\"text-align: left;\">\n<div class=\"icbu-pc-images magic-0\">\n<div>\n<div class=\"flex-layout-v\">\n<div class=\"flex-layout-h magic-0\">\n<div class=\"magic-22\"><span style=\"color: #000000; font-family: helvetica, arial, sans-serif;\"><img loading=\"lazy\" decoding=\"async\" class=\"magic-23\" src=\"https:\/\/sc04.alicdn.com\/kf\/HTB1BNxVJFXXXXXwXpXXq6xXFXXXt\/201077653\/HTB1BNxVJFXXXXXwXpXXq6xXFXXXt.jpg\" width=\"1568\" height=\"1272\" data-src=\"\/\/sc04.alicdn.com\/kf\/HTB1BNxVJFXXXXXwXpXXq6xXFXXXt\/201077653\/HTB1BNxVJFXXXXXwXpXXq6xXFXXXt.jpg\" \/><\/span><\/div>\n<\/div>\n<\/div>\n<\/div>\n<\/div>\n<\/div>\n<div class=\"J_module\" style=\"text-align: left;\">\n<div class=\"icbu-pc-images magic-0\">\n<div>\n<div class=\"flex-layout-v\">\n<div class=\"flex-layout-h magic-0\">\n<div class=\"magic-24\"><span style=\"color: #000000; font-family: helvetica, arial, sans-serif;\"><img loading=\"lazy\" decoding=\"async\" class=\"magic-25\" src=\"https:\/\/sc04.alicdn.com\/kf\/H7bf48451817146eb8859f68e5abcffd2p\/201077653\/H7bf48451817146eb8859f68e5abcffd2p.jpg\" width=\"1572\" height=\"957\" data-src=\"\/\/sc04.alicdn.com\/kf\/H7bf48451817146eb8859f68e5abcffd2p\/201077653\/H7bf48451817146eb8859f68e5abcffd2p.jpg\" \/><\/span><\/div>\n<\/div>\n<\/div>\n<\/div>\n<\/div>\n<\/div>\n<div class=\"J_module\" style=\"text-align: left;\">\n<div class=\"icbu-pc-images magic-0\">\n<div>\n<div class=\"flex-layout-v\">\n<div class=\"flex-layout-h magic-0\">\n<div class=\"magic-26\"><span style=\"color: #000000; font-family: helvetica, arial, sans-serif;\"><img loading=\"lazy\" decoding=\"async\" class=\"magic-27\" src=\"https:\/\/sc04.alicdn.com\/kf\/Hf05edce2867446ae9711364601b31739f\/201077653\/Hf05edce2867446ae9711364601b31739f.jpg\" width=\"1609\" height=\"1454\" data-src=\"\/\/sc04.alicdn.com\/kf\/Hf05edce2867446ae9711364601b31739f\/201077653\/Hf05edce2867446ae9711364601b31739f.jpg\" \/><\/span><\/div>\n<\/div>\n<\/div>\n<\/div>\n<\/div>\n<\/div>\n<div class=\"J_module\" style=\"text-align: left;\">\n<div class=\"ife-detail-decorate-table\">\n<table class=\"has-title is-zebra all magic-28\" style=\"width: 100.851%; height: 599px;\">\n<tbody>\n<tr>\n<td colspan=\"2\" rowspan=\"1\">\n<div class=\"magic-29\"><span style=\"color: #000000; font-family: helvetica, arial, sans-serif;\">L\u00e1ser:<\/span><\/div>\n<\/td>\n<td colspan=\"3\" rowspan=\"1\">\n<div class=\"magic-32\"><span style=\"color: #000000; font-family: helvetica, arial, sans-serif;\">Picolaser<\/span><\/div>\n<\/td>\n<\/tr>\n<tr>\n<td colspan=\"2\" rowspan=\"1\">\n<div class=\"magic-29\"><span style=\"color: #000000; font-family: helvetica, arial, sans-serif;\">Modo de salida:<\/span><\/div>\n<\/td>\n<td colspan=\"3\" rowspan=\"1\">\n<div class=\"magic-32\"><span style=\"color: #000000; font-family: helvetica, arial, sans-serif;\">Activo Q<\/span><\/div>\n<\/td>\n<\/tr>\n<tr>\n<td colspan=\"2\" rowspan=\"1\">\n<div class=\"magic-29\"><span style=\"color: #000000; font-family: helvetica, arial, sans-serif;\">Vara de cristal l\u00e1ser:<\/span><\/div>\n<\/td>\n<td colspan=\"3\" rowspan=\"1\">\n<div class=\"magic-32\"><span style=\"color: #000000; font-family: helvetica, arial, sans-serif;\">L\u00e1mpara doble doble varilla<\/span><\/div>\n<\/td>\n<\/tr>\n<tr>\n<td colspan=\"2\" rowspan=\"1\">\n<div class=\"magic-29\"><span style=\"color: #000000; font-family: helvetica, arial, sans-serif;\">Longitud de onda:<\/span><\/div>\n<\/td>\n<td colspan=\"3\" rowspan=\"1\">\n<div class=\"magic-32\"><span style=\"color: #000000; font-family: helvetica, arial, sans-serif;\">longitud de onda 1064nm &amp; 532nm &amp; 755 nm<\/span><\/div>\n<\/td>\n<\/tr>\n<tr>\n<td colspan=\"2\" rowspan=\"1\">\n<div class=\"magic-29\"><span style=\"color: #000000; font-family: helvetica, arial, sans-serif;\">Pantalla del instrumento:<\/span><\/div>\n<\/td>\n<td colspan=\"3\" rowspan=\"1\">\n<div class=\"magic-32\"><span style=\"color: #000000; font-family: helvetica, arial, sans-serif;\">Pantalla t\u00e1ctil a color de 12 pulgadas<\/span><\/div>\n<\/td>\n<\/tr>\n<tr>\n<td colspan=\"2\" rowspan=\"1\">\n<div class=\"magic-29\"><span style=\"color: #000000; font-family: helvetica, arial, sans-serif;\">Anchura del pulso:<\/span><\/div>\n<\/td>\n<td colspan=\"3\" rowspan=\"1\">\n<div class=\"magic-32\"><span style=\"color: #000000; font-family: helvetica, arial, sans-serif;\">300ps-2ns<\/span><\/div>\n<\/td>\n<\/tr>\n<tr>\n<td colspan=\"2\" rowspan=\"1\">\n<div class=\"magic-29\"><span style=\"color: #000000; font-family: helvetica, arial, sans-serif;\">Tama\u00f1o del punto:<\/span><\/div>\n<\/td>\n<td colspan=\"3\" rowspan=\"1\">\n<div class=\"magic-32\"><span style=\"color: #000000; font-family: helvetica, arial, sans-serif;\">1-10 mm<\/span><\/div>\n<\/td>\n<\/tr>\n<tr>\n<td colspan=\"2\" rowspan=\"1\">\n<div class=\"magic-29\"><span style=\"color: #000000; font-family: helvetica, arial, sans-serif;\">Energ\u00eda:<\/span><\/div>\n<\/td>\n<td colspan=\"3\" rowspan=\"1\">\n<div class=\"magic-32\"><span style=\"color: #000000; font-family: helvetica, arial, sans-serif;\">10-2000mj<\/span><\/div>\n<\/td>\n<\/tr>\n<tr>\n<td colspan=\"2\" rowspan=\"1\">\n<div class=\"magic-29\"><span style=\"color: #000000; font-family: helvetica, arial, sans-serif;\">Frecuencia:<\/span><\/div>\n<\/td>\n<td colspan=\"3\" rowspan=\"1\">\n<div class=\"magic-32\"><span style=\"color: #000000; font-family: helvetica, arial, sans-serif;\">1-10Hz (ajustable)<\/span><\/div>\n<\/td>\n<\/tr>\n<tr>\n<td colspan=\"2\" rowspan=\"1\">\n<div class=\"magic-29\"><span style=\"color: #000000; font-family: helvetica, arial, sans-serif;\">Peso neto:<\/span><\/div>\n<\/td>\n<td colspan=\"3\" rowspan=\"1\">\n<div class=\"magic-32\"><span style=\"color: #000000; font-family: helvetica, arial, sans-serif;\">105 kg<\/span><\/div>\n<\/td>\n<\/tr>\n<tr>\n<td colspan=\"2\" rowspan=\"1\">\n<div class=\"magic-29\"><span style=\"color: #000000; font-family: helvetica, arial, sans-serif;\">Voltaje:<\/span><\/div>\n<\/td>\n<td colspan=\"3\" rowspan=\"1\">\n<div class=\"magic-32\"><span style=\"color: #000000; font-family: helvetica, arial, sans-serif;\">220V \/ 110V \/ 15A 50Hz (60Hz)<\/span><\/div>\n<\/td>\n<\/tr>\n<tr>\n<td colspan=\"2\" rowspan=\"1\">\n<div class=\"magic-29\"><span style=\"color: #000000; font-family: helvetica, arial, sans-serif;\">Sistema de refrigeraci\u00f3n:<\/span><\/div>\n<\/td>\n<td colspan=\"3\" rowspan=\"1\">\n<div class=\"magic-32\"><span style=\"color: #000000; font-family: helvetica, arial, sans-serif;\">Enfriamiento de semiconductores de agua e\u00f3lica<\/span><\/div>\n<\/td>\n<\/tr>\n<tr>\n<td colspan=\"2\" rowspan=\"1\">\n<div class=\"magic-29\"><span style=\"color: #000000; font-family: helvetica, arial, sans-serif;\">Tiempo de trabajo continuo:<\/span><\/div>\n<\/td>\n<td colspan=\"3\" rowspan=\"1\">\n<div class=\"magic-32\"><span style=\"color: #000000; font-family: helvetica, arial, sans-serif;\">24 horas<\/span><\/div>\n<\/td>\n<\/tr>\n<\/tbody>\n<\/table>\n<\/div>\n<\/div>\n<div class=\"J_module\">\n<div class=\"detail-decorate-json-renderer-container\">\n<div class=\"magic-3\">\n<div class=\"magic-4\">\n<div class=\"magic-5\">\n<div class=\"magic-6\" style=\"text-align: left;\" data-spm-anchor-id=\"a2700.details.0.i53.22f824bdtzFEzh\"><\/div>\n<\/div>\n<\/div>\n<\/div>\n<\/div>\n<\/div>","protected":false},"excerpt":{"rendered":"<p>Podemos controlar la profundidad de la penetraci\u00f3n desde solo unos pocos micr\u00f3metros de profundidad (tan profunda como unas pocas hojas de papel) hasta mucho m\u00e1s profunda con peque\u00f1os canales t\u00e9rmicos.<\/p>\n<p>Totalmente seguro, y probado por cientos de mujeres en el mundo; la longitud de onda ideal es absorbida por el micr\u00f3n de la membrana mucosa, para evitar cualquier da\u00f1o t\u00e9rmico por el tejido o \u00f3rgano profundo.<\/p>\n<p>Tratamiento indolor, los pacientes solo pueden sentir calor \/ calor dentro, no pueden sentir ning\u00fan dolor<\/p>","protected":false},"featured_media":221,"comment_status":"open","ping_status":"closed","template":"","meta":[],"product_cat":[23],"product_tag":[],"class_list":["post-213","product","type-product","status-publish","has-post-thumbnail","hentry","product_cat-picosecond-laser"],"_links":{"self":[{"href":"https:\/\/www.mlkjlasers.com\/es\/wp-json\/wp\/v2\/product\/213","targetHints":{"allow":["GET"]}}],"collection":[{"href":"https:\/\/www.mlkjlasers.com\/es\/wp-json\/wp\/v2\/product"}],"about":[{"href":"https:\/\/www.mlkjlasers.com\/es\/wp-json\/wp\/v2\/types\/product"}],"replies":[{"embeddable":true,"href":"https:\/\/www.mlkjlasers.com\/es\/wp-json\/wp\/v2\/comments?post=213"}],"wp:featuredmedia":[{"embeddable":true,"href":"https:\/\/www.mlkjlasers.com\/es\/wp-json\/wp\/v2\/media\/221"}],"wp:attachment":[{"href":"https:\/\/www.mlkjlasers.com\/es\/wp-json\/wp\/v2\/media?parent=213"}],"wp:term":[{"taxonomy":"product_cat","embeddable":true,"href":"https:\/\/www.mlkjlasers.com\/es\/wp-json\/wp\/v2\/product_cat?post=213"},{"taxonomy":"product_tag","embeddable":true,"href":"https:\/\/www.mlkjlasers.com\/es\/wp-json\/wp\/v2\/product_tag?post=213"}],"curies":[{"name":"wp","href":"https:\/\/api.w.org\/{rel}","templated":true}]}}