{"id":2163,"date":"2023-08-01T09:19:35","date_gmt":"2023-08-01T01:19:35","guid":{"rendered":"https:\/\/mlkjlasers.com\/?post_type=product&#038;p=2163"},"modified":"2026-01-23T13:54:51","modified_gmt":"2026-01-23T05:54:51","slug":"q-switched-nd-yag-laser-tattoo-removal-machine","status":"publish","type":"product","link":"https:\/\/www.mlkjlasers.com\/es\/product\/q-switched-nd-yag-laser-tattoo-removal-machine\/","title":{"rendered":"M\u00e1quina de eliminaci\u00f3n del tatuaje del l\u00e1ser Nd Yag Q-Switched Picosecond"},"content":{"rendered":"<div class=\"J_module\">\n<div class=\"icbu-pc-images magic-0\">\n<div class=\"flex-layout-v\">\n<div class=\"flex-layout-h magic-0\">\n<div class=\"magic-1\"><\/div>\n<div class=\"magic-1\"><span style=\"color: #000000; font-family: helvetica, arial, sans-serif; font-size: 14pt;\"><img fetchpriority=\"high\" decoding=\"async\" class=\"magic-2 aligncenter\" src=\"https:\/\/sc04.alicdn.com\/kf\/H153b63e9a4d1430ea58d382a21a00b81i\/201077653\/H153b63e9a4d1430ea58d382a21a00b81i.jpg\" width=\"1594\" height=\"706\" data-src=\"\/\/sc04.alicdn.com\/kf\/H153b63e9a4d1430ea58d382a21a00b81i\/201077653\/H153b63e9a4d1430ea58d382a21a00b81i.jpg\" \/><\/span><\/div>\n<\/div>\n<\/div>\n<\/div>\n<\/div>\n<div class=\"J_module\">\n<div class=\"detail-decorate-json-renderer-container\">\n<div class=\"magic-3\">\n<div class=\"magic-4\">\n<div class=\"magic-5\">\n<div class=\"magic-6\">\n<div><\/div>\n<\/div>\n<div><span style=\"color: #000000; font-family: helvetica, arial, sans-serif; font-size: 14pt;\">\u00bfEres un sal\u00f3n de belleza?  \u00bfDistribuidor?  \u00bfO una empresa comercial?<\/span><\/div>\n<div class=\"magic-6\">\n<div class=\"magic-7\"><\/div>\n<div class=\"magic-7\"><span style=\"color: #000000; font-family: helvetica, arial, sans-serif; font-size: 14pt;\"><b><span class=\"magic-9\">\u00bfNecesita OEM o ODM para los productos?<\/span><\/b><\/span><\/div>\n<div class=\"magic-7\"><span style=\"color: #000000; font-family: helvetica, arial, sans-serif; font-size: 14pt;\">Nuestra f\u00e1brica proporciona OEM &amp; amp; Servicios ODM.<\/span><\/div>\n<div class=\"magic-7\"><span style=\"color: #000000; font-family: helvetica, arial, sans-serif; font-size: 14pt;\"><b><span class=\"magic-9\">Por favor env\u00edenos la consulta para saber los \u00faltimos precios, 24h en l\u00ednea!<\/span><\/b><\/span><\/div>\n<\/div>\n<\/div>\n<\/div>\n<\/div>\n<\/div>\n<\/div>\n<div class=\"magic-10\" data-section=\"AliMagic-vqm1z1\" data-section-title=\"Product Information\"><\/div>\n<div data-section=\"AliMagic-vqm1z1\" data-section-title=\"Product Information\"><\/div>\n<div class=\"J_module\">\n<div class=\"icbu-pc-images magic-0\">\n<div>\n<div class=\"flex-layout-v\">\n<div class=\"flex-layout-h magic-0\">\n<div class=\"magic-11\"><span style=\"color: #000000; font-family: helvetica, arial, sans-serif; font-size: 14pt;\"><img decoding=\"async\" class=\"magic-12 aligncenter\" src=\"https:\/\/sc04.alicdn.com\/kf\/Hfdde0b4367c841ba8c4c189758bf5509a\/201077653\/Hfdde0b4367c841ba8c4c189758bf5509a.jpg\" alt=\"\" width=\"1566\" height=\"921\" data-src=\"\/\/sc04.alicdn.com\/kf\/Hfdde0b4367c841ba8c4c189758bf5509a\/201077653\/Hfdde0b4367c841ba8c4c189758bf5509a.jpg\" \/><\/span><\/div>\n<\/div>\n<\/div>\n<\/div>\n<\/div>\n<\/div>\n<div class=\"J_module\">\n<div class=\"icbu-pc-images magic-0\">\n<div>\n<div class=\"flex-layout-v\">\n<div class=\"flex-layout-h magic-0\">\n<div class=\"magic-13\"><span style=\"color: #000000; font-family: helvetica, arial, sans-serif; font-size: 14pt;\"><img decoding=\"async\" class=\"magic-14 aligncenter\" src=\"https:\/\/sc04.alicdn.com\/kf\/H56eb6dd3d00e400ea57ef01a283882f3U\/201077653\/H56eb6dd3d00e400ea57ef01a283882f3U.jpg\" width=\"1584\" height=\"1234\" data-src=\"\/\/sc04.alicdn.com\/kf\/H56eb6dd3d00e400ea57ef01a283882f3U\/201077653\/H56eb6dd3d00e400ea57ef01a283882f3U.jpg\" \/><\/span><\/div>\n<\/div>\n<\/div>\n<\/div>\n<\/div>\n<\/div>\n<div class=\"J_module\">\n<div class=\"detail-decorate-json-renderer-container\">\n<div class=\"magic-3\">\n<div class=\"magic-4\">\n<div class=\"magic-5\">\n<div class=\"magic-6\">\n<p><span class=\"magic-15\" style=\"color: #000000; font-family: helvetica, arial, sans-serif; font-size: 14pt;\"><span class=\"magic-8\"><b class=\"magic-16\"><span class=\"magic-16\">Calidad artesano, Refleje los detalles extremos <\/span><\/b><\/span><\/span><\/p>\n<div><span class=\"magic-8\" style=\"color: #000000; font-family: helvetica, arial, sans-serif; font-size: 14pt;\"><b>Dise\u00f1o racional <\/b><\/span><\/div>\n<div><span class=\"magic-8\" style=\"color: #000000; font-family: helvetica, arial, sans-serif; font-size: 14pt;\">1. El producto tiene una apariencia nueva y se vende principalmente como modelo caliente <\/span><\/div>\n<div><span class=\"magic-8\" style=\"color: #000000; font-family: helvetica, arial, sans-serif; font-size: 14pt;\">2. soporte de mango ajustable, fuerte y duradero <\/span><\/div>\n<div><span class=\"magic-8\" style=\"color: #000000; font-family: helvetica, arial, sans-serif; font-size: 14pt;\">3. Mango antideslizante, dise\u00f1o ergon\u00f3mico <\/span><\/div>\n<div><span class=\"magic-8\" style=\"color: #000000; font-family: helvetica, arial, sans-serif; font-size: 14pt;\">4. tubo de conexi\u00f3n del tratamiento extendido<\/span><\/div>\n<\/div>\n<\/div>\n<\/div>\n<div><\/div>\n<\/div>\n<\/div>\n<\/div>\n<div class=\"J_module\">\n<div class=\"icbu-pc-images magic-0\">\n<div>\n<div class=\"flex-layout-v\">\n<div class=\"flex-layout-h magic-0\">\n<div class=\"magic-17\"><\/div>\n<div class=\"magic-17\"><span style=\"color: #000000; font-family: helvetica, arial, sans-serif; font-size: 14pt;\"><img loading=\"lazy\" decoding=\"async\" class=\"magic-18 aligncenter\" src=\"https:\/\/sc04.alicdn.com\/kf\/Hfbb2f24ff848486c9c9d30d522d4208ab\/201077653\/Hfbb2f24ff848486c9c9d30d522d4208ab.jpg\" width=\"1539\" height=\"1539\" data-src=\"\/\/sc04.alicdn.com\/kf\/Hfbb2f24ff848486c9c9d30d522d4208ab\/201077653\/Hfbb2f24ff848486c9c9d30d522d4208ab.jpg\" \/><\/span><\/div>\n<div class=\"magic-19\"><\/div>\n<\/div>\n<\/div>\n<\/div>\n<\/div>\n<\/div>\n<div class=\"J_module\">\n<div class=\"detail-decorate-json-renderer-container\">\n<div class=\"magic-3\">\n<div class=\"magic-4\">\n<div class=\"magic-5\">\n<div><\/div>\n<div class=\"magic-6\"><span style=\"font-size: 14pt;\"><span class=\"magic-8\" style=\"color: #000000; font-family: helvetica, arial, sans-serif;\"><b class=\"magic-20\"><span class=\"magic-16\">Tama\u00f1o m\u00e1s peque\u00f1o<\/span> <\/b><br \/>\n<\/span><span style=\"font-family: helvetica, arial, sans-serif;\">Tama\u00f1o m\u00e1s peque\u00f1o 1. Adoptar componentes b\u00e1sicos del equipo m\u00e9dico. El tama\u00f1o de la m\u00e1quina es m\u00e1s peque\u00f1o. <\/span><span style=\"font-family: helvetica, arial, sans-serif;\">2. menor carga transfronteriza que las m\u00e1quinas ordinarias. <\/span><span style=\"font-family: helvetica, arial, sans-serif;\">3. El mango es m\u00e1s peque\u00f1o y m\u00e1s conveniente de usar<\/span><\/span><\/p>\n<div>\n<div><\/div>\n<\/div>\n<\/div>\n<\/div>\n<\/div>\n<\/div>\n<\/div>\n<\/div>\n<div class=\"J_module\">\n<div class=\"icbu-pc-images magic-0\">\n<div>\n<div class=\"flex-layout-v\">\n<div class=\"flex-layout-h magic-0\">\n<div class=\"magic-21\"><span style=\"color: #000000; font-family: helvetica, arial, sans-serif; font-size: 14pt;\"><img loading=\"lazy\" decoding=\"async\" class=\"magic-22 aligncenter\" src=\"https:\/\/sc04.alicdn.com\/kf\/Hac1ea86853e74444ac97c981943bc883R\/201077653\/Hac1ea86853e74444ac97c981943bc883R.png\" width=\"1559\" height=\"1559\" data-src=\"\/\/sc04.alicdn.com\/kf\/Hac1ea86853e74444ac97c981943bc883R\/201077653\/Hac1ea86853e74444ac97c981943bc883R.png\" \/><\/span><\/div>\n<\/div>\n<\/div>\n<\/div>\n<\/div>\n<\/div>\n<div class=\"J_module\">\n<div id=\"ali-anchor-AliMagic-mrz24u\" class=\"magic-10\" data-section=\"AliMagic-mrz24u\" data-section-title=\"About Handle\"><\/div>\n<\/div>\n<div class=\"J_module\">\n<div class=\"icbu-pc-images magic-0\">\n<div>\n<div class=\"flex-layout-v\">\n<div class=\"flex-layout-h magic-0\">\n<div class=\"magic-21\"><span style=\"color: #000000; font-family: helvetica, arial, sans-serif; font-size: 14pt;\"><img loading=\"lazy\" decoding=\"async\" class=\"magic-22 aligncenter\" src=\"https:\/\/sc04.alicdn.com\/kf\/Hae0e2ad7c5114325b8e680d60a90906ej\/201077653\/Hae0e2ad7c5114325b8e680d60a90906ej.jpg\" width=\"1561\" height=\"1561\" data-src=\"\/\/sc04.alicdn.com\/kf\/Hae0e2ad7c5114325b8e680d60a90906ej\/201077653\/Hae0e2ad7c5114325b8e680d60a90906ej.jpg\" \/><\/span><\/div>\n<\/div>\n<\/div>\n<\/div>\n<\/div>\n<\/div>\n<div class=\"J_module\">\n<div class=\"detail-decorate-json-renderer-container\">\n<div class=\"magic-3\">\n<div class=\"magic-4\">\n<div class=\"magic-5\">\n<div class=\"magic-6\">\n<div>\n<p><span style=\"font-family: helvetica, arial, sans-serif; font-size: 14pt;\">5 cabezales de tratamiento, dise\u00f1o de alambre exterior desmontable y giratorio <\/span><\/p>\n<p><span style=\"font-family: helvetica, arial, sans-serif; font-size: 14pt;\">1. 532: Quita los tatuajes de colores. <\/span><\/p>\n<p><span style=\"font-family: helvetica, arial, sans-serif; font-size: 14pt;\">2. 755 cabeza de panal de abeja: utilizado para eliminar manchas de edad, pecas y cloasma. Peque\u00f1o da\u00f1o a la piel <\/span><\/p>\n<p><span style=\"font-family: helvetica, arial, sans-serif; font-size: 14pt;\">3. Par\u00e1metro ajustable 1064: para la eliminaci\u00f3n del tatuaje, limpieza de las cejas <\/span><\/p>\n<p><span style=\"font-family: helvetica, arial, sans-serif; font-size: 14pt;\">4. Par\u00e1metro no ajustable 1064: utilizado para quitar tatuajes y limpiar cejas <\/span><\/p>\n<p><span style=\"font-family: helvetica, arial, sans-serif; font-size: 14pt;\">5. 1320: tratamiento de \u00e1rea grande, punto grande, velocidad de tratamiento r\u00e1pido y buen efecto<\/span><\/p>\n<div><\/div>\n<\/div>\n<\/div>\n<\/div>\n<\/div>\n<\/div>\n<\/div>\n<\/div>\n<div class=\"J_module\">\n<div class=\"icbu-pc-images magic-0\">\n<div>\n<div class=\"flex-layout-v\">\n<div class=\"flex-layout-h magic-0\">\n<div class=\"magic-23\"><span style=\"color: #000000; font-family: helvetica, arial, sans-serif; font-size: 14pt;\"><img loading=\"lazy\" decoding=\"async\" class=\"magic-24 aligncenter\" src=\"https:\/\/sc04.alicdn.com\/kf\/Hec55127115274ca6aaacae52ebf9154fz\/201077653\/Hec55127115274ca6aaacae52ebf9154fz.jpg\" width=\"1587\" height=\"560\" data-src=\"\/\/sc04.alicdn.com\/kf\/Hec55127115274ca6aaacae52ebf9154fz\/201077653\/Hec55127115274ca6aaacae52ebf9154fz.jpg\" \/><\/span><\/div>\n<\/div>\n<\/div>\n<\/div>\n<\/div>\n<\/div>\n<div class=\"J_module\">\n<div class=\"detail-decorate-json-renderer-container\">\n<div class=\"magic-3\">\n<div class=\"magic-4\">\n<div class=\"magic-5\">\n<div class=\"magic-6\">\n<p>&nbsp;<\/p>\n<p><span class=\"magic-8\" style=\"color: #000000; font-family: helvetica, arial, sans-serif; font-size: 14pt;\"><b>La m\u00e1xima energ\u00eda, el mejor efecto <\/b><\/span><\/p>\n<div><span class=\"magic-8\" style=\"color: #000000; font-family: helvetica, arial, sans-serif; font-size: 14pt;\">1. Los datos de laboratorio muestran que la barra l\u00e1ser alcanza 2000mj. <\/span><\/div>\n<div><span class=\"magic-8\" style=\"color: #000000; font-family: helvetica, arial, sans-serif; font-size: 14pt;\">2. C\u00e1lculo preciso del valor del l\u00e1ser <\/span><\/div>\n<div><span class=\"magic-8\" style=\"color: #000000; font-family: helvetica, arial, sans-serif; font-size: 14pt;\">3. La distancia de apuntamiento de la luz del indicador es 6-10cm<\/span><\/div>\n<div><\/div>\n<\/div>\n<\/div>\n<\/div>\n<\/div>\n<\/div>\n<\/div>\n<div class=\"J_module\">\n<div class=\"icbu-pc-images magic-0\">\n<div>\n<div class=\"flex-layout-v\">\n<div class=\"flex-layout-h magic-0\">\n<div class=\"magic-11\"><span style=\"color: #000000; font-family: helvetica, arial, sans-serif; font-size: 14pt;\"><img loading=\"lazy\" decoding=\"async\" class=\"magic-12 aligncenter\" src=\"https:\/\/sc04.alicdn.com\/kf\/H2d1d4dbf954d4b40a3c6d6d3765d48c83\/201077653\/H2d1d4dbf954d4b40a3c6d6d3765d48c83.jpg\" width=\"1557\" height=\"916\" data-src=\"\/\/sc04.alicdn.com\/kf\/H2d1d4dbf954d4b40a3c6d6d3765d48c83\/201077653\/H2d1d4dbf954d4b40a3c6d6d3765d48c83.jpg\" \/><\/span><\/div>\n<div><span style=\"color: #000000; font-family: helvetica, arial, sans-serif; font-size: 14pt;\">Mecanismo de cassette de interruptor Q de piedra importado, todo el l\u00e1ser s\u00f3lido, sin reemplazar el interruptor Q.<\/span><\/div>\n<\/div>\n<\/div>\n<\/div>\n<\/div>\n<\/div>\n<div class=\"J_module\">\n<div class=\"detail-decorate-json-renderer-container\">\n<div class=\"magic-3\">\n<div class=\"magic-4\">\n<div class=\"magic-5\">\n<div class=\"magic-6\">\n<div><span class=\"magic-8\" style=\"color: #000000; font-family: helvetica, arial, sans-serif; font-size: 14pt;\"><b>Eliminaci\u00f3n de tatuajes. Retire los pigmentos negros, azules, marrones y rojos del tatuaje en la ceja, la l\u00ednea de los ojos, la l\u00ednea de los labios y otras partes del cuerpo Retire la marca de nacimiento, el nevus de las otas y la mancha d\u00e9rmica.<\/b> Una soluci\u00f3n a los problemas de piel.<\/span><\/div>\n<div><\/div>\n<\/div>\n<\/div>\n<\/div>\n<\/div>\n<\/div>\n<\/div>\n<div class=\"J_module\">\n<div class=\"icbu-pc-images magic-0\">\n<div>\n<div class=\"flex-layout-v\">\n<div class=\"flex-layout-h magic-0\">\n<div class=\"magic-25\"><span style=\"color: #000000; font-family: helvetica, arial, sans-serif; font-size: 14pt;\"><img loading=\"lazy\" decoding=\"async\" class=\"magic-26 aligncenter\" src=\"https:\/\/sc04.alicdn.com\/kf\/HTB19sJsXIfrK1RjSszcq6xGGFXaR\/201077653\/HTB19sJsXIfrK1RjSszcq6xGGFXaR.jpg\" width=\"1557\" height=\"809\" data-src=\"\/\/sc04.alicdn.com\/kf\/HTB19sJsXIfrK1RjSszcq6xGGFXaR\/201077653\/HTB19sJsXIfrK1RjSszcq6xGGFXaR.jpg\" \/><\/span><\/div>\n<\/div>\n<\/div>\n<\/div>\n<\/div>\n<\/div>\n<div class=\"J_module\">\n<div id=\"ali-anchor-AliMagic-iv9uij\" class=\"magic-10\" data-section=\"AliMagic-iv9uij\" data-section-title=\"Screen Display\"><\/div>\n<\/div>\n<div class=\"J_module\">\n<div class=\"icbu-pc-images magic-0\">\n<div>\n<div class=\"flex-layout-v\">\n<div class=\"flex-layout-h magic-0\">\n<div class=\"magic-34\"><span style=\"color: #000000; font-family: helvetica, arial, sans-serif; font-size: 14pt;\"><img loading=\"lazy\" decoding=\"async\" class=\"magic-35 aligncenter\" src=\"https:\/\/sc04.alicdn.com\/kf\/Hbc837a1d73274b2cba11b04c00e271abd\/201077653\/Hbc837a1d73274b2cba11b04c00e271abd.jpg\" width=\"1589\" height=\"1207\" data-src=\"\/\/sc04.alicdn.com\/kf\/Hbc837a1d73274b2cba11b04c00e271abd\/201077653\/Hbc837a1d73274b2cba11b04c00e271abd.jpg\" data-spm-anchor-id=\"a2700.wholesale.0.i55.5f0f3c62M7tBsi\" \/><\/span><\/div>\n<\/div>\n<\/div>\n<\/div>\n<\/div>\n<\/div>\n<div class=\"J_module\">\n<div class=\"detail-decorate-json-renderer-container\">\n<div class=\"magic-3\">\n<div class=\"magic-4\">\n<div class=\"magic-5\">\n<div class=\"magic-6\" data-spm-anchor-id=\"a2700.wholesale.0.i54.5f0f3c62M7tBsi\"><span class=\"magic-8\" style=\"color: #000000; font-family: helvetica, arial, sans-serif; font-size: 14pt;\">&#8211; Pantalla t\u00e1ctil grande de color verdadero de 10 pulgadas<br \/>\n&#8211; Imprimir cualquier color. Imprimir su<b> logotipo<\/b> en la m\u00e1quina.<br \/>\n&#8211; A\u00f1adir cualquier <b>idioma<\/b> en el sistema de m\u00e1quinas.<br \/>\n&#8211; Dise\u00f1o exclusivo <b>c\u00e1scara de la m\u00e1quina <\/b>para usted, forma su propia marca en el mercado.<br \/>\n&#8211; Dise\u00f1o nuevo <b>Interfaz y sistema<\/b> de la m\u00e1quina, lo haga m\u00e1s conveniente para usted y sus clientes.<\/span><\/div>\n<\/div>\n<\/div>\n<\/div>\n<\/div>\n<\/div>\n<div data-spm-anchor-id=\"a2700.wholesale.0.i54.5f0f3c62M7tBsi\"><\/div>\n<div data-spm-anchor-id=\"a2700.wholesale.0.i54.5f0f3c62M7tBsi\"><\/div>\n<div data-spm-anchor-id=\"a2700.wholesale.0.i54.5f0f3c62M7tBsi\"><span style=\"font-size: 14pt;\"><em><strong><span style=\"font-family: helvetica, arial, sans-serif;\"><span class=\"src\" data-group=\"0-0\">18 a\u00f1os de fabricaci\u00f3n profesional de euqipment de belleza en varias funciones.<\/span><span class=\"src\" data-group=\"0-1\"> Servicio de formaci\u00f3n individual.  \u00a1Cont\u00e1ctenos ahora!<\/span><\/span><\/strong><\/em><\/span><\/div>\n<div data-spm-anchor-id=\"a2700.wholesale.0.i54.5f0f3c62M7tBsi\"><\/div>\n<div data-spm-anchor-id=\"a2700.wholesale.0.i54.5f0f3c62M7tBsi\"><\/div>","protected":false},"excerpt":{"rendered":"<p><span style=\"font-family: helvetica, arial, sans-serif;\">* El l\u00e1ser de picosegundo port\u00e1til m\u00e1s nuevo, adem\u00e1s de las cabezas de l\u00e1ser normales, tambi\u00e9n agrega cabezas de l\u00e1ser de picosegundo de 755nm, que pueden obtener una capa m\u00e1s profunda de la piel y hacer un efecto muy bueno para todo tipo de pecas: como el cloasma, el pigmento de la edad, etc.<\/span><\/p>\n<p><span style=\"font-family: helvetica, arial, sans-serif;\">* 1064nm, la cabeza de 532nm puede hacer la eliminaci\u00f3n del tatuaje, la eliminaci\u00f3n de la l\u00ednea ocular, etc.<\/span><\/p>\n<p><span style=\"font-family: helvetica, arial, sans-serif;\">* 1320nm puede hacer blanqueamiento de la piel de mu\u00f1eca negra.<\/span><\/p>\n<p><span style=\"font-family: helvetica, arial, sans-serif;\">* Ninguna lesi\u00f3n a la piel y el fol\u00edculo piloso; ning\u00fan riesgo de cicatrizaci\u00f3n. Tratamiento indoloro, poco efecto secundario.<\/span><\/p>\n<p><span style=\"font-family: helvetica, arial, sans-serif;\">*<span class=\"src\" data-group=\"0-0\">15 a\u00f1os de fabricaci\u00f3n profesional de euqipment de belleza en varias funciones.<\/span><span class=\"src\" data-group=\"0-1\"> Servicio de formaci\u00f3n individual.<\/span><\/span><\/p>","protected":false},"featured_media":2185,"comment_status":"open","ping_status":"closed","template":"","meta":[],"product_cat":[24],"product_tag":[],"class_list":["post-2163","product","type-product","status-publish","has-post-thumbnail","hentry","product_cat-nd-yag-laser"],"_links":{"self":[{"href":"https:\/\/www.mlkjlasers.com\/es\/wp-json\/wp\/v2\/product\/2163","targetHints":{"allow":["GET"]}}],"collection":[{"href":"https:\/\/www.mlkjlasers.com\/es\/wp-json\/wp\/v2\/product"}],"about":[{"href":"https:\/\/www.mlkjlasers.com\/es\/wp-json\/wp\/v2\/types\/product"}],"replies":[{"embeddable":true,"href":"https:\/\/www.mlkjlasers.com\/es\/wp-json\/wp\/v2\/comments?post=2163"}],"wp:featuredmedia":[{"embeddable":true,"href":"https:\/\/www.mlkjlasers.com\/es\/wp-json\/wp\/v2\/media\/2185"}],"wp:attachment":[{"href":"https:\/\/www.mlkjlasers.com\/es\/wp-json\/wp\/v2\/media?parent=2163"}],"wp:term":[{"taxonomy":"product_cat","embeddable":true,"href":"https:\/\/www.mlkjlasers.com\/es\/wp-json\/wp\/v2\/product_cat?post=2163"},{"taxonomy":"product_tag","embeddable":true,"href":"https:\/\/www.mlkjlasers.com\/es\/wp-json\/wp\/v2\/product_tag?post=2163"}],"curies":[{"name":"wp","href":"https:\/\/api.w.org\/{rel}","templated":true}]}}