{"id":222,"date":"2023-05-29T16:11:20","date_gmt":"2023-05-29T08:11:20","guid":{"rendered":"https:\/\/mingliang.leadsclouds.com\/?post_type=product&#038;p=222"},"modified":"2026-01-28T10:38:26","modified_gmt":"2026-01-28T02:38:26","slug":"nd-yag-laser-tattoo-removal","status":"publish","type":"product","link":"https:\/\/www.mlkjlasers.com\/es\/product\/nd-yag-laser-tattoo-removal\/","title":{"rendered":"ND YAG eliminaci\u00f3n del tatuaje l\u00e1ser Q cambiado rejuvenecimiento de la piel m\u00e1quina de eliminaci\u00f3n del tatuaje del equipo de belleza l\u00e1ser"},"content":{"rendered":"<table style=\"border-collapse: collapse; width: 100%; height: 120px;\">\n<tbody>\n<tr style=\"height: 24px;\">\n<td style=\"width: 50%; height: 24px;\"><span style=\"font-family: helvetica, arial, sans-serif; color: #000000; font-size: 14pt;\"><b>M\u00e1quina de eliminaci\u00f3n de tatuajes l\u00e1ser ND YAG<\/b><\/span><\/td>\n<td style=\"width: 50%; height: 24px;\"><span style=\"font-family: helvetica, arial, sans-serif; color: #000000; font-size: 14pt;\">N\u00famero de modelo:LA<\/span><\/td>\n<\/tr>\n<tr style=\"height: 24px;\">\n<td style=\"width: 50%; height: 24px;\"><span style=\"font-family: helvetica, arial, sans-serif; color: #000000; font-size: 14pt;\">longitud de onda (luz): 532nm y 1064nm<\/span><\/td>\n<td style=\"width: 50%; height: 24px;\"><span style=\"font-family: helvetica, arial, sans-serif; color: #000000; font-size: 14pt;\">Tiros: 1.500.000<\/span><\/td>\n<\/tr>\n<tr style=\"height: 24px;\">\n<td style=\"width: 50%; height: 24px;\"><span style=\"font-family: helvetica, arial, sans-serif; color: #000000; font-size: 14pt;\">Funci\u00f3n: eliminaci\u00f3n del tatuaje, blanqueamiento de la piel, rejuvenecimiento de la piel<\/span><\/td>\n<td style=\"width: 50%; height: 24px;\"><span style=\"font-family: helvetica, arial, sans-serif; color: #000000; font-size: 14pt;\">Tama\u00f1o de la pantalla: 8.4 pantalla t\u00e1ctil LCD<\/span><\/td>\n<\/tr>\n<tr style=\"height: 24px;\">\n<td style=\"width: 50%; height: 24px;\"><span style=\"font-family: helvetica, arial, sans-serif; color: #000000; font-size: 14pt;\">Punto de luz: 1-7mm ajustable<\/span><\/td>\n<td style=\"width: 50%; height: 24px;\"><span style=\"font-family: helvetica, arial, sans-serif; color: #000000; font-size: 14pt;\">Frecuencia: 1-20Hz<\/span><\/td>\n<\/tr>\n<tr style=\"height: 24px;\">\n<td style=\"width: 50%; height: 24px;\"><span style=\"font-family: helvetica, arial, sans-serif; color: #000000; font-size: 14pt;\">Paquete: Caja de aluminio<\/span><\/td>\n<td style=\"width: 50%; height: 24px;\"><span style=\"font-family: helvetica, arial, sans-serif; color: #000000; font-size: 14pt;\">Garant\u00eda: 2 a\u00f1os<\/span><\/td>\n<\/tr>\n<\/tbody>\n<\/table>\n<div class=\"l right\"><\/div>\n<div class=\"des2\">\n<div class=\"des_box1\">\n<div class=\"des\">\n<p><span style=\"font-family: helvetica, arial, sans-serif; color: #000000; font-size: 14pt;\"><img fetchpriority=\"high\" decoding=\"async\" class=\"size-full wp-image-2826 alignnone\" src=\"https:\/\/mlkjlasers.com\/wp-content\/uploads\/2023\/05\/LA1-\u8be6\u60c5-1-1-scaled.jpg\" alt=\"\" width=\"2560\" height=\"1440\" srcset=\"https:\/\/www.mlkjlasers.com\/wp-content\/uploads\/2023\/05\/LA1-\u8be6\u60c5-1-1-scaled.jpg 2560w, https:\/\/www.mlkjlasers.com\/wp-content\/uploads\/2023\/05\/LA1-\u8be6\u60c5-1-1-300x169.jpg 300w, https:\/\/www.mlkjlasers.com\/wp-content\/uploads\/2023\/05\/LA1-\u8be6\u60c5-1-1-1024x576.jpg 1024w, https:\/\/www.mlkjlasers.com\/wp-content\/uploads\/2023\/05\/LA1-\u8be6\u60c5-1-1-768x432.jpg 768w, https:\/\/www.mlkjlasers.com\/wp-content\/uploads\/2023\/05\/LA1-\u8be6\u60c5-1-1-1536x864.jpg 1536w, https:\/\/www.mlkjlasers.com\/wp-content\/uploads\/2023\/05\/LA1-\u8be6\u60c5-1-1-2048x1152.jpg 2048w, https:\/\/www.mlkjlasers.com\/wp-content\/uploads\/2023\/05\/LA1-\u8be6\u60c5-1-1-600x337.jpg 600w\" sizes=\"(max-width: 2560px) 100vw, 2560px\" \/><\/span><\/p>\n<p><span style=\"font-family: helvetica, arial, sans-serif; color: #000000; font-size: 14pt;\">Este producto utiliza l\u00e1ser de alta energ\u00eda para penetrar en la piel, descomponer las part\u00edculas de pigmento en peque\u00f1as part\u00edculas, que son metabolizadas por el cuerpo, para lograr el efecto de la eliminaci\u00f3n del tatuaje. Los tatuajes de diferentes colores requieren diferentes longitudes de onda de luz l\u00e1ser porque diferentes pigmentos de colores absorben la luz l\u00e1ser a diferentes longitudes de onda. Por ejemplo, un tatuaje negro puede usar un l\u00e1ser Nd: YAG de 1064 nm, mientras que un tatuaje verde requiere un l\u00e1ser de 532 nm.<\/span><\/p>\n<p><span style=\"font-size: 14pt;\"><img decoding=\"async\" class=\"size-full wp-image-2827 aligncenter\" src=\"https:\/\/mlkjlasers.com\/wp-content\/uploads\/2023\/05\/LA1-\u8be6\u60c5-2-1-scaled.jpg\" alt=\"\" width=\"2560\" height=\"1440\" srcset=\"https:\/\/www.mlkjlasers.com\/wp-content\/uploads\/2023\/05\/LA1-\u8be6\u60c5-2-1-scaled.jpg 2560w, https:\/\/www.mlkjlasers.com\/wp-content\/uploads\/2023\/05\/LA1-\u8be6\u60c5-2-1-300x169.jpg 300w, https:\/\/www.mlkjlasers.com\/wp-content\/uploads\/2023\/05\/LA1-\u8be6\u60c5-2-1-1024x576.jpg 1024w, https:\/\/www.mlkjlasers.com\/wp-content\/uploads\/2023\/05\/LA1-\u8be6\u60c5-2-1-768x432.jpg 768w, https:\/\/www.mlkjlasers.com\/wp-content\/uploads\/2023\/05\/LA1-\u8be6\u60c5-2-1-1536x864.jpg 1536w, https:\/\/www.mlkjlasers.com\/wp-content\/uploads\/2023\/05\/LA1-\u8be6\u60c5-2-1-2048x1152.jpg 2048w, https:\/\/www.mlkjlasers.com\/wp-content\/uploads\/2023\/05\/LA1-\u8be6\u60c5-2-1-600x337.jpg 600w\" sizes=\"(max-width: 2560px) 100vw, 2560px\" \/><\/span><\/p>\n<p>&nbsp;<\/p>\n<p><span style=\"font-family: helvetica, arial, sans-serif; color: #000000; font-size: 14pt;\"><strong>1. Principalmente Uso:<\/strong><\/span><\/p>\n<p><span style=\"font-family: helvetica, arial, sans-serif; color: #000000; font-size: 14pt;\">1). ND YAG l\u00e1ser: tatuaje \/ bordado ocular \/ l\u00ednea ocular \/ eliminaci\u00f3n de pecas y blanqueamiento de la piel.<\/span><\/p>\n<p><span style=\"font-family: helvetica, arial, sans-serif; color: #000000; font-size: 14pt;\">2). 1064nm longitud de onda: deshacerse de las pecas y la mancha marr\u00f3n amarillo, tatuaje de cejas, tatuaje fallido de l\u00ednea ocular, tatuaje, marca de nacimiento y nevus de Ota, pigmentaci\u00f3n y mancha de edad, nevus en negro y azul, rojo escarlata, caf\u00e9 profundo y etc. color profundo.<\/span><\/p>\n<p><span style=\"font-family: helvetica, arial, sans-serif; color: #000000; font-size: 14pt;\">3). Longitud de onda 532nm: deshacerse de las pecas, el tatuaje de las cejas, el tatuaje fallido de la l\u00ednea de los ojos, el tatuaje, la l\u00ednea de los labios, el pigmento, la telangiectasia en color rojo poco profundo, marr\u00f3n y rosa y etc. eliminaci\u00f3n de pigmentos.<\/span><\/p>\n<p><span style=\"font-family: helvetica, arial, sans-serif; color: #000000; font-size: 14pt;\">4). 1320nm: Profesional para el rejuvenecimiento de la piel y la limpieza profunda de la cara, eliminaci\u00f3n de cabezas negras, apriete y blanqueamiento de la piel, rejuvenecimiento de la piel.<\/span><\/p>\n<\/div>\n<\/div>\n<\/div>\n<p>&nbsp;<\/p>\n<p><span style=\"font-size: 14pt;\"><img decoding=\"async\" class=\"size-full wp-image-2828 aligncenter\" src=\"https:\/\/mlkjlasers.com\/wp-content\/uploads\/2023\/05\/LA1-\u8be6\u60c5-3-1-scaled.jpg\" alt=\"\" width=\"2560\" height=\"1440\" srcset=\"https:\/\/www.mlkjlasers.com\/wp-content\/uploads\/2023\/05\/LA1-\u8be6\u60c5-3-1-scaled.jpg 2560w, https:\/\/www.mlkjlasers.com\/wp-content\/uploads\/2023\/05\/LA1-\u8be6\u60c5-3-1-300x169.jpg 300w, https:\/\/www.mlkjlasers.com\/wp-content\/uploads\/2023\/05\/LA1-\u8be6\u60c5-3-1-1024x576.jpg 1024w, https:\/\/www.mlkjlasers.com\/wp-content\/uploads\/2023\/05\/LA1-\u8be6\u60c5-3-1-768x432.jpg 768w, https:\/\/www.mlkjlasers.com\/wp-content\/uploads\/2023\/05\/LA1-\u8be6\u60c5-3-1-1536x864.jpg 1536w, https:\/\/www.mlkjlasers.com\/wp-content\/uploads\/2023\/05\/LA1-\u8be6\u60c5-3-1-2048x1152.jpg 2048w, https:\/\/www.mlkjlasers.com\/wp-content\/uploads\/2023\/05\/LA1-\u8be6\u60c5-3-1-600x337.jpg 600w\" sizes=\"(max-width: 2560px) 100vw, 2560px\" \/><\/span><\/p>\n<div class=\"des2\">\n<div class=\"des_box1\">\n<div class=\"des\">\n<p>&nbsp;<\/p>\n<p><span style=\"font-family: helvetica, arial, sans-serif; font-size: 14pt;\"><b><span class=\"magic-17\">2. Acerca del mango: 5 cabezales de tratamiento, dise\u00f1o de alambre externo desmontable y giratorio <\/span><\/b><\/span><\/p>\n<p><span style=\"font-family: helvetica, arial, sans-serif; font-size: 14pt;\">1. 532: Quita los tatuajes de colores. <\/span><\/p>\n<p><span style=\"font-family: helvetica, arial, sans-serif; font-size: 14pt;\">2. 755 cabeza de panal de abeja: utilizado para eliminar manchas de edad, pecas y cloasma. Peque\u00f1o da\u00f1o a la piel <\/span><\/p>\n<p><span style=\"font-family: helvetica, arial, sans-serif; font-size: 14pt;\">3. Par\u00e1metro ajustable 1064: para la eliminaci\u00f3n del tatuaje, limpieza de las cejas <\/span><\/p>\n<p><span style=\"font-family: helvetica, arial, sans-serif; font-size: 14pt;\">4. Par\u00e1metro no ajustable 1064: utilizado para quitar tatuajes y limpiar cejas <\/span><\/p>\n<p><span style=\"font-family: helvetica, arial, sans-serif; font-size: 14pt;\">5. 1320: tratamiento de \u00e1rea grande, punto grande, velocidad r\u00e1pida del tratamiento y buen efecto<\/span><\/p>\n<p><span style=\"font-size: 14pt;\"><img loading=\"lazy\" decoding=\"async\" class=\"size-full wp-image-2829 alignnone\" src=\"https:\/\/mlkjlasers.com\/wp-content\/uploads\/2023\/05\/LA1-\u8be6\u60c5-4-1-scaled.jpg\" alt=\"\" width=\"2560\" height=\"1440\" srcset=\"https:\/\/www.mlkjlasers.com\/wp-content\/uploads\/2023\/05\/LA1-\u8be6\u60c5-4-1-scaled.jpg 2560w, https:\/\/www.mlkjlasers.com\/wp-content\/uploads\/2023\/05\/LA1-\u8be6\u60c5-4-1-300x169.jpg 300w, https:\/\/www.mlkjlasers.com\/wp-content\/uploads\/2023\/05\/LA1-\u8be6\u60c5-4-1-1024x576.jpg 1024w, https:\/\/www.mlkjlasers.com\/wp-content\/uploads\/2023\/05\/LA1-\u8be6\u60c5-4-1-768x432.jpg 768w, https:\/\/www.mlkjlasers.com\/wp-content\/uploads\/2023\/05\/LA1-\u8be6\u60c5-4-1-1536x864.jpg 1536w, https:\/\/www.mlkjlasers.com\/wp-content\/uploads\/2023\/05\/LA1-\u8be6\u60c5-4-1-2048x1152.jpg 2048w, https:\/\/www.mlkjlasers.com\/wp-content\/uploads\/2023\/05\/LA1-\u8be6\u60c5-4-1-600x337.jpg 600w\" sizes=\"(max-width: 2560px) 100vw, 2560px\" \/><\/span><\/p>\n<div><span class=\"magic-17\" style=\"font-family: helvetica, arial, sans-serif; font-size: 14pt;\"><span class=\"magic-14\">Mecanismo de cassette de interruptor Q de piedra importado, todo el l\u00e1ser s\u00f3lido, sin reemplazar el interruptor Q.<br \/>\n<\/span><\/span><\/div>\n<div><span class=\"magic-17\" style=\"font-family: helvetica, arial, sans-serif; font-size: 14pt;\"><span class=\"magic-14\">\u00a0<\/span><\/span><\/div>\n<p><span class=\"magic-17\" style=\"font-family: helvetica, arial, sans-serif; font-size: 14pt;\"><span class=\"magic-14\"><b data-spm-anchor-id=\"a2700.wholesale.0.i87.10456c16QWoCVL\">Eliminaci\u00f3n de tatuajes. Retire los pigmentos negros, azules, marrones y rojos del tatuaje en la ceja, la l\u00ednea de los ojos, la l\u00ednea de los labios y otras partes del cuerpo Retire la marca de nacimiento, el nevus de las otas y la mancha d\u00e9rmica.<\/b><br \/>\n<\/span><\/span><\/p>\n<div><span class=\"magic-17\" style=\"font-family: helvetica, arial, sans-serif; font-size: 14pt;\"><span class=\"magic-14\"><b>\u00a0<\/b><\/span><\/span><\/div>\n<div data-spm-anchor-id=\"a2700.wholesale.0.i86.10456c16QWoCVL\"><span class=\"magic-17\" style=\"font-family: helvetica, arial, sans-serif; font-size: 14pt;\"><span class=\"magic-14\">Una soluci\u00f3n a los problemas de piel.<\/span><\/span><\/div>\n<div class=\"des_detail\">\n<div class=\"img_b\">\n<p><span style=\"font-family: helvetica, arial, sans-serif; color: #000000; font-size: 14pt;\"><img loading=\"lazy\" decoding=\"async\" class=\"alignnone size-full wp-image-2830\" src=\"https:\/\/mlkjlasers.com\/wp-content\/uploads\/2023\/05\/LA1-\u8be6\u60c5-5-1-scaled.jpg\" alt=\"\" width=\"2560\" height=\"1440\" srcset=\"https:\/\/www.mlkjlasers.com\/wp-content\/uploads\/2023\/05\/LA1-\u8be6\u60c5-5-1-scaled.jpg 2560w, https:\/\/www.mlkjlasers.com\/wp-content\/uploads\/2023\/05\/LA1-\u8be6\u60c5-5-1-300x169.jpg 300w, https:\/\/www.mlkjlasers.com\/wp-content\/uploads\/2023\/05\/LA1-\u8be6\u60c5-5-1-1024x576.jpg 1024w, https:\/\/www.mlkjlasers.com\/wp-content\/uploads\/2023\/05\/LA1-\u8be6\u60c5-5-1-768x432.jpg 768w, https:\/\/www.mlkjlasers.com\/wp-content\/uploads\/2023\/05\/LA1-\u8be6\u60c5-5-1-1536x864.jpg 1536w, https:\/\/www.mlkjlasers.com\/wp-content\/uploads\/2023\/05\/LA1-\u8be6\u60c5-5-1-2048x1152.jpg 2048w, https:\/\/www.mlkjlasers.com\/wp-content\/uploads\/2023\/05\/LA1-\u8be6\u60c5-5-1-600x337.jpg 600w\" sizes=\"(max-width: 2560px) 100vw, 2560px\" \/><\/span><\/p>\n<p><span style=\"font-size: 14pt;\"><img loading=\"lazy\" decoding=\"async\" class=\"alignnone size-full wp-image-2831\" src=\"https:\/\/mlkjlasers.com\/wp-content\/uploads\/2023\/05\/LA1-\u8be6\u60c5-6-1-scaled.jpg\" alt=\"\" width=\"2560\" height=\"1440\" srcset=\"https:\/\/www.mlkjlasers.com\/wp-content\/uploads\/2023\/05\/LA1-\u8be6\u60c5-6-1-scaled.jpg 2560w, https:\/\/www.mlkjlasers.com\/wp-content\/uploads\/2023\/05\/LA1-\u8be6\u60c5-6-1-300x169.jpg 300w, https:\/\/www.mlkjlasers.com\/wp-content\/uploads\/2023\/05\/LA1-\u8be6\u60c5-6-1-1024x576.jpg 1024w, https:\/\/www.mlkjlasers.com\/wp-content\/uploads\/2023\/05\/LA1-\u8be6\u60c5-6-1-768x432.jpg 768w, https:\/\/www.mlkjlasers.com\/wp-content\/uploads\/2023\/05\/LA1-\u8be6\u60c5-6-1-1536x864.jpg 1536w, https:\/\/www.mlkjlasers.com\/wp-content\/uploads\/2023\/05\/LA1-\u8be6\u60c5-6-1-2048x1152.jpg 2048w, https:\/\/www.mlkjlasers.com\/wp-content\/uploads\/2023\/05\/LA1-\u8be6\u60c5-6-1-600x337.jpg 600w\" sizes=\"(max-width: 2560px) 100vw, 2560px\" \/><\/span><\/p>\n<p><span style=\"font-family: helvetica, arial, sans-serif; color: #000000; font-size: 14pt;\"><strong>3. Pantalla de la interfaz:<\/strong><\/span><\/p>\n<div class=\"des_detail\">\n<p style=\"text-align: left;\"><span style=\"font-family: helvetica, arial, sans-serif; color: #000000; font-size: 14pt;\">\u00bb\u00bbPantalla profesional, f\u00e1cil de operar \u00bb\u00bbIngl\u00e9s y cualquier idioma \u00bb\u00bbOEM es avialalbe \u00bb\u00bbLogotipo personalizable gratis<\/span><\/p>\n<p>&nbsp;<\/p>\n<\/div>\n<p><span style=\"font-size: 14pt;\"><img loading=\"lazy\" decoding=\"async\" class=\"size-full wp-image-2832 aligncenter\" src=\"https:\/\/mlkjlasers.com\/wp-content\/uploads\/2023\/05\/LA1-\u8be6\u60c5-7-1-scaled.jpg\" alt=\"\" width=\"2560\" height=\"1440\" srcset=\"https:\/\/www.mlkjlasers.com\/wp-content\/uploads\/2023\/05\/LA1-\u8be6\u60c5-7-1-scaled.jpg 2560w, https:\/\/www.mlkjlasers.com\/wp-content\/uploads\/2023\/05\/LA1-\u8be6\u60c5-7-1-300x169.jpg 300w, https:\/\/www.mlkjlasers.com\/wp-content\/uploads\/2023\/05\/LA1-\u8be6\u60c5-7-1-1024x576.jpg 1024w, https:\/\/www.mlkjlasers.com\/wp-content\/uploads\/2023\/05\/LA1-\u8be6\u60c5-7-1-768x432.jpg 768w, https:\/\/www.mlkjlasers.com\/wp-content\/uploads\/2023\/05\/LA1-\u8be6\u60c5-7-1-1536x864.jpg 1536w, https:\/\/www.mlkjlasers.com\/wp-content\/uploads\/2023\/05\/LA1-\u8be6\u60c5-7-1-2048x1152.jpg 2048w, https:\/\/www.mlkjlasers.com\/wp-content\/uploads\/2023\/05\/LA1-\u8be6\u60c5-7-1-600x337.jpg 600w\" sizes=\"(max-width: 2560px) 100vw, 2560px\" \/><\/span><\/p>\n<p>&nbsp;<\/p>\n<p><span style=\"font-family: helvetica, arial, sans-serif; font-size: 14pt;\"><b data-spm-anchor-id=\"a2700.wholesale.0.i90.10456c16QWoCVL\">No se preocupe por la garant\u00eda y el servicio despu\u00e9s de la venta <\/b>Todas las m\u00e1quinas tienen una garant\u00eda de dos a\u00f1os y mantenimiento de por vida, usted obtiene servicio en l\u00ednea las 24 horas de un equipo profesional posventa. Siempre que tenga alg\u00fan problema, puede ponerse en contacto con nuestro equipo posventa, y el problema se resolver\u00e1 en el tiempo m\u00e1s r\u00e1pido. <\/span><\/p>\n<p><span style=\"font-family: helvetica, arial, sans-serif; font-size: 14pt;\"><b>Formaci\u00f3n gratuita en todas las m\u00e1quinas <\/b>Recibir\u00e1 capacitaci\u00f3n gratuita y certificado de formaci\u00f3n. Obtenga cursos completos y f\u00e1ciles de entender. Tambi\u00e9n los esteticistas profesionales proporcionar\u00e1n orientaci\u00f3n en l\u00ednea. Su negocio de belleza ser\u00e1 m\u00e1s f\u00e1cil. <\/span><\/p>\n<p>&nbsp;<\/p>\n<p><span style=\"font-size: 14pt;\"><img loading=\"lazy\" decoding=\"async\" class=\"size-full wp-image-2833 aligncenter\" src=\"https:\/\/mlkjlasers.com\/wp-content\/uploads\/2023\/05\/LA1-\u8be6\u60c5-8-1-scaled.jpg\" alt=\"\" width=\"2560\" height=\"1440\" srcset=\"https:\/\/www.mlkjlasers.com\/wp-content\/uploads\/2023\/05\/LA1-\u8be6\u60c5-8-1-scaled.jpg 2560w, https:\/\/www.mlkjlasers.com\/wp-content\/uploads\/2023\/05\/LA1-\u8be6\u60c5-8-1-300x169.jpg 300w, https:\/\/www.mlkjlasers.com\/wp-content\/uploads\/2023\/05\/LA1-\u8be6\u60c5-8-1-1024x576.jpg 1024w, https:\/\/www.mlkjlasers.com\/wp-content\/uploads\/2023\/05\/LA1-\u8be6\u60c5-8-1-768x432.jpg 768w, https:\/\/www.mlkjlasers.com\/wp-content\/uploads\/2023\/05\/LA1-\u8be6\u60c5-8-1-1536x864.jpg 1536w, https:\/\/www.mlkjlasers.com\/wp-content\/uploads\/2023\/05\/LA1-\u8be6\u60c5-8-1-2048x1152.jpg 2048w, https:\/\/www.mlkjlasers.com\/wp-content\/uploads\/2023\/05\/LA1-\u8be6\u60c5-8-1-600x337.jpg 600w\" sizes=\"(max-width: 2560px) 100vw, 2560px\" \/><\/span><\/p>\n<\/div>\n<\/div>\n<\/div>\n<\/div>\n<\/div>","protected":false},"excerpt":{"rendered":"<p>El dispositivo picosegundo es un dispositivo l\u00e1ser de doble longitud de onda que trata lesiones pigmentadas de la dermis y la epidermis. Tiene las siguientes ventajas: Menos riesgo de efectos secundarios del tratamiento; Adecuado para tonos de piel oscuros y claros, no es f\u00e1cil volverse negro; Ambos efectos terap\u00e9uticosMulti-caracter\u00edsticas para el cuidado de la piel y el rejuvenecimiento; Corto per\u00edodo de recuperaci\u00f3n, puede volver r\u00e1pidamente al trabajo normal y al descanso, suave y no irritante, adecuado para la piel sensible, el n\u00famero de tratamientos es menor que el l\u00e1ser tradicional.<\/p>","protected":false},"featured_media":1979,"comment_status":"open","ping_status":"closed","template":"","meta":[],"product_cat":[24],"product_tag":[],"class_list":["post-222","product","type-product","status-publish","has-post-thumbnail","hentry","product_cat-nd-yag-laser"],"_links":{"self":[{"href":"https:\/\/www.mlkjlasers.com\/es\/wp-json\/wp\/v2\/product\/222","targetHints":{"allow":["GET"]}}],"collection":[{"href":"https:\/\/www.mlkjlasers.com\/es\/wp-json\/wp\/v2\/product"}],"about":[{"href":"https:\/\/www.mlkjlasers.com\/es\/wp-json\/wp\/v2\/types\/product"}],"replies":[{"embeddable":true,"href":"https:\/\/www.mlkjlasers.com\/es\/wp-json\/wp\/v2\/comments?post=222"}],"wp:featuredmedia":[{"embeddable":true,"href":"https:\/\/www.mlkjlasers.com\/es\/wp-json\/wp\/v2\/media\/1979"}],"wp:attachment":[{"href":"https:\/\/www.mlkjlasers.com\/es\/wp-json\/wp\/v2\/media?parent=222"}],"wp:term":[{"taxonomy":"product_cat","embeddable":true,"href":"https:\/\/www.mlkjlasers.com\/es\/wp-json\/wp\/v2\/product_cat?post=222"},{"taxonomy":"product_tag","embeddable":true,"href":"https:\/\/www.mlkjlasers.com\/es\/wp-json\/wp\/v2\/product_tag?post=222"}],"curies":[{"name":"wp","href":"https:\/\/api.w.org\/{rel}","templated":true}]}}