{"id":2238,"date":"2023-08-04T11:31:56","date_gmt":"2023-08-04T03:31:56","guid":{"rendered":"https:\/\/mlkjlasers.com\/?post_type=product&#038;p=2238"},"modified":"2026-02-28T11:56:02","modified_gmt":"2026-02-28T03:56:02","slug":"exfu-icello-diode-laser-machine-2","status":"publish","type":"product","link":"https:\/\/www.mlkjlasers.com\/es\/product\/exfu-icello-diode-laser-machine-2\/","title":{"rendered":"High Power 1800w Machine Diode Laser Hair Removal Machine Exfu ICELLO"},"content":{"rendered":"<table style=\"border-collapse: collapse; width: 100%; height: 192px;\">\n<tbody>\n<tr style=\"height: 24px;\">\n<td style=\"width: 50%; height: 24px;\"><span style=\"font-size: 14pt; font-family: helvetica, arial, sans-serif;\"><b>M\u00e1quina depilaci\u00f3n l\u00e1ser diodo<\/b><\/span><\/td>\n<td style=\"width: 50%; height: 24px;\"><span style=\"font-size: 14pt; font-family: helvetica, arial, sans-serif;\">N\u00famero de modelo: EXFU ICELLO<\/span><\/td>\n<\/tr>\n<tr style=\"height: 24px;\">\n<td style=\"width: 50%; height: 24px;\"><span style=\"font-size: 14pt; font-family: helvetica, arial, sans-serif;\">Longitud de onda: 808nm o 755 808 1064nm<\/span><\/td>\n<td style=\"width: 50%; height: 24px;\"><span style=\"font-size: 14pt; font-family: helvetica, arial, sans-serif;\">Tama\u00f1o de la pantalla: pantalla t\u00e1ctil de estilo 4K de 14 pulgadas<\/span><\/td>\n<\/tr>\n<tr style=\"height: 24px;\">\n<td style=\"width: 50%; height: 24px;\"><span style=\"font-size: 14pt; font-family: helvetica, arial, sans-serif;\">Vida \u00fatil: 40 millones de disparos<\/span><\/td>\n<td style=\"width: 50%; height: 24px;\"><span style=\"font-size: 14pt; font-family: helvetica, arial, sans-serif;\">Duraci\u00f3n del pulso: 10-300ms<\/span><\/td>\n<\/tr>\n<tr style=\"height: 24px;\">\n<td style=\"width: 50%; height: 24px;\"><span style=\"font-size: 14pt; font-family: helvetica, arial, sans-serif;\">Tira l\u00e1ser: 120w para cada uno, barra l\u00e1ser coherente de Am\u00e9rica<\/span><\/td>\n<td style=\"width: 50%; height: 24px;\"><span style=\"font-size: 14pt; font-family: helvetica, arial, sans-serif;\">Frecuencia: 1-10hz<\/span><\/td>\n<\/tr>\n<tr style=\"height: 24px;\">\n<td style=\"width: 50%; height: 24px;\"><span style=\"font-size: 14pt; font-family: helvetica, arial, sans-serif;\">Tama\u00f1o del punto: tama\u00f1o del punto de 12x24mm o 12x36mm<\/span><\/td>\n<td style=\"width: 50%; height: 24px;\"><span style=\"font-size: 14pt; font-family: helvetica, arial, sans-serif;\">Energ\u00eda: 1-150J<\/span><\/td>\n<\/tr>\n<tr style=\"height: 24px;\">\n<td style=\"width: 50%; height: 24px;\"><span style=\"font-size: 14pt; font-family: helvetica, arial, sans-serif;\">Sistema de enfriamiento: circuito de agua del compresor<\/span><\/td>\n<td style=\"width: 50%; height: 24px;\"><span style=\"font-size: 14pt; font-family: helvetica, arial, sans-serif;\">Potencia de la m\u00e1quina: 3500W<\/span><\/td>\n<\/tr>\n<tr style=\"height: 24px;\">\n<td style=\"width: 50%; height: 24px;\"><span style=\"font-size: 14pt; font-family: helvetica, arial, sans-serif;\">Tensi\u00f3n: AC110V 60HZ \/ AC220V 50HZ<\/span><\/td>\n<td style=\"width: 50%; height: 24px;\"><span style=\"font-size: 14pt; font-family: helvetica, arial, sans-serif;\">Tama\u00f1o de la m\u00e1quina: 480mm * 400mm * 1300mm<\/span><\/td>\n<\/tr>\n<tr style=\"height: 24px;\">\n<td style=\"width: 50%; height: 24px;\"><span style=\"font-size: 14pt; font-family: helvetica, arial, sans-serif;\">Paquete: Caja de aluminio<\/span><\/td>\n<td style=\"width: 50%; height: 24px;\"><span style=\"font-size: 14pt; font-family: helvetica, arial, sans-serif;\">Garant\u00eda de servicio: garant\u00eda de por vida<\/span><\/td>\n<\/tr>\n<\/tbody>\n<\/table>\n<div class=\"se4_tit\">\n<div class=\"r left\"><\/div>\n<div class=\"l right\" style=\"text-align: left;\">\n<p><span style=\"font-size: 14pt; font-family: helvetica, arial, sans-serif;\"><img fetchpriority=\"high\" decoding=\"async\" class=\"aligncenter wp-image-2396 size-full\" src=\"https:\/\/www.mlkjlasers.com\/wp-content\/uploads\/2023\/09\/Hd476199b9cf44b38b64099a3367bf0d5P.jpg\" alt=\"\" width=\"1920\" height=\"850\" srcset=\"https:\/\/www.mlkjlasers.com\/wp-content\/uploads\/2023\/09\/Hd476199b9cf44b38b64099a3367bf0d5P.jpg 1920w, https:\/\/www.mlkjlasers.com\/wp-content\/uploads\/2023\/09\/Hd476199b9cf44b38b64099a3367bf0d5P-300x133.jpg 300w, https:\/\/www.mlkjlasers.com\/wp-content\/uploads\/2023\/09\/Hd476199b9cf44b38b64099a3367bf0d5P-1024x453.jpg 1024w, https:\/\/www.mlkjlasers.com\/wp-content\/uploads\/2023\/09\/Hd476199b9cf44b38b64099a3367bf0d5P-768x340.jpg 768w, https:\/\/www.mlkjlasers.com\/wp-content\/uploads\/2023\/09\/Hd476199b9cf44b38b64099a3367bf0d5P-1536x680.jpg 1536w, https:\/\/www.mlkjlasers.com\/wp-content\/uploads\/2023\/09\/Hd476199b9cf44b38b64099a3367bf0d5P-600x266.jpg 600w\" sizes=\"(max-width: 1920px) 100vw, 1920px\" \/><\/span><\/p>\n<\/div>\n<\/div>\n<div class=\"se4_tit\">\n<div class=\"l right\" style=\"text-align: left;\">\n<div class=\"J_module\">\n<div class=\"icbu-pc-images magic-1\">\n<div class=\"flex-layout-v\">\n<div class=\"flex-layout-h magic-1\">\n<div class=\"magic-2\">\n<div class=\"J_module\">\n<div class=\"icbu-pc-images magic-1\">\n<div class=\"flex-layout-v\">\n<div class=\"flex-layout-h magic-1\">\n<div><\/div>\n<div class=\"magic-24\"><strong><span style=\"font-family: helvetica, arial, sans-serif; font-size: 14pt;\">MLKJ Mejor m\u00e1quina de depilaci\u00f3n l\u00e1ser comercial.<\/span><\/strong><br \/>\n<span style=\"font-family: helvetica, arial, sans-serif; font-size: 14pt;\">De acuerdo con el principio de la fototermodin\u00e1mica selectiva, la longitud de onda del l\u00e1ser, la energ\u00eda y la anchura del pulso se pueden ajustar adecuadamente para hacer que el l\u00e1ser pase a trav\u00e9s de la superficie de la piel al fol\u00edculo piloso de la ra\u00edz. La energ\u00eda de luz se absorbe y se convierte en energ\u00eda t\u00e9rmica que destruye el tejido del fol\u00edculo piloso, haciendo as\u00ed que el cabello no pueda regenerarse, haciendo que los l\u00e1seres MLKJ&#8217; tecnolog\u00eda patentada indolora y permanente<\/span><br \/>\n<span style=\"font-family: helvetica, arial, sans-serif; font-size: 14pt;\">El dispositivo de depilaci\u00f3n l\u00e1ser es un m\u00e9todo de tratamiento no invasivo, despu\u00e9s del tratamiento no tendr\u00e1 un cierto da\u00f1o a la piel circundante, no afectar\u00e1 la vida normal y el trabajo.<\/span><\/div>\n<div><img decoding=\"async\" class=\"aligncenter size-full wp-image-2230\" src=\"https:\/\/www.mlkjlasers.com\/wp-content\/uploads\/2023\/05\/\u5143\u5b87\u5b99\u5c4f\u5e55.jpg\" alt=\"\" width=\"2000\" height=\"720\" srcset=\"https:\/\/www.mlkjlasers.com\/wp-content\/uploads\/2023\/05\/\u5143\u5b87\u5b99\u5c4f\u5e55.jpg 2000w, https:\/\/www.mlkjlasers.com\/wp-content\/uploads\/2023\/05\/\u5143\u5b87\u5b99\u5c4f\u5e55-300x108.jpg 300w, https:\/\/www.mlkjlasers.com\/wp-content\/uploads\/2023\/05\/\u5143\u5b87\u5b99\u5c4f\u5e55-1024x369.jpg 1024w, https:\/\/www.mlkjlasers.com\/wp-content\/uploads\/2023\/05\/\u5143\u5b87\u5b99\u5c4f\u5e55-768x276.jpg 768w, https:\/\/www.mlkjlasers.com\/wp-content\/uploads\/2023\/05\/\u5143\u5b87\u5b99\u5c4f\u5e55-1536x553.jpg 1536w, https:\/\/www.mlkjlasers.com\/wp-content\/uploads\/2023\/05\/\u5143\u5b87\u5b99\u5c4f\u5e55-600x216.jpg 600w\" sizes=\"(max-width: 2000px) 100vw, 2000px\" \/><\/div>\n<\/div>\n<\/div>\n<\/div>\n<div><\/div>\n<\/div>\n<\/div>\n<\/div>\n<\/div>\n<\/div>\n<\/div>\n<div class=\"J_module\">\n<div class=\"detail-decorate-json-renderer-container\">\n<div class=\"magic-4\">\n<div class=\"magic-7\">\n<div class=\"magic-8\">\n<div class=\"magic-9\">\n<div><span style=\"font-size: 14pt; font-family: helvetica, arial, sans-serif;\"><span class=\"magic-10\">\u2714  La FDA<\/span>\u00a0<span class=\"magic-13\">&amp; CE m\u00e9dico <\/span><span class=\"magic-10\">M\u00e1quina certificada<\/span><\/span><\/div>\n<div><span style=\"font-size: 14pt; font-family: helvetica, arial, sans-serif;\"><span class=\"magic-10\">\u2714<span class=\"magic-12\">3 en 1 <\/span>Tres tecnolog\u00edas l\u00e1ser en una m\u00e1quina<br \/>\n\u2714  Alexandrita<\/span><span class=\"magic-10\">e, dios<\/span><span class=\"magic-10\">de y Nd:YAG l\u00e1seres \u2013<span class=\"magic-12\"> Trata todos los tipos de piel<\/span><br \/>\n\u2714<span class=\"magic-12\">F\u00e1cil <\/span>para operar<br \/>\n\u2714  Formaci\u00f3n en l\u00ednea disponible<br \/>\n\u2714<span class=\"magic-12\">50 millones de disparos <\/span>por pieza de mano!<\/span><\/span><\/div>\n<\/div>\n<\/div>\n<\/div>\n<\/div>\n<\/div>\n<\/div>\n<div class=\"J_module\">\n<div data-section=\"AliMagic-1av7nm\" data-section-title=\"Handle display\"><\/div>\n<\/div>\n<\/div>\n<div data-section=\"AliMagic-1av7nm\" data-section-title=\"Handle display\"><img decoding=\"async\" class=\"aligncenter size-full wp-image-2229\" src=\"https:\/\/www.mlkjlasers.com\/wp-content\/uploads\/2023\/05\/\u5143\u5b87\u5b99\u9759\u97f3.jpg\" alt=\"\" width=\"1920\" height=\"1040\" srcset=\"https:\/\/www.mlkjlasers.com\/wp-content\/uploads\/2023\/05\/\u5143\u5b87\u5b99\u9759\u97f3.jpg 1920w, https:\/\/www.mlkjlasers.com\/wp-content\/uploads\/2023\/05\/\u5143\u5b87\u5b99\u9759\u97f3-300x163.jpg 300w, https:\/\/www.mlkjlasers.com\/wp-content\/uploads\/2023\/05\/\u5143\u5b87\u5b99\u9759\u97f3-1024x555.jpg 1024w, https:\/\/www.mlkjlasers.com\/wp-content\/uploads\/2023\/05\/\u5143\u5b87\u5b99\u9759\u97f3-768x416.jpg 768w, https:\/\/www.mlkjlasers.com\/wp-content\/uploads\/2023\/05\/\u5143\u5b87\u5b99\u9759\u97f3-1536x832.jpg 1536w, https:\/\/www.mlkjlasers.com\/wp-content\/uploads\/2023\/05\/\u5143\u5b87\u5b99\u9759\u97f3-600x325.jpg 600w\" sizes=\"(max-width: 1920px) 100vw, 1920px\" \/><\/div>\n<div class=\"l right\" style=\"text-align: left;\">\n<div class=\"J_module\">\n<div data-section=\"AliMagic-1av7nm\" data-section-title=\"Handle display\"><\/div>\n<div id=\"ali-anchor-AliMagic-1av7nm\" class=\"magic-0\" data-section=\"AliMagic-1av7nm\" data-section-title=\"Handle display\"><span style=\"font-size: 14pt; font-family: helvetica, arial, sans-serif;\"><strong>Display de manija<\/strong><\/span><\/div>\n<div data-section=\"AliMagic-1av7nm\" data-section-title=\"Handle display\"><\/div>\n<\/div>\n<div class=\"J_module\">\n<div class=\"icbu-pc-images magic-1\">\n<div>\n<div class=\"flex-layout-v\">\n<div class=\"flex-layout-h magic-1\">\n<div class=\"magic-14\"><\/div>\n<div class=\"magic-14\"><\/div>\n<div class=\"magic-14\"><span style=\"font-size: 14pt; font-family: helvetica, arial, sans-serif;\"><img loading=\"lazy\" decoding=\"async\" class=\"aligncenter wp-image-1765\" src=\"https:\/\/mlkjlasers.com\/wp-content\/uploads\/2023\/07\/\u53cc\u624b\u67c4\u5e26\u9f3b\u6bdb\u5934-V19\u533b\u7597\u6b3e\u5ba3\u4f20\u518c7-10.jpg\" alt=\"\" width=\"1920\" height=\"1080\" srcset=\"https:\/\/www.mlkjlasers.com\/wp-content\/uploads\/2023\/07\/\u53cc\u624b\u67c4\u5e26\u9f3b\u6bdb\u5934-V19\u533b\u7597\u6b3e\u5ba3\u4f20\u518c7-10.jpg 1200w, https:\/\/www.mlkjlasers.com\/wp-content\/uploads\/2023\/07\/\u53cc\u624b\u67c4\u5e26\u9f3b\u6bdb\u5934-V19\u533b\u7597\u6b3e\u5ba3\u4f20\u518c7-10-300x169.jpg 300w, https:\/\/www.mlkjlasers.com\/wp-content\/uploads\/2023\/07\/\u53cc\u624b\u67c4\u5e26\u9f3b\u6bdb\u5934-V19\u533b\u7597\u6b3e\u5ba3\u4f20\u518c7-10-1024x576.jpg 1024w, https:\/\/www.mlkjlasers.com\/wp-content\/uploads\/2023\/07\/\u53cc\u624b\u67c4\u5e26\u9f3b\u6bdb\u5934-V19\u533b\u7597\u6b3e\u5ba3\u4f20\u518c7-10-768x432.jpg 768w, https:\/\/www.mlkjlasers.com\/wp-content\/uploads\/2023\/07\/\u53cc\u624b\u67c4\u5e26\u9f3b\u6bdb\u5934-V19\u533b\u7597\u6b3e\u5ba3\u4f20\u518c7-10-600x338.jpg 600w\" sizes=\"(max-width: 1920px) 100vw, 1920px\" \/><\/span><\/div>\n<div class=\"magic-14\"><\/div>\n<\/div>\n<\/div>\n<\/div>\n<div>\n<div class=\"J_module\">\n<div class=\"icbu-pc-images magic-1\">\n<div class=\"flex-layout-v\">\n<div class=\"flex-layout-h magic-1\">\n<div class=\"magic-2\">\n<div class=\"J_module\">\n<div class=\"detail-decorate-json-renderer-container\">\n<div class=\"magic-4\">\n<div class=\"magic-7\">\n<div class=\"magic-8\">\n<div class=\"magic-9\" data-spm-anchor-id=\"a2700.wholesale.0.i36.51814b4b15mO1L\"><span class=\"magic-10\" style=\"font-size: 14pt; font-family: helvetica, arial, sans-serif;\">1.Sin dolor. La punta de la pieza de mano se enfr\u00eda a -32C \u00b0, hace que el tratamiento sea c\u00f3modo y eficaz<\/span><\/div>\n<div class=\"magic-9\" data-spm-anchor-id=\"a2700.wholesale.0.i36.51814b4b15mO1L\"><span class=\"magic-10\" style=\"font-size: 14pt; font-family: helvetica, arial, sans-serif;\">Resultados del tratamiento 2.Early.2-3 sesiones de tratamiento pueden mostrar resultados permanentes <\/span><\/div>\n<div class=\"magic-9\" data-spm-anchor-id=\"a2700.wholesale.0.i36.51814b4b15mO1L\"><span class=\"magic-10\" style=\"font-size: 14pt; font-family: helvetica, arial, sans-serif;\">3.Virtualmente sin dolor contactado con zafiro incomparable c\u00f3modo y seguridad<\/span><\/div>\n<div data-spm-anchor-id=\"a2700.wholesale.0.i36.51814b4b15mO1L\"><span style=\"font-family: helvetica, arial, sans-serif; font-size: 14pt;\">4.Facial Punta Mejorado Alcance. Tratar f\u00e1cilmente las \u00e1reas que normalmente son dif\u00edciles de llegar, incluyendo los o\u00eddos, las fosas nasales y la glabela.<\/span><\/div>\n<\/div>\n<\/div>\n<\/div>\n<\/div>\n<\/div>\n<\/div>\n<\/div>\n<\/div>\n<\/div>\n<\/div>\n<\/div>\n<div>\n<div class=\"flex-layout-v\">\n<div class=\"flex-layout-h magic-1\">\n<div class=\"magic-14\"><span style=\"font-size: 14pt; font-family: helvetica, arial, sans-serif;\"><img loading=\"lazy\" decoding=\"async\" class=\"aligncenter wp-image-1768\" src=\"https:\/\/mlkjlasers.com\/wp-content\/uploads\/2023\/07\/\u53cc\u624b\u67c4\u5e26\u9f3b\u6bdb\u5934-V19\u533b\u7597\u6b3e\u5ba3\u4f20\u518c7-9.jpg\" alt=\"\" width=\"1920\" height=\"1080\" srcset=\"https:\/\/www.mlkjlasers.com\/wp-content\/uploads\/2023\/07\/\u53cc\u624b\u67c4\u5e26\u9f3b\u6bdb\u5934-V19\u533b\u7597\u6b3e\u5ba3\u4f20\u518c7-9.jpg 1200w, https:\/\/www.mlkjlasers.com\/wp-content\/uploads\/2023\/07\/\u53cc\u624b\u67c4\u5e26\u9f3b\u6bdb\u5934-V19\u533b\u7597\u6b3e\u5ba3\u4f20\u518c7-9-300x169.jpg 300w, https:\/\/www.mlkjlasers.com\/wp-content\/uploads\/2023\/07\/\u53cc\u624b\u67c4\u5e26\u9f3b\u6bdb\u5934-V19\u533b\u7597\u6b3e\u5ba3\u4f20\u518c7-9-1024x576.jpg 1024w, https:\/\/www.mlkjlasers.com\/wp-content\/uploads\/2023\/07\/\u53cc\u624b\u67c4\u5e26\u9f3b\u6bdb\u5934-V19\u533b\u7597\u6b3e\u5ba3\u4f20\u518c7-9-768x432.jpg 768w, https:\/\/www.mlkjlasers.com\/wp-content\/uploads\/2023\/07\/\u53cc\u624b\u67c4\u5e26\u9f3b\u6bdb\u5934-V19\u533b\u7597\u6b3e\u5ba3\u4f20\u518c7-9-600x338.jpg 600w\" sizes=\"(max-width: 1920px) 100vw, 1920px\" \/><\/span><\/div>\n<div><\/div>\n<\/div>\n<\/div>\n<\/div>\n<\/div>\n<\/div>\n<div class=\"J_module\">\n<div class=\"icbu-pc-images magic-1\">\n<div class=\"flex-layout-v\">\n<div class=\"flex-layout-h magic-1\">\n<div class=\"magic-16\"><span style=\"font-size: 14pt; font-family: helvetica, arial, sans-serif;\">Precio de la m\u00e1quina de depilaci\u00f3n l\u00e1ser 755\/808\/1064nm.<\/span><br \/>\n<span style=\"font-size: 14pt; font-family: helvetica, arial, sans-serif;\">&gt;  &gt; 808 longitudes de onda triples perfectas de onda \u00fanica o 755nm \/ 808nm \/ 1064nm<\/span><br \/>\n<span style=\"font-size: 14pt; font-family: helvetica, arial, sans-serif;\">&gt;  &gt; Emisor importado de Am\u00e9rica, energ\u00eda fuerte<\/span><br \/>\n<span style=\"font-size: 14pt; font-family: helvetica, arial, sans-serif;\">&gt;  &gt; 10\/12 piezas o 16 piezas Alemania Dilas barras l\u00e1ser originales, la potencia de 1200W \/ 1800W es capaz de satisfacer todas las demandas de depilaci\u00f3n en todo el cuerpo<\/span><\/div>\n<div><\/div>\n<\/div>\n<div>\n<div class=\"J_module\">\n<div class=\"icbu-pc-images magic-1\">\n<div>\n<div class=\"flex-layout-v\">\n<div class=\"flex-layout-h magic-1\">\n<div class=\"magic-18\"><\/div>\n<\/div>\n<\/div>\n<\/div>\n<\/div>\n<\/div>\n<div class=\"J_module\">\n<div class=\"detail-decorate-json-renderer-container\">\n<div class=\"magic-4\">\n<div class=\"magic-7\">\n<div class=\"magic-8\">\n<div><img loading=\"lazy\" decoding=\"async\" class=\"aligncenter size-full wp-image-2299\" src=\"https:\/\/www.mlkjlasers.com\/wp-content\/uploads\/2023\/08\/3\u4e2d\u95f4\u6a2a\u5e45-1920X600.png\" alt=\"\" width=\"1920\" height=\"600\" srcset=\"https:\/\/www.mlkjlasers.com\/wp-content\/uploads\/2023\/08\/3\u4e2d\u95f4\u6a2a\u5e45-1920X600.png 1920w, https:\/\/www.mlkjlasers.com\/wp-content\/uploads\/2023\/08\/3\u4e2d\u95f4\u6a2a\u5e45-1920X600-300x94.png 300w, https:\/\/www.mlkjlasers.com\/wp-content\/uploads\/2023\/08\/3\u4e2d\u95f4\u6a2a\u5e45-1920X600-1024x320.png 1024w, https:\/\/www.mlkjlasers.com\/wp-content\/uploads\/2023\/08\/3\u4e2d\u95f4\u6a2a\u5e45-1920X600-768x240.png 768w, https:\/\/www.mlkjlasers.com\/wp-content\/uploads\/2023\/08\/3\u4e2d\u95f4\u6a2a\u5e45-1920X600-1536x480.png 1536w, https:\/\/www.mlkjlasers.com\/wp-content\/uploads\/2023\/08\/3\u4e2d\u95f4\u6a2a\u5e45-1920X600-600x188.png 600w\" sizes=\"(max-width: 1920px) 100vw, 1920px\" \/><\/div>\n<div><\/div>\n<div class=\"magic-9\"><span style=\"font-family: helvetica, arial, sans-serif; font-size: 14pt;\">&gt;  &gt; La frecuencia r\u00e1pida de 1-10Hz y el tama\u00f1o del punto de 15x25mm aseguran un tratamiento m\u00e1s r\u00e1pido, suave y eficaz<\/span><br \/>\n<span style=\"font-family: helvetica, arial, sans-serif; font-size: 14pt;\">&gt;  &gt; Sistema de enfriamiento t\u00e1ctil de safiro super garantiza un tratamiento indolor y c\u00f3modo<\/span><br \/>\n<span style=\"font-family: helvetica, arial, sans-serif; font-size: 14pt;\">&gt;  &gt; Italia import\u00f3 bomba de agua inoxidable, puede mantener la m\u00e1quina trabajando mucho tiempo sin detenerse. Aseg\u00farese de que el calor se elimine r\u00e1pidamente.<\/span><br \/>\n<span style=\"font-family: helvetica, arial, sans-serif; font-size: 14pt;\">&gt;  &gt; Dos filtros para mantener la calidad del agua<\/span><br \/>\n<span style=\"font-family: helvetica, arial, sans-serif; font-size: 14pt;\">&gt;  &gt; Enfriamiento del compresor Enfriamiento del aire Enfriamiento del agua Enfriamiento del semiconductor, mantenga la temperatura del agua -32 \u2103 todo el tiempo<\/span><\/div>\n<\/div>\n<\/div>\n<\/div>\n<div class=\"magic-4\">\n<div><\/div>\n<div><span style=\"font-size: 14pt; font-family: helvetica, arial, sans-serif;\"><strong>MLKJ LASER Tecnolog\u00eda innovadora, t<\/strong>\u00e9l\u00a0<strong>ruido de funcionamiento<\/strong>\u00a0Es muy bajo, bajo\u00a0<strong>60<\/strong>\u00a0decibelos.<\/span><\/div>\n<div><\/div>\n<\/div>\n<div class=\"magic-4\">\n<div><\/div>\n<div class=\"magic-7\">\n<div class=\"magic-8\">\n<div><span style=\"font-size: 14pt; font-family: helvetica, arial, sans-serif;\"><img loading=\"lazy\" decoding=\"async\" class=\"wp-image-1932 aligncenter\" src=\"https:\/\/mlkjlasers.com\/wp-content\/uploads\/2023\/07\/\u8131\u6bdb\u8fc7\u7a0b\u56fe.jpg\" alt=\"\" width=\"1569\" height=\"629\" srcset=\"https:\/\/www.mlkjlasers.com\/wp-content\/uploads\/2023\/07\/\u8131\u6bdb\u8fc7\u7a0b\u56fe.jpg 840w, https:\/\/www.mlkjlasers.com\/wp-content\/uploads\/2023\/07\/\u8131\u6bdb\u8fc7\u7a0b\u56fe-300x120.jpg 300w, https:\/\/www.mlkjlasers.com\/wp-content\/uploads\/2023\/07\/\u8131\u6bdb\u8fc7\u7a0b\u56fe-768x308.jpg 768w, https:\/\/www.mlkjlasers.com\/wp-content\/uploads\/2023\/07\/\u8131\u6bdb\u8fc7\u7a0b\u56fe-600x241.jpg 600w\" sizes=\"(max-width: 1569px) 100vw, 1569px\" \/><\/span><\/div>\n<div class=\"magic-9\">\n<div><\/div>\n<\/div>\n<\/div>\n<\/div>\n<\/div>\n<\/div>\n<\/div>\n<\/div>\n<div class=\"flex-layout-h magic-1\">\n<div><span style=\"font-size: 14pt; font-family: helvetica, arial, sans-serif;\"><img loading=\"lazy\" decoding=\"async\" class=\"magic-23 aligncenter\" src=\"https:\/\/sc04.alicdn.com\/kf\/H8fb22db20fa24727a7b7781a7ff90a2eO\/200225979\/H8fb22db20fa24727a7b7781a7ff90a2eO.jpg\" width=\"1552\" height=\"300\" data-src=\"\/\/sc04.alicdn.com\/kf\/H8fb22db20fa24727a7b7781a7ff90a2eO\/200225979\/H8fb22db20fa24727a7b7781a7ff90a2eO.jpg\" \/><\/span><\/div>\n<div><\/div>\n<\/div>\n<\/div>\n<\/div>\n<\/div>\n<\/div>\n<\/div>\n<div class=\"des_detail\">\n<div class=\"des_detail\">\n<h4 style=\"text-align: left;\"><span style=\"font-size: 14pt; font-family: helvetica, arial, sans-serif;\">Pantalla 4K de 14 pulgadas, experiencia t\u00e1ctil inteligente<\/span><\/h4>\n<pre style=\"text-align: left;\"><span style=\"font-size: 14pt; font-family: helvetica, arial, sans-serif;\">* 6 estilos de piel para elegir\n * F\u00e1cil de operar proporcionando habilidades de operaci\u00f3n \/ servicios de ense\u00f1anza\n * El logotipo y el idioma gratis se pueden personalizar en la pantalla\r\n<\/span><\/pre>\n<div class=\"img_b\">\n<p><span style=\"font-size: 14pt; font-family: helvetica, arial, sans-serif;\"><img loading=\"lazy\" decoding=\"async\" class=\"aligncenter wp-image-2247\" src=\"https:\/\/mlkjlasers.com\/wp-content\/uploads\/2023\/08\/photobank.jpg\" alt=\"\" width=\"1920\" height=\"1280\" srcset=\"https:\/\/www.mlkjlasers.com\/wp-content\/uploads\/2023\/08\/photobank.jpg 1200w, https:\/\/www.mlkjlasers.com\/wp-content\/uploads\/2023\/08\/photobank-300x200.jpg 300w, https:\/\/www.mlkjlasers.com\/wp-content\/uploads\/2023\/08\/photobank-1024x683.jpg 1024w, https:\/\/www.mlkjlasers.com\/wp-content\/uploads\/2023\/08\/photobank-768x512.jpg 768w, https:\/\/www.mlkjlasers.com\/wp-content\/uploads\/2023\/08\/photobank-600x400.jpg 600w\" sizes=\"(max-width: 1920px) 100vw, 1920px\" \/><\/span><\/p>\n<p><span style=\"font-size: 14pt;\"><strong>Antes y despu\u00e9s<\/strong><\/span><\/p>\n<\/div>\n<p>&nbsp;<\/p>\n<\/div>\n<\/div>\n<p><img loading=\"lazy\" decoding=\"async\" class=\"aligncenter size-full wp-image-3106\" src=\"https:\/\/www.mlkjlasers.com\/wp-content\/uploads\/2024\/06\/8.jpg\" alt=\"\" width=\"1920\" height=\"1080\" srcset=\"https:\/\/www.mlkjlasers.com\/wp-content\/uploads\/2024\/06\/8.jpg 1920w, https:\/\/www.mlkjlasers.com\/wp-content\/uploads\/2024\/06\/8-300x169.jpg 300w, https:\/\/www.mlkjlasers.com\/wp-content\/uploads\/2024\/06\/8-1024x576.jpg 1024w, https:\/\/www.mlkjlasers.com\/wp-content\/uploads\/2024\/06\/8-768x432.jpg 768w, https:\/\/www.mlkjlasers.com\/wp-content\/uploads\/2024\/06\/8-1536x864.jpg 1536w, https:\/\/www.mlkjlasers.com\/wp-content\/uploads\/2024\/06\/8-600x338.jpg 600w\" sizes=\"(max-width: 1920px) 100vw, 1920px\" \/><\/p>\n<p><span style=\"font-size: 14pt; font-family: helvetica, arial, sans-serif; color: #000000;\">Fabricante de instrumentos de belleza durante 15 a\u00f1os, tiene certificados FDA, CE, ISO13485.<\/span><br \/>\n<span style=\"font-size: 14pt; font-family: helvetica, arial, sans-serif; color: #000000;\">\u00a1Estamos comprometidos a facilitar su negocio de belleza!<\/span><br \/>\n<span style=\"font-family: helvetica, arial, sans-serif; font-size: 14pt;\"><a href=\"https:\/\/www.mlkjlasers.com\/es\/contact-us\/\"><span style=\"color: #0000ff;\">Bienvenido a contactarnos para m\u00e1s soluciones de cooperaci\u00f3n!<\/span><\/a><\/span><\/p>\n<p>&nbsp;<\/p>","protected":false},"excerpt":{"rendered":"<p><span style=\"font-family: helvetica, arial, sans-serif; font-size: 14pt;\">MLKJ Mejor m\u00e1quina de depilaci\u00f3n l\u00e1ser comercial.<\/span><\/p>\n<p><span style=\"font-size: 14pt; font-family: helvetica, arial, sans-serif; color: #000000;\">Fabricante de instrumentos de belleza durante 15 a\u00f1os, tiene certificados FDA, CE, ISO13485.<\/span><\/p>\n<p><span style=\"font-size: 14pt; font-family: helvetica, arial, sans-serif; color: #000000;\">\u00a1Estamos comprometidos a facilitar su negocio de belleza!<\/span><\/p>\n<p><span style=\"font-family: helvetica, arial, sans-serif; font-size: 14pt;\"><a href=\"https:\/\/www.mlkjlasers.com\/es\/contact-us\/\"><span style=\"color: #0000ff;\">Bienvenido a contactarnos para m\u00e1s soluciones de cooperaci\u00f3n!<\/span><\/a><\/span><\/p>","protected":false},"featured_media":2243,"comment_status":"open","ping_status":"closed","template":"","meta":[],"product_cat":[15],"product_tag":[],"class_list":["post-2238","product","type-product","status-publish","has-post-thumbnail","hentry","product_cat-diode-laser-hair-removal-machine"],"_links":{"self":[{"href":"https:\/\/www.mlkjlasers.com\/es\/wp-json\/wp\/v2\/product\/2238","targetHints":{"allow":["GET"]}}],"collection":[{"href":"https:\/\/www.mlkjlasers.com\/es\/wp-json\/wp\/v2\/product"}],"about":[{"href":"https:\/\/www.mlkjlasers.com\/es\/wp-json\/wp\/v2\/types\/product"}],"replies":[{"embeddable":true,"href":"https:\/\/www.mlkjlasers.com\/es\/wp-json\/wp\/v2\/comments?post=2238"}],"wp:featuredmedia":[{"embeddable":true,"href":"https:\/\/www.mlkjlasers.com\/es\/wp-json\/wp\/v2\/media\/2243"}],"wp:attachment":[{"href":"https:\/\/www.mlkjlasers.com\/es\/wp-json\/wp\/v2\/media?parent=2238"}],"wp:term":[{"taxonomy":"product_cat","embeddable":true,"href":"https:\/\/www.mlkjlasers.com\/es\/wp-json\/wp\/v2\/product_cat?post=2238"},{"taxonomy":"product_tag","embeddable":true,"href":"https:\/\/www.mlkjlasers.com\/es\/wp-json\/wp\/v2\/product_tag?post=2238"}],"curies":[{"name":"wp","href":"https:\/\/api.w.org\/{rel}","templated":true}]}}