{"id":2334,"date":"2023-08-28T09:23:34","date_gmt":"2023-08-28T01:23:34","guid":{"rendered":"https:\/\/mlkjlasers.com\/?post_type=product&#038;p=2334"},"modified":"2026-01-27T15:14:58","modified_gmt":"2026-01-27T07:14:58","slug":"new-technology-fat-removal-ems-body-tightening-machines-lose-weight-machine-sculpting-ems-body-device-stimulator","status":"publish","type":"product","link":"https:\/\/www.mlkjlasers.com\/es\/product\/new-technology-fat-removal-ems-body-tightening-machines-lose-weight-machine-sculpting-ems-body-device-stimulator\/","title":{"rendered":"M\u00e1quina de escultura de grasa del estimulador del edificio muscular port\u00e1til de la p\u00e9rdida de peso 4 manijas 16 Tesla"},"content":{"rendered":"<div class=\"J_module\">\n<div class=\"icbu-pc-images magic-0\">\n<div>\n<div class=\"flex-layout-v\">\n<div class=\"flex-layout-h magic-0\">\n<div class=\"magic-1\"><span style=\"color: #000000; font-size: 14pt; font-family: helvetica, arial, sans-serif;\"><img fetchpriority=\"high\" decoding=\"async\" class=\"size-full wp-image-3747\" src=\"https:\/\/www.mlkjlasers.com\/wp-content\/uploads\/2026\/01\/\u4fbf\u643a\u56db-7.jpg\" alt=\"\" width=\"1920\" height=\"1080\" srcset=\"https:\/\/www.mlkjlasers.com\/wp-content\/uploads\/2026\/01\/\u4fbf\u643a\u56db-7.jpg 1920w, https:\/\/www.mlkjlasers.com\/wp-content\/uploads\/2026\/01\/\u4fbf\u643a\u56db-7-300x169.jpg 300w, https:\/\/www.mlkjlasers.com\/wp-content\/uploads\/2026\/01\/\u4fbf\u643a\u56db-7-1024x576.jpg 1024w, https:\/\/www.mlkjlasers.com\/wp-content\/uploads\/2026\/01\/\u4fbf\u643a\u56db-7-768x432.jpg 768w, https:\/\/www.mlkjlasers.com\/wp-content\/uploads\/2026\/01\/\u4fbf\u643a\u56db-7-1536x864.jpg 1536w, https:\/\/www.mlkjlasers.com\/wp-content\/uploads\/2026\/01\/\u4fbf\u643a\u56db-7-18x10.jpg 18w, https:\/\/www.mlkjlasers.com\/wp-content\/uploads\/2026\/01\/\u4fbf\u643a\u56db-7-600x338.jpg 600w\" sizes=\"(max-width: 1920px) 100vw, 1920px\" \/><\/span><\/div>\n<\/div>\n<\/div>\n<\/div>\n<\/div>\n<\/div>\n<div class=\"J_module\">\n<div class=\"detail-decorate-json-renderer-container\">\n<div class=\"magic-3\">\n<div class=\"magic-4\">\n<div class=\"magic-5\">\n<div class=\"magic-6\">\n<div class=\"magic-7\" style=\"text-align: left;\"><span style=\"font-size: 14pt;\"><b>Construir m\u00fasculo<\/b><\/span><br \/>\n<span style=\"font-size: 14pt;\">Los m\u00fasculos se contraen 30.000 veces a alta frecuencia e intensidad, lo que permite el entrenamiento y el aumento de la densidad muscular y el volumen.<\/span><br \/>\n<span style=\"font-size: 14pt;\"><b>Reducir la grasa<\/b><\/span><br \/>\n<span style=\"font-size: 14pt;\">La contracci\u00f3n final de los m\u00fasculos requiere una gran cantidad de suministro de energ\u00eda, por lo que las c\u00e9lulas grasas junto a los m\u00fasculos tambi\u00e9n se consumen, lo que conduce a la apoptosis natural y la reducci\u00f3n efectiva de la grasa.<\/span><br \/>\n<span style=\"font-size: 14pt;\"><b>Escultura muscular<\/b><\/span><br \/>\n<span style=\"font-size: 14pt;\">Ejercitar los m\u00fasculos abdominales y gl\u00fateos, entrenar los m\u00fasculos oblicuos del abdomen y dar forma a la l\u00ednea de sirena.<\/span><\/div>\n<div style=\"text-align: left;\"><span style=\"font-size: 14pt;\"><img decoding=\"async\" class=\"aligncenter size-full wp-image-3750\" src=\"https:\/\/www.mlkjlasers.com\/wp-content\/uploads\/2026\/01\/\u4fbf\u643a\u56db-11.jpg\" alt=\"\" width=\"1920\" height=\"1080\" srcset=\"https:\/\/www.mlkjlasers.com\/wp-content\/uploads\/2026\/01\/\u4fbf\u643a\u56db-11.jpg 1920w, https:\/\/www.mlkjlasers.com\/wp-content\/uploads\/2026\/01\/\u4fbf\u643a\u56db-11-300x169.jpg 300w, https:\/\/www.mlkjlasers.com\/wp-content\/uploads\/2026\/01\/\u4fbf\u643a\u56db-11-1024x576.jpg 1024w, https:\/\/www.mlkjlasers.com\/wp-content\/uploads\/2026\/01\/\u4fbf\u643a\u56db-11-768x432.jpg 768w, https:\/\/www.mlkjlasers.com\/wp-content\/uploads\/2026\/01\/\u4fbf\u643a\u56db-11-1536x864.jpg 1536w, https:\/\/www.mlkjlasers.com\/wp-content\/uploads\/2026\/01\/\u4fbf\u643a\u56db-11-18x10.jpg 18w, https:\/\/www.mlkjlasers.com\/wp-content\/uploads\/2026\/01\/\u4fbf\u643a\u56db-11-600x338.jpg 600w\" sizes=\"(max-width: 1920px) 100vw, 1920px\" \/><\/span><\/div>\n<div><\/div>\n<div class=\"magic-7\"><span class=\"magic-8\" style=\"color: #000000; font-size: 14pt; font-family: helvetica, arial, sans-serif;\">Super f\u00e1cil de perder peso! <\/span><\/div>\n<div class=\"magic-7\"><span class=\"magic-8\" style=\"color: #000000; font-size: 14pt; font-family: helvetica, arial, sans-serif;\"> Todo lo que necesita es una m\u00e1quina de formaci\u00f3n muscular RF de alta resistencia<\/span><\/div>\n<\/div>\n<div><span style=\"font-size: 14pt;\"><img decoding=\"async\" class=\"size-full wp-image-3749 alignleft\" src=\"https:\/\/www.mlkjlasers.com\/wp-content\/uploads\/2026\/01\/\u4fbf\u643a\u56db-10.jpg\" alt=\"\" width=\"1920\" height=\"1080\" srcset=\"https:\/\/www.mlkjlasers.com\/wp-content\/uploads\/2026\/01\/\u4fbf\u643a\u56db-10.jpg 1920w, https:\/\/www.mlkjlasers.com\/wp-content\/uploads\/2026\/01\/\u4fbf\u643a\u56db-10-300x169.jpg 300w, https:\/\/www.mlkjlasers.com\/wp-content\/uploads\/2026\/01\/\u4fbf\u643a\u56db-10-1024x576.jpg 1024w, https:\/\/www.mlkjlasers.com\/wp-content\/uploads\/2026\/01\/\u4fbf\u643a\u56db-10-768x432.jpg 768w, https:\/\/www.mlkjlasers.com\/wp-content\/uploads\/2026\/01\/\u4fbf\u643a\u56db-10-1536x864.jpg 1536w, https:\/\/www.mlkjlasers.com\/wp-content\/uploads\/2026\/01\/\u4fbf\u643a\u56db-10-18x10.jpg 18w, https:\/\/www.mlkjlasers.com\/wp-content\/uploads\/2026\/01\/\u4fbf\u643a\u56db-10-600x338.jpg 600w\" sizes=\"(max-width: 1920px) 100vw, 1920px\" \/><\/span><\/div>\n<\/div>\n<\/div>\n<\/div>\n<\/div>\n<\/div>\n<div class=\"J_module\">\n<div class=\"icbu-pc-images magic-0\">\n<div>\n<div class=\"flex-layout-v\">\n<div class=\"flex-layout-h magic-0\">\n<div class=\"magic-9\"><span style=\"font-size: 14pt;\"><b style=\"color: #000000; font-family: helvetica, arial, sans-serif;\">\u00bfC\u00f3mo funciona esta m\u00e1quina?<\/b><\/span><\/div>\n<\/div>\n<\/div>\n<\/div>\n<\/div>\n<\/div>\n<div class=\"J_module\">\n<div class=\"detail-decorate-json-renderer-container\">\n<div class=\"magic-3\">\n<div class=\"magic-4\">\n<div class=\"magic-5\">\n<div class=\"magic-6\" style=\"text-align: left;\"><span class=\"magic-11\" style=\"color: #000000; font-size: 14pt; font-family: helvetica, arial, sans-serif;\">Adopta electromagn\u00e9tico pulsado de alta intensidad para construir m\u00fasculo y tonos para el abdomen, los brazos, las piernas y las nalgas.<br \/>\n<\/span><\/div>\n<div style=\"text-align: left;\"><span style=\"font-size: 14pt;\">En el trabajo diario, cuando la manija act\u00faa sobre diferentes partes de diferentes clientes, se requieren diferentes par\u00e1metros. Cada manija puede ajustar los par\u00e1metros de forma independiente, satisfaciendo perfectamente los diferentes requisitos energ\u00e9ticos de diferentes partes cuando las manijas trabajan al mismo tiempo.<\/span><\/div>\n<div><span style=\"font-size: 14pt;\"><img loading=\"lazy\" decoding=\"async\" class=\"aligncenter size-full wp-image-3751\" src=\"https:\/\/www.mlkjlasers.com\/wp-content\/uploads\/2026\/01\/\u4fbf\u643a\u56db-12.jpg\" alt=\"\" width=\"1920\" height=\"1080\" srcset=\"https:\/\/www.mlkjlasers.com\/wp-content\/uploads\/2026\/01\/\u4fbf\u643a\u56db-12.jpg 1920w, https:\/\/www.mlkjlasers.com\/wp-content\/uploads\/2026\/01\/\u4fbf\u643a\u56db-12-300x169.jpg 300w, https:\/\/www.mlkjlasers.com\/wp-content\/uploads\/2026\/01\/\u4fbf\u643a\u56db-12-1024x576.jpg 1024w, https:\/\/www.mlkjlasers.com\/wp-content\/uploads\/2026\/01\/\u4fbf\u643a\u56db-12-768x432.jpg 768w, https:\/\/www.mlkjlasers.com\/wp-content\/uploads\/2026\/01\/\u4fbf\u643a\u56db-12-1536x864.jpg 1536w, https:\/\/www.mlkjlasers.com\/wp-content\/uploads\/2026\/01\/\u4fbf\u643a\u56db-12-18x10.jpg 18w, https:\/\/www.mlkjlasers.com\/wp-content\/uploads\/2026\/01\/\u4fbf\u643a\u56db-12-600x338.jpg 600w\" sizes=\"(max-width: 1920px) 100vw, 1920px\" \/><\/span><\/div>\n<\/div>\n<div style=\"text-align: left;\"><span style=\"font-size: 14pt;\">Funcionalidad Multimodo &#8211; Varios niveles de intensidad para tratamientos personalizados.<\/span><br \/>\n<span style=\"font-size: 14pt;\">R\u00e1pido &amp; Resultados visibles &#8211; Siente la diferencia en unas pocas sesiones.<\/span><br \/>\n<span style=\"font-size: 14pt;\">Seguridad &amp; No invasivo &#8211; Sin cirug\u00eda, sin tiempo de inactividad, sin dolor.<\/span><br \/>\n<span style=\"font-size: 14pt;\">Uso de cuerpo completo &#8211; Funciona en los abdominales, brazos, muslos, gl\u00fateos y m\u00e1s.<\/span><br \/>\n<span style=\"font-size: 14pt;\">&amp; port\u00e1tiles F\u00e1cil de usar &#8211; Perfecto para salones, cl\u00ednicas o uso dom\u00e9stico.<\/span><\/div>\n<div><span style=\"font-size: 14pt;\"><img loading=\"lazy\" decoding=\"async\" class=\"aligncenter size-full wp-image-3753\" src=\"https:\/\/www.mlkjlasers.com\/wp-content\/uploads\/2026\/01\/\u4fbf\u643a\u56db-14.jpg\" alt=\"\" width=\"1920\" height=\"1080\" srcset=\"https:\/\/www.mlkjlasers.com\/wp-content\/uploads\/2026\/01\/\u4fbf\u643a\u56db-14.jpg 1920w, https:\/\/www.mlkjlasers.com\/wp-content\/uploads\/2026\/01\/\u4fbf\u643a\u56db-14-300x169.jpg 300w, https:\/\/www.mlkjlasers.com\/wp-content\/uploads\/2026\/01\/\u4fbf\u643a\u56db-14-1024x576.jpg 1024w, https:\/\/www.mlkjlasers.com\/wp-content\/uploads\/2026\/01\/\u4fbf\u643a\u56db-14-768x432.jpg 768w, https:\/\/www.mlkjlasers.com\/wp-content\/uploads\/2026\/01\/\u4fbf\u643a\u56db-14-1536x864.jpg 1536w, https:\/\/www.mlkjlasers.com\/wp-content\/uploads\/2026\/01\/\u4fbf\u643a\u56db-14-18x10.jpg 18w, https:\/\/www.mlkjlasers.com\/wp-content\/uploads\/2026\/01\/\u4fbf\u643a\u56db-14-600x338.jpg 600w\" sizes=\"(max-width: 1920px) 100vw, 1920px\" \/><\/span><\/div>\n<div>\n<article class=\"4ever-article\"><strong><span style=\"font-size: 14pt;\" data-type=\"text\">Puntos de venta del dispositivo de adelgazamiento magn\u00e9tico de 4 manijas<\/span><\/strong><\/article>\n<article class=\"4ever-article\"><span style=\"font-size: 14pt;\">1.Cuatro manijas trabajando simult\u00e1neamente - Doble la eficiencia Tratar m\u00faltiples \u00e1reas a la vez (por ejemplo, abdomen muslos brazos nalgas). Ahorra tiempo por sesi\u00f3n y mejora la rotaci\u00f3n de clientes, perfecto para cl\u00ednicas ocupadas.<\/span><\/article>\n<article><\/article>\n<article class=\"4ever-article\"><span style=\"font-size: 14pt;\">2. Control independiente - tratamientos a medida Cada mango funciona de forma independiente con ajustes ajustables para la intensidad y el modo. Personalizado para diferentes \u00e1reas del cuerpo y objetivos: reducci\u00f3n de grasa, tonificaci\u00f3n o construcci\u00f3n muscular.<\/span><\/article>\n<article><\/article>\n<article class=\"4ever-article\"><span style=\"font-size: 14pt;\">Contorno de cuerpo completo - un dispositivo, soluci\u00f3n total Cubre el abdomen, los brazos, los muslos, las nalgas y m\u00e1s. Ofrece una soluci\u00f3n completa de escultura para aumentar la satisfacci\u00f3n y retenci\u00f3n del cliente.<\/span><\/article>\n<article><\/article>\n<article class=\"4ever-article\"><span style=\"font-size: 14pt;\">4.Eficiente &amp; Una sesi\u00f3n se dirige a m\u00faltiples zonas: menos esfuerzo manual, m\u00e1s automatizaci\u00f3n. Aumenta la eficiencia del personal y reduce los costos operativos.<\/span><\/article>\n<article><\/article>\n<article class=\"4ever-article\"><span style=\"font-size: 14pt;\">5. uso de doble persona - maximizar los ingresos Dos clientes pueden ser tratados al mismo tiempo. Ideal para horas pico, paquetes promocionales o tratamientos para parejas o grupos.<\/span><\/article>\n<article><\/article>\n<article class=\"4ever-article\"><span style=\"font-size: 14pt;\">6. Apelaci\u00f3n de alta tecnolog\u00eda - experiencia del cliente premium Dise\u00f1o elegante con efectos LED y controles de pantalla t\u00e1ctil mejora el valor percibido. Proyecta una imagen moderna y profesional que eleva el posicionamiento de su marca.<\/span><\/article>\n<\/div>\n<\/div>\n<\/div>\n<\/div>\n<\/div>\n<div class=\"J_module\">\n<div class=\"detail-decorate-json-renderer-container\">\n<div class=\"magic-3\">\n<div class=\"magic-4\">\n<div class=\"magic-5\">\n<div class=\"magic-6\">\n<div class=\"magic-7\"><\/div>\n<\/div>\n<\/div>\n<\/div>\n<\/div>\n<\/div>\n<\/div>\n<div class=\"J_module\">\n<div class=\"icbu-pc-images magic-0\">\n<div class=\"flex-layout-v\">\n<div class=\"flex-layout-h magic-0\">\n<div class=\"magic-23\"><\/div>\n<\/div>\n<\/div>\n<\/div>\n<\/div>\n<div class=\"J_module\">\n<div class=\"icbu-pc-images magic-0\">\n<div>\n<div class=\"flex-layout-v\">\n<div class=\"flex-layout-h magic-0\">\n<div class=\"magic-24\"><\/div>\n<\/div>\n<\/div>\n<\/div>\n<\/div>\n<\/div>\n<div class=\"J_module\">\n<div class=\"detail-decorate-json-renderer-container\">\n<div class=\"magic-3\">\n<div class=\"magic-4\">\n<div class=\"magic-5\">\n<div class=\"magic-6\">\n<div class=\"magic-7\">\n<div><span style=\"font-size: 14pt;\"><img loading=\"lazy\" decoding=\"async\" class=\"aligncenter size-full wp-image-3752\" src=\"https:\/\/www.mlkjlasers.com\/wp-content\/uploads\/2026\/01\/\u4fbf\u643a\u56db-13.jpg\" alt=\"\" width=\"1920\" height=\"1080\" srcset=\"https:\/\/www.mlkjlasers.com\/wp-content\/uploads\/2026\/01\/\u4fbf\u643a\u56db-13.jpg 1920w, https:\/\/www.mlkjlasers.com\/wp-content\/uploads\/2026\/01\/\u4fbf\u643a\u56db-13-300x169.jpg 300w, https:\/\/www.mlkjlasers.com\/wp-content\/uploads\/2026\/01\/\u4fbf\u643a\u56db-13-1024x576.jpg 1024w, https:\/\/www.mlkjlasers.com\/wp-content\/uploads\/2026\/01\/\u4fbf\u643a\u56db-13-768x432.jpg 768w, https:\/\/www.mlkjlasers.com\/wp-content\/uploads\/2026\/01\/\u4fbf\u643a\u56db-13-1536x864.jpg 1536w, https:\/\/www.mlkjlasers.com\/wp-content\/uploads\/2026\/01\/\u4fbf\u643a\u56db-13-18x10.jpg 18w, https:\/\/www.mlkjlasers.com\/wp-content\/uploads\/2026\/01\/\u4fbf\u643a\u56db-13-600x338.jpg 600w\" sizes=\"(max-width: 1920px) 100vw, 1920px\" \/><\/span><\/div>\n<div class=\"magic-7\"><\/div>\n<div style=\"text-align: left;\"><span style=\"font-size: 14pt;\"><b style=\"color: #000000; font-family: helvetica, arial, sans-serif; text-align: left;\">Eliminaci\u00f3n de grasa<\/b><\/span><\/div>\n<\/div>\n<\/div>\n<\/div>\n<\/div>\n<\/div>\n<\/div>\n<\/div>\n<div class=\"J_module\">\n<div class=\"detail-decorate-json-renderer-container\">\n<div class=\"magic-3\">\n<div class=\"magic-4\">\n<div class=\"magic-5\">\n<div class=\"magic-6\" style=\"text-align: left;\"><span style=\"color: #000000; font-size: 14pt; font-family: helvetica, arial, sans-serif;\">La construcci\u00f3n muscular mejora la liberaci\u00f3n de epinefrina, lo que trae un efecto obvio que conduce a la lip\u00f3lisis supram\u00e1xima en las c\u00e9lulas grasas.<\/span><\/div>\n<div class=\"magic-6\" style=\"text-align: left;\"><span style=\"color: #000000; font-size: 14pt; font-family: helvetica, arial, sans-serif;\"><b>Circulaci\u00f3n de la mejora linf\u00e1tica<\/b><\/span><br \/>\n<span style=\"color: #000000; font-size: 14pt; font-family: helvetica, arial, sans-serif;\">Las ondas electromagn\u00e9ticas estimulan la hemoglobina, aumentan el flujo sangu\u00edneo, la circulaci\u00f3n linf\u00e1tica. El procedimiento aumenta que las c\u00e9lulas grasas muertas se eliminan de forma natural.<\/span><\/div>\n<div class=\"magic-6\" style=\"text-align: left;\"><span style=\"color: #000000; font-size: 14pt; font-family: helvetica, arial, sans-serif;\"><b>Alta Intensidad<\/b><\/span><br \/>\n<span style=\"color: #000000; font-size: 14pt; font-family: helvetica, arial, sans-serif;\">Tesla se basa en la energ\u00eda magn\u00e9tica de alta intensidad, que podr\u00eda cubrir los grandes m\u00fasculos esquel\u00e9ticos del cuerpo humano, y este alto nivel de energ\u00eda permite la respuesta muscular con una remodelaci\u00f3n profunda de su estructura interna.<\/span><\/div>\n<\/div>\n<\/div>\n<\/div>\n<\/div>\n<\/div>\n<div class=\"J_module\">\n<div class=\"detail-decorate-json-renderer-container\">\n<div class=\"magic-3\">\n<div class=\"magic-4\">\n<div class=\"magic-5\">\n<div class=\"magic-6\"><span style=\"font-size: 14pt;\"><img loading=\"lazy\" decoding=\"async\" class=\"aligncenter size-full wp-image-3748\" src=\"https:\/\/www.mlkjlasers.com\/wp-content\/uploads\/2026\/01\/\u4fbf\u643a\u56db-8.jpg\" alt=\"\" width=\"1920\" height=\"1080\" srcset=\"https:\/\/www.mlkjlasers.com\/wp-content\/uploads\/2026\/01\/\u4fbf\u643a\u56db-8.jpg 1920w, https:\/\/www.mlkjlasers.com\/wp-content\/uploads\/2026\/01\/\u4fbf\u643a\u56db-8-300x169.jpg 300w, https:\/\/www.mlkjlasers.com\/wp-content\/uploads\/2026\/01\/\u4fbf\u643a\u56db-8-1024x576.jpg 1024w, https:\/\/www.mlkjlasers.com\/wp-content\/uploads\/2026\/01\/\u4fbf\u643a\u56db-8-768x432.jpg 768w, https:\/\/www.mlkjlasers.com\/wp-content\/uploads\/2026\/01\/\u4fbf\u643a\u56db-8-1536x864.jpg 1536w, https:\/\/www.mlkjlasers.com\/wp-content\/uploads\/2026\/01\/\u4fbf\u643a\u56db-8-18x10.jpg 18w, https:\/\/www.mlkjlasers.com\/wp-content\/uploads\/2026\/01\/\u4fbf\u643a\u56db-8-600x338.jpg 600w\" sizes=\"(max-width: 1920px) 100vw, 1920px\" \/><\/span><\/div>\n<div><span style=\"font-size: 14pt;\"><b class=\"magic-19\" style=\"color: #000000; font-family: helvetica, arial, sans-serif;\"><span class=\"magic-11\"><span class=\"magic-20\">Pantalla HD de 14K, par\u00e1metros del sistema masculino y femenino preestablecidos m\u00e1s convenientes<\/span><\/span><\/b><\/span><\/div>\n<\/div>\n<\/div>\n<\/div>\n<\/div>\n<\/div>\n<div class=\"J_module\">\n<div id=\"ali-anchor-AliMagic-3dz5fi\" class=\"magic-15\" data-section=\"AliMagic-3dz5fi\" data-section-title=\"Packing &amp; Delivery\">\n<div class=\"magic-7\"><span style=\"color: #000000; font-size: 14pt; font-family: helvetica, arial, sans-serif;\"><b class=\"magic-19\"><span class=\"magic-11\"><span class=\"magic-20\">Innovador dise\u00f1o de inicio con un solo clic<\/span><\/span><\/b><\/span><\/div>\n<div><img loading=\"lazy\" decoding=\"async\" class=\"aligncenter size-full wp-image-3735\" src=\"https:\/\/www.mlkjlasers.com\/wp-content\/uploads\/2026\/01\/\u4fbf\u643a\u53cc-7.jpg\" alt=\"\" width=\"1920\" height=\"1080\" srcset=\"https:\/\/www.mlkjlasers.com\/wp-content\/uploads\/2026\/01\/\u4fbf\u643a\u53cc-7.jpg 1920w, https:\/\/www.mlkjlasers.com\/wp-content\/uploads\/2026\/01\/\u4fbf\u643a\u53cc-7-300x169.jpg 300w, https:\/\/www.mlkjlasers.com\/wp-content\/uploads\/2026\/01\/\u4fbf\u643a\u53cc-7-1024x576.jpg 1024w, https:\/\/www.mlkjlasers.com\/wp-content\/uploads\/2026\/01\/\u4fbf\u643a\u53cc-7-768x432.jpg 768w, https:\/\/www.mlkjlasers.com\/wp-content\/uploads\/2026\/01\/\u4fbf\u643a\u53cc-7-1536x864.jpg 1536w, https:\/\/www.mlkjlasers.com\/wp-content\/uploads\/2026\/01\/\u4fbf\u643a\u53cc-7-18x10.jpg 18w, https:\/\/www.mlkjlasers.com\/wp-content\/uploads\/2026\/01\/\u4fbf\u643a\u53cc-7-600x338.jpg 600w\" sizes=\"(max-width: 1920px) 100vw, 1920px\" \/><\/div>\n<\/div>\n<\/div>\n<div class=\"J_module\">\n<div class=\"icbu-pc-images magic-0\">\n<div>\n<div class=\"flex-layout-v\">\n<div class=\"flex-layout-h magic-0\">\n<div class=\"magic-45\"><\/div>\n<\/div>\n<\/div>\n<\/div>\n<\/div>\n<\/div>\n<div class=\"J_module\">\n<div class=\"detail-decorate-json-renderer-container\">\n<div class=\"magic-3\">\n<div class=\"magic-4\">\n<div class=\"magic-5\">\n<div class=\"magic-6\">\n<p class=\"magic-38\" style=\"text-align: center;\" data-spm-anchor-id=\"a2700.wholesale.0.i46.521e26ba3HtoMY\"><span style=\"font-size: 14pt; color: #000000; font-family: helvetica, arial, sans-serif;\"><b><u>Embalaje y Entrega<\/u><\/b><br \/>\n<b>Embalaje:<\/b> Caja estable de aluminio con espuma.<br \/>\n<b>Entrega:<\/b> 3 d\u00edas h\u00e1biles, a trav\u00e9s de DHL, UPS, TNT, FedEx, etc servicio de puerta a puerta.<br \/>\nAntes de la entrega, nuestros ingenieros probar\u00e1n todos los detalles de la m\u00e1quina, asegurando que nuestro cliente pueda obtener la m\u00e1quina m\u00e1s perfecta de nosotros.\u00a0\u00a0<\/span><\/p>\n<\/div>\n<p data-spm-anchor-id=\"a2700.wholesale.0.i46.521e26ba3HtoMY\">\n<\/div>\n<\/div>\n<\/div>\n<\/div>\n<\/div>","protected":false},"excerpt":{"rendered":"<p><span class=\"\" title=\"Este gui\u00f3n est\u00e1 escrito por youshu de la operaci\u00f3n, este gui\u00f3n es completamente gratuito para el aprendizaje personal y la investigaci\u00f3n, est\u00e1 prohibido revender, obtener ganancias y otros actos, los infractores son autosuficientes | cuenta p\u00fablica: youshu de la operaci\u00f3n\">Estimulador muscular de belleza delgada Ems<\/span><\/p>\n<p><span class=\"\" title=\"Este gui\u00f3n est\u00e1 escrito por youshu de la operaci\u00f3n, este gui\u00f3n es completamente gratuito para el aprendizaje personal y la investigaci\u00f3n, est\u00e1 prohibido revender, obtener ganancias y otros actos, los infractores son autosuficientes | cuenta p\u00fablica: youshu de la operaci\u00f3n\">Ems dando forma a la m\u00e1quina escultora<\/span><\/p>\n<p><span class=\"\" title=\"Este gui\u00f3n est\u00e1 escrito por youshu de la operaci\u00f3n, este gui\u00f3n es completamente gratuito para el aprendizaje personal y la investigaci\u00f3n, est\u00e1 prohibido revender, obtener ganancias y otros actos, los infractores son autosuficientes | cuenta p\u00fablica: youshu de la operaci\u00f3n\">Ems dando forma a la escultura<\/span><\/p>\n<p><span class=\"\" title=\"Este gui\u00f3n est\u00e1 escrito por youshu de la operaci\u00f3n, este gui\u00f3n es completamente gratuito para el aprendizaje personal y la investigaci\u00f3n, est\u00e1 prohibido revender, obtener ganancias y otros actos, los infractores son autosuficientes | cuenta p\u00fablica: youshu de la operaci\u00f3n\">Sistema adelgazamiento Ems Dispositivo Ems<\/span><\/p>\n<p><span class=\"\" title=\"Este gui\u00f3n est\u00e1 escrito por youshu de la operaci\u00f3n, este gui\u00f3n es completamente gratuito para el aprendizaje personal y la investigaci\u00f3n, est\u00e1 prohibido revender, obtener ganancias y otros actos, los infractores son autosuficientes | cuenta p\u00fablica: youshu de la operaci\u00f3n\">Ems Shaping Escultura de eliminaci\u00f3n de grasa<\/span><\/p>","protected":false},"featured_media":3743,"comment_status":"open","ping_status":"closed","template":"","meta":[],"product_cat":[28],"product_tag":[],"class_list":["post-2334","product","type-product","status-publish","has-post-thumbnail","hentry","product_cat-slimming-machine"],"_links":{"self":[{"href":"https:\/\/www.mlkjlasers.com\/es\/wp-json\/wp\/v2\/product\/2334","targetHints":{"allow":["GET"]}}],"collection":[{"href":"https:\/\/www.mlkjlasers.com\/es\/wp-json\/wp\/v2\/product"}],"about":[{"href":"https:\/\/www.mlkjlasers.com\/es\/wp-json\/wp\/v2\/types\/product"}],"replies":[{"embeddable":true,"href":"https:\/\/www.mlkjlasers.com\/es\/wp-json\/wp\/v2\/comments?post=2334"}],"wp:featuredmedia":[{"embeddable":true,"href":"https:\/\/www.mlkjlasers.com\/es\/wp-json\/wp\/v2\/media\/3743"}],"wp:attachment":[{"href":"https:\/\/www.mlkjlasers.com\/es\/wp-json\/wp\/v2\/media?parent=2334"}],"wp:term":[{"taxonomy":"product_cat","embeddable":true,"href":"https:\/\/www.mlkjlasers.com\/es\/wp-json\/wp\/v2\/product_cat?post=2334"},{"taxonomy":"product_tag","embeddable":true,"href":"https:\/\/www.mlkjlasers.com\/es\/wp-json\/wp\/v2\/product_tag?post=2334"}],"curies":[{"name":"wp","href":"https:\/\/api.w.org\/{rel}","templated":true}]}}