{"id":2351,"date":"2023-08-28T13:49:00","date_gmt":"2023-08-28T05:49:00","guid":{"rendered":"https:\/\/mlkjlasers.com\/?post_type=product&#038;p=2351"},"modified":"2026-01-27T16:31:00","modified_gmt":"2026-01-27T08:31:00","slug":"q-switched-nd-yag-picosecond-laser-tattoo-removal-machine","status":"publish","type":"product","link":"https:\/\/www.mlkjlasers.com\/es\/product\/q-switched-nd-yag-picosecond-laser-tattoo-removal-machine\/","title":{"rendered":"M\u00e1quina port\u00e1til de eliminaci\u00f3n del tatuaje del l\u00e1ser ND YAG del cuidado de la piel Q conmutada para el uso de la belleza Saon"},"content":{"rendered":"<p><span style=\"font-size: 14pt;\"><img fetchpriority=\"high\" decoding=\"async\" class=\"wp-image-3825 alignleft\" src=\"https:\/\/www.mlkjlasers.com\/wp-content\/uploads\/2026\/01\/ND-LV3\u8be6\u60c5\u9875-1.jpg\" alt=\"\" width=\"1920\" height=\"911\" srcset=\"https:\/\/www.mlkjlasers.com\/wp-content\/uploads\/2026\/01\/ND-LV3\u8be6\u60c5\u9875-1.jpg 750w, https:\/\/www.mlkjlasers.com\/wp-content\/uploads\/2026\/01\/ND-LV3\u8be6\u60c5\u9875-1-300x142.jpg 300w, https:\/\/www.mlkjlasers.com\/wp-content\/uploads\/2026\/01\/ND-LV3\u8be6\u60c5\u9875-1-18x9.jpg 18w, https:\/\/www.mlkjlasers.com\/wp-content\/uploads\/2026\/01\/ND-LV3\u8be6\u60c5\u9875-1-600x285.jpg 600w\" sizes=\"(max-width: 1920px) 100vw, 1920px\" \/><span style=\"color: #000000; font-family: helvetica, arial, sans-serif; font-size: 14pt;\">L\u00e1sers Nd: YAG para la eliminaci\u00f3n de tatuajes por l\u00e1ser (Nd: YAG conmutado por Q)<\/span><\/span><\/p>\n<div class=\"J_module\" style=\"text-align: left;\">\n<div class=\"detail-decorate-json-renderer-container\">\n<p style=\"text-align: left;\"><span style=\"font-family: helvetica, arial, sans-serif; color: #000000; font-size: 14pt;\">El l\u00e1ser Nd:YAG Q-switched, lo que significa que produce pulsos excepcionalmente breves y poderosos de energ\u00eda que duran unos pocos nanosegundos como m\u00e1ximo. <\/span><\/p>\n<p style=\"text-align: left;\"><span style=\"font-family: helvetica, arial, sans-serif; color: #000000; font-size: 14pt;\">La brevedad del pulso es esencial para la eliminaci\u00f3n del tatuaje de modo que la tinta del tatuaje se rompa mientras que el tejido circundante permanece intacto.<\/span><\/p>\n<p style=\"text-align: left;\"><span style=\"font-family: helvetica, arial, sans-serif; color: #000000; font-size: 14pt;\">Los l\u00e1seres Nd:YAG con conmutaci\u00f3n Q son una excelente opci\u00f3n para la eliminaci\u00f3n de tatuajes porque la longitud de onda de 1064 nm producida es bien absorbida por los tatuajes negros y otros colores del tatuaje.<\/span><\/p>\n<p><span style=\"font-size: 14pt;\"><img decoding=\"async\" class=\"aligncenter wp-image-3827\" src=\"https:\/\/www.mlkjlasers.com\/wp-content\/uploads\/2026\/01\/ND-LV3\u8be6\u60c5\u9875-3.jpg\" alt=\"\" width=\"1920\" height=\"1874\" srcset=\"https:\/\/www.mlkjlasers.com\/wp-content\/uploads\/2026\/01\/ND-LV3\u8be6\u60c5\u9875-3.jpg 750w, https:\/\/www.mlkjlasers.com\/wp-content\/uploads\/2026\/01\/ND-LV3\u8be6\u60c5\u9875-3-300x293.jpg 300w, https:\/\/www.mlkjlasers.com\/wp-content\/uploads\/2026\/01\/ND-LV3\u8be6\u60c5\u9875-3-12x12.jpg 12w, https:\/\/www.mlkjlasers.com\/wp-content\/uploads\/2026\/01\/ND-LV3\u8be6\u60c5\u9875-3-600x586.jpg 600w\" sizes=\"(max-width: 1920px) 100vw, 1920px\" \/><\/span><\/p>\n<p style=\"text-align: left;\"><span style=\"font-family: helvetica, arial, sans-serif; color: #000000; font-size: 14pt;\">Cuando el haz de 1064 nm se duplica en frecuencia, la luz comienza a viajar a una segunda longitud de onda, 532 nm. <\/span><\/p>\n<p style=\"text-align: left;\"><span style=\"font-family: helvetica, arial, sans-serif; color: #000000; font-size: 14pt;\">La longitud de onda de 532 nm es muy eficaz en rojo, rosa, naranja y otros colores brillantes.<\/span><\/p>\n<p style=\"text-align: left;\"><span style=\"font-family: helvetica, arial, sans-serif; color: #000000; font-size: 14pt;\">Juntos, las dos longitudes de onda de un l\u00e1ser Nd: YAG pueden tratar casi el espectro completo de colores de tatuaje para la destrozaci\u00f3n y eliminaci\u00f3n de tinta de calidad. <\/span><\/p>\n<p style=\"text-align: left;\"><span style=\"font-family: helvetica, arial, sans-serif; color: #000000; font-size: 14pt;\">\u2013 por eso los l\u00e1seres Nd: YAG con conmutaci\u00f3n Q son la herramienta de elecci\u00f3n para la mayor\u00eda de la eliminaci\u00f3n de tatuajes<\/span><\/p>\n<p><span style=\"font-size: 14pt;\"><img decoding=\"async\" class=\"aligncenter wp-image-3829\" src=\"https:\/\/www.mlkjlasers.com\/wp-content\/uploads\/2026\/01\/ND-LV3\u8be6\u60c5\u9875-5.jpg\" alt=\"\" width=\"1920\" height=\"1853\" srcset=\"https:\/\/www.mlkjlasers.com\/wp-content\/uploads\/2026\/01\/ND-LV3\u8be6\u60c5\u9875-5.jpg 750w, https:\/\/www.mlkjlasers.com\/wp-content\/uploads\/2026\/01\/ND-LV3\u8be6\u60c5\u9875-5-300x290.jpg 300w, https:\/\/www.mlkjlasers.com\/wp-content\/uploads\/2026\/01\/ND-LV3\u8be6\u60c5\u9875-5-12x12.jpg 12w, https:\/\/www.mlkjlasers.com\/wp-content\/uploads\/2026\/01\/ND-LV3\u8be6\u60c5\u9875-5-600x579.jpg 600w\" sizes=\"(max-width: 1920px) 100vw, 1920px\" \/><\/span><\/p>\n<p><span style=\"font-size: 14pt;\"><b class=\"magic-7\">Manija: 4 millones de tiros<br \/>\n<\/b>Utilizado tecnolog\u00eda \u00fanica Honeycomb Focused para formar una vacuolizaci\u00f3n del efecto de la piel, que puede proteger la piel del da\u00f1o durante el tratamiento. Los sistemas de flujo de agua y nivel de agua mantienen los valiosos componentes \u00f3pticos siempre en condiciones seguras definidas.<\/span><br \/>\n<span style=\"font-size: 14pt;\">DISPONIBLE<\/span><br \/>\n<span style=\"font-size: 14pt;\"><b>&#8212; &#8212; 1064NM<\/b><\/span><br \/>\n<span style=\"font-size: 14pt;\">Eliminaci\u00f3n del pigmento, eliminaci\u00f3n de la ceba oscura, eliminaci\u00f3n del tatuaje negro.<\/span><br \/>\n<span style=\"font-size: 14pt;\"><b>&#8212; &#8212; 755NM<br \/>\n<\/b>Profesional para la eliminaci\u00f3n de pigmentos, cara speckleremoval.<\/span><br \/>\n<span style=\"font-size: 14pt;\"><b>&#8212; &#8212; 1320NM<br \/>\n<\/b>Mu\u00f1eca de cara negra, rejuvenecimiento de la piel, encogimiento de los poros.<\/span><br \/>\n<span style=\"font-size: 14pt;\"><b>&#8212; &#8212; 532NM<br \/>\n<\/b>Eliminaci\u00f3n del pigmento, eliminaci\u00f3n del tatuaje verde marr\u00f3n claro rojo.<\/span><\/p>\n<p><span style=\"font-size: 14pt;\"><img loading=\"lazy\" decoding=\"async\" class=\"aligncenter wp-image-3830\" src=\"https:\/\/www.mlkjlasers.com\/wp-content\/uploads\/2026\/01\/ND-LV3\u8be6\u60c5\u9875-6.jpg\" alt=\"\" width=\"1920\" height=\"1341\" srcset=\"https:\/\/www.mlkjlasers.com\/wp-content\/uploads\/2026\/01\/ND-LV3\u8be6\u60c5\u9875-6.jpg 750w, https:\/\/www.mlkjlasers.com\/wp-content\/uploads\/2026\/01\/ND-LV3\u8be6\u60c5\u9875-6-300x210.jpg 300w, https:\/\/www.mlkjlasers.com\/wp-content\/uploads\/2026\/01\/ND-LV3\u8be6\u60c5\u9875-6-18x12.jpg 18w, https:\/\/www.mlkjlasers.com\/wp-content\/uploads\/2026\/01\/ND-LV3\u8be6\u60c5\u9875-6-600x419.jpg 600w\" sizes=\"(max-width: 1920px) 100vw, 1920px\" \/><span style=\"font-family: helvetica, arial, sans-serif; color: #000000;\"><span class=\"magic-9\">1. Continuo, s\u00faper pulso, diferentes modos de operaci\u00f3n fraccionados.<br \/>\n2. El di\u00e1metro y el intervalo del punto focal son ajustables.<br \/>\n3. El mejor tubo l\u00e1ser RF de EE.UU., rendimiento estable, alto efectivo.<\/span><\/span><\/span><\/p>\n<p><span style=\"font-family: helvetica, arial, sans-serif; font-size: 14pt; color: #000000;\"><span class=\"magic-9\">4. Ninguna pigmentaci\u00f3n y despigmentaci\u00f3n de la piel, no necesita consumible extra.<br \/>\n5. Protecci\u00f3n de seguridad con alam autom\u00e1tico.<br \/>\n6. Tratamiento f\u00e1cil y r\u00e1pido, sin tiempo de inactividad.<br \/>\n7. Varios vol\u00famenes de puntos son adecuados para diferentes \u00e1reas del cuerpo.<\/span><\/span><\/p>\n<p><span style=\"font-size: 14pt;\"><img loading=\"lazy\" decoding=\"async\" class=\"aligncenter wp-image-3828\" src=\"https:\/\/www.mlkjlasers.com\/wp-content\/uploads\/2026\/01\/ND-LV3\u8be6\u60c5\u9875-4.jpg\" alt=\"\" width=\"1920\" height=\"1198\" srcset=\"https:\/\/www.mlkjlasers.com\/wp-content\/uploads\/2026\/01\/ND-LV3\u8be6\u60c5\u9875-4.jpg 750w, https:\/\/www.mlkjlasers.com\/wp-content\/uploads\/2026\/01\/ND-LV3\u8be6\u60c5\u9875-4-300x187.jpg 300w, https:\/\/www.mlkjlasers.com\/wp-content\/uploads\/2026\/01\/ND-LV3\u8be6\u60c5\u9875-4-18x12.jpg 18w, https:\/\/www.mlkjlasers.com\/wp-content\/uploads\/2026\/01\/ND-LV3\u8be6\u60c5\u9875-4-600x374.jpg 600w\" sizes=\"(max-width: 1920px) 100vw, 1920px\" \/><\/span><\/p>\n<\/div>\n<\/div>\n<div class=\"J_module\" style=\"text-align: left;\">\n<div class=\"detail-decorate-json-renderer-container\">\n<div class=\"magic-3\">\n<div class=\"magic-6\">\n<div class=\"magic-7\">\n<div class=\"magic-8\">\n<div><span style=\"color: #000000; font-family: helvetica, arial, sans-serif; font-size: 14pt;\">5 Cabezas Ajustar el tama\u00f1o del punto de 1mm a 7mm<\/span><\/div>\n<\/div>\n<\/div>\n<\/div>\n<\/div>\n<\/div>\n<\/div>\n<div class=\"J_module\" style=\"text-align: left;\">\n<div class=\"detail-decorate-json-renderer-container\">\n<div class=\"magic-3\">\n<div class=\"magic-6\">\n<div class=\"magic-7\">\n<div class=\"magic-8\">\n<p><span style=\"font-size: 14pt;\">La cabeza ajustable de 1064\/532 nm es para la eliminaci\u00f3n de tatuajes\/pigmentos de \u00e1rea grande;<\/span><\/p>\n<\/div>\n<div class=\"magic-8\"><span style=\"font-family: helvetica, arial, sans-serif; font-size: 14pt; color: #000000;\"><span class=\"magic-5\"> Fijo 1064\/532 nm cabeza es para \u00e1rea peque\u00f1a o lugar especial<\/span><\/span><\/div>\n<div><span style=\"font-size: 14pt;\"><img loading=\"lazy\" decoding=\"async\" class=\"aligncenter wp-image-3836\" src=\"https:\/\/www.mlkjlasers.com\/wp-content\/uploads\/2026\/01\/ND-LV3\u8be6\u60c5\u9875-12.jpg\" alt=\"\" width=\"1920\" height=\"1057\" srcset=\"https:\/\/www.mlkjlasers.com\/wp-content\/uploads\/2026\/01\/ND-LV3\u8be6\u60c5\u9875-12.jpg 750w, https:\/\/www.mlkjlasers.com\/wp-content\/uploads\/2026\/01\/ND-LV3\u8be6\u60c5\u9875-12-300x165.jpg 300w, https:\/\/www.mlkjlasers.com\/wp-content\/uploads\/2026\/01\/ND-LV3\u8be6\u60c5\u9875-12-18x10.jpg 18w, https:\/\/www.mlkjlasers.com\/wp-content\/uploads\/2026\/01\/ND-LV3\u8be6\u60c5\u9875-12-600x330.jpg 600w\" sizes=\"(max-width: 1920px) 100vw, 1920px\" \/><\/span><\/div>\n<\/div>\n<\/div>\n<\/div>\n<\/div>\n<\/div>\n<div class=\"J_module\" style=\"text-align: left;\">\n<div class=\"icbu-pc-images magic-0\">\n<div>\n<div class=\"flex-layout-v\">\n<div class=\"flex-layout-h magic-0\">\n<div class=\"magic-15\"><\/div>\n<div><\/div>\n<\/div>\n<\/div>\n<\/div>\n<\/div>\n<\/div>\n<div class=\"J_module\" style=\"text-align: left;\">\n<div class=\"detail-decorate-json-renderer-container\">\n<div class=\"magic-3\">\n<div class=\"magic-6\">\n<div class=\"magic-7\">\n<div class=\"magic-8\">\n<div><span class=\"magic-9\" style=\"font-family: helvetica, arial, sans-serif; font-size: 14pt; color: #000000;\">1. Continuo, s\u00faper pulso, diferentes modos de operaci\u00f3n fraccionados.<br \/>\n2. El di\u00e1metro y el intervalo del punto focal son ajustables.<br \/>\n3. El mejor tubo l\u00e1ser RF de EE.UU., importado de CONHERENTE, rendimiento estable, alto efectivo.<br \/>\n4. Ninguna pigmentaci\u00f3n y despigmentaci\u00f3n de la piel, no necesita consumible extra.<br \/>\n5. Protecci\u00f3n de seguridad con alam autom\u00e1tico.<br \/>\n6. Tratamiento f\u00e1cil y r\u00e1pido, sin tiempo de inactividad.<br \/>\n7. Varios vol\u00famenes de puntos son adecuados para diferentes \u00e1reas del cuerpo.<\/span><\/div>\n<div><span style=\"font-size: 14pt;\"><img loading=\"lazy\" decoding=\"async\" class=\"aligncenter wp-image-3831\" src=\"https:\/\/www.mlkjlasers.com\/wp-content\/uploads\/2026\/01\/ND-LV3\u8be6\u60c5\u9875-7.jpg\" alt=\"\" width=\"1920\" height=\"1288\" srcset=\"https:\/\/www.mlkjlasers.com\/wp-content\/uploads\/2026\/01\/ND-LV3\u8be6\u60c5\u9875-7.jpg 750w, https:\/\/www.mlkjlasers.com\/wp-content\/uploads\/2026\/01\/ND-LV3\u8be6\u60c5\u9875-7-300x201.jpg 300w, https:\/\/www.mlkjlasers.com\/wp-content\/uploads\/2026\/01\/ND-LV3\u8be6\u60c5\u9875-7-18x12.jpg 18w, https:\/\/www.mlkjlasers.com\/wp-content\/uploads\/2026\/01\/ND-LV3\u8be6\u60c5\u9875-7-600x402.jpg 600w\" sizes=\"(max-width: 1920px) 100vw, 1920px\" \/><\/span><\/div>\n<div>\n<p><span class=\"magic-7\" style=\"font-size: 14pt;\">Q interruptor Nd Yag M\u00e1quina de eliminaci\u00f3n del tatuaje l\u00e1ser Ventajas \u00fanicas<\/span><\/p>\n<div><span style=\"font-size: 14pt;\">\u2022 Alemania CE aprobado, se ajustan a la norma de seguridad de Europa<\/span><\/div>\n<div><span style=\"font-size: 14pt;\">\u2022 Hasta 10Hz para una eliminaci\u00f3n m\u00e1s r\u00e1pida del tatuaje<\/span><\/div>\n<div><span style=\"font-size: 14pt;\">\u2022 Haz de apuntamiento infrarrojo para una operaci\u00f3n precisa<\/span><\/div>\n<div><span style=\"font-size: 14pt;\">\u2022 Tiempo de vida de la l\u00e1mpara m\u00e1s de 1.000.000 disparos<\/span><\/div>\n<div data-spm-anchor-id=\"a2700.details-description.0.i1.d5cbbYb0bYb0Ce\"><span style=\"font-size: 14pt;\">\u2022 Carcasa ABS para trabajos de mantenimiento r\u00e1pidos<\/span><\/div>\n<div data-spm-anchor-id=\"a2700.details-description.0.i1.d5cbbYb0bYb0Ce\"><span style=\"font-size: 14pt;\"><img loading=\"lazy\" decoding=\"async\" class=\"aligncenter wp-image-3832\" src=\"https:\/\/www.mlkjlasers.com\/wp-content\/uploads\/2026\/01\/ND-LV3\u8be6\u60c5\u9875-8.jpg\" alt=\"\" width=\"1920\" height=\"1144\" srcset=\"https:\/\/www.mlkjlasers.com\/wp-content\/uploads\/2026\/01\/ND-LV3\u8be6\u60c5\u9875-8.jpg 750w, https:\/\/www.mlkjlasers.com\/wp-content\/uploads\/2026\/01\/ND-LV3\u8be6\u60c5\u9875-8-300x179.jpg 300w, https:\/\/www.mlkjlasers.com\/wp-content\/uploads\/2026\/01\/ND-LV3\u8be6\u60c5\u9875-8-18x12.jpg 18w, https:\/\/www.mlkjlasers.com\/wp-content\/uploads\/2026\/01\/ND-LV3\u8be6\u60c5\u9875-8-600x358.jpg 600w\" sizes=\"(max-width: 1920px) 100vw, 1920px\" \/><\/span><\/div>\n<\/div>\n<\/div>\n<\/div>\n<\/div>\n<\/div>\n<\/div>\n<\/div>\n<div class=\"J_module\" style=\"text-align: left;\">\n<div class=\"icbu-pc-images magic-0\">\n<div class=\"flex-layout-v\"><\/div>\n<\/div>\n<\/div>\n<div class=\"J_module\" style=\"text-align: left;\">\n<div class=\"detail-decorate-json-renderer-container\">\n<div class=\"magic-3\">\n<div class=\"magic-6\">\n<div class=\"magic-7\">\n<div class=\"magic-8\"><span style=\"font-size: 14pt;\"><img loading=\"lazy\" decoding=\"async\" class=\"aligncenter wp-image-3833\" src=\"https:\/\/www.mlkjlasers.com\/wp-content\/uploads\/2026\/01\/ND-LV3\u8be6\u60c5\u9875-9.jpg\" alt=\"\" width=\"1920\" height=\"1505\" srcset=\"https:\/\/www.mlkjlasers.com\/wp-content\/uploads\/2026\/01\/ND-LV3\u8be6\u60c5\u9875-9.jpg 750w, https:\/\/www.mlkjlasers.com\/wp-content\/uploads\/2026\/01\/ND-LV3\u8be6\u60c5\u9875-9-300x235.jpg 300w, https:\/\/www.mlkjlasers.com\/wp-content\/uploads\/2026\/01\/ND-LV3\u8be6\u60c5\u9875-9-15x12.jpg 15w, https:\/\/www.mlkjlasers.com\/wp-content\/uploads\/2026\/01\/ND-LV3\u8be6\u60c5\u9875-9-600x470.jpg 600w\" sizes=\"(max-width: 1920px) 100vw, 1920px\" \/><\/span><\/div>\n<div><span style=\"font-size: 14pt;\"><img loading=\"lazy\" decoding=\"async\" class=\"aligncenter wp-image-3834\" src=\"https:\/\/www.mlkjlasers.com\/wp-content\/uploads\/2026\/01\/ND-LV3\u8be6\u60c5\u9875-10.jpg\" alt=\"\" width=\"1920\" height=\"991\" srcset=\"https:\/\/www.mlkjlasers.com\/wp-content\/uploads\/2026\/01\/ND-LV3\u8be6\u60c5\u9875-10.jpg 750w, https:\/\/www.mlkjlasers.com\/wp-content\/uploads\/2026\/01\/ND-LV3\u8be6\u60c5\u9875-10-300x155.jpg 300w, https:\/\/www.mlkjlasers.com\/wp-content\/uploads\/2026\/01\/ND-LV3\u8be6\u60c5\u9875-10-18x9.jpg 18w, https:\/\/www.mlkjlasers.com\/wp-content\/uploads\/2026\/01\/ND-LV3\u8be6\u60c5\u9875-10-600x310.jpg 600w\" sizes=\"(max-width: 1920px) 100vw, 1920px\" \/><\/span><\/div>\n<div><span style=\"font-size: 14pt;\">8.4 pulgadas pantalla t\u00e1ctil grande de color verdadero. Experiencia de toque s\u00faper fresco.<\/span><br \/>\n<span style=\"font-size: 14pt;\">Se puede a\u00f1adir un idioma especial seg\u00fan sus necesidades reales.<\/span><br \/>\n<span style=\"font-size: 14pt;\">Su logotipo tambi\u00e9n se puede a\u00f1adir en la pantalla l\u00e1ser de diodo.<\/span><\/div>\n<div><span style=\"font-size: 14pt;\"><img loading=\"lazy\" decoding=\"async\" class=\"aligncenter wp-image-3835\" src=\"https:\/\/www.mlkjlasers.com\/wp-content\/uploads\/2026\/01\/ND-LV3\u8be6\u60c5\u9875-11.jpg\" alt=\"\" width=\"1920\" height=\"748\" srcset=\"https:\/\/www.mlkjlasers.com\/wp-content\/uploads\/2026\/01\/ND-LV3\u8be6\u60c5\u9875-11.jpg 750w, https:\/\/www.mlkjlasers.com\/wp-content\/uploads\/2026\/01\/ND-LV3\u8be6\u60c5\u9875-11-300x117.jpg 300w, https:\/\/www.mlkjlasers.com\/wp-content\/uploads\/2026\/01\/ND-LV3\u8be6\u60c5\u9875-11-18x7.jpg 18w, https:\/\/www.mlkjlasers.com\/wp-content\/uploads\/2026\/01\/ND-LV3\u8be6\u60c5\u9875-11-600x234.jpg 600w\" sizes=\"(max-width: 1920px) 100vw, 1920px\" \/><\/span><\/div>\n<div><\/div>\n<\/div>\n<\/div>\n<\/div>\n<div><\/div>\n<\/div>\n<\/div>\n<div class=\"J_module\">\n<div class=\"icbu-pc-images magic-0\">\n<div>\n<div class=\"flex-layout-v\">\n<div class=\"flex-layout-h magic-0\" style=\"text-align: left;\">\n<div class=\"magic-19\"><\/div>\n<div><\/div>\n<div><\/div>\n<\/div>\n<div style=\"text-align: left;\"><span style=\"font-size: 14pt;\"><a href=\"https:\/\/www.mlkjlasers.com\/es\/contact-us\/\"><span style=\"font-family: helvetica, arial, sans-serif; color: #3366ff;\">Elija 18 a\u00f1os MLKJ Profesional fabricante de instrumentos de belleza para hacer su carrera de belleza m\u00e1s f\u00e1cil!<\/span><\/a><\/span><\/div>\n<div style=\"text-align: left;\"><\/div>\n<div class=\"flex-layout-h magic-0\" style=\"text-align: left;\">\n<div><\/div>\n<\/div>\n<div style=\"text-align: left;\"><\/div>\n<\/div>\n<\/div>\n<\/div>\n<\/div>","protected":false},"excerpt":{"rendered":"<p><span style=\"font-family: helvetica, arial, sans-serif;\">Los l\u00e1seres Nd:YAG con conmutaci\u00f3n Q son una excelente opci\u00f3n para la eliminaci\u00f3n de tatuajes porque la longitud de onda de 1064 nm producida es bien absorbida por los tatuajes negros y otros colores del tatuaje. <\/span><\/p>\n<p><span style=\"font-family: helvetica, arial, sans-serif;\">Cuando el haz de 1064 nm se duplica en frecuencia, la luz comienza a viajar a una segunda longitud de onda, 532 nm. <\/span><\/p>\n<p><span style=\"font-family: helvetica, arial, sans-serif;\">La longitud de onda de 532 nm es muy eficaz en rojo, rosa, naranja y otros colores brillantes.<\/span><\/p>","protected":false},"featured_media":3821,"comment_status":"open","ping_status":"closed","template":"","meta":[],"product_cat":[24],"product_tag":[],"class_list":["post-2351","product","type-product","status-publish","has-post-thumbnail","hentry","product_cat-nd-yag-laser"],"_links":{"self":[{"href":"https:\/\/www.mlkjlasers.com\/es\/wp-json\/wp\/v2\/product\/2351","targetHints":{"allow":["GET"]}}],"collection":[{"href":"https:\/\/www.mlkjlasers.com\/es\/wp-json\/wp\/v2\/product"}],"about":[{"href":"https:\/\/www.mlkjlasers.com\/es\/wp-json\/wp\/v2\/types\/product"}],"replies":[{"embeddable":true,"href":"https:\/\/www.mlkjlasers.com\/es\/wp-json\/wp\/v2\/comments?post=2351"}],"wp:featuredmedia":[{"embeddable":true,"href":"https:\/\/www.mlkjlasers.com\/es\/wp-json\/wp\/v2\/media\/3821"}],"wp:attachment":[{"href":"https:\/\/www.mlkjlasers.com\/es\/wp-json\/wp\/v2\/media?parent=2351"}],"wp:term":[{"taxonomy":"product_cat","embeddable":true,"href":"https:\/\/www.mlkjlasers.com\/es\/wp-json\/wp\/v2\/product_cat?post=2351"},{"taxonomy":"product_tag","embeddable":true,"href":"https:\/\/www.mlkjlasers.com\/es\/wp-json\/wp\/v2\/product_tag?post=2351"}],"curies":[{"name":"wp","href":"https:\/\/api.w.org\/{rel}","templated":true}]}}