{"id":2448,"date":"2023-09-25T17:08:03","date_gmt":"2023-09-25T09:08:03","guid":{"rendered":"https:\/\/mlkjlasers.com\/?post_type=product&#038;p=2448"},"modified":"2026-01-23T15:07:50","modified_gmt":"2026-01-23T07:07:50","slug":"rf-rolling-fat-removal-3d-negative-pressure-weight-loss-treatment-machine","status":"publish","type":"product","link":"https:\/\/www.mlkjlasers.com\/es\/product\/rf-rolling-fat-removal-3d-negative-pressure-weight-loss-treatment-machine\/","title":{"rendered":"M\u00e1quina de tratamiento de p\u00e9rdida de peso de presi\u00f3n negativa 3D de eliminaci\u00f3n de grasa de rodamiento de RF"},"content":{"rendered":"<p>M\u00e1quina de tratamiento de p\u00e9rdida de peso de presi\u00f3n negativa 3D de eliminaci\u00f3n de grasa de rodamiento de RF<\/p>\n<p><img fetchpriority=\"high\" decoding=\"async\" class=\"alignnone size-full wp-image-2457\" src=\"https:\/\/mlkjlasers.com\/wp-content\/uploads\/2023\/09\/1.jpg\" alt=\"\" width=\"1920\" height=\"1080\" srcset=\"https:\/\/www.mlkjlasers.com\/wp-content\/uploads\/2023\/09\/1.jpg 1920w, https:\/\/www.mlkjlasers.com\/wp-content\/uploads\/2023\/09\/1-300x169.jpg 300w, https:\/\/www.mlkjlasers.com\/wp-content\/uploads\/2023\/09\/1-1024x576.jpg 1024w, https:\/\/www.mlkjlasers.com\/wp-content\/uploads\/2023\/09\/1-768x432.jpg 768w, https:\/\/www.mlkjlasers.com\/wp-content\/uploads\/2023\/09\/1-1536x864.jpg 1536w, https:\/\/www.mlkjlasers.com\/wp-content\/uploads\/2023\/09\/1-600x338.jpg 600w\" sizes=\"(max-width: 1920px) 100vw, 1920px\" \/><\/p>\n<p><img decoding=\"async\" class=\"alignnone size-full wp-image-2458\" src=\"https:\/\/mlkjlasers.com\/wp-content\/uploads\/2023\/09\/2.jpg\" alt=\"\" width=\"1920\" height=\"1080\" srcset=\"https:\/\/www.mlkjlasers.com\/wp-content\/uploads\/2023\/09\/2.jpg 1920w, https:\/\/www.mlkjlasers.com\/wp-content\/uploads\/2023\/09\/2-300x169.jpg 300w, https:\/\/www.mlkjlasers.com\/wp-content\/uploads\/2023\/09\/2-1024x576.jpg 1024w, https:\/\/www.mlkjlasers.com\/wp-content\/uploads\/2023\/09\/2-768x432.jpg 768w, https:\/\/www.mlkjlasers.com\/wp-content\/uploads\/2023\/09\/2-1536x864.jpg 1536w, https:\/\/www.mlkjlasers.com\/wp-content\/uploads\/2023\/09\/2-600x338.jpg 600w\" sizes=\"(max-width: 1920px) 100vw, 1920px\" \/> <img decoding=\"async\" class=\"alignnone size-full wp-image-2459\" src=\"https:\/\/mlkjlasers.com\/wp-content\/uploads\/2023\/09\/3.jpg\" alt=\"\" width=\"1920\" height=\"1608\" srcset=\"https:\/\/www.mlkjlasers.com\/wp-content\/uploads\/2023\/09\/3.jpg 1920w, https:\/\/www.mlkjlasers.com\/wp-content\/uploads\/2023\/09\/3-300x251.jpg 300w, https:\/\/www.mlkjlasers.com\/wp-content\/uploads\/2023\/09\/3-1024x858.jpg 1024w, https:\/\/www.mlkjlasers.com\/wp-content\/uploads\/2023\/09\/3-768x643.jpg 768w, https:\/\/www.mlkjlasers.com\/wp-content\/uploads\/2023\/09\/3-1536x1286.jpg 1536w, https:\/\/www.mlkjlasers.com\/wp-content\/uploads\/2023\/09\/3-600x503.jpg 600w\" sizes=\"(max-width: 1920px) 100vw, 1920px\" \/><\/p>\n<p>&nbsp;<\/p>\n<p>* Belleza facial y antienvejecimiento: a trav\u00e9s de la cabeza de operaci\u00f3n facial, puede revitalizar los fibroblastos humanos para generar col\u00e1geno, fibras el\u00e1sticas, \u00e1cido hialur\u00f3nico y otras sustancias, y restaurar la vitalidad de la piel; Puede resolver la piel facial amarillenta aburrida, el contorno no es claro, la falta de elasticidad, la piel suelta, arrugas, doble ment\u00f3n y depresi\u00f3n facial.<\/p>\n<p>* Formaci\u00f3n delgada del cuerpo: Para la descomposici\u00f3n de los adipocitos, descomponer los l\u00edpidos, en energ\u00eda muscular, reducir el volumen de grasa, para apretar la piel, el efecto de la forma. Puede resolver la acumulaci\u00f3n de celulitis, obesidad corporal, tejido de piel naranja, edema de humedad y etc.<\/p>\n<p>Ventajas y caracter\u00edsticas<br \/>\n1. El mango del cuerpo est\u00e1 equipado con una pantalla t\u00e1ctil de 2,8 pulgadas, que es m\u00e1s f\u00e1cil de controlar y ajustar.<br \/>\n2. No hay necesidad de masaje laborioso de esteticista, operaci\u00f3n simple es segura.<br \/>\n3. atracci\u00f3n de presi\u00f3n negativa de conversi\u00f3n de frecuencia: propiedad f\u00edsica pura no tiene da\u00f1o a la piel, el mejor efecto es el m\u00e1s profundo.<br \/>\n4. Rodillo de potencia bidireccional: la superficie de contacto es m\u00e1s amplia, el \u00e1rea de funci\u00f3n es m\u00e1s grande, la profundidad de la funci\u00f3n es m\u00e1s profunda.<br \/>\n5. Collet exclusivo personal: profundidad del efecto tridimensional, la profundidad de estimulaci\u00f3n de velocidad infinitamente variable inteligente es diferente.<\/p>\n<p><img loading=\"lazy\" decoding=\"async\" class=\"alignnone size-full wp-image-2461\" src=\"https:\/\/mlkjlasers.com\/wp-content\/uploads\/2023\/09\/5.jpg\" alt=\"\" width=\"1920\" height=\"1080\" srcset=\"https:\/\/www.mlkjlasers.com\/wp-content\/uploads\/2023\/09\/5.jpg 1920w, https:\/\/www.mlkjlasers.com\/wp-content\/uploads\/2023\/09\/5-300x169.jpg 300w, https:\/\/www.mlkjlasers.com\/wp-content\/uploads\/2023\/09\/5-1024x576.jpg 1024w, https:\/\/www.mlkjlasers.com\/wp-content\/uploads\/2023\/09\/5-768x432.jpg 768w, https:\/\/www.mlkjlasers.com\/wp-content\/uploads\/2023\/09\/5-1536x864.jpg 1536w, https:\/\/www.mlkjlasers.com\/wp-content\/uploads\/2023\/09\/5-600x338.jpg 600w\" sizes=\"(max-width: 1920px) 100vw, 1920px\" \/><\/p>\n<p>&nbsp;<\/p>\n<p>Cavitaci\u00f3n 80K: Basado en el uso de ondas de ultrasonido de baja frecuencia, crea un fen\u00f3meno llamado &#8220; cavitaci\u00f3n&#8221; en el cuerpo. La cavitaci\u00f3n ocurre cuando las ondas de ultrasonido causan la formaci\u00f3n e implosi\u00f3n de peque\u00f1as burbujas en el l\u00edquido que rodea las c\u00e9lulas grasas, haciendo que se rompan. Puede ser eficaz para reducir la aparici\u00f3n de celulitis, tonificar y endurecer la piel y reducir la circunferencia de las \u00e1reas tratadas.<\/p>\n<p>RF multipolar: utiliza las ondas electromagn\u00e9ticas que se aplican a la piel, y las ondas penetran en la piel; superficie y alcanzar las capas m\u00e1s profundas, haciendo que los tejidos vibran y generen calor. As\u00ed estimula la descomposici\u00f3n de las c\u00e9lulas grasas<\/p>\n<p>Vacuum RF: Combina las tecnolog\u00edas de succi\u00f3n de vac\u00edo y tecnolog\u00eda de RF. La succi\u00f3n al vac\u00edo se utiliza para masajear y manipular la piel, mientras que la tecnolog\u00eda RF se utiliza para calentar las capas profundas de la piel, promoviendo la producci\u00f3n de col\u00e1geno y la descomposici\u00f3n de las c\u00e9lulas grasas.<\/p>\n<p>&nbsp;<\/p>\n<p>&nbsp;<\/p>\n<p><img loading=\"lazy\" decoding=\"async\" class=\"alignnone size-full wp-image-2462\" src=\"https:\/\/mlkjlasers.com\/wp-content\/uploads\/2023\/09\/6.jpg\" alt=\"\" width=\"1920\" height=\"1608\" srcset=\"https:\/\/www.mlkjlasers.com\/wp-content\/uploads\/2023\/09\/6.jpg 1920w, https:\/\/www.mlkjlasers.com\/wp-content\/uploads\/2023\/09\/6-300x251.jpg 300w, https:\/\/www.mlkjlasers.com\/wp-content\/uploads\/2023\/09\/6-1024x858.jpg 1024w, https:\/\/www.mlkjlasers.com\/wp-content\/uploads\/2023\/09\/6-768x643.jpg 768w, https:\/\/www.mlkjlasers.com\/wp-content\/uploads\/2023\/09\/6-1536x1286.jpg 1536w, https:\/\/www.mlkjlasers.com\/wp-content\/uploads\/2023\/09\/6-600x503.jpg 600w\" sizes=\"(max-width: 1920px) 100vw, 1920px\" \/> <img loading=\"lazy\" decoding=\"async\" class=\"alignnone size-full wp-image-2463\" src=\"https:\/\/mlkjlasers.com\/wp-content\/uploads\/2023\/09\/7.jpg\" alt=\"\" width=\"1920\" height=\"1080\" srcset=\"https:\/\/www.mlkjlasers.com\/wp-content\/uploads\/2023\/09\/7.jpg 1920w, https:\/\/www.mlkjlasers.com\/wp-content\/uploads\/2023\/09\/7-300x169.jpg 300w, https:\/\/www.mlkjlasers.com\/wp-content\/uploads\/2023\/09\/7-1024x576.jpg 1024w, https:\/\/www.mlkjlasers.com\/wp-content\/uploads\/2023\/09\/7-768x432.jpg 768w, https:\/\/www.mlkjlasers.com\/wp-content\/uploads\/2023\/09\/7-1536x864.jpg 1536w, https:\/\/www.mlkjlasers.com\/wp-content\/uploads\/2023\/09\/7-600x338.jpg 600w\" sizes=\"(max-width: 1920px) 100vw, 1920px\" \/> <img loading=\"lazy\" decoding=\"async\" class=\"alignnone size-full wp-image-2464\" src=\"https:\/\/mlkjlasers.com\/wp-content\/uploads\/2023\/09\/8.jpg\" alt=\"\" width=\"1920\" height=\"1080\" srcset=\"https:\/\/www.mlkjlasers.com\/wp-content\/uploads\/2023\/09\/8.jpg 1920w, https:\/\/www.mlkjlasers.com\/wp-content\/uploads\/2023\/09\/8-300x169.jpg 300w, https:\/\/www.mlkjlasers.com\/wp-content\/uploads\/2023\/09\/8-1024x576.jpg 1024w, https:\/\/www.mlkjlasers.com\/wp-content\/uploads\/2023\/09\/8-768x432.jpg 768w, https:\/\/www.mlkjlasers.com\/wp-content\/uploads\/2023\/09\/8-1536x864.jpg 1536w, https:\/\/www.mlkjlasers.com\/wp-content\/uploads\/2023\/09\/8-600x338.jpg 600w\" sizes=\"(max-width: 1920px) 100vw, 1920px\" \/> <img loading=\"lazy\" decoding=\"async\" class=\"alignnone size-full wp-image-2465\" src=\"https:\/\/mlkjlasers.com\/wp-content\/uploads\/2023\/09\/9.jpg\" alt=\"\" width=\"1920\" height=\"1245\" srcset=\"https:\/\/www.mlkjlasers.com\/wp-content\/uploads\/2023\/09\/9.jpg 1920w, https:\/\/www.mlkjlasers.com\/wp-content\/uploads\/2023\/09\/9-300x195.jpg 300w, https:\/\/www.mlkjlasers.com\/wp-content\/uploads\/2023\/09\/9-1024x664.jpg 1024w, https:\/\/www.mlkjlasers.com\/wp-content\/uploads\/2023\/09\/9-768x498.jpg 768w, https:\/\/www.mlkjlasers.com\/wp-content\/uploads\/2023\/09\/9-1536x996.jpg 1536w, https:\/\/www.mlkjlasers.com\/wp-content\/uploads\/2023\/09\/9-600x389.jpg 600w\" sizes=\"(max-width: 1920px) 100vw, 1920px\" \/><\/p>\n<p>&nbsp;<\/p>","protected":false},"excerpt":{"rendered":"<p>M\u00e1quina de tratamiento de p\u00e9rdida de peso de presi\u00f3n negativa 3D de eliminaci\u00f3n de grasa de rodamiento de RF  * Belleza facial y antienvejecimiento: a trav\u00e9s de la cabeza de operaci\u00f3n facial, puede revitalizar los fibroblastos humanos para generar col\u00e1geno, fibras el\u00e1sticas, \u00e1cido hialur\u00f3nico y otras sustancias, y restaurar la vitalidad de la piel; Puede resolver la piel facial amarillenta aburrida, el contorno no es claro, la falta de elasticidad, la piel suelta, [&hellip;]<\/p>","protected":false},"featured_media":3493,"comment_status":"open","ping_status":"closed","template":"","meta":[],"product_cat":[28],"product_tag":[],"class_list":["post-2448","product","type-product","status-publish","has-post-thumbnail","hentry","product_cat-slimming-machine"],"_links":{"self":[{"href":"https:\/\/www.mlkjlasers.com\/es\/wp-json\/wp\/v2\/product\/2448","targetHints":{"allow":["GET"]}}],"collection":[{"href":"https:\/\/www.mlkjlasers.com\/es\/wp-json\/wp\/v2\/product"}],"about":[{"href":"https:\/\/www.mlkjlasers.com\/es\/wp-json\/wp\/v2\/types\/product"}],"replies":[{"embeddable":true,"href":"https:\/\/www.mlkjlasers.com\/es\/wp-json\/wp\/v2\/comments?post=2448"}],"wp:featuredmedia":[{"embeddable":true,"href":"https:\/\/www.mlkjlasers.com\/es\/wp-json\/wp\/v2\/media\/3493"}],"wp:attachment":[{"href":"https:\/\/www.mlkjlasers.com\/es\/wp-json\/wp\/v2\/media?parent=2448"}],"wp:term":[{"taxonomy":"product_cat","embeddable":true,"href":"https:\/\/www.mlkjlasers.com\/es\/wp-json\/wp\/v2\/product_cat?post=2448"},{"taxonomy":"product_tag","embeddable":true,"href":"https:\/\/www.mlkjlasers.com\/es\/wp-json\/wp\/v2\/product_tag?post=2448"}],"curies":[{"name":"wp","href":"https:\/\/api.w.org\/{rel}","templated":true}]}}