{"id":261,"date":"2023-05-29T16:47:00","date_gmt":"2023-05-29T08:47:00","guid":{"rendered":"https:\/\/mingliang.leadsclouds.com\/?post_type=product&#038;p=261"},"modified":"2026-01-20T16:26:13","modified_gmt":"2026-01-20T08:26:13","slug":"e808v17-2in1","status":"publish","type":"product","link":"https:\/\/www.mlkjlasers.com\/es\/product\/e808v17-2in1\/","title":{"rendered":"Elight l\u00e1ser Diodo l\u00e1ser V17 2in1"},"content":{"rendered":"<table style=\"border-collapse: collapse; width: 100%; height: 168px;\">\n<tbody>\n<tr style=\"height: 24px;\">\n<td style=\"width: 50%; height: 24px;\"><span style=\"font-family: helvetica, arial, sans-serif; color: #000000;\"><b>Elight l\u00e1ser Diodo l\u00e1ser V17 2in1<\/b><\/span><\/td>\n<td style=\"width: 50%; height: 24px;\"><span style=\"font-family: helvetica, arial, sans-serif; color: #000000;\">N\u00famero de modelo: 2in1 V17<\/span><\/td>\n<\/tr>\n<tr style=\"height: 24px;\">\n<td style=\"width: 50%; height: 24px;\"><span style=\"font-family: helvetica, arial, sans-serif; color: #000000;\">Longitud de onda (Elight IPL): 420nm \/ 510nm \/ 560nm \/ 585nm \/ 640nm \/ 690nm \/ 755nm<\/span><\/td>\n<td style=\"width: 50%; height: 24px;\"><span style=\"font-family: helvetica, arial, sans-serif; color: #000000;\">Longitud de onda (l\u00e1ser de diodo): 755nm 808nm 1064nm<\/span><\/td>\n<\/tr>\n<tr style=\"height: 24px;\">\n<td style=\"width: 50%; height: 24px;\"><span style=\"font-family: helvetica, arial, sans-serif; color: #000000;\">Tama\u00f1o de la pantalla: pantalla t\u00e1ctil de color real de 14 pulgadas<\/span><\/td>\n<td style=\"width: 50%; height: 24px;\"><span style=\"font-family: helvetica, arial, sans-serif; color: #000000;\">Duraci\u00f3n del pulso: 10-300ms<\/span><\/td>\n<\/tr>\n<tr style=\"height: 24px;\">\n<td style=\"width: 50%; height: 24px;\"><span style=\"font-family: helvetica, arial, sans-serif; color: #000000;\">Frecuencia: 1-10hz<\/span><\/td>\n<td style=\"width: 50%; height: 24px;\"><span style=\"font-family: helvetica, arial, sans-serif; color: #000000;\">Tama\u00f1o del punto (Elight): 15 * 50mm<\/span><\/td>\n<\/tr>\n<tr style=\"height: 24px;\">\n<td style=\"width: 50%; height: 24px;\"><span style=\"font-family: helvetica, arial, sans-serif; color: #000000;\">Tama\u00f1o del punto (l\u00e1ser del diodo): 12 * 20mm y amp; 12 * 35 mm<\/span><\/td>\n<td style=\"width: 50%; height: 24px;\"><span style=\"font-family: helvetica, arial, sans-serif; color: #000000;\">Energ\u00eda: 1-150J \/ cm2<\/span><\/td>\n<\/tr>\n<tr style=\"height: 24px;\">\n<td style=\"width: 50%; height: 24px;\"><span style=\"font-family: helvetica, arial, sans-serif; color: #000000;\">Enfriamiento: enfriamiento de aire de enfriamiento por agua TEC &lt; br&gt; Refrigeraci\u00f3n del condensador<\/span><\/td>\n<td style=\"width: 50%; height: 24px;\"><span style=\"font-family: helvetica, arial, sans-serif; color: #000000;\">Tensi\u00f3n: AC220V \/ 110V 50HZ \/ 60HZ<\/span><\/td>\n<\/tr>\n<tr style=\"height: 24px;\">\n<td style=\"width: 50%; height: 24px;\"><span style=\"font-family: helvetica, arial, sans-serif; color: #000000;\">Demencia de la m\u00e1quina: Caja de aluminio<\/span><\/td>\n<td style=\"width: 50%; height: 24px;\"><span style=\"font-family: helvetica, arial, sans-serif; color: #000000;\">Garant\u00eda: 2 a\u00f1os<\/span><\/td>\n<\/tr>\n<\/tbody>\n<\/table>\n<div class=\"des2\">\n<div class=\"des_box1\">\n<div class=\"des_detail\">\n<div class=\"des_detail\">\n<p>&nbsp;<\/p>\n<p><span style=\"font-family: helvetica, arial, sans-serif; color: #000000;\"><img fetchpriority=\"high\" decoding=\"async\" class=\"aligncenter wp-image-1941\" src=\"https:\/\/mlkjlasers.com\/wp-content\/uploads\/2023\/05\/v17\u4e8c\u5408\u4e00\u8be6\u60c5\u9875_02.jpg\" alt=\"\" width=\"1920\" height=\"1281\" srcset=\"https:\/\/www.mlkjlasers.com\/wp-content\/uploads\/2023\/05\/v17\u4e8c\u5408\u4e00\u8be6\u60c5\u9875_02.jpg 790w, https:\/\/www.mlkjlasers.com\/wp-content\/uploads\/2023\/05\/v17\u4e8c\u5408\u4e00\u8be6\u60c5\u9875_02-300x200.jpg 300w, https:\/\/www.mlkjlasers.com\/wp-content\/uploads\/2023\/05\/v17\u4e8c\u5408\u4e00\u8be6\u60c5\u9875_02-768x512.jpg 768w, https:\/\/www.mlkjlasers.com\/wp-content\/uploads\/2023\/05\/v17\u4e8c\u5408\u4e00\u8be6\u60c5\u9875_02-600x400.jpg 600w\" sizes=\"(max-width: 1920px) 100vw, 1920px\" \/><\/span><\/p>\n<p>&nbsp;<\/p>\n<p><span style=\"font-family: helvetica, arial, sans-serif; color: #000000;\">M\u00e1quina de combinaci\u00f3n multifuncional rentable, Diodo l\u00e1ser Elight \/ IPL manijas en una m\u00e1quina<\/span><br \/>\n<span style=\"font-family: helvetica, arial, sans-serif; color: #000000;\">Sal\u00f3n multifuncional favorito Ipl elight piel tierna y quitar pechas diodo m\u00e1quina de depilaci\u00f3n l\u00e1ser<\/span><\/p>\n<p><span style=\"font-family: helvetica, arial, sans-serif; color: #000000;\"><img decoding=\"async\" class=\"aligncenter wp-image-1943\" src=\"https:\/\/mlkjlasers.com\/wp-content\/uploads\/2023\/05\/v17\u4e8c\u5408\u4e00\u8be6\u60c5\u9875_04.jpg\" alt=\"\" width=\"1920\" height=\"1976\" srcset=\"https:\/\/www.mlkjlasers.com\/wp-content\/uploads\/2023\/05\/v17\u4e8c\u5408\u4e00\u8be6\u60c5\u9875_04.jpg 790w, https:\/\/www.mlkjlasers.com\/wp-content\/uploads\/2023\/05\/v17\u4e8c\u5408\u4e00\u8be6\u60c5\u9875_04-292x300.jpg 292w, https:\/\/www.mlkjlasers.com\/wp-content\/uploads\/2023\/05\/v17\u4e8c\u5408\u4e00\u8be6\u60c5\u9875_04-768x790.jpg 768w, https:\/\/www.mlkjlasers.com\/wp-content\/uploads\/2023\/05\/v17\u4e8c\u5408\u4e00\u8be6\u60c5\u9875_04-600x617.jpg 600w\" sizes=\"(max-width: 1920px) 100vw, 1920px\" \/><\/span><\/p>\n<p>&nbsp;<\/p>\n<p><span style=\"font-family: helvetica, arial, sans-serif; color: #000000;\">Manija l\u00e1ser de diodo para depilaci\u00f3n permanente e indolora de cara y cuerpo con cabeza de tratamiento grande y peque\u00f1a.<\/span><br \/>\n<span style=\"font-family: helvetica, arial, sans-serif; color: #000000;\">Ahora la tecnolog\u00eda con alta potencia y pulso corto asegura que: antes de que el cuerpo sienta dolor, el disparo de luz hab\u00eda terminado. Todo el proceso es muy c\u00f3modo, no siente dolor. Por lo general, 3-5 sesiones pueden lograr la depilaci\u00f3n permanente.<\/span><\/p>\n<p>&nbsp;<\/p>\n<p><span style=\"font-family: helvetica, arial, sans-serif; color: #000000;\"><img decoding=\"async\" class=\"aligncenter\" src=\"https:\/\/cdn.cloudbf.com\/thumb\/format\/mini_xsize\/files\/28\/img\/2021\/12\/20\/v17-5_1LoKen.png.webp\" width=\"1564\" height=\"1503\" \/><\/span><\/p>\n<p><span style=\"font-family: helvetica, arial, sans-serif; color: #000000;\">Manija l\u00e1ser de diodo, el haz l\u00e1ser de alta energ\u00eda penetra instant\u00e1neamente en la piel y alcanza el fol\u00edculo piloso durante el tratamiento, la luz de salida es absorbida por la melanina en el fol\u00edculo piloso, destruyendo as\u00ed el fol\u00edculo piloso y alcanzando la depilaci\u00f3n permanente. El ancho del pulso l\u00e1ser se ajusta m\u00e1s corto que el tiempo que el cuerpo humano&#8217; s tiempo de sensaci\u00f3n, un solo tiro de luz ha terminado, pero el cuerpo humano cay\u00f3 indoloro, entonces podr\u00eda lograr la sensaci\u00f3n de tratamiento indoloro, para mejorar el cliente&#8217; experiencia c\u00f3moda.<\/span><\/p>\n<p>&nbsp;<\/p>\n<p><span style=\"font-family: helvetica, arial, sans-serif; color: #000000;\"><img loading=\"lazy\" decoding=\"async\" class=\"aligncenter wp-image-1931\" src=\"https:\/\/mlkjlasers.com\/wp-content\/uploads\/2023\/07\/\u5bf9\u6bd4-1024x393.jpg\" alt=\"\" width=\"1920\" height=\"738\" srcset=\"https:\/\/www.mlkjlasers.com\/wp-content\/uploads\/2023\/07\/\u5bf9\u6bd4-1024x393.jpg 1024w, https:\/\/www.mlkjlasers.com\/wp-content\/uploads\/2023\/07\/\u5bf9\u6bd4-300x115.jpg 300w, https:\/\/www.mlkjlasers.com\/wp-content\/uploads\/2023\/07\/\u5bf9\u6bd4-768x295.jpg 768w, https:\/\/www.mlkjlasers.com\/wp-content\/uploads\/2023\/07\/\u5bf9\u6bd4-600x231.jpg 600w, https:\/\/www.mlkjlasers.com\/wp-content\/uploads\/2023\/07\/\u5bf9\u6bd4.jpg 1200w\" sizes=\"(max-width: 1920px) 100vw, 1920px\" \/><\/span><\/p>\n<\/div>\n<\/div>\n<p><span style=\"font-size: 14pt; font-family: helvetica, arial, sans-serif; color: #000000;\"><strong>Elight para la depilaci\u00f3n rejuvenecimiento de la piel<\/strong><\/span><\/p>\n<div class=\"des\">\n<div class=\"des_detail\">\n<div class=\"des_detail\">\n<p><span style=\"font-family: helvetica, arial, sans-serif; color: #000000;\"><img loading=\"lazy\" decoding=\"async\" class=\"aligncenter\" src=\"https:\/\/cdn.cloudbf.com\/thumb\/format\/mini_xsize\/files\/28\/img\/2021\/12\/20\/v17-9_ja6G3P.png.webp\" width=\"1586\" height=\"1264\" \/><\/span><span style=\"font-family: helvetica, arial, sans-serif; color: #000000;\">1. l\u00e1mpara del Reino Unido, disparos m\u00e1s de 300.000 veces<\/span><br \/>\n<span style=\"font-family: helvetica, arial, sans-serif; color: #000000;\">2. 7 filtro, podr\u00eda hacer m\u00e1s funci\u00f3n<\/span><br \/>\n<span style=\"font-family: helvetica, arial, sans-serif; color: #000000;\">3. tama\u00f1o del punto grande 15 * 35mm, para el tratamiento r\u00e1pido<\/span><br \/>\n<span style=\"font-family: helvetica, arial, sans-serif; color: #000000;\">4. El enfriamiento s\u00faper reduce el doloroso, hace que los pacientes sean m\u00e1s c\u00f3modos<\/span><\/p>\n<p><img loading=\"lazy\" decoding=\"async\" class=\"aligncenter wp-image-1944\" src=\"https:\/\/mlkjlasers.com\/wp-content\/uploads\/2023\/05\/v17\u4e8c\u5408\u4e00\u8be6\u60c5\u9875_05-e1690185469102.jpg\" alt=\"\" width=\"1920\" height=\"1496\" srcset=\"https:\/\/www.mlkjlasers.com\/wp-content\/uploads\/2023\/05\/v17\u4e8c\u5408\u4e00\u8be6\u60c5\u9875_05-e1690185469102.jpg 784w, https:\/\/www.mlkjlasers.com\/wp-content\/uploads\/2023\/05\/v17\u4e8c\u5408\u4e00\u8be6\u60c5\u9875_05-e1690185469102-300x234.jpg 300w, https:\/\/www.mlkjlasers.com\/wp-content\/uploads\/2023\/05\/v17\u4e8c\u5408\u4e00\u8be6\u60c5\u9875_05-e1690185469102-768x599.jpg 768w, https:\/\/www.mlkjlasers.com\/wp-content\/uploads\/2023\/05\/v17\u4e8c\u5408\u4e00\u8be6\u60c5\u9875_05-e1690185469102-600x468.jpg 600w\" sizes=\"(max-width: 1920px) 100vw, 1920px\" \/><\/p>\n<p><span style=\"font-family: helvetica, arial, sans-serif; color: #000000;\"><strong>\u00a0E-luz IPL para la eliminaci\u00f3n del pelo\/rejuvenecimiento de la piel\/trabajo vascular\/tratamiento de la pigmentaci\u00f3n\/acn\u00e9 clearance&#8230; &#8230; &#8230;<\/strong><\/span><\/p>\n<p><span style=\"font-family: helvetica, arial, sans-serif; color: #000000;\">* La absorci\u00f3n de energ\u00eda no se ve afectada por la barrera del pigmento.<\/span><br \/>\n<span style=\"font-family: helvetica, arial, sans-serif; color: #000000;\">* Puede usarse en piel oscura y cabello fino claro<\/span><br \/>\n<span style=\"font-family: helvetica, arial, sans-serif; color: #000000;\">* La luz pulsada de baja energ\u00eda reduce el riesgo de quemaduras en la piel y sensaci\u00f3n de dolor.<\/span><br \/>\n<span style=\"font-family: helvetica, arial, sans-serif; color: #000000;\">* Elimina los efectos secundarios causados por el sobrecalentamiento de la energ\u00eda de luz.<\/span><br \/>\n<span style=\"font-family: helvetica, arial, sans-serif; color: #000000;\">* Dispositivo de seguridad \u00fanico, protecci\u00f3n segura de la piel.<\/span><br \/>\n<span style=\"font-family: helvetica, arial, sans-serif; color: #000000;\">* La cabeza de tratamiento est\u00e1 directamente unida a la piel, no hay necesidad de medir la distancia de la piel, f\u00e1cil de dominar.<\/span><br \/>\n<span style=\"font-family: helvetica, arial, sans-serif; color: #000000;\">* Tecnolog\u00eda de enfriamiento de la piel, haciendo cl\u00ednica m\u00e1s segura y c\u00f3moda.<\/span><\/p>\n<p><span style=\"font-family: helvetica, arial, sans-serif; color: #000000;\"><img loading=\"lazy\" decoding=\"async\" class=\"aligncenter\" src=\"https:\/\/cdn.cloudbf.com\/thumb\/format\/mini_xsize\/files\/28\/img\/2021\/12\/28\/ipl-a6_12_mna3y7.jpg.webp\" width=\"1557\" height=\"948\" \/><\/span><\/p>\n<p><span style=\"font-family: helvetica, arial, sans-serif; color: #000000;\"><img loading=\"lazy\" decoding=\"async\" class=\"aligncenter\" src=\"https:\/\/cdn.cloudbf.com\/thumb\/format\/mini_xsize\/files\/28\/img\/2023\/06\/26\/v17_03_XVyBgD.jpg.webp\" alt=\"\" width=\"1554\" height=\"1039\" \/><\/span><\/p>\n<p style=\"text-align: left;\"><span style=\"font-family: helvetica, arial, sans-serif; color: #000000;\">Ventajas<\/span><br \/>\n<span style=\"font-family: helvetica, arial, sans-serif; color: #000000;\">Refrigeraci\u00f3n de un minuto<\/span><br \/>\n<span style=\"font-family: helvetica, arial, sans-serif; color: #000000;\">R\u00e1pida, indolora, depilaci\u00f3n permanente Bajo ruido del sistema y fuerte efecto de refrigeraci\u00f3n<\/span><br \/>\n<span style=\"font-family: helvetica, arial, sans-serif; color: #000000;\">24 horas de trabajo continuo<\/span><br \/>\n<span style=\"font-family: helvetica, arial, sans-serif; color: #000000;\">Reducir el tiempo de preparaci\u00f3n<\/span><br \/>\n<span style=\"font-family: helvetica, arial, sans-serif; color: #000000;\">Amplie su base de pacientes<\/span><br \/>\n<span style=\"font-family: helvetica, arial, sans-serif; color: #000000;\">Aumentar su beneficio Adecuado para el tratamiento de todas las partes del cuerpo<\/span><\/p>\n<p><img loading=\"lazy\" decoding=\"async\" class=\"aligncenter wp-image-1940\" src=\"https:\/\/mlkjlasers.com\/wp-content\/uploads\/2023\/05\/v17\u4e8c\u5408\u4e00\u8be6\u60c5\u9875_01.jpg\" alt=\"\" width=\"1920\" height=\"1281\" srcset=\"https:\/\/www.mlkjlasers.com\/wp-content\/uploads\/2023\/05\/v17\u4e8c\u5408\u4e00\u8be6\u60c5\u9875_01.jpg 790w, https:\/\/www.mlkjlasers.com\/wp-content\/uploads\/2023\/05\/v17\u4e8c\u5408\u4e00\u8be6\u60c5\u9875_01-300x200.jpg 300w, https:\/\/www.mlkjlasers.com\/wp-content\/uploads\/2023\/05\/v17\u4e8c\u5408\u4e00\u8be6\u60c5\u9875_01-768x512.jpg 768w, https:\/\/www.mlkjlasers.com\/wp-content\/uploads\/2023\/05\/v17\u4e8c\u5408\u4e00\u8be6\u60c5\u9875_01-600x400.jpg 600w\" sizes=\"(max-width: 1920px) 100vw, 1920px\" \/><\/p>\n<div class=\"img_b\">\n<p><span style=\"font-family: helvetica, arial, sans-serif; color: #000000;\"><img loading=\"lazy\" decoding=\"async\" class=\"aligncenter\" src=\"https:\/\/www.exfulaser.com\/uploads\/20230130\/%E5%B1%8F%E5%B9%95.jpg\" alt=\"\" width=\"1553\" height=\"1197\" \/><\/span><\/p>\n<p><span style=\"color: #000000; font-family: helvetica, arial, sans-serif; font-size: 14pt;\"><strong>Pantalla 4K de 14 pulgadas, experiencia t\u00e1ctil inteligente<\/strong><\/span><br \/>\n<span style=\"color: #000000; font-family: helvetica, arial, sans-serif;\">* Preajustes de tratamiento personalizables<\/span><br \/>\n<span style=\"color: #000000; font-family: helvetica, arial, sans-serif;\">* Con masculino y femenino, 6 estilos de piel para elegir<\/span><br \/>\n<span style=\"color: #000000; font-family: helvetica, arial, sans-serif;\">* F\u00e1cil de operar proporcionando habilidades de operaci\u00f3n \/ servicios de ense\u00f1anza<\/span><br \/>\n<span style=\"color: #000000; font-family: helvetica, arial, sans-serif;\">* El logotipo y el idioma gratis se pueden personalizar en la pantalla<\/span><\/p>\n<p>&nbsp;<\/p>\n<\/div>\n<\/div>\n<\/div>\n<p><span style=\"font-size: 14pt; color: #0000ff;\"><a style=\"color: #0000ff;\" href=\"https:\/\/www.mlkjlasers.com\/es\/contact-us\/\"><em><span style=\"font-family: helvetica, arial, sans-serif;\">\u00a1Conoce m\u00e1s detalles del producto!<\/span><\/em><\/a><\/span><br \/>\n<span style=\"color: #0000ff;\"><a style=\"color: #0000ff;\" href=\"https:\/\/www.mlkjlasers.com\/es\/contact-us\/\"><span style=\"font-size: 14pt;\"><em><span style=\"font-family: helvetica, arial, sans-serif;\">\u00a1Pregunte precios!<\/span><\/em><\/span><\/a><\/span><br \/>\n<span style=\"color: #0000ff;\"><a style=\"color: #0000ff;\" href=\"https:\/\/www.mlkjlasers.com\/es\/contact-us\/\"><span style=\"font-size: 14pt;\"><em><span style=\"font-family: helvetica, arial, sans-serif;\">\u00a1Convi\u00e9rtete en agente!<\/span><\/em><\/span><\/a><\/span><br \/>\n<span style=\"color: #0000ff;\"><a style=\"color: #0000ff;\" href=\"https:\/\/www.mlkjlasers.com\/es\/contact-us\/\"><span style=\"font-size: 14pt;\"><em><span style=\"font-family: helvetica, arial, sans-serif;\">Bienvenido a consultar!<\/span><\/em><\/span><\/a><\/span><\/p>\n<p>&nbsp;<\/p>\n<\/div>\n<\/div>\n<\/div>","protected":false},"excerpt":{"rendered":"<p>Manija l\u00e1ser de diodo, el haz l\u00e1ser de alta energ\u00eda penetra instant\u00e1neamente en la piel y alcanza el fol\u00edculo piloso durante el tratamiento, la luz de salida es absorbida por la melanina en el fol\u00edculo piloso, destruyendo as\u00ed el fol\u00edculo piloso y alcanzando la depilaci\u00f3n permanente. El ancho del pulso l\u00e1ser se ajusta m\u00e1s corto que el tiempo que el cuerpo humano&#8217; s tiempo de sensaci\u00f3n, un solo tiro de luz ha terminado, pero el cuerpo humano cay\u00f3 indoloro, entonces podr\u00eda lograr la sensaci\u00f3n de tratamiento indoloro, para mejorar el cliente&#8217; experiencia c\u00f3moda.<\/p>\n<p>E-luz IPL para la eliminaci\u00f3n del pelo\/rejuvenecimiento de la piel\/trabajo vascular\/tratamiento de la pigmentaci\u00f3n\/acn\u00e9 clearance&#8230;<br \/>\n* La absorci\u00f3n de energ\u00eda no se ve afectada por la barrera del pigmento.<br \/>\n* Puede usarse en piel oscura y cabello fino claro<br \/>\n* La luz pulsada de baja energ\u00eda reduce el riesgo de quemaduras en la piel y sensaci\u00f3n de dolor.<\/p>","protected":false},"featured_media":1951,"comment_status":"open","ping_status":"closed","template":"","meta":[],"product_cat":[29],"product_tag":[],"class_list":["post-261","product","type-product","status-publish","has-post-thumbnail","hentry","product_cat-multifunction-beauty-machine"],"_links":{"self":[{"href":"https:\/\/www.mlkjlasers.com\/es\/wp-json\/wp\/v2\/product\/261","targetHints":{"allow":["GET"]}}],"collection":[{"href":"https:\/\/www.mlkjlasers.com\/es\/wp-json\/wp\/v2\/product"}],"about":[{"href":"https:\/\/www.mlkjlasers.com\/es\/wp-json\/wp\/v2\/types\/product"}],"replies":[{"embeddable":true,"href":"https:\/\/www.mlkjlasers.com\/es\/wp-json\/wp\/v2\/comments?post=261"}],"wp:featuredmedia":[{"embeddable":true,"href":"https:\/\/www.mlkjlasers.com\/es\/wp-json\/wp\/v2\/media\/1951"}],"wp:attachment":[{"href":"https:\/\/www.mlkjlasers.com\/es\/wp-json\/wp\/v2\/media?parent=261"}],"wp:term":[{"taxonomy":"product_cat","embeddable":true,"href":"https:\/\/www.mlkjlasers.com\/es\/wp-json\/wp\/v2\/product_cat?post=261"},{"taxonomy":"product_tag","embeddable":true,"href":"https:\/\/www.mlkjlasers.com\/es\/wp-json\/wp\/v2\/product_tag?post=261"}],"curies":[{"name":"wp","href":"https:\/\/api.w.org\/{rel}","templated":true}]}}