{"id":268,"date":"2023-05-29T16:51:51","date_gmt":"2023-05-29T08:51:51","guid":{"rendered":"https:\/\/mingliang.leadsclouds.com\/?post_type=product&#038;p=268"},"modified":"2026-01-27T17:06:24","modified_gmt":"2026-01-27T09:06:24","slug":"exfu-11d-hifu-machine","status":"publish","type":"product","link":"https:\/\/www.mlkjlasers.com\/es\/product\/exfu-11d-hifu-machine\/","title":{"rendered":"Ultrasonido enfocado de alta intensidad de la m\u00e1quina EXFU 11D HIFU"},"content":{"rendered":"<div class=\"se3_item\">\n<table style=\"border-collapse: collapse; width: 100%; height: 267px;\">\n<tbody>\n<tr style=\"height: 24px;\">\n<td style=\"width: 50%; height: 24px;\"><span style=\"font-family: helvetica, arial, sans-serif; color: #000000; font-size: 14pt;\"><b>M\u00e1quina EXFU 11D HIFU<\/b><\/span><\/td>\n<td style=\"width: 50%; height: 24px;\"><\/td>\n<\/tr>\n<tr style=\"height: 24px;\">\n<td style=\"width: 50%; height: 24px;\">\n<div><span style=\"font-family: helvetica, arial, sans-serif; color: #000000; font-size: 14pt;\">modelo<\/span><\/div>\n<\/td>\n<td style=\"width: 50%; height: 24px;\">\n<div><span style=\"font-family: helvetica, arial, sans-serif; color: #000000; font-size: 14pt;\">Ultrasonido enfocado en el dispositivo de terapia 7D<\/span><\/div>\n<\/td>\n<\/tr>\n<tr style=\"height: 24px;\">\n<td style=\"width: 50%; height: 24px;\">\n<div><span style=\"font-family: helvetica, arial, sans-serif; color: #000000; font-size: 14pt;\">Nombre<\/span><\/div>\n<\/td>\n<td style=\"width: 50%; height: 24px;\">\n<div><span style=\"font-family: helvetica, arial, sans-serif; color: #000000; font-size: 14pt;\">Ultrasonido enfocado de alta intensidad<\/span><\/div>\n<\/td>\n<\/tr>\n<tr style=\"height: 27px;\">\n<td style=\"width: 50%; height: 51px;\" rowspan=\"2\">\n<div><span style=\"font-family: helvetica, arial, sans-serif; color: #000000; font-size: 14pt;\">Manijas<\/span><\/div>\n<\/td>\n<td style=\"width: 50%; height: 27px;\">\n<div><span style=\"font-family: helvetica, arial, sans-serif; color: #000000; font-size: 14pt;\">Facial: 1.5mm, 3.0mm, 4.5mm<\/span><\/div>\n<\/td>\n<\/tr>\n<tr style=\"height: 24px;\">\n<td style=\"width: 50%; height: 24px;\">\n<div><span style=\"font-family: helvetica, arial, sans-serif; color: #000000; font-size: 14pt;\">HF: MF2\/6\/9\/13 L4-4.5 L7-1.5 L7-3.0<\/span><\/div>\n<\/td>\n<\/tr>\n<tr style=\"height: 24px;\">\n<td style=\"width: 50%; height: 24px;\">\n<div><span style=\"font-family: helvetica, arial, sans-serif; color: #000000; font-size: 14pt;\">Producci\u00f3n de energ\u00eda<\/span><\/div>\n<\/td>\n<td style=\"width: 50%; height: 24px;\">\n<div><span style=\"font-family: helvetica, arial, sans-serif; color: #000000; font-size: 14pt;\">0.1J-2.5J (0.1J por paso)<\/span><\/div>\n<\/td>\n<\/tr>\n<tr style=\"height: 24px;\">\n<td style=\"width: 50%; height: 24px;\">\n<div><span style=\"font-family: helvetica, arial, sans-serif; color: #000000; font-size: 14pt;\">Espacio entre puntos<\/span><\/div>\n<\/td>\n<td style=\"width: 50%; height: 24px;\">\n<div><span style=\"font-family: helvetica, arial, sans-serif; color: #000000; font-size: 14pt;\">1.0mm-4.0mm<\/span><\/div>\n<\/td>\n<\/tr>\n<tr style=\"height: 24px;\">\n<td style=\"width: 50%; height: 24px;\">\n<div><span style=\"font-family: helvetica, arial, sans-serif; color: #000000; font-size: 14pt;\">Longitud del tiro<\/span><\/div>\n<\/td>\n<td style=\"width: 50%; height: 24px;\">\n<div><span style=\"font-family: helvetica, arial, sans-serif; color: #000000; font-size: 14pt;\">5 mm-25 mm<\/span><\/div>\n<\/td>\n<\/tr>\n<tr style=\"height: 24px;\">\n<td style=\"width: 50%; height: 24px;\">\n<div><span style=\"font-family: helvetica, arial, sans-serif; color: #000000; font-size: 14pt;\">disparos<\/span><\/div>\n<\/td>\n<td style=\"width: 50%; height: 24px;\">\n<div><span style=\"font-family: helvetica, arial, sans-serif; color: #000000; font-size: 14pt;\">Cada cartucho 300000 disparos<\/span><\/div>\n<\/td>\n<\/tr>\n<tr style=\"height: 24px;\">\n<td style=\"width: 50%; height: 24px;\">\n<div><span style=\"font-family: helvetica, arial, sans-serif; color: #000000; font-size: 14pt;\">Tama\u00f1o de pantalla<\/span><\/div>\n<\/td>\n<td style=\"width: 50%; height: 24px;\">\n<div><span style=\"font-family: helvetica, arial, sans-serif; color: #000000; font-size: 14pt;\">15 pulgadas<\/span><\/div>\n<\/td>\n<\/tr>\n<tr style=\"height: 24px;\">\n<td style=\"width: 50%; height: 24px;\">\n<div><span style=\"font-family: helvetica, arial, sans-serif; color: #000000; font-size: 14pt;\">Voltaje<\/span><\/div>\n<\/td>\n<td style=\"width: 50%; height: 24px;\">\n<div><span style=\"font-family: helvetica, arial, sans-serif; color: #000000; font-size: 14pt;\">110V-240V, 50\/60Hz<\/span><\/div>\n<\/td>\n<\/tr>\n<\/tbody>\n<\/table>\n<\/div>\n<p><span style=\"font-family: helvetica, arial, sans-serif; color: #000000; font-size: 14pt;\">\u00a0\u00a0<img fetchpriority=\"high\" decoding=\"async\" class=\"aligncenter wp-image-1872\" src=\"https:\/\/mlkjlasers.com\/wp-content\/uploads\/2023\/05\/11D-HIFU-\u6d77\u62a5-3-e1689996250612.jpg\" alt=\"\" width=\"1920\" height=\"979\" srcset=\"https:\/\/www.mlkjlasers.com\/wp-content\/uploads\/2023\/05\/11D-HIFU-\u6d77\u62a5-3-e1689996250612.jpg 1200w, https:\/\/www.mlkjlasers.com\/wp-content\/uploads\/2023\/05\/11D-HIFU-\u6d77\u62a5-3-e1689996250612-300x153.jpg 300w, https:\/\/www.mlkjlasers.com\/wp-content\/uploads\/2023\/05\/11D-HIFU-\u6d77\u62a5-3-e1689996250612-1024x522.jpg 1024w, https:\/\/www.mlkjlasers.com\/wp-content\/uploads\/2023\/05\/11D-HIFU-\u6d77\u62a5-3-e1689996250612-768x392.jpg 768w, https:\/\/www.mlkjlasers.com\/wp-content\/uploads\/2023\/05\/11D-HIFU-\u6d77\u62a5-3-e1689996250612-600x306.jpg 600w\" sizes=\"(max-width: 1920px) 100vw, 1920px\" \/><\/span><\/p>\n<p><span style=\"font-family: helvetica, arial, sans-serif; color: #000000; font-size: 14pt;\"><strong>Profundidad de la m\u00e1quina de penetraci\u00f3n EXFU 11D HIFU<\/strong><br \/>\n<strong>Gamas de aplicaci\u00f3n:<\/strong><br \/>\n1. Elimina las arrugas alrededor de la frente, los ojos, la boca, etc.<br \/>\n2. Levantar y apretar la piel de ambas mejillas.<br \/>\n3. Mejorar la elasticidad de la piel y dar forma al contorno.<br \/>\n4. Mejorar la l\u00ednea de mand\u00edbula, reduciendo &#8220; l\u00edneas de marioneta&#8221;.<br \/>\n5. Ajustar el tejido de la piel en la frente, levantando las l\u00edneas de las cejas.<br \/>\n6. Mejorar la piel, haciendo la piel delicada y brillante.<br \/>\n7. Compatibilidad con la belleza de inyecci\u00f3n como \u00e1cido hialur\u00f3nico, col\u00e1geno, para resolver m\u00e1s problema de envejecimiento.<br \/>\n8. Eliminar las arrugas del cuello, protegiendo el envejecimiento del cuello.<\/span><\/p>\n<p><span style=\"font-family: helvetica, arial, sans-serif; color: #000000; font-size: 14pt;\">\u00a0 \u00a0 \u00a0 \u00a0 \u00a0<\/span><\/p>\n<div class=\"se3_item\">\n<div class=\"des1\" style=\"text-align: left;\">\n<div class=\"l left\"><span style=\"font-family: helvetica, arial, sans-serif; color: #000000; font-size: 14pt;\"><img decoding=\"async\" class=\"aligncenter wp-image-1867\" src=\"https:\/\/mlkjlasers.com\/wp-content\/uploads\/2023\/05\/7D\u6cbb\u7597\u5934.png\" alt=\"\" width=\"1920\" height=\"2234\" srcset=\"https:\/\/www.mlkjlasers.com\/wp-content\/uploads\/2023\/05\/7D\u6cbb\u7597\u5934.png 1058w, https:\/\/www.mlkjlasers.com\/wp-content\/uploads\/2023\/05\/7D\u6cbb\u7597\u5934-258x300.png 258w, https:\/\/www.mlkjlasers.com\/wp-content\/uploads\/2023\/05\/7D\u6cbb\u7597\u5934-880x1024.png 880w, https:\/\/www.mlkjlasers.com\/wp-content\/uploads\/2023\/05\/7D\u6cbb\u7597\u5934-768x894.png 768w, https:\/\/www.mlkjlasers.com\/wp-content\/uploads\/2023\/05\/7D\u6cbb\u7597\u5934-600x698.png 600w\" sizes=\"(max-width: 1920px) 100vw, 1920px\" \/><\/span><\/div>\n<div><\/div>\n<\/div>\n<\/div>\n<div><\/div>\n<div><\/div>\n<div class=\"se3_item\">\n<div class=\"des1\" style=\"text-align: left;\">\n<div class=\"r right\">\n<p><span style=\"font-family: helvetica, arial, sans-serif; color: #000000; font-size: 14pt;\">\u2022 Ultrasonido, (<strong>HIFU<\/strong>proporciona energ\u00eda de ultrasonido enfocada a la misma capa fundamental (SMAS) t\u00edpicamente abordada por los cirujanos durante la cirug\u00eda est\u00e9tica.<\/span><\/p>\n<p><span style=\"font-family: helvetica, arial, sans-serif; color: #000000; font-size: 14pt;\">A diferencia de los l\u00e1seres, radiofrecuencia y otros dispositivos, el dispositivo HIFU elude la superficie de la piel para entregar energ\u00eda a profundidades \u00f3ptimas.<\/span><\/p>\n<p><span style=\"font-family: helvetica, arial, sans-serif; color: #000000; font-size: 14pt;\">Los resultados ocurren al instante, pero mejor aparecen durante dos a tres meses a medida que se acumula nuevo col\u00e1geno, levantando gradualmente y apretando la piel.<\/span><\/p>\n<p><span style=\"font-family: helvetica, arial, sans-serif; color: #000000; font-size: 14pt;\">\u2022 El proceso contin\u00faa hasta 6 meses despu\u00e9s del tratamiento.<\/span><\/p>\n<p>&nbsp;<\/p>\n<\/div>\n<\/div>\n<\/div>\n<p><span style=\"font-family: helvetica, arial, sans-serif; color: #000000; font-size: 14pt;\"><img decoding=\"async\" class=\"aligncenter wp-image-1879\" src=\"https:\/\/mlkjlasers.com\/wp-content\/uploads\/2023\/05\/11D-HIFU\u8be6\u60c5-4.jpg\" alt=\"\" width=\"1920\" height=\"2214\" srcset=\"https:\/\/www.mlkjlasers.com\/wp-content\/uploads\/2023\/05\/11D-HIFU\u8be6\u60c5-4.jpg 1200w, https:\/\/www.mlkjlasers.com\/wp-content\/uploads\/2023\/05\/11D-HIFU\u8be6\u60c5-4-260x300.jpg 260w, https:\/\/www.mlkjlasers.com\/wp-content\/uploads\/2023\/05\/11D-HIFU\u8be6\u60c5-4-888x1024.jpg 888w, https:\/\/www.mlkjlasers.com\/wp-content\/uploads\/2023\/05\/11D-HIFU\u8be6\u60c5-4-768x886.jpg 768w, https:\/\/www.mlkjlasers.com\/wp-content\/uploads\/2023\/05\/11D-HIFU\u8be6\u60c5-4-600x692.jpg 600w\" sizes=\"(max-width: 1920px) 100vw, 1920px\" \/><\/span><\/p>\n<div class=\"se3_item\">\n<div class=\"des2\">\n<div class=\"des_box1\">\n<p style=\"text-align: left;\"><span style=\"font-family: helvetica, arial, sans-serif; color: #000000; font-size: 14pt;\">Terapia de ultrasonidos avanzada<\/span><\/p>\n<p style=\"text-align: left;\"><span style=\"font-family: helvetica, arial, sans-serif; color: #000000; font-size: 14pt;\">1. Tratamiento no quir\u00fargico del levantamiento facial, el apriete y el sistema de formaci\u00f3n del contorno del cuerpo;<\/span><\/p>\n<p style=\"text-align: left;\"><span style=\"font-family: helvetica, arial, sans-serif; color: #000000; font-size: 14pt;\">2.El mundo&#8217; la \u00faltima tecnolog\u00eda de ultrasonido enfocada en alta energ\u00eda;<\/span><\/p>\n<p style=\"text-align: left;\"><span style=\"font-family: helvetica, arial, sans-serif; color: #000000; font-size: 14pt;\">3. no invasivo, seguro, r\u00e1pido, c\u00f3modo y efectivo;<\/span><\/p>\n<p style=\"text-align: left;\"><span style=\"font-family: helvetica, arial, sans-serif; color: #000000; font-size: 14pt;\">4.7 cartucho facial 1.5mm, 2.0mm, 3.0mm y 4.5mm;<\/span><\/p>\n<p style=\"text-align: left;\"><span style=\"font-family: helvetica, arial, sans-serif; color: #000000; font-size: 14pt;\">5. La profundidad de la sonda de 6 mm, 9 mm y 13 mm puede tratar de manera integral el envejecimiento de la piel;<\/span><\/p>\n<p style=\"text-align: left;\"><span style=\"font-family: helvetica, arial, sans-serif; color: #000000; font-size: 14pt;\">6.La sonda de 2,0 mm es \u00fanica en el mundo y se puede operar en todos los aspectos sin zona prohibida;<\/span><\/p>\n<p style=\"text-align: left;\"><span style=\"font-family: helvetica, arial, sans-serif; color: #000000; font-size: 14pt;\">7.Face levantamiento, apretamiento de la piel, y la disoluci\u00f3n de grasa, puede hacer en una m\u00e1quina.<\/span><\/p>\n<p><span style=\"font-family: helvetica, arial, sans-serif; color: #000000; font-size: 14pt;\">\u00a0<\/span><\/p>\n<p><span style=\"font-family: helvetica, arial, sans-serif; color: #000000; font-size: 14pt;\"><img loading=\"lazy\" decoding=\"async\" class=\"aligncenter wp-image-1881\" src=\"https:\/\/mlkjlasers.com\/wp-content\/uploads\/2023\/05\/11D-HIFU\u8be6\u60c5-6-e1689994625795.jpg\" alt=\"\" width=\"1920\" height=\"754\" srcset=\"https:\/\/www.mlkjlasers.com\/wp-content\/uploads\/2023\/05\/11D-HIFU\u8be6\u60c5-6-e1689994625795.jpg 1200w, https:\/\/www.mlkjlasers.com\/wp-content\/uploads\/2023\/05\/11D-HIFU\u8be6\u60c5-6-e1689994625795-300x118.jpg 300w, https:\/\/www.mlkjlasers.com\/wp-content\/uploads\/2023\/05\/11D-HIFU\u8be6\u60c5-6-e1689994625795-1024x402.jpg 1024w, https:\/\/www.mlkjlasers.com\/wp-content\/uploads\/2023\/05\/11D-HIFU\u8be6\u60c5-6-e1689994625795-768x301.jpg 768w, https:\/\/www.mlkjlasers.com\/wp-content\/uploads\/2023\/05\/11D-HIFU\u8be6\u60c5-6-e1689994625795-600x236.jpg 600w\" sizes=\"(max-width: 1920px) 100vw, 1920px\" \/><span style=\"font-size: 14pt;\">Funciones:<\/span><\/span><\/p>\n<\/div>\n<p style=\"text-align: left;\"><span style=\"font-family: helvetica, arial, sans-serif; color: #000000; font-size: 14pt;\">La \u00faltima m\u00e1quina HIFU tiene un total de 11 sondas, que est\u00e1n totalmente talladas y antienvejecimiento.<\/span><\/p>\n<p style=\"text-align: left;\"><span style=\"font-family: helvetica, arial, sans-serif; color: #000000; font-size: 14pt;\">1. Sonda facial 1.5mm, 3.0mm, 4.5mm, conformaci\u00f3n de contorno, levantamiento y apriete, diluci\u00f3n y eliminaci\u00f3n de l\u00edneas ce\u00f1idas, cuervo&#8217; pies, l\u00edneas legales, doble ment\u00f3n, l\u00edneas de cuello.<\/span><\/p>\n<p style=\"text-align: left;\"><span style=\"font-family: helvetica, arial, sans-serif; color: #000000; font-size: 14pt;\">2. sonda del cuerpo, 6mm, 9mm, 13mm, reducci\u00f3n de la grasa y la formaci\u00f3n del cuerpo, eliminaci\u00f3n del tejido de la c\u00e1scara de naranja &amp; celulitis, apretamiento y levantamiento de la piel del cuerpo, el pecho y las nalgas.<\/span><\/p>\n<p style=\"text-align: left;\"><span style=\"font-family: helvetica, arial, sans-serif; color: #000000; font-size: 14pt;\">3. La sonda patentada de 2,0 mm tiene un efecto significativo en las estr\u00edas, las marcas de crecimiento y las marcas de obesidad.<\/span><\/p>\n<div class=\"des_box1\">\n<div class=\"des\">\n<p><span style=\"font-family: helvetica, arial, sans-serif; color: #000000; font-size: 14pt;\"><img loading=\"lazy\" decoding=\"async\" class=\"aligncenter wp-image-1882\" src=\"https:\/\/mlkjlasers.com\/wp-content\/uploads\/2023\/05\/11D-HIFU\u8be6\u60c5-7.jpg\" alt=\"\" width=\"1920\" height=\"2226\" srcset=\"https:\/\/www.mlkjlasers.com\/wp-content\/uploads\/2023\/05\/11D-HIFU\u8be6\u60c5-7.jpg 1200w, https:\/\/www.mlkjlasers.com\/wp-content\/uploads\/2023\/05\/11D-HIFU\u8be6\u60c5-7-259x300.jpg 259w, https:\/\/www.mlkjlasers.com\/wp-content\/uploads\/2023\/05\/11D-HIFU\u8be6\u60c5-7-883x1024.jpg 883w, https:\/\/www.mlkjlasers.com\/wp-content\/uploads\/2023\/05\/11D-HIFU\u8be6\u60c5-7-768x890.jpg 768w, https:\/\/www.mlkjlasers.com\/wp-content\/uploads\/2023\/05\/11D-HIFU\u8be6\u60c5-7-600x696.jpg 600w\" sizes=\"(max-width: 1920px) 100vw, 1920px\" \/><\/span><span style=\"font-family: helvetica, arial, sans-serif; color: #000000; font-size: 14pt;\">Antes y despu\u00e9s<\/span><\/p>\n<p><span style=\"font-family: helvetica, arial, sans-serif; color: #000000; font-size: 14pt;\"><img loading=\"lazy\" decoding=\"async\" class=\"aligncenter wp-image-1884\" src=\"https:\/\/mlkjlasers.com\/wp-content\/uploads\/2023\/05\/11D-HIFU\u8be6\u60c5-9.jpg\" alt=\"\" width=\"1920\" height=\"1044\" srcset=\"https:\/\/www.mlkjlasers.com\/wp-content\/uploads\/2023\/05\/11D-HIFU\u8be6\u60c5-9.jpg 750w, https:\/\/www.mlkjlasers.com\/wp-content\/uploads\/2023\/05\/11D-HIFU\u8be6\u60c5-9-300x163.jpg 300w, https:\/\/www.mlkjlasers.com\/wp-content\/uploads\/2023\/05\/11D-HIFU\u8be6\u60c5-9-600x326.jpg 600w\" sizes=\"(max-width: 1920px) 100vw, 1920px\" \/><\/span><\/p>\n<p><span style=\"font-size: 14pt;\"><img loading=\"lazy\" decoding=\"async\" class=\"aligncenter wp-image-1883\" src=\"https:\/\/www.mlkjlasers.com\/wp-content\/uploads\/2023\/05\/11D-HIFU\u8be6\u60c5-8.jpg\" alt=\"\" width=\"1920\" height=\"1978\" srcset=\"https:\/\/www.mlkjlasers.com\/wp-content\/uploads\/2023\/05\/11D-HIFU\u8be6\u60c5-8.jpg 1200w, https:\/\/www.mlkjlasers.com\/wp-content\/uploads\/2023\/05\/11D-HIFU\u8be6\u60c5-8-291x300.jpg 291w, https:\/\/www.mlkjlasers.com\/wp-content\/uploads\/2023\/05\/11D-HIFU\u8be6\u60c5-8-994x1024.jpg 994w, https:\/\/www.mlkjlasers.com\/wp-content\/uploads\/2023\/05\/11D-HIFU\u8be6\u60c5-8-768x791.jpg 768w, https:\/\/www.mlkjlasers.com\/wp-content\/uploads\/2023\/05\/11D-HIFU\u8be6\u60c5-8-600x618.jpg 600w\" sizes=\"(max-width: 1920px) 100vw, 1920px\" \/><strong style=\"color: #000000; font-style: italic;\"><span style=\"font-family: helvetica, arial, sans-serif;\">Sistema de control inteligente de pantalla t\u00e1ctil led dispositivo Hifu<\/span><\/strong><\/span><\/p>\n<p><span style=\"font-size: 14pt;\"><strong style=\"color: #000000; font-style: italic;\"><span style=\"font-family: helvetica, arial, sans-serif;\">Pantalla 4K de 15 pulgadas, experiencia t\u00e1ctil inteligente<\/span><\/strong><\/span><\/p>\n<p><span style=\"color: #000000; font-family: helvetica, arial, sans-serif; font-style: italic; font-size: 14pt;\">* Preajustes de tratamiento personalizables<\/span><\/p>\n<p><span style=\"color: #000000; font-family: helvetica, arial, sans-serif; font-style: italic; font-size: 14pt;\">* Con masculino y femenino, 6 estilos de piel para elegir<\/span><\/p>\n<p><span style=\"color: #000000; font-family: helvetica, arial, sans-serif; font-style: italic; font-size: 14pt;\">* F\u00e1cil de operar proporcionando habilidades de operaci\u00f3n y servicios de ense\u00f1anza<\/span><\/p>\n<p><span style=\"color: #000000; font-family: helvetica, arial, sans-serif; font-style: italic; font-size: 14pt;\">* El logotipo y el idioma gratis se pueden personalizar en la pantalla<\/span><\/p>\n<p><span style=\"font-size: 14pt;\"><img loading=\"lazy\" decoding=\"async\" class=\"aligncenter wp-image-1877\" src=\"https:\/\/www.mlkjlasers.com\/wp-content\/uploads\/2023\/05\/11D-HIFU\u8be6\u60c5-2.jpg\" alt=\"\" width=\"1920\" height=\"1184\" srcset=\"https:\/\/www.mlkjlasers.com\/wp-content\/uploads\/2023\/05\/11D-HIFU\u8be6\u60c5-2.jpg 1200w, https:\/\/www.mlkjlasers.com\/wp-content\/uploads\/2023\/05\/11D-HIFU\u8be6\u60c5-2-300x185.jpg 300w, https:\/\/www.mlkjlasers.com\/wp-content\/uploads\/2023\/05\/11D-HIFU\u8be6\u60c5-2-1024x631.jpg 1024w, https:\/\/www.mlkjlasers.com\/wp-content\/uploads\/2023\/05\/11D-HIFU\u8be6\u60c5-2-768x474.jpg 768w, https:\/\/www.mlkjlasers.com\/wp-content\/uploads\/2023\/05\/11D-HIFU\u8be6\u60c5-2-600x370.jpg 600w\" sizes=\"(max-width: 1920px) 100vw, 1920px\" \/><\/span><\/p>\n<p><span style=\"font-size: 14pt;\"><img loading=\"lazy\" decoding=\"async\" class=\"aligncenter wp-image-1871\" src=\"https:\/\/www.mlkjlasers.com\/wp-content\/uploads\/2023\/05\/11D-HIFU-\u6d77\u62a5-2.jpg\" alt=\"\" width=\"1920\" height=\"997\" srcset=\"https:\/\/www.mlkjlasers.com\/wp-content\/uploads\/2023\/05\/11D-HIFU-\u6d77\u62a5-2.jpg 1200w, https:\/\/www.mlkjlasers.com\/wp-content\/uploads\/2023\/05\/11D-HIFU-\u6d77\u62a5-2-300x156.jpg 300w, https:\/\/www.mlkjlasers.com\/wp-content\/uploads\/2023\/05\/11D-HIFU-\u6d77\u62a5-2-1024x532.jpg 1024w, https:\/\/www.mlkjlasers.com\/wp-content\/uploads\/2023\/05\/11D-HIFU-\u6d77\u62a5-2-768x399.jpg 768w, https:\/\/www.mlkjlasers.com\/wp-content\/uploads\/2023\/05\/11D-HIFU-\u6d77\u62a5-2-600x312.jpg 600w\" sizes=\"(max-width: 1920px) 100vw, 1920px\" \/><strong style=\"color: #000000; font-family: helvetica, arial, sans-serif; font-style: italic;\"><a style=\"color: #000000;\" href=\"https:\/\/exfulaser.com\/single\/contact.html\" target=\"_blank\" rel=\"noopener\">Por favor p\u00f3ngase en contacto con nosotros para el precio m\u00e1s bajo!!!<\/a><\/strong><\/span><\/p>\n<\/div>\n<\/div>\n<\/div>\n<\/div>","protected":false},"excerpt":{"rendered":"<p style=\"text-align: left;\"><span style=\"font-family: helvetica, arial, sans-serif;\">* Una alta tasa de repetici\u00f3n de pulsos cortos se entregan profundamente en la dermis, logrando una alta potencia promedio y una acumulaci\u00f3n de calor terap\u00e9uticamente eficaz, pr\u00e1cticamente sin dolor.<\/span><\/p>\n<p><span style=\"font-family: helvetica, arial, sans-serif;\">* La \u00faltima m\u00e1quina HIFU tiene un total de 11 sondas, que est\u00e1n totalmente talladas y antienvejecimiento.<\/span><\/p>\n<p><span style=\"font-family: helvetica, arial, sans-serif;\">* Tratamiento no quir\u00fargico del levantamiento facial, el apriete y el sistema de formaci\u00f3n del contorno del cuerpo. El mundo&#8217; la \u00faltima tecnolog\u00eda de ultrasonido enfocada en alta energ\u00eda.<\/span><\/p>","protected":false},"featured_media":1885,"comment_status":"open","ping_status":"closed","template":"","meta":[],"product_cat":[30],"product_tag":[],"class_list":["post-268","product","type-product","status-publish","has-post-thumbnail","hentry","product_cat-11d-hifu"],"_links":{"self":[{"href":"https:\/\/www.mlkjlasers.com\/es\/wp-json\/wp\/v2\/product\/268","targetHints":{"allow":["GET"]}}],"collection":[{"href":"https:\/\/www.mlkjlasers.com\/es\/wp-json\/wp\/v2\/product"}],"about":[{"href":"https:\/\/www.mlkjlasers.com\/es\/wp-json\/wp\/v2\/types\/product"}],"replies":[{"embeddable":true,"href":"https:\/\/www.mlkjlasers.com\/es\/wp-json\/wp\/v2\/comments?post=268"}],"wp:featuredmedia":[{"embeddable":true,"href":"https:\/\/www.mlkjlasers.com\/es\/wp-json\/wp\/v2\/media\/1885"}],"wp:attachment":[{"href":"https:\/\/www.mlkjlasers.com\/es\/wp-json\/wp\/v2\/media?parent=268"}],"wp:term":[{"taxonomy":"product_cat","embeddable":true,"href":"https:\/\/www.mlkjlasers.com\/es\/wp-json\/wp\/v2\/product_cat?post=268"},{"taxonomy":"product_tag","embeddable":true,"href":"https:\/\/www.mlkjlasers.com\/es\/wp-json\/wp\/v2\/product_tag?post=268"}],"curies":[{"name":"wp","href":"https:\/\/api.w.org\/{rel}","templated":true}]}}