{"id":2690,"date":"2023-11-10T09:27:29","date_gmt":"2023-11-10T01:27:29","guid":{"rendered":"https:\/\/mlkjlasers.com\/?post_type=product&#038;p=2690"},"modified":"2026-01-26T16:39:43","modified_gmt":"2026-01-26T08:39:43","slug":"new-design-nd-yag-laser-tattoo-removal-microneedle-980nm-laser-elight-ipl-diode-laser-hair-removal-7d-hifu-machine","status":"publish","type":"product","link":"https:\/\/www.mlkjlasers.com\/es\/product\/new-design-nd-yag-laser-tattoo-removal-microneedle-980nm-laser-elight-ipl-diode-laser-hair-removal-7d-hifu-machine\/","title":{"rendered":"4in1 m\u00e1quina multifunci\u00f3n microneedles RF rejuvenecimiento de la piel 980nm hifu 808 m\u00e1quina l\u00e1ser del diodo de la eliminaci\u00f3n del pelo"},"content":{"rendered":"<div class=\"J_module\">\n<div class=\"icbu-pc-images magic-0\">\n<div>\n<div class=\"flex-layout-v\">\n<div class=\"flex-layout-h magic-0\">\n<div class=\"magic-1\"><span style=\"font-size: 14pt;\"><img fetchpriority=\"high\" decoding=\"async\" class=\"aligncenter wp-image-3610\" src=\"https:\/\/www.mlkjlasers.com\/wp-content\/uploads\/2026\/01\/EXFU-M1\u591a\u529f\u80fd808HIFU\u5fae\u9488980\u8be6\u60c5\u9875_01.jpg\" alt=\"\" width=\"1920\" height=\"3177\" srcset=\"https:\/\/www.mlkjlasers.com\/wp-content\/uploads\/2026\/01\/EXFU-M1\u591a\u529f\u80fd808HIFU\u5fae\u9488980\u8be6\u60c5\u9875_01.jpg 750w, https:\/\/www.mlkjlasers.com\/wp-content\/uploads\/2026\/01\/EXFU-M1\u591a\u529f\u80fd808HIFU\u5fae\u9488980\u8be6\u60c5\u9875_01-181x300.jpg 181w, https:\/\/www.mlkjlasers.com\/wp-content\/uploads\/2026\/01\/EXFU-M1\u591a\u529f\u80fd808HIFU\u5fae\u9488980\u8be6\u60c5\u9875_01-619x1024.jpg 619w, https:\/\/www.mlkjlasers.com\/wp-content\/uploads\/2026\/01\/EXFU-M1\u591a\u529f\u80fd808HIFU\u5fae\u9488980\u8be6\u60c5\u9875_01-600x993.jpg 600w\" sizes=\"(max-width: 1920px) 100vw, 1920px\" \/><\/span><\/div>\n<\/div>\n<\/div>\n<\/div>\n<\/div>\n<\/div>\n<div class=\"J_module\" style=\"text-align: left;\">\n<div class=\"detail-decorate-json-renderer-container\">\n<div class=\"magic-5\">\n<div class=\"magic-6\">\n<div class=\"magic-7\">\n<div class=\"magic-8\">\n<div class=\"magic-9\"><span style=\"font-size: 14pt; font-family: helvetica, arial, sans-serif;\"><b class=\"magic-10\"><span class=\"magic-11\">Descripci\u00f3n del producto<br \/>\nPara esta m\u00e1quina, tiene un total de 4 manijas. Match seg\u00fan sus necesidades.<\/span><\/b><\/span><\/div>\n<div class=\"magic-9\"><span style=\"font-size: 14pt; font-family: helvetica, arial, sans-serif;\"><b>1) Manija l\u00e1ser de diodo, uso para:<\/b><\/span><\/div>\n<div class=\"magic-9\"><span style=\"font-size: 14pt; font-family: helvetica, arial, sans-serif;\">Depilaci\u00f3n permanente.<\/span><\/div>\n<div class=\"magic-9\"><span style=\"font-size: 14pt; font-family: helvetica, arial, sans-serif;\"><b>2) Mango de HIFU, uso para:<\/b><\/span><\/div>\n<div class=\"magic-9\"><span style=\"font-size: 14pt; font-family: helvetica, arial, sans-serif;\">Formaci\u00f3n de contorno de reducci\u00f3n de arrugas<\/span><\/div>\n<div class=\"magic-9\"><span style=\"font-size: 14pt; font-family: helvetica, arial, sans-serif;\"><b>3) Mango de microaguja, uso para:<\/b><\/span><\/div>\n<div class=\"magic-9\">\n<div class=\"magic-9\"><span style=\"font-size: 14pt; font-family: helvetica, arial, sans-serif;\">Reducci\u00f3n de arrugas contorno de formaci\u00f3n, anti-arrugas disolver la grasa, levantar y promover la regeneraci\u00f3n de la piel<\/span><\/div>\n<div class=\"magic-9\"><span style=\"font-size: 14pt; font-family: helvetica, arial, sans-serif;\"><b>4) l\u00e1ser 980nm, uso para:<\/b><\/span><\/div>\n<div class=\"magic-9\"><span style=\"font-size: 14pt; font-family: helvetica, arial, sans-serif;\">Extracci\u00f3n de la l\u00ednea roja de la vena de ara\u00f1a, tratamiento de hongos de u\u00f1as grises<\/span><\/div>\n<\/div>\n<\/div>\n<\/div>\n<\/div>\n<\/div>\n<\/div>\n<\/div>\n<div class=\"J_module\" style=\"text-align: left;\">\n<div id=\"ali-anchor-AliMagic-ma4kpp\" class=\"magic-13\" data-section=\"AliMagic-ma4kpp\" data-section-title=\"Product Description\"><span style=\"font-size: 14pt;\"><img decoding=\"async\" class=\"aligncenter wp-image-3612\" src=\"https:\/\/www.mlkjlasers.com\/wp-content\/uploads\/2026\/01\/EXFU-M1\u591a\u529f\u80fd808HIFU\u5fae\u9488980\u8be6\u60c5\u9875_03.jpg\" alt=\"\" width=\"1920\" height=\"2634\" srcset=\"https:\/\/www.mlkjlasers.com\/wp-content\/uploads\/2026\/01\/EXFU-M1\u591a\u529f\u80fd808HIFU\u5fae\u9488980\u8be6\u60c5\u9875_03.jpg 750w, https:\/\/www.mlkjlasers.com\/wp-content\/uploads\/2026\/01\/EXFU-M1\u591a\u529f\u80fd808HIFU\u5fae\u9488980\u8be6\u60c5\u9875_03-219x300.jpg 219w, https:\/\/www.mlkjlasers.com\/wp-content\/uploads\/2026\/01\/EXFU-M1\u591a\u529f\u80fd808HIFU\u5fae\u9488980\u8be6\u60c5\u9875_03-746x1024.jpg 746w, https:\/\/www.mlkjlasers.com\/wp-content\/uploads\/2026\/01\/EXFU-M1\u591a\u529f\u80fd808HIFU\u5fae\u9488980\u8be6\u60c5\u9875_03-600x823.jpg 600w\" sizes=\"(max-width: 1920px) 100vw, 1920px\" \/><\/span><\/div>\n<\/div>\n<div class=\"J_module\" style=\"text-align: left;\">\n<div id=\"ali-anchor-AliMagic-sj5rec\" class=\"magic-13\" data-section=\"AliMagic-sj5rec\" data-section-title=\"About Handle\"><span style=\"font-size: 14pt; font-family: helvetica, arial, sans-serif;\">Acerca de Handle<\/span><\/div>\n<\/div>\n<div class=\"J_module\" style=\"text-align: left;\">\n<div class=\"icbu-pc-images magic-0\">\n<div>\n<div class=\"flex-layout-v\">\n<div class=\"flex-layout-h magic-0\">\n<div class=\"magic-16\"><span style=\"font-size: 14pt; font-family: helvetica, arial, sans-serif;\"><img decoding=\"async\" class=\"aligncenter wp-image-3617\" src=\"https:\/\/www.mlkjlasers.com\/wp-content\/uploads\/2026\/01\/EXFU-M1\u591a\u529f\u80fd808HIFU\u5fae\u9488980\u8be6\u60c5\u9875_08.jpg\" alt=\"\" width=\"1920\" height=\"3418\" srcset=\"https:\/\/www.mlkjlasers.com\/wp-content\/uploads\/2026\/01\/EXFU-M1\u591a\u529f\u80fd808HIFU\u5fae\u9488980\u8be6\u60c5\u9875_08.jpg 750w, https:\/\/www.mlkjlasers.com\/wp-content\/uploads\/2026\/01\/EXFU-M1\u591a\u529f\u80fd808HIFU\u5fae\u9488980\u8be6\u60c5\u9875_08-169x300.jpg 169w, https:\/\/www.mlkjlasers.com\/wp-content\/uploads\/2026\/01\/EXFU-M1\u591a\u529f\u80fd808HIFU\u5fae\u9488980\u8be6\u60c5\u9875_08-575x1024.jpg 575w, https:\/\/www.mlkjlasers.com\/wp-content\/uploads\/2026\/01\/EXFU-M1\u591a\u529f\u80fd808HIFU\u5fae\u9488980\u8be6\u60c5\u9875_08-600x1068.jpg 600w\" sizes=\"(max-width: 1920px) 100vw, 1920px\" \/><\/span><\/div>\n<\/div>\n<\/div>\n<\/div>\n<\/div>\n<\/div>\n<div class=\"J_module\" style=\"text-align: left;\">\n<div class=\"detail-decorate-json-renderer-container\">\n<div class=\"magic-5\">\n<div class=\"magic-6\">\n<div class=\"magic-7\">\n<div class=\"magic-8\">\n<div><\/div>\n<div class=\"magic-18\"><span style=\"font-size: 14pt; font-family: helvetica, arial, sans-serif;\"><b class=\"magic-19\"><span class=\"magic-20\" style=\"color: #48916c;\"><span class=\"magic-21\">Trajes l\u00e1ser de diodo <\/span><i class=\"magic-22\">para toda la piel<\/i><span class=\"magic-21\"> y tratamiento de tipos de cabello.<\/span><\/span><\/b><\/span><\/div>\n<div class=\"magic-18\"><span style=\"font-size: 14pt; font-family: helvetica, arial, sans-serif;\"><b class=\"magic-10\"><span class=\"magic-20\" style=\"color: #48916c;\">Barra l\u00e1ser importada. 50 millones de tiros.<\/span><\/b><\/span><\/div>\n<div><span style=\"font-size: 14pt;\"><img loading=\"lazy\" decoding=\"async\" class=\"aligncenter wp-image-3616\" src=\"https:\/\/www.mlkjlasers.com\/wp-content\/uploads\/2026\/01\/EXFU-M1\u591a\u529f\u80fd808HIFU\u5fae\u9488980\u8be6\u60c5\u9875_07.jpg\" alt=\"\" width=\"1920\" height=\"1646\" srcset=\"https:\/\/www.mlkjlasers.com\/wp-content\/uploads\/2026\/01\/EXFU-M1\u591a\u529f\u80fd808HIFU\u5fae\u9488980\u8be6\u60c5\u9875_07.jpg 750w, https:\/\/www.mlkjlasers.com\/wp-content\/uploads\/2026\/01\/EXFU-M1\u591a\u529f\u80fd808HIFU\u5fae\u9488980\u8be6\u60c5\u9875_07-300x257.jpg 300w, https:\/\/www.mlkjlasers.com\/wp-content\/uploads\/2026\/01\/EXFU-M1\u591a\u529f\u80fd808HIFU\u5fae\u9488980\u8be6\u60c5\u9875_07-600x514.jpg 600w\" sizes=\"(max-width: 1920px) 100vw, 1920px\" \/><\/span><\/div>\n<div><span style=\"font-size: 14pt;\">\u25cf  Sin dolor: l\u00e1ser de diodo 755\/808\/1064nm para todo tipo de depilaci\u00f3n de la piel<\/span><br \/>\n<span style=\"font-size: 14pt;\">\u25cf  M\u00c1S R\u00c1PIDO: Operaci\u00f3n de deslizamiento de puntos de \u00e1rea grande<\/span><br \/>\n<span style=\"font-size: 14pt;\">\u25cf  No hay trauma: no hay trauma en el tejido de la piel<\/span><br \/>\n<span style=\"font-size: 14pt;\">\u25cf  SEGURIDAD: Para evitar la luz del diputado para reducir la dificultad de operaci\u00f3n<\/span><\/div>\n<div><span style=\"font-size: 14pt;\"><img loading=\"lazy\" decoding=\"async\" class=\"aligncenter wp-image-3615\" src=\"https:\/\/www.mlkjlasers.com\/wp-content\/uploads\/2026\/01\/EXFU-M1\u591a\u529f\u80fd808HIFU\u5fae\u9488980\u8be6\u60c5\u9875_06.jpg\" alt=\"\" width=\"1920\" height=\"1490\" srcset=\"https:\/\/www.mlkjlasers.com\/wp-content\/uploads\/2026\/01\/EXFU-M1\u591a\u529f\u80fd808HIFU\u5fae\u9488980\u8be6\u60c5\u9875_06.jpg 750w, https:\/\/www.mlkjlasers.com\/wp-content\/uploads\/2026\/01\/EXFU-M1\u591a\u529f\u80fd808HIFU\u5fae\u9488980\u8be6\u60c5\u9875_06-300x233.jpg 300w, https:\/\/www.mlkjlasers.com\/wp-content\/uploads\/2026\/01\/EXFU-M1\u591a\u529f\u80fd808HIFU\u5fae\u9488980\u8be6\u60c5\u9875_06-600x466.jpg 600w\" sizes=\"(max-width: 1920px) 100vw, 1920px\" \/><\/span><\/div>\n<\/div>\n<\/div>\n<\/div>\n<\/div>\n<\/div>\n<\/div>\n<div class=\"J_module\" style=\"text-align: left;\">\n<div class=\"icbu-pc-images magic-0\">\n<div>\n<div class=\"flex-layout-v\">\n<div class=\"flex-layout-h magic-0\">\n<div class=\"magic-23\"><b style=\"font-family: helvetica, arial, sans-serif; font-size: 14pt;\">Cartuchos 11D<\/b><\/div>\n<\/div>\n<\/div>\n<\/div>\n<\/div>\n<\/div>\n<div class=\"J_module\" style=\"text-align: left;\">\n<div class=\"detail-decorate-json-renderer-container\">\n<div class=\"magic-5\">\n<div class=\"magic-6\">\n<div class=\"magic-7\">\n<div class=\"magic-8\"><span style=\"font-size: 14pt; font-family: helvetica, arial, sans-serif;\"><b><span style=\"color: #48916c;\">L7-1.5mm, MF2.0mm, L7-3.0mm, L4-4.5mm, MF6.0mm, <\/span><\/b><\/span><\/div>\n<div class=\"magic-8\"><span style=\"font-size: 14pt; font-family: helvetica, arial, sans-serif;\"><b><span style=\"color: #bf4c76;\">MF9.0mm, MF13.0mm, DL1.5, DL2.0, DL3.0, DL4.5 <\/span><\/b><\/span><\/div>\n<div class=\"magic-8\"><span style=\"font-size: 14pt; font-family: helvetica, arial, sans-serif;\"> 1. Elimina las arrugas alrededor de la frente, los ojos, la boca, etc. <\/span><\/div>\n<div class=\"magic-8\"><span style=\"font-size: 14pt; font-family: helvetica, arial, sans-serif;\">2. Levantar y apretar la piel de ambas mejillas. <\/span><\/div>\n<div class=\"magic-8\"><span style=\"font-size: 14pt; font-family: helvetica, arial, sans-serif;\">3. Mejorar la elasticidad de la piel y dar forma al contorno. <\/span><\/div>\n<div class=\"magic-8\"><span style=\"font-size: 14pt; font-family: helvetica, arial, sans-serif;\">4. Mejorar la l\u00ednea de mand\u00edbula, reduciendo \"l\u00edneas de marioneta\". <\/span><\/div>\n<div class=\"magic-8\"><span style=\"font-size: 14pt; font-family: helvetica, arial, sans-serif;\">5. Ajustar el tejido de la piel en la frente, levantando las l\u00edneas de las cejas. <\/span><\/div>\n<div class=\"magic-8\"><span style=\"font-size: 14pt; font-family: helvetica, arial, sans-serif;\">6. Mejorar la piel, haciendo la piel delicada y brillante.<\/span><\/div>\n<div class=\"magic-8\"><span style=\"font-size: 14pt; font-family: helvetica, arial, sans-serif;\"> 7. Compatibilidad con la belleza de inyecci\u00f3n como \u00e1cido hialur\u00f3nico, col\u00e1geno, para resolver m\u00e1s problema de envejecimiento. <\/span><\/div>\n<div class=\"magic-8\"><span style=\"font-size: 14pt; font-family: helvetica, arial, sans-serif;\">8. Eliminar las arrugas del cuello, protegiendo el envejecimiento del cuello.<\/span><\/div>\n<\/div>\n<\/div>\n<\/div>\n<\/div>\n<\/div>\n<div class=\"J_module\" style=\"text-align: left;\">\n<div class=\"icbu-pc-images magic-0\">\n<div>\n<div class=\"flex-layout-v\">\n<div class=\"flex-layout-h magic-0\">\n<div class=\"magic-43\"><span style=\"font-size: 14pt; font-family: helvetica, arial, sans-serif;\"><img loading=\"lazy\" decoding=\"async\" class=\"aligncenter wp-image-3613\" src=\"https:\/\/www.mlkjlasers.com\/wp-content\/uploads\/2026\/01\/EXFU-M1\u591a\u529f\u80fd808HIFU\u5fae\u9488980\u8be6\u60c5\u9875_04.jpg\" alt=\"\" width=\"1920\" height=\"2186\" srcset=\"https:\/\/www.mlkjlasers.com\/wp-content\/uploads\/2026\/01\/EXFU-M1\u591a\u529f\u80fd808HIFU\u5fae\u9488980\u8be6\u60c5\u9875_04.jpg 750w, https:\/\/www.mlkjlasers.com\/wp-content\/uploads\/2026\/01\/EXFU-M1\u591a\u529f\u80fd808HIFU\u5fae\u9488980\u8be6\u60c5\u9875_04-263x300.jpg 263w, https:\/\/www.mlkjlasers.com\/wp-content\/uploads\/2026\/01\/EXFU-M1\u591a\u529f\u80fd808HIFU\u5fae\u9488980\u8be6\u60c5\u9875_04-600x683.jpg 600w\" sizes=\"(max-width: 1920px) 100vw, 1920px\" \/><\/span><\/div>\n<div><span style=\"font-size: 14pt;\"><img loading=\"lazy\" decoding=\"async\" class=\"aligncenter wp-image-3614\" src=\"https:\/\/www.mlkjlasers.com\/wp-content\/uploads\/2026\/01\/EXFU-M1\u591a\u529f\u80fd808HIFU\u5fae\u9488980\u8be6\u60c5\u9875_05.jpg\" alt=\"\" width=\"1920\" height=\"1953\" srcset=\"https:\/\/www.mlkjlasers.com\/wp-content\/uploads\/2026\/01\/EXFU-M1\u591a\u529f\u80fd808HIFU\u5fae\u9488980\u8be6\u60c5\u9875_05.jpg 750w, https:\/\/www.mlkjlasers.com\/wp-content\/uploads\/2026\/01\/EXFU-M1\u591a\u529f\u80fd808HIFU\u5fae\u9488980\u8be6\u60c5\u9875_05-295x300.jpg 295w, https:\/\/www.mlkjlasers.com\/wp-content\/uploads\/2026\/01\/EXFU-M1\u591a\u529f\u80fd808HIFU\u5fae\u9488980\u8be6\u60c5\u9875_05-600x610.jpg 600w\" sizes=\"(max-width: 1920px) 100vw, 1920px\" \/><\/span><\/div>\n<\/div>\n<\/div>\n<\/div>\n<\/div>\n<\/div>\n<div class=\"J_module\" style=\"text-align: left;\">\n<div class=\"detail-decorate-json-renderer-container\">\n<div class=\"magic-5\">\n<div class=\"magic-6\">\n<div class=\"magic-7\">\n<div class=\"magic-8\"><span style=\"font-size: 14pt;\"><strong><span style=\"font-family: helvetica, arial, sans-serif;\">Micro aguja &amp; Microaguja multifunci\u00f3n<\/span><\/strong><\/span><\/div>\n<div class=\"magic-8\"><span style=\"font-size: 14pt; font-family: helvetica, arial, sans-serif;\">1. Agujas no aisladas: terapia igual a la epidermis y la capa de la dermis <\/span><\/div>\n<div class=\"magic-8\"><span style=\"font-size: 14pt; font-family: helvetica, arial, sans-serif;\">2. Tipo de motor de paso: insertos de aguja a la piel suavemente sin choque\u00a0 <\/span><\/div>\n<div class=\"magic-8\"><span style=\"font-size: 14pt; font-family: helvetica, arial, sans-serif;\">3. Agujas chapadas en oro: alta biocompatibilidad, se adapta al paciente de alergia al metal <\/span><\/div>\n<div class=\"magic-8\"><span style=\"font-size: 14pt; font-family: helvetica, arial, sans-serif;\">*. Antiarrugas, endurecer la piel, mejorar las pseudo arrugas, disolver la grasa, dar forma y levantar. <\/span><\/div>\n<div class=\"magic-8\"><span style=\"font-size: 14pt; font-family: helvetica, arial, sans-serif;\">*. Alimentar r\u00e1pidamente la piel y hacerla m\u00e1s tierna. <\/span><\/div>\n<div class=\"magic-8\"><span style=\"font-size: 14pt; font-family: helvetica, arial, sans-serif;\">*. Promover activamente la circulaci\u00f3n de la linfa facial, resolver el problema del edema de la piel. <\/span><\/div>\n<div class=\"magic-8\"><span style=\"font-size: 14pt; font-family: helvetica, arial, sans-serif;\">*. Levante y apriete la piel, resuelve eficazmente la reparaci\u00f3n de estr\u00edas.<\/span><\/div>\n<div class=\"magic-8\"><span style=\"font-size: 14pt; font-family: helvetica, arial, sans-serif;\"> *. Eliminar el borde negro del ojo, las bolsas oculares y las arrugas alrededor del ojo. <\/span><\/div>\n<div class=\"magic-8\"><span style=\"font-size: 14pt; font-family: helvetica, arial, sans-serif;\">Contracci\u00f3n de los poros, reparaci\u00f3n de la cicatriz blain, calma la piel.<\/span><\/div>\n<\/div>\n<\/div>\n<\/div>\n<\/div>\n<\/div>\n<div class=\"J_module\" style=\"text-align: left;\">\n<div class=\"icbu-pc-images magic-0\">\n<div>\n<div class=\"flex-layout-v\">\n<div class=\"flex-layout-h magic-0\">\n<div class=\"magic-47\"><span style=\"font-size: 14pt; font-family: helvetica, arial, sans-serif;\"><img loading=\"lazy\" decoding=\"async\" class=\"magic-48 aligncenter\" src=\"https:\/\/sc04.alicdn.com\/kf\/H76a10eb0580a43eea1049f4f685defe32\/201077653\/H76a10eb0580a43eea1049f4f685defe32.jpg\" width=\"1827\" height=\"1243\" data-src=\"\/\/sc04.alicdn.com\/kf\/H76a10eb0580a43eea1049f4f685defe32\/201077653\/H76a10eb0580a43eea1049f4f685defe32.jpg\" \/><\/span><\/div>\n<div><span style=\"font-size: 14pt;\"><b style=\"font-family: helvetica, arial, sans-serif;\">l\u00e1ser 980nm<\/b><\/span><\/div>\n<\/div>\n<\/div>\n<\/div>\n<\/div>\n<\/div>\n<div class=\"J_module\" style=\"text-align: left;\">\n<div class=\"detail-decorate-json-renderer-container\">\n<div class=\"magic-5\">\n<div class=\"magic-6\">\n<div class=\"magic-7\">\n<div class=\"magic-8\"><span style=\"font-size: 14pt; font-family: helvetica, arial, sans-serif;\">El haz se enfoca en un rango de di\u00e1metro de 0,5-3 mm, con el fin de permitir una energ\u00eda m\u00e1s enfocada para llegar al tejido objetivo, evitando quemar el tejido de la piel circundante. <\/span><\/div>\n<div class=\"magic-8\"><span style=\"font-size: 14pt; font-family: helvetica, arial, sans-serif;\">La irradiaci\u00f3n transcut\u00e1nea (con una penetraci\u00f3n de 1 a 2 mm en el tejido) provoca la absorci\u00f3n selectiva del tejido por la hemoglobina (la hemoglobina es el objetivo principal del l\u00e1ser). <\/span><\/div>\n<div class=\"magic-8\"><span style=\"font-size: 14pt; font-family: helvetica, arial, sans-serif;\"><b>Extracci\u00f3n de la l\u00ednea roja de la vena de ara\u00f1a, tratamiento de hongos de u\u00f1as grises.<\/b><\/span><\/div>\n<\/div>\n<\/div>\n<\/div>\n<\/div>\n<\/div>\n<div class=\"J_module\" style=\"text-align: left;\">\n<div class=\"icbu-pc-images magic-0\">\n<div>\n<div class=\"flex-layout-v\">\n<div class=\"flex-layout-h magic-0\">\n<div class=\"magic-51\"><span style=\"font-size: 14pt; font-family: helvetica, arial, sans-serif;\"><img loading=\"lazy\" decoding=\"async\" class=\"aligncenter wp-image-3618\" src=\"https:\/\/www.mlkjlasers.com\/wp-content\/uploads\/2026\/01\/EXFU-M1\u591a\u529f\u80fd808HIFU\u5fae\u9488980\u8be6\u60c5\u9875_09.jpg\" alt=\"\" width=\"1920\" height=\"2468\" srcset=\"https:\/\/www.mlkjlasers.com\/wp-content\/uploads\/2026\/01\/EXFU-M1\u591a\u529f\u80fd808HIFU\u5fae\u9488980\u8be6\u60c5\u9875_09.jpg 750w, https:\/\/www.mlkjlasers.com\/wp-content\/uploads\/2026\/01\/EXFU-M1\u591a\u529f\u80fd808HIFU\u5fae\u9488980\u8be6\u60c5\u9875_09-233x300.jpg 233w, https:\/\/www.mlkjlasers.com\/wp-content\/uploads\/2026\/01\/EXFU-M1\u591a\u529f\u80fd808HIFU\u5fae\u9488980\u8be6\u60c5\u9875_09-600x771.jpg 600w\" sizes=\"(max-width: 1920px) 100vw, 1920px\" \/><\/span><\/div>\n<\/div>\n<\/div>\n<\/div>\n<\/div>\n<\/div>\n<div class=\"J_module\" style=\"text-align: left;\">\n<div class=\"detail-decorate-json-renderer-container\">\n<div class=\"magic-5\">\n<div class=\"magic-6\">\n<div class=\"magic-7\">\n<div class=\"magic-8\">\n<div class=\"magic-9\"><span style=\"font-size: 14pt; font-family: helvetica, arial, sans-serif;\"><span class=\"magic-20\">1. <\/span><b class=\"magic-53\">14 pulgadas<\/b><span class=\"magic-20\"> pantalla t\u00e1ctil grande, dise\u00f1ado humanizado<\/span><\/span><\/div>\n<div class=\"magic-9\">\n<div class=\"magic-9\"><span style=\"font-size: 14pt; font-family: helvetica, arial, sans-serif;\"><span class=\"magic-20\">2. Hombre\/mujer, partes del cuerpo,<\/span><b class=\"magic-54\"> 6 tipos de piel para opci\u00f3n.<\/b><\/span><\/div>\n<div class=\"magic-9\"><span class=\"magic-20\" style=\"font-size: 14pt; font-family: helvetica, arial, sans-serif;\">3. Ingl\u00e9s su idioma nativo.<\/span><\/div>\n<div class=\"magic-9\" data-spm-anchor-id=\"a2700.details.0.i23.4f3d7272nLtHZk\"><span style=\"font-size: 14pt; font-family: helvetica, arial, sans-serif;\"><span class=\"magic-20\">4. <\/span><b class=\"magic-10\">OEM libre<\/b><span class=\"magic-20\"> servicio del programa (logotipo\/sistema&#8230;)<\/span><\/span><\/div>\n<\/div>\n<\/div>\n<\/div>\n<\/div>\n<\/div>\n<\/div>\n<\/div>\n<div style=\"text-align: left;\" data-spm-anchor-id=\"a2700.details.0.i23.4f3d7272nLtHZk\"><span style=\"font-size: 14pt;\"><img loading=\"lazy\" decoding=\"async\" class=\"aligncenter wp-image-3619\" src=\"https:\/\/www.mlkjlasers.com\/wp-content\/uploads\/2026\/01\/EXFU-M1\u591a\u529f\u80fd808HIFU\u5fae\u9488980\u8be6\u60c5\u9875_10.jpg\" alt=\"\" width=\"1920\" height=\"1426\" srcset=\"https:\/\/www.mlkjlasers.com\/wp-content\/uploads\/2026\/01\/EXFU-M1\u591a\u529f\u80fd808HIFU\u5fae\u9488980\u8be6\u60c5\u9875_10.jpg 750w, https:\/\/www.mlkjlasers.com\/wp-content\/uploads\/2026\/01\/EXFU-M1\u591a\u529f\u80fd808HIFU\u5fae\u9488980\u8be6\u60c5\u9875_10-300x223.jpg 300w, https:\/\/www.mlkjlasers.com\/wp-content\/uploads\/2026\/01\/EXFU-M1\u591a\u529f\u80fd808HIFU\u5fae\u9488980\u8be6\u60c5\u9875_10-600x446.jpg 600w\" sizes=\"(max-width: 1920px) 100vw, 1920px\" \/><\/span><\/div>\n<div data-spm-anchor-id=\"a2700.details.0.i23.4f3d7272nLtHZk\"><span style=\"font-size: 14pt;\"><img loading=\"lazy\" decoding=\"async\" class=\"aligncenter wp-image-3611\" src=\"https:\/\/www.mlkjlasers.com\/wp-content\/uploads\/2026\/01\/EXFU-M1\u591a\u529f\u80fd808HIFU\u5fae\u9488980\u8be6\u60c5\u9875_02.jpg\" alt=\"\" width=\"1920\" height=\"2140\" srcset=\"https:\/\/www.mlkjlasers.com\/wp-content\/uploads\/2026\/01\/EXFU-M1\u591a\u529f\u80fd808HIFU\u5fae\u9488980\u8be6\u60c5\u9875_02.jpg 750w, https:\/\/www.mlkjlasers.com\/wp-content\/uploads\/2026\/01\/EXFU-M1\u591a\u529f\u80fd808HIFU\u5fae\u9488980\u8be6\u60c5\u9875_02-269x300.jpg 269w, https:\/\/www.mlkjlasers.com\/wp-content\/uploads\/2026\/01\/EXFU-M1\u591a\u529f\u80fd808HIFU\u5fae\u9488980\u8be6\u60c5\u9875_02-600x669.jpg 600w\" sizes=\"(max-width: 1920px) 100vw, 1920px\" \/><\/span><\/div>\n<div style=\"text-align: left;\" data-spm-anchor-id=\"a2700.details.0.i23.4f3d7272nLtHZk\"><span style=\"font-size: 14pt;\"><img loading=\"lazy\" decoding=\"async\" class=\"aligncenter wp-image-3620\" src=\"https:\/\/www.mlkjlasers.com\/wp-content\/uploads\/2026\/01\/EXFU-M1\u591a\u529f\u80fd808HIFU\u5fae\u9488980\u8be6\u60c5\u9875_11.jpg\" alt=\"\" width=\"1920\" height=\"3351\" srcset=\"https:\/\/www.mlkjlasers.com\/wp-content\/uploads\/2026\/01\/EXFU-M1\u591a\u529f\u80fd808HIFU\u5fae\u9488980\u8be6\u60c5\u9875_11.jpg 750w, https:\/\/www.mlkjlasers.com\/wp-content\/uploads\/2026\/01\/EXFU-M1\u591a\u529f\u80fd808HIFU\u5fae\u9488980\u8be6\u60c5\u9875_11-172x300.jpg 172w, https:\/\/www.mlkjlasers.com\/wp-content\/uploads\/2026\/01\/EXFU-M1\u591a\u529f\u80fd808HIFU\u5fae\u9488980\u8be6\u60c5\u9875_11-587x1024.jpg 587w, https:\/\/www.mlkjlasers.com\/wp-content\/uploads\/2026\/01\/EXFU-M1\u591a\u529f\u80fd808HIFU\u5fae\u9488980\u8be6\u60c5\u9875_11-600x1047.jpg 600w\" sizes=\"(max-width: 1920px) 100vw, 1920px\" \/><\/span><\/div>\n<div data-spm-anchor-id=\"a2700.details.0.i23.4f3d7272nLtHZk\">\n<p style=\"text-align: left;\"><span style=\"font-family: helvetica, arial, sans-serif; font-size: 14pt; color: #0000ff;\">Si tiene alguna pregunta sobre equipos de belleza, buscando socios y emprendimiento de belleza, por favor consulte a MLKJ!<\/span><\/p>\n<p style=\"text-align: left;\"><span style=\"font-size: 14pt;\"><strong><span style=\"font-family: helvetica, arial, sans-serif; color: #0000ff;\">Tel\/Whatsapp: +86 15965364558<\/span><\/strong><\/span><\/p>\n<p style=\"text-align: left;\"><span style=\"font-size: 14pt;\"><strong><span style=\"font-family: helvetica, arial, sans-serif; color: #0000ff;\">E-mail: sale@mingliangkj.com<\/span><\/strong><\/span><\/p>\n<p style=\"text-align: left;\">\n<\/div>","protected":false},"excerpt":{"rendered":"<h1 data-spm-anchor-id=\"a2700.details.0.i21.4f3d7272nLtHZk\"><span style=\"font-size: 12pt; font-family: helvetica, arial, sans-serif;\">Nuevo dise\u00f1o Diodo depilaci\u00f3n l\u00e1ser<\/span><\/h1>\n<h1 data-spm-anchor-id=\"a2700.details.0.i21.4f3d7272nLtHZk\"><span style=\"font-size: 12pt; font-family: helvetica, arial, sans-serif;\">L\u00e1ser de microaguja<\/span><\/h1>\n<h1 data-spm-anchor-id=\"a2700.details.0.i21.4f3d7272nLtHZk\"><span style=\"font-size: 12pt; font-family: helvetica, arial, sans-serif;\">l\u00e1ser 980nm <\/span><\/h1>\n<h1 data-spm-anchor-id=\"a2700.details.0.i21.4f3d7272nLtHZk\"><span style=\"font-size: 12pt; font-family: helvetica, arial, sans-serif;\">M\u00e1quina de Hifu 11D<\/span><\/h1>","protected":false},"featured_media":3609,"comment_status":"open","ping_status":"closed","template":"","meta":[],"product_cat":[29],"product_tag":[],"class_list":["post-2690","product","type-product","status-publish","has-post-thumbnail","hentry","product_cat-multifunction-beauty-machine"],"_links":{"self":[{"href":"https:\/\/www.mlkjlasers.com\/es\/wp-json\/wp\/v2\/product\/2690","targetHints":{"allow":["GET"]}}],"collection":[{"href":"https:\/\/www.mlkjlasers.com\/es\/wp-json\/wp\/v2\/product"}],"about":[{"href":"https:\/\/www.mlkjlasers.com\/es\/wp-json\/wp\/v2\/types\/product"}],"replies":[{"embeddable":true,"href":"https:\/\/www.mlkjlasers.com\/es\/wp-json\/wp\/v2\/comments?post=2690"}],"wp:featuredmedia":[{"embeddable":true,"href":"https:\/\/www.mlkjlasers.com\/es\/wp-json\/wp\/v2\/media\/3609"}],"wp:attachment":[{"href":"https:\/\/www.mlkjlasers.com\/es\/wp-json\/wp\/v2\/media?parent=2690"}],"wp:term":[{"taxonomy":"product_cat","embeddable":true,"href":"https:\/\/www.mlkjlasers.com\/es\/wp-json\/wp\/v2\/product_cat?post=2690"},{"taxonomy":"product_tag","embeddable":true,"href":"https:\/\/www.mlkjlasers.com\/es\/wp-json\/wp\/v2\/product_tag?post=2690"}],"curies":[{"name":"wp","href":"https:\/\/api.w.org\/{rel}","templated":true}]}}