{"id":275,"date":"2023-05-29T16:57:17","date_gmt":"2023-05-29T08:57:17","guid":{"rendered":"https:\/\/mingliang.leadsclouds.com\/?post_type=product&#038;p=275"},"modified":"2026-01-23T16:35:53","modified_gmt":"2026-01-23T08:35:53","slug":"exfu-violin","status":"publish","type":"product","link":"https:\/\/www.mlkjlasers.com\/es\/product\/exfu-violin\/","title":{"rendered":"M\u00e1quina port\u00e1til de depilaci\u00f3n l\u00e1ser de diodo de alta potencia 1200w 1800w s\u00faper r\u00e1pida con 3 ondas 755\/808\/1064nm"},"content":{"rendered":"<div class=\"se3_item\">\n<table style=\"border-collapse: collapse; width: 100%; height: 192px;\">\n<tbody>\n<tr style=\"height: 24px;\">\n<td style=\"width: 50%; height: 24px;\"><span style=\"font-family: helvetica, arial, sans-serif; font-size: 12pt;\"><b>EXFU VIOLIN<\/b><\/span><\/td>\n<td style=\"width: 50%; height: 24px;\"><span style=\"font-family: helvetica, arial, sans-serif; font-size: 12pt;\">N\u00famero de modelo: EXFU VIOLIN<\/span><\/td>\n<\/tr>\n<tr style=\"height: 24px;\">\n<td style=\"width: 50%; height: 24px;\"><span style=\"font-family: helvetica, arial, sans-serif; font-size: 12pt;\">Longitud de onda: 808nm o 755 808 1064nm<\/span><\/td>\n<td style=\"width: 50%; height: 24px;\"><span style=\"font-family: helvetica, arial, sans-serif; font-size: 12pt;\">Tama\u00f1o de la pantalla: pantalla t\u00e1ctil de estilo 4K de 12 pulgadas<\/span><\/td>\n<\/tr>\n<tr style=\"height: 24px;\">\n<td style=\"width: 50%; height: 24px;\"><span style=\"font-family: helvetica, arial, sans-serif; font-size: 12pt;\">Vida \u00fatil: 40 millones de disparos<\/span><\/td>\n<td style=\"width: 50%; height: 24px;\"><span style=\"font-family: helvetica, arial, sans-serif; font-size: 12pt;\">Duraci\u00f3n del pulso: 10-300ms<\/span><\/td>\n<\/tr>\n<tr style=\"height: 24px;\">\n<td style=\"width: 50%; height: 24px;\"><span style=\"font-family: helvetica, arial, sans-serif; font-size: 12pt;\">Tira l\u00e1ser: 100w para cada uno, barra l\u00e1ser coherente de Am\u00e9rica<\/span><\/td>\n<td style=\"width: 50%; height: 24px;\"><span style=\"font-family: helvetica, arial, sans-serif; font-size: 12pt;\">Frecuencia: 1-10hz<\/span><\/td>\n<\/tr>\n<tr style=\"height: 24px;\">\n<td style=\"width: 50%; height: 24px;\"><span style=\"font-family: helvetica, arial, sans-serif; font-size: 12pt;\">Tama\u00f1o del punto: 12&#215; Tama\u00f1o del punto de 24 mm o 12,36 mm<\/span><\/td>\n<td style=\"width: 50%; height: 24px;\"><span style=\"font-family: helvetica, arial, sans-serif; font-size: 12pt;\">Energ\u00eda: 1-150J<\/span><\/td>\n<\/tr>\n<tr style=\"height: 24px;\">\n<td style=\"width: 50%; height: 24px;\"><span style=\"font-family: helvetica, arial, sans-serif; font-size: 12pt;\">Sistema de enfriamiento: circuito de agua del compresor<\/span><\/td>\n<td style=\"width: 50%; height: 24px;\"><span style=\"font-family: helvetica, arial, sans-serif; font-size: 12pt;\">Potencia de la m\u00e1quina: 2000W<\/span><\/td>\n<\/tr>\n<tr style=\"height: 24px;\">\n<td style=\"width: 50%; height: 24px;\"><span style=\"font-family: helvetica, arial, sans-serif; font-size: 12pt;\">Tensi\u00f3n: AC110V 60HZ \/ AC220V 50HZ<\/span><\/td>\n<td style=\"width: 50%; height: 24px;\"><span style=\"font-family: helvetica, arial, sans-serif; font-size: 12pt;\">Demencia de la m\u00e1quina: 380mm * 535mm * 350mm<\/span><\/td>\n<\/tr>\n<tr style=\"height: 24px;\">\n<td style=\"width: 50%; height: 24px;\"><span style=\"font-family: helvetica, arial, sans-serif; font-size: 12pt;\">Paquete: Caja de aluminio<\/span><\/td>\n<td style=\"width: 50%; height: 24px;\"><span style=\"font-family: helvetica, arial, sans-serif; font-size: 12pt;\">Orden de detenci\u00f3n: 2 a\u00f1os para la m\u00e1quina y 1 a\u00f1o para la manija<\/span><\/td>\n<\/tr>\n<\/tbody>\n<\/table>\n<\/div>\n<div class=\"se3_item\">\n<div class=\"se4_tit\">\n<div class=\"r left\"><\/div>\n<div class=\"r left\"><\/div>\n<div class=\"r left\"><span style=\"font-family: helvetica, arial, sans-serif; font-size: 12pt;\"><img fetchpriority=\"high\" decoding=\"async\" class=\"aligncenter wp-image-3506 size-full\" src=\"https:\/\/www.mlkjlasers.com\/wp-content\/uploads\/2026\/01\/banner.jpg\" alt=\"\" width=\"1920\" height=\"1080\" srcset=\"https:\/\/www.mlkjlasers.com\/wp-content\/uploads\/2026\/01\/banner.jpg 1920w, https:\/\/www.mlkjlasers.com\/wp-content\/uploads\/2026\/01\/banner-300x169.jpg 300w, https:\/\/www.mlkjlasers.com\/wp-content\/uploads\/2026\/01\/banner-1024x576.jpg 1024w, https:\/\/www.mlkjlasers.com\/wp-content\/uploads\/2026\/01\/banner-768x432.jpg 768w, https:\/\/www.mlkjlasers.com\/wp-content\/uploads\/2026\/01\/banner-1536x864.jpg 1536w, https:\/\/www.mlkjlasers.com\/wp-content\/uploads\/2026\/01\/banner-600x338.jpg 600w\" sizes=\"(max-width: 1920px) 100vw, 1920px\" \/><\/span><\/div>\n<div class=\"r left\"><\/div>\n<div class=\"r left\"><span style=\"font-family: helvetica, arial, sans-serif; font-size: 12pt;\">A trav\u00e9s del dise\u00f1o cient\u00edfico del mango l\u00e1ser de diodo, el haz l\u00e1ser de alta energ\u00eda penetra instant\u00e1neamente en la piel y alcanza el fol\u00edculo piloso durante el tratamiento, la luz de salida es absorbida por la melanina en el fol\u00edculo piloso, destruyendo as\u00ed el fol\u00edculo piloso y alcanzando la eliminaci\u00f3n permanente del pelo. El ancho del pulso l\u00e1ser se ajusta m\u00e1s corto que el tiempo que el cuerpo humano&#8217; s tiempo de sensaci\u00f3n, un solo tiro de luz ha terminado, pero el cuerpo humano cay\u00f3 indoloro, entonces podr\u00eda lograr la sensaci\u00f3n de tratamiento indoloro, para mejorar el cliente&#8217; experiencia c\u00f3moda.<\/span><\/div>\n<\/div>\n<div class=\"des1\" style=\"text-align: left;\">\n<div><img decoding=\"async\" class=\"aligncenter wp-image-1768\" src=\"https:\/\/www.mlkjlasers.com\/wp-content\/uploads\/2023\/07\/\u53cc\u624b\u67c4\u5e26\u9f3b\u6bdb\u5934-V19\u533b\u7597\u6b3e\u5ba3\u4f20\u518c7-9.jpg\" alt=\"\" width=\"1920\" height=\"1080\" srcset=\"https:\/\/www.mlkjlasers.com\/wp-content\/uploads\/2023\/07\/\u53cc\u624b\u67c4\u5e26\u9f3b\u6bdb\u5934-V19\u533b\u7597\u6b3e\u5ba3\u4f20\u518c7-9.jpg 1200w, https:\/\/www.mlkjlasers.com\/wp-content\/uploads\/2023\/07\/\u53cc\u624b\u67c4\u5e26\u9f3b\u6bdb\u5934-V19\u533b\u7597\u6b3e\u5ba3\u4f20\u518c7-9-300x169.jpg 300w, https:\/\/www.mlkjlasers.com\/wp-content\/uploads\/2023\/07\/\u53cc\u624b\u67c4\u5e26\u9f3b\u6bdb\u5934-V19\u533b\u7597\u6b3e\u5ba3\u4f20\u518c7-9-1024x576.jpg 1024w, https:\/\/www.mlkjlasers.com\/wp-content\/uploads\/2023\/07\/\u53cc\u624b\u67c4\u5e26\u9f3b\u6bdb\u5934-V19\u533b\u7597\u6b3e\u5ba3\u4f20\u518c7-9-768x432.jpg 768w, https:\/\/www.mlkjlasers.com\/wp-content\/uploads\/2023\/07\/\u53cc\u624b\u67c4\u5e26\u9f3b\u6bdb\u5934-V19\u533b\u7597\u6b3e\u5ba3\u4f20\u518c7-9-600x338.jpg 600w\" sizes=\"(max-width: 1920px) 100vw, 1920px\" \/><\/div>\n<div class=\"l left\"><\/div>\n<div class=\"l left\"><span style=\"font-family: helvetica, arial, sans-serif; font-size: 12pt;\">Tres longitudes de onda<\/span><\/div>\n<div class=\"r right\">\n<p><span style=\"font-family: helvetica, arial, sans-serif; font-size: 12pt;\">Tecnolog\u00edas de depilaci\u00f3n de diodos 755nm 808nm 1064nm en un solo mango<\/span><\/p>\n<\/div>\n<\/div>\n<div class=\"des2\">\n<div class=\"des_box1\">\n<p>&nbsp;<\/p>\n<p>&nbsp;<\/p>\n<p style=\"text-align: left;\"><span style=\"font-family: helvetica, arial, sans-serif; font-size: 12pt;\"><img decoding=\"async\" class=\"aligncenter\" src=\"https:\/\/www.exfulaser.com\/uploads\/20221125\/2in1808-22_04.png\" alt=\"\" \/><\/span><\/p>\n<p>&nbsp;<\/p>\n<p style=\"text-align: left;\"><span style=\"font-family: helvetica, arial, sans-serif; font-size: 12pt;\"><img decoding=\"async\" src=\"https:\/\/www.exfulaser.com\/uploads\/20221125\/2in1808-33_08.png\" alt=\"\" \/><\/span><\/p>\n<p>&nbsp;<\/p>\n<p style=\"text-align: left;\"><span style=\"font-family: helvetica, arial, sans-serif; font-size: 12pt;\"><strong>Menor dolor<\/strong><\/span><\/p>\n<p style=\"text-align: left;\"><span style=\"font-family: helvetica, arial, sans-serif; font-size: 12pt;\">Con el enfriamiento continuo de la piel, el dolor y la incomodidad del paciente se reducen significativamente.<\/span><\/p>\n<p class=\"tit_p contents\" style=\"text-align: left;\"><span style=\"font-family: helvetica, arial, sans-serif; font-size: 12pt;\">Ahora la tecnolog\u00eda con alta potencia y pulso corto asegura que: antes de que el cuerpo sienta dolor, el disparo de luz hab\u00eda terminado. Todo el proceso es muy c\u00f3modo, no siente dolor. Por lo general, 3-5 sesiones pueden lograr la depilaci\u00f3n permanente.<\/span><\/p>\n<div class=\"des_detail\">\n<div class=\"des_detail\">\n<h3 style=\"text-align: left;\"><span style=\"font-family: helvetica, arial, sans-serif; font-size: 12pt;\">Sistema de control inteligente<\/span><\/h3>\n<h4 style=\"text-align: left;\"><span style=\"font-family: helvetica, arial, sans-serif; font-size: 12pt;\">Pantalla 4K de 12 pulgadas, experiencia t\u00e1ctil inteligente<\/span><br \/>\n<span style=\"font-family: helvetica, arial, sans-serif; font-size: 12pt;\">* Preajustes de tratamiento personalizables<\/span><br \/>\n<span style=\"font-family: helvetica, arial, sans-serif; font-size: 12pt;\">* Con masculino y femenino, 6 estilos de piel para elegir<\/span><br \/>\n<span style=\"font-family: helvetica, arial, sans-serif; font-size: 12pt;\">* F\u00e1cil de operar, proporcionando habilidades de operaci\u00f3n y servicios de ense\u00f1anza<\/span><br \/>\n<span style=\"font-family: helvetica, arial, sans-serif; font-size: 12pt;\">* el logotipo y el idioma se pueden personalizar en la pantalla<\/span><\/h4>\n<div class=\"img_b\">\n<p><span style=\"font-family: helvetica, arial, sans-serif; font-size: 12pt;\"><img decoding=\"async\" class=\"aligncenter wp-image-3507 size-full\" src=\"https:\/\/www.mlkjlasers.com\/wp-content\/uploads\/2026\/01\/\u5c4f\u5e55\u6d77\u62a5.jpg\" alt=\"\" width=\"1920\" height=\"1080\" srcset=\"https:\/\/www.mlkjlasers.com\/wp-content\/uploads\/2026\/01\/\u5c4f\u5e55\u6d77\u62a5.jpg 1920w, https:\/\/www.mlkjlasers.com\/wp-content\/uploads\/2026\/01\/\u5c4f\u5e55\u6d77\u62a5-300x169.jpg 300w, https:\/\/www.mlkjlasers.com\/wp-content\/uploads\/2026\/01\/\u5c4f\u5e55\u6d77\u62a5-1024x576.jpg 1024w, https:\/\/www.mlkjlasers.com\/wp-content\/uploads\/2026\/01\/\u5c4f\u5e55\u6d77\u62a5-768x432.jpg 768w, https:\/\/www.mlkjlasers.com\/wp-content\/uploads\/2026\/01\/\u5c4f\u5e55\u6d77\u62a5-1536x864.jpg 1536w, https:\/\/www.mlkjlasers.com\/wp-content\/uploads\/2026\/01\/\u5c4f\u5e55\u6d77\u62a5-600x338.jpg 600w\" sizes=\"(max-width: 1920px) 100vw, 1920px\" \/><\/span><\/p>\n<p style=\"text-align: left;\"><span style=\"font-family: helvetica, arial, sans-serif; font-size: 12pt;\">EXFU VIOLIN el mundo&#8217; tecnolog\u00eda de depilaci\u00f3n permanente m\u00e1s avanzada e indolora. Para diferentes tipos de piel eliminaci\u00f3n del color del pelo, pelo de diferente grosor, pelo de diferentes tonos, etc.; El mango adopta un dise\u00f1o l\u00e1ser \u00fanico, la cabeza l\u00e1ser es m\u00e1s grande, por lo que puede cubrir m\u00e1s superficie, eliminaci\u00f3n del pelo 40% m\u00e1s r\u00e1pida que otros.\u00a0<\/span><\/p>\n<p style=\"text-align: left;\"><span style=\"font-family: helvetica, arial, sans-serif; font-size: 12pt;\">4 ondas 755 808 940 1064nm, que tiene una amplia gama de aplicabilidad para diferentes tipos de depilaci\u00f3n, tenemos certificados FDA, CE, ISO13485, y siempre estamos buscando nueva inspiraci\u00f3n innovadora para traer productos m\u00e1s confiables a nuestros socios y clientes.<\/span><\/p>\n<p><img loading=\"lazy\" decoding=\"async\" class=\"aligncenter size-full wp-image-3505\" src=\"https:\/\/www.mlkjlasers.com\/wp-content\/uploads\/2026\/01\/3-2.jpg\" alt=\"\" width=\"1920\" height=\"1080\" srcset=\"https:\/\/www.mlkjlasers.com\/wp-content\/uploads\/2026\/01\/3-2.jpg 1920w, https:\/\/www.mlkjlasers.com\/wp-content\/uploads\/2026\/01\/3-2-300x169.jpg 300w, https:\/\/www.mlkjlasers.com\/wp-content\/uploads\/2026\/01\/3-2-1024x576.jpg 1024w, https:\/\/www.mlkjlasers.com\/wp-content\/uploads\/2026\/01\/3-2-768x432.jpg 768w, https:\/\/www.mlkjlasers.com\/wp-content\/uploads\/2026\/01\/3-2-1536x864.jpg 1536w, https:\/\/www.mlkjlasers.com\/wp-content\/uploads\/2026\/01\/3-2-600x338.jpg 600w\" sizes=\"(max-width: 1920px) 100vw, 1920px\" \/><\/p>\n<\/div>\n<\/div>\n<\/div>\n<p><span style=\"font-family: helvetica, arial, sans-serif; font-size: 12pt;\">Antes y despu\u00e9s<\/span><\/p>\n<\/div>\n<\/div>\n<\/div>\n<p><img loading=\"lazy\" decoding=\"async\" class=\"aligncenter size-full wp-image-3106\" src=\"https:\/\/www.mlkjlasers.com\/wp-content\/uploads\/2024\/06\/8.jpg\" alt=\"\" width=\"1920\" height=\"1080\" srcset=\"https:\/\/www.mlkjlasers.com\/wp-content\/uploads\/2024\/06\/8.jpg 1920w, https:\/\/www.mlkjlasers.com\/wp-content\/uploads\/2024\/06\/8-300x169.jpg 300w, https:\/\/www.mlkjlasers.com\/wp-content\/uploads\/2024\/06\/8-1024x576.jpg 1024w, https:\/\/www.mlkjlasers.com\/wp-content\/uploads\/2024\/06\/8-768x432.jpg 768w, https:\/\/www.mlkjlasers.com\/wp-content\/uploads\/2024\/06\/8-1536x864.jpg 1536w, https:\/\/www.mlkjlasers.com\/wp-content\/uploads\/2024\/06\/8-600x338.jpg 600w\" sizes=\"(max-width: 1920px) 100vw, 1920px\" \/><\/p>\n<table class=\"alignleft\" style=\"border-collapse: collapse; width: 100%; height: 168px;\">\n<tbody>\n<tr style=\"height: 24px;\">\n<td style=\"width: 50%; height: 24px;\"><span style=\"font-family: helvetica, arial, sans-serif; font-size: 12pt;\">Ventajas<\/span><\/td>\n<td style=\"width: 50%; height: 24px;\"><span style=\"font-family: helvetica, arial, sans-serif; font-size: 12pt;\">Enfriamiento minuto<\/span><\/td>\n<\/tr>\n<tr style=\"height: 24px;\">\n<td style=\"width: 50%; height: 24px;\"><span style=\"font-family: helvetica, arial, sans-serif; font-size: 12pt;\">Depilaci\u00f3n r\u00e1pida, indolore y permanente<\/span><\/td>\n<td style=\"width: 50%; height: 24px;\"><span style=\"font-family: helvetica, arial, sans-serif; font-size: 12pt;\">Bajo ruido del sistema y fuerte efecto de refrigeraci\u00f3n<\/span><\/td>\n<\/tr>\n<tr style=\"height: 24px;\">\n<td style=\"width: 50%; height: 24px;\"><span style=\"font-family: helvetica, arial, sans-serif; font-size: 12pt;\">24 horas de trabajo continuo<\/span><\/td>\n<td style=\"width: 50%; height: 24px;\"><span style=\"font-family: helvetica, arial, sans-serif; font-size: 12pt;\">No necesita anestesia local<\/span><\/td>\n<\/tr>\n<tr style=\"height: 24px;\">\n<td style=\"width: 50%; height: 24px;\"><span style=\"font-family: helvetica, arial, sans-serif; font-size: 12pt;\">Reducir el tiempo de preparaci\u00f3n<\/span><\/td>\n<td style=\"width: 50%; height: 24px;\"><span style=\"font-family: helvetica, arial, sans-serif; font-size: 12pt;\">Menores costos de env\u00edo, mayor rendimiento de costos<\/span><\/td>\n<\/tr>\n<tr style=\"height: 24px;\">\n<td style=\"width: 50%; height: 24px;\"><span style=\"font-family: helvetica, arial, sans-serif; font-size: 12pt;\">Amplie su base de pacientes<\/span><\/td>\n<td style=\"width: 50%; height: 24px;\"><span style=\"font-family: helvetica, arial, sans-serif; font-size: 12pt;\">Aumenta tu beneficio<\/span><\/td>\n<\/tr>\n<tr style=\"height: 24px;\">\n<td style=\"width: 50%; height: 24px;\"><span style=\"font-family: helvetica, arial, sans-serif; font-size: 12pt;\">Adecuado para el tratamiento de todas las partes del cuerpo<\/span><\/td>\n<td style=\"width: 50%; height: 24px;\"><span style=\"font-family: helvetica, arial, sans-serif; font-size: 12pt;\">Aumenta tu beneficio<\/span><\/td>\n<\/tr>\n<tr style=\"height: 24px;\">\n<td style=\"width: 50%; height: 24px;\"><span style=\"font-family: helvetica, arial, sans-serif; font-size: 12pt;\">Tambi\u00e9n se puede utilizar en casa<\/span><\/td>\n<td style=\"width: 50%; height: 24px;\"><span style=\"font-family: helvetica, arial, sans-serif; font-size: 12pt;\">Portable y compacto, se puede llevar a la puerta para el tratamiento del cliente<\/span><\/td>\n<\/tr>\n<\/tbody>\n<\/table>\n<div class=\"des_detail\" style=\"text-align: left;\">\n<h3><\/h3>\n<h3><\/h3>\n<\/div>\n<h3><\/h3>\n<div class=\"des_detail\" style=\"text-align: left;\">\n<p>&nbsp;<\/p>\n<p>&nbsp;<\/p>\n<p>&nbsp;<\/p>\n<p><span style=\"font-family: helvetica, arial, sans-serif; font-size: 12pt;\">Tama\u00f1o del punto 12x24mm Tama\u00f1o del punto, para una mejor absorci\u00f3n de energ\u00eda en el fol\u00edculo objetivo.<\/span><br \/>\n<span style=\"font-family: helvetica, arial, sans-serif; font-size: 12pt;\">El \u00fanico l\u00e1ser con tecnolog\u00eda \u00fanica y dedicada para la reducci\u00f3n del dolor, mayor eficacia, seguridad.<\/span><\/p>\n<p>&nbsp;<\/p>\n<\/div>\n<div class=\"des_detail\">\n<h3 style=\"text-align: left;\"><span style=\"font-family: helvetica, arial, sans-serif; font-size: 12pt;\">Vers\u00e1til<\/span><\/h3>\n<h4 style=\"text-align: left;\"><span style=\"font-family: helvetica, arial, sans-serif; font-size: 12pt;\">Los cabezales l\u00e1ser EXFU VIOLIN permiten la reducci\u00f3n permanente del cabello de todas las \u00e1reas del cuerpo. Su tecnolog\u00eda avanzada reduce el dolor al tiempo que aumenta la eficacia, lo que permite tratamientos r\u00e1pidos y c\u00f3modos para pacientes y profesionales.<\/span><\/h4>\n<div class=\"des_detail\" style=\"text-align: left;\">\n<p><span style=\"font-family: helvetica, arial, sans-serif; font-size: 12pt;\"><img loading=\"lazy\" decoding=\"async\" class=\"aligncenter\" src=\"https:\/\/www.exfulaser.com\/uploads\/20221125\/%E6%95%88%E6%9E%9C.png\" alt=\"\" width=\"1604\" height=\"252\" \/><\/span><\/p>\n<p><span style=\"font-family: helvetica, arial, sans-serif; font-size: 12pt;\">\u2460  El l\u00e1ser act\u00faa selectivamente sobre la melanina en el fol\u00edculo piloso, destruyendo el \u00e1rea de crecimiento del cabello.<\/span><\/p>\n<p><span style=\"font-family: helvetica, arial, sans-serif; font-size: 12pt;\">\u2461  Efecto de la eliminaci\u00f3n del pelo despu\u00e9s de 1-3 tratamientos: p\u00e9rdida natural del pelo, prevenir la regeneraci\u00f3n y lograr el prop\u00f3sito de la eliminaci\u00f3n del pelo<\/span><\/p>\n<p><span style=\"font-family: helvetica, arial, sans-serif; font-size: 12pt;\">\u2462  Efecto de depilaci\u00f3n despu\u00e9s de 3-5 tratamientos: La depilaci\u00f3n tambi\u00e9n estimula la regeneraci\u00f3n del col\u00e1geno, contrae los poros y hace que la piel sea firme y lisa<\/span><\/p>\n<p>&nbsp;<\/p>\n<\/div>\n<\/div>","protected":false},"excerpt":{"rendered":"<p>Enfriamiento de TEC: ventilador de tanque de agua de TEC de 600W, TEC asegura que la m\u00e1quina pueda trabajar continuamente durante 24 horas sin ning\u00fan problema, y la temperatura del agua se controla entre 22&#8211; 24 C 2)<br \/>\nFuente de alimentaci\u00f3n: fuente de alimentaci\u00f3n de alta potencia de 2000W para garantizar una buena y estable salida de potencia de la m\u00e1quina<br \/>\nFiltro: doble filtro para garantizar una buena calidad del agua y la circulaci\u00f3n del agua<br \/>\n* La m\u00e1quina&#8217; s estructura interna totalmente met\u00e1lica, el dise\u00f1o de la estructura interna es maduro y razonable, para garantizar el buen funcionamiento de la m\u00e1quina * Tecnolog\u00eda Exfu \u2122 - Enfriamiento por contacto integrado, proporciona protecci\u00f3n epid\u00e9rmica para \u00e1reas de tratamiento que requieren precisi\u00f3n y mayor fluencia.<\/p>","protected":false},"featured_media":3504,"comment_status":"open","ping_status":"closed","template":"","meta":[],"product_cat":[15],"product_tag":[],"class_list":["post-275","product","type-product","status-publish","has-post-thumbnail","hentry","product_cat-diode-laser-hair-removal-machine"],"_links":{"self":[{"href":"https:\/\/www.mlkjlasers.com\/es\/wp-json\/wp\/v2\/product\/275","targetHints":{"allow":["GET"]}}],"collection":[{"href":"https:\/\/www.mlkjlasers.com\/es\/wp-json\/wp\/v2\/product"}],"about":[{"href":"https:\/\/www.mlkjlasers.com\/es\/wp-json\/wp\/v2\/types\/product"}],"replies":[{"embeddable":true,"href":"https:\/\/www.mlkjlasers.com\/es\/wp-json\/wp\/v2\/comments?post=275"}],"wp:featuredmedia":[{"embeddable":true,"href":"https:\/\/www.mlkjlasers.com\/es\/wp-json\/wp\/v2\/media\/3504"}],"wp:attachment":[{"href":"https:\/\/www.mlkjlasers.com\/es\/wp-json\/wp\/v2\/media?parent=275"}],"wp:term":[{"taxonomy":"product_cat","embeddable":true,"href":"https:\/\/www.mlkjlasers.com\/es\/wp-json\/wp\/v2\/product_cat?post=275"},{"taxonomy":"product_tag","embeddable":true,"href":"https:\/\/www.mlkjlasers.com\/es\/wp-json\/wp\/v2\/product_tag?post=275"}],"curies":[{"name":"wp","href":"https:\/\/api.w.org\/{rel}","templated":true}]}}