{"id":2890,"date":"2024-01-19T14:00:16","date_gmt":"2024-01-19T06:00:16","guid":{"rendered":"https:\/\/mlkjlasers.com\/?post_type=product&#038;p=2890"},"modified":"2026-01-23T15:05:25","modified_gmt":"2026-01-23T07:05:25","slug":"80k-cavitation-vacuum-machine-rf-roller-massage-body-shaping-slimming-machine-cavitation-vacuum-rf-machine","status":"publish","type":"product","link":"https:\/\/www.mlkjlasers.com\/es\/product\/80k-cavitation-vacuum-machine-rf-roller-massage-body-shaping-slimming-machine-cavitation-vacuum-rf-machine\/","title":{"rendered":"80K cavitaci\u00f3n m\u00e1quina de vac\u00edo rf rodillo masaje cuerpo que da forma a la m\u00e1quina de adelgazamiento cavitaci\u00f3n m\u00e1quina de vac\u00edo rf"},"content":{"rendered":"<p><img fetchpriority=\"high\" decoding=\"async\" class=\"aligncenter wp-image-2891\" src=\"https:\/\/mlkjlasers.com\/wp-content\/uploads\/2024\/01\/1.jpg\" alt=\"\" width=\"1920\" height=\"1080\" srcset=\"https:\/\/www.mlkjlasers.com\/wp-content\/uploads\/2024\/01\/1.jpg 1920w, https:\/\/www.mlkjlasers.com\/wp-content\/uploads\/2024\/01\/1-300x169.jpg 300w, https:\/\/www.mlkjlasers.com\/wp-content\/uploads\/2024\/01\/1-1024x576.jpg 1024w, https:\/\/www.mlkjlasers.com\/wp-content\/uploads\/2024\/01\/1-768x432.jpg 768w, https:\/\/www.mlkjlasers.com\/wp-content\/uploads\/2024\/01\/1-1536x864.jpg 1536w, https:\/\/www.mlkjlasers.com\/wp-content\/uploads\/2024\/01\/1-600x338.jpg 600w\" sizes=\"(max-width: 1920px) 100vw, 1920px\" \/><\/p>\n<p><img decoding=\"async\" class=\"aligncenter wp-image-2892\" src=\"https:\/\/mlkjlasers.com\/wp-content\/uploads\/2024\/01\/2.jpg\" alt=\"\" width=\"1920\" height=\"1080\" srcset=\"https:\/\/www.mlkjlasers.com\/wp-content\/uploads\/2024\/01\/2.jpg 1920w, https:\/\/www.mlkjlasers.com\/wp-content\/uploads\/2024\/01\/2-300x169.jpg 300w, https:\/\/www.mlkjlasers.com\/wp-content\/uploads\/2024\/01\/2-1024x576.jpg 1024w, https:\/\/www.mlkjlasers.com\/wp-content\/uploads\/2024\/01\/2-768x432.jpg 768w, https:\/\/www.mlkjlasers.com\/wp-content\/uploads\/2024\/01\/2-1536x864.jpg 1536w, https:\/\/www.mlkjlasers.com\/wp-content\/uploads\/2024\/01\/2-600x338.jpg 600w\" sizes=\"(max-width: 1920px) 100vw, 1920px\" \/><\/p>\n<p>&nbsp;<\/p>\n<p><span class=\"magic-9\"><b class=\"magic-10\" data-spm-anchor-id=\"a2700.wholesale.0.i89.7c517cf3tiIswF\">Cavitaci\u00f3n 80K: <\/b>Basado en el uso de ondas de ultrasonido de baja frecuencia, crea un fen\u00f3meno llamado \u201ccavitaci\u00f3n\u201d en el cuerpo. La cavitaci\u00f3n ocurre cuando las ondas de ultrasonido causan la formaci\u00f3n e implosi\u00f3n de peque\u00f1as burbujas en el l\u00edquido que rodea las c\u00e9lulas grasas, haciendo que se rompan. Puede ser eficaz para reducir la aparici\u00f3n de celulitis, tonificar y endurecer la piel y reducir la circunferencia de las \u00e1reas tratadas. <\/span><\/p>\n<div data-spm-anchor-id=\"a2700.wholesale.0.i87.7c517cf3tiIswF\"><span class=\"magic-9\"><b class=\"magic-10\">RF multipolar: <\/b>Utiliza las ondas electromagn\u00e9ticas que se aplican a la piel, y las ondas penetran en la superficie de la piel y alcanzan las capas m\u00e1s profundas, haciendo que los tejidos vibran y generen calor. As\u00ed estimula la descomposici\u00f3n de las c\u00e9lulas grasas <\/span><\/div>\n<div data-spm-anchor-id=\"a2700.wholesale.0.i88.7c517cf3tiIswF\"><span class=\"magic-9\"><b class=\"magic-10\">Vac\u00edo RF: <\/b>Combina las tecnolog\u00edas de succi\u00f3n de vac\u00edo y tecnolog\u00eda de RF. La succi\u00f3n al vac\u00edo se utiliza para masajear y manipular la piel, mientras que la tecnolog\u00eda RF se utiliza para calentar las capas profundas de la piel, promoviendo la producci\u00f3n de col\u00e1geno y la descomposici\u00f3n de las c\u00e9lulas grasas.<\/span><\/div>\n<div data-spm-anchor-id=\"a2700.wholesale.0.i88.7c517cf3tiIswF\"><\/div>\n<div data-spm-anchor-id=\"a2700.wholesale.0.i88.7c517cf3tiIswF\"><img decoding=\"async\" class=\"aligncenter wp-image-2893\" src=\"https:\/\/mlkjlasers.com\/wp-content\/uploads\/2024\/01\/3.jpg\" alt=\"\" width=\"1920\" height=\"1608\" srcset=\"https:\/\/www.mlkjlasers.com\/wp-content\/uploads\/2024\/01\/3.jpg 1920w, https:\/\/www.mlkjlasers.com\/wp-content\/uploads\/2024\/01\/3-300x251.jpg 300w, https:\/\/www.mlkjlasers.com\/wp-content\/uploads\/2024\/01\/3-1024x858.jpg 1024w, https:\/\/www.mlkjlasers.com\/wp-content\/uploads\/2024\/01\/3-768x643.jpg 768w, https:\/\/www.mlkjlasers.com\/wp-content\/uploads\/2024\/01\/3-1536x1286.jpg 1536w, https:\/\/www.mlkjlasers.com\/wp-content\/uploads\/2024\/01\/3-600x503.jpg 600w\" sizes=\"(max-width: 1920px) 100vw, 1920px\" \/><\/div>\n<div data-spm-anchor-id=\"a2700.wholesale.0.i88.7c517cf3tiIswF\"><\/div>\n<div data-spm-anchor-id=\"a2700.wholesale.0.i88.7c517cf3tiIswF\"><b class=\"magic-10\" data-spm-anchor-id=\"a2700.wholesale.0.i91.7c517cf3tiIswF\">\u00bfC\u00f3mo funciona esta m\u00e1quina?<br \/>\n<\/b>A trav\u00e9s de la cabeza de operaci\u00f3n facial, puede revitalizar los fibroblastos humanos para generar col\u00e1geno, fibras el\u00e1sticas, \u00e1cido hialur\u00f3nico y otras sustancias, y restaurar la vitalidad de la piel; Puede resolver la piel facial amarillenta aburrida, el contorno no es claro, la falta de elasticidad, la piel suelta, arrugas, doble ment\u00f3n y depresi\u00f3n facial. Formaci\u00f3n delgada del cuerpo: Para la descomposici\u00f3n de adipocitos, descomponer l\u00edpidos, en energ\u00eda muscular, reducir el volumen de grasa, para apretar la piel, efecto de forma. Puede resolver la acumulaci\u00f3n de celulitis, obesidad corporal, tejido de piel naranja, edema de humedad y etc.<\/p>\n<\/div>\n<div data-spm-anchor-id=\"a2700.wholesale.0.i88.7c517cf3tiIswF\"><\/div>\n<div data-spm-anchor-id=\"a2700.wholesale.0.i88.7c517cf3tiIswF\"><img loading=\"lazy\" decoding=\"async\" class=\"aligncenter wp-image-2897\" src=\"https:\/\/mlkjlasers.com\/wp-content\/uploads\/2024\/01\/7.jpg\" alt=\"\" width=\"1920\" height=\"1080\" srcset=\"https:\/\/www.mlkjlasers.com\/wp-content\/uploads\/2024\/01\/7.jpg 1920w, https:\/\/www.mlkjlasers.com\/wp-content\/uploads\/2024\/01\/7-300x169.jpg 300w, https:\/\/www.mlkjlasers.com\/wp-content\/uploads\/2024\/01\/7-1024x576.jpg 1024w, https:\/\/www.mlkjlasers.com\/wp-content\/uploads\/2024\/01\/7-768x432.jpg 768w, https:\/\/www.mlkjlasers.com\/wp-content\/uploads\/2024\/01\/7-1536x864.jpg 1536w, https:\/\/www.mlkjlasers.com\/wp-content\/uploads\/2024\/01\/7-600x338.jpg 600w\" sizes=\"(max-width: 1920px) 100vw, 1920px\" \/><\/div>\n<div data-spm-anchor-id=\"a2700.wholesale.0.i88.7c517cf3tiIswF\"><\/div>\n<div data-spm-anchor-id=\"a2700.wholesale.0.i88.7c517cf3tiIswF\"><b class=\"magic-10\">Ventajas y caracter\u00edsticas<br \/>\n<\/b>1. El mango del cuerpo est\u00e1 equipado con una pantalla t\u00e1ctil de 2,8 pulgadas, que es m\u00e1s f\u00e1cil de controlar y ajustar.<br \/>\n2. No hay necesidad de masaje laborioso de esteticista, operaci\u00f3n simple es segura.<br \/>\n3. atracci\u00f3n de presi\u00f3n negativa de conversi\u00f3n de frecuencia: propiedad f\u00edsica pura no tiene da\u00f1o a la piel, el mejor efecto es el<br \/>\nm\u00e1s profundo.<br \/>\n4. Rodillo de potencia bidireccional: la superficie de contacto es m\u00e1s amplia, el \u00e1rea de funci\u00f3n es m\u00e1s grande, la profundidad de la funci\u00f3n es m\u00e1s profunda.<br \/>\n5. Collet exclusivo personal: profundidad del efecto tridimensional, la profundidad de estimulaci\u00f3n de velocidad infinitamente variable inteligente es diferente.<\/div>\n<div data-spm-anchor-id=\"a2700.wholesale.0.i88.7c517cf3tiIswF\"><\/div>\n<div data-spm-anchor-id=\"a2700.wholesale.0.i88.7c517cf3tiIswF\"><img loading=\"lazy\" decoding=\"async\" class=\"aligncenter wp-image-2895\" src=\"https:\/\/mlkjlasers.com\/wp-content\/uploads\/2024\/01\/5.jpg\" alt=\"\" width=\"1920\" height=\"1080\" srcset=\"https:\/\/www.mlkjlasers.com\/wp-content\/uploads\/2024\/01\/5.jpg 1920w, https:\/\/www.mlkjlasers.com\/wp-content\/uploads\/2024\/01\/5-300x169.jpg 300w, https:\/\/www.mlkjlasers.com\/wp-content\/uploads\/2024\/01\/5-1024x576.jpg 1024w, https:\/\/www.mlkjlasers.com\/wp-content\/uploads\/2024\/01\/5-768x432.jpg 768w, https:\/\/www.mlkjlasers.com\/wp-content\/uploads\/2024\/01\/5-1536x864.jpg 1536w, https:\/\/www.mlkjlasers.com\/wp-content\/uploads\/2024\/01\/5-600x338.jpg 600w\" sizes=\"(max-width: 1920px) 100vw, 1920px\" \/><\/div>\n<div data-spm-anchor-id=\"a2700.wholesale.0.i88.7c517cf3tiIswF\"><\/div>\n<div data-spm-anchor-id=\"a2700.wholesale.0.i88.7c517cf3tiIswF\"><img loading=\"lazy\" decoding=\"async\" class=\"aligncenter wp-image-2896\" src=\"https:\/\/mlkjlasers.com\/wp-content\/uploads\/2024\/01\/6.jpg\" alt=\"\" width=\"1920\" height=\"1608\" srcset=\"https:\/\/www.mlkjlasers.com\/wp-content\/uploads\/2024\/01\/6.jpg 1920w, https:\/\/www.mlkjlasers.com\/wp-content\/uploads\/2024\/01\/6-300x251.jpg 300w, https:\/\/www.mlkjlasers.com\/wp-content\/uploads\/2024\/01\/6-1024x858.jpg 1024w, https:\/\/www.mlkjlasers.com\/wp-content\/uploads\/2024\/01\/6-768x643.jpg 768w, https:\/\/www.mlkjlasers.com\/wp-content\/uploads\/2024\/01\/6-1536x1286.jpg 1536w, https:\/\/www.mlkjlasers.com\/wp-content\/uploads\/2024\/01\/6-600x503.jpg 600w\" sizes=\"(max-width: 1920px) 100vw, 1920px\" \/><\/div>\n<div data-spm-anchor-id=\"a2700.wholesale.0.i88.7c517cf3tiIswF\"><\/div>\n<div data-spm-anchor-id=\"a2700.wholesale.0.i88.7c517cf3tiIswF\"><img loading=\"lazy\" decoding=\"async\" class=\"aligncenter wp-image-2894\" src=\"https:\/\/mlkjlasers.com\/wp-content\/uploads\/2024\/01\/4.jpg\" alt=\"\" width=\"1920\" height=\"1080\" srcset=\"https:\/\/www.mlkjlasers.com\/wp-content\/uploads\/2024\/01\/4.jpg 1920w, https:\/\/www.mlkjlasers.com\/wp-content\/uploads\/2024\/01\/4-300x169.jpg 300w, https:\/\/www.mlkjlasers.com\/wp-content\/uploads\/2024\/01\/4-1024x576.jpg 1024w, https:\/\/www.mlkjlasers.com\/wp-content\/uploads\/2024\/01\/4-768x432.jpg 768w, https:\/\/www.mlkjlasers.com\/wp-content\/uploads\/2024\/01\/4-1536x864.jpg 1536w, https:\/\/www.mlkjlasers.com\/wp-content\/uploads\/2024\/01\/4-600x338.jpg 600w\" sizes=\"(max-width: 1920px) 100vw, 1920px\" \/><\/div>\n<div data-spm-anchor-id=\"a2700.wholesale.0.i88.7c517cf3tiIswF\"><\/div>\n<div data-spm-anchor-id=\"a2700.wholesale.0.i88.7c517cf3tiIswF\">* pantalla t\u00e1ctil de 14 pulgadas, f\u00e1cil de operar;<br \/>\n* Proporcionar la apariencia del producto y los servicios de personalizaci\u00f3n del sistema operativo;<br \/>\n* Formaci\u00f3n de orientaci\u00f3n de uso del producto;<br \/>\n* Gu\u00eda de actualizaci\u00f3n del sistema, servicio exclusivo de seguimiento del servicio al cliente!<\/div>\n<div data-spm-anchor-id=\"a2700.wholesale.0.i88.7c517cf3tiIswF\"><\/div>\n<div data-spm-anchor-id=\"a2700.wholesale.0.i88.7c517cf3tiIswF\"><img loading=\"lazy\" decoding=\"async\" class=\"aligncenter wp-image-2898\" src=\"https:\/\/mlkjlasers.com\/wp-content\/uploads\/2024\/01\/8.jpg\" alt=\"\" width=\"1920\" height=\"1080\" srcset=\"https:\/\/www.mlkjlasers.com\/wp-content\/uploads\/2024\/01\/8.jpg 1920w, https:\/\/www.mlkjlasers.com\/wp-content\/uploads\/2024\/01\/8-300x169.jpg 300w, https:\/\/www.mlkjlasers.com\/wp-content\/uploads\/2024\/01\/8-1024x576.jpg 1024w, https:\/\/www.mlkjlasers.com\/wp-content\/uploads\/2024\/01\/8-768x432.jpg 768w, https:\/\/www.mlkjlasers.com\/wp-content\/uploads\/2024\/01\/8-1536x864.jpg 1536w, https:\/\/www.mlkjlasers.com\/wp-content\/uploads\/2024\/01\/8-600x338.jpg 600w\" sizes=\"(max-width: 1920px) 100vw, 1920px\" \/><\/div>\n<div data-spm-anchor-id=\"a2700.wholesale.0.i88.7c517cf3tiIswF\"><\/div>\n<div data-spm-anchor-id=\"a2700.wholesale.0.i88.7c517cf3tiIswF\"><em><strong><span style=\"color: #0000ff;\">M\u00e1s detalles del producto y m\u00e9todos de aplicaci\u00f3n, \u00a1bienvenido a consultarnos!<\/span><\/strong><\/em><br \/>\n<em><strong><span style=\"color: #0000ff;\">Servicio en l\u00ednea 7 * 24 horas!<\/span><\/strong><\/em><\/div>\n<div data-spm-anchor-id=\"a2700.wholesale.0.i88.7c517cf3tiIswF\"><\/div>","protected":false},"excerpt":{"rendered":"<p>&nbsp; Cavitaci\u00f3n 80K: Basada en el uso de ondas de ultrasonido de baja frecuencia, crea un fen\u00f3meno llamado \u201ccavitaci\u00f3n\u201d en el cuerpo. La cavitaci\u00f3n ocurre cuando las ondas de ultrasonido causan la formaci\u00f3n e implosi\u00f3n de peque\u00f1as burbujas en el l\u00edquido que rodea las c\u00e9lulas grasas, haciendo que se rompan. Puede ser eficaz para reducir la aparici\u00f3n de [&hellip;]<\/p>","protected":false},"featured_media":3492,"comment_status":"open","ping_status":"closed","template":"","meta":[],"product_cat":[28],"product_tag":[],"class_list":["post-2890","product","type-product","status-publish","has-post-thumbnail","hentry","product_cat-slimming-machine"],"_links":{"self":[{"href":"https:\/\/www.mlkjlasers.com\/es\/wp-json\/wp\/v2\/product\/2890","targetHints":{"allow":["GET"]}}],"collection":[{"href":"https:\/\/www.mlkjlasers.com\/es\/wp-json\/wp\/v2\/product"}],"about":[{"href":"https:\/\/www.mlkjlasers.com\/es\/wp-json\/wp\/v2\/types\/product"}],"replies":[{"embeddable":true,"href":"https:\/\/www.mlkjlasers.com\/es\/wp-json\/wp\/v2\/comments?post=2890"}],"wp:featuredmedia":[{"embeddable":true,"href":"https:\/\/www.mlkjlasers.com\/es\/wp-json\/wp\/v2\/media\/3492"}],"wp:attachment":[{"href":"https:\/\/www.mlkjlasers.com\/es\/wp-json\/wp\/v2\/media?parent=2890"}],"wp:term":[{"taxonomy":"product_cat","embeddable":true,"href":"https:\/\/www.mlkjlasers.com\/es\/wp-json\/wp\/v2\/product_cat?post=2890"},{"taxonomy":"product_tag","embeddable":true,"href":"https:\/\/www.mlkjlasers.com\/es\/wp-json\/wp\/v2\/product_tag?post=2890"}],"curies":[{"name":"wp","href":"https:\/\/api.w.org\/{rel}","templated":true}]}}