{"id":2941,"date":"2024-01-30T09:19:38","date_gmt":"2024-01-30T01:19:38","guid":{"rendered":"https:\/\/mlkjlasers.com\/?post_type=product&#038;p=2941"},"modified":"2026-01-21T08:59:37","modified_gmt":"2026-01-21T00:59:37","slug":"10d-focused-ultrasound-hifu-skin-rejuvenation-beauty-hifu-10d-hifu-machine-skin-tightening","status":"publish","type":"product","link":"https:\/\/www.mlkjlasers.com\/es\/product\/10d-focused-ultrasound-hifu-skin-rejuvenation-beauty-hifu-10d-hifu-machine-skin-tightening\/","title":{"rendered":"10D enfocado ultrasonido rejuvenecimiento de la piel Hifu belleza Hifu 10D m\u00e1quina Hifu apretamiento de la piel"},"content":{"rendered":"<p><img fetchpriority=\"high\" decoding=\"async\" class=\"alignnone wp-image-2942\" src=\"https:\/\/mlkjlasers.com\/wp-content\/uploads\/2024\/01\/\u8be6\u60c5\u9875_01.jpg\" alt=\"\" width=\"1920\" height=\"3241\" srcset=\"https:\/\/www.mlkjlasers.com\/wp-content\/uploads\/2024\/01\/\u8be6\u60c5\u9875_01.jpg 750w, https:\/\/www.mlkjlasers.com\/wp-content\/uploads\/2024\/01\/\u8be6\u60c5\u9875_01-178x300.jpg 178w, https:\/\/www.mlkjlasers.com\/wp-content\/uploads\/2024\/01\/\u8be6\u60c5\u9875_01-607x1024.jpg 607w, https:\/\/www.mlkjlasers.com\/wp-content\/uploads\/2024\/01\/\u8be6\u60c5\u9875_01-600x1013.jpg 600w\" sizes=\"(max-width: 1920px) 100vw, 1920px\" \/><\/p>\n<div data-spm-anchor-id=\"a2700.wholesale.0.i82.36bff5dflxmUVP\"><\/div>\n<div data-spm-anchor-id=\"a2700.wholesale.0.i82.36bff5dflxmUVP\">\u00daltima m\u00e1quina HIFU Ultrasonido enfocado<\/div>\n<div data-spm-anchor-id=\"a2700.wholesale.0.i83.36bff5dflxmUVP\">M\u00e1s reciente 7D 9D 10D 11D Hifu cuerpo adelgazamiento levantamiento facial eliminaci\u00f3n Winkle<\/div>\n<div data-spm-anchor-id=\"a2700.wholesale.0.i83.36bff5dflxmUVP\"><\/div>\n<div data-spm-anchor-id=\"a2700.wholesale.0.i83.36bff5dflxmUVP\"><img decoding=\"async\" class=\"alignnone wp-image-2950\" src=\"https:\/\/mlkjlasers.com\/wp-content\/uploads\/2024\/01\/\u8be6\u60c5\u9875_09.jpg\" alt=\"\" width=\"1920\" height=\"1498\" srcset=\"https:\/\/www.mlkjlasers.com\/wp-content\/uploads\/2024\/01\/\u8be6\u60c5\u9875_09.jpg 750w, https:\/\/www.mlkjlasers.com\/wp-content\/uploads\/2024\/01\/\u8be6\u60c5\u9875_09-300x234.jpg 300w, https:\/\/www.mlkjlasers.com\/wp-content\/uploads\/2024\/01\/\u8be6\u60c5\u9875_09-600x468.jpg 600w\" sizes=\"(max-width: 1920px) 100vw, 1920px\" \/><\/div>\n<div data-spm-anchor-id=\"a2700.wholesale.0.i83.36bff5dflxmUVP\"><\/div>\n<div data-spm-anchor-id=\"a2700.wholesale.0.i83.36bff5dflxmUVP\">HIFU (Ultrasonido enfocado de alta intensidad) Use ultrasonido de alta energ\u00eda enfocando en la posici\u00f3n del tratamiento, de modo que el tejido de la piel crea el t\u00e9rmico,<\/div>\n<div data-spm-anchor-id=\"a2700.wholesale.0.i83.36bff5dflxmUVP\">y hacer c\u00e9lulas de fricci\u00f3n de alta velocidad para estimular el col\u00e1geno. Tal efecto t\u00e9rmico no da\u00f1ar\u00e1 la epidermis, porque el tratamiento r\u00e1pido y directo acceso a la piel.<\/div>\n<div data-spm-anchor-id=\"a2700.wholesale.0.i83.36bff5dflxmUVP\">sitio de tratamiento en 0-0,5 segundos, sin tocar el tejido circundante y se puede pasar directamente al sistema de membrana del tend\u00f3n superficial (SMAS),<\/div>\n<div data-spm-anchor-id=\"a2700.wholesale.0.i83.36bff5dflxmUVP\">por lo que se puede hacer piel firme mientras tira de la capa muscular, cara delgada hasta el efecto progresivo.<\/div>\n<div data-spm-anchor-id=\"a2700.wholesale.0.i83.36bff5dflxmUVP\"><\/div>\n<div data-spm-anchor-id=\"a2700.wholesale.0.i83.36bff5dflxmUVP\"><img decoding=\"async\" class=\"alignnone wp-image-2945\" src=\"https:\/\/mlkjlasers.com\/wp-content\/uploads\/2024\/01\/\u8be6\u60c5\u9875_04.jpg\" alt=\"\" width=\"1920\" height=\"2967\" srcset=\"https:\/\/www.mlkjlasers.com\/wp-content\/uploads\/2024\/01\/\u8be6\u60c5\u9875_04.jpg 750w, https:\/\/www.mlkjlasers.com\/wp-content\/uploads\/2024\/01\/\u8be6\u60c5\u9875_04-194x300.jpg 194w, https:\/\/www.mlkjlasers.com\/wp-content\/uploads\/2024\/01\/\u8be6\u60c5\u9875_04-663x1024.jpg 663w, https:\/\/www.mlkjlasers.com\/wp-content\/uploads\/2024\/01\/\u8be6\u60c5\u9875_04-600x927.jpg 600w\" sizes=\"(max-width: 1920px) 100vw, 1920px\" \/><\/div>\n<div data-spm-anchor-id=\"a2700.wholesale.0.i83.36bff5dflxmUVP\"><\/div>\n<div data-spm-anchor-id=\"a2700.wholesale.0.i83.36bff5dflxmUVP\">\n<div>Cartuchos L7-1.5mm, MF2.0mm, L7-3.0mm, L4-4.5mm,<\/div>\n<div data-spm-anchor-id=\"a2700.wholesale.0.i86.36bff5dflxmUVP\">MF6.0mm, MF9.0mm, MF13.0mm, DL1.5, DL3.0, DL4.5<\/div>\n<\/div>\n<div data-spm-anchor-id=\"a2700.wholesale.0.i86.36bff5dflxmUVP\"><\/div>\n<div data-spm-anchor-id=\"a2700.wholesale.0.i86.36bff5dflxmUVP\"><img loading=\"lazy\" decoding=\"async\" class=\"alignnone wp-image-2946\" src=\"https:\/\/mlkjlasers.com\/wp-content\/uploads\/2024\/01\/\u8be6\u60c5\u9875_05.jpg\" alt=\"\" width=\"1920\" height=\"2332\" srcset=\"https:\/\/www.mlkjlasers.com\/wp-content\/uploads\/2024\/01\/\u8be6\u60c5\u9875_05.jpg 750w, https:\/\/www.mlkjlasers.com\/wp-content\/uploads\/2024\/01\/\u8be6\u60c5\u9875_05-247x300.jpg 247w, https:\/\/www.mlkjlasers.com\/wp-content\/uploads\/2024\/01\/\u8be6\u60c5\u9875_05-600x729.jpg 600w\" sizes=\"(max-width: 1920px) 100vw, 1920px\" \/><\/div>\n<div data-spm-anchor-id=\"a2700.wholesale.0.i86.36bff5dflxmUVP\"><\/div>\n<div data-spm-anchor-id=\"a2700.wholesale.0.i86.36bff5dflxmUVP\"><img loading=\"lazy\" decoding=\"async\" class=\"alignnone wp-image-2944\" src=\"https:\/\/mlkjlasers.com\/wp-content\/uploads\/2024\/01\/\u8be6\u60c5\u9875_03.jpg\" alt=\"\" width=\"1920\" height=\"1905\" srcset=\"https:\/\/www.mlkjlasers.com\/wp-content\/uploads\/2024\/01\/\u8be6\u60c5\u9875_03.jpg 750w, https:\/\/www.mlkjlasers.com\/wp-content\/uploads\/2024\/01\/\u8be6\u60c5\u9875_03-300x298.jpg 300w, https:\/\/www.mlkjlasers.com\/wp-content\/uploads\/2024\/01\/\u8be6\u60c5\u9875_03-150x150.jpg 150w, https:\/\/www.mlkjlasers.com\/wp-content\/uploads\/2024\/01\/\u8be6\u60c5\u9875_03-600x595.jpg 600w, https:\/\/www.mlkjlasers.com\/wp-content\/uploads\/2024\/01\/\u8be6\u60c5\u9875_03-100x100.jpg 100w\" sizes=\"(max-width: 1920px) 100vw, 1920px\" \/><\/div>\n<div data-spm-anchor-id=\"a2700.wholesale.0.i86.36bff5dflxmUVP\"><\/div>\n<div data-spm-anchor-id=\"a2700.wholesale.0.i83.36bff5dflxmUVP\">\n<div data-spm-anchor-id=\"a2700.wholesale.0.i86.36bff5dflxmUVP\">* Una alta tasa de repetici\u00f3n de pulsos cortos se entregan profundamente en la dermis, logrando una alta potencia promedio y una acumulaci\u00f3n de calor terap\u00e9uticamente eficaz, pr\u00e1cticamente sin dolor.<\/div>\n<div data-spm-anchor-id=\"a2700.wholesale.0.i86.36bff5dflxmUVP\">* La \u00faltima m\u00e1quina tiene un total de 11 sondas, que est\u00e1n totalmente talladas y antienvejecimiento.<br \/>\n* Tratamiento no quir\u00fargico del levantamiento facial, el apriete y el sistema de formaci\u00f3n del contorno del cuerpo. La \u00faltima tecnolog\u00eda de ultrasonido enfocada en alta energ\u00eda del mundo.<\/div>\n<div data-spm-anchor-id=\"a2700.wholesale.0.i86.36bff5dflxmUVP\"><\/div>\n<div data-spm-anchor-id=\"a2700.wholesale.0.i86.36bff5dflxmUVP\"><img loading=\"lazy\" decoding=\"async\" class=\"alignnone wp-image-2948\" src=\"https:\/\/mlkjlasers.com\/wp-content\/uploads\/2024\/01\/\u8be6\u60c5\u9875_07.jpg\" alt=\"\" width=\"1920\" height=\"1300\" srcset=\"https:\/\/www.mlkjlasers.com\/wp-content\/uploads\/2024\/01\/\u8be6\u60c5\u9875_07.jpg 750w, https:\/\/www.mlkjlasers.com\/wp-content\/uploads\/2024\/01\/\u8be6\u60c5\u9875_07-300x203.jpg 300w, https:\/\/www.mlkjlasers.com\/wp-content\/uploads\/2024\/01\/\u8be6\u60c5\u9875_07-600x406.jpg 600w\" sizes=\"(max-width: 1920px) 100vw, 1920px\" \/><\/div>\n<div data-spm-anchor-id=\"a2700.wholesale.0.i86.36bff5dflxmUVP\"><\/div>\n<div data-spm-anchor-id=\"a2700.wholesale.0.i86.36bff5dflxmUVP\">\n<p>1. Elimina las arrugas alrededor de la frente, los ojos, la boca, etc.<\/p>\n<div>2. Levantar y apretar la piel de ambas mejillas.<\/div>\n<div>3. Mejorar la elasticidad de la piel y dar forma al contorno.<\/div>\n<div>4. Mejorar la l\u00ednea de mand\u00edbula, reduciendo \"l\u00edneas de marioneta\".<\/div>\n<div>5. Ajustar el tejido de la piel en la frente, levantando las l\u00edneas de las cejas.<\/div>\n<div>6. Mejorar la piel, haciendo la piel delicada y brillante.<\/div>\n<div>7. Compatibilidad con la belleza de inyecci\u00f3n como \u00e1cido hialur\u00f3nico, col\u00e1geno, para resolver m\u00e1s problema de envejecimiento.<\/div>\n<div data-spm-anchor-id=\"a2700.wholesale.0.i88.36bff5dflxmUVP\">8. Eliminar las arrugas del cuello, protegiendo el envejecimiento del cuello.<\/div>\n<div data-spm-anchor-id=\"a2700.wholesale.0.i88.36bff5dflxmUVP\"><\/div>\n<div data-spm-anchor-id=\"a2700.wholesale.0.i88.36bff5dflxmUVP\"><img loading=\"lazy\" decoding=\"async\" class=\"alignnone wp-image-2947\" src=\"https:\/\/mlkjlasers.com\/wp-content\/uploads\/2024\/01\/\u8be6\u60c5\u9875_06.jpg\" alt=\"\" width=\"1920\" height=\"2112\" srcset=\"https:\/\/www.mlkjlasers.com\/wp-content\/uploads\/2024\/01\/\u8be6\u60c5\u9875_06.jpg 750w, https:\/\/www.mlkjlasers.com\/wp-content\/uploads\/2024\/01\/\u8be6\u60c5\u9875_06-273x300.jpg 273w, https:\/\/www.mlkjlasers.com\/wp-content\/uploads\/2024\/01\/\u8be6\u60c5\u9875_06-600x660.jpg 600w\" sizes=\"(max-width: 1920px) 100vw, 1920px\" \/><\/div>\n<\/div>\n<p><strong>Color pantalla t\u00e1ctil rejuvenecimiento de la piel<br \/>\n<\/strong>1. pantalla t\u00e1ctil grande de 15,6 pulgadas, humanizada dise\u00f1ada<br \/>\n2. Hombre\/mujer, partes del cuerpo, 6 tipos de piel para la opci\u00f3n.<br \/>\n3. Ingl\u00e9s su idioma nativo.<br \/>\n4. Servicio gratuito del programa del OEM (logotipo\/sistema&#8230;)<\/p>\n<table class=\"cke_show_border\" style=\"width: 100.525%; height: 502px;\">\n<tbody>\n<tr style=\"height: 23px;\">\n<td style=\"width: 23.182%; height: 23px;\" colspan=\"1\" rowspan=\"1\">Nombre del dispositivo<\/td>\n<td style=\"width: 215.953%; height: 23px;\" colspan=\"1\" rowspan=\"1\">EXFU Seiko HIFU<\/td>\n<\/tr>\n<tr style=\"height: 25px;\">\n<td style=\"width: 23.182%; height: 25px;\" colspan=\"1\" rowspan=\"1\">Tipo de art\u00edculo<\/td>\n<td style=\"width: 215.953%; height: 25px;\" colspan=\"1\" rowspan=\"1\">M\u00e1quina de control doble plegable 11DUltrasound<\/td>\n<\/tr>\n<tr style=\"height: 34px;\">\n<td style=\"width: 23.182%; height: 34px;\" colspan=\"1\" rowspan=\"1\">Tecnolog\u00eda<\/td>\n<td style=\"width: 215.953%; height: 34px;\" colspan=\"1\" rowspan=\"1\">Ultrasonido enfocado de alta intensidad<\/td>\n<\/tr>\n<tr style=\"height: 37px;\">\n<td style=\"width: 23.182%; height: 37px;\" colspan=\"1\" rowspan=\"1\">Voltaje de entrada<\/td>\n<td style=\"width: 215.953%; height: 37px;\" colspan=\"1\" rowspan=\"1\">AC100V &#8211; 240V<\/td>\n<\/tr>\n<tr style=\"height: 38px;\">\n<td style=\"width: 23.182%; height: 38px;\" colspan=\"1\" rowspan=\"1\">Frecuencia de salida<\/td>\n<td style=\"width: 215.953%; height: 38px;\" colspan=\"1\" rowspan=\"1\">2-7MHz<\/td>\n<\/tr>\n<tr style=\"height: 38px;\">\n<td style=\"width: 23.182%; height: 38px;\" colspan=\"1\" rowspan=\"1\">Potencia m\u00e1xima<\/td>\n<td style=\"width: 215.953%; height: 38px;\" colspan=\"1\" rowspan=\"1\">200-400VA<\/td>\n<\/tr>\n<tr style=\"height: 51px;\">\n<td style=\"width: 23.182%; height: 51px;\" colspan=\"1\" rowspan=\"1\">Fusible<\/td>\n<td style=\"width: 215.953%; height: 51px;\" colspan=\"1\" rowspan=\"1\">5A<\/td>\n<\/tr>\n<tr style=\"height: 38px;\">\n<td style=\"width: 23.182%; height: 38px;\" colspan=\"1\" rowspan=\"1\">N\u00famero de manijas<\/td>\n<td style=\"width: 215.953%; height: 38px;\" colspan=\"1\" rowspan=\"1\">2 Mangos<\/td>\n<\/tr>\n<tr style=\"height: 36px;\">\n<td style=\"width: 23.182%; height: 36px;\" colspan=\"1\" rowspan=\"1\">\u00c1rea de tratamiento<\/td>\n<td style=\"width: 215.953%; height: 36px;\" colspan=\"1\" rowspan=\"1\">Cara, cuerpo,<\/td>\n<\/tr>\n<tr style=\"height: 51px;\">\n<td style=\"width: 23.182%; height: 102px;\" colspan=\"1\" rowspan=\"2\">Cartuchos<\/td>\n<td style=\"width: 215.953%; height: 51px;\" colspan=\"1\" rowspan=\"1\">L7-1.5mm, MF2.0mm, L7-3.0mm, L4-4.5mm,<\/td>\n<\/tr>\n<tr style=\"height: 51px;\">\n<td style=\"width: 215.953%; height: 51px;\" colspan=\"1\" rowspan=\"1\">MF6.0mm, MF9.0mm, MF13.0mm, DL1.5, DL3.0, DL4.5<\/td>\n<\/tr>\n<tr style=\"height: 51px;\">\n<td style=\"width: 23.182%; height: 51px;\" colspan=\"1\" rowspan=\"1\">Tiros<\/td>\n<td style=\"width: 215.953%; height: 51px;\" colspan=\"1\" rowspan=\"1\">20000 disparos \/ cartucho<\/td>\n<\/tr>\n<tr style=\"height: 19px;\">\n<td style=\"width: 23.182%; height: 19px;\" colspan=\"1\" rowspan=\"1\">Embalaje Peso<\/td>\n<td style=\"width: 215.953%; height: 19px;\" colspan=\"1\" rowspan=\"1\">11 kg<\/td>\n<\/tr>\n<tr style=\"height: 10px;\">\n<td style=\"width: 23.182%; height: 10px;\" colspan=\"1\" rowspan=\"1\">Tama\u00f1o del embalaje<\/td>\n<td style=\"width: 215.953%; height: 10px;\" colspan=\"1\" rowspan=\"1\">550x430x180mm<\/td>\n<\/tr>\n<\/tbody>\n<\/table>\n<p><img loading=\"lazy\" decoding=\"async\" class=\"alignnone wp-image-2943\" src=\"https:\/\/mlkjlasers.com\/wp-content\/uploads\/2024\/01\/\u8be6\u60c5\u9875_02.jpg\" alt=\"\" width=\"1920\" height=\"924\" srcset=\"https:\/\/www.mlkjlasers.com\/wp-content\/uploads\/2024\/01\/\u8be6\u60c5\u9875_02.jpg 750w, https:\/\/www.mlkjlasers.com\/wp-content\/uploads\/2024\/01\/\u8be6\u60c5\u9875_02-300x144.jpg 300w, https:\/\/www.mlkjlasers.com\/wp-content\/uploads\/2024\/01\/\u8be6\u60c5\u9875_02-600x289.jpg 600w\" sizes=\"(max-width: 1920px) 100vw, 1920px\" \/><\/p>\n<p>1) fabricante de f\u00e1brica de 16 a\u00f1os 100% buena retroalimentaci\u00f3n de todos los clientes.<br \/>\n3) Equipo de posventa que puede resolver problemas f\u00e1cilmente. Servicio gratuito del programa del OEM (logotipo\/sistema&#8230;)<\/p>\n<div data-spm-anchor-id=\"a2700.wholesale.0.i93.36bff5dflxmUVP\"><\/div>\n<div data-spm-anchor-id=\"a2700.wholesale.0.i93.36bff5dflxmUVP\"><span style=\"color: #339966; font-size: 14pt;\"><em><strong>Conoce m\u00e1s sobre los equipos y conocimientos de belleza, \u00a1no dude en ponerse en contacto con nosotros!<\/strong><\/em><\/span><\/div>\n<div data-spm-anchor-id=\"a2700.wholesale.0.i93.36bff5dflxmUVP\"><\/div>\n<\/div>","protected":false},"excerpt":{"rendered":"<p>\u00daltima m\u00e1quina de HIFU Ultrasonido enfocado \u00daltimo 7D 9D 10D 11D Hifu cuerpo adelgazamiento levantamiento facial eliminaci\u00f3n de la espiral HIFU (Ultrasonido enfocado de alta intensidad) Use ultrasonido de alta energ\u00eda enfocando en la posici\u00f3n del tratamiento, de modo que el tejido de la piel crea el t\u00e9rmico y haga c\u00e9lulas de fricci\u00f3n de alta velocidad para estimular el col\u00e1geno. Tal efecto t\u00e9rmico no da\u00f1ar\u00e1 la epidermis, porque el tratamiento [&hellip;]<\/p>","protected":false},"featured_media":2953,"comment_status":"open","ping_status":"closed","template":"","meta":[],"product_cat":[30],"product_tag":[],"class_list":["post-2941","product","type-product","status-publish","has-post-thumbnail","hentry","product_cat-11d-hifu"],"_links":{"self":[{"href":"https:\/\/www.mlkjlasers.com\/es\/wp-json\/wp\/v2\/product\/2941","targetHints":{"allow":["GET"]}}],"collection":[{"href":"https:\/\/www.mlkjlasers.com\/es\/wp-json\/wp\/v2\/product"}],"about":[{"href":"https:\/\/www.mlkjlasers.com\/es\/wp-json\/wp\/v2\/types\/product"}],"replies":[{"embeddable":true,"href":"https:\/\/www.mlkjlasers.com\/es\/wp-json\/wp\/v2\/comments?post=2941"}],"wp:featuredmedia":[{"embeddable":true,"href":"https:\/\/www.mlkjlasers.com\/es\/wp-json\/wp\/v2\/media\/2953"}],"wp:attachment":[{"href":"https:\/\/www.mlkjlasers.com\/es\/wp-json\/wp\/v2\/media?parent=2941"}],"wp:term":[{"taxonomy":"product_cat","embeddable":true,"href":"https:\/\/www.mlkjlasers.com\/es\/wp-json\/wp\/v2\/product_cat?post=2941"},{"taxonomy":"product_tag","embeddable":true,"href":"https:\/\/www.mlkjlasers.com\/es\/wp-json\/wp\/v2\/product_tag?post=2941"}],"curies":[{"name":"wp","href":"https:\/\/api.w.org\/{rel}","templated":true}]}}