{"id":2958,"date":"2024-02-28T17:02:20","date_gmt":"2024-02-28T09:02:20","guid":{"rendered":"https:\/\/mlkjlasers.com\/?post_type=product&#038;p=2958"},"modified":"2024-02-29T16:46:35","modified_gmt":"2024-02-29T08:46:35","slug":"laser-q-swithced-nanosecond-short-pulse-755-532-1064-vascular-therapy-scar-repair-picosecond-laser-tattoo-removal-machine","status":"publish","type":"product","link":"https:\/\/www.mlkjlasers.com\/es\/product\/laser-q-swithced-nanosecond-short-pulse-755-532-1064-vascular-therapy-scar-repair-picosecond-laser-tattoo-removal-machine\/","title":{"rendered":"Laser Q-switched nanosegundo pulso corto 755 532 1064 terapia vascular cicatriz reparaci\u00f3n picosegundo m\u00e1quina de eliminaci\u00f3n del tatuaje l\u00e1ser"},"content":{"rendered":"<p><img fetchpriority=\"high\" decoding=\"async\" class=\"size-full wp-image-2986 aligncenter\" src=\"https:\/\/mlkjlasers.com\/wp-content\/uploads\/2024\/02\/1-2.jpg\" alt=\"\" width=\"1920\" height=\"1080\" srcset=\"https:\/\/www.mlkjlasers.com\/wp-content\/uploads\/2024\/02\/1-2.jpg 1920w, https:\/\/www.mlkjlasers.com\/wp-content\/uploads\/2024\/02\/1-2-300x169.jpg 300w, https:\/\/www.mlkjlasers.com\/wp-content\/uploads\/2024\/02\/1-2-1024x576.jpg 1024w, https:\/\/www.mlkjlasers.com\/wp-content\/uploads\/2024\/02\/1-2-768x432.jpg 768w, https:\/\/www.mlkjlasers.com\/wp-content\/uploads\/2024\/02\/1-2-1536x864.jpg 1536w, https:\/\/www.mlkjlasers.com\/wp-content\/uploads\/2024\/02\/1-2-600x338.jpg 600w\" sizes=\"(max-width: 1920px) 100vw, 1920px\" \/> <img decoding=\"async\" class=\"size-full wp-image-2987 aligncenter\" src=\"https:\/\/mlkjlasers.com\/wp-content\/uploads\/2024\/02\/2-2.jpg\" alt=\"\" width=\"1920\" height=\"1080\" srcset=\"https:\/\/www.mlkjlasers.com\/wp-content\/uploads\/2024\/02\/2-2.jpg 1920w, https:\/\/www.mlkjlasers.com\/wp-content\/uploads\/2024\/02\/2-2-300x169.jpg 300w, https:\/\/www.mlkjlasers.com\/wp-content\/uploads\/2024\/02\/2-2-1024x576.jpg 1024w, https:\/\/www.mlkjlasers.com\/wp-content\/uploads\/2024\/02\/2-2-768x432.jpg 768w, https:\/\/www.mlkjlasers.com\/wp-content\/uploads\/2024\/02\/2-2-1536x864.jpg 1536w, https:\/\/www.mlkjlasers.com\/wp-content\/uploads\/2024\/02\/2-2-600x338.jpg 600w\" sizes=\"(max-width: 1920px) 100vw, 1920px\" \/><\/p>\n<p>&nbsp;<\/p>\n<p><span class=\"src\" data-group=\"0-0\">L\u00e1ser de pulso corto: duraci\u00f3n \u2264 nanosegundos (10e-6 segundos) <\/span><span class=\"src\" data-group=\"1-0\">Caracter\u00edsticas: <\/span><\/p>\n<p><span class=\"src\" data-group=\"2-0\">\u2460  Usando el efecto mec\u00e1nico de explosi\u00f3n de presi\u00f3n ac\u00fastica de la luz, una sola duraci\u00f3n de emisi\u00f3n es corta, alta energ\u00eda, potencia m\u00e1xima; <\/span><\/p>\n<p><span class=\"src\" data-group=\"3-0\">\u2461  La anchura del pulso generalmente no es ajustable; <\/span><span class=\"src\" data-group=\"4-0\">\u2462  El pulso corto se realiza mediante la tecnolog\u00eda Q-switching<\/span><\/p>\n<p>&nbsp;<\/p>\n<p><img decoding=\"async\" class=\"size-full wp-image-2988 aligncenter\" src=\"https:\/\/mlkjlasers.com\/wp-content\/uploads\/2024\/02\/3-2.jpg\" alt=\"\" width=\"1920\" height=\"1080\" srcset=\"https:\/\/www.mlkjlasers.com\/wp-content\/uploads\/2024\/02\/3-2.jpg 1920w, https:\/\/www.mlkjlasers.com\/wp-content\/uploads\/2024\/02\/3-2-300x169.jpg 300w, https:\/\/www.mlkjlasers.com\/wp-content\/uploads\/2024\/02\/3-2-1024x576.jpg 1024w, https:\/\/www.mlkjlasers.com\/wp-content\/uploads\/2024\/02\/3-2-768x432.jpg 768w, https:\/\/www.mlkjlasers.com\/wp-content\/uploads\/2024\/02\/3-2-1536x864.jpg 1536w, https:\/\/www.mlkjlasers.com\/wp-content\/uploads\/2024\/02\/3-2-600x338.jpg 600w\" sizes=\"(max-width: 1920px) 100vw, 1920px\" \/> <img loading=\"lazy\" decoding=\"async\" class=\"size-full wp-image-2990 aligncenter\" src=\"https:\/\/mlkjlasers.com\/wp-content\/uploads\/2024\/02\/5-3.jpg\" alt=\"\" width=\"1920\" height=\"1080\" srcset=\"https:\/\/www.mlkjlasers.com\/wp-content\/uploads\/2024\/02\/5-3.jpg 1920w, https:\/\/www.mlkjlasers.com\/wp-content\/uploads\/2024\/02\/5-3-300x169.jpg 300w, https:\/\/www.mlkjlasers.com\/wp-content\/uploads\/2024\/02\/5-3-1024x576.jpg 1024w, https:\/\/www.mlkjlasers.com\/wp-content\/uploads\/2024\/02\/5-3-768x432.jpg 768w, https:\/\/www.mlkjlasers.com\/wp-content\/uploads\/2024\/02\/5-3-1536x864.jpg 1536w, https:\/\/www.mlkjlasers.com\/wp-content\/uploads\/2024\/02\/5-3-600x338.jpg 600w\" sizes=\"(max-width: 1920px) 100vw, 1920px\" \/><\/p>\n<p>&nbsp;<\/p>\n<p>Informaci\u00f3n del producto<br \/>\nCon 7 brazos de luz de gu\u00eda, la luz es m\u00e1s sim\u00e9trica!<br \/>\nLa densidad energ\u00e9tica (J\/cm2) es el par\u00e1metro decisivo de la terapia l\u00e1ser conmutada por Q.<br \/>\nEl l\u00e1ser conmutado por Q generalmente no puede ajustar el ancho del pulso, establecer el mismo valor de energ\u00eda de luz (mJ), si cuanto menor es el \u00e1rea de acci\u00f3n (cuanto menor es el di\u00e1metro del punto), mayor es la densidad de energ\u00eda, m\u00e1s intensa es la reacci\u00f3n de la piel, que es el significado de &#8220; enfocar&#8221;<\/p>\n<p>Caracter\u00edsticas:<br \/>\n1. Alto rendimiento: El sistema l\u00e1ser Ruby tiene una alta salida de energ\u00eda y alta densidad de potencia, lo que permite cirug\u00eda y tratamiento r\u00e1pidos y eficaces.<br \/>\n2. Seguridad: El sistema utiliza tecnolog\u00eda l\u00e1ser avanzada para controlar con precisi\u00f3n la profundidad y la intensidad del haz l\u00e1ser, minimizando el da\u00f1o al tejido circundante.<br \/>\n3. Multifuncional: El sistema l\u00e1ser de rub\u00ed se puede usar para una variedad de cirug\u00edas y tratamientos, incluyendo la eliminaci\u00f3n de la piel, el tratamiento de la enfermedad vascular, la reparaci\u00f3n de cicatrices, etc.<br \/>\n4. Alta precisi\u00f3n: el sistema tiene funciones de posicionamiento y control de haz l\u00e1ser de alta precisi\u00f3n, puede manejar con precisi\u00f3n el tejido objetivo, mejorar la tasa de \u00e9xito de la cirug\u00eda y el efecto del tratamiento.<br \/>\n5. Portabilidad: El sistema l\u00e1ser de rub\u00ed adopta un dise\u00f1o compacto, f\u00e1cil de llevar y mover, adecuado para diferentes entornos cl\u00ednicos.<\/p>\n<p>755 waveleng esto utilizado para blanquear y amarillecer r\u00e1pidamente eliminar los pigmentos de polvo, y restaurar f\u00e1cilmente su piel blanca<br \/>\nEl l\u00e1ser de picosegundos de 532 nm tiene el mejor efecto en los tatuajes amarillos, seguido de los tatuajes rojos. El l\u00e1ser de picosegundos de 1064 nm funciona mejor para tatuajes negros.<br \/>\n532 Longitud de onda se utiliza para tratar manchas epid\u00e9rmicas como pecas, manchas de caf\u00e9, manchas de envejecimiento fotogr\u00e1fico, marcas de acn\u00e9 y arrugas, as\u00ed como tatuajes rojos y amarillos.<br \/>\n1064 utilizado para tratar manchas d\u00e9rmicas como marr\u00f3n-cyanmoles, Otamoles, cloasma, pigmentaci\u00f3n, blanqueamiento y aclaramiento para eliminar los tatuajes amarillos, negros y azules se pueden lavar, utilizado para tratar el acn\u00e9, reducir los poros y tightenskin, para lograr el efecto del rejuvenecimiento de la piel.<\/p>\n<p>&nbsp;<\/p>\n<p><img loading=\"lazy\" decoding=\"async\" class=\"size-full wp-image-2989 aligncenter\" src=\"https:\/\/mlkjlasers.com\/wp-content\/uploads\/2024\/02\/4-2.jpg\" alt=\"\" width=\"1920\" height=\"1080\" srcset=\"https:\/\/www.mlkjlasers.com\/wp-content\/uploads\/2024\/02\/4-2.jpg 1920w, https:\/\/www.mlkjlasers.com\/wp-content\/uploads\/2024\/02\/4-2-300x169.jpg 300w, https:\/\/www.mlkjlasers.com\/wp-content\/uploads\/2024\/02\/4-2-1024x576.jpg 1024w, https:\/\/www.mlkjlasers.com\/wp-content\/uploads\/2024\/02\/4-2-768x432.jpg 768w, https:\/\/www.mlkjlasers.com\/wp-content\/uploads\/2024\/02\/4-2-1536x864.jpg 1536w, https:\/\/www.mlkjlasers.com\/wp-content\/uploads\/2024\/02\/4-2-600x338.jpg 600w\" sizes=\"(max-width: 1920px) 100vw, 1920px\" \/> <img loading=\"lazy\" decoding=\"async\" class=\"size-full wp-image-2992 aligncenter\" src=\"https:\/\/mlkjlasers.com\/wp-content\/uploads\/2024\/02\/7-1.jpg\" alt=\"\" width=\"1920\" height=\"1080\" srcset=\"https:\/\/www.mlkjlasers.com\/wp-content\/uploads\/2024\/02\/7-1.jpg 1920w, https:\/\/www.mlkjlasers.com\/wp-content\/uploads\/2024\/02\/7-1-300x169.jpg 300w, https:\/\/www.mlkjlasers.com\/wp-content\/uploads\/2024\/02\/7-1-1024x576.jpg 1024w, https:\/\/www.mlkjlasers.com\/wp-content\/uploads\/2024\/02\/7-1-768x432.jpg 768w, https:\/\/www.mlkjlasers.com\/wp-content\/uploads\/2024\/02\/7-1-1536x864.jpg 1536w, https:\/\/www.mlkjlasers.com\/wp-content\/uploads\/2024\/02\/7-1-600x338.jpg 600w\" sizes=\"(max-width: 1920px) 100vw, 1920px\" \/> <img loading=\"lazy\" decoding=\"async\" class=\"size-full wp-image-2993 aligncenter\" src=\"https:\/\/mlkjlasers.com\/wp-content\/uploads\/2024\/02\/8-1.jpg\" alt=\"\" width=\"1920\" height=\"1080\" srcset=\"https:\/\/www.mlkjlasers.com\/wp-content\/uploads\/2024\/02\/8-1.jpg 1920w, https:\/\/www.mlkjlasers.com\/wp-content\/uploads\/2024\/02\/8-1-300x169.jpg 300w, https:\/\/www.mlkjlasers.com\/wp-content\/uploads\/2024\/02\/8-1-1024x576.jpg 1024w, https:\/\/www.mlkjlasers.com\/wp-content\/uploads\/2024\/02\/8-1-768x432.jpg 768w, https:\/\/www.mlkjlasers.com\/wp-content\/uploads\/2024\/02\/8-1-1536x864.jpg 1536w, https:\/\/www.mlkjlasers.com\/wp-content\/uploads\/2024\/02\/8-1-600x338.jpg 600w\" sizes=\"(max-width: 1920px) 100vw, 1920px\" \/><\/p>\n<p>&nbsp;<\/p>","protected":false},"excerpt":{"rendered":"<p>&nbsp; L\u00e1ser de pulso corto: duraci\u00f3n \u2264 nanosegundos (10e-6 segundos) Caracter\u00edsticas: \u2460  Usando el efecto mec\u00e1nico de explosi\u00f3n de presi\u00f3n ac\u00fastica de la luz, una sola duraci\u00f3n de emisi\u00f3n es corta, alta energ\u00eda, potencia m\u00e1xima;  \u2461  La anchura del pulso generalmente no es ajustable;  \u2462  El pulso corto se realiza mediante la tecnolog\u00eda de conmutaci\u00f3n Q;  &nbsp; Informaci\u00f3n del producto Con 7 brazos ligeros de gu\u00eda, el [&hellip;]<\/p>","protected":false},"featured_media":2985,"comment_status":"open","ping_status":"closed","template":"","meta":[],"product_cat":[23],"product_tag":[],"class_list":["post-2958","product","type-product","status-publish","has-post-thumbnail","hentry","product_cat-picosecond-laser"],"_links":{"self":[{"href":"https:\/\/www.mlkjlasers.com\/es\/wp-json\/wp\/v2\/product\/2958","targetHints":{"allow":["GET"]}}],"collection":[{"href":"https:\/\/www.mlkjlasers.com\/es\/wp-json\/wp\/v2\/product"}],"about":[{"href":"https:\/\/www.mlkjlasers.com\/es\/wp-json\/wp\/v2\/types\/product"}],"replies":[{"embeddable":true,"href":"https:\/\/www.mlkjlasers.com\/es\/wp-json\/wp\/v2\/comments?post=2958"}],"wp:featuredmedia":[{"embeddable":true,"href":"https:\/\/www.mlkjlasers.com\/es\/wp-json\/wp\/v2\/media\/2985"}],"wp:attachment":[{"href":"https:\/\/www.mlkjlasers.com\/es\/wp-json\/wp\/v2\/media?parent=2958"}],"wp:term":[{"taxonomy":"product_cat","embeddable":true,"href":"https:\/\/www.mlkjlasers.com\/es\/wp-json\/wp\/v2\/product_cat?post=2958"},{"taxonomy":"product_tag","embeddable":true,"href":"https:\/\/www.mlkjlasers.com\/es\/wp-json\/wp\/v2\/product_tag?post=2958"}],"curies":[{"name":"wp","href":"https:\/\/api.w.org\/{rel}","templated":true}]}}