{"id":2998,"date":"2024-03-01T10:09:26","date_gmt":"2024-03-01T02:09:26","guid":{"rendered":"https:\/\/mlkjlasers.com\/?post_type=product&#038;p=2998"},"modified":"2026-01-27T13:53:21","modified_gmt":"2026-01-27T05:53:21","slug":"ems-body-sculpting-machine-body-sculpting-slimming-machine-building-lifting-body-sculpting-slimming-machine","status":"publish","type":"product","link":"https:\/\/www.mlkjlasers.com\/es\/product\/ems-body-sculpting-machine-body-sculpting-slimming-machine-building-lifting-body-sculpting-slimming-machine\/","title":{"rendered":"M\u00e1quina de adelgazamiento de escultura corporal de entrenamiento de m\u00fasculo de 2026 M\u00e1quina de p\u00e9rdida de peso"},"content":{"rendered":"<p><span style=\"font-size: 14pt;\"><img fetchpriority=\"high\" decoding=\"async\" class=\"aligncenter size-full wp-image-3701\" src=\"https:\/\/www.mlkjlasers.com\/wp-content\/uploads\/2026\/01\/pro-1.jpg\" alt=\"\" width=\"1080\" height=\"1080\" \/><\/span><\/p>\n<p><span style=\"font-size: 14pt;\"><b>Construir m\u00fasculo<\/b><\/span><br \/>\n<span style=\"font-size: 14pt;\">Los m\u00fasculos se contraen 30.000 veces a alta frecuencia e intensidad, lo que permite el entrenamiento y el aumento de la densidad muscular y el volumen.<\/span><br \/>\n<span style=\"font-size: 14pt;\"><b>Reducir la grasa<\/b><\/span><br \/>\n<span style=\"font-size: 14pt;\">La contracci\u00f3n final de los m\u00fasculos requiere una gran cantidad de suministro de energ\u00eda, por lo que las c\u00e9lulas grasas junto a los m\u00fasculos tambi\u00e9n se consumen, lo que conduce a la apoptosis natural y la reducci\u00f3n efectiva de la grasa.<\/span><br \/>\n<span style=\"font-size: 14pt;\"><b>Escultura muscular<\/b><\/span><br \/>\n<span style=\"font-size: 14pt;\">Ejercitar los m\u00fasculos abdominales y gl\u00fateos, entrenar los m\u00fasculos oblicuos del abdomen y dar forma a la l\u00ednea de sirena.<\/span><\/p>\n<p><span style=\"font-size: 14pt;\"><img decoding=\"async\" class=\"aligncenter size-full wp-image-3706\" src=\"https:\/\/www.mlkjlasers.com\/wp-content\/uploads\/2026\/01\/pro-6.jpg\" alt=\"\" width=\"1080\" height=\"1080\" \/><\/span><\/p>\n<p><span style=\"font-size: 14pt;\">Funcionalidad Multimodo &#8211; Varios niveles de intensidad para tratamientos personalizados.<\/span><br \/>\n<span style=\"font-size: 14pt;\">R\u00e1pido &amp; Resultados visibles &#8211; Siente la diferencia en unas pocas sesiones.<\/span><br \/>\n<span style=\"font-size: 14pt;\">Seguridad &amp; No invasivo &#8211; Sin cirug\u00eda, sin tiempo de inactividad, sin dolor.<\/span><br \/>\n<span style=\"font-size: 14pt;\">Uso de cuerpo completo &#8211; Funciona en los abdominales, brazos, muslos, gl\u00fateos y m\u00e1s.<\/span><br \/>\n<span style=\"font-size: 14pt;\">Vertical &amp; F\u00e1cil de usar &#8211; Perfecto para uso en salones o cl\u00ednicas.<\/span><\/p>\n<p><span style=\"font-size: 14pt;\"><img decoding=\"async\" class=\"aligncenter size-full wp-image-3767\" src=\"https:\/\/www.mlkjlasers.com\/wp-content\/uploads\/2026\/01\/pro-14.jpg\" alt=\"\" width=\"1920\" height=\"1080\" srcset=\"https:\/\/www.mlkjlasers.com\/wp-content\/uploads\/2026\/01\/pro-14.jpg 1920w, https:\/\/www.mlkjlasers.com\/wp-content\/uploads\/2026\/01\/pro-14-300x169.jpg 300w, https:\/\/www.mlkjlasers.com\/wp-content\/uploads\/2026\/01\/pro-14-1024x576.jpg 1024w, https:\/\/www.mlkjlasers.com\/wp-content\/uploads\/2026\/01\/pro-14-768x432.jpg 768w, https:\/\/www.mlkjlasers.com\/wp-content\/uploads\/2026\/01\/pro-14-1536x864.jpg 1536w, https:\/\/www.mlkjlasers.com\/wp-content\/uploads\/2026\/01\/pro-14-18x10.jpg 18w, https:\/\/www.mlkjlasers.com\/wp-content\/uploads\/2026\/01\/pro-14-600x338.jpg 600w\" sizes=\"(max-width: 1920px) 100vw, 1920px\" \/><\/span><\/p>\n<p><span style=\"font-size: 14pt;\">Display de manija<\/span><\/p>\n<p><span style=\"font-size: 14pt;\"><img loading=\"lazy\" decoding=\"async\" class=\"aligncenter size-full wp-image-3777\" src=\"https:\/\/www.mlkjlasers.com\/wp-content\/uploads\/2026\/01\/pro-25.jpg\" alt=\"\" width=\"1920\" height=\"1080\" srcset=\"https:\/\/www.mlkjlasers.com\/wp-content\/uploads\/2026\/01\/pro-25.jpg 1920w, https:\/\/www.mlkjlasers.com\/wp-content\/uploads\/2026\/01\/pro-25-300x169.jpg 300w, https:\/\/www.mlkjlasers.com\/wp-content\/uploads\/2026\/01\/pro-25-1024x576.jpg 1024w, https:\/\/www.mlkjlasers.com\/wp-content\/uploads\/2026\/01\/pro-25-768x432.jpg 768w, https:\/\/www.mlkjlasers.com\/wp-content\/uploads\/2026\/01\/pro-25-1536x864.jpg 1536w, https:\/\/www.mlkjlasers.com\/wp-content\/uploads\/2026\/01\/pro-25-18x10.jpg 18w, https:\/\/www.mlkjlasers.com\/wp-content\/uploads\/2026\/01\/pro-25-600x338.jpg 600w\" sizes=\"(max-width: 1920px) 100vw, 1920px\" \/><\/span><\/p>\n<p><span style=\"font-size: 14pt;\">La m\u00e1quina utiliza un campo electromagn\u00e9tico enfocado con una intensidad segura para pasar a trav\u00e9s del cuerpo e interactuar con las neuronas motoras. Est\u00e1 dise\u00f1ado para estimular y contraer continuamente el m\u00fasculo, lo que es ideal para <b>Profundamente remodelando<\/b> La estructura interna del m\u00fasculo.<\/span><\/p>\n<p><span style=\"font-size: 14pt;\"><img loading=\"lazy\" decoding=\"async\" class=\"aligncenter size-full wp-image-3776\" src=\"https:\/\/www.mlkjlasers.com\/wp-content\/uploads\/2026\/01\/pro-24.jpg\" alt=\"\" width=\"1920\" height=\"2000\" srcset=\"https:\/\/www.mlkjlasers.com\/wp-content\/uploads\/2026\/01\/pro-24.jpg 1920w, https:\/\/www.mlkjlasers.com\/wp-content\/uploads\/2026\/01\/pro-24-288x300.jpg 288w, https:\/\/www.mlkjlasers.com\/wp-content\/uploads\/2026\/01\/pro-24-983x1024.jpg 983w, https:\/\/www.mlkjlasers.com\/wp-content\/uploads\/2026\/01\/pro-24-768x800.jpg 768w, https:\/\/www.mlkjlasers.com\/wp-content\/uploads\/2026\/01\/pro-24-1475x1536.jpg 1475w, https:\/\/www.mlkjlasers.com\/wp-content\/uploads\/2026\/01\/pro-24-12x12.jpg 12w, https:\/\/www.mlkjlasers.com\/wp-content\/uploads\/2026\/01\/pro-24-600x625.jpg 600w\" sizes=\"(max-width: 1920px) 100vw, 1920px\" \/><\/span><\/p>\n<div><span style=\"font-size: 14pt;\">16 Tesla Energ\u00eda Electromagn\u00e9tica de Alta Intensidad <\/span><br \/>\n<span style=\"font-size: 14pt;\">Hasta un 16% de crecimiento muscular y un 19% de reducci\u00f3n de grasa <\/span><br \/>\n<span style=\"font-size: 14pt;\">Equivalente a 20.000 sit-ups o 50.000 contracciones musculares por sesi\u00f3n <\/span><br \/>\n<span style=\"font-size: 14pt;\">Capacidad de escultura doble: Tratar dos \u00e1reas simult\u00e1neamente en los mismos o diferentes individuos<\/span><\/div>\n<div><span style=\"font-size: 14pt;\"><img loading=\"lazy\" decoding=\"async\" class=\"aligncenter size-full wp-image-3770\" src=\"https:\/\/www.mlkjlasers.com\/wp-content\/uploads\/2026\/01\/pro-18.jpg\" alt=\"\" width=\"1920\" height=\"2000\" srcset=\"https:\/\/www.mlkjlasers.com\/wp-content\/uploads\/2026\/01\/pro-18.jpg 1920w, https:\/\/www.mlkjlasers.com\/wp-content\/uploads\/2026\/01\/pro-18-288x300.jpg 288w, https:\/\/www.mlkjlasers.com\/wp-content\/uploads\/2026\/01\/pro-18-983x1024.jpg 983w, https:\/\/www.mlkjlasers.com\/wp-content\/uploads\/2026\/01\/pro-18-768x800.jpg 768w, https:\/\/www.mlkjlasers.com\/wp-content\/uploads\/2026\/01\/pro-18-1475x1536.jpg 1475w, https:\/\/www.mlkjlasers.com\/wp-content\/uploads\/2026\/01\/pro-18-12x12.jpg 12w, https:\/\/www.mlkjlasers.com\/wp-content\/uploads\/2026\/01\/pro-18-600x625.jpg 600w\" sizes=\"(max-width: 1920px) 100vw, 1920px\" \/><\/span><\/div>\n<div><span style=\"font-size: 14pt;\">Caracter\u00edsticas de la m\u00e1quina<\/span><br \/>\n<span style=\"font-size: 14pt;\">1. Buen resultado \u2014<b> 30 minutos de tratamiento = 20000 entrenamientos<\/b>Aumentar el m\u00fasculo en un 16% y reducir la grasa en un 21% despu\u00e9s de unos 2-4 cursos<\/span><\/p>\n<div><span style=\"font-size: 14pt;\">2.Non invasivo, sin efectos secundarios e indolores<\/span><\/div>\n<div><span style=\"font-size: 14pt;\">3.<b> 16 Tesla de alta intensidad<\/b>Cubre los grandes m\u00fasculos esquel\u00e9ticos y remodela su estructura interna.<\/span><br \/>\n<span style=\"font-size: 14pt;\">4. 5 aplicadores magn\u00e9ticos - descomponen los dep\u00f3sitos de grasa y aumentan el tono muscular y la fuerza<\/span><\/div>\n<div><span style=\"font-size: 14pt;\">5. Targeting 5 partes del cuerpo - abdomen, brazos, caderas, tend\u00f3n, muslos<\/span><\/div>\n<div><span style=\"font-size: 14pt;\">6. Entrenamiento progresivo de paso - mejorar la sensaci\u00f3n y el efecto del ejercicio real<\/span><\/div>\n<\/div>\n<div><span style=\"font-size: 14pt;\"><img loading=\"lazy\" decoding=\"async\" class=\"aligncenter size-full wp-image-3774\" src=\"https:\/\/www.mlkjlasers.com\/wp-content\/uploads\/2026\/01\/pro-22.jpg\" alt=\"\" width=\"1920\" height=\"1080\" srcset=\"https:\/\/www.mlkjlasers.com\/wp-content\/uploads\/2026\/01\/pro-22.jpg 1920w, https:\/\/www.mlkjlasers.com\/wp-content\/uploads\/2026\/01\/pro-22-300x169.jpg 300w, https:\/\/www.mlkjlasers.com\/wp-content\/uploads\/2026\/01\/pro-22-1024x576.jpg 1024w, https:\/\/www.mlkjlasers.com\/wp-content\/uploads\/2026\/01\/pro-22-768x432.jpg 768w, https:\/\/www.mlkjlasers.com\/wp-content\/uploads\/2026\/01\/pro-22-1536x864.jpg 1536w, https:\/\/www.mlkjlasers.com\/wp-content\/uploads\/2026\/01\/pro-22-18x10.jpg 18w, https:\/\/www.mlkjlasers.com\/wp-content\/uploads\/2026\/01\/pro-22-600x338.jpg 600w\" sizes=\"(max-width: 1920px) 100vw, 1920px\" \/><\/span><\/div>\n<div><span style=\"font-size: 14pt;\"><img loading=\"lazy\" decoding=\"async\" class=\"aligncenter size-full wp-image-3766\" src=\"https:\/\/www.mlkjlasers.com\/wp-content\/uploads\/2026\/01\/pro-13.jpg\" alt=\"\" width=\"1080\" height=\"1080\" srcset=\"https:\/\/www.mlkjlasers.com\/wp-content\/uploads\/2026\/01\/pro-13.jpg 1080w, https:\/\/www.mlkjlasers.com\/wp-content\/uploads\/2026\/01\/pro-13-300x300.jpg 300w, https:\/\/www.mlkjlasers.com\/wp-content\/uploads\/2026\/01\/pro-13-1024x1024.jpg 1024w, https:\/\/www.mlkjlasers.com\/wp-content\/uploads\/2026\/01\/pro-13-150x150.jpg 150w, https:\/\/www.mlkjlasers.com\/wp-content\/uploads\/2026\/01\/pro-13-768x768.jpg 768w, https:\/\/www.mlkjlasers.com\/wp-content\/uploads\/2026\/01\/pro-13-12x12.jpg 12w, https:\/\/www.mlkjlasers.com\/wp-content\/uploads\/2026\/01\/pro-13-600x600.jpg 600w, https:\/\/www.mlkjlasers.com\/wp-content\/uploads\/2026\/01\/pro-13-100x100.jpg 100w\" sizes=\"(max-width: 1080px) 100vw, 1080px\" \/><\/span><\/div>\n<div><span style=\"font-size: 14pt;\">En el trabajo diario, cuando la manija act\u00faa sobre diferentes partes de diferentes clientes, se requieren diferentes par\u00e1metros. Cada manija puede ajustar los par\u00e1metros de forma independiente, satisfaciendo perfectamente los diferentes requisitos energ\u00e9ticos de diferentes partes cuando las manijas trabajan al mismo tiempo.<\/span><\/div>\n<div><span style=\"font-size: 14pt;\"><img loading=\"lazy\" decoding=\"async\" class=\"aligncenter size-full wp-image-3755\" src=\"https:\/\/www.mlkjlasers.com\/wp-content\/uploads\/2026\/01\/pro-2.jpg\" alt=\"\" width=\"1080\" height=\"1080\" srcset=\"https:\/\/www.mlkjlasers.com\/wp-content\/uploads\/2026\/01\/pro-2.jpg 1080w, https:\/\/www.mlkjlasers.com\/wp-content\/uploads\/2026\/01\/pro-2-300x300.jpg 300w, https:\/\/www.mlkjlasers.com\/wp-content\/uploads\/2026\/01\/pro-2-1024x1024.jpg 1024w, https:\/\/www.mlkjlasers.com\/wp-content\/uploads\/2026\/01\/pro-2-150x150.jpg 150w, https:\/\/www.mlkjlasers.com\/wp-content\/uploads\/2026\/01\/pro-2-768x768.jpg 768w, https:\/\/www.mlkjlasers.com\/wp-content\/uploads\/2026\/01\/pro-2-12x12.jpg 12w, https:\/\/www.mlkjlasers.com\/wp-content\/uploads\/2026\/01\/pro-2-600x600.jpg 600w, https:\/\/www.mlkjlasers.com\/wp-content\/uploads\/2026\/01\/pro-2-100x100.jpg 100w\" sizes=\"(max-width: 1080px) 100vw, 1080px\" \/><\/span><\/div>\n<div><\/div>\n<div><span style=\"font-size: 14pt;\"><img loading=\"lazy\" decoding=\"async\" class=\"aligncenter size-full wp-image-3756\" src=\"https:\/\/www.mlkjlasers.com\/wp-content\/uploads\/2026\/01\/pro-3.jpg\" alt=\"\" width=\"1080\" height=\"1080\" srcset=\"https:\/\/www.mlkjlasers.com\/wp-content\/uploads\/2026\/01\/pro-3.jpg 1080w, https:\/\/www.mlkjlasers.com\/wp-content\/uploads\/2026\/01\/pro-3-300x300.jpg 300w, https:\/\/www.mlkjlasers.com\/wp-content\/uploads\/2026\/01\/pro-3-1024x1024.jpg 1024w, https:\/\/www.mlkjlasers.com\/wp-content\/uploads\/2026\/01\/pro-3-150x150.jpg 150w, https:\/\/www.mlkjlasers.com\/wp-content\/uploads\/2026\/01\/pro-3-768x768.jpg 768w, https:\/\/www.mlkjlasers.com\/wp-content\/uploads\/2026\/01\/pro-3-12x12.jpg 12w, https:\/\/www.mlkjlasers.com\/wp-content\/uploads\/2026\/01\/pro-3-600x600.jpg 600w, https:\/\/www.mlkjlasers.com\/wp-content\/uploads\/2026\/01\/pro-3-100x100.jpg 100w\" sizes=\"(max-width: 1080px) 100vw, 1080px\" \/><\/span><\/div>\n<div>\n<p><span style=\"font-size: 14pt;\"><b>Pantalla de pantalla: pantalla t\u00e1ctil de alta definici\u00f3n de 14 pulgadas<\/b><\/span><\/p>\n<div><span style=\"font-size: 14pt;\">\u221a La interfaz es m\u00e1s clara<br \/>\n\u221a La operaci\u00f3n es m\u00e1s suave<br \/>\n\u221a El tacto es m\u00e1s c\u00f3modo<\/span><\/div>\n<div><span style=\"font-size: 14pt;\"><img loading=\"lazy\" decoding=\"async\" class=\"aligncenter size-full wp-image-3735\" src=\"https:\/\/www.mlkjlasers.com\/wp-content\/uploads\/2026\/01\/\u4fbf\u643a\u53cc-7.jpg\" alt=\"\" width=\"1920\" height=\"1080\" srcset=\"https:\/\/www.mlkjlasers.com\/wp-content\/uploads\/2026\/01\/\u4fbf\u643a\u53cc-7.jpg 1920w, https:\/\/www.mlkjlasers.com\/wp-content\/uploads\/2026\/01\/\u4fbf\u643a\u53cc-7-300x169.jpg 300w, https:\/\/www.mlkjlasers.com\/wp-content\/uploads\/2026\/01\/\u4fbf\u643a\u53cc-7-1024x576.jpg 1024w, https:\/\/www.mlkjlasers.com\/wp-content\/uploads\/2026\/01\/\u4fbf\u643a\u53cc-7-768x432.jpg 768w, https:\/\/www.mlkjlasers.com\/wp-content\/uploads\/2026\/01\/\u4fbf\u643a\u53cc-7-1536x864.jpg 1536w, https:\/\/www.mlkjlasers.com\/wp-content\/uploads\/2026\/01\/\u4fbf\u643a\u53cc-7-18x10.jpg 18w, https:\/\/www.mlkjlasers.com\/wp-content\/uploads\/2026\/01\/\u4fbf\u643a\u53cc-7-600x338.jpg 600w\" sizes=\"(max-width: 1920px) 100vw, 1920px\" \/><\/span><\/div>\n<div><span style=\"font-size: 14pt;\"><img loading=\"lazy\" decoding=\"async\" class=\"aligncenter size-full wp-image-3775\" src=\"https:\/\/www.mlkjlasers.com\/wp-content\/uploads\/2026\/01\/pro-23.jpg\" alt=\"\" width=\"1920\" height=\"1080\" srcset=\"https:\/\/www.mlkjlasers.com\/wp-content\/uploads\/2026\/01\/pro-23.jpg 1920w, https:\/\/www.mlkjlasers.com\/wp-content\/uploads\/2026\/01\/pro-23-300x169.jpg 300w, https:\/\/www.mlkjlasers.com\/wp-content\/uploads\/2026\/01\/pro-23-1024x576.jpg 1024w, https:\/\/www.mlkjlasers.com\/wp-content\/uploads\/2026\/01\/pro-23-768x432.jpg 768w, https:\/\/www.mlkjlasers.com\/wp-content\/uploads\/2026\/01\/pro-23-1536x864.jpg 1536w, https:\/\/www.mlkjlasers.com\/wp-content\/uploads\/2026\/01\/pro-23-18x10.jpg 18w, https:\/\/www.mlkjlasers.com\/wp-content\/uploads\/2026\/01\/pro-23-600x338.jpg 600w\" sizes=\"(max-width: 1920px) 100vw, 1920px\" \/><\/span><\/div>\n<\/div>\n<div><\/div>\n<div><span style=\"font-size: 14pt;\"><strong><span style=\"color: #0000ff;\"><span class=\"src\" data-group=\"0-0\">\u00a1Cont\u00e1ctenos! <\/span><span class=\"src\" data-group=\"1-0\">Obtenga m\u00e1s informaci\u00f3n. <\/span><\/span><\/strong><\/span><\/div>\n<div><span style=\"font-size: 14pt;\"><strong><span class=\"src\" style=\"color: #0000ff;\" data-group=\"2-0\">Siempre estamos aqu\u00ed para ayudarle y ofrecerle soluciones. <\/span><\/strong><\/span><\/div>\n<div><\/div>\n<div><span style=\"font-size: 14pt;\"><strong><span class=\"src\" style=\"color: #0000ff;\" data-group=\"4-0\"> Tel: +86 15965364558 <\/span><\/strong><\/span><\/div>\n<div><span style=\"font-size: 14pt;\"><strong><span class=\"src\" style=\"color: #0000ff;\" data-group=\"5-0\">E-mail: sale@mingliangkj.com<\/span><\/strong><\/span><\/div>\n<div><\/div>","protected":false},"excerpt":{"rendered":"<p>Los m\u00fasculos se contraen 30.000 veces a alta frecuencia e intensidad, lo que permite el entrenamiento y el aumento de la densidad y el volumen muscular. La contracci\u00f3n final de los m\u00fasculos requiere una gran cantidad de suministro de energ\u00eda, por lo que las c\u00e9lulas grasas junto a los m\u00fasculos tambi\u00e9n se consumen, lo que conduce a la apoptosis natural y la reducci\u00f3n efectiva de la grasa. Escultura muscular [&hellip;]<\/p>","protected":false},"featured_media":3765,"comment_status":"open","ping_status":"closed","template":"","meta":[],"product_cat":[28],"product_tag":[],"class_list":["post-2998","product","type-product","status-publish","has-post-thumbnail","hentry","product_cat-slimming-machine"],"_links":{"self":[{"href":"https:\/\/www.mlkjlasers.com\/es\/wp-json\/wp\/v2\/product\/2998","targetHints":{"allow":["GET"]}}],"collection":[{"href":"https:\/\/www.mlkjlasers.com\/es\/wp-json\/wp\/v2\/product"}],"about":[{"href":"https:\/\/www.mlkjlasers.com\/es\/wp-json\/wp\/v2\/types\/product"}],"replies":[{"embeddable":true,"href":"https:\/\/www.mlkjlasers.com\/es\/wp-json\/wp\/v2\/comments?post=2998"}],"wp:featuredmedia":[{"embeddable":true,"href":"https:\/\/www.mlkjlasers.com\/es\/wp-json\/wp\/v2\/media\/3765"}],"wp:attachment":[{"href":"https:\/\/www.mlkjlasers.com\/es\/wp-json\/wp\/v2\/media?parent=2998"}],"wp:term":[{"taxonomy":"product_cat","embeddable":true,"href":"https:\/\/www.mlkjlasers.com\/es\/wp-json\/wp\/v2\/product_cat?post=2998"},{"taxonomy":"product_tag","embeddable":true,"href":"https:\/\/www.mlkjlasers.com\/es\/wp-json\/wp\/v2\/product_tag?post=2998"}],"curies":[{"name":"wp","href":"https:\/\/api.w.org\/{rel}","templated":true}]}}