{"id":3323,"date":"2026-01-06T10:13:24","date_gmt":"2026-01-06T02:13:24","guid":{"rendered":"https:\/\/www.mlkjlasers.com\/?post_type=product&#038;p=3323"},"modified":"2026-02-24T09:45:38","modified_gmt":"2026-02-24T01:45:38","slug":"2026-professional-three-wavelengths-755-808-1064-diode-laser-hair-removal-machine","status":"publish","type":"product","link":"https:\/\/www.mlkjlasers.com\/es\/product\/2026-professional-three-wavelengths-755-808-1064-diode-laser-hair-removal-machine\/","title":{"rendered":"2026 M\u00e1quina de depilaci\u00f3n l\u00e1ser de diodo 755 808 1064 de tres longitudes de onda profesionales"},"content":{"rendered":"<p><img fetchpriority=\"high\" decoding=\"async\" class=\"aligncenter size-full wp-image-3319\" src=\"https:\/\/www.mlkjlasers.com\/wp-content\/uploads\/2026\/01\/laser-equipment-1-1.jpg\" alt=\"\" width=\"1920\" height=\"1080\" srcset=\"https:\/\/www.mlkjlasers.com\/wp-content\/uploads\/2026\/01\/laser-equipment-1-1.jpg 1920w, https:\/\/www.mlkjlasers.com\/wp-content\/uploads\/2026\/01\/laser-equipment-1-1-300x169.jpg 300w, https:\/\/www.mlkjlasers.com\/wp-content\/uploads\/2026\/01\/laser-equipment-1-1-1024x576.jpg 1024w, https:\/\/www.mlkjlasers.com\/wp-content\/uploads\/2026\/01\/laser-equipment-1-1-768x432.jpg 768w, https:\/\/www.mlkjlasers.com\/wp-content\/uploads\/2026\/01\/laser-equipment-1-1-1536x864.jpg 1536w, https:\/\/www.mlkjlasers.com\/wp-content\/uploads\/2026\/01\/laser-equipment-1-1-600x338.jpg 600w\" sizes=\"(max-width: 1920px) 100vw, 1920px\" \/><\/p>\n<div><span style=\"font-size: 18pt; font-weight: bold;\">Ventajas respecto a otros l\u00e1seres<\/span><\/div>\n<div><span style=\"font-size: 14pt;\">1) <span style=\"font-weight: bold; color: #993366;\">l\u00e1ser diodo 808nm <\/span>permite a la luz penetrar m\u00e1s profundamente en la piel y es <span style=\"color: #993366; font-weight: bold;\">m\u00e1s seguro <\/span>que otros l\u00e1seres porque puede evitar el pigmento de melanina en la piel&#8217; epidermis. <\/span><\/div>\n<div class=\"br-block\"><span style=\"font-size: 14pt;\">2) frecuencia r\u00e1pida de 1-10Hz combinada con un tama\u00f1o de punto de 12x20mm para resultados m\u00e1s r\u00e1pidos, sin costuras y eficaces, <span style=\"font-weight: bold; color: #993366;\">depilaci\u00f3n r\u00e1pida <\/span>para el tratamiento de grandes \u00e1reas.<\/span><\/div>\n<div class=\"br-block\"><span style=\"font-size: 14pt;\">3) La potencia de la m\u00e1quina 2000W puede funcionar\u00a0<span style=\"color: #993366; font-weight: bold;\">continuamente durante 24 horas<\/span> sin interrupci\u00f3n, garantizando un funcionamiento estable en cl\u00ednicas y salones ocupados para garantizar una eficiencia \u00f3ptima del tratamiento.<\/span><\/div>\n<div class=\"br-block\"><span style=\"font-size: 14pt;\">4) Podemos usarlo para\u00a0<span style=\"font-weight: bold; color: #993366;\">depilaci\u00f3n permanente<\/span> de todos los colores de los pelos en los 6 tipos de piel, incluyendo la piel bronceada. <\/span><\/div>\n<div class=\"br-block\"><span style=\"font-size: 14pt;\">5) Sistema de base de datos f\u00e1cil de usar, capaz de llevar a cabo tratamientos en modos masculinos y femeninos, incluyendo varias partes del cuerpo, asegurando\u00a0<span style=\"font-weight: bold; color: #993366;\">seguridad<\/span> par\u00e1metros para los reci\u00e9n llegados.<\/span><\/div>\n<div><img decoding=\"async\" class=\"aligncenter size-full wp-image-3316\" src=\"https:\/\/www.mlkjlasers.com\/wp-content\/uploads\/2026\/01\/laser-equipment-7-1.jpg\" alt=\"\" width=\"1920\" height=\"1080\" srcset=\"https:\/\/www.mlkjlasers.com\/wp-content\/uploads\/2026\/01\/laser-equipment-7-1.jpg 1920w, https:\/\/www.mlkjlasers.com\/wp-content\/uploads\/2026\/01\/laser-equipment-7-1-300x169.jpg 300w, https:\/\/www.mlkjlasers.com\/wp-content\/uploads\/2026\/01\/laser-equipment-7-1-1024x576.jpg 1024w, https:\/\/www.mlkjlasers.com\/wp-content\/uploads\/2026\/01\/laser-equipment-7-1-768x432.jpg 768w, https:\/\/www.mlkjlasers.com\/wp-content\/uploads\/2026\/01\/laser-equipment-7-1-1536x864.jpg 1536w, https:\/\/www.mlkjlasers.com\/wp-content\/uploads\/2026\/01\/laser-equipment-7-1-600x338.jpg 600w\" sizes=\"(max-width: 1920px) 100vw, 1920px\" \/><\/div>\n<div>\n<div class=\"br-block\"><span style=\"font-size: 16px;\"><span style=\"font-size: 18pt; font-weight: bold;\">Sistema de enfriamiento TEC<\/span><br \/>\n<span style=\"font-size: 14pt;\">1) Refrigeraci\u00f3n por aire Refrigeraci\u00f3n por agua Refrigerador termost\u00e1tico de alta potencia Semiconductor Manija chip TEC: -15 \u2103 a 5 \u2103.\u00a0<\/span><\/span><\/div>\n<div class=\"br-block\"><span style=\"font-size: 14pt;\">2) El sistema de enfriamiento no solo hace que el tratamiento sea indolor y muy c\u00f3modo para los clientes, sino que tambi\u00e9n asegura que la m\u00e1quina funcione continuamente las 24 horas del d\u00eda.<\/span><\/div>\n<div class=\"br-block\"><span style=\"font-size: 14pt;\">3) Sistema de enfriamiento TEC mantiene la temperatura del agua a una constante 26\u00baC-28\u00baC de manera consistente.<\/span><\/div>\n<div><img decoding=\"async\" class=\"aligncenter size-full wp-image-3315\" src=\"https:\/\/www.mlkjlasers.com\/wp-content\/uploads\/2026\/01\/laser-equipment-6-1.jpg\" alt=\"\" width=\"1920\" height=\"1080\" srcset=\"https:\/\/www.mlkjlasers.com\/wp-content\/uploads\/2026\/01\/laser-equipment-6-1.jpg 1920w, https:\/\/www.mlkjlasers.com\/wp-content\/uploads\/2026\/01\/laser-equipment-6-1-300x169.jpg 300w, https:\/\/www.mlkjlasers.com\/wp-content\/uploads\/2026\/01\/laser-equipment-6-1-1024x576.jpg 1024w, https:\/\/www.mlkjlasers.com\/wp-content\/uploads\/2026\/01\/laser-equipment-6-1-768x432.jpg 768w, https:\/\/www.mlkjlasers.com\/wp-content\/uploads\/2026\/01\/laser-equipment-6-1-1536x864.jpg 1536w, https:\/\/www.mlkjlasers.com\/wp-content\/uploads\/2026\/01\/laser-equipment-6-1-600x338.jpg 600w\" sizes=\"(max-width: 1920px) 100vw, 1920px\" \/><\/div>\n<div>\n<div class=\"br-block\"><span style=\"font-size: 16px;\"><span style=\"font-size: 18pt; font-weight: bold;\">Pantalla HD de 14 pulgadas<\/span><br \/>\n<span style=\"font-size: 14pt;\">1) Personaliza tu experiencia: La pantalla te permite agregar tu propio logotipo \u00fanico sin esfuerzo.<\/span><br \/>\n<span style=\"font-size: 14pt;\">2) Soporte multiling\u00fce: pantalla disponible con 10 idiomas diferentes para la adaptabilidad global.<\/span><br \/>\n<span style=\"font-size: 14pt;\">3) \u00c1reas de tratamiento seleccionables: \u00a1Elija entre varias partes del cuerpo con el toque de un bot\u00f3n para comenzar su tratamiento personalizado al instante!<\/span><\/span><\/div>\n<div><img loading=\"lazy\" decoding=\"async\" class=\"aligncenter size-full wp-image-3313\" src=\"https:\/\/www.mlkjlasers.com\/wp-content\/uploads\/2026\/01\/laser-equipment-4-1.jpg\" alt=\"\" width=\"1920\" height=\"1080\" srcset=\"https:\/\/www.mlkjlasers.com\/wp-content\/uploads\/2026\/01\/laser-equipment-4-1.jpg 1920w, https:\/\/www.mlkjlasers.com\/wp-content\/uploads\/2026\/01\/laser-equipment-4-1-300x169.jpg 300w, https:\/\/www.mlkjlasers.com\/wp-content\/uploads\/2026\/01\/laser-equipment-4-1-1024x576.jpg 1024w, https:\/\/www.mlkjlasers.com\/wp-content\/uploads\/2026\/01\/laser-equipment-4-1-768x432.jpg 768w, https:\/\/www.mlkjlasers.com\/wp-content\/uploads\/2026\/01\/laser-equipment-4-1-1536x864.jpg 1536w, https:\/\/www.mlkjlasers.com\/wp-content\/uploads\/2026\/01\/laser-equipment-4-1-600x338.jpg 600w\" sizes=\"(max-width: 1920px) 100vw, 1920px\" \/><\/div>\n<div>\n<div><span style=\"font-size: 18pt; font-weight: bold;\">Manija de alta potencia<\/span><br \/>\n<span style=\"font-size: 14pt;\">1) 90% de las piezas de repuesto de la pieza de mano son el origen importado de Alemania, EE.UU. y Jap\u00f3n, aseguran el rendimiento estable de la m\u00e1quina, los resultados incre\u00edbles y el trabajo de largo tiempo.\u00a0<\/span><br \/>\n<span style=\"font-size: 14pt;\">2) Sistema de refrigeraci\u00f3n perfecto&#8212; la temperatura del zafiro se enfr\u00eda 0 ~ 3 \u00b0 C, los clientes se sienten c\u00f3modos e indolores durante todo el tratamiento.\u00a0<\/span><br \/>\n<span style=\"font-size: 14pt;\">3) Men\u00fa de tratamiento simple y amigable, y sistema de protecci\u00f3n de alarma autom\u00e1tica del flujo de agua, nivel de agua y temperatura del agua en el men\u00fa.<\/span><\/div>\n<\/div>\n<\/div>\n<div><\/div>\n<\/div>\n<div><img loading=\"lazy\" decoding=\"async\" class=\"aligncenter size-full wp-image-3311\" src=\"https:\/\/www.mlkjlasers.com\/wp-content\/uploads\/2026\/01\/laser-equipment-2-1.jpg\" alt=\"\" width=\"1920\" height=\"1080\" srcset=\"https:\/\/www.mlkjlasers.com\/wp-content\/uploads\/2026\/01\/laser-equipment-2-1.jpg 1920w, https:\/\/www.mlkjlasers.com\/wp-content\/uploads\/2026\/01\/laser-equipment-2-1-300x169.jpg 300w, https:\/\/www.mlkjlasers.com\/wp-content\/uploads\/2026\/01\/laser-equipment-2-1-1024x576.jpg 1024w, https:\/\/www.mlkjlasers.com\/wp-content\/uploads\/2026\/01\/laser-equipment-2-1-768x432.jpg 768w, https:\/\/www.mlkjlasers.com\/wp-content\/uploads\/2026\/01\/laser-equipment-2-1-1536x864.jpg 1536w, https:\/\/www.mlkjlasers.com\/wp-content\/uploads\/2026\/01\/laser-equipment-2-1-600x338.jpg 600w\" sizes=\"(max-width: 1920px) 100vw, 1920px\" \/><\/div>\n<div><\/div>\n<div>\n<div><span style=\"font-size: 18pt;\"><strong>Detalles del manijo<\/strong><\/span><\/div>\n<div><span style=\"font-size: 14pt;\"><span style=\"font-weight: bold;\">Alex 755nm<\/span>Para el cabello rubio y fino, abordando estos tipos desafiantes con facilidad y finura. Dise\u00f1ado espec\u00edficamente para hacer frente a los desaf\u00edos \u00fanicos del cabello rubio y fino, nuestro l\u00e1ser de 755nm garantiza resultados notables.<\/span><\/div>\n<div class=\"br-block\"><\/div>\n<div class=\"br-block\"><span style=\"font-size: 14pt;\"><span style=\"font-weight: bold;\">Velocidad r\u00e1pida 808nm<\/span>: La longitud de onda est\u00e1ndar dorado, perfectamente adecuada para eliminar el pelo de todos los tipos y texturas, atendiendo a diversas necesidades de depilaci\u00f3n.<\/span><\/div>\n<div class=\"br-block\"><span style=\"font-size: 14pt;\"><span style=\"font-weight: bold;\">Pulso largo 1064nm<\/span>Con un enfoque en la penetraci\u00f3n m\u00e1s profunda, esta longitud de onda est\u00e1 dise\u00f1ada para la piel oscura y bronceada, proporcionando tratamientos seguros y eficaces para una gama m\u00e1s amplia de tonos de piel. Piel oscura y bronceada.<\/span><\/div>\n<\/div>\n<div><img loading=\"lazy\" decoding=\"async\" class=\"aligncenter size-full wp-image-3317\" src=\"https:\/\/www.mlkjlasers.com\/wp-content\/uploads\/2026\/01\/laser-equipment-8-1.jpg\" alt=\"\" width=\"1920\" height=\"1080\" srcset=\"https:\/\/www.mlkjlasers.com\/wp-content\/uploads\/2026\/01\/laser-equipment-8-1.jpg 1920w, https:\/\/www.mlkjlasers.com\/wp-content\/uploads\/2026\/01\/laser-equipment-8-1-300x169.jpg 300w, https:\/\/www.mlkjlasers.com\/wp-content\/uploads\/2026\/01\/laser-equipment-8-1-1024x576.jpg 1024w, https:\/\/www.mlkjlasers.com\/wp-content\/uploads\/2026\/01\/laser-equipment-8-1-768x432.jpg 768w, https:\/\/www.mlkjlasers.com\/wp-content\/uploads\/2026\/01\/laser-equipment-8-1-1536x864.jpg 1536w, https:\/\/www.mlkjlasers.com\/wp-content\/uploads\/2026\/01\/laser-equipment-8-1-600x338.jpg 600w\" sizes=\"(max-width: 1920px) 100vw, 1920px\" \/><\/div>\n<div>\n<div><span style=\"font-weight: bold; font-size: 18pt;\">Gran ventaja<\/span><\/div>\n<div><span style=\"font-size: 14pt;\">&gt;  &gt; Reconocimiento inteligente del color de la piel &#8211; El color de la piel coincide autom\u00e1ticamente con la energ\u00eda, reduciendo el riesgo de quemaduras.<\/span><br \/>\n<span style=\"font-size: 14pt;\">&gt;  &gt; 10 millones de vidas del l\u00e1ser &#8211; calculado en base al tratamiento del cuerpo completo, puede servir a 300 clientes.<\/span><br \/>\n<span style=\"font-size: 14pt;\">&gt;  &gt; Pantalla t\u00e1ctil de alta definici\u00f3n, que soporta la conmutaci\u00f3n de interfaces de idioma con un solo clic en varios pa\u00edses.<\/span><br \/>\n<span style=\"font-size: 14pt;\">&gt;  &gt; Dise\u00f1o ligero del mango, agarre durante 30 minutos sin dolor.<\/span><br \/>\n<span style=\"font-size: 14pt;\">&gt;  &gt; Toda la m\u00e1quina ha pasado FDA, CE, ISO y otras certificaciones, y se exporta a 72 pa\u00edses sin barreras.<\/span><\/div>\n<div class=\"br-block\"><span style=\"font-size: 14pt;\">&gt;  &gt; 1000W 1200w potencia la depilaci\u00f3n completa en todo el cuerpo.<br \/>\n&gt;  &gt; 755nm\/808nm\/1064nm exquisitas longitudes de onda triples.<br \/>\n&gt;  &gt; Impresionante longevidad, con una vida \u00fatil que supera los 40 millones de disparos.<br \/>\n&gt;  &gt; Italia bomba de agua, garantizando el funcionamiento continuo durante las 24 horas sin interrupci\u00f3n.<\/span><\/div>\n<div><img loading=\"lazy\" decoding=\"async\" class=\"aligncenter size-full wp-image-3312\" src=\"https:\/\/www.mlkjlasers.com\/wp-content\/uploads\/2026\/01\/laser-equipment-3-1.jpg\" alt=\"\" width=\"1920\" height=\"1080\" srcset=\"https:\/\/www.mlkjlasers.com\/wp-content\/uploads\/2026\/01\/laser-equipment-3-1.jpg 1920w, https:\/\/www.mlkjlasers.com\/wp-content\/uploads\/2026\/01\/laser-equipment-3-1-300x169.jpg 300w, https:\/\/www.mlkjlasers.com\/wp-content\/uploads\/2026\/01\/laser-equipment-3-1-1024x576.jpg 1024w, https:\/\/www.mlkjlasers.com\/wp-content\/uploads\/2026\/01\/laser-equipment-3-1-768x432.jpg 768w, https:\/\/www.mlkjlasers.com\/wp-content\/uploads\/2026\/01\/laser-equipment-3-1-1536x864.jpg 1536w, https:\/\/www.mlkjlasers.com\/wp-content\/uploads\/2026\/01\/laser-equipment-3-1-600x338.jpg 600w\" sizes=\"(max-width: 1920px) 100vw, 1920px\" \/><\/div>\n<\/div>\n<p><span style=\"font-size: 18pt; font-weight: bold;\">La m\u00e1quina de depilaci\u00f3n l\u00e1ser de diodo 755 808 1064nm es principalmente para la depilaci\u00f3n profesional<\/span><\/p>\n<p><span style=\"font-size: 14pt;\">-El 755nm principalmente para el cabello claro en la piel blanca,<\/span><br \/>\n<span style=\"font-size: 14pt;\">- Los 808nm tienen un buen resultado para todo tipo de piel y color del cabello.<\/span><br \/>\n<span style=\"font-size: 14pt;\">- Los 1064nm hacen un buen trabajo para la eliminaci\u00f3n del pelo de la piel negra.<\/span><\/p>\n<h3 class=\"contents\"><span style=\"font-size: 18pt; font-family: georgia, palatino, serif;\">Antes y despu\u00e9s<\/span><span style=\"font-size: 16px;\"> <img loading=\"lazy\" decoding=\"async\" class=\"aligncenter size-full wp-image-3106\" src=\"https:\/\/www.mlkjlasers.com\/wp-content\/uploads\/2024\/06\/8.jpg\" alt=\"\" width=\"1920\" height=\"1080\" srcset=\"https:\/\/www.mlkjlasers.com\/wp-content\/uploads\/2024\/06\/8.jpg 1920w, https:\/\/www.mlkjlasers.com\/wp-content\/uploads\/2024\/06\/8-300x169.jpg 300w, https:\/\/www.mlkjlasers.com\/wp-content\/uploads\/2024\/06\/8-1024x576.jpg 1024w, https:\/\/www.mlkjlasers.com\/wp-content\/uploads\/2024\/06\/8-768x432.jpg 768w, https:\/\/www.mlkjlasers.com\/wp-content\/uploads\/2024\/06\/8-1536x864.jpg 1536w, https:\/\/www.mlkjlasers.com\/wp-content\/uploads\/2024\/06\/8-600x338.jpg 600w\" sizes=\"(max-width: 1920px) 100vw, 1920px\" \/><\/span><\/h3>\n<p><span style=\"font-size: 14pt;\">Es adecuado para todos los tipos de piel y cabello. Como eliminar permanentemente el pelo de los labios, el pelo de la barba, el pelo del pecho, el pelo de la axila, el pelo de las extremidades y el pelo no deseado en cualquier parte del cuerpo.<\/span><\/p>\n<p><img loading=\"lazy\" decoding=\"async\" class=\"aligncenter wp-image-3107\" src=\"https:\/\/www.mlkjlasers.com\/wp-content\/uploads\/2024\/06\/9.jpg\" alt=\"\" width=\"1518\" height=\"854\" srcset=\"https:\/\/www.mlkjlasers.com\/wp-content\/uploads\/2024\/06\/9.jpg 1200w, https:\/\/www.mlkjlasers.com\/wp-content\/uploads\/2024\/06\/9-300x169.jpg 300w, https:\/\/www.mlkjlasers.com\/wp-content\/uploads\/2024\/06\/9-1024x576.jpg 1024w, https:\/\/www.mlkjlasers.com\/wp-content\/uploads\/2024\/06\/9-768x432.jpg 768w, https:\/\/www.mlkjlasers.com\/wp-content\/uploads\/2024\/06\/9-600x338.jpg 600w\" sizes=\"(max-width: 1518px) 100vw, 1518px\" \/><\/p>\n<p><span style=\"font-size: 14pt; font-family: helvetica, arial, sans-serif;\"><strong><a href=\"https:\/\/www.mlkjlasers.com\/es\/contact-us\/\" target=\"_blank\" rel=\"noopener\">\u00a1Cont\u00e1ctenos hoy mismo! <\/a><\/strong><\/span><\/p>\n<p><span style=\"font-size: 14pt; font-family: helvetica, arial, sans-serif;\"><strong><a href=\"https:\/\/www.mlkjlasers.com\/es\/contact-us\/\" target=\"_blank\" rel=\"noopener\">[Phone Number]\uff1a+8618054417523<\/a><\/strong><\/span><\/p>\n<p>[Email\u00a0Address]:sale@mingliangkj.com<\/p>","protected":false},"excerpt":{"rendered":"<p>* 755nm 808nm 1064nm tecnolog\u00eda l\u00e1ser de diodo, adecuada para todos los tipos de piel.<\/p>\n<p>* Promueve efectivamente la acumulaci\u00f3n de calor en los fol\u00edculos pilosos, c<span data-slate-fragment=\"JTVCJTdCJTIydHlwZSUyMiUzQSUyMnBhcmFncmFwaCUyMiUyQyUyMmNoaWxkcmVuJTIyJTNBJTVCJTdCJTIyaWQlMjIlM0ElMjJ6bExab0xiMG16JTIyJTJDJTIycGFyYUlkeCUyMiUzQTAlMkMlMjJzcmMlMjIlM0ElMjJzZWFtbGVzcyUyMGFuZCUyMGVmZmVjdGl2ZSUyMHJlc3VsdHMlMkMlQzIlQTBmYXN0JTIwaGFpciUyMHJlbW92YWwlMjBmb3IlMjBiaWclMjBhcmVhJTIwdHJlYXRtZW50LiUyMiUyQyUyMmRzdCUyMiUzQSUyMiVFNiU5NyVBMCVFNyVCQyU5RCVFNiU5QyU4OSVFNiU5NSU4OCVFNyU5QSU4NCVFNiU5NSU4OCVFNiU5RSU5QyVFRiVCQyU4QyVFNSVCRiVBQiVFOSU4MCU5RiVFOCU4NCVCMSVFNiVBRiU5QiVFRiVCQyU4QyVFOSU4MCU4MiVFNyU5NCVBOCVFNCVCQSU4RSVFNSVBNCVBNyVFOSU5RCVBMiVFNyVBNyVBRiVFNiVCMiVCQiVFNyU5NiU5NyVFMyU4MCU4MiUyMiUyQyUyMm1ldGFkYXRhJTIyJTNBJTIyJTIyJTJDJTIybWF0Y2hlcyUyMiUzQW51bGwlMkMlMjJ0cmFuc2xhdGVkQnklMjIlM0FudWxsJTJDJTIybWV0YURhdGElMjIlM0ElNUIlNUQlMkMlMjJ0ZXh0JTIyJTNBJTIyc2VhbWxlc3MlMjBhbmQlMjBlZmZlY3RpdmUlMjByZXN1bHRzJTJDJUMyJUEwZmFzdCUyMGhhaXIlMjByZW1vdmFsJTIwZm9yJTIwYmlnJTIwYXJlYSUyMHRyZWF0bWVudC4lMjIlN0QlNUQlN0QlNUQ=\">un logro depilaci\u00f3n r\u00e1pida.<\/span><\/p>\n<p>* 808nm diodo l\u00e1ser es m\u00e1s seguro, con enfriamiento eficiente, punto de congelaci\u00f3n indolor, y depilaci\u00f3n permanente indolor.<\/p>\n<p>* Sistema de refrigeraci\u00f3n tres en uno: sistema de refrigeraci\u00f3n de agua de refrigeraci\u00f3n de aire de refrigeraci\u00f3n de compresor tres en uno. Capacidad de trabajo 24 horas.<\/p>","protected":false},"featured_media":3302,"comment_status":"open","ping_status":"closed","template":"","meta":[],"product_cat":[15],"product_tag":[],"class_list":["post-3323","product","type-product","status-publish","has-post-thumbnail","hentry","product_cat-diode-laser-hair-removal-machine"],"_links":{"self":[{"href":"https:\/\/www.mlkjlasers.com\/es\/wp-json\/wp\/v2\/product\/3323","targetHints":{"allow":["GET"]}}],"collection":[{"href":"https:\/\/www.mlkjlasers.com\/es\/wp-json\/wp\/v2\/product"}],"about":[{"href":"https:\/\/www.mlkjlasers.com\/es\/wp-json\/wp\/v2\/types\/product"}],"replies":[{"embeddable":true,"href":"https:\/\/www.mlkjlasers.com\/es\/wp-json\/wp\/v2\/comments?post=3323"}],"wp:featuredmedia":[{"embeddable":true,"href":"https:\/\/www.mlkjlasers.com\/es\/wp-json\/wp\/v2\/media\/3302"}],"wp:attachment":[{"href":"https:\/\/www.mlkjlasers.com\/es\/wp-json\/wp\/v2\/media?parent=3323"}],"wp:term":[{"taxonomy":"product_cat","embeddable":true,"href":"https:\/\/www.mlkjlasers.com\/es\/wp-json\/wp\/v2\/product_cat?post=3323"},{"taxonomy":"product_tag","embeddable":true,"href":"https:\/\/www.mlkjlasers.com\/es\/wp-json\/wp\/v2\/product_tag?post=3323"}],"curies":[{"name":"wp","href":"https:\/\/api.w.org\/{rel}","templated":true}]}}