{"id":660,"date":"2023-06-05T16:57:34","date_gmt":"2023-06-05T08:57:34","guid":{"rendered":"https:\/\/mingliang.leadsclouds.com\/?post_type=product&#038;p=660"},"modified":"2026-01-28T10:22:58","modified_gmt":"2026-01-28T02:22:58","slug":"portable-microneedle-980","status":"publish","type":"product","link":"https:\/\/www.mlkjlasers.com\/es\/product\/portable-microneedle-980\/","title":{"rendered":"Microaguja port\u00e1til 980 diodo l\u00e1ser vasos sangu\u00edneos eliminaci\u00f3n 980 nm l\u00e1ser m\u00e1quina de eliminaci\u00f3n vascular"},"content":{"rendered":"<table class=\"alignleft\" style=\"border-collapse: collapse; width: 100%; height: 168px;\">\n<tbody>\n<tr style=\"height: 24px;\">\n<td style=\"width: 50%; height: 24px;\"><span style=\"font-family: helvetica, arial, sans-serif; color: #000000; font-size: 14pt;\"><b>Microaguja port\u00e1til 980 diodo l\u00e1ser<\/b><\/span><\/td>\n<td style=\"width: 50%; height: 24px;\"><span style=\"font-family: helvetica, arial, sans-serif; color: #000000; font-size: 14pt;\">N\u00famero de modelo: Microneedling 980NM<\/span><\/td>\n<\/tr>\n<tr style=\"height: 24px;\">\n<td style=\"width: 50%; height: 24px;\"><span style=\"font-family: helvetica, arial, sans-serif; color: #000000; font-size: 14pt;\">Estilo: Portable<\/span><\/td>\n<td style=\"width: 50%; height: 24px;\"><span style=\"font-family: helvetica, arial, sans-serif; color: #000000; font-size: 14pt;\">Tama\u00f1o de la pantalla: pantalla t\u00e1ctil de color real de 10,4 pulgadas<\/span><\/td>\n<\/tr>\n<tr style=\"height: 24px;\">\n<td style=\"width: 50%; height: 24px;\"><span style=\"font-family: helvetica, arial, sans-serif; color: #000000; font-size: 14pt;\">Funci\u00f3n: Reduzca las arrugas<\/span><\/td>\n<td style=\"width: 50%; height: 24px;\"><span style=\"font-family: helvetica, arial, sans-serif; color: #000000; font-size: 14pt;\">Resultado total:10 a 120mi\/pin adiustable<\/span><\/td>\n<\/tr>\n<tr style=\"height: 24px;\">\n<td style=\"width: 50%; height: 24px;\"><span style=\"font-family: helvetica, arial, sans-serif; color: #000000; font-size: 14pt;\">Profundidad: 0-4.0 ajustable<\/span><\/td>\n<td style=\"width: 50%; height: 24px;\"><span style=\"font-family: helvetica, arial, sans-serif; color: #000000; font-size: 14pt;\">RF: 10-150 ajustable<\/span><\/td>\n<\/tr>\n<tr style=\"height: 24px;\">\n<td style=\"width: 50%; height: 24px;\"><span style=\"font-family: helvetica, arial, sans-serif; color: #000000; font-size: 14pt;\">Tratamiento: Inducci\u00f3n de vac\u00edo autom\u00e1tica, manual<\/span><\/td>\n<td style=\"width: 50%; height: 24px;\"><span style=\"font-family: helvetica, arial, sans-serif; color: #000000; font-size: 14pt;\">Tensi\u00f3n: AC220V \/ 110V 50HZ \/ 60HZ<\/span><\/td>\n<\/tr>\n<tr style=\"height: 24px;\">\n<td style=\"width: 50%; height: 24px;\"><span style=\"font-family: helvetica, arial, sans-serif; color: #000000; font-size: 14pt;\">Demencia de la m\u00e1quina: L * W * H: 280 * 240 * 300mm<\/span><\/td>\n<td style=\"width: 50%; height: 24px;\"><span style=\"font-family: helvetica, arial, sans-serif; color: #000000; font-size: 14pt;\">Paquete: Caja de aluminio<\/span><\/td>\n<\/tr>\n<tr style=\"height: 24px;\">\n<td style=\"width: 50%; height: 24px;\"><span style=\"font-family: helvetica, arial, sans-serif; color: #000000; font-size: 14pt;\">Servicio al cliente: piezas de repuesto gratuitas, soporte t\u00e9cnico de v\u00eddeo, soporte en l\u00ednea<\/span><\/td>\n<td style=\"width: 50%; height: 24px;\"><span style=\"font-family: helvetica, arial, sans-serif; color: #000000; font-size: 14pt;\">Garant\u00eda: 1 a\u00f1o para la m\u00e1quina y medio a\u00f1o para la manija<\/span><\/td>\n<\/tr>\n<\/tbody>\n<\/table>\n<div class=\"se4_tit\" style=\"text-align: left;\"><\/div>\n<div class=\"des\" style=\"text-align: left;\">\n<div class=\"des_item\">\n<div class=\"des_detail\">\n<div class=\"J_module\">\n<div class=\"icbu-pc-images magic-0\">\n<div class=\"flex-layout-v\">\n<div class=\"flex-layout-h magic-0\">\n<div class=\"magic-1\"><\/div>\n<\/div>\n<\/div>\n<div><\/div>\n<\/div>\n<\/div>\n<div class=\"J_module\">\n<div class=\"detail-decorate-json-renderer-container\">\n<div class=\"magic-3\">\n<div class=\"magic-4\">\n<div class=\"magic-5\">\n<div><\/div>\n<div><\/div>\n<div class=\"magic-6\">\n<p>&nbsp;<\/p>\n<p>&nbsp;<\/p>\n<p><span style=\"font-size: 14pt;\"><img fetchpriority=\"high\" decoding=\"async\" class=\"\" src=\"https:\/\/sc04.alicdn.com\/kf\/Hb8b5e85ea91d45ef8bdde700da07170aw\/252086154\/Hb8b5e85ea91d45ef8bdde700da07170aw.jpg\" width=\"1554\" height=\"1122\" \/><\/span><\/p>\n<p><span class=\"magic-11\" style=\"font-size: 14pt;\">1. Anti-arrugas, afirmando la piel, mejoran las pseudo arrugas, disolviendo la grasa, dando forma y levantando. <\/span><\/p>\n<p><span class=\"magic-11\" style=\"font-size: 14pt;\">2. Mejorar r\u00e1pidamente el s\u00edntoma aburrido y sin brillo, mejorar la piel seca y las pieles saladas, aclarar la piel y hacerla m\u00e1s tierna.<\/span><\/p>\n<p><span class=\"magic-11\" style=\"font-size: 14pt;\">3. Promover activamente la circulaci\u00f3n de la linfa facial, resolver el problema del edema de la piel. <\/span><\/p>\n<p><span class=\"magic-11\" style=\"font-size: 14pt;\">4. Levantar y apretar la piel, solucionando eficazmente el problema de la flaqueza facial, dando forma a la cara delicada, reparando estr\u00edas. <\/span><\/p>\n<p><span class=\"magic-11\" style=\"font-size: 14pt;\">5. Eliminar el borde negro del ojo, las bolsas oculares y las arrugas alrededor del ojo. Contracci\u00f3n de los poros, reparaci\u00f3n de la cicatriz blain, calma la piel.<\/span><\/p>\n<\/div>\n<\/div>\n<\/div>\n<\/div>\n<\/div>\n<\/div>\n<div class=\"J_module\">\n<div class=\"icbu-pc-images magic-0\">\n<div class=\"flex-layout-v\">\n<div class=\"flex-layout-h magic-0\">\n<div class=\"magic-10\"><img decoding=\"async\" class=\"\" src=\"https:\/\/sc04.alicdn.com\/kf\/Hd4e8e4265ae94e6e9ccfd635cf074d24U\/252086154\/Hd4e8e4265ae94e6e9ccfd635cf074d24U.jpg\" width=\"1559\" height=\"1782\" \/><\/div>\n<\/div>\n<\/div>\n<\/div>\n<\/div>\n<div class=\"J_module\">\n<div class=\"detail-decorate-json-renderer-container\">\n<div class=\"magic-3\">\n<div class=\"magic-4\">\n<div class=\"magic-5\">\n<div class=\"magic-6\">\n<p><span class=\"magic-8\" style=\"font-family: helvetica, arial, sans-serif; color: #000000; font-size: 14pt;\"><b>2 en 1 980nm diodo l\u00e1ser micro aguja<\/b><\/span><\/p>\n<div><span class=\"magic-9\" style=\"font-family: helvetica, arial, sans-serif; color: #000000; font-size: 14pt;\">El haz l\u00e1ser de 1.980 nm se enfoca en un rango de di\u00e1metro de 0,2-0,5 mm, con el fin de permitir una energ\u00eda m\u00e1s enfocada para llegar al tejido objetivo, evitando quemar el tejido cut\u00e1neo circundante La irradiaci\u00f3n transcut\u00e1nea (con una penetraci\u00f3n de 1 a 2 mm en el tejido) provoca la absorci\u00f3n selectiva del tejido por la hemoglobina (la hemoglobina es el objetivo principal del l\u00e1ser) <\/span><\/div>\n<div><span class=\"magic-9\" style=\"font-family: helvetica, arial, sans-serif; color: #000000; font-size: 14pt;\">2. El tratamiento de microagujas de RF utiliza agujas de sulftrafina y energ\u00eda de radiofrecuencia (RF) para penetrar en la capa superior de la piel. Esto permite la regeneraci\u00f3n de elastina y col\u00e1geno a las \u00e1reas tratadas, lo que resulta en una apariencia revitalizada de la piel.<\/span><\/div>\n<\/div>\n<\/div>\n<\/div>\n<\/div>\n<\/div>\n<\/div>\n<div class=\"J_module\">\n<div class=\"icbu-pc-images magic-0\">\n<div>\n<div class=\"flex-layout-v\">\n<div class=\"flex-layout-h magic-0\">\n<div class=\"magic-12\"><span style=\"font-family: helvetica, arial, sans-serif; color: #000000; font-size: 14pt;\"><img decoding=\"async\" class=\"magic-13 alignleft\" src=\"https:\/\/sc04.alicdn.com\/kf\/Hfd0c3bfa095c4231835fcc8749feb1b9N\/252086154\/Hfd0c3bfa095c4231835fcc8749feb1b9N.jpg\" width=\"1562\" height=\"1562\" data-src=\"\/\/sc04.alicdn.com\/kf\/Hfd0c3bfa095c4231835fcc8749feb1b9N\/252086154\/Hfd0c3bfa095c4231835fcc8749feb1b9N.jpg\" \/><\/span><\/div>\n<div class=\"magic-14\"><span style=\"font-family: helvetica, arial, sans-serif; color: #000000; font-size: 14pt;\"><img loading=\"lazy\" decoding=\"async\" class=\"magic-15\" src=\"https:\/\/sc04.alicdn.com\/kf\/H63b4fd714d704086a06436049985b6fcj\/252086154\/H63b4fd714d704086a06436049985b6fcj.jpg\" width=\"1560\" height=\"1560\" data-src=\"\/\/sc04.alicdn.com\/kf\/H63b4fd714d704086a06436049985b6fcj\/252086154\/H63b4fd714d704086a06436049985b6fcj.jpg\" \/><\/span><\/div>\n<\/div>\n<\/div>\n<\/div>\n<\/div>\n<\/div>\n<div class=\"J_module\">\n<div id=\"ali-anchor-AliMagic-bqw1j4\" class=\"magic-16\" data-section=\"AliMagic-bqw1j4\" data-section-title=\"RF Microneedling Handle Display\"><span style=\"font-size: 14pt;\"><strong><span style=\"font-family: helvetica, arial, sans-serif; color: #000000;\">RF Microneedling manija pantalla<\/span><\/strong><\/span><\/div>\n<\/div>\n<div class=\"J_module\">\n<div class=\"icbu-pc-images magic-0\">\n<div>\n<div class=\"flex-layout-v\">\n<div class=\"flex-layout-h magic-0\">\n<div class=\"magic-17\"><span style=\"font-family: helvetica, arial, sans-serif; color: #000000; font-size: 14pt;\"><img loading=\"lazy\" decoding=\"async\" class=\"magic-18 alignnone\" src=\"https:\/\/sc04.alicdn.com\/kf\/H154ddd392cfd42e68914023c0cbadef6r\/252086154\/H154ddd392cfd42e68914023c0cbadef6r.jpg\" width=\"1567\" height=\"1744\" data-src=\"\/\/sc04.alicdn.com\/kf\/H154ddd392cfd42e68914023c0cbadef6r\/252086154\/H154ddd392cfd42e68914023c0cbadef6r.jpg\" \/><\/span><\/div>\n<\/div>\n<div><\/div>\n<\/div>\n<\/div>\n<\/div>\n<\/div>\n<div class=\"J_module\">\n<div class=\"detail-decorate-json-renderer-container\">\n<div class=\"magic-3\">\n<div class=\"magic-4\">\n<div class=\"magic-5\">\n<div class=\"magic-6\"><span class=\"magic-9\" style=\"font-family: helvetica, arial, sans-serif; color: #000000; font-size: 14pt;\">La m\u00e1quina Exfu RF Microneedling puede apretar la piel y garantizar la firmeza a trav\u00e9s de la coagulaci\u00f3n de tejidos blandos. Esto permite la regeneraci\u00f3n de elastina y col\u00e1geno a las \u00e1reas tratadas, lo que resulta en una apariencia revitalizada de la piel.<\/span><\/div>\n<div>\n<div class=\"J_module\">\n<div class=\"icbu-pc-images magic-0\">\n<div><\/div>\n<div><span style=\"font-size: 14pt;\"><b style=\"color: #000000; font-family: helvetica, arial, sans-serif;\">\u00bfC\u00f3mo funciona el tratamiento para la revitalizaci\u00f3n de la piel?<\/b><\/span><\/div>\n<\/div>\n<\/div>\n<div class=\"J_module\">\n<div class=\"detail-decorate-json-renderer-container\">\n<div class=\"magic-3\">\n<div class=\"magic-4\">\n<div class=\"magic-5\">\n<div><\/div>\n<div class=\"magic-6\"><span class=\"magic-9\" style=\"font-family: helvetica, arial, sans-serif; color: #000000; font-size: 14pt;\">Despertar su piel&#8217; col\u00e1geno natural &amp; producci\u00f3n de elastina. El tratamiento de microagujas de frecuencia utiliza agujas ultrafinas y energ\u00eda de radiofrecuencia (RF) para penetrar en la capa superior de la piel y desencadenar el cuerpo. s proceso de curaci\u00f3n natural para regenerar nuevo col\u00e1geno y elastina. A diferencia de otros tratamientos de revitalizaci\u00f3n de la piel, estos tratamientos se pueden realizar en todos los tipos de piel, en cualquier lugar del cuerpo y en cualquier momento del a\u00f1o.<\/span><\/div>\n<\/div>\n<\/div>\n<\/div>\n<\/div>\n<\/div>\n<\/div>\n<div><\/div>\n<\/div>\n<\/div>\n<\/div>\n<\/div>\n<\/div>\n<div class=\"J_module\">\n<div class=\"icbu-pc-images magic-0\">\n<div>\n<div class=\"flex-layout-v\">\n<div class=\"flex-layout-h magic-0\">\n<div class=\"magic-19\"><span style=\"font-family: helvetica, arial, sans-serif; color: #000000; font-size: 14pt;\"><img loading=\"lazy\" decoding=\"async\" class=\"magic-20 alignnone\" src=\"https:\/\/sc04.alicdn.com\/kf\/H166086f7a74342b09575d7831c0b64f19\/252086154\/H166086f7a74342b09575d7831c0b64f19.jpg\" width=\"1559\" height=\"1559\" data-src=\"\/\/sc04.alicdn.com\/kf\/H166086f7a74342b09575d7831c0b64f19\/252086154\/H166086f7a74342b09575d7831c0b64f19.jpg\" \/><\/span><\/div>\n<\/div>\n<\/div>\n<\/div>\n<\/div>\n<\/div>\n<div class=\"J_module\">\n<div class=\"detail-decorate-json-renderer-container\">\n<div class=\"magic-3\">\n<div class=\"magic-4\">\n<div class=\"magic-5\">\n<div class=\"magic-6\"><\/div>\n<\/div>\n<div>\n<h4 style=\"text-align: left;\"><span style=\"font-family: helvetica, arial, sans-serif; color: #000000; font-size: 14pt;\"><img loading=\"lazy\" decoding=\"async\" class=\"alignnone\" src=\"https:\/\/www.exfulaser.com\/uploads\/20221125\/%E5%9B%BE%E5%B1%82-213.jpg\" alt=\"\" width=\"1680\" height=\"413\" \/><\/span><\/h4>\n<\/div>\n<\/div>\n<\/div>\n<\/div>\n<\/div>\n<div class=\"J_module\">\n<div class=\"detail-decorate-json-renderer-container\">\n<div class=\"magic-3\">\n<div class=\"magic-4\">\n<div class=\"magic-5\">\n<div class=\"magic-6\">\n<p><span class=\"magic-9\" style=\"font-family: helvetica, arial, sans-serif; color: #000000; font-size: 14pt;\"><b>\u00bfCu\u00e1les son las \u00e1reas de tratamiento? <\/b><\/span><\/p>\n<div><span class=\"magic-9\" style=\"font-family: helvetica, arial, sans-serif; color: #000000; font-size: 14pt;\">Tanto la cara como el cuerpo pueden ser tratados. Las \u00e1reas tratadas son las siguientes: Cara completa\/Frente\/Pies de cuervo\/Mejilla superior\/Ojos inferiores\/Baja\/Mejilla\/Nariz\/Superior &amp; Labio inferior \/ ment\u00edn \/ mand\u00edbula \/ cuello \/ decolletage \/ codos \/ abdomen<\/span><\/div>\n<div><\/div>\n<div><span style=\"font-size: 14pt;\"><strong><span style=\"color: #000000; font-family: helvetica, arial, sans-serif;\">Display de manija l\u00e1ser de diodo 980nm<\/span><\/strong><\/span><\/div>\n<\/div>\n<\/div>\n<\/div>\n<\/div>\n<\/div>\n<\/div>\n<div class=\"J_module\">\n<div data-section=\"AliMagic-r0ip19\" data-section-title=\"980nm Diode Laser Handle display\"><\/div>\n<\/div>\n<div class=\"J_module\">\n<div class=\"icbu-pc-images magic-0\">\n<div>\n<div class=\"flex-layout-v\">\n<div class=\"flex-layout-h magic-0\">\n<div class=\"magic-21\"><span style=\"font-family: helvetica, arial, sans-serif; color: #000000; font-size: 14pt;\"><img loading=\"lazy\" decoding=\"async\" class=\"magic-22 alignnone\" src=\"https:\/\/sc04.alicdn.com\/kf\/H57ad29db6f494a7eba3d2f89125e44dfP\/252086154\/H57ad29db6f494a7eba3d2f89125e44dfP.jpg\" width=\"1562\" height=\"1063\" data-src=\"\/\/sc04.alicdn.com\/kf\/H57ad29db6f494a7eba3d2f89125e44dfP\/252086154\/H57ad29db6f494a7eba3d2f89125e44dfP.jpg\" \/><\/span><\/div>\n<\/div>\n<\/div>\n<div><\/div>\n<\/div>\n<\/div>\n<\/div>\n<div class=\"J_module\">\n<div class=\"detail-decorate-json-renderer-container\">\n<div class=\"magic-3\">\n<div class=\"magic-4\">\n<div class=\"magic-5\">\n<div class=\"magic-6\">\n<div class=\"magic-25\"><span class=\"magic-9\" style=\"color: #000000; font-family: helvetica, arial, sans-serif; font-size: 14pt;\"><b class=\"magic-26\">Eliminaci\u00f3n de la vena de la ara\u00f1a 980 diodo l\u00e1ser vascular Machin<\/b><\/span><\/div>\n<div class=\"magic-25\"><span class=\"magic-9\" style=\"color: #000000; font-family: helvetica, arial, sans-serif; font-size: 14pt;\"><b class=\"magic-26\">Diodo l\u00e1ser 980nm reparaci\u00f3n y eliminaci\u00f3n gris nai<\/b><\/span><\/div>\n<\/div>\n<div><\/div>\n<\/div>\n<\/div>\n<\/div>\n<\/div>\n<\/div>\n<div class=\"J_module\">\n<div class=\"icbu-pc-images magic-0\">\n<div>\n<div class=\"flex-layout-v\">\n<div class=\"flex-layout-h magic-0\">\n<div class=\"magic-27\"><span style=\"font-family: helvetica, arial, sans-serif; color: #000000; font-size: 14pt;\"><img loading=\"lazy\" decoding=\"async\" class=\"magic-28 alignnone\" src=\"https:\/\/sc04.alicdn.com\/kf\/H24211fab3e594d65a7c17f7a36aa70899\/252086154\/H24211fab3e594d65a7c17f7a36aa70899.jpg\" width=\"1588\" height=\"2035\" data-src=\"\/\/sc04.alicdn.com\/kf\/H24211fab3e594d65a7c17f7a36aa70899\/252086154\/H24211fab3e594d65a7c17f7a36aa70899.jpg\" \/><\/span><\/div>\n<div><\/div>\n<\/div>\n<\/div>\n<\/div>\n<\/div>\n<\/div>\n<div class=\"J_module\">\n<div class=\"detail-decorate-json-renderer-container\">\n<div class=\"magic-3\">\n<div class=\"magic-4\">\n<div class=\"magic-5\">\n<div class=\"magic-6\"><span class=\"magic-8\" style=\"font-family: helvetica, arial, sans-serif; color: #000000; font-size: 14pt;\"><b>Caracter\u00edsticas de la m\u00e1quina: <\/b><\/span><\/div>\n<div class=\"magic-6\"><span class=\"magic-9\" style=\"font-family: helvetica, arial, sans-serif; color: #000000; font-size: 14pt;\">* Sin piezas consumibles, la m\u00e1quina puede trabajar 24 horas al d\u00eda. <\/span><\/div>\n<div class=\"magic-6\"><span class=\"magic-9\" style=\"font-family: helvetica, arial, sans-serif; color: #000000; font-size: 14pt;\">* No da\u00f1ar la epidermis en absoluto. <\/span><\/div>\n<div class=\"magic-6\"><span class=\"magic-9\" style=\"font-family: helvetica, arial, sans-serif; color: #000000; font-size: 14pt;\">* Indolorable, no invasivo, sin tiempo de inactividad. <\/span><\/div>\n<div class=\"magic-6\"><span class=\"magic-9\" style=\"font-family: helvetica, arial, sans-serif; color: #000000; font-size: 14pt;\">* Dise\u00f1o port\u00e1til, f\u00e1cil para el transporte. <\/span><\/div>\n<div class=\"magic-6\"><span class=\"magic-9\" style=\"font-family: helvetica, arial, sans-serif; color: #000000; font-size: 14pt;\">* Equipado de repuesto superior, l\u00e1ser 980nm con 4 anillos para ajustar la m\u00e1quina de micro aguja de oro de tama\u00f1o puntual con 4 cabezas para la resurfaciaci\u00f3n de la piel. <\/span><\/div>\n<div class=\"magic-6\"><span class=\"magic-9\" style=\"font-family: helvetica, arial, sans-serif; color: #000000; font-size: 14pt;\">* Se pueden seleccionar varios idiomas, podemos hacer el logotipo libre de acuerdo con sus requisitos.<\/span><\/div>\n<div><\/div>\n<\/div>\n<\/div>\n<\/div>\n<\/div>\n<\/div>\n<div class=\"J_module\">\n<div class=\"icbu-pc-images magic-0\">\n<div>\n<div class=\"flex-layout-v\">\n<div class=\"flex-layout-h magic-0\">\n<div class=\"magic-21\"><span style=\"font-family: helvetica, arial, sans-serif; color: #000000; font-size: 14pt;\"><img loading=\"lazy\" decoding=\"async\" class=\"magic-22 alignnone\" src=\"https:\/\/sc04.alicdn.com\/kf\/Hb8c48007443e4bc6a50fc8ed220ca7000\/252086154\/Hb8c48007443e4bc6a50fc8ed220ca7000.jpg\" width=\"1603\" height=\"1091\" data-src=\"\/\/sc04.alicdn.com\/kf\/Hb8c48007443e4bc6a50fc8ed220ca7000\/252086154\/Hb8c48007443e4bc6a50fc8ed220ca7000.jpg\" \/><\/span><\/div>\n<\/div>\n<\/div>\n<\/div>\n<\/div>\n<\/div>\n<div class=\"J_module\">\n<div class=\"detail-decorate-json-renderer-container\">\n<div class=\"magic-3\">\n<div class=\"magic-4\">\n<div class=\"magic-5\">\n<div class=\"magic-6\">\n<div class=\"magic-25\"><span style=\"font-family: helvetica, arial, sans-serif; color: #000000; font-size: 14pt;\"><b><span class=\"magic-31\"> Dise\u00f1o de encendido con una sola tecla <\/span><\/b><\/span><\/div>\n<\/div>\n<\/div>\n<\/div>\n<\/div>\n<\/div>\n<\/div>\n<div class=\"J_module\">\n<div data-section=\"AliMagic-whquon\" data-section-title=\"Screen Display\"><\/div>\n<div id=\"ali-anchor-AliMagic-whquon\" class=\"magic-16\" data-section=\"AliMagic-whquon\" data-section-title=\"Screen Display\"><span style=\"font-family: helvetica, arial, sans-serif; color: #000000; font-size: 14pt;\">Pantalla Display<\/span><\/div>\n<div data-section=\"AliMagic-whquon\" data-section-title=\"Screen Display\"><\/div>\n<\/div>\n<div class=\"J_module\">\n<div class=\"icbu-pc-images magic-0\">\n<div>\n<div class=\"flex-layout-v\">\n<div class=\"flex-layout-h magic-0\">\n<div class=\"magic-32\"><span style=\"font-family: helvetica, arial, sans-serif; color: #000000; font-size: 14pt;\"><img loading=\"lazy\" decoding=\"async\" class=\"magic-33 alignnone\" src=\"https:\/\/sc04.alicdn.com\/kf\/Ha927851f2e944ee683ef6c7b2d5de1a1f\/252086154\/Ha927851f2e944ee683ef6c7b2d5de1a1f.jpg\" width=\"1582\" height=\"1204\" data-src=\"\/\/sc04.alicdn.com\/kf\/Ha927851f2e944ee683ef6c7b2d5de1a1f\/252086154\/Ha927851f2e944ee683ef6c7b2d5de1a1f.jpg\" \/><\/span><\/div>\n<\/div>\n<\/div>\n<\/div>\n<\/div>\n<\/div>\n<div class=\"J_module\">\n<div class=\"detail-decorate-json-renderer-container\">\n<div class=\"magic-3\">\n<div class=\"magic-4\">\n<div class=\"magic-5\">\n<div data-spm-anchor-id=\"a2700.wholesale.0.i28.464341182zYuX6\"><\/div>\n<div class=\"magic-6\" data-spm-anchor-id=\"a2700.wholesale.0.i28.464341182zYuX6\"><span style=\"font-family: helvetica, arial, sans-serif; color: #000000; font-size: 14pt;\">1. pantalla t\u00e1ctil grande de 14 pulgadas, humanizada dise\u00f1ada <\/span><\/div>\n<div class=\"magic-6\" data-spm-anchor-id=\"a2700.wholesale.0.i28.464341182zYuX6\"><span style=\"font-family: helvetica, arial, sans-serif; color: #000000; font-size: 14pt;\">2. Hombre\/mujer, partes del cuerpo, 6 tipos de piel para la opci\u00f3n. <\/span><br \/>\n<span style=\"font-family: helvetica, arial, sans-serif; color: #000000; font-size: 14pt;\">3. Ingl\u00e9s su idioma nativo. <\/span><br \/>\n<span style=\"font-family: helvetica, arial, sans-serif; color: #000000; font-size: 14pt;\">4. Servicio gratuito del programa del OEM (logotipo\/sistema&#8230;)<\/span><\/div>\n<\/div>\n<\/div>\n<\/div>\n<\/div>\n<\/div>\n<\/div>\n<\/div>\n<\/div>\n<div style=\"text-align: left;\" data-spm-anchor-id=\"a2700.wholesale.0.i28.464341182zYuX6\"><\/div>\n<div style=\"text-align: left;\" data-spm-anchor-id=\"a2700.wholesale.0.i28.464341182zYuX6\"><\/div>\n<div style=\"text-align: left;\" data-spm-anchor-id=\"a2700.wholesale.0.i28.464341182zYuX6\"><span style=\"font-size: 14pt;\"><em><span style=\"color: #0000ff;\"><strong><span style=\"font-family: helvetica, arial, sans-serif;\">\u00a1Aprende m\u00e1s ahora!<\/span><\/strong><\/span><\/em><\/span><\/div>\n<div style=\"text-align: left;\" data-spm-anchor-id=\"a2700.wholesale.0.i28.464341182zYuX6\"><\/div>","protected":false},"excerpt":{"rendered":"<div><span class=\"magic-9\" style=\"font-family: helvetica, arial, sans-serif; color: #000000;\">El haz l\u00e1ser de 980 nm se enfoca en un rango de di\u00e1metro de 0,2-0,5 mm, con el fin de permitir que la energ\u00eda m\u00e1s enfocada llegue al tejido objetivo, evitando quemar el tejido cut\u00e1neo circundante La irradiaci\u00f3n transcut\u00e1nea (con una penetraci\u00f3n de 1 a 2 mm en el tejido) provoca la absorci\u00f3n selectiva del tejido por la hemoglobina (la hemoglobina es el objetivo principal del l\u00e1ser)<\/span><\/div>\n<div><\/div>\n<div><span class=\"magic-9\" style=\"font-family: helvetica, arial, sans-serif; color: #000000;\">El tratamiento de microagujas de RF utiliza agujas de sulftrafina y energ\u00eda de radiofrecuencia (RF) para penetrar en la capa superior de la piel. Esto permite la regeneraci\u00f3n de elastina y col\u00e1geno a las \u00e1reas tratadas, lo que resulta en una apariencia revitalizada de la piel.<\/span><\/div>\n<div><\/div>\n<div>15 a\u00f1os fabricante de instrumentos de belleza, puede proporcionar servicios m\u00e1s personalizados<\/div>","protected":false},"featured_media":662,"comment_status":"open","ping_status":"closed","template":"","meta":[],"product_cat":[25],"product_tag":[],"class_list":["post-660","product","type-product","status-publish","has-post-thumbnail","hentry","product_cat-micro-needle-microneedle-multi-function"],"_links":{"self":[{"href":"https:\/\/www.mlkjlasers.com\/es\/wp-json\/wp\/v2\/product\/660","targetHints":{"allow":["GET"]}}],"collection":[{"href":"https:\/\/www.mlkjlasers.com\/es\/wp-json\/wp\/v2\/product"}],"about":[{"href":"https:\/\/www.mlkjlasers.com\/es\/wp-json\/wp\/v2\/types\/product"}],"replies":[{"embeddable":true,"href":"https:\/\/www.mlkjlasers.com\/es\/wp-json\/wp\/v2\/comments?post=660"}],"wp:featuredmedia":[{"embeddable":true,"href":"https:\/\/www.mlkjlasers.com\/es\/wp-json\/wp\/v2\/media\/662"}],"wp:attachment":[{"href":"https:\/\/www.mlkjlasers.com\/es\/wp-json\/wp\/v2\/media?parent=660"}],"wp:term":[{"taxonomy":"product_cat","embeddable":true,"href":"https:\/\/www.mlkjlasers.com\/es\/wp-json\/wp\/v2\/product_cat?post=660"},{"taxonomy":"product_tag","embeddable":true,"href":"https:\/\/www.mlkjlasers.com\/es\/wp-json\/wp\/v2\/product_tag?post=660"}],"curies":[{"name":"wp","href":"https:\/\/api.w.org\/{rel}","templated":true}]}}