{"id":2320,"date":"2023-08-22T13:37:17","date_gmt":"2023-08-22T05:37:17","guid":{"rendered":"https:\/\/mlkjlasers.com\/?page_id=2320"},"modified":"2023-08-22T13:41:17","modified_gmt":"2023-08-22T05:41:17","slug":"privacy-policy","status":"publish","type":"page","link":"https:\/\/www.mlkjlasers.com\/fr\/privacy-policy\/","title":{"rendered":"Politique de confidentialit\u00e9"},"content":{"rendered":"<div data-elementor-type=\"wp-page\" data-elementor-id=\"2320\" class=\"elementor elementor-2320\" data-elementor-post-type=\"page\">\n\t\t\t\t\t\t<section class=\"elementor-section elementor-top-section elementor-element elementor-element-777b5a7 elementor-section-boxed elementor-section-height-default elementor-section-height-default\" data-id=\"777b5a7\" data-element_type=\"section\">\n\t\t\t\t\t\t<div class=\"elementor-container elementor-column-gap-default\">\n\t\t\t\t\t<div class=\"elementor-column elementor-col-100 elementor-top-column elementor-element elementor-element-e53dd6c\" data-id=\"e53dd6c\" data-element_type=\"column\">\n\t\t\t<div class=\"elementor-widget-wrap elementor-element-populated\">\n\t\t\t\t\t\t<div class=\"elementor-element elementor-element-6f21634 elementor-widget elementor-widget-text-editor\" data-id=\"6f21634\" data-element_type=\"widget\" data-widget_type=\"text-editor.default\">\n\t\t\t\t<div class=\"elementor-widget-container\">\n\t\t\t\t\t\t\t\t\t<p><span style=\"font-size: 14pt\"><strong>1.Quelles informations collectons-nous ?<\/strong><\/span><br \/><span style=\"font-size: 14pt\">R\u00e9cup\u00e9rer le client&#8217; nom, coordonn\u00e9es, contenu du travail, biens que vous souhaitez acheter dans un avenir proche, etc.<\/span><\/p><p><span style=\"font-size: 14pt\"><strong>2.Comment utilisons-nous ces informations ?<\/strong><\/span><br \/><span style=\"font-size: 14pt\">\u00a0Nous nous conformons strictement aux lois et r\u00e8glements et aux accords avec les utilisateurs, et utilisons les informations collect\u00e9es aux fins suivantes. Si nous utilisons vos informations \u00e0 plus des fins que les suivantes, nous vous les expliquerons \u00e0 nouveau et obtiendrons votre consentement.<\/span><br \/><span style=\"font-size: 14pt\">Vous fournir des services qui r\u00e9pondent \u00e0 vos besoins personnels, tels que les param\u00e8tres de langue, les param\u00e8tres d'emplacement et les services d'aide personnalis\u00e9s. Le service de s\u00e9curit\u00e9 recommande des publicit\u00e9s, des informations, etc. Vous pourriez \u00eatre int\u00e9ress\u00e9 par l'\u00e9valuation et l'am\u00e9lioration de l'efficacit\u00e9 de notre publicit\u00e9 et d'autres activit\u00e9s promotionnelles. Veuillez participer \u00e0 l'enqu\u00eate sur nos services.<\/span><\/p><p><span style=\"font-size: 14pt\"><strong>Est-ce que nous partagerons ces informations avec des franchis\u00e9s ou des tiers?<\/strong><\/span><br \/><span style=\"font-size: 14pt\">Nous respectons votre vie priv\u00e9e et le but pour lequel les visiteurs de notre site nous fournissent des informations. Nous ne partagerons, ne vendrons ni ne louerons aucune information collect\u00e9e \u00e0 un tiers, et nous ne le ferons pas \u00e0 l'avenir.<\/span><br \/><span style=\"font-size: 14pt\">Si vous nous demandez ou nous soumettez des informations en envoyant un e-mail ou en remplissant le formulaire de contact via &#8220; Envoyer \u00e0 : &#8221; Nous pouvons enregistrer votre adresse e-mail et toute autre information que vous pouvez fournir. Ces informations peuvent \u00eatre utilis\u00e9es \u00e0 l'avenir pour vous contacter par courrier \u00e9lectronique, courrier \u00e9lectronique ou t\u00e9l\u00e9phone pour vous communiquer des informations sur des solutions ou services que nous pensons pouvoir vous \u00eatre b\u00e9n\u00e9fiques. L'e-mail et les autres informations que vous fournissez ne seront pas vendues \u00e0 un tiers.<\/span><\/p><p><span style=\"font-size: 14pt\"><strong>Les clients peuvent-ils voir ou supprimer les informations que nous collectons?<\/strong><\/span><br \/><span style=\"font-size: 14pt\">Nous vous offrons des options pratiques de gestion de l'information afin que vous puissiez faire des choix appropri\u00e9s et g\u00e9rer vos informations personnelles. Nous nous conformons strictement aux lois et r\u00e8glements pour prot\u00e9ger vos secrets de communication et vous fournir des services de communication s\u00e9curis\u00e9s.<\/span><\/p><p><span style=\"font-size: 14pt\"><strong>5.R\u00e9pondre aux demandes l\u00e9gales<\/strong><\/span><br \/><span style=\"font-size: 14pt\">(1) Pour des raisons de s\u00e9curit\u00e9, vous devrez peut-\u00eatre fournir une demande de preuve de votre identit\u00e9. Nous pouvons vous demander de v\u00e9rifier votre identit\u00e9 avant de traiter votre demande.<\/span><br \/><span style=\"font-size: 14pt\">(2) Nous r\u00e9pondrons dans les 30 jours. Si vous n'\u00eates pas satisfait, vous pouvez \u00e9galement d\u00e9poser une plainte via les coordonn\u00e9es du service \u00e0 la client\u00e8le de cette politique de confidentialit\u00e9.<\/span><br \/><span style=\"font-size: 14pt\">(3) Nous ne serons pas en mesure de r\u00e9pondre \u00e0 votre demande conform\u00e9ment aux lois et r\u00e8glements dans les cas suivants:<\/span><br \/><span style=\"font-size: 14pt\">* En rapport avec la s\u00e9curit\u00e9 nationale et la s\u00e9curit\u00e9 de la d\u00e9fense nationale;<\/span><br \/><span style=\"font-size: 14pt\">* En rapport avec la s\u00e9curit\u00e9 publique, la sant\u00e9 publique et les grands int\u00e9r\u00eats publics;<\/span><br \/><span style=\"font-size: 14pt\">* En rapport avec l'enqu\u00eate p\u00e9nale, les poursuites, le proc\u00e8s et l'ex\u00e9cution du jugement;<\/span><br \/><span style=\"font-size: 14pt\">Il existe des preuves suffisantes pour d\u00e9montrer que le sujet des informations personnelles a une malice subjective ou un abus de droits;<\/span><br \/><span style=\"font-size: 14pt\">R\u00e9pondre \u00e0 votre demande causera de graves dommages aux droits et int\u00e9r\u00eats l\u00e9gitimes de vous ou d'autres personnes et organisations;<\/span><br \/><span style=\"font-size: 14pt\">* Associer des secrets commerciaux.<\/span><\/p><p><span style=\"font-size: 14pt\"><strong>Comment vous informerons-nous si nous modifions nos pratiques de confidentialit\u00e9 ?<\/strong><\/span><br \/><span style=\"font-size: 14pt\">Si de tels changements entra\u00eenent une d\u00e9rogation importante \u00e0 vos droits en vertu de la pr\u00e9sente Politique, nous vous informerons des changements par un avis visible sur la page, par courriel ou par d'autres moyens avant que les changements prennent effet. Dans de telles circonstances, en continuant \u00e0 utiliser nos services, vous acceptez d'\u00eatre li\u00e9 par la politique r\u00e9vis\u00e9e.<\/span><\/p><p><span style=\"font-size: 14pt\"><strong>7.Comment nous contacter?<\/strong><\/span><br \/><span style=\"font-size: 14pt\">Si vous avez des questions, des commentaires ou des suggestions concernant cette politique de confidentialit\u00e9, vous pouvez nous contacter par\u00a0<\/span><br \/><span style=\"font-size: 14pt\">Email: sale@mingliangkj.com\u00a0<\/span><br \/><span style=\"font-size: 14pt\">Num\u00e9ro: 8615965364558 (m\u00eame num\u00e9ro whatsapp), etc.<\/span><\/p><p><span style=\"font-size: 14pt\"><strong>Quand la politique de confidentialit\u00e9 entre en vigueur?<\/strong><\/span><br \/><span style=\"font-size: 14pt\">Le contenu modifi\u00e9 ou modifi\u00e9 prend effet 1 jour apr\u00e8s sa notification ou sa publication. Si vous continuez \u00e0 utiliser l'un de nos services ou \u00e0 visiter nos sites Web pertinents apr\u00e8s l'ajustement ou la modification de la politique de confidentialit\u00e9, nous pensons que cela signifie que vous avez pleinement lu, compris et accept\u00e9 la politique de confidentialit\u00e9 r\u00e9vis\u00e9e et que vous \u00eates li\u00e9 par elle.<\/span><\/p>\t\t\t\t\t\t\t\t<\/div>\n\t\t\t\t<\/div>\n\t\t\t\t\t<\/div>\n\t\t<\/div>\n\t\t\t\t\t<\/div>\n\t\t<\/section>\n\t\t\t\t<\/div>","protected":false},"excerpt":{"rendered":"<p>1.Quelles informations collectons-nous ? R\u00e9cup\u00e9rer le client&#8217; nom, coordonn\u00e9es, contenu du travail, biens que vous souhaitez acheter dans un avenir proche, etc. 2.Comment utilisons-nous ces informations? Nous nous conformons strictement aux lois et r\u00e8glements et aux accords avec les utilisateurs, et utilisons les informations collect\u00e9es aux fins suivantes. Si nous utilisons vos informations pour plus de [&hellip;]<\/p>","protected":false},"author":167,"featured_media":0,"parent":0,"menu_order":11,"comment_status":"closed","ping_status":"closed","template":"elementor_header_footer","meta":{"footnotes":""},"class_list":["post-2320","page","type-page","status-publish","hentry"],"_links":{"self":[{"href":"https:\/\/www.mlkjlasers.com\/fr\/wp-json\/wp\/v2\/pages\/2320","targetHints":{"allow":["GET"]}}],"collection":[{"href":"https:\/\/www.mlkjlasers.com\/fr\/wp-json\/wp\/v2\/pages"}],"about":[{"href":"https:\/\/www.mlkjlasers.com\/fr\/wp-json\/wp\/v2\/types\/page"}],"author":[{"embeddable":true,"href":"https:\/\/www.mlkjlasers.com\/fr\/wp-json\/wp\/v2\/users\/167"}],"replies":[{"embeddable":true,"href":"https:\/\/www.mlkjlasers.com\/fr\/wp-json\/wp\/v2\/comments?post=2320"}],"version-history":[{"count":7,"href":"https:\/\/www.mlkjlasers.com\/fr\/wp-json\/wp\/v2\/pages\/2320\/revisions"}],"predecessor-version":[{"id":2328,"href":"https:\/\/www.mlkjlasers.com\/fr\/wp-json\/wp\/v2\/pages\/2320\/revisions\/2328"}],"wp:attachment":[{"href":"https:\/\/www.mlkjlasers.com\/fr\/wp-json\/wp\/v2\/media?parent=2320"}],"curies":[{"name":"wp","href":"https:\/\/api.w.org\/{rel}","templated":true}]}}