{"id":1835,"date":"2023-07-21T17:32:49","date_gmt":"2023-07-21T09:32:49","guid":{"rendered":"https:\/\/mlkjlasers.com\/?post_type=product&#038;p=1835"},"modified":"2026-01-29T16:14:36","modified_gmt":"2026-01-29T08:14:36","slug":"mlkj-medical-diode-laser-titanium-double-handle-hair-removal-machine-2-2-2","status":"publish","type":"product","link":"https:\/\/www.mlkjlasers.com\/fr\/product\/mlkj-medical-diode-laser-titanium-double-handle-hair-removal-machine-2-2-2\/","title":{"rendered":"Prix d'usine! Dispositif d'\u00e9pilation innovant 755nm 1064nm 808nm Machine d'\u00e9pilation laser de diode \u00e0 vendre"},"content":{"rendered":"<table style=\"border-collapse: collapse; width: 100%; height: 174px;\">\n<tbody>\n<tr style=\"height: 16px;\">\n<td style=\"width: 44.9553%; height: 16px;\"><span style=\"font-family: helvetica, arial, sans-serif; color: #000000; font-size: 12pt;\">Machine d'\u00e9pilation laser \u00e0 diode MLKJ\u00a0<\/span><\/td>\n<td style=\"width: 55.0447%; height: 16px;\"><span style=\"font-family: helvetica, arial, sans-serif; color: #000000; font-size: 12pt;\">Num\u00e9ro de mod\u00e8le:4K V26<\/span><\/td>\n<\/tr>\n<tr style=\"height: 24px;\">\n<td style=\"width: 44.9553%; height: 24px;\"><span style=\"font-family: helvetica, arial, sans-serif; color: #000000; font-size: 12pt;\">Longueur d'onde: 808nm ou 755 808 1064nm<\/span><\/td>\n<td style=\"width: 55.0447%; height: 24px;\"><span style=\"font-family: helvetica, arial, sans-serif; color: #000000; font-size: 12pt;\">Taille de l'\u00e9cran: \u00e9cran tactile de style 4K de 14 pouces<\/span><\/td>\n<\/tr>\n<tr style=\"height: 24px;\">\n<td style=\"width: 44.9553%; height: 24px;\"><span style=\"font-family: helvetica, arial, sans-serif; color: #000000; font-size: 12pt;\">Dur\u00e9e de vie : 40 millions de coups<\/span><\/td>\n<td style=\"width: 55.0447%; height: 24px;\"><span style=\"font-family: helvetica, arial, sans-serif; color: #000000; font-size: 12pt;\">Dur\u00e9e de l'impulsion: 10-300ms<\/span><\/td>\n<\/tr>\n<tr style=\"height: 24px;\">\n<td style=\"width: 44.9553%; height: 24px;\"><span style=\"font-family: helvetica, arial, sans-serif; color: #000000; font-size: 12pt;\">Bande laser: 100w pour chacun, barre laser coh\u00e9rente de l'Am\u00e9rique<\/span><\/td>\n<td style=\"width: 55.0447%; height: 24px;\"><span style=\"font-family: helvetica, arial, sans-serif; color: #000000; font-size: 12pt;\">Fr\u00e9quence: 1-10hz<\/span><\/td>\n<\/tr>\n<tr style=\"height: 24px;\">\n<td style=\"width: 44.9553%; height: 24px;\"><span style=\"font-family: helvetica, arial, sans-serif; color: #000000; font-size: 12pt;\">Taille du point: taille du point 12x20mm ou 12x35mm<\/span><\/td>\n<td style=\"width: 55.0447%; height: 24px;\"><span style=\"font-family: helvetica, arial, sans-serif; color: #000000; font-size: 12pt;\">\u00c9nergie: 1-150J<\/span><\/td>\n<\/tr>\n<tr style=\"height: 24px;\">\n<td style=\"width: 44.9553%; height: 24px;\"><span style=\"font-family: helvetica, arial, sans-serif; color: #000000; font-size: 12pt;\">Syst\u00e8me de refroidissement: TEC air d'eau<\/span><\/td>\n<td style=\"width: 55.0447%; height: 24px;\"><span style=\"font-family: helvetica, arial, sans-serif; color: #000000; font-size: 12pt;\">Puissance de la machine: 3500W<\/span><\/td>\n<\/tr>\n<tr style=\"height: 24px;\">\n<td style=\"width: 44.9553%; height: 24px;\"><span style=\"font-family: helvetica, arial, sans-serif; color: #000000; font-size: 12pt;\">Tension: AC110V 60HZ \/ AC220V 50HZ<\/span><\/td>\n<td style=\"width: 55.0447%; height: 24px;\"><span style=\"font-family: helvetica, arial, sans-serif; color: #000000; font-size: 12pt;\">Taille de la machine: 1000mm * 480mm * 5200mm<\/span><\/td>\n<\/tr>\n<tr style=\"height: 14px;\">\n<td style=\"width: 44.9553%; height: 14px;\"><span style=\"font-family: helvetica, arial, sans-serif; color: #000000; font-size: 12pt;\">Paquet: Bo\u00eete en aluminium<\/span><\/td>\n<td style=\"width: 55.0447%; height: 14px;\"><span style=\"font-family: helvetica, arial, sans-serif; color: #000000; font-size: 12pt;\">Garantie de service: 2 ans de garantie<\/span><\/td>\n<\/tr>\n<\/tbody>\n<\/table>\n<div><img fetchpriority=\"high\" decoding=\"async\" class=\"aligncenter wp-image-3868\" src=\"https:\/\/www.mlkjlasers.com\/wp-content\/uploads\/2026\/01\/V26-1200W-\u6d77\u62a5-4.jpg\" alt=\"\" width=\"1920\" height=\"1152\" srcset=\"https:\/\/www.mlkjlasers.com\/wp-content\/uploads\/2026\/01\/V26-1200W-\u6d77\u62a5-4.jpg 750w, https:\/\/www.mlkjlasers.com\/wp-content\/uploads\/2026\/01\/V26-1200W-\u6d77\u62a5-4-300x180.jpg 300w, https:\/\/www.mlkjlasers.com\/wp-content\/uploads\/2026\/01\/V26-1200W-\u6d77\u62a5-4-18x12.jpg 18w, https:\/\/www.mlkjlasers.com\/wp-content\/uploads\/2026\/01\/V26-1200W-\u6d77\u62a5-4-600x360.jpg 600w\" sizes=\"(max-width: 1920px) 100vw, 1920px\" \/><\/div>\n<div><\/div>\n<div><\/div>\n<div><span style=\"color: #000000; font-family: helvetica, arial, sans-serif; font-size: 12pt;\">Nous sommes fiers de vous pr\u00e9senter la poign\u00e9e laser diode de pointe, une solution in\u00e9gal\u00e9e pour l'\u00e9pilation indolore et permanente. Gr\u00e2ce \u00e0 une conception scientifique m\u00e9ticuleuse, notre faisceau laser \u00e0 haute \u00e9nergie p\u00e9n\u00e8tre facilement la peau, ciblant avec pr\u00e9cision le follicule pileux pendant le traitement. En exploitant le pouvoir d\u2019absorption de la m\u00e9lanine, la sortie laser efface efficacement le follicule pileux, garantissant des r\u00e9sultats durables qui vous laisseront \u00e9tonn\u00e9s.<\/span><\/div>\n<div><\/div>\n<div><img decoding=\"async\" class=\"aligncenter wp-image-3866\" src=\"https:\/\/www.mlkjlasers.com\/wp-content\/uploads\/2026\/01\/V26-1200W-\u6d77\u62a5-2.jpg\" alt=\"\" width=\"1920\" height=\"1280\" srcset=\"https:\/\/www.mlkjlasers.com\/wp-content\/uploads\/2026\/01\/V26-1200W-\u6d77\u62a5-2.jpg 750w, https:\/\/www.mlkjlasers.com\/wp-content\/uploads\/2026\/01\/V26-1200W-\u6d77\u62a5-2-300x200.jpg 300w, https:\/\/www.mlkjlasers.com\/wp-content\/uploads\/2026\/01\/V26-1200W-\u6d77\u62a5-2-18x12.jpg 18w, https:\/\/www.mlkjlasers.com\/wp-content\/uploads\/2026\/01\/V26-1200W-\u6d77\u62a5-2-600x400.jpg 600w\" sizes=\"(max-width: 1920px) 100vw, 1920px\" \/><\/div>\n<div><\/div>\n<p><span style=\"font-family: helvetica, arial, sans-serif;\">L'une des caract\u00e9ristiques cl\u00e9s qui distingue notre technologie est l'utilisation d'une largeur d'impulsion laser plus courte que le corps humain&#8217; Sentir le temps. Cela signifie que le traitement est rapide, et avec chaque coup de lumi\u00e8re \u00e9tant termin\u00e9 en un instant, vous&#8217; Vous remarquerez \u00e0 peine aucun inconfort. Oui, vous avez bien lu \u2013 l\u2019\u00e9pilation indolore est maintenant une r\u00e9alit\u00e9, r\u00e9volutionnant la fa\u00e7on dont nous abordons les traitements cosm\u00e9tiques et am\u00e9liorant le confort de nos clients.<\/span><\/p>\n<p><span style=\"font-family: helvetica, arial, sans-serif;\">La poign\u00e9e laser \u00e0 diode est con\u00e7ue en tenant compte de la polyvalence. Il peut \u00e9liminer efficacement les cheveux de diff\u00e9rentes couleurs, \u00e9paisseurs et nuances, ce qui en fait la solution parfaite pour un large \u00e9ventail de types de peau et de besoins d'\u00e9pilation. Avec l'innovation au c\u0153ur, notre t\u00eate laser unique dispose d'une surface plus grande, permettant une \u00e9pilation 40% plus rapide par rapport \u00e0 d'autres technologies sur le march\u00e9.<\/span><\/p>\n<p><span style=\"font-family: helvetica, arial, sans-serif;\"> <img decoding=\"async\" class=\"aligncenter wp-image-3870\" src=\"https:\/\/www.mlkjlasers.com\/wp-content\/uploads\/2026\/01\/V26-1200W-\u6d77\u62a5-6.jpg\" alt=\"\" width=\"1920\" height=\"1280\" srcset=\"https:\/\/www.mlkjlasers.com\/wp-content\/uploads\/2026\/01\/V26-1200W-\u6d77\u62a5-6.jpg 750w, https:\/\/www.mlkjlasers.com\/wp-content\/uploads\/2026\/01\/V26-1200W-\u6d77\u62a5-6-300x200.jpg 300w, https:\/\/www.mlkjlasers.com\/wp-content\/uploads\/2026\/01\/V26-1200W-\u6d77\u62a5-6-18x12.jpg 18w, https:\/\/www.mlkjlasers.com\/wp-content\/uploads\/2026\/01\/V26-1200W-\u6d77\u62a5-6-600x400.jpg 600w\" sizes=\"(max-width: 1920px) 100vw, 1920px\" \/><\/span><\/p>\n<p>&nbsp;<\/p>\n<p><span style=\"font-family: helvetica, arial, sans-serif;\">La taille du point est 12 * 20mm 12 * 35mm, parfait pour l'\u00e9pilation sur toutes les parties du corps, avec un plan de traitement de 3-5 sessions, rendant le processus essentiellement permanent<\/span><\/p>\n<p><span style=\"font-family: helvetica, arial, sans-serif; font-size: 14pt;\"><strong>Technologie de refroidissement<\/strong><\/span><br \/>\n<span style=\"font-family: helvetica, arial, sans-serif;\">Ces machines utilisent une technologie de refroidissement avanc\u00e9e et fonctionnent \u00e0 une basse temp\u00e9rature de -31\u00b0C, offrant aux patients un confort in\u00e9gal\u00e9 lors de l'\u00e9pilation. Une fois l'appareil allum\u00e9, il fournit un refroidissement instantan\u00e9, assurant une exp\u00e9rience sans douleur. En outre, le refroidissement continu tout au long du traitement minimise les risques potentiels pour la peau tout en conservant efficacement la chaleur. Les patients peuvent maintenant b\u00e9n\u00e9ficier d'une proc\u00e9dure compl\u00e8tement indolore, fra\u00eeche et confortable qui \u00e9tablit une nouvelle norme pour le traitement de l'\u00e9pilation.<\/span><\/p>\n<p><span style=\"font-family: helvetica, arial, sans-serif;\"><img loading=\"lazy\" decoding=\"async\" class=\"aligncenter wp-image-1823\" src=\"https:\/\/mlkjlasers.com\/wp-content\/uploads\/2023\/07\/\u767d\u8272V19_06.jpg\" alt=\"\" width=\"1920\" height=\"1024\" srcset=\"https:\/\/www.mlkjlasers.com\/wp-content\/uploads\/2023\/07\/\u767d\u8272V19_06.jpg 1200w, https:\/\/www.mlkjlasers.com\/wp-content\/uploads\/2023\/07\/\u767d\u8272V19_06-300x160.jpg 300w, https:\/\/www.mlkjlasers.com\/wp-content\/uploads\/2023\/07\/\u767d\u8272V19_06-1024x546.jpg 1024w, https:\/\/www.mlkjlasers.com\/wp-content\/uploads\/2023\/07\/\u767d\u8272V19_06-768x410.jpg 768w, https:\/\/www.mlkjlasers.com\/wp-content\/uploads\/2023\/07\/\u767d\u8272V19_06-600x320.jpg 600w\" sizes=\"(max-width: 1920px) 100vw, 1920px\" \/><\/span><\/p>\n<p><span style=\"font-family: helvetica, arial, sans-serif; font-size: 14pt;\"><strong>Options de traitement intensif<\/strong><\/span><\/p>\n<p><span style=\"font-family: helvetica, arial, sans-serif;\">En plus de fournir une solution compl\u00e8te d'\u00e9pilation pour toutes les parties du corps, ces machines innovantes peuvent \u00e9galement \u00eatre associ\u00e9es \u00e0 des t\u00eates de traitement des poils du nez. <\/span><\/p>\n<p><span style=\"font-family: helvetica, arial, sans-serif;\">Cette fonctionnalit\u00e9 permet aux praticiens de travailler avec m\u00eame les plus petites zones, telles que les doigts, les oreilles et les poils du nez, \u00e9tendant ainsi la port\u00e9e de leurs services.<\/span><\/p>\n<p><img loading=\"lazy\" decoding=\"async\" class=\"aligncenter wp-image-3867\" src=\"https:\/\/www.mlkjlasers.com\/wp-content\/uploads\/2026\/01\/V26-1200W-\u6d77\u62a5-3.jpg\" alt=\"\" width=\"1920\" height=\"1280\" srcset=\"https:\/\/www.mlkjlasers.com\/wp-content\/uploads\/2026\/01\/V26-1200W-\u6d77\u62a5-3.jpg 750w, https:\/\/www.mlkjlasers.com\/wp-content\/uploads\/2026\/01\/V26-1200W-\u6d77\u62a5-3-300x200.jpg 300w, https:\/\/www.mlkjlasers.com\/wp-content\/uploads\/2026\/01\/V26-1200W-\u6d77\u62a5-3-18x12.jpg 18w, https:\/\/www.mlkjlasers.com\/wp-content\/uploads\/2026\/01\/V26-1200W-\u6d77\u62a5-3-600x400.jpg 600w\" sizes=\"(max-width: 1920px) 100vw, 1920px\" \/><\/p>\n<p>&nbsp;<\/p>\n<h3 class=\"contents\" style=\"text-align: left;\"><span style=\"font-family: helvetica, arial, sans-serif; color: #000000; font-size: 14pt;\">Avant et apr\u00e8s<\/span><\/h3>\n<p><span style=\"font-family: helvetica, arial, sans-serif;\"><img loading=\"lazy\" decoding=\"async\" class=\"aligncenter wp-image-1853\" src=\"https:\/\/mlkjlasers.com\/wp-content\/uploads\/2023\/07\/\u8131\u6bdb-1.jpg\" alt=\"\" width=\"1920\" height=\"1271\" srcset=\"https:\/\/www.mlkjlasers.com\/wp-content\/uploads\/2023\/07\/\u8131\u6bdb-1.jpg 751w, https:\/\/www.mlkjlasers.com\/wp-content\/uploads\/2023\/07\/\u8131\u6bdb-1-300x199.jpg 300w, https:\/\/www.mlkjlasers.com\/wp-content\/uploads\/2023\/07\/\u8131\u6bdb-1-600x397.jpg 600w\" sizes=\"(max-width: 1920px) 100vw, 1920px\" \/><\/span><\/p>\n<p><span style=\"font-family: helvetica, arial, sans-serif; font-size: 14pt;\"><strong>En plus de ses caract\u00e9ristiques de pointe, notre poign\u00e9e laser \u00e0 diode dispose d'un \u00e9cran de 14 pouces qui offre une exp\u00e9rience tactile intelligente.<\/strong> <\/span><\/p>\n<p><span style=\"font-family: helvetica, arial, sans-serif;\">Il est hautement personnalisable, avec six styles de peau diff\u00e9rents au choix, r\u00e9pondant aux diff\u00e9rentes pr\u00e9f\u00e9rences de nos utilisateurs. <\/span><\/p>\n<p><span style=\"font-family: helvetica, arial, sans-serif;\">L'utilisation de l'appareil est facile, et nous fournissons des comp\u00e9tences op\u00e9rationnelles compl\u00e8tes et des services d'enseignement pour vous assurer de tirer le meilleur parti de cette technologie remarquable.<\/span><\/p>\n<p><img loading=\"lazy\" decoding=\"async\" class=\"aligncenter wp-image-3869\" src=\"https:\/\/www.mlkjlasers.com\/wp-content\/uploads\/2026\/01\/V26-1200W-\u6d77\u62a5-5.jpg\" alt=\"\" width=\"1920\" height=\"1152\" srcset=\"https:\/\/www.mlkjlasers.com\/wp-content\/uploads\/2026\/01\/V26-1200W-\u6d77\u62a5-5.jpg 750w, https:\/\/www.mlkjlasers.com\/wp-content\/uploads\/2026\/01\/V26-1200W-\u6d77\u62a5-5-300x180.jpg 300w, https:\/\/www.mlkjlasers.com\/wp-content\/uploads\/2026\/01\/V26-1200W-\u6d77\u62a5-5-18x12.jpg 18w, https:\/\/www.mlkjlasers.com\/wp-content\/uploads\/2026\/01\/V26-1200W-\u6d77\u62a5-5-600x360.jpg 600w\" sizes=\"(max-width: 1920px) 100vw, 1920px\" \/><\/p>\n<p>&nbsp;<\/p>\n<div class=\"des_detail\">\n<p><strong><span style=\"font-family: helvetica, arial, sans-serif;\">MLKJ est une entreprise de 18 ans qui int\u00e8gre la conception, le d\u00e9veloppement, la production et les ventes d'instruments de beaut\u00e9. <\/span><\/strong><\/p>\n<p><strong><span style=\"font-family: helvetica, arial, sans-serif;\">Nous avons des certifications professionnelles FDA et CE.<\/span><\/strong><\/p>\n<p><strong><span style=\"font-family: helvetica, arial, sans-serif;\">V\u00e9ritable usine, processus de production r\u00e9el, \u00e9valuation r\u00e9elle! <\/span><\/strong><\/p>\n<p><strong><span style=\"font-family: helvetica, arial, sans-serif;\">Bienvenue dans notre entreprise ou visite vid\u00e9o! <\/span><\/strong><\/p>\n<p><strong><span style=\"font-family: helvetica, arial, sans-serif;\">Ce n'est que lorsque vous choisissez un v\u00e9ritable partenaire que la qualit\u00e9 du produit peut \u00eatre garantie!<\/span><\/strong><\/p>\n<p><span style=\"font-size: 18pt; font-family: helvetica, arial, sans-serif; color: #0000ff;\"><a style=\"color: #0000ff;\" href=\"https:\/\/www.mlkjlasers.com\/fr\/contact-us\/\" target=\"_blank\" rel=\"noopener\">Contactez-nous maintenant !<\/a><\/span><\/p>\n<p>&nbsp;<\/p>\n<\/div>","protected":false},"excerpt":{"rendered":"<p><span style=\"font-family: helvetica, arial, sans-serif;\">3 ondes laser de diode 808nm 755nm 1064nm, tout le type de peau peut \u00eatre utilis\u00e9<\/span><\/p>\n<p><span style=\"font-family: helvetica, arial, sans-serif;\">Syst\u00e8me de refroidissement unique Dual-TEC, le plus efficace pour assurer le travail de la machine, 24h pas de temps d'arr\u00eat<\/span><\/p>\n<p><span style=\"font-family: helvetica, arial, sans-serif;\">barres laser dor\u00e9es d'Allemagne ou des \u00c9tats-Unis imporved<\/span><\/p>\n<p><span style=\"font-family: helvetica, arial, sans-serif;\">40 000 000 plus de dur\u00e9e de vie Traitement pour une \u00e9pilation rapide et indolore<\/span><\/p>\n<p><span style=\"font-family: helvetica, arial, sans-serif;\">\u00c9pilation permanente apr\u00e8s 3-5 traitements<\/span><\/p>","protected":false},"featured_media":3878,"comment_status":"open","ping_status":"closed","template":"","meta":[],"product_cat":[15],"product_tag":[],"class_list":["post-1835","product","type-product","status-publish","has-post-thumbnail","hentry","product_cat-diode-laser-hair-removal-machine"],"_links":{"self":[{"href":"https:\/\/www.mlkjlasers.com\/fr\/wp-json\/wp\/v2\/product\/1835","targetHints":{"allow":["GET"]}}],"collection":[{"href":"https:\/\/www.mlkjlasers.com\/fr\/wp-json\/wp\/v2\/product"}],"about":[{"href":"https:\/\/www.mlkjlasers.com\/fr\/wp-json\/wp\/v2\/types\/product"}],"replies":[{"embeddable":true,"href":"https:\/\/www.mlkjlasers.com\/fr\/wp-json\/wp\/v2\/comments?post=1835"}],"wp:featuredmedia":[{"embeddable":true,"href":"https:\/\/www.mlkjlasers.com\/fr\/wp-json\/wp\/v2\/media\/3878"}],"wp:attachment":[{"href":"https:\/\/www.mlkjlasers.com\/fr\/wp-json\/wp\/v2\/media?parent=1835"}],"wp:term":[{"taxonomy":"product_cat","embeddable":true,"href":"https:\/\/www.mlkjlasers.com\/fr\/wp-json\/wp\/v2\/product_cat?post=1835"},{"taxonomy":"product_tag","embeddable":true,"href":"https:\/\/www.mlkjlasers.com\/fr\/wp-json\/wp\/v2\/product_tag?post=1835"}],"curies":[{"name":"wp","href":"https:\/\/api.w.org\/{rel}","templated":true}]}}